{"id":16248,"date":"2025-04-17T07:14:55","date_gmt":"2025-04-17T07:14:55","guid":{"rendered":"https:\/\/www.elementvape.de\/?post_type=product&#038;p=16248"},"modified":"2025-04-17T09:36:00","modified_gmt":"2025-04-17T09:36:00","slug":"bang-50000-zuege-strawberry-watermelon-kiwi-passion-fruit-guava-fruchtiger-genuss","status":"publish","type":"product","link":"https:\/\/www.elementvape.de\/es\/produkt\/bang-50000-zuege-strawberry-watermelon-kiwi-passion-fruit-guava-fruchtiger-genuss\/","title":{"rendered":"Bang 50000 caladas Strawberry Watermelon Kiwi Passion Fruit Guava, disfrute frutal"},"content":{"rendered":"<h2 data-start=\"0\" data-end=\"100\">\u00a1Bang 50000 Z\u00fcge Fresa, Sand\u00eda y Kiwi, Fruta de Pasi\u00f3n y Guayaba \u2013 La experiencia frutal definitiva!<\/h2>\n<p class=\"\" data-start=\"102\" data-end=\"634\">El Bang 50000 Z\u00fcge es el compa\u00f1ero perfecto para los vaporizadores que buscan una experiencia de sabor intensa y variada. Con la combinaci\u00f3n \u00fanica de fresa, sand\u00eda, kiwi, fruta de pasi\u00f3n y guayaba, este vape desechable ofrece un disfrute frutal que seduce todos tus sentidos. El Bang 50000 es un dispositivo potente con una capacidad impresionante de 50.000 caladas, ideal para quienes desean un sabor duradero que no se desvanece r\u00e1pidamente.<\/p>\n<h3 class=\"\" data-start=\"636\" data-end=\"678\">Dos sabores refrescantes<\/h3>\n<p class=\"\" data-start=\"680\" data-end=\"1305\">La combinaci\u00f3n de fresa, sand\u00eda, kiwi, fruta de pasi\u00f3n y guayaba es una verdadera explosi\u00f3n de sabor. La fresa y la sand\u00eda aportan dulzura, jugosidad y frescura, creando un inicio perfecto y frutal en cada calada. Por otro lado, kiwi, fruta de pasi\u00f3n y guayaba ofrecen una mezcla ex\u00f3tica y tropical que combina el sabor de kiwis maduros, fruta de pasi\u00f3n y guayaba dulce. Juntos, estos dos sabores brindan la experiencia de vapeo definitiva: dulce, refrescante y llena de aromas tropicales.<\/p>\n<h3 class=\"\" data-start=\"1307\" data-end=\"1357\">Especificaciones t\u00e9cnicas del Bang 50000 Z\u00fcge<\/h3>\n<p class=\"\" data-start=\"1359\" data-end=\"1666\">El Bang 50000 Z\u00fcge impresiona no solo por su excelente sabor, sino tambi\u00e9n por sus impresionantes especificaciones t\u00e9cnicas. Este dispositivo ofrece una alta capacidad, perfecta para vaporizadores que desean disfrutar durante mucho tiempo. Aqu\u00ed est\u00e1n las caracter\u00edsticas principales del Bang 50000 Z\u00fcge:<\/p>\n<div class=\"group pointer-events-none relative flex justify-center *:pointer-events-auto\">\n<p>&nbsp;<\/p>\n<div class=\"tableContainer horzScrollShadows relative\">\n<table class=\"min-w-full\" data-start=\"1668\" data-end=\"2547\">\n<thead data-start=\"1668\" data-end=\"1745\">\n<tr data-start=\"1668\" data-end=\"1745\">\n<th data-start=\"1668\" data-end=\"1698\">Caracter\u00edstica<\/th>\n<th data-start=\"1698\" data-end=\"1745\">Detalles<\/th>\n<\/tr>\n<\/thead>\n<tbody data-start=\"1824\" data-end=\"2547\">\n<tr data-start=\"1824\" data-end=\"1900\">\n<td class=\"max-w-[calc(var(--thread-content-max-width)*2\/3)]\" data-start=\"1824\" data-end=\"1854\">Modelo<\/td>\n<td class=\"max-w-[calc(var(--thread-content-max-width)*2\/3)]\" data-start=\"1854\" data-end=\"1900\">Bang 50000 Caladas<\/td>\n<\/tr>\n<tr data-start=\"1901\" data-end=\"1977\">\n<td class=\"max-w-[calc(var(--thread-content-max-width)*2\/3)]\" data-start=\"1901\" data-end=\"1931\">Contenido<\/td>\n<td class=\"max-w-[calc(var(--thread-content-max-width)*2\/3)]\" data-start=\"1931\" data-end=\"1977\">50 ml de e-l\u00edquido<\/td>\n<\/tr>\n<tr data-start=\"1978\" data-end=\"2054\">\n<td class=\"max-w-[calc(var(--thread-content-max-width)*2\/3)]\" data-start=\"1978\" data-end=\"2008\">Caladas<\/td>\n<td class=\"max-w-[calc(var(--thread-content-max-width)*2\/3)]\" data-start=\"2008\" data-end=\"2054\">Hasta 50.000 zigs<\/td>\n<\/tr>\n<tr data-start=\"2055\" data-end=\"2131\">\n<td class=\"max-w-[calc(var(--thread-content-max-width)*2\/3)]\" data-start=\"2055\" data-end=\"2085\">Bater\u00eda<\/td>\n<td class=\"max-w-[calc(var(--thread-content-max-width)*2\/3)]\" data-start=\"2085\" data-end=\"2131\">850 mAh<\/td>\n<\/tr>\n<tr data-start=\"2132\" data-end=\"2208\">\n<td class=\"max-w-[calc(var(--thread-content-max-width)*2\/3)]\" data-start=\"2132\" data-end=\"2162\">Resistencia<\/td>\n<td class=\"max-w-[calc(var(--thread-content-max-width)*2\/3)]\" data-start=\"2162\" data-end=\"2208\">Resistencia de malla<\/td>\n<\/tr>\n<tr data-start=\"2209\" data-end=\"2285\">\n<td class=\"max-w-[calc(var(--thread-content-max-width)*2\/3)]\" data-start=\"2209\" data-end=\"2239\">Conector de carga<\/td>\n<td class=\"max-w-[calc(var(--thread-content-max-width)*2\/3)]\" data-start=\"2239\" data-end=\"2285\">Tipo-C (carga r\u00e1pida)<\/td>\n<\/tr>\n<tr data-start=\"2286\" data-end=\"2362\">\n<td class=\"max-w-[calc(var(--thread-content-max-width)*2\/3)]\" data-start=\"2286\" data-end=\"2316\">Niveles de nicotina<\/td>\n<td class=\"max-w-[calc(var(--thread-content-max-width)*2\/3)]\" data-start=\"2316\" data-end=\"2362\">0%, 2%, 3%, 5%<\/td>\n<\/tr>\n<tr data-start=\"2363\" data-end=\"2466\">\n<td class=\"max-w-[calc(var(--thread-content-max-width)*2\/3)]\" data-start=\"2363\" data-end=\"2393\">Ingredientes<\/td>\n<td class=\"max-w-[calc(var(--thread-content-max-width)*2\/3)] min-w-[calc(var(--thread-content-max-width)\/3)]\" data-start=\"2393\" data-end=\"2466\">Glicerina vegetal, propilenglicol, aromas naturales y artificiales<\/td>\n<\/tr>\n<tr data-start=\"2467\" data-end=\"2547\">\n<td class=\"max-w-[calc(var(--thread-content-max-width)*2\/3)]\" data-start=\"2467\" data-end=\"2497\">Embalaje<\/td>\n<td class=\"max-w-[calc(var(--thread-content-max-width)*2\/3)] min-w-[calc(var(--thread-content-max-width)\/3)]\" data-start=\"2497\" data-end=\"2547\">10 unidades por caja de exhibici\u00f3n, 200 unidades por caja<\/td>\n<\/tr>\n<\/tbody>\n<\/table>\n<\/div>\n<\/div>\n<h3 class=\"\" data-start=\"2549\" data-end=\"2593\">Durabilidad y facilidad de uso<\/h3>\n<p class=\"\" data-start=\"2595\" data-end=\"3179\">Una de las caracter\u00edsticas destacadas del Bang 50000 Z\u00fcge es su durabilidad excepcional. Con una capacidad de hasta 50.000 caladas, este dispositivo proporciona una soluci\u00f3n a largo plazo para los vaporizadores que no quieren rellenar constantemente o cambiar de dispositivo. La bater\u00eda de 850 mAh garantiza un rendimiento estable durante toda la vida \u00fatil del dispositivo y asegura que puedas disfrutar del sabor completo hasta la \u00faltima calada. Adem\u00e1s, el puerto de carga Tipo-C permite una carga r\u00e1pida y sencilla, para que puedas estar listo en cualquier momento.<\/p>\n<h3 class=\"\" data-start=\"3181\" data-end=\"3211\">Niveles de nicotina vers\u00e1tiles<\/h3>\n<p class=\"\" data-start=\"3213\" data-end=\"3710\">El Bang 50000 Z\u00fcge ofrece una variedad de niveles de nicotina que se pueden adaptar a las necesidades y preferencias de cada vaporizador.<\/p>\n<p class=\"\" data-start=\"3213\" data-end=\"3710\">Puedes elegir entre 0%, 2%, 3% y 5% de nicotina. Esta versatilidad asegura que tanto principiantes como expertos en vapeo puedan encontrar su nivel de nicotina ideal. La elecci\u00f3n del nivel correcto contribuye a una mejor experiencia de vapeo, ya que permite un equilibrio adecuado entre sabor y cantidad de nicotina.<\/p>\n<h3 class=\"\" data-start=\"3712\" data-end=\"3752\">Aromas ex\u00f3ticos para todos los gustos<\/h3>\n<p class=\"\" data-start=\"3754\" data-end=\"4221\">La combinaci\u00f3n de fresa, sand\u00eda, kiwi, fruta de pasi\u00f3n y guayaba es una opci\u00f3n perfecta para vaporizadores que buscan algo ex\u00f3tico. La fresa y la sand\u00eda aportan dulzura y jugosidad, mientras que kiwi, fruta de pasi\u00f3n y guayaba ofrecen una mezcla tropical y refrescante. Estos dos aromas juntos proporcionan un sabor fresco y frutal que se puede disfrutar durante todo el d\u00eda.<\/p>\n<h3 class=\"\" data-start=\"4223\" data-end=\"4259\">F\u00e1cil y c\u00f3modo para llevar<\/h3>\n<p class=\"\" data-start=\"4261\" data-end=\"4736\">El Bang 50000 Z\u00fcge no solo es potente y sabroso, sino tambi\u00e9n incre\u00edblemente f\u00e1cil de usar. Como vape desechable, no requiere mantenimiento ni configuraciones complicadas. Solo hay que inhalar y disfrutar. Su tama\u00f1o compacto lo hace ideal para el uso diario y perfecto para llevar contigo. Puedes guardarlo f\u00e1cilmente en tu bolso o mochila y acceder en cualquier momento a su sabor frutal.<\/p>\n<p class=\"\" data-start=\"4749\" data-end=\"5234\">El Bang 50000 Z\u00fcge con fresa, sand\u00eda, kiwi, fruta de pasi\u00f3n y guayaba es una excelente opci\u00f3n para todos los vaporizadores que buscan una experiencia de sabor intensa y duradera. Con su alta capacidad de caladas, variedad de niveles de nicotina y aromas ex\u00f3ticos, este vape desechable es perfecto para el disfrute diario. Ya seas un vaporizador experimentado o un principiante, el Bang 50000 te sorprender\u00e1 con su sabor y rendimiento.<\/p>","protected":false},"excerpt":{"rendered":"<p>Bang 50000 Z\u00fcge Strawberry Watermelon und Kiwi Passion Fruit Guava \u2013 Das ultimative Fruchterlebnis Der Bang 50000 Z\u00fcge ist der perfekte Begleiter f\u00fcr Dampfer, die auf der Suche nach einem intensiven und abwechslungsreichen Geschmackserlebnis sind. Mit der einzigartigen Kombination aus Strawberry Watermelon und Kiwi Passion Fruit Guava bietet dieses Disposable Vape einen fruchtigen Genuss, der [&hellip;]<\/p>","protected":false},"featured_media":16216,"template":"","meta":{"inline_featured_image":false},"product_cat":[776],"product_tag":[778],"tiered_pricing_type":"fixed","tiered_pricing_fixed_rules":[],"tiered_pricing_percentage_rules":[],"tiered_pricing_minimum":1,"_administrator_tiered_pricing_type":"fixed","_administrator_tiered_pricing_fixed_rules":[],"_editor_tiered_pricing_type":"fixed","_editor_tiered_pricing_fixed_rules":[],"_author_tiered_pricing_type":"fixed","_author_tiered_pricing_fixed_rules":[],"_contributor_tiered_pricing_type":"fixed","_contributor_tiered_pricing_fixed_rules":[],"_subscriber_tiered_pricing_type":"fixed","_subscriber_tiered_pricing_fixed_rules":[],"_customer_tiered_pricing_type":"fixed","_customer_tiered_pricing_fixed_rules":[],"_shop_manager_tiered_pricing_type":"fixed","_shop_manager_tiered_pricing_fixed_rules":[],"_wpseo_manager_tiered_pricing_type":"fixed","_wpseo_manager_tiered_pricing_fixed_rules":[],"_wpseo_editor_tiered_pricing_type":"fixed","_wpseo_editor_tiered_pricing_fixed_rules":[],"_wholesale_customer_tiered_pricing_type":"fixed","_wholesale_customer_tiered_pricing_fixed_rules":[],"_marketer_tiered_pricing_type":"fixed","_marketer_tiered_pricing_fixed_rules":[],"_sales_manager_tiered_pricing_type":"fixed","_sales_manager_tiered_pricing_fixed_rules":[],"_sales_rep_tiered_pricing_type":"fixed","_sales_rep_tiered_pricing_fixed_rules":[],"yoast_head":"<!-- This site is optimized with the Yoast SEO plugin v23.3 - https:\/\/yoast.com\/wordpress\/plugins\/seo\/ -->\n<title>Bang 50000 Z\u00fcge Strawberry Watermelon Kiwi Passion Fruit Guava Fruchtiger Genuss | ElementVape.de<\/title>\n<meta name=\"description\" content=\"Bang 50000 Z\u00fcge mit Strawberry Watermelon und Kiwi Passion Fruit Guava Geschmack bietet 50ml E-Liquid und 50.000 Z\u00fcge f\u00fcr langanhaltenden Genuss\" \/>\n<meta name=\"robots\" content=\"index, follow, max-snippet:-1, max-image-preview:large, max-video-preview:-1\" \/>\n<link rel=\"canonical\" href=\"https:\/\/www.elementvape.de\/es\/produkt\/bang-50000-zuege-strawberry-watermelon-kiwi-passion-fruit-guava-fruchtiger-genuss\/\" \/>\n<meta property=\"og:locale\" content=\"es_ES\" \/>\n<meta property=\"og:type\" content=\"article\" \/>\n<meta property=\"og:title\" content=\"Bang 50000 Z\u00fcge Strawberry Watermelon Kiwi Passion Fruit Guava Fruchtiger Genuss | ElementVape.de\" \/>\n<meta property=\"og:description\" content=\"Bang 50000 Z\u00fcge mit Strawberry Watermelon und Kiwi Passion Fruit Guava Geschmack bietet 50ml E-Liquid und 50.000 Z\u00fcge f\u00fcr langanhaltenden Genuss\" \/>\n<meta property=\"og:url\" content=\"https:\/\/www.elementvape.de\/es\/produkt\/bang-50000-zuege-strawberry-watermelon-kiwi-passion-fruit-guava-fruchtiger-genuss\/\" \/>\n<meta property=\"og:site_name\" content=\"ElementVape.de\" \/>\n<meta property=\"article:modified_time\" content=\"2025-04-17T09:36:00+00:00\" \/>\n<meta property=\"og:image\" content=\"https:\/\/www.elementvape.de\/wp-content\/uploads\/2025\/04\/Bang-King-50000-Puffs-StrawberryWatermelon-KiwiPassionFruitGuava-800x800-1.jpg\" \/>\n\t<meta property=\"og:image:width\" content=\"800\" \/>\n\t<meta property=\"og:image:height\" content=\"770\" \/>\n\t<meta property=\"og:image:type\" content=\"image\/jpeg\" \/>\n<meta name=\"twitter:card\" content=\"summary_large_image\" \/>\n<meta name=\"twitter:label1\" content=\"Est. reading time\" \/>\n\t<meta name=\"twitter:data1\" content=\"4 minutos\" \/>\n<script type=\"application\/ld+json\" class=\"yoast-schema-graph\">{\"@context\":\"https:\/\/schema.org\",\"@graph\":[{\"@type\":\"WebPage\",\"@id\":\"https:\/\/www.elementvape.de\/en\/produkt\/bang-50000-zuege-strawberry-watermelon-kiwi-passion-fruit-guava-fruchtiger-genuss\/\",\"url\":\"https:\/\/www.elementvape.de\/en\/produkt\/bang-50000-zuege-strawberry-watermelon-kiwi-passion-fruit-guava-fruchtiger-genuss\/\",\"name\":\"Bang 50000 Z\u00fcge Strawberry Watermelon Kiwi Passion Fruit Guava Fruchtiger Genuss | ElementVape.de\",\"isPartOf\":{\"@id\":\"https:\/\/www.elementvape.de\/#website\"},\"primaryImageOfPage\":{\"@id\":\"https:\/\/www.elementvape.de\/en\/produkt\/bang-50000-zuege-strawberry-watermelon-kiwi-passion-fruit-guava-fruchtiger-genuss\/#primaryimage\"},\"image\":{\"@id\":\"https:\/\/www.elementvape.de\/en\/produkt\/bang-50000-zuege-strawberry-watermelon-kiwi-passion-fruit-guava-fruchtiger-genuss\/#primaryimage\"},\"thumbnailUrl\":\"https:\/\/www.elementvape.de\/wp-content\/uploads\/2025\/04\/Bang-King-50000-Puffs-StrawberryWatermelon-KiwiPassionFruitGuava-800x800-1.jpg\",\"datePublished\":\"2025-04-17T07:14:55+00:00\",\"dateModified\":\"2025-04-17T09:36:00+00:00\",\"description\":\"Bang 50000 Z\u00fcge mit Strawberry Watermelon und Kiwi Passion Fruit Guava Geschmack bietet 50ml E-Liquid und 50.000 Z\u00fcge f\u00fcr langanhaltenden Genuss\",\"breadcrumb\":{\"@id\":\"https:\/\/www.elementvape.de\/en\/produkt\/bang-50000-zuege-strawberry-watermelon-kiwi-passion-fruit-guava-fruchtiger-genuss\/#breadcrumb\"},\"inLanguage\":\"es\",\"potentialAction\":[{\"@type\":\"ReadAction\",\"target\":[\"https:\/\/www.elementvape.de\/en\/produkt\/bang-50000-zuege-strawberry-watermelon-kiwi-passion-fruit-guava-fruchtiger-genuss\/\"]}]},{\"@type\":\"ImageObject\",\"inLanguage\":\"es\",\"@id\":\"https:\/\/www.elementvape.de\/en\/produkt\/bang-50000-zuege-strawberry-watermelon-kiwi-passion-fruit-guava-fruchtiger-genuss\/#primaryimage\",\"url\":\"https:\/\/www.elementvape.de\/wp-content\/uploads\/2025\/04\/Bang-King-50000-Puffs-StrawberryWatermelon-KiwiPassionFruitGuava-800x800-1.jpg\",\"contentUrl\":\"https:\/\/www.elementvape.de\/wp-content\/uploads\/2025\/04\/Bang-King-50000-Puffs-StrawberryWatermelon-KiwiPassionFruitGuava-800x800-1.jpg\",\"width\":800,\"height\":770},{\"@type\":\"BreadcrumbList\",\"@id\":\"https:\/\/www.elementvape.de\/en\/produkt\/bang-50000-zuege-strawberry-watermelon-kiwi-passion-fruit-guava-fruchtiger-genuss\/#breadcrumb\",\"itemListElement\":[{\"@type\":\"ListItem\",\"position\":1,\"name\":\"Home\",\"item\":\"https:\/\/www.elementvape.de\/\"},{\"@type\":\"ListItem\",\"position\":2,\"name\":\"Shop\",\"item\":\"https:\/\/www.elementvape.de\/shop\/\"},{\"@type\":\"ListItem\",\"position\":3,\"name\":\"Bang 50000 Z\u00fcge Strawberry Watermelon Kiwi Passion Fruit Guava Fruchtiger Genuss\"}]},{\"@type\":\"WebSite\",\"@id\":\"https:\/\/www.elementvape.de\/#website\",\"url\":\"https:\/\/www.elementvape.de\/\",\"name\":\"ElementVape.de\",\"description\":\"\",\"publisher\":{\"@id\":\"https:\/\/www.elementvape.de\/#organization\"},\"potentialAction\":[{\"@type\":\"SearchAction\",\"target\":{\"@type\":\"EntryPoint\",\"urlTemplate\":\"https:\/\/www.elementvape.de\/?s={search_term_string}\"},\"query-input\":\"required name=search_term_string\"}],\"inLanguage\":\"es\"},{\"@type\":\"Organization\",\"@id\":\"https:\/\/www.elementvape.de\/#organization\",\"name\":\"ElementVape.DE\",\"url\":\"https:\/\/www.elementvape.de\/\",\"logo\":{\"@type\":\"ImageObject\",\"inLanguage\":\"es\",\"@id\":\"https:\/\/www.elementvape.de\/#\/schema\/logo\/image\/\",\"url\":\"https:\/\/www.elementvape.de\/wp-content\/uploads\/2024\/09\/cropped-1elementvape-3.png\",\"contentUrl\":\"https:\/\/www.elementvape.de\/wp-content\/uploads\/2024\/09\/cropped-1elementvape-3.png\",\"width\":285,\"height\":228,\"caption\":\"ElementVape.DE\"},\"image\":{\"@id\":\"https:\/\/www.elementvape.de\/#\/schema\/logo\/image\/\"}}]}<\/script>\n<!-- \/ Yoast SEO plugin. -->","yoast_head_json":{"title":"Bang 50000 Z\u00fcge Strawberry Watermelon Kiwi Passion Fruit Guava Fruchtiger Genuss | ElementVape.de","description":"Bang 50000 Z\u00fcge mit Strawberry Watermelon und Kiwi Passion Fruit Guava Geschmack bietet 50ml E-Liquid und 50.000 Z\u00fcge f\u00fcr langanhaltenden Genuss","robots":{"index":"index","follow":"follow","max-snippet":"max-snippet:-1","max-image-preview":"max-image-preview:large","max-video-preview":"max-video-preview:-1"},"canonical":"https:\/\/www.elementvape.de\/es\/produkt\/bang-50000-zuege-strawberry-watermelon-kiwi-passion-fruit-guava-fruchtiger-genuss\/","og_locale":"es_ES","og_type":"article","og_title":"Bang 50000 Z\u00fcge Strawberry Watermelon Kiwi Passion Fruit Guava Fruchtiger Genuss | ElementVape.de","og_description":"Bang 50000 Z\u00fcge mit Strawberry Watermelon und Kiwi Passion Fruit Guava Geschmack bietet 50ml E-Liquid und 50.000 Z\u00fcge f\u00fcr langanhaltenden Genuss","og_url":"https:\/\/www.elementvape.de\/es\/produkt\/bang-50000-zuege-strawberry-watermelon-kiwi-passion-fruit-guava-fruchtiger-genuss\/","og_site_name":"ElementVape.de","article_modified_time":"2025-04-17T09:36:00+00:00","og_image":[{"width":800,"height":770,"url":"https:\/\/www.elementvape.de\/wp-content\/uploads\/2025\/04\/Bang-King-50000-Puffs-StrawberryWatermelon-KiwiPassionFruitGuava-800x800-1.jpg","type":"image\/jpeg"}],"twitter_card":"summary_large_image","twitter_misc":{"Est. reading time":"4 minutos"},"schema":{"@context":"https:\/\/schema.org","@graph":[{"@type":"WebPage","@id":"https:\/\/www.elementvape.de\/en\/produkt\/bang-50000-zuege-strawberry-watermelon-kiwi-passion-fruit-guava-fruchtiger-genuss\/","url":"https:\/\/www.elementvape.de\/en\/produkt\/bang-50000-zuege-strawberry-watermelon-kiwi-passion-fruit-guava-fruchtiger-genuss\/","name":"Bang 50000 Z\u00fcge Strawberry Watermelon Kiwi Passion Fruit Guava Fruchtiger Genuss | ElementVape.de","isPartOf":{"@id":"https:\/\/www.elementvape.de\/#website"},"primaryImageOfPage":{"@id":"https:\/\/www.elementvape.de\/en\/produkt\/bang-50000-zuege-strawberry-watermelon-kiwi-passion-fruit-guava-fruchtiger-genuss\/#primaryimage"},"image":{"@id":"https:\/\/www.elementvape.de\/en\/produkt\/bang-50000-zuege-strawberry-watermelon-kiwi-passion-fruit-guava-fruchtiger-genuss\/#primaryimage"},"thumbnailUrl":"https:\/\/www.elementvape.de\/wp-content\/uploads\/2025\/04\/Bang-King-50000-Puffs-StrawberryWatermelon-KiwiPassionFruitGuava-800x800-1.jpg","datePublished":"2025-04-17T07:14:55+00:00","dateModified":"2025-04-17T09:36:00+00:00","description":"Bang 50000 Z\u00fcge mit Strawberry Watermelon und Kiwi Passion Fruit Guava Geschmack bietet 50ml E-Liquid und 50.000 Z\u00fcge f\u00fcr langanhaltenden Genuss","breadcrumb":{"@id":"https:\/\/www.elementvape.de\/en\/produkt\/bang-50000-zuege-strawberry-watermelon-kiwi-passion-fruit-guava-fruchtiger-genuss\/#breadcrumb"},"inLanguage":"es","potentialAction":[{"@type":"ReadAction","target":["https:\/\/www.elementvape.de\/en\/produkt\/bang-50000-zuege-strawberry-watermelon-kiwi-passion-fruit-guava-fruchtiger-genuss\/"]}]},{"@type":"ImageObject","inLanguage":"es","@id":"https:\/\/www.elementvape.de\/en\/produkt\/bang-50000-zuege-strawberry-watermelon-kiwi-passion-fruit-guava-fruchtiger-genuss\/#primaryimage","url":"https:\/\/www.elementvape.de\/wp-content\/uploads\/2025\/04\/Bang-King-50000-Puffs-StrawberryWatermelon-KiwiPassionFruitGuava-800x800-1.jpg","contentUrl":"https:\/\/www.elementvape.de\/wp-content\/uploads\/2025\/04\/Bang-King-50000-Puffs-StrawberryWatermelon-KiwiPassionFruitGuava-800x800-1.jpg","width":800,"height":770},{"@type":"BreadcrumbList","@id":"https:\/\/www.elementvape.de\/en\/produkt\/bang-50000-zuege-strawberry-watermelon-kiwi-passion-fruit-guava-fruchtiger-genuss\/#breadcrumb","itemListElement":[{"@type":"ListItem","position":1,"name":"Home","item":"https:\/\/www.elementvape.de\/"},{"@type":"ListItem","position":2,"name":"Shop","item":"https:\/\/www.elementvape.de\/shop\/"},{"@type":"ListItem","position":3,"name":"Bang 50000 Z\u00fcge Strawberry Watermelon Kiwi Passion Fruit Guava Fruchtiger Genuss"}]},{"@type":"WebSite","@id":"https:\/\/www.elementvape.de\/#website","url":"https:\/\/www.elementvape.de\/","name":"ElementVape.de","description":"","publisher":{"@id":"https:\/\/www.elementvape.de\/#organization"},"potentialAction":[{"@type":"SearchAction","target":{"@type":"EntryPoint","urlTemplate":"https:\/\/www.elementvape.de\/?s={search_term_string}"},"query-input":"required name=search_term_string"}],"inLanguage":"es"},{"@type":"Organization","@id":"https:\/\/www.elementvape.de\/#organization","name":"ElementVape.DE","url":"https:\/\/www.elementvape.de\/","logo":{"@type":"ImageObject","inLanguage":"es","@id":"https:\/\/www.elementvape.de\/#\/schema\/logo\/image\/","url":"https:\/\/www.elementvape.de\/wp-content\/uploads\/2024\/09\/cropped-1elementvape-3.png","contentUrl":"https:\/\/www.elementvape.de\/wp-content\/uploads\/2024\/09\/cropped-1elementvape-3.png","width":285,"height":228,"caption":"ElementVape.DE"},"image":{"@id":"https:\/\/www.elementvape.de\/#\/schema\/logo\/image\/"}}]}},"_links":{"self":[{"href":"https:\/\/www.elementvape.de\/es\/wp-json\/wp\/v2\/product\/16248"}],"collection":[{"href":"https:\/\/www.elementvape.de\/es\/wp-json\/wp\/v2\/product"}],"about":[{"href":"https:\/\/www.elementvape.de\/es\/wp-json\/wp\/v2\/types\/product"}],"wp:featuredmedia":[{"embeddable":true,"href":"https:\/\/www.elementvape.de\/es\/wp-json\/wp\/v2\/media\/16216"}],"wp:attachment":[{"href":"https:\/\/www.elementvape.de\/es\/wp-json\/wp\/v2\/media?parent=16248"}],"wp:term":[{"taxonomy":"product_cat","embeddable":true,"href":"https:\/\/www.elementvape.de\/es\/wp-json\/wp\/v2\/product_cat?post=16248"},{"taxonomy":"product_tag","embeddable":true,"href":"https:\/\/www.elementvape.de\/es\/wp-json\/wp\/v2\/product_tag?post=16248"}],"curies":[{"name":"wp","href":"https:\/\/api.w.org\/{rel}","templated":true}]}}