{"id":15692,"date":"2025-02-14T08:18:05","date_gmt":"2025-02-14T08:18:05","guid":{"rendered":"https:\/\/www.elementvape.de\/?post_type=product&#038;p=15692"},"modified":"2025-07-29T01:01:47","modified_gmt":"2025-07-29T01:01:47","slug":"bang-king-digital-15000-puffs-geniessen-sie-das-ultimative-nebelungserlebnis","status":"publish","type":"product","link":"https:\/\/www.elementvape.de\/es\/produkt\/bang-king-digital-15000-puffs-geniessen-sie-das-ultimative-nebelungserlebnis\/","title":{"rendered":"Bang 15000 PUFFS Digital Disfruta de la experiencia definitiva de niebla"},"content":{"rendered":"<div data-zone-id=\"0\" data-line-index=\"0\" data-line=\"true\">\n<h2>BANG KING Digital 15000 PUFFS Confort, sabor y salud en un solo dispositivo<\/h2>\n<p class=\"heading-h1\"><span style=\"font-size: 16px;\">Antes de embarcarse en esta maravillosa experiencia de niebla, queremos presentarle en detalle nuestro eficiente y cort\u00e9s servicio de log\u00edstica. Realizamos entregas directamente desde Bremen, Alemania, lo que significa que entendemos mejor las necesidades locales en Alemania. Cajas llenas de expectantes BANG KING Digital 15000 PUFFS son enviadas por DHL, reconocida mundialmente, a pa\u00edses de la Uni\u00f3n Europea. Actualmente, la concentraci\u00f3n de nicotina de los productos entregados es de 2%, exactamente adaptada a su demanda de una experiencia moderada de nicotina. Sin embargo, debido a la geograf\u00eda especial y las condiciones log\u00edsticas de las ciudades insulares, actualmente no podemos realizar entregas en estos lugares. Le pedimos su comprensi\u00f3n.<\/span><\/p>\n<\/div>\n<div data-zone-id=\"0\" data-line-index=\"2\" data-line=\"true\">\n<h3 class=\"heading-h2\">I. Experiencia de sabor \u00fanica<\/h3>\n<\/div>\n<div data-zone-id=\"0\" data-line-index=\"3\" data-line=\"true\">Sabemos que los hombres alemanes tienen un gusto \u00fanico y valoran lo cl\u00e1sico y especiado, adem\u00e1s de disfrutar probando nuevos sabores. Por eso, BANG KING Digital 15000 PUFFS ha preparado una serie de sabores tentadores para satisfacer sus diversos gustos.<\/div>\n<ul>\n<li class=\"temp-li bullet1\" data-line=\"true\" data-list=\"bullet1\"><b>Fresa-Kiwi<\/b>: Toma una inhalaci\u00f3n y, al principio, se despliega la dulzura de fresas reci\u00e9n cosechadas en tu lengua. El intenso aroma frutal casi te transporta a una granja alemana con fresas, y cada inhalaci\u00f3n est\u00e1 llena de dulzura natural. Luego sigue la frescura agridulce de los kiwis, que aporta una vivaz frescura a toda la combinaci\u00f3n de sabores. Es como disfrutar de una ensalada de frutas fresca en un d\u00eda caluroso de verano, con una rica mezcla de dulzura y acidez. Combinado con una concentraci\u00f3n de nicotina de 2%, ofrece una satisfacci\u00f3n adecuada.<\/li>\n<\/ul>\n<ul>\n<li class=\"temp-li bullet1\" data-line=\"true\" data-list=\"bullet1\"><b>Algod\u00f3n de az\u00facar<\/b>: Este aroma puede despertar inmediatamente tus dulces recuerdos infantiles. Cuando inhalas, te recibe un ligero y suave aroma a algod\u00f3n de az\u00facar. La dulzura fina no es excesiva, sino que te llena de calidez y dulzura. Es como estar en un colorido mercado alem\u00e1n sosteniendo un gran algod\u00f3n de az\u00facar espumoso en la mano. Cada inhalaci\u00f3n est\u00e1 llena de sentimientos de felicidad. Combinado con la concentraci\u00f3n de nicotina de 2%, inhalar resulta tanto dulce como acogedor.<\/li>\n<\/ul>\n<ul>\n<li class=\"temp-li bullet1\" data-line=\"true\" data-list=\"bullet1\"><b>Durazno-Mango<\/b>: La jugosa dulzura de los duraznos y la intensa especia de los mangos se fusionan perfectamente. Primero, sientes la delicada jugosidad de los duraznos, como si mordieras un durazno maduro y el jugo corriera por tus labios. Luego, se desarrolla gradualmente el intenso aroma frutal de los mangos, aportando capas ricas de sabor. Es como disfrutar de una fiesta de frutas tropicales. Acompa\u00f1ado de una concentraci\u00f3n de nicotina de 2%, cada inhalaci\u00f3n es seductora.<\/li>\n<\/ul>\n<ul>\n<li class=\"temp-li bullet1\" data-line=\"true\" data-list=\"bullet1\"><b>Limonada rosa<\/b>: Tiene un aroma fresco a lim\u00f3n, con una acidez acompa\u00f1ada de una ligera dulzura, como una fr\u00eda limonada rosa en una calle de verano en Alemania. Cuando lo inhalas, la fresca acidez de los limones estimula tus papilas gustativas y te brinda una sensaci\u00f3n refrescante. Luego, aparece gradualmente una ligera dulzura que equilibra la acidez, enriqueciendo el sabor. Combinado con la concentraci\u00f3n de nicotina de 2%, inhalar resulta refrescante y satisfactorio.<\/li>\n<\/ul>\n<ul>\n<li class=\"temp-li bullet1\" data-line=\"true\" data-list=\"bullet1\"><b>Helado de bayas triple<\/b>: Combina los aromas de varias bayas. La dulzura de las fresas, la acidez de los ar\u00e1ndanos y la frescura de las frambuesas se entrelazan, creando un intenso aroma a bayas. Al mismo tiempo, la sensaci\u00f3n refrescante de la menta atraviesa todo el sabor como una brisa ligera, haciendo que cada inhalaci\u00f3n est\u00e9 llena de sensaciones heladas. Es como disfrutar de bayas congeladas en un d\u00eda fr\u00edo de invierno, emocionante y estimulante. La concentraci\u00f3n de nicotina de 2% le da a esta experiencia helada un toque especial.<\/li>\n<\/ul>\n<div data-zone-id=\"0\" data-line-index=\"9\" data-line=\"true\">\n<h3 class=\"heading-h2\">II. Especificaciones t\u00e9cnicas excelentes<\/h3>\n<\/div>\n<ul>\n<li class=\"temp-li bullet1\" data-line=\"true\" data-list=\"bullet1\"><b>N\u00famero de inhalaciones<\/b>: Con hasta 15.000 inhalaciones, esto significa que no tendr\u00e1 que cambiar el dispositivo con frecuencia y podr\u00e1 sumergirse durante mucho tiempo en la experiencia de la niebla. Ya sea en las pausas laborales agitadas o en los fines de semana relajados, cuando disfrute de embutidos y cerveza tradicionales, puede contar con \u00e9l en cualquier momento para satisfacer sus necesidades. Cada inhalaci\u00f3n viene acompa\u00f1ada de la agradable sensaci\u00f3n de la concentraci\u00f3n de nicotina de 2%.<\/li>\n<\/ul>\n<ul>\n<li class=\"temp-li bullet1\" data-line=\"true\" data-list=\"bullet1\"><b>Capacidad de e-l\u00edquido<\/b>: Est\u00e1 equipado con una capacidad de 25 ml de E-Liquid. Esto no es un E-Liquid com\u00fan, sino que ha sido seleccionado rigurosamente y mezclado cuidadosamente. Cada gota contiene sabores intensos para garantizar que tenga un sabor intenso y completo desde la primera hasta la \u00faltima inhalaci\u00f3n, y que el sabor no disminuya con el uso. Y con una concentraci\u00f3n de nicotina del 2%, la compatibilidad entre sabor y nicotina alcanza su estado \u00f3ptimo.<\/li>\n<\/ul>\n<ul>\n<li class=\"temp-li bullet1\" data-line=\"true\" data-list=\"bullet1\"><b>Capacidad de la bater\u00eda<\/b>: Utiliza una bater\u00eda de alta calidad de 650 mAh, que como un vigilante de energ\u00eda confiable, proporciona un rendimiento estable y suficiente durante toda la duraci\u00f3n del uso. Incluso si eres un usuario con alta frecuencia de vaporizaci\u00f3n, no necesitas cargarla con frecuencia. Una vez cargada por completo, puedes usarla todo el d\u00eda o incluso m\u00e1s tiempo. Disfruta de la relajaci\u00f3n que ofrece la concentraci\u00f3n de nicotina del 2%.<\/li>\n<\/ul>\n<div data-zone-id=\"0\" data-line-index=\"13\" data-line=\"true\">\n<h3 class=\"heading-h2\">III. Dise\u00f1o elegante y facilidad de uso<\/h3>\n<\/div>\n<ul>\n<li class=\"temp-li bullet1\" data-line=\"true\" data-list=\"bullet1\"><b>Tama\u00f1o compacto<\/b>: El equipo de dise\u00f1o del producto ha tenido en cuenta completamente las situaciones cotidianas de los hombres espa\u00f1oles y lo ha dise\u00f1ado compacto y ligero. Su tama\u00f1o es similar al de una peque\u00f1a herramienta. Ya sea en el bolsillo de ropa de trabajo o en el equipo de acompa\u00f1amiento, no ocupa mucho espacio y te permite usarlo cuando y donde quieras. Disfruta del producto con una concentraci\u00f3n de nicotina del 2% de manera c\u00f3moda y sencilla.<\/li>\n<\/ul>\n<ul>\n<li class=\"temp-li bullet1\" data-line=\"true\" data-list=\"bullet1\"><b>F\u00e1cil de usar<\/b>: Para los hombres espa\u00f1oles pr\u00e1cticos que no gustan de configuraciones complicadas, BANG KING Digital 15000 PUFFS es una verdadera bendici\u00f3n. No requiere configuraciones complicadas. Cuando lo saques del embalaje, podr\u00e1s usarlo de inmediato. Solo necesitas inhalar suavemente para sumergirte en una experiencia de vapor maravillosa y disfrutar de un momento de relajaci\u00f3n y alegr\u00eda. Siente la comodidad que ofrece la concentraci\u00f3n de nicotina del 2%.<\/li>\n<\/ul>\n<div data-zone-id=\"0\" data-line-index=\"16\" data-line=\"true\">\n<h3 class=\"heading-h2\">IV. Aspectos de salud<\/h3>\n<\/div>\n<div data-zone-id=\"0\" data-line-index=\"17\" data-line=\"true\">En una \u00e9poca en la que la conciencia de la salud crece constantemente, BANG KING Digital 15000 PUFFS siempre prioriza la salud de los usuarios y se considera una alternativa menos da\u00f1ina al tabaquismo tradicional:<\/div>\n<ul>\n<li class=\"temp-li bullet1\" data-line=\"true\" data-list=\"bullet1\"><b>Control de calidad riguroso<\/b>: Cada producto debe someterse a una serie de estrictas inspecciones de calidad antes de su entrega, desde la selecci\u00f3n de materias primas, supervisi\u00f3n del proceso de fabricaci\u00f3n hasta la prueba del producto final. En cada paso se realiza un control riguroso para garantizar que cada producto que llega a ti sea puro y seguro. Esto tambi\u00e9n aplica a los productos con concentraci\u00f3n de nicotina del 2%. Esto refleja la mentalidad de calidad y perfecci\u00f3n en la fabricaci\u00f3n espa\u00f1ola.<\/li>\n<\/ul>\n<ul>\n<li class=\"temp-li bullet1\" data-line=\"true\" data-list=\"bullet1\"><b>Menos contaminantes<\/b>: A diferencia de los cigarrillos tradicionales, BANG KING Digital 15000 PUFFS no contiene productos de tabaco, lo que significa que no produce alquitr\u00e1n, mon\u00f3xido de carbono ni otras sustancias nocivas para la salud. En comparaci\u00f3n con fumar tradicional, los riesgos potenciales para la salud se reducen significativamente. En particular, la concentraci\u00f3n de nicotina del 2% reduce a\u00fan m\u00e1s los peligros, satisfaciendo la demanda.<\/li>\n<\/ul>\n<div data-zone-id=\"0\" data-line-index=\"20\" data-line=\"true\">BANG KING Digital 15000 PUFFS es la opci\u00f3n perfecta para usuarios que buscan una experiencia de vapor \u00fanica con una concentraci\u00f3n moderada de nicotina. Ya seas un principiante o un usuario experimentado, puede ofrecerte un rendimiento convincente con su dise\u00f1o compacto y f\u00e1cil de usar. Elige BANG KING Digital 15000 PUFFS y opta por una experiencia de vapor nueva, saludable y placentera. Disfruta en cada momento de la frescura y la satisfacci\u00f3n, y siente el atractivo \u00fanico de la concentraci\u00f3n de nicotina del 2%.<\/div>","protected":false},"excerpt":{"rendered":"<p>BANG KING Digital 15000 PUFFS Komfort, Geschmack und Gesundheit in einem Ger\u00e4t Bevor Sie sich auf diese wunderbare Nebelungserfahrung begeben, m\u00f6chten wir Ihnen zun\u00e4chst unseren effizienten und zuvorkommenden Logistikdienst detailliert vorstellen. Wir liefern direkt aus Bremen in Deutschland, was bedeutet, dass wir die lokalen Bed\u00fcrfnisse in Deutschland besser verstehen. Kisten voller erwartungsvoller BANG KING Digital [&hellip;]<\/p>","protected":false},"featured_media":15693,"template":"","meta":{"inline_featured_image":false},"product_cat":[762,78,756,739,743],"product_tag":[710,709,725],"tiered_pricing_type":"fixed","tiered_pricing_fixed_rules":{"60":"6.85","110":"5.66","200":"4.98"},"tiered_pricing_percentage_rules":[],"tiered_pricing_minimum":1,"_administrator_tiered_pricing_type":"fixed","_administrator_tiered_pricing_fixed_rules":[],"_editor_tiered_pricing_type":"fixed","_editor_tiered_pricing_fixed_rules":[],"_author_tiered_pricing_type":"fixed","_author_tiered_pricing_fixed_rules":[],"_contributor_tiered_pricing_type":"fixed","_contributor_tiered_pricing_fixed_rules":[],"_subscriber_tiered_pricing_type":"fixed","_subscriber_tiered_pricing_fixed_rules":[],"_customer_tiered_pricing_type":"fixed","_customer_tiered_pricing_fixed_rules":[],"_shop_manager_tiered_pricing_type":"fixed","_shop_manager_tiered_pricing_fixed_rules":[],"_wpseo_manager_tiered_pricing_type":"fixed","_wpseo_manager_tiered_pricing_fixed_rules":[],"_wpseo_editor_tiered_pricing_type":"fixed","_wpseo_editor_tiered_pricing_fixed_rules":[],"_wholesale_customer_tiered_pricing_type":"fixed","_wholesale_customer_tiered_pricing_fixed_rules":[],"_marketer_tiered_pricing_type":"fixed","_marketer_tiered_pricing_fixed_rules":[],"_sales_manager_tiered_pricing_type":"fixed","_sales_manager_tiered_pricing_fixed_rules":[],"_sales_rep_tiered_pricing_type":"fixed","_sales_rep_tiered_pricing_fixed_rules":[],"yoast_head":"<!-- This site is optimized with the Yoast SEO plugin v23.3 - https:\/\/yoast.com\/wordpress\/plugins\/seo\/ -->\n<title>BANG KING Digital 15000 PUFFS Genie\u00dfen Sie das ultimative Nebelungserlebnis | ElementVape.de<\/title>\n<meta name=\"description\" content=\"Wir bieten BANG KING Digital 15000 PUFFS Genie\u00dfen Sie das ultimative Nebelungserlebnis Elementvape.de akzeptieren Gro\u00df-und Einzelhandel Bestellungen.\" \/>\n<meta name=\"robots\" content=\"index, follow, max-snippet:-1, max-image-preview:large, max-video-preview:-1\" \/>\n<link rel=\"canonical\" href=\"https:\/\/www.elementvape.de\/es\/produkt\/bang-king-digital-15000-puffs-geniessen-sie-das-ultimative-nebelungserlebnis\/\" \/>\n<meta property=\"og:locale\" content=\"es_ES\" \/>\n<meta property=\"og:type\" content=\"article\" \/>\n<meta property=\"og:title\" content=\"BANG KING Digital 15000 PUFFS Genie\u00dfen Sie das ultimative Nebelungserlebnis | ElementVape.de\" \/>\n<meta property=\"og:description\" content=\"Wir bieten BANG KING Digital 15000 PUFFS Genie\u00dfen Sie das ultimative Nebelungserlebnis Elementvape.de akzeptieren Gro\u00df-und Einzelhandel Bestellungen.\" \/>\n<meta property=\"og:url\" content=\"https:\/\/www.elementvape.de\/es\/produkt\/bang-king-digital-15000-puffs-geniessen-sie-das-ultimative-nebelungserlebnis\/\" \/>\n<meta property=\"og:site_name\" content=\"ElementVape.de\" \/>\n<meta property=\"article:modified_time\" content=\"2025-07-29T01:01:47+00:00\" \/>\n<meta property=\"og:image\" content=\"https:\/\/www.elementvape.de\/wp-content\/uploads\/2025\/02\/Double-Apple.jpg\" \/>\n\t<meta property=\"og:image:width\" content=\"1440\" \/>\n\t<meta property=\"og:image:height\" content=\"980\" \/>\n\t<meta property=\"og:image:type\" content=\"image\/jpeg\" \/>\n<meta name=\"twitter:card\" content=\"summary_large_image\" \/>\n<meta name=\"twitter:label1\" content=\"Est. reading time\" \/>\n\t<meta name=\"twitter:data1\" content=\"7 minutos\" \/>\n<script type=\"application\/ld+json\" class=\"yoast-schema-graph\">{\"@context\":\"https:\/\/schema.org\",\"@graph\":[{\"@type\":\"WebPage\",\"@id\":\"https:\/\/www.elementvape.de\/produkt\/bang-king-digital-15000-puffs-geniessen-sie-das-ultimative-nebelungserlebnis\/\",\"url\":\"https:\/\/www.elementvape.de\/produkt\/bang-king-digital-15000-puffs-geniessen-sie-das-ultimative-nebelungserlebnis\/\",\"name\":\"BANG KING Digital 15000 PUFFS Genie\u00dfen Sie das ultimative Nebelungserlebnis | ElementVape.de\",\"isPartOf\":{\"@id\":\"https:\/\/www.elementvape.de\/#website\"},\"primaryImageOfPage\":{\"@id\":\"https:\/\/www.elementvape.de\/produkt\/bang-king-digital-15000-puffs-geniessen-sie-das-ultimative-nebelungserlebnis\/#primaryimage\"},\"image\":{\"@id\":\"https:\/\/www.elementvape.de\/produkt\/bang-king-digital-15000-puffs-geniessen-sie-das-ultimative-nebelungserlebnis\/#primaryimage\"},\"thumbnailUrl\":\"https:\/\/www.elementvape.de\/wp-content\/uploads\/2025\/02\/Double-Apple.jpg\",\"datePublished\":\"2025-02-14T08:18:05+00:00\",\"dateModified\":\"2025-07-29T01:01:47+00:00\",\"description\":\"Wir bieten BANG KING Digital 15000 PUFFS Genie\u00dfen Sie das ultimative Nebelungserlebnis Elementvape.de akzeptieren Gro\u00df-und Einzelhandel Bestellungen.\",\"breadcrumb\":{\"@id\":\"https:\/\/www.elementvape.de\/produkt\/bang-king-digital-15000-puffs-geniessen-sie-das-ultimative-nebelungserlebnis\/#breadcrumb\"},\"inLanguage\":\"es\",\"potentialAction\":[{\"@type\":\"ReadAction\",\"target\":[\"https:\/\/www.elementvape.de\/produkt\/bang-king-digital-15000-puffs-geniessen-sie-das-ultimative-nebelungserlebnis\/\"]}]},{\"@type\":\"ImageObject\",\"inLanguage\":\"es\",\"@id\":\"https:\/\/www.elementvape.de\/produkt\/bang-king-digital-15000-puffs-geniessen-sie-das-ultimative-nebelungserlebnis\/#primaryimage\",\"url\":\"https:\/\/www.elementvape.de\/wp-content\/uploads\/2025\/02\/Double-Apple.jpg\",\"contentUrl\":\"https:\/\/www.elementvape.de\/wp-content\/uploads\/2025\/02\/Double-Apple.jpg\",\"width\":1440,\"height\":980},{\"@type\":\"BreadcrumbList\",\"@id\":\"https:\/\/www.elementvape.de\/produkt\/bang-king-digital-15000-puffs-geniessen-sie-das-ultimative-nebelungserlebnis\/#breadcrumb\",\"itemListElement\":[{\"@type\":\"ListItem\",\"position\":1,\"name\":\"Home\",\"item\":\"https:\/\/www.elementvape.de\/\"},{\"@type\":\"ListItem\",\"position\":2,\"name\":\"Shop\",\"item\":\"https:\/\/www.elementvape.de\/shop\/\"},{\"@type\":\"ListItem\",\"position\":3,\"name\":\"BANG KING Digital 15000 PUFFS Genie\u00dfen Sie das ultimative Nebelungserlebnis\"}]},{\"@type\":\"WebSite\",\"@id\":\"https:\/\/www.elementvape.de\/#website\",\"url\":\"https:\/\/www.elementvape.de\/\",\"name\":\"ElementVape.de\",\"description\":\"\",\"publisher\":{\"@id\":\"https:\/\/www.elementvape.de\/#organization\"},\"potentialAction\":[{\"@type\":\"SearchAction\",\"target\":{\"@type\":\"EntryPoint\",\"urlTemplate\":\"https:\/\/www.elementvape.de\/?s={search_term_string}\"},\"query-input\":\"required name=search_term_string\"}],\"inLanguage\":\"es\"},{\"@type\":\"Organization\",\"@id\":\"https:\/\/www.elementvape.de\/#organization\",\"name\":\"ElementVape.DE\",\"url\":\"https:\/\/www.elementvape.de\/\",\"logo\":{\"@type\":\"ImageObject\",\"inLanguage\":\"es\",\"@id\":\"https:\/\/www.elementvape.de\/#\/schema\/logo\/image\/\",\"url\":\"https:\/\/www.elementvape.de\/wp-content\/uploads\/2024\/09\/cropped-1elementvape-3.png\",\"contentUrl\":\"https:\/\/www.elementvape.de\/wp-content\/uploads\/2024\/09\/cropped-1elementvape-3.png\",\"width\":285,\"height\":228,\"caption\":\"ElementVape.DE\"},\"image\":{\"@id\":\"https:\/\/www.elementvape.de\/#\/schema\/logo\/image\/\"}}]}<\/script>\n<!-- \/ Yoast SEO plugin. -->","yoast_head_json":{"title":"BANG KING Digital 15000 PUFFS Genie\u00dfen Sie das ultimative Nebelungserlebnis | ElementVape.de","description":"Wir bieten BANG KING Digital 15000 PUFFS Genie\u00dfen Sie das ultimative Nebelungserlebnis Elementvape.de akzeptieren Gro\u00df-und Einzelhandel Bestellungen.","robots":{"index":"index","follow":"follow","max-snippet":"max-snippet:-1","max-image-preview":"max-image-preview:large","max-video-preview":"max-video-preview:-1"},"canonical":"https:\/\/www.elementvape.de\/es\/produkt\/bang-king-digital-15000-puffs-geniessen-sie-das-ultimative-nebelungserlebnis\/","og_locale":"es_ES","og_type":"article","og_title":"BANG KING Digital 15000 PUFFS Genie\u00dfen Sie das ultimative Nebelungserlebnis | ElementVape.de","og_description":"Wir bieten BANG KING Digital 15000 PUFFS Genie\u00dfen Sie das ultimative Nebelungserlebnis Elementvape.de akzeptieren Gro\u00df-und Einzelhandel Bestellungen.","og_url":"https:\/\/www.elementvape.de\/es\/produkt\/bang-king-digital-15000-puffs-geniessen-sie-das-ultimative-nebelungserlebnis\/","og_site_name":"ElementVape.de","article_modified_time":"2025-07-29T01:01:47+00:00","og_image":[{"width":1440,"height":980,"url":"https:\/\/www.elementvape.de\/wp-content\/uploads\/2025\/02\/Double-Apple.jpg","type":"image\/jpeg"}],"twitter_card":"summary_large_image","twitter_misc":{"Est. reading time":"7 minutos"},"schema":{"@context":"https:\/\/schema.org","@graph":[{"@type":"WebPage","@id":"https:\/\/www.elementvape.de\/produkt\/bang-king-digital-15000-puffs-geniessen-sie-das-ultimative-nebelungserlebnis\/","url":"https:\/\/www.elementvape.de\/produkt\/bang-king-digital-15000-puffs-geniessen-sie-das-ultimative-nebelungserlebnis\/","name":"BANG KING Digital 15000 PUFFS Genie\u00dfen Sie das ultimative Nebelungserlebnis | ElementVape.de","isPartOf":{"@id":"https:\/\/www.elementvape.de\/#website"},"primaryImageOfPage":{"@id":"https:\/\/www.elementvape.de\/produkt\/bang-king-digital-15000-puffs-geniessen-sie-das-ultimative-nebelungserlebnis\/#primaryimage"},"image":{"@id":"https:\/\/www.elementvape.de\/produkt\/bang-king-digital-15000-puffs-geniessen-sie-das-ultimative-nebelungserlebnis\/#primaryimage"},"thumbnailUrl":"https:\/\/www.elementvape.de\/wp-content\/uploads\/2025\/02\/Double-Apple.jpg","datePublished":"2025-02-14T08:18:05+00:00","dateModified":"2025-07-29T01:01:47+00:00","description":"Wir bieten BANG KING Digital 15000 PUFFS Genie\u00dfen Sie das ultimative Nebelungserlebnis Elementvape.de akzeptieren Gro\u00df-und Einzelhandel Bestellungen.","breadcrumb":{"@id":"https:\/\/www.elementvape.de\/produkt\/bang-king-digital-15000-puffs-geniessen-sie-das-ultimative-nebelungserlebnis\/#breadcrumb"},"inLanguage":"es","potentialAction":[{"@type":"ReadAction","target":["https:\/\/www.elementvape.de\/produkt\/bang-king-digital-15000-puffs-geniessen-sie-das-ultimative-nebelungserlebnis\/"]}]},{"@type":"ImageObject","inLanguage":"es","@id":"https:\/\/www.elementvape.de\/produkt\/bang-king-digital-15000-puffs-geniessen-sie-das-ultimative-nebelungserlebnis\/#primaryimage","url":"https:\/\/www.elementvape.de\/wp-content\/uploads\/2025\/02\/Double-Apple.jpg","contentUrl":"https:\/\/www.elementvape.de\/wp-content\/uploads\/2025\/02\/Double-Apple.jpg","width":1440,"height":980},{"@type":"BreadcrumbList","@id":"https:\/\/www.elementvape.de\/produkt\/bang-king-digital-15000-puffs-geniessen-sie-das-ultimative-nebelungserlebnis\/#breadcrumb","itemListElement":[{"@type":"ListItem","position":1,"name":"Home","item":"https:\/\/www.elementvape.de\/"},{"@type":"ListItem","position":2,"name":"Shop","item":"https:\/\/www.elementvape.de\/shop\/"},{"@type":"ListItem","position":3,"name":"BANG KING Digital 15000 PUFFS Genie\u00dfen Sie das ultimative Nebelungserlebnis"}]},{"@type":"WebSite","@id":"https:\/\/www.elementvape.de\/#website","url":"https:\/\/www.elementvape.de\/","name":"ElementVape.de","description":"","publisher":{"@id":"https:\/\/www.elementvape.de\/#organization"},"potentialAction":[{"@type":"SearchAction","target":{"@type":"EntryPoint","urlTemplate":"https:\/\/www.elementvape.de\/?s={search_term_string}"},"query-input":"required name=search_term_string"}],"inLanguage":"es"},{"@type":"Organization","@id":"https:\/\/www.elementvape.de\/#organization","name":"ElementVape.DE","url":"https:\/\/www.elementvape.de\/","logo":{"@type":"ImageObject","inLanguage":"es","@id":"https:\/\/www.elementvape.de\/#\/schema\/logo\/image\/","url":"https:\/\/www.elementvape.de\/wp-content\/uploads\/2024\/09\/cropped-1elementvape-3.png","contentUrl":"https:\/\/www.elementvape.de\/wp-content\/uploads\/2024\/09\/cropped-1elementvape-3.png","width":285,"height":228,"caption":"ElementVape.DE"},"image":{"@id":"https:\/\/www.elementvape.de\/#\/schema\/logo\/image\/"}}]}},"_links":{"self":[{"href":"https:\/\/www.elementvape.de\/es\/wp-json\/wp\/v2\/product\/15692"}],"collection":[{"href":"https:\/\/www.elementvape.de\/es\/wp-json\/wp\/v2\/product"}],"about":[{"href":"https:\/\/www.elementvape.de\/es\/wp-json\/wp\/v2\/types\/product"}],"wp:featuredmedia":[{"embeddable":true,"href":"https:\/\/www.elementvape.de\/es\/wp-json\/wp\/v2\/media\/15693"}],"wp:attachment":[{"href":"https:\/\/www.elementvape.de\/es\/wp-json\/wp\/v2\/media?parent=15692"}],"wp:term":[{"taxonomy":"product_cat","embeddable":true,"href":"https:\/\/www.elementvape.de\/es\/wp-json\/wp\/v2\/product_cat?post=15692"},{"taxonomy":"product_tag","embeddable":true,"href":"https:\/\/www.elementvape.de\/es\/wp-json\/wp\/v2\/product_tag?post=15692"}],"curies":[{"name":"wp","href":"https:\/\/api.w.org\/{rel}","templated":true}]}}