{"id":15334,"date":"2024-11-23T06:11:16","date_gmt":"2024-11-23T06:11:16","guid":{"rendered":"https:\/\/www.elementvape.de\/?post_type=product&#038;p=15334"},"modified":"2024-11-23T06:22:01","modified_gmt":"2024-11-23T06:22:01","slug":"bang-king-puffs-key-type-e-zigarette-peach-ice-fruchtige-suesse-trifft-auf-erfrischende-kuehle","status":"publish","type":"product","link":"https:\/\/www.elementvape.de\/es\/produkt\/bang-king-puffs-key-type-e-zigarette-peach-ice-fruchtige-suesse-trifft-auf-erfrischende-kuehle\/","title":{"rendered":"Bang King PUFFS, TIPO CLAVE, cigarrillo electr\u00f3nico, durazno hielo, dulzura frutal que se combina con una sensaci\u00f3n refrescante"},"content":{"rendered":"<h2>PEACH ICE BANG KING 12000 PUFFS Cigarrillo Electr\u00f3nico TIPO KEY Experimente el fresco sabor a melocot\u00f3n con un toque helado<\/h2>\n<p>El cigarrillo electr\u00f3nico PEACH ICE BANG KING 12000 PUFFS TIPO KEY le ofrece una experiencia de sabor perfecta para todo el d\u00eda. Este cigarrillo electr\u00f3nico combina el jugoso sabor a melocot\u00f3n con una frescura helada que proporciona una explosi\u00f3n de sabor refrescante en cada calada. Tanto si le gusta el sabor afrutado del melocot\u00f3n como la sensaci\u00f3n de frescor, este cigarrillo electr\u00f3nico combina ambos a la perfecci\u00f3n y ofrece una experiencia incomparable.<\/p>\n<h3>Especificaciones t\u00e9cnicas del producto<\/h3>\n<table>\n<thead>\n<tr>\n<th>Par\u00e1metro<\/th>\n<th>Detalles<\/th>\n<\/tr>\n<\/thead>\n<tbody>\n<tr>\n<td>Caladas<\/td>\n<td>12000<\/td>\n<\/tr>\n<tr>\n<td>Capacidad de e-l\u00edquido<\/td>\n<td>12ml<\/td>\n<\/tr>\n<tr>\n<td>Resistencia<\/td>\n<td>1,2 Ohm (resistencia de red)<\/td>\n<\/tr>\n<tr>\n<td>Capacidad de la bater\u00eda<\/td>\n<td>600mAh<\/td>\n<\/tr>\n<tr>\n<td>Conector de carga<\/td>\n<td>Conector de carga r\u00e1pida Tipo-C<\/td>\n<\/tr>\n<tr>\n<td>Dimensiones<\/td>\n<td>Tama\u00f1o compacto y port\u00e1til<\/td>\n<\/tr>\n<\/tbody>\n<\/table>\n<h3>\u00bfQu\u00e9 hace que el PEACH ICE BANG KING 12000 PUFFS sea \u00fanico?<\/h3>\n<h4>Afrutado y fresco: sabor a melocot\u00f3n<\/h4>\n<p>El PEACH ICE BANG KING 12000 PUFFS ofrece el sabor aut\u00e9ntico de melocotones jugosos reci\u00e9n cosechados. El sabor es fresco y dulce, pero no abrumador. Cada calada lleva el delicioso sabor a fruta directamente a su lengua, lo que la convierte en una opci\u00f3n ideal para todos aquellos que prefieren los aromas afrutados.<\/p>\n<h4>Frescor helado: efecto hielo<\/h4>\n<p>Este cigarrillo electr\u00f3nico no solo ofrece el delicioso sabor a melocot\u00f3n, sino tambi\u00e9n una nota fresca y refrescante. El efecto hielo garantiza que cada calada sea atractivamente fresca y fr\u00eda. Especialmente en los d\u00edas calurosos, el sabor helado es un cambio bienvenido que le ayuda a refrescarse.<\/p>\n<h3>Caracter\u00edsticas t\u00e9cnicas del PEACH ICE BANG KING 12000 PUFFS<\/h3>\n<h4>1. 12000 Puffs: experiencia duradera<\/h4>\n<p>El PEACH ICE BANG KING 12000 PUFFS tiene una enorme cantidad de 12000 puffs, lo que garantiza una larga vida \u00fatil. No tiene que preocuparse por tener que <strong><a href=\"https:\/\/www.elementvape.de\/es\/\">Cigarrillo Electr\u00f3nico<\/a><\/strong> cambiar o rellenar con frecuencia. El cigarrillo electr\u00f3nico dura mucho tiempo y le ofrece una experiencia de sabor constante y de alta calidad durante su vida \u00fatil.<\/p>\n<h4>2. Capacidad de E-Liquid de 12 ml: sabor duradero<\/h4>\n<p>Con una capacidad de 12 ml, puede disfrutar durante mucho tiempo sin tener que preocuparse por rellenar con frecuencia. Esta generosa capacidad de E-Liquid garantiza que experimente el mismo sabor fresco a melocot\u00f3n y hielo en cada calada.<\/p>\n<h4>3. Resistencia de 1,2 ohmios: experiencia de vaporizaci\u00f3n \u00f3ptima<\/h4>\n<p>Con una resistencia de 1,2 ohmios, el PEACH ICE BANG KING ofrece una vaporizaci\u00f3n uniforme que garantiza una producci\u00f3n de vapor ideal. La resistencia de 1,2 ohmios garantiza que el vapor no solo tenga un buen sabor, sino que tambi\u00e9n ofrezca una mezcla de vapor perfecta que realza el sabor del melocot\u00f3n y el hielo.<\/p>\n<h4>4. Tama\u00f1o compacto y port\u00e1til<\/h4>\n<p>El PEACH ICE BANG KING 12000 PUFFS destaca por su dise\u00f1o compacto, que facilita su transporte. Puede guardarlo f\u00e1cilmente en su bolso o equipaje de mano y tenerlo siempre a mano para disfrutar del fresco sabor a melocot\u00f3n. Este cigarrillo electr\u00f3nico es perfecto para las personas que buscan un dispositivo pr\u00e1ctico y port\u00e1til.<\/p>\n<h4>5. Puerto de carga r\u00e1pida Type-C: carga r\u00e1pida<\/h4>\n<p>Con el puerto de carga r\u00e1pida Type-C, puede cargar su PEACH ICE BANG KING 12000 PUFFS de forma r\u00e1pida y eficiente. El puerto de carga r\u00e1pida garantiza que pueda cargar su cigarrillo electr\u00f3nico en un abrir y cerrar de ojos, para que no tenga que esperar mucho para la pr\u00f3xima vaporizaci\u00f3n.<\/p>\n<h3>\u00bfPor qu\u00e9 elegir el PEACH ICE BANG KING 12000 PUFFS?<\/h3>\n<p>El PEACH ICE BANG KING 12000 PUFFS es la elecci\u00f3n perfecta para los vapeadores que buscan una experiencia de sabor fresca, afrutada y duradera. Aqu\u00ed tiene algunas razones por las que deber\u00eda elegir este cigarrillo electr\u00f3nico:<\/p>\n<p>Sabor dulce a durazno y frescura helada \u2013 Combinaci\u00f3n perfecta<\/p>\n<p>La PEACH ICE BANG KING 12000 PUFFS combina el sabor dulce y fresco de los duraznos con una nota refrescante de hielo, para ofrecer una experiencia de sabor equilibrada y rica. Cada calada proporciona una mezcla perfecta de notas frutales dulces y un sabor a hielo refrescante.<\/p>\n<p>2. 12000 caladas para un disfrute duradero<\/p>\n<p>Con 12000 caladas, este cigarrillo electr\u00f3nico ofrece una larga duraci\u00f3n y asegura que no tengas que buscar reemplazos o rellenar constantemente. Esto lo convierte en una opci\u00f3n ideal para vapear durante largos per\u00edodos sin interrupciones.<\/p>\n<p>3. Port\u00e1til y f\u00e1cil de usar<\/p>\n<p>Gracias a su dise\u00f1o compacto, la PEACH ICE BANG KING 12000 PUFFS es extremadamente port\u00e1til. Puedes llevarla a cualquier lugar y disfrutar de una calada refrescante en cualquier momento. Encaja f\u00e1cilmente en cualquier bolsillo y es perfecta para el uso diario.<\/p>\n<p>4. Tecnolog\u00eda de carga r\u00e1pida<\/p>\n<p>Gracias al puerto de carga r\u00e1pida Type-C, puedes cargar tu PEACH ICE BANG KING 12000 PUFFS en muy poco tiempo. La tecnolog\u00eda de carga r\u00e1pida te permite tener el dispositivo listo para usar r\u00e1pidamente, sin tener que esperar largos tiempos de carga.<\/p>\n<p>5. Refrescante perfecta<\/p>\n<p>La combinaci\u00f3n del sabor frutal del durazno y la frescura helada proporciona una experiencia de vapeo \u00fanica. Especialmente en d\u00edas calurosos de verano o despu\u00e9s de un d\u00eda agotador, la frescura fr\u00eda de este cigarrillo electr\u00f3nico te ofrecer\u00e1 una sensaci\u00f3n revitalizante.<\/p>\n<h3>PEACH ICE BANG KING 12000 PUFFS TIPO CLAVE<\/h3>\n<p>La PEACH ICE BANG KING 12000 PUFFS es la opci\u00f3n perfecta para vapear que busca una experiencia de sabor duradera, fresca y frutal. Con una alta cantidad de caladas de 12000, una capacidad generosa de 12 ml de e-l\u00edquido y un pr\u00e1ctico puerto de carga r\u00e1pida Type-C, este cigarrillo electr\u00f3nico ofrece todo lo que puedas desear. Disfruta del dulce sabor a durazno y la nota refrescante de hielo en cada calada, en cualquier lugar y en cualquier momento.<\/p>\n<p>Prueba ahora la PEACH ICE BANG KING 12000 PUFFS y disfruta de la combinaci\u00f3n perfecta de durazno fresco y golpe helado!<\/p>","protected":false},"excerpt":{"rendered":"<p>PEACH ICE BANG KING 12000 PUFFS KEY TYPE E-Zigarette Erleben Sie den frischen Pfirsichgeschmack mit eisigem Kick Die PEACH ICE BANG KING 12000 PUFFS KEY TYPE E-Zigarette bietet Ihnen ein perfektes Geschmackserlebnis f\u00fcr den ganzen Tag. Diese E-Zigarette kombiniert den saftigen Pfirsichgeschmack mit einer eisigen Frische, die bei jedem Zug eine erfrischende Geschmacksexplosion liefert. Egal, [&hellip;]<\/p>","protected":false},"featured_media":15336,"template":"","meta":{"inline_featured_image":false},"product_cat":[774,740,734,753],"product_tag":[710,673],"tiered_pricing_type":"fixed","tiered_pricing_fixed_rules":{"60":"6.24","110":"5.54","200":"4.85"},"tiered_pricing_percentage_rules":[],"tiered_pricing_minimum":1,"_administrator_tiered_pricing_type":"fixed","_administrator_tiered_pricing_fixed_rules":[],"_editor_tiered_pricing_type":"fixed","_editor_tiered_pricing_fixed_rules":[],"_author_tiered_pricing_type":"fixed","_author_tiered_pricing_fixed_rules":[],"_contributor_tiered_pricing_type":"fixed","_contributor_tiered_pricing_fixed_rules":[],"_subscriber_tiered_pricing_type":"fixed","_subscriber_tiered_pricing_fixed_rules":[],"_customer_tiered_pricing_type":"fixed","_customer_tiered_pricing_fixed_rules":[],"_shop_manager_tiered_pricing_type":"fixed","_shop_manager_tiered_pricing_fixed_rules":[],"_wpseo_manager_tiered_pricing_type":"fixed","_wpseo_manager_tiered_pricing_fixed_rules":[],"_wpseo_editor_tiered_pricing_type":"fixed","_wpseo_editor_tiered_pricing_fixed_rules":[],"_wholesale_customer_tiered_pricing_type":"fixed","_wholesale_customer_tiered_pricing_fixed_rules":[],"_marketer_tiered_pricing_type":"fixed","_marketer_tiered_pricing_fixed_rules":[],"_sales_manager_tiered_pricing_type":"fixed","_sales_manager_tiered_pricing_fixed_rules":[],"_sales_rep_tiered_pricing_type":"fixed","_sales_rep_tiered_pricing_fixed_rules":[],"yoast_head":"<!-- This site is optimized with the Yoast SEO plugin v23.3 - https:\/\/yoast.com\/wordpress\/plugins\/seo\/ -->\n<title>Bang King PUFFS KEY TYPE E-Zigarette Peach Ice Fruchtige S\u00fc\u00dfe trifft auf erfrischende K\u00fchle | ElementVape.de<\/title>\n<meta name=\"description\" content=\"Wir bieten Bang King PUFFS KEY TYPE E-Zigarette Peach Ice Fruchtige S\u00fc\u00dfe trifft auf erfrischende K\u00fchle , Elementvape.de akzeptieren Gro\u00df-und Einzelhandel Bestellungen.\" \/>\n<meta name=\"robots\" content=\"index, follow, max-snippet:-1, max-image-preview:large, max-video-preview:-1\" \/>\n<link rel=\"canonical\" href=\"https:\/\/www.elementvape.de\/es\/produkt\/bang-king-puffs-key-type-e-zigarette-peach-ice-fruchtige-suesse-trifft-auf-erfrischende-kuehle\/\" \/>\n<meta property=\"og:locale\" content=\"es_ES\" \/>\n<meta property=\"og:type\" content=\"article\" \/>\n<meta property=\"og:title\" content=\"Bang King PUFFS KEY TYPE E-Zigarette Peach Ice Fruchtige S\u00fc\u00dfe trifft auf erfrischende K\u00fchle | ElementVape.de\" \/>\n<meta property=\"og:description\" content=\"Wir bieten Bang King PUFFS KEY TYPE E-Zigarette Peach Ice Fruchtige S\u00fc\u00dfe trifft auf erfrischende K\u00fchle , Elementvape.de akzeptieren Gro\u00df-und Einzelhandel Bestellungen.\" \/>\n<meta property=\"og:url\" content=\"https:\/\/www.elementvape.de\/es\/produkt\/bang-king-puffs-key-type-e-zigarette-peach-ice-fruchtige-suesse-trifft-auf-erfrischende-kuehle\/\" \/>\n<meta property=\"og:site_name\" content=\"ElementVape.de\" \/>\n<meta property=\"article:modified_time\" content=\"2024-11-23T06:22:01+00:00\" \/>\n<meta property=\"og:image\" content=\"https:\/\/www.elementvape.de\/wp-content\/uploads\/2024\/11\/PEACH-ICE.webp\" \/>\n\t<meta property=\"og:image:width\" content=\"800\" \/>\n\t<meta property=\"og:image:height\" content=\"800\" \/>\n\t<meta property=\"og:image:type\" content=\"image\/webp\" \/>\n<meta name=\"twitter:card\" content=\"summary_large_image\" \/>\n<meta name=\"twitter:label1\" content=\"Est. reading time\" \/>\n\t<meta name=\"twitter:data1\" content=\"5 minutos\" \/>\n<script type=\"application\/ld+json\" class=\"yoast-schema-graph\">{\"@context\":\"https:\/\/schema.org\",\"@graph\":[{\"@type\":\"WebPage\",\"@id\":\"https:\/\/www.elementvape.de\/nl\/produkt\/bang-king-puffs-key-type-e-zigarette-peach-ice-fruchtige-suesse-trifft-auf-erfrischende-kuehle\/\",\"url\":\"https:\/\/www.elementvape.de\/nl\/produkt\/bang-king-puffs-key-type-e-zigarette-peach-ice-fruchtige-suesse-trifft-auf-erfrischende-kuehle\/\",\"name\":\"Bang King PUFFS KEY TYPE E-Zigarette Peach Ice Fruchtige S\u00fc\u00dfe trifft auf erfrischende K\u00fchle | ElementVape.de\",\"isPartOf\":{\"@id\":\"https:\/\/www.elementvape.de\/#website\"},\"primaryImageOfPage\":{\"@id\":\"https:\/\/www.elementvape.de\/nl\/produkt\/bang-king-puffs-key-type-e-zigarette-peach-ice-fruchtige-suesse-trifft-auf-erfrischende-kuehle\/#primaryimage\"},\"image\":{\"@id\":\"https:\/\/www.elementvape.de\/nl\/produkt\/bang-king-puffs-key-type-e-zigarette-peach-ice-fruchtige-suesse-trifft-auf-erfrischende-kuehle\/#primaryimage\"},\"thumbnailUrl\":\"https:\/\/www.elementvape.de\/wp-content\/uploads\/2024\/11\/PEACH-ICE.webp\",\"datePublished\":\"2024-11-23T06:11:16+00:00\",\"dateModified\":\"2024-11-23T06:22:01+00:00\",\"description\":\"Wir bieten Bang King PUFFS KEY TYPE E-Zigarette Peach Ice Fruchtige S\u00fc\u00dfe trifft auf erfrischende K\u00fchle , Elementvape.de akzeptieren Gro\u00df-und Einzelhandel Bestellungen.\",\"breadcrumb\":{\"@id\":\"https:\/\/www.elementvape.de\/nl\/produkt\/bang-king-puffs-key-type-e-zigarette-peach-ice-fruchtige-suesse-trifft-auf-erfrischende-kuehle\/#breadcrumb\"},\"inLanguage\":\"es\",\"potentialAction\":[{\"@type\":\"ReadAction\",\"target\":[\"https:\/\/www.elementvape.de\/nl\/produkt\/bang-king-puffs-key-type-e-zigarette-peach-ice-fruchtige-suesse-trifft-auf-erfrischende-kuehle\/\"]}]},{\"@type\":\"ImageObject\",\"inLanguage\":\"es\",\"@id\":\"https:\/\/www.elementvape.de\/nl\/produkt\/bang-king-puffs-key-type-e-zigarette-peach-ice-fruchtige-suesse-trifft-auf-erfrischende-kuehle\/#primaryimage\",\"url\":\"https:\/\/www.elementvape.de\/wp-content\/uploads\/2024\/11\/PEACH-ICE.webp\",\"contentUrl\":\"https:\/\/www.elementvape.de\/wp-content\/uploads\/2024\/11\/PEACH-ICE.webp\",\"width\":800,\"height\":800,\"caption\":\"PEACH ICE BANG KING 12000 PUFFS KEY TYPE E-Zigarette\"},{\"@type\":\"BreadcrumbList\",\"@id\":\"https:\/\/www.elementvape.de\/nl\/produkt\/bang-king-puffs-key-type-e-zigarette-peach-ice-fruchtige-suesse-trifft-auf-erfrischende-kuehle\/#breadcrumb\",\"itemListElement\":[{\"@type\":\"ListItem\",\"position\":1,\"name\":\"Home\",\"item\":\"https:\/\/www.elementvape.de\/\"},{\"@type\":\"ListItem\",\"position\":2,\"name\":\"Shop\",\"item\":\"https:\/\/www.elementvape.de\/shop\/\"},{\"@type\":\"ListItem\",\"position\":3,\"name\":\"Bang King PUFFS KEY TYPE E-Zigarette Peach Ice Fruchtige S\u00fc\u00dfe trifft auf erfrischende K\u00fchle\"}]},{\"@type\":\"WebSite\",\"@id\":\"https:\/\/www.elementvape.de\/#website\",\"url\":\"https:\/\/www.elementvape.de\/\",\"name\":\"ElementVape.de\",\"description\":\"\",\"publisher\":{\"@id\":\"https:\/\/www.elementvape.de\/#organization\"},\"potentialAction\":[{\"@type\":\"SearchAction\",\"target\":{\"@type\":\"EntryPoint\",\"urlTemplate\":\"https:\/\/www.elementvape.de\/?s={search_term_string}\"},\"query-input\":\"required name=search_term_string\"}],\"inLanguage\":\"es\"},{\"@type\":\"Organization\",\"@id\":\"https:\/\/www.elementvape.de\/#organization\",\"name\":\"ElementVape.DE\",\"url\":\"https:\/\/www.elementvape.de\/\",\"logo\":{\"@type\":\"ImageObject\",\"inLanguage\":\"es\",\"@id\":\"https:\/\/www.elementvape.de\/#\/schema\/logo\/image\/\",\"url\":\"https:\/\/www.elementvape.de\/wp-content\/uploads\/2024\/09\/cropped-1elementvape-3.png\",\"contentUrl\":\"https:\/\/www.elementvape.de\/wp-content\/uploads\/2024\/09\/cropped-1elementvape-3.png\",\"width\":285,\"height\":228,\"caption\":\"ElementVape.DE\"},\"image\":{\"@id\":\"https:\/\/www.elementvape.de\/#\/schema\/logo\/image\/\"}}]}<\/script>\n<!-- \/ Yoast SEO plugin. -->","yoast_head_json":{"title":"Bang King PUFFS KEY TYPE E-Zigarette Peach Ice Fruchtige S\u00fc\u00dfe trifft auf erfrischende K\u00fchle | ElementVape.de","description":"Wir bieten Bang King PUFFS KEY TYPE E-Zigarette Peach Ice Fruchtige S\u00fc\u00dfe trifft auf erfrischende K\u00fchle , Elementvape.de akzeptieren Gro\u00df-und Einzelhandel Bestellungen.","robots":{"index":"index","follow":"follow","max-snippet":"max-snippet:-1","max-image-preview":"max-image-preview:large","max-video-preview":"max-video-preview:-1"},"canonical":"https:\/\/www.elementvape.de\/es\/produkt\/bang-king-puffs-key-type-e-zigarette-peach-ice-fruchtige-suesse-trifft-auf-erfrischende-kuehle\/","og_locale":"es_ES","og_type":"article","og_title":"Bang King PUFFS KEY TYPE E-Zigarette Peach Ice Fruchtige S\u00fc\u00dfe trifft auf erfrischende K\u00fchle | ElementVape.de","og_description":"Wir bieten Bang King PUFFS KEY TYPE E-Zigarette Peach Ice Fruchtige S\u00fc\u00dfe trifft auf erfrischende K\u00fchle , Elementvape.de akzeptieren Gro\u00df-und Einzelhandel Bestellungen.","og_url":"https:\/\/www.elementvape.de\/es\/produkt\/bang-king-puffs-key-type-e-zigarette-peach-ice-fruchtige-suesse-trifft-auf-erfrischende-kuehle\/","og_site_name":"ElementVape.de","article_modified_time":"2024-11-23T06:22:01+00:00","og_image":[{"width":800,"height":800,"url":"https:\/\/www.elementvape.de\/wp-content\/uploads\/2024\/11\/PEACH-ICE.webp","type":"image\/webp"}],"twitter_card":"summary_large_image","twitter_misc":{"Est. reading time":"5 minutos"},"schema":{"@context":"https:\/\/schema.org","@graph":[{"@type":"WebPage","@id":"https:\/\/www.elementvape.de\/nl\/produkt\/bang-king-puffs-key-type-e-zigarette-peach-ice-fruchtige-suesse-trifft-auf-erfrischende-kuehle\/","url":"https:\/\/www.elementvape.de\/nl\/produkt\/bang-king-puffs-key-type-e-zigarette-peach-ice-fruchtige-suesse-trifft-auf-erfrischende-kuehle\/","name":"Bang King PUFFS KEY TYPE E-Zigarette Peach Ice Fruchtige S\u00fc\u00dfe trifft auf erfrischende K\u00fchle | ElementVape.de","isPartOf":{"@id":"https:\/\/www.elementvape.de\/#website"},"primaryImageOfPage":{"@id":"https:\/\/www.elementvape.de\/nl\/produkt\/bang-king-puffs-key-type-e-zigarette-peach-ice-fruchtige-suesse-trifft-auf-erfrischende-kuehle\/#primaryimage"},"image":{"@id":"https:\/\/www.elementvape.de\/nl\/produkt\/bang-king-puffs-key-type-e-zigarette-peach-ice-fruchtige-suesse-trifft-auf-erfrischende-kuehle\/#primaryimage"},"thumbnailUrl":"https:\/\/www.elementvape.de\/wp-content\/uploads\/2024\/11\/PEACH-ICE.webp","datePublished":"2024-11-23T06:11:16+00:00","dateModified":"2024-11-23T06:22:01+00:00","description":"Wir bieten Bang King PUFFS KEY TYPE E-Zigarette Peach Ice Fruchtige S\u00fc\u00dfe trifft auf erfrischende K\u00fchle , Elementvape.de akzeptieren Gro\u00df-und Einzelhandel Bestellungen.","breadcrumb":{"@id":"https:\/\/www.elementvape.de\/nl\/produkt\/bang-king-puffs-key-type-e-zigarette-peach-ice-fruchtige-suesse-trifft-auf-erfrischende-kuehle\/#breadcrumb"},"inLanguage":"es","potentialAction":[{"@type":"ReadAction","target":["https:\/\/www.elementvape.de\/nl\/produkt\/bang-king-puffs-key-type-e-zigarette-peach-ice-fruchtige-suesse-trifft-auf-erfrischende-kuehle\/"]}]},{"@type":"ImageObject","inLanguage":"es","@id":"https:\/\/www.elementvape.de\/nl\/produkt\/bang-king-puffs-key-type-e-zigarette-peach-ice-fruchtige-suesse-trifft-auf-erfrischende-kuehle\/#primaryimage","url":"https:\/\/www.elementvape.de\/wp-content\/uploads\/2024\/11\/PEACH-ICE.webp","contentUrl":"https:\/\/www.elementvape.de\/wp-content\/uploads\/2024\/11\/PEACH-ICE.webp","width":800,"height":800,"caption":"PEACH ICE BANG KING 12000 PUFFS KEY TYPE E-Zigarette"},{"@type":"BreadcrumbList","@id":"https:\/\/www.elementvape.de\/nl\/produkt\/bang-king-puffs-key-type-e-zigarette-peach-ice-fruchtige-suesse-trifft-auf-erfrischende-kuehle\/#breadcrumb","itemListElement":[{"@type":"ListItem","position":1,"name":"Home","item":"https:\/\/www.elementvape.de\/"},{"@type":"ListItem","position":2,"name":"Shop","item":"https:\/\/www.elementvape.de\/shop\/"},{"@type":"ListItem","position":3,"name":"Bang King PUFFS KEY TYPE E-Zigarette Peach Ice Fruchtige S\u00fc\u00dfe trifft auf erfrischende K\u00fchle"}]},{"@type":"WebSite","@id":"https:\/\/www.elementvape.de\/#website","url":"https:\/\/www.elementvape.de\/","name":"ElementVape.de","description":"","publisher":{"@id":"https:\/\/www.elementvape.de\/#organization"},"potentialAction":[{"@type":"SearchAction","target":{"@type":"EntryPoint","urlTemplate":"https:\/\/www.elementvape.de\/?s={search_term_string}"},"query-input":"required name=search_term_string"}],"inLanguage":"es"},{"@type":"Organization","@id":"https:\/\/www.elementvape.de\/#organization","name":"ElementVape.DE","url":"https:\/\/www.elementvape.de\/","logo":{"@type":"ImageObject","inLanguage":"es","@id":"https:\/\/www.elementvape.de\/#\/schema\/logo\/image\/","url":"https:\/\/www.elementvape.de\/wp-content\/uploads\/2024\/09\/cropped-1elementvape-3.png","contentUrl":"https:\/\/www.elementvape.de\/wp-content\/uploads\/2024\/09\/cropped-1elementvape-3.png","width":285,"height":228,"caption":"ElementVape.DE"},"image":{"@id":"https:\/\/www.elementvape.de\/#\/schema\/logo\/image\/"}}]}},"_links":{"self":[{"href":"https:\/\/www.elementvape.de\/es\/wp-json\/wp\/v2\/product\/15334"}],"collection":[{"href":"https:\/\/www.elementvape.de\/es\/wp-json\/wp\/v2\/product"}],"about":[{"href":"https:\/\/www.elementvape.de\/es\/wp-json\/wp\/v2\/types\/product"}],"wp:featuredmedia":[{"embeddable":true,"href":"https:\/\/www.elementvape.de\/es\/wp-json\/wp\/v2\/media\/15336"}],"wp:attachment":[{"href":"https:\/\/www.elementvape.de\/es\/wp-json\/wp\/v2\/media?parent=15334"}],"wp:term":[{"taxonomy":"product_cat","embeddable":true,"href":"https:\/\/www.elementvape.de\/es\/wp-json\/wp\/v2\/product_cat?post=15334"},{"taxonomy":"product_tag","embeddable":true,"href":"https:\/\/www.elementvape.de\/es\/wp-json\/wp\/v2\/product_tag?post=15334"}],"curies":[{"name":"wp","href":"https:\/\/api.w.org\/{rel}","templated":true}]}}