{"id":14625,"date":"2024-09-24T08:38:21","date_gmt":"2024-09-24T08:38:21","guid":{"rendered":"https:\/\/www.elementvape.de\/?post_type=product&#038;p=14625"},"modified":"2024-10-09T07:20:41","modified_gmt":"2024-10-09T07:20:41","slug":"geniessen-sie-die-fruchtige-kuehle-der-bang-blaze-20000-puffs-strawberry-ice-einweg-e-zigarette-mit-20000-zuegen-purer-erdbeersensation","status":"publish","type":"product","link":"https:\/\/www.elementvape.de\/es\/produkt\/geniessen-sie-die-fruchtige-kuehle-der-bang-blaze-20000-puffs-strawberry-ice-einweg-e-zigarette-mit-20000-zuegen-purer-erdbeersensation\/","title":{"rendered":"Disfruta del frescor frutal del BANG BLAZE 20000 PUFFS STRAWBERRY ICE, un cigarrillo electr\u00f3nico desechable con 20000 inhalaciones de pura sensaci\u00f3n a fresa"},"content":{"rendered":"<p>Disfrute de la frescura afrutada del cigarrillo electr\u00f3nico desechable BANG BLAZE 20000 PUFFS STRAWBERRY ICE, que le ofrece <strong><a href=\"https:\/\/www.elementvape.de\/es\/p-tag\/groesser-oder-gleich-20000-zuege\/\" target=\"_blank\" rel=\"noopener\">20000 caladas<\/a><\/strong> una sensaci\u00f3n de fresa pura. Este cigarrillo electr\u00f3nico combina una frescura refrescante con el dulce sabor de las fresas jugosas y proporciona una experiencia de vapeo incomparable que entusiasmar\u00e1 tanto a los principiantes como a los vapeadores experimentados.<\/p>\n<p>El BANG BLAZE 20000 PUFFS STRAWBERRY ICE no es solo un placer para los sentidos, sino tambi\u00e9n una obra maestra de la moderna tecnolog\u00eda de vapeo. Estas son las caracter\u00edsticas m\u00e1s destacadas:<\/p>\n<h4>1. Alto n\u00famero de inhalaciones<\/h4>\n<p>Con 20.000 caladas, el BANG BLAZE ofrece una vida \u00fatil excepcional que le permite disfrutar de los deliciosos aromas durante un per\u00edodo de tiempo m\u00e1s prolongado sin tener que recargar o rellenar constantemente.<\/p>\n<h4>2. Refrescante sabor a fresa<\/h4>\n<p>El sabor de las fresas frescas, combinado con una nota helada revitalizante, crea una experiencia de vapeo refrescante que es a la vez dulce y refrescante. Cada calada da vida a los aromas y proporciona una intensa experiencia de sabor.<\/p>\n<h4>3. Bater\u00eda recargable<\/h4>\n<p>Equipado con una bater\u00eda recargable de 1000 mAh, el BANG BLAZE ofrece un rendimiento fiable. El puerto de carga Type-C garantiza una carga r\u00e1pida y sencilla, para que pueda pasar menos tiempo esperando y m\u00e1s tiempo vapeando.<\/p>\n<h4>4. Gran capacidad de e-l\u00edquido<\/h4>\n<p>Con una capacidad de 26 ml, puede disfrutar de m\u00e1s E-Liquid, lo que significa que tiene que dedicar menos tiempo a las recargas. Esta funci\u00f3n es especialmente ventajosa para aquellos que vapean mucho.<\/p>\n<h4>5. Contenido de N vers\u00e1til<\/h4>\n<p>El BANG BLAZE est\u00e1 disponible en varios contenidos de N: 2% y 5%. Esta flexibilidad le permite dise\u00f1ar su experiencia de vapeo completamente de acuerdo con sus preferencias.<\/p>\n<h4>6. Doble bobina de malla<\/h4>\n<p>La innovadora Dual Mesh Coil con 1,0\u03a9 garantiza una evaporaci\u00f3n uniforme y una intensa experiencia de sabor. Esta tecnolog\u00eda asegura que las dulces notas de fresa se destaquen a la perfecci\u00f3n.<\/p>\n<h4>7. Dise\u00f1o f\u00e1cil de usar<\/h4>\n<p>Con un peso de solo 85 g, el BANG BLAZE es ligero y port\u00e1til. Su dise\u00f1o delgado lo hace ideal para el uso diario y f\u00e1cil de llevar.<\/p>\n<h4>8. Pantalla de visualizaci\u00f3n<\/h4>\n<p>La pantalla integrada le informa sobre el estado de la bater\u00eda y las caladas restantes. Para que siempre sepa cu\u00e1ndo es el momento de recargar o conseguir una nueva <strong><a href=\"https:\/\/www.elementvape.de\/es\/\" target=\"_blank\" rel=\"noopener\">Cigarrillo Electr\u00f3nico<\/a><\/strong> unidad.<\/p>\n<h3>Experiencia de sabor<\/h3>\n<p>La experiencia de sabor del BANG BLAZE 20000 PUFFS STRAWBERRY ICE es un placer para todos los sentidos. El sabor dulce y jugoso de las fresas combinado con una frescura fresca ofrece un equilibrio perfecto y proporciona una experiencia de vapeo refrescante, ideal para cualquier ocasi\u00f3n.<\/p>\n<h3>Ventajas del BANG BLAZE<\/h3>\n<p>El BANG BLAZE est\u00e1 listo para usar de inmediato y no requiere una configuraci\u00f3n complicada. Simplemente tire y disfrute, perfecto para aquellos que buscan una experiencia de vapeo simple y sabrosa.<\/p>\n<p>Con una bater\u00eda recargable y una gran cantidad de caladas, el BANG BLAZE es una opci\u00f3n m\u00e1s respetuosa con el medio ambiente en comparaci\u00f3n con los productos desechables convencionales.<\/p>\n<p>Gracias a las diferentes concentraciones de nicotina, puede personalizar su experiencia de vapeo y ajustarla a sus necesidades.<\/p>\n<p>El BANG BLAZE 20000 PUFFS STRAWBERRY ICE est\u00e1 dirigido a:<\/p>\n<ul>\n<li>Vape ocasionales: Ideal para quienes buscan una experiencia refrescante y afrutada.<\/li>\n<li>Entusiastas del vapeo: La tecnolog\u00eda innovadora y el delicioso sabor atraen a vapeadores experimentados.<\/li>\n<li>Consumidores conscientes de la salud: La elecci\u00f3n entre diferentes concentraciones de nicotina permite un mejor control del consumo de nicotina.<\/li>\n<\/ul>\n<p>Para comercializar con \u00e9xito el BANG BLAZE 20000 PUFFS STRAWBERRY ICE, se deben utilizar los siguientes canales:<\/p>\n<ul>\n<li>Redes sociales: Contenido creativo en plataformas como Instagram y TikTok que destaque la experiencia de sabor y la facilidad de uso.<\/li>\n<li>Marketing de influencers: Colaboraci\u00f3n con influencers en la comunidad de vapeo para obtener rese\u00f1as aut\u00e9nticas y aumentar el alcance.<\/li>\n<li>Publicidad online: Campa\u00f1as publicitarias dirigidas en sitios web relevantes y en aplicaciones utilizadas por el p\u00fablico objetivo.<\/li>\n<\/ul>","protected":false},"excerpt":{"rendered":"<p>Genie\u00dfen Sie die fruchtige K\u00fchle der BANG BLAZE 20000 PUFFS STRAWBERRY ICE Einweg-E-Zigarette, die Ihnen 20000 Z\u00fcge voller purer Erdbeersensation bietet. Diese E-Zigarette vereint erfrischende K\u00fchle mit dem s\u00fc\u00dfen Geschmack saftiger Erdbeeren und sorgt f\u00fcr ein unvergleichliches Dampferlebnis, das sowohl Neueinsteiger als auch erfahrene Dampfer begeistern wird. Die BANG BLAZE 20000 PUFFS STRAWBERRY ICE ist [&hellip;]<\/p>","protected":false},"featured_media":14618,"template":"","meta":{"inline_featured_image":false},"product_cat":[15,762,739,743,744,755,738,751],"product_tag":[710,725],"tiered_pricing_type":"fixed","tiered_pricing_fixed_rules":{"60":"6.83","110":"6.07","200":"5.31"},"tiered_pricing_percentage_rules":[],"tiered_pricing_minimum":1,"_administrator_tiered_pricing_type":"fixed","_administrator_tiered_pricing_fixed_rules":[],"_editor_tiered_pricing_type":"fixed","_editor_tiered_pricing_fixed_rules":[],"_author_tiered_pricing_type":"fixed","_author_tiered_pricing_fixed_rules":[],"_contributor_tiered_pricing_type":"fixed","_contributor_tiered_pricing_fixed_rules":[],"_subscriber_tiered_pricing_type":"fixed","_subscriber_tiered_pricing_fixed_rules":[],"_customer_tiered_pricing_type":"fixed","_customer_tiered_pricing_fixed_rules":[],"_shop_manager_tiered_pricing_type":"fixed","_shop_manager_tiered_pricing_fixed_rules":[],"_wpseo_manager_tiered_pricing_type":"fixed","_wpseo_manager_tiered_pricing_fixed_rules":[],"_wpseo_editor_tiered_pricing_type":"fixed","_wpseo_editor_tiered_pricing_fixed_rules":[],"_wholesale_customer_tiered_pricing_type":"fixed","_wholesale_customer_tiered_pricing_fixed_rules":[],"_marketer_tiered_pricing_type":"fixed","_marketer_tiered_pricing_fixed_rules":[],"_sales_manager_tiered_pricing_type":"fixed","_sales_manager_tiered_pricing_fixed_rules":[],"_sales_rep_tiered_pricing_type":"fixed","_sales_rep_tiered_pricing_fixed_rules":[],"yoast_head":"<!-- This site is optimized with the Yoast SEO plugin v23.3 - https:\/\/yoast.com\/wordpress\/plugins\/seo\/ -->\n<title>Genie\u00dfen Sie die fruchtige K\u00fchle der BANG BLAZE 20000 PUFFS STRAWBERRY ICE Einweg-E-Zigarette mit 20000 Z\u00fcgen purer Erdbeersensation | ElementVape.de<\/title>\n<meta name=\"description\" content=\"Wir bieten Genie\u00dfen Sie die fruchtige K\u00fchle der BANG BLAZE 20000 PUFFS STRAWBERRY ICE Einweg-E-Zigarette mit 20000 Z\u00fcgen purer Erdbeersensation , Elementvape.de akzeptieren Gro\u00df-und Einzelhandel Bestellungen.\" \/>\n<meta name=\"robots\" content=\"index, follow, max-snippet:-1, max-image-preview:large, max-video-preview:-1\" \/>\n<link rel=\"canonical\" href=\"https:\/\/www.elementvape.de\/es\/produkt\/geniessen-sie-die-fruchtige-kuehle-der-bang-blaze-20000-puffs-strawberry-ice-einweg-e-zigarette-mit-20000-zuegen-purer-erdbeersensation\/\" \/>\n<meta property=\"og:locale\" content=\"es_ES\" \/>\n<meta property=\"og:type\" content=\"article\" \/>\n<meta property=\"og:title\" content=\"Genie\u00dfen Sie die fruchtige K\u00fchle der BANG BLAZE 20000 PUFFS STRAWBERRY ICE Einweg-E-Zigarette mit 20000 Z\u00fcgen purer Erdbeersensation | ElementVape.de\" \/>\n<meta property=\"og:description\" content=\"Wir bieten Genie\u00dfen Sie die fruchtige K\u00fchle der BANG BLAZE 20000 PUFFS STRAWBERRY ICE Einweg-E-Zigarette mit 20000 Z\u00fcgen purer Erdbeersensation , Elementvape.de akzeptieren Gro\u00df-und Einzelhandel Bestellungen.\" \/>\n<meta property=\"og:url\" content=\"https:\/\/www.elementvape.de\/es\/produkt\/geniessen-sie-die-fruchtige-kuehle-der-bang-blaze-20000-puffs-strawberry-ice-einweg-e-zigarette-mit-20000-zuegen-purer-erdbeersensation\/\" \/>\n<meta property=\"og:site_name\" content=\"ElementVape.de\" \/>\n<meta property=\"article:modified_time\" content=\"2024-10-09T07:20:41+00:00\" \/>\n<meta property=\"og:image\" content=\"https:\/\/www.elementvape.de\/wp-content\/uploads\/2024\/09\/STRAWBERRY-ICE-3.jpg\" \/>\n\t<meta property=\"og:image:width\" content=\"2000\" \/>\n\t<meta property=\"og:image:height\" content=\"1343\" \/>\n\t<meta property=\"og:image:type\" content=\"image\/jpeg\" \/>\n<meta name=\"twitter:card\" content=\"summary_large_image\" \/>\n<meta name=\"twitter:label1\" content=\"Est. reading time\" \/>\n\t<meta name=\"twitter:data1\" content=\"4 minutos\" \/>\n<script type=\"application\/ld+json\" class=\"yoast-schema-graph\">{\"@context\":\"https:\/\/schema.org\",\"@graph\":[{\"@type\":\"WebPage\",\"@id\":\"https:\/\/www.elementvape.de\/da\/produkt\/geniessen-sie-die-fruchtige-kuehle-der-bang-blaze-20000-puffs-strawberry-ice-einweg-e-zigarette-mit-20000-zuegen-purer-erdbeersensation\/\",\"url\":\"https:\/\/www.elementvape.de\/da\/produkt\/geniessen-sie-die-fruchtige-kuehle-der-bang-blaze-20000-puffs-strawberry-ice-einweg-e-zigarette-mit-20000-zuegen-purer-erdbeersensation\/\",\"name\":\"Genie\u00dfen Sie die fruchtige K\u00fchle der BANG BLAZE 20000 PUFFS STRAWBERRY ICE Einweg-E-Zigarette mit 20000 Z\u00fcgen purer Erdbeersensation | ElementVape.de\",\"isPartOf\":{\"@id\":\"https:\/\/www.elementvape.de\/#website\"},\"primaryImageOfPage\":{\"@id\":\"https:\/\/www.elementvape.de\/da\/produkt\/geniessen-sie-die-fruchtige-kuehle-der-bang-blaze-20000-puffs-strawberry-ice-einweg-e-zigarette-mit-20000-zuegen-purer-erdbeersensation\/#primaryimage\"},\"image\":{\"@id\":\"https:\/\/www.elementvape.de\/da\/produkt\/geniessen-sie-die-fruchtige-kuehle-der-bang-blaze-20000-puffs-strawberry-ice-einweg-e-zigarette-mit-20000-zuegen-purer-erdbeersensation\/#primaryimage\"},\"thumbnailUrl\":\"https:\/\/www.elementvape.de\/wp-content\/uploads\/2024\/09\/STRAWBERRY-ICE-3.jpg\",\"datePublished\":\"2024-09-24T08:38:21+00:00\",\"dateModified\":\"2024-10-09T07:20:41+00:00\",\"description\":\"Wir bieten Genie\u00dfen Sie die fruchtige K\u00fchle der BANG BLAZE 20000 PUFFS STRAWBERRY ICE Einweg-E-Zigarette mit 20000 Z\u00fcgen purer Erdbeersensation , Elementvape.de akzeptieren Gro\u00df-und Einzelhandel Bestellungen.\",\"breadcrumb\":{\"@id\":\"https:\/\/www.elementvape.de\/da\/produkt\/geniessen-sie-die-fruchtige-kuehle-der-bang-blaze-20000-puffs-strawberry-ice-einweg-e-zigarette-mit-20000-zuegen-purer-erdbeersensation\/#breadcrumb\"},\"inLanguage\":\"es\",\"potentialAction\":[{\"@type\":\"ReadAction\",\"target\":[\"https:\/\/www.elementvape.de\/da\/produkt\/geniessen-sie-die-fruchtige-kuehle-der-bang-blaze-20000-puffs-strawberry-ice-einweg-e-zigarette-mit-20000-zuegen-purer-erdbeersensation\/\"]}]},{\"@type\":\"ImageObject\",\"inLanguage\":\"es\",\"@id\":\"https:\/\/www.elementvape.de\/da\/produkt\/geniessen-sie-die-fruchtige-kuehle-der-bang-blaze-20000-puffs-strawberry-ice-einweg-e-zigarette-mit-20000-zuegen-purer-erdbeersensation\/#primaryimage\",\"url\":\"https:\/\/www.elementvape.de\/wp-content\/uploads\/2024\/09\/STRAWBERRY-ICE-3.jpg\",\"contentUrl\":\"https:\/\/www.elementvape.de\/wp-content\/uploads\/2024\/09\/STRAWBERRY-ICE-3.jpg\",\"width\":2000,\"height\":1343,\"caption\":\"STRAWBERRY ICE\"},{\"@type\":\"BreadcrumbList\",\"@id\":\"https:\/\/www.elementvape.de\/da\/produkt\/geniessen-sie-die-fruchtige-kuehle-der-bang-blaze-20000-puffs-strawberry-ice-einweg-e-zigarette-mit-20000-zuegen-purer-erdbeersensation\/#breadcrumb\",\"itemListElement\":[{\"@type\":\"ListItem\",\"position\":1,\"name\":\"Home\",\"item\":\"https:\/\/www.elementvape.de\/\"},{\"@type\":\"ListItem\",\"position\":2,\"name\":\"Shop\",\"item\":\"https:\/\/www.elementvape.de\/shop\/\"},{\"@type\":\"ListItem\",\"position\":3,\"name\":\"Genie\u00dfen Sie die fruchtige K\u00fchle der BANG BLAZE 20000 PUFFS STRAWBERRY ICE Einweg-E-Zigarette mit 20000 Z\u00fcgen purer Erdbeersensation\"}]},{\"@type\":\"WebSite\",\"@id\":\"https:\/\/www.elementvape.de\/#website\",\"url\":\"https:\/\/www.elementvape.de\/\",\"name\":\"ElementVape.de\",\"description\":\"\",\"publisher\":{\"@id\":\"https:\/\/www.elementvape.de\/#organization\"},\"potentialAction\":[{\"@type\":\"SearchAction\",\"target\":{\"@type\":\"EntryPoint\",\"urlTemplate\":\"https:\/\/www.elementvape.de\/?s={search_term_string}\"},\"query-input\":\"required name=search_term_string\"}],\"inLanguage\":\"es\"},{\"@type\":\"Organization\",\"@id\":\"https:\/\/www.elementvape.de\/#organization\",\"name\":\"ElementVape.DE\",\"url\":\"https:\/\/www.elementvape.de\/\",\"logo\":{\"@type\":\"ImageObject\",\"inLanguage\":\"es\",\"@id\":\"https:\/\/www.elementvape.de\/#\/schema\/logo\/image\/\",\"url\":\"https:\/\/www.elementvape.de\/wp-content\/uploads\/2024\/09\/cropped-1elementvape-3.png\",\"contentUrl\":\"https:\/\/www.elementvape.de\/wp-content\/uploads\/2024\/09\/cropped-1elementvape-3.png\",\"width\":285,\"height\":228,\"caption\":\"ElementVape.DE\"},\"image\":{\"@id\":\"https:\/\/www.elementvape.de\/#\/schema\/logo\/image\/\"}}]}<\/script>\n<!-- \/ Yoast SEO plugin. -->","yoast_head_json":{"title":"Genie\u00dfen Sie die fruchtige K\u00fchle der BANG BLAZE 20000 PUFFS STRAWBERRY ICE Einweg-E-Zigarette mit 20000 Z\u00fcgen purer Erdbeersensation | ElementVape.de","description":"Wir bieten Genie\u00dfen Sie die fruchtige K\u00fchle der BANG BLAZE 20000 PUFFS STRAWBERRY ICE Einweg-E-Zigarette mit 20000 Z\u00fcgen purer Erdbeersensation , Elementvape.de akzeptieren Gro\u00df-und Einzelhandel Bestellungen.","robots":{"index":"index","follow":"follow","max-snippet":"max-snippet:-1","max-image-preview":"max-image-preview:large","max-video-preview":"max-video-preview:-1"},"canonical":"https:\/\/www.elementvape.de\/es\/produkt\/geniessen-sie-die-fruchtige-kuehle-der-bang-blaze-20000-puffs-strawberry-ice-einweg-e-zigarette-mit-20000-zuegen-purer-erdbeersensation\/","og_locale":"es_ES","og_type":"article","og_title":"Genie\u00dfen Sie die fruchtige K\u00fchle der BANG BLAZE 20000 PUFFS STRAWBERRY ICE Einweg-E-Zigarette mit 20000 Z\u00fcgen purer Erdbeersensation | ElementVape.de","og_description":"Wir bieten Genie\u00dfen Sie die fruchtige K\u00fchle der BANG BLAZE 20000 PUFFS STRAWBERRY ICE Einweg-E-Zigarette mit 20000 Z\u00fcgen purer Erdbeersensation , Elementvape.de akzeptieren Gro\u00df-und Einzelhandel Bestellungen.","og_url":"https:\/\/www.elementvape.de\/es\/produkt\/geniessen-sie-die-fruchtige-kuehle-der-bang-blaze-20000-puffs-strawberry-ice-einweg-e-zigarette-mit-20000-zuegen-purer-erdbeersensation\/","og_site_name":"ElementVape.de","article_modified_time":"2024-10-09T07:20:41+00:00","og_image":[{"width":2000,"height":1343,"url":"https:\/\/www.elementvape.de\/wp-content\/uploads\/2024\/09\/STRAWBERRY-ICE-3.jpg","type":"image\/jpeg"}],"twitter_card":"summary_large_image","twitter_misc":{"Est. reading time":"4 minutos"},"schema":{"@context":"https:\/\/schema.org","@graph":[{"@type":"WebPage","@id":"https:\/\/www.elementvape.de\/da\/produkt\/geniessen-sie-die-fruchtige-kuehle-der-bang-blaze-20000-puffs-strawberry-ice-einweg-e-zigarette-mit-20000-zuegen-purer-erdbeersensation\/","url":"https:\/\/www.elementvape.de\/da\/produkt\/geniessen-sie-die-fruchtige-kuehle-der-bang-blaze-20000-puffs-strawberry-ice-einweg-e-zigarette-mit-20000-zuegen-purer-erdbeersensation\/","name":"Genie\u00dfen Sie die fruchtige K\u00fchle der BANG BLAZE 20000 PUFFS STRAWBERRY ICE Einweg-E-Zigarette mit 20000 Z\u00fcgen purer Erdbeersensation | ElementVape.de","isPartOf":{"@id":"https:\/\/www.elementvape.de\/#website"},"primaryImageOfPage":{"@id":"https:\/\/www.elementvape.de\/da\/produkt\/geniessen-sie-die-fruchtige-kuehle-der-bang-blaze-20000-puffs-strawberry-ice-einweg-e-zigarette-mit-20000-zuegen-purer-erdbeersensation\/#primaryimage"},"image":{"@id":"https:\/\/www.elementvape.de\/da\/produkt\/geniessen-sie-die-fruchtige-kuehle-der-bang-blaze-20000-puffs-strawberry-ice-einweg-e-zigarette-mit-20000-zuegen-purer-erdbeersensation\/#primaryimage"},"thumbnailUrl":"https:\/\/www.elementvape.de\/wp-content\/uploads\/2024\/09\/STRAWBERRY-ICE-3.jpg","datePublished":"2024-09-24T08:38:21+00:00","dateModified":"2024-10-09T07:20:41+00:00","description":"Wir bieten Genie\u00dfen Sie die fruchtige K\u00fchle der BANG BLAZE 20000 PUFFS STRAWBERRY ICE Einweg-E-Zigarette mit 20000 Z\u00fcgen purer Erdbeersensation , Elementvape.de akzeptieren Gro\u00df-und Einzelhandel Bestellungen.","breadcrumb":{"@id":"https:\/\/www.elementvape.de\/da\/produkt\/geniessen-sie-die-fruchtige-kuehle-der-bang-blaze-20000-puffs-strawberry-ice-einweg-e-zigarette-mit-20000-zuegen-purer-erdbeersensation\/#breadcrumb"},"inLanguage":"es","potentialAction":[{"@type":"ReadAction","target":["https:\/\/www.elementvape.de\/da\/produkt\/geniessen-sie-die-fruchtige-kuehle-der-bang-blaze-20000-puffs-strawberry-ice-einweg-e-zigarette-mit-20000-zuegen-purer-erdbeersensation\/"]}]},{"@type":"ImageObject","inLanguage":"es","@id":"https:\/\/www.elementvape.de\/da\/produkt\/geniessen-sie-die-fruchtige-kuehle-der-bang-blaze-20000-puffs-strawberry-ice-einweg-e-zigarette-mit-20000-zuegen-purer-erdbeersensation\/#primaryimage","url":"https:\/\/www.elementvape.de\/wp-content\/uploads\/2024\/09\/STRAWBERRY-ICE-3.jpg","contentUrl":"https:\/\/www.elementvape.de\/wp-content\/uploads\/2024\/09\/STRAWBERRY-ICE-3.jpg","width":2000,"height":1343,"caption":"STRAWBERRY ICE"},{"@type":"BreadcrumbList","@id":"https:\/\/www.elementvape.de\/da\/produkt\/geniessen-sie-die-fruchtige-kuehle-der-bang-blaze-20000-puffs-strawberry-ice-einweg-e-zigarette-mit-20000-zuegen-purer-erdbeersensation\/#breadcrumb","itemListElement":[{"@type":"ListItem","position":1,"name":"Home","item":"https:\/\/www.elementvape.de\/"},{"@type":"ListItem","position":2,"name":"Shop","item":"https:\/\/www.elementvape.de\/shop\/"},{"@type":"ListItem","position":3,"name":"Genie\u00dfen Sie die fruchtige K\u00fchle der BANG BLAZE 20000 PUFFS STRAWBERRY ICE Einweg-E-Zigarette mit 20000 Z\u00fcgen purer Erdbeersensation"}]},{"@type":"WebSite","@id":"https:\/\/www.elementvape.de\/#website","url":"https:\/\/www.elementvape.de\/","name":"ElementVape.de","description":"","publisher":{"@id":"https:\/\/www.elementvape.de\/#organization"},"potentialAction":[{"@type":"SearchAction","target":{"@type":"EntryPoint","urlTemplate":"https:\/\/www.elementvape.de\/?s={search_term_string}"},"query-input":"required name=search_term_string"}],"inLanguage":"es"},{"@type":"Organization","@id":"https:\/\/www.elementvape.de\/#organization","name":"ElementVape.DE","url":"https:\/\/www.elementvape.de\/","logo":{"@type":"ImageObject","inLanguage":"es","@id":"https:\/\/www.elementvape.de\/#\/schema\/logo\/image\/","url":"https:\/\/www.elementvape.de\/wp-content\/uploads\/2024\/09\/cropped-1elementvape-3.png","contentUrl":"https:\/\/www.elementvape.de\/wp-content\/uploads\/2024\/09\/cropped-1elementvape-3.png","width":285,"height":228,"caption":"ElementVape.DE"},"image":{"@id":"https:\/\/www.elementvape.de\/#\/schema\/logo\/image\/"}}]}},"_links":{"self":[{"href":"https:\/\/www.elementvape.de\/es\/wp-json\/wp\/v2\/product\/14625"}],"collection":[{"href":"https:\/\/www.elementvape.de\/es\/wp-json\/wp\/v2\/product"}],"about":[{"href":"https:\/\/www.elementvape.de\/es\/wp-json\/wp\/v2\/types\/product"}],"wp:featuredmedia":[{"embeddable":true,"href":"https:\/\/www.elementvape.de\/es\/wp-json\/wp\/v2\/media\/14618"}],"wp:attachment":[{"href":"https:\/\/www.elementvape.de\/es\/wp-json\/wp\/v2\/media?parent=14625"}],"wp:term":[{"taxonomy":"product_cat","embeddable":true,"href":"https:\/\/www.elementvape.de\/es\/wp-json\/wp\/v2\/product_cat?post=14625"},{"taxonomy":"product_tag","embeddable":true,"href":"https:\/\/www.elementvape.de\/es\/wp-json\/wp\/v2\/product_tag?post=14625"}],"curies":[{"name":"wp","href":"https:\/\/api.w.org\/{rel}","templated":true}]}}