{"id":14605,"date":"2024-09-24T07:41:05","date_gmt":"2024-09-24T07:41:05","guid":{"rendered":"https:\/\/www.elementvape.de\/?post_type=product&#038;p=14605"},"modified":"2024-10-09T07:27:02","modified_gmt":"2024-10-09T07:27:02","slug":"erleben-sie-die-geheimnisvolle-frische-von-mr-blue-bang-tn12000-puffs-einweg-e-zigarette-mit-12000-zuegen-intensiver-beerenaromen","status":"publish","type":"product","link":"https:\/\/www.elementvape.de\/es\/produkt\/erleben-sie-die-geheimnisvolle-frische-von-mr-blue-bang-tn12000-puffs-einweg-e-zigarette-mit-12000-zuegen-intensiver-beerenaromen\/","title":{"rendered":"Experimenta la fresca misteriosa de MR BLUE BANG TN12000 CALADAS Cigarrillo electr\u00f3nico desechable con 12000 caladas de sabores intensos a bayas"},"content":{"rendered":"<h3>1. Experiencia de vapeo inconfundible con MR BLUE BANG TN12000 PUFFS<\/h3>\n<p>El cigarrillo electr\u00f3nico desechable MR BLUE BANG TN12000 PUFFS le ofrece <strong><a href=\"https:\/\/www.elementvape.de\/es\/p-tag\/groesser-oder-gleich-12000-zuege\/\" target=\"_blank\" rel=\"noopener\">12000 caladas<\/a><\/strong> lleno de intensos aromas de bayas que despliegan una frescura misteriosa en cada calada. Esta mezcla de diferentes bayas proporciona una experiencia de sabor rica y compleja, que va de dulce a refrescante.<\/p>\n<p>Gracias a la combinaci\u00f3n perfectamente equilibrada de aromas de bayas, incluyendo ar\u00e1ndanos, frambuesas y moras, disfrutar\u00e1 con cada inhalaci\u00f3n de toda la fuerza de la naturaleza. La nota fr\u00eda proporciona un acabado refrescante que revitaliza sus sentidos y completa el disfrute, ideal para cualquier vapeador que busque frescura afrutada.<\/p>\n<hr \/>\n<h3>2. Especificaciones t\u00e9cnicas para un disfrute duradero<\/h3>\n<table>\n<thead>\n<tr>\n<th>Especificaciones t\u00e9cnicas<\/th>\n<th>Detalles<\/th>\n<\/tr>\n<\/thead>\n<tbody>\n<tr>\n<td>Bater\u00eda<\/td>\n<td>650mAh (18250)<\/td>\n<\/tr>\n<tr>\n<td>Capacidad de e-l\u00edquido<\/td>\n<td>22ml<\/td>\n<\/tr>\n<tr>\n<td>Caladas<\/td>\n<td>12.000<\/td>\n<\/tr>\n<tr>\n<td>Resistencias<\/td>\n<td>Resistencia de malla de 1.0 Ohm<\/td>\n<\/tr>\n<tr>\n<td>Conector de carga<\/td>\n<td>Tipo-C<\/td>\n<\/tr>\n<tr>\n<td>Contenido de N<\/td>\n<td>2%, 5%<\/td>\n<\/tr>\n<tr>\n<td>Material<\/td>\n<td>PC<\/td>\n<\/tr>\n<tr>\n<td>Unidad de embalaje<\/td>\n<td>1 caja (10 unidades)<\/td>\n<\/tr>\n<\/tbody>\n<\/table>\n<p>El MR BLUE BANG TN<strong><a href=\"https:\/\/www.elementvape.de\/es\/p-tag\/groesser-oder-gleich-12000-zuege\/\" target=\"_blank\" rel=\"noopener\">12000 PUFFS<\/a><\/strong> no solo es convincente en cuanto al sabor, sino tambi\u00e9n t\u00e9cnicamente del m\u00e1s alto nivel. Equipado con una bater\u00eda de 650mAh, ofrece suficiente capacidad para una experiencia de vapeo larga y continua. La resistencia de malla de 1.0 Ohm garantiza una evaporaci\u00f3n uniforme del E-Liquid de 22ml, creando as\u00ed nubes densas y un sabor intenso.<\/p>\n<p>El puerto de carga Type-C asegura que la carga sea r\u00e1pida y sencilla. Con una selecci\u00f3n de contenido de N entre 2% y 5%, tambi\u00e9n tiene la posibilidad de personalizar su experiencia de vapeo individualmente. El robusto material de PC le da al dispositivo una alta resistencia.<img loading=\"lazy\" decoding=\"async\" class=\"alignnone size-medium wp-image-14586\" src=\"https:\/\/www.elementvape.de\/wp-content\/uploads\/2024\/09\/mmexport1703904077212-300x186.png\" alt=\"\" width=\"300\" height=\"186\" srcset=\"https:\/\/www.elementvape.de\/wp-content\/uploads\/2024\/09\/mmexport1703904077212-300x186.png 300w, https:\/\/www.elementvape.de\/wp-content\/uploads\/2024\/09\/mmexport1703904077212-1024x636.png 1024w, https:\/\/www.elementvape.de\/wp-content\/uploads\/2024\/09\/mmexport1703904077212-768x477.png 768w, https:\/\/www.elementvape.de\/wp-content\/uploads\/2024\/09\/mmexport1703904077212-600x372.png 600w, https:\/\/www.elementvape.de\/wp-content\/uploads\/2024\/09\/mmexport1703904077212.png 1242w\" sizes=\"(max-width: 300px) 100vw, 300px\" \/><\/p>\n<h3>Facilidad de uso y experiencia de sabor<\/h3>\n<p>Con el MR BLUE BANG TN12000 PUFFS puede disfrutar del vapeo sin ninguna dificultad. Gracias a la funci\u00f3n desechable, el <strong><a href=\"https:\/\/www.elementvape.de\/es\/\" target=\"_blank\" rel=\"noopener\">Cigarrillo Electr\u00f3nico<\/a><\/strong> est\u00e1 listo para usar inmediatamente \u2013 sin recargas, sin mantenimiento, sin complicaciones. \u00a1Simplemente desempaque y comience a vapear! Esto lo hace ideal para viajar o para usuarios que buscan una experiencia de vapeo sencilla pero de alta calidad.<\/p>\n<p>En cuanto al sabor, la mezcla de aromas de bayas ofrece una experiencia de vapeo refrescante y dulce. Cada inhalaci\u00f3n trae a la luz la frescura afrutada de los ar\u00e1ndanos y otras bayas, mientras que la frescura helada proporciona el toque especial. Este dispositivo es perfecto para todos aquellos que deseen experimentar aromas intensos en un dise\u00f1o f\u00e1cil de usar.<\/p>","protected":false},"excerpt":{"rendered":"<p>1. Unverwechselbares Vaping-Erlebnis mit MR BLUE BANG TN12000 PUFFS Die MR BLUE BANG TN12000 PUFFS Einweg-E-Zigarette bietet Ihnen 12000 Z\u00fcge voller intensiver Beerenaromen, die in jedem Zug eine geheimnisvolle Frische entfalten. Diese Mischung aus verschiedenen Beeren sorgt f\u00fcr ein reichhaltiges und vielschichtiges Geschmackserlebnis, das von s\u00fc\u00df bis erfrischend reicht. Dank der perfekt abgestimmten Kombination aus [&hellip;]<\/p>","protected":false},"featured_media":14588,"template":"","meta":{"inline_featured_image":false},"product_cat":[15,728,739,743,744,755,738,751],"product_tag":[710,673],"tiered_pricing_type":"fixed","tiered_pricing_fixed_rules":{"60":"6.58","110":"5.85","200":"5.12"},"tiered_pricing_percentage_rules":[],"tiered_pricing_minimum":1,"_administrator_tiered_pricing_type":"fixed","_administrator_tiered_pricing_fixed_rules":[],"_editor_tiered_pricing_type":"fixed","_editor_tiered_pricing_fixed_rules":[],"_author_tiered_pricing_type":"fixed","_author_tiered_pricing_fixed_rules":[],"_contributor_tiered_pricing_type":"fixed","_contributor_tiered_pricing_fixed_rules":[],"_subscriber_tiered_pricing_type":"fixed","_subscriber_tiered_pricing_fixed_rules":[],"_customer_tiered_pricing_type":"fixed","_customer_tiered_pricing_fixed_rules":[],"_shop_manager_tiered_pricing_type":"fixed","_shop_manager_tiered_pricing_fixed_rules":[],"_wpseo_manager_tiered_pricing_type":"fixed","_wpseo_manager_tiered_pricing_fixed_rules":[],"_wpseo_editor_tiered_pricing_type":"fixed","_wpseo_editor_tiered_pricing_fixed_rules":[],"_wholesale_customer_tiered_pricing_type":"fixed","_wholesale_customer_tiered_pricing_fixed_rules":[],"_marketer_tiered_pricing_type":"fixed","_marketer_tiered_pricing_fixed_rules":[],"_sales_manager_tiered_pricing_type":"fixed","_sales_manager_tiered_pricing_fixed_rules":[],"_sales_rep_tiered_pricing_type":"fixed","_sales_rep_tiered_pricing_fixed_rules":[],"yoast_head":"<!-- This site is optimized with the Yoast SEO plugin v23.3 - https:\/\/yoast.com\/wordpress\/plugins\/seo\/ -->\n<title>Erleben Sie die geheimnisvolle Frische von MR BLUE BANG TN12000 PUFFS Einweg-E-Zigarette mit 12000 Z\u00fcgen intensiver Beerenaromen | ElementVape.de<\/title>\n<meta name=\"description\" content=\"Wir bieten Erleben Sie die geheimnisvolle Frische von MR BLUE BANG TN12000 PUFFS Einweg-E-Zigarette mit 12000 Z\u00fcgen intensiver Beerenaromen , Elementvape.de akzeptieren Gro\u00df-und Einzelhandel Bestellungen.\" \/>\n<meta name=\"robots\" content=\"index, follow, max-snippet:-1, max-image-preview:large, max-video-preview:-1\" \/>\n<link rel=\"canonical\" href=\"https:\/\/www.elementvape.de\/es\/produkt\/erleben-sie-die-geheimnisvolle-frische-von-mr-blue-bang-tn12000-puffs-einweg-e-zigarette-mit-12000-zuegen-intensiver-beerenaromen\/\" \/>\n<meta property=\"og:locale\" content=\"es_ES\" \/>\n<meta property=\"og:type\" content=\"article\" \/>\n<meta property=\"og:title\" content=\"Erleben Sie die geheimnisvolle Frische von MR BLUE BANG TN12000 PUFFS Einweg-E-Zigarette mit 12000 Z\u00fcgen intensiver Beerenaromen | ElementVape.de\" \/>\n<meta property=\"og:description\" content=\"Wir bieten Erleben Sie die geheimnisvolle Frische von MR BLUE BANG TN12000 PUFFS Einweg-E-Zigarette mit 12000 Z\u00fcgen intensiver Beerenaromen , Elementvape.de akzeptieren Gro\u00df-und Einzelhandel Bestellungen.\" \/>\n<meta property=\"og:url\" content=\"https:\/\/www.elementvape.de\/es\/produkt\/erleben-sie-die-geheimnisvolle-frische-von-mr-blue-bang-tn12000-puffs-einweg-e-zigarette-mit-12000-zuegen-intensiver-beerenaromen\/\" \/>\n<meta property=\"og:site_name\" content=\"ElementVape.de\" \/>\n<meta property=\"article:modified_time\" content=\"2024-10-09T07:27:02+00:00\" \/>\n<meta property=\"og:image\" content=\"https:\/\/www.elementvape.de\/wp-content\/uploads\/2024\/09\/Mr-Blue-scaled.jpg\" \/>\n\t<meta property=\"og:image:width\" content=\"2560\" \/>\n\t<meta property=\"og:image:height\" content=\"1898\" \/>\n\t<meta property=\"og:image:type\" content=\"image\/jpeg\" \/>\n<meta name=\"twitter:card\" content=\"summary_large_image\" \/>\n<meta name=\"twitter:label1\" content=\"Est. reading time\" \/>\n\t<meta name=\"twitter:data1\" content=\"3 minutos\" \/>\n<script type=\"application\/ld+json\" class=\"yoast-schema-graph\">{\"@context\":\"https:\/\/schema.org\",\"@graph\":[{\"@type\":\"WebPage\",\"@id\":\"https:\/\/www.elementvape.de\/da\/produkt\/erleben-sie-die-geheimnisvolle-frische-von-mr-blue-bang-tn12000-puffs-einweg-e-zigarette-mit-12000-zuegen-intensiver-beerenaromen\/\",\"url\":\"https:\/\/www.elementvape.de\/da\/produkt\/erleben-sie-die-geheimnisvolle-frische-von-mr-blue-bang-tn12000-puffs-einweg-e-zigarette-mit-12000-zuegen-intensiver-beerenaromen\/\",\"name\":\"Erleben Sie die geheimnisvolle Frische von MR BLUE BANG TN12000 PUFFS Einweg-E-Zigarette mit 12000 Z\u00fcgen intensiver Beerenaromen | ElementVape.de\",\"isPartOf\":{\"@id\":\"https:\/\/www.elementvape.de\/#website\"},\"primaryImageOfPage\":{\"@id\":\"https:\/\/www.elementvape.de\/da\/produkt\/erleben-sie-die-geheimnisvolle-frische-von-mr-blue-bang-tn12000-puffs-einweg-e-zigarette-mit-12000-zuegen-intensiver-beerenaromen\/#primaryimage\"},\"image\":{\"@id\":\"https:\/\/www.elementvape.de\/da\/produkt\/erleben-sie-die-geheimnisvolle-frische-von-mr-blue-bang-tn12000-puffs-einweg-e-zigarette-mit-12000-zuegen-intensiver-beerenaromen\/#primaryimage\"},\"thumbnailUrl\":\"https:\/\/www.elementvape.de\/wp-content\/uploads\/2024\/09\/Mr-Blue-scaled.jpg\",\"datePublished\":\"2024-09-24T07:41:05+00:00\",\"dateModified\":\"2024-10-09T07:27:02+00:00\",\"description\":\"Wir bieten Erleben Sie die geheimnisvolle Frische von MR BLUE BANG TN12000 PUFFS Einweg-E-Zigarette mit 12000 Z\u00fcgen intensiver Beerenaromen , Elementvape.de akzeptieren Gro\u00df-und Einzelhandel Bestellungen.\",\"breadcrumb\":{\"@id\":\"https:\/\/www.elementvape.de\/da\/produkt\/erleben-sie-die-geheimnisvolle-frische-von-mr-blue-bang-tn12000-puffs-einweg-e-zigarette-mit-12000-zuegen-intensiver-beerenaromen\/#breadcrumb\"},\"inLanguage\":\"es\",\"potentialAction\":[{\"@type\":\"ReadAction\",\"target\":[\"https:\/\/www.elementvape.de\/da\/produkt\/erleben-sie-die-geheimnisvolle-frische-von-mr-blue-bang-tn12000-puffs-einweg-e-zigarette-mit-12000-zuegen-intensiver-beerenaromen\/\"]}]},{\"@type\":\"ImageObject\",\"inLanguage\":\"es\",\"@id\":\"https:\/\/www.elementvape.de\/da\/produkt\/erleben-sie-die-geheimnisvolle-frische-von-mr-blue-bang-tn12000-puffs-einweg-e-zigarette-mit-12000-zuegen-intensiver-beerenaromen\/#primaryimage\",\"url\":\"https:\/\/www.elementvape.de\/wp-content\/uploads\/2024\/09\/Mr-Blue-scaled.jpg\",\"contentUrl\":\"https:\/\/www.elementvape.de\/wp-content\/uploads\/2024\/09\/Mr-Blue-scaled.jpg\",\"width\":2560,\"height\":1898,\"caption\":\"Mr Blue\"},{\"@type\":\"BreadcrumbList\",\"@id\":\"https:\/\/www.elementvape.de\/da\/produkt\/erleben-sie-die-geheimnisvolle-frische-von-mr-blue-bang-tn12000-puffs-einweg-e-zigarette-mit-12000-zuegen-intensiver-beerenaromen\/#breadcrumb\",\"itemListElement\":[{\"@type\":\"ListItem\",\"position\":1,\"name\":\"Home\",\"item\":\"https:\/\/www.elementvape.de\/\"},{\"@type\":\"ListItem\",\"position\":2,\"name\":\"Shop\",\"item\":\"https:\/\/www.elementvape.de\/shop\/\"},{\"@type\":\"ListItem\",\"position\":3,\"name\":\"Erleben Sie die geheimnisvolle Frische von MR BLUE BANG TN12000 PUFFS Einweg-E-Zigarette mit 12000 Z\u00fcgen intensiver Beerenaromen\"}]},{\"@type\":\"WebSite\",\"@id\":\"https:\/\/www.elementvape.de\/#website\",\"url\":\"https:\/\/www.elementvape.de\/\",\"name\":\"ElementVape.de\",\"description\":\"\",\"publisher\":{\"@id\":\"https:\/\/www.elementvape.de\/#organization\"},\"potentialAction\":[{\"@type\":\"SearchAction\",\"target\":{\"@type\":\"EntryPoint\",\"urlTemplate\":\"https:\/\/www.elementvape.de\/?s={search_term_string}\"},\"query-input\":\"required name=search_term_string\"}],\"inLanguage\":\"es\"},{\"@type\":\"Organization\",\"@id\":\"https:\/\/www.elementvape.de\/#organization\",\"name\":\"ElementVape.DE\",\"url\":\"https:\/\/www.elementvape.de\/\",\"logo\":{\"@type\":\"ImageObject\",\"inLanguage\":\"es\",\"@id\":\"https:\/\/www.elementvape.de\/#\/schema\/logo\/image\/\",\"url\":\"https:\/\/www.elementvape.de\/wp-content\/uploads\/2024\/09\/cropped-1elementvape-3.png\",\"contentUrl\":\"https:\/\/www.elementvape.de\/wp-content\/uploads\/2024\/09\/cropped-1elementvape-3.png\",\"width\":285,\"height\":228,\"caption\":\"ElementVape.DE\"},\"image\":{\"@id\":\"https:\/\/www.elementvape.de\/#\/schema\/logo\/image\/\"}}]}<\/script>\n<!-- \/ Yoast SEO plugin. -->","yoast_head_json":{"title":"Erleben Sie die geheimnisvolle Frische von MR BLUE BANG TN12000 PUFFS Einweg-E-Zigarette mit 12000 Z\u00fcgen intensiver Beerenaromen | ElementVape.de","description":"Wir bieten Erleben Sie die geheimnisvolle Frische von MR BLUE BANG TN12000 PUFFS Einweg-E-Zigarette mit 12000 Z\u00fcgen intensiver Beerenaromen , Elementvape.de akzeptieren Gro\u00df-und Einzelhandel Bestellungen.","robots":{"index":"index","follow":"follow","max-snippet":"max-snippet:-1","max-image-preview":"max-image-preview:large","max-video-preview":"max-video-preview:-1"},"canonical":"https:\/\/www.elementvape.de\/es\/produkt\/erleben-sie-die-geheimnisvolle-frische-von-mr-blue-bang-tn12000-puffs-einweg-e-zigarette-mit-12000-zuegen-intensiver-beerenaromen\/","og_locale":"es_ES","og_type":"article","og_title":"Erleben Sie die geheimnisvolle Frische von MR BLUE BANG TN12000 PUFFS Einweg-E-Zigarette mit 12000 Z\u00fcgen intensiver Beerenaromen | ElementVape.de","og_description":"Wir bieten Erleben Sie die geheimnisvolle Frische von MR BLUE BANG TN12000 PUFFS Einweg-E-Zigarette mit 12000 Z\u00fcgen intensiver Beerenaromen , Elementvape.de akzeptieren Gro\u00df-und Einzelhandel Bestellungen.","og_url":"https:\/\/www.elementvape.de\/es\/produkt\/erleben-sie-die-geheimnisvolle-frische-von-mr-blue-bang-tn12000-puffs-einweg-e-zigarette-mit-12000-zuegen-intensiver-beerenaromen\/","og_site_name":"ElementVape.de","article_modified_time":"2024-10-09T07:27:02+00:00","og_image":[{"width":2560,"height":1898,"url":"https:\/\/www.elementvape.de\/wp-content\/uploads\/2024\/09\/Mr-Blue-scaled.jpg","type":"image\/jpeg"}],"twitter_card":"summary_large_image","twitter_misc":{"Est. reading time":"3 minutos"},"schema":{"@context":"https:\/\/schema.org","@graph":[{"@type":"WebPage","@id":"https:\/\/www.elementvape.de\/da\/produkt\/erleben-sie-die-geheimnisvolle-frische-von-mr-blue-bang-tn12000-puffs-einweg-e-zigarette-mit-12000-zuegen-intensiver-beerenaromen\/","url":"https:\/\/www.elementvape.de\/da\/produkt\/erleben-sie-die-geheimnisvolle-frische-von-mr-blue-bang-tn12000-puffs-einweg-e-zigarette-mit-12000-zuegen-intensiver-beerenaromen\/","name":"Erleben Sie die geheimnisvolle Frische von MR BLUE BANG TN12000 PUFFS Einweg-E-Zigarette mit 12000 Z\u00fcgen intensiver Beerenaromen | ElementVape.de","isPartOf":{"@id":"https:\/\/www.elementvape.de\/#website"},"primaryImageOfPage":{"@id":"https:\/\/www.elementvape.de\/da\/produkt\/erleben-sie-die-geheimnisvolle-frische-von-mr-blue-bang-tn12000-puffs-einweg-e-zigarette-mit-12000-zuegen-intensiver-beerenaromen\/#primaryimage"},"image":{"@id":"https:\/\/www.elementvape.de\/da\/produkt\/erleben-sie-die-geheimnisvolle-frische-von-mr-blue-bang-tn12000-puffs-einweg-e-zigarette-mit-12000-zuegen-intensiver-beerenaromen\/#primaryimage"},"thumbnailUrl":"https:\/\/www.elementvape.de\/wp-content\/uploads\/2024\/09\/Mr-Blue-scaled.jpg","datePublished":"2024-09-24T07:41:05+00:00","dateModified":"2024-10-09T07:27:02+00:00","description":"Wir bieten Erleben Sie die geheimnisvolle Frische von MR BLUE BANG TN12000 PUFFS Einweg-E-Zigarette mit 12000 Z\u00fcgen intensiver Beerenaromen , Elementvape.de akzeptieren Gro\u00df-und Einzelhandel Bestellungen.","breadcrumb":{"@id":"https:\/\/www.elementvape.de\/da\/produkt\/erleben-sie-die-geheimnisvolle-frische-von-mr-blue-bang-tn12000-puffs-einweg-e-zigarette-mit-12000-zuegen-intensiver-beerenaromen\/#breadcrumb"},"inLanguage":"es","potentialAction":[{"@type":"ReadAction","target":["https:\/\/www.elementvape.de\/da\/produkt\/erleben-sie-die-geheimnisvolle-frische-von-mr-blue-bang-tn12000-puffs-einweg-e-zigarette-mit-12000-zuegen-intensiver-beerenaromen\/"]}]},{"@type":"ImageObject","inLanguage":"es","@id":"https:\/\/www.elementvape.de\/da\/produkt\/erleben-sie-die-geheimnisvolle-frische-von-mr-blue-bang-tn12000-puffs-einweg-e-zigarette-mit-12000-zuegen-intensiver-beerenaromen\/#primaryimage","url":"https:\/\/www.elementvape.de\/wp-content\/uploads\/2024\/09\/Mr-Blue-scaled.jpg","contentUrl":"https:\/\/www.elementvape.de\/wp-content\/uploads\/2024\/09\/Mr-Blue-scaled.jpg","width":2560,"height":1898,"caption":"Mr Blue"},{"@type":"BreadcrumbList","@id":"https:\/\/www.elementvape.de\/da\/produkt\/erleben-sie-die-geheimnisvolle-frische-von-mr-blue-bang-tn12000-puffs-einweg-e-zigarette-mit-12000-zuegen-intensiver-beerenaromen\/#breadcrumb","itemListElement":[{"@type":"ListItem","position":1,"name":"Home","item":"https:\/\/www.elementvape.de\/"},{"@type":"ListItem","position":2,"name":"Shop","item":"https:\/\/www.elementvape.de\/shop\/"},{"@type":"ListItem","position":3,"name":"Erleben Sie die geheimnisvolle Frische von MR BLUE BANG TN12000 PUFFS Einweg-E-Zigarette mit 12000 Z\u00fcgen intensiver Beerenaromen"}]},{"@type":"WebSite","@id":"https:\/\/www.elementvape.de\/#website","url":"https:\/\/www.elementvape.de\/","name":"ElementVape.de","description":"","publisher":{"@id":"https:\/\/www.elementvape.de\/#organization"},"potentialAction":[{"@type":"SearchAction","target":{"@type":"EntryPoint","urlTemplate":"https:\/\/www.elementvape.de\/?s={search_term_string}"},"query-input":"required name=search_term_string"}],"inLanguage":"es"},{"@type":"Organization","@id":"https:\/\/www.elementvape.de\/#organization","name":"ElementVape.DE","url":"https:\/\/www.elementvape.de\/","logo":{"@type":"ImageObject","inLanguage":"es","@id":"https:\/\/www.elementvape.de\/#\/schema\/logo\/image\/","url":"https:\/\/www.elementvape.de\/wp-content\/uploads\/2024\/09\/cropped-1elementvape-3.png","contentUrl":"https:\/\/www.elementvape.de\/wp-content\/uploads\/2024\/09\/cropped-1elementvape-3.png","width":285,"height":228,"caption":"ElementVape.DE"},"image":{"@id":"https:\/\/www.elementvape.de\/#\/schema\/logo\/image\/"}}]}},"_links":{"self":[{"href":"https:\/\/www.elementvape.de\/es\/wp-json\/wp\/v2\/product\/14605"}],"collection":[{"href":"https:\/\/www.elementvape.de\/es\/wp-json\/wp\/v2\/product"}],"about":[{"href":"https:\/\/www.elementvape.de\/es\/wp-json\/wp\/v2\/types\/product"}],"wp:featuredmedia":[{"embeddable":true,"href":"https:\/\/www.elementvape.de\/es\/wp-json\/wp\/v2\/media\/14588"}],"wp:attachment":[{"href":"https:\/\/www.elementvape.de\/es\/wp-json\/wp\/v2\/media?parent=14605"}],"wp:term":[{"taxonomy":"product_cat","embeddable":true,"href":"https:\/\/www.elementvape.de\/es\/wp-json\/wp\/v2\/product_cat?post=14605"},{"taxonomy":"product_tag","embeddable":true,"href":"https:\/\/www.elementvape.de\/es\/wp-json\/wp\/v2\/product_tag?post=14605"}],"curies":[{"name":"wp","href":"https:\/\/api.w.org\/{rel}","templated":true}]}}