{"id":14411,"date":"2024-09-19T03:50:55","date_gmt":"2024-09-19T03:50:55","guid":{"rendered":"https:\/\/www.elementvape.de\/?post_type=product&#038;p=14411"},"modified":"2024-10-11T03:40:08","modified_gmt":"2024-10-11T03:40:08","slug":"entdecken-sie-die-fruchtige-fusion-von-blueberry-raspberry-mit-der-bang-20000puff-einweg-e-zigarette-und-erleben-sie-unvergleichlichen-dampfgenuss","status":"publish","type":"product","link":"https:\/\/www.elementvape.de\/es\/produkt\/entdecken-sie-die-fruchtige-fusion-von-blueberry-raspberry-mit-der-bang-20000puff-einweg-e-zigarette-und-erleben-sie-unvergleichlichen-dampfgenuss\/","title":{"rendered":"Descubre la fusi\u00f3n frutal de BLUEBERRY RASPBERRY con el cigarrillo electr\u00f3nico desechable Bang 20000Puff y experimenta un disfrute de vapor incomparable"},"content":{"rendered":"<p>El cigarrillo electr\u00f3nico desechable Bang 20000Puff con sabor a Blueberry Raspberry es un producto destacado en el mundo de los vapeadores desechables. Con una combinaci\u00f3n de ar\u00e1ndanos intensos y frambuesas afrutadas, este cigarrillo electr\u00f3nico ofrece una experiencia de sabor incomparable. Gracias a la avanzada tecnolog\u00eda Dual Mesh, el Bang 20000Puff no solo garantiza un sabor excelente, sino tambi\u00e9n una producci\u00f3n de vapor consistente y duradera. Tanto si es un vapeador experimentado como si es un principiante, el Bang 20000Puff con Blueberry Raspberry superar\u00e1 sus expectativas.<\/p>\n<h3>1. Experiencia de sabor: Blueberry Raspberry \u2013 Una fusi\u00f3n afrutada<\/h3>\n<p>El sabor Blueberry Raspberry es una mezcla fascinante de ar\u00e1ndanos dulces y frambuesas chispeantes. Esta fusi\u00f3n afrutada proporciona una experiencia de vapeo \u00fanica, que es a la vez dulce y refrescante.<\/p>\n<p>Caracter\u00edsticas del sabor Blueberry Raspberry:<\/p>\n<ul>\n<li>Ar\u00e1ndanos dulces: El sabor de los ar\u00e1ndanos maduros aporta una nota dulce y profunda que lo <strong><a href=\"https:\/\/www.elementvape.de\/es\/\" target=\"_blank\" rel=\"noopener\">Vapear<\/a><\/strong> convierte en una experiencia agradable. Los ar\u00e1ndanos son conocidos por su sabor con cuerpo y afrutado, que destaca de forma excelente en los e-l\u00edquidos.<\/li>\n<li>Frambuesas chispeantes: Las frambuesas a\u00f1aden una nota viva y ligeramente \u00e1cida que equilibra el sabor y ofrece un componente refrescante. Esta combinaci\u00f3n proporciona una experiencia de vapeo equilibrada y compleja en cuanto al sabor.<\/li>\n<\/ul>\n<p>\u00bfPor qu\u00e9 elegir Blueberry Raspberry como sabor?<\/p>\n<ul>\n<li>Variedad afrutada: La mezcla de ar\u00e1ndanos y frambuesas ofrece una interesante combinaci\u00f3n de aromas, que es a la vez dulce y ligeramente \u00e1cida. Esta variedad hace que el vapeo sea emocionante y variado.<\/li>\n<li>Refresco: El sabor Blueberry Raspberry aporta una nota refrescante, que es especialmente agradable en los d\u00edas calurosos o despu\u00e9s de una comida.<\/li>\n<li>Popularidad: Las combinaciones afrutadas como Blueberry Raspberry son muy populares entre los vapeadores, ya que ofrecen una experiencia agradable y atractiva en cuanto al sabor.<\/li>\n<\/ul>\n<h3>2. Tecnolog\u00eda Dual Mesh: M\u00e1ximo rendimiento de vapor y sabor<\/h3>\n<p>La tecnolog\u00eda Dual Mesh del Bang 20000Puff garantiza una excelente producci\u00f3n de vapor y una intensa experiencia de sabor. Esta avanzada tecnolog\u00eda mejora el rendimiento del cigarrillo electr\u00f3nico y garantiza que el sabor Blueberry Raspberry se exprese de forma \u00f3ptima.<\/p>\n<p>\u00bfQu\u00e9 es la tecnolog\u00eda de doble malla?<\/p>\n<ul>\n<li>Resistencias Mesh: En lugar de las resistencias de hilo tradicionales, la tecnolog\u00eda Dual Mesh utiliza resistencias Mesh, que consisten en un material de malla. Estas resistencias ofrecen una mayor superficie para la evaporaci\u00f3n del e-l\u00edquido.<\/li>\n<li>Dual Mesh: El Bang 20000Puff utiliza dos resistencias Mesh que funcionan en paralelo para garantizar un calentamiento uniforme del e-l\u00edquido. Esto conduce a una evaporaci\u00f3n uniforme y eficiente.<\/li>\n<\/ul>\n<p>Ventajas de la tecnolog\u00eda de doble malla:<\/p>\n<ul>\n<li>Sabor intenso: La mayor superficie de las resistencias Mesh permite una evaporaci\u00f3n m\u00e1s intensa y uniforme del e-l\u00edquido, lo que se traduce en una intensa experiencia de sabor.<\/li>\n<li>Producci\u00f3n de vapor consistente: La tecnolog\u00eda de doble malla asegura una producci\u00f3n de vapor uniforme que se mantiene constante durante toda la vida \u00fatil del dispositivo, sin cambios en el sabor ni vaporizaci\u00f3n irregular.<\/li>\n<li>Menos golpes secos: el calentamiento uniforme del e-l\u00edquido reduce el riesgo de golpes secos, una experiencia de sabor desagradable que puede ocurrir cuando el e-l\u00edquido no se vaporiza lo suficiente.<\/li>\n<\/ul>\n<h3>3. Especificaciones t\u00e9cnicas del cigarrillo electr\u00f3nico desechable Bang 20000Puff<\/h3>\n<p>El Bang 20000Puff ofrece una gran variedad de caracter\u00edsticas t\u00e9cnicas que lo convierten en un producto potente y f\u00e1cil de usar. Estas son las especificaciones m\u00e1s importantes:<\/p>\n<table>\n<thead>\n<tr>\n<th>Caracter\u00edstica<\/th>\n<th>Detalles<\/th>\n<\/tr>\n<\/thead>\n<tbody>\n<tr>\n<td>Sabor<\/td>\n<td>Ar\u00e1ndano Frambuesa<\/td>\n<\/tr>\n<tr>\n<td>Capacidad de caladas<\/td>\n<td>20.000 caladas<\/td>\n<\/tr>\n<tr>\n<td>Resistencia<\/td>\n<td>Doble malla, 1,1 ohmios<\/td>\n<\/tr>\n<tr>\n<td>Capacidad de e-l\u00edquido<\/td>\n<td>28 ml<\/td>\n<\/tr>\n<tr>\n<td>Niveles de nicotina<\/td>\n<td>2 % o 5 %<\/td>\n<\/tr>\n<tr>\n<td>Bater\u00eda<\/td>\n<td>650 mAh, recargable<\/td>\n<\/tr>\n<tr>\n<td>Conector de carga<\/td>\n<td>Tipo-C<\/td>\n<\/tr>\n<tr>\n<td>Peso<\/td>\n<td>90 g<\/td>\n<\/tr>\n<tr>\n<td>Medidas<\/td>\n<td>28 x 56 x 130 mm<\/td>\n<\/tr>\n<tr>\n<td>Pantalla<\/td>\n<td>Pantalla LED<\/td>\n<\/tr>\n<\/tbody>\n<\/table>\n<p>Capacidad de Puff: Con 20.000 caladas, la Bang 20000Puff ofrece una capacidad de puff excepcionalmente alta. Esto significa que puede usar el dispositivo durante un largo per\u00edodo sin preocuparse por el reemplazo. La alta capacidad es especialmente ventajosa para los vapeadores frecuentes que buscan una experiencia de vapeo a largo plazo.<\/p>\n<p>Bater\u00eda recargable: La bater\u00eda de 650 mAh proporciona un uso duradero y se puede cargar r\u00e1pidamente a trav\u00e9s del puerto de carga Tipo-C. Esta funci\u00f3n aumenta la durabilidad del dispositivo y reduce la necesidad de compras de reemplazo frecuentes.<\/p>\n<p>Capacidad de E-L\u00edquido: Con 28 ml de E-l\u00edquido prellenado, el dispositivo ofrece suficiente l\u00edquido para una larga capacidad de puff. El E-l\u00edquido prellenado significa que no necesita preocuparse por rellenar, lo que simplifica su manejo.<\/p>\n<p>Peso y medidas: El dispositivo pesa 90 g y tiene dimensiones compactas de 28 x 56 x 130 mm, lo que lo hace ligero y manejable. Es f\u00e1cil de transportar y es ideal para uso diario.<\/p>\n<h3>4. Facilidad de uso y comodidad<\/h3>\n<p>La Bang 20000Puff est\u00e1 dise\u00f1ada para la facilidad de uso y comodidad. Aqu\u00ed algunas funciones pr\u00e1cticas que hacen que vapear sea agradable:<\/p>\n<p>Bater\u00eda recargable: La bater\u00eda de 650 mAh puede recargarse r\u00e1pidamente a trav\u00e9s del puerto de carga Tipo-C, garantizando un rendimiento confiable y reduciendo la necesidad de compras de reemplazo frecuentes.<\/p>\n<p>Pantalla LED: La pantalla LED integrada muestra el estado de la bater\u00eda e informa cuando el dispositivo necesita cargarse. Esto ayuda a evitar interrupciones inesperadas durante el vapeo.<\/p>\n<p>Dispositivo desechable: A pesar de tener una bater\u00eda recargable, el dispositivo es un producto desechable. Esto significa que no requiere mantenimiento ni limpieza: \u00faselo y des\u00e9chelo cuando se agote el E-l\u00edquido.<\/p>\n<h3>5. Grupo objetivo del cigarrillo electr\u00f3nico desechable Bang 20000Puff<\/h3>\n<p>El Bang 20000Puff est\u00e1 dirigido a un amplio p\u00fablico de vaporizadores:<\/p>\n<p>Para vaporizadores frecuentes: La alta capacidad de 20.000 caladas es ideal para quienes vaporizan mucho y desean un uso prolongado y continuo sin interrupciones.<\/p>\n<p>Para principiantes: Para quienes son nuevos en el mundo de los cigarrillos electr\u00f3nicos, el Bang 20000Puff ofrece una opci\u00f3n f\u00e1cil de usar, que no requiere manejo complicado.<\/p>\n<p>Para amantes del sabor: El sabor a ar\u00e1ndano azul y frambuesa ofrece una experiencia de vapeo refrescante y sabrosa para aquellos que disfrutan de la combinaci\u00f3n de dulces ar\u00e1ndanos y frambuesas chispeantes.<\/p>\n<h3>6. Comparaci\u00f3n con otros cigarrillos electr\u00f3nicos desechables<\/h3>\n<p>En comparaci\u00f3n con otros cigarrillos electr\u00f3nicos desechables en el mercado, la Bang 20000Puff ofrece algunas ventajas notables:<\/p>\n<ul>\n<li>Capacidad de Puff: Con <strong><a href=\"https:\/\/www.elementvape.de\/es\/p-tag\/groesser-oder-gleich-20000-zuege\/\" target=\"_blank\" rel=\"noopener\">20000 caladas<\/a><\/strong> la Bang 20000Puff ofrece una mayor capacidad que muchos otros cigarrillos electr\u00f3nicos desechables, que a menudo solo alcanzan hasta 5000 caladas.<\/li>\n<li>Sabor: La tecnolog\u00eda Dual Mesh garantiza una experiencia de sabor m\u00e1s intensa y uniforme en comparaci\u00f3n con los dispositivos desechables tradicionales.<\/li>\n<li>Recargable: Muchos cigarrillos electr\u00f3nicos desechables no se pueden usar despu\u00e9s de agotar la bater\u00eda, mientras que la Bang 20000Puff se puede recargar, lo que aumenta su durabilidad.<\/li>\n<\/ul>\n<h3>7. Conclusi\u00f3n<\/h3>\n<p>El cigarrillo electr\u00f3nico desechable Bang 20000Puff con sabor a ar\u00e1ndano azul y frambuesa es una excelente opci\u00f3n para los vapeadores que buscan una experiencia intensa y llena de sabor. Con su impresionante capacidad de caladas, la tecnolog\u00eda avanzada de doble malla y su manejo f\u00e1cil, este cigarrillo electr\u00f3nico ofrece todo lo necesario para una experiencia de primera clase.<\/p>\n<p>Experimenta la fusi\u00f3n frutal de ar\u00e1ndanos y frambuesas y disfruta de una vaporizaci\u00f3n duradera y refrescante. El Bang 20000Puff es la elecci\u00f3n perfecta para quienes buscan una experiencia de vapeo confiable y con sabor atractivo.<\/p>","protected":false},"excerpt":{"rendered":"<p>Die Bang 20000Puff Einweg-E-Zigarette mit dem Blueberry Raspberry-Geschmack ist ein herausragendes Produkt in der Welt der Einweg-Dampfer. Mit einer Kombination aus intensiven Blaubeeren und fruchtigen Himbeeren bietet diese E-Zigarette ein unvergleichliches Geschmackserlebnis. Durch die fortschrittliche Dual Mesh-Technologie garantiert die Bang 20000Puff nicht nur hervorragenden Geschmack, sondern auch eine konsistente und langanhaltende Dampfproduktion. Egal, ob Sie [&hellip;]<\/p>","protected":false},"featured_media":14384,"template":"","meta":{"inline_featured_image":false},"product_cat":[15,762,78,735,746,741,733,750,737,736,749,752,756],"product_tag":[710,725],"tiered_pricing_type":"fixed","tiered_pricing_fixed_rules":{"60":"8.03","110":"7.14","200":"6.24"},"tiered_pricing_percentage_rules":[],"tiered_pricing_minimum":1,"_administrator_tiered_pricing_type":"fixed","_administrator_tiered_pricing_fixed_rules":[],"_editor_tiered_pricing_type":"fixed","_editor_tiered_pricing_fixed_rules":[],"_author_tiered_pricing_type":"fixed","_author_tiered_pricing_fixed_rules":[],"_contributor_tiered_pricing_type":"fixed","_contributor_tiered_pricing_fixed_rules":[],"_subscriber_tiered_pricing_type":"fixed","_subscriber_tiered_pricing_fixed_rules":[],"_customer_tiered_pricing_type":"fixed","_customer_tiered_pricing_fixed_rules":[],"_shop_manager_tiered_pricing_type":"fixed","_shop_manager_tiered_pricing_fixed_rules":[],"_wpseo_manager_tiered_pricing_type":"fixed","_wpseo_manager_tiered_pricing_fixed_rules":[],"_wpseo_editor_tiered_pricing_type":"fixed","_wpseo_editor_tiered_pricing_fixed_rules":[],"_wholesale_customer_tiered_pricing_type":"fixed","_wholesale_customer_tiered_pricing_fixed_rules":[],"_marketer_tiered_pricing_type":"fixed","_marketer_tiered_pricing_fixed_rules":[],"_sales_manager_tiered_pricing_type":"fixed","_sales_manager_tiered_pricing_fixed_rules":[],"_sales_rep_tiered_pricing_type":"fixed","_sales_rep_tiered_pricing_fixed_rules":[],"yoast_head":"<!-- This site is optimized with the Yoast SEO plugin v23.3 - https:\/\/yoast.com\/wordpress\/plugins\/seo\/ -->\n<title>Entdecken Sie die fruchtige Fusion von BLUEBERRY RASPBERRY mit der Bang 20000Puff Einweg-E-Zigarette und erleben Sie unvergleichlichen Dampfgenuss | ElementVape.de<\/title>\n<meta name=\"description\" content=\"Wir bieten Entdecken Sie die fruchtige Fusion von BLUEBERRY RASPBERRY mit der Bang 20000Puff Einweg-E-Zigarette und erleben Sie unvergleichlichen Dampfgenuss , Elementvape.de akzeptieren Gro\u00df-und Einzelhandel Bestellungen.\" \/>\n<meta name=\"robots\" content=\"index, follow, max-snippet:-1, max-image-preview:large, max-video-preview:-1\" \/>\n<link rel=\"canonical\" href=\"https:\/\/www.elementvape.de\/es\/produkt\/entdecken-sie-die-fruchtige-fusion-von-blueberry-raspberry-mit-der-bang-20000puff-einweg-e-zigarette-und-erleben-sie-unvergleichlichen-dampfgenuss\/\" \/>\n<meta property=\"og:locale\" content=\"es_ES\" \/>\n<meta property=\"og:type\" content=\"article\" \/>\n<meta property=\"og:title\" content=\"Entdecken Sie die fruchtige Fusion von BLUEBERRY RASPBERRY mit der Bang 20000Puff Einweg-E-Zigarette und erleben Sie unvergleichlichen Dampfgenuss | ElementVape.de\" \/>\n<meta property=\"og:description\" content=\"Wir bieten Entdecken Sie die fruchtige Fusion von BLUEBERRY RASPBERRY mit der Bang 20000Puff Einweg-E-Zigarette und erleben Sie unvergleichlichen Dampfgenuss , Elementvape.de akzeptieren Gro\u00df-und Einzelhandel Bestellungen.\" \/>\n<meta property=\"og:url\" content=\"https:\/\/www.elementvape.de\/es\/produkt\/entdecken-sie-die-fruchtige-fusion-von-blueberry-raspberry-mit-der-bang-20000puff-einweg-e-zigarette-und-erleben-sie-unvergleichlichen-dampfgenuss\/\" \/>\n<meta property=\"og:site_name\" content=\"ElementVape.de\" \/>\n<meta property=\"article:modified_time\" content=\"2024-10-11T03:40:08+00:00\" \/>\n<meta property=\"og:image\" content=\"https:\/\/www.elementvape.de\/wp-content\/uploads\/2024\/09\/BLUEBERRY-RASPBERRY.jpg\" \/>\n\t<meta property=\"og:image:width\" content=\"1655\" \/>\n\t<meta property=\"og:image:height\" content=\"1025\" \/>\n\t<meta property=\"og:image:type\" content=\"image\/jpeg\" \/>\n<meta name=\"twitter:card\" content=\"summary_large_image\" \/>\n<meta name=\"twitter:label1\" content=\"Est. reading time\" \/>\n\t<meta name=\"twitter:data1\" content=\"6 minutos\" \/>\n<script type=\"application\/ld+json\" class=\"yoast-schema-graph\">{\"@context\":\"https:\/\/schema.org\",\"@graph\":[{\"@type\":\"WebPage\",\"@id\":\"https:\/\/www.elementvape.de\/es\/produkt\/entdecken-sie-die-fruchtige-fusion-von-blueberry-raspberry-mit-der-bang-20000puff-einweg-e-zigarette-und-erleben-sie-unvergleichlichen-dampfgenuss\/\",\"url\":\"https:\/\/www.elementvape.de\/es\/produkt\/entdecken-sie-die-fruchtige-fusion-von-blueberry-raspberry-mit-der-bang-20000puff-einweg-e-zigarette-und-erleben-sie-unvergleichlichen-dampfgenuss\/\",\"name\":\"Entdecken Sie die fruchtige Fusion von BLUEBERRY RASPBERRY mit der Bang 20000Puff Einweg-E-Zigarette und erleben Sie unvergleichlichen Dampfgenuss | ElementVape.de\",\"isPartOf\":{\"@id\":\"https:\/\/www.elementvape.de\/#website\"},\"primaryImageOfPage\":{\"@id\":\"https:\/\/www.elementvape.de\/es\/produkt\/entdecken-sie-die-fruchtige-fusion-von-blueberry-raspberry-mit-der-bang-20000puff-einweg-e-zigarette-und-erleben-sie-unvergleichlichen-dampfgenuss\/#primaryimage\"},\"image\":{\"@id\":\"https:\/\/www.elementvape.de\/es\/produkt\/entdecken-sie-die-fruchtige-fusion-von-blueberry-raspberry-mit-der-bang-20000puff-einweg-e-zigarette-und-erleben-sie-unvergleichlichen-dampfgenuss\/#primaryimage\"},\"thumbnailUrl\":\"https:\/\/www.elementvape.de\/wp-content\/uploads\/2024\/09\/BLUEBERRY-RASPBERRY.jpg\",\"datePublished\":\"2024-09-19T03:50:55+00:00\",\"dateModified\":\"2024-10-11T03:40:08+00:00\",\"description\":\"Wir bieten Entdecken Sie die fruchtige Fusion von BLUEBERRY RASPBERRY mit der Bang 20000Puff Einweg-E-Zigarette und erleben Sie unvergleichlichen Dampfgenuss , Elementvape.de akzeptieren Gro\u00df-und Einzelhandel Bestellungen.\",\"breadcrumb\":{\"@id\":\"https:\/\/www.elementvape.de\/es\/produkt\/entdecken-sie-die-fruchtige-fusion-von-blueberry-raspberry-mit-der-bang-20000puff-einweg-e-zigarette-und-erleben-sie-unvergleichlichen-dampfgenuss\/#breadcrumb\"},\"inLanguage\":\"es\",\"potentialAction\":[{\"@type\":\"ReadAction\",\"target\":[\"https:\/\/www.elementvape.de\/es\/produkt\/entdecken-sie-die-fruchtige-fusion-von-blueberry-raspberry-mit-der-bang-20000puff-einweg-e-zigarette-und-erleben-sie-unvergleichlichen-dampfgenuss\/\"]}]},{\"@type\":\"ImageObject\",\"inLanguage\":\"es\",\"@id\":\"https:\/\/www.elementvape.de\/es\/produkt\/entdecken-sie-die-fruchtige-fusion-von-blueberry-raspberry-mit-der-bang-20000puff-einweg-e-zigarette-und-erleben-sie-unvergleichlichen-dampfgenuss\/#primaryimage\",\"url\":\"https:\/\/www.elementvape.de\/wp-content\/uploads\/2024\/09\/BLUEBERRY-RASPBERRY.jpg\",\"contentUrl\":\"https:\/\/www.elementvape.de\/wp-content\/uploads\/2024\/09\/BLUEBERRY-RASPBERRY.jpg\",\"width\":1655,\"height\":1025,\"caption\":\"BLUEBERRY RASPBERRY\"},{\"@type\":\"BreadcrumbList\",\"@id\":\"https:\/\/www.elementvape.de\/es\/produkt\/entdecken-sie-die-fruchtige-fusion-von-blueberry-raspberry-mit-der-bang-20000puff-einweg-e-zigarette-und-erleben-sie-unvergleichlichen-dampfgenuss\/#breadcrumb\",\"itemListElement\":[{\"@type\":\"ListItem\",\"position\":1,\"name\":\"Home\",\"item\":\"https:\/\/www.elementvape.de\/\"},{\"@type\":\"ListItem\",\"position\":2,\"name\":\"Shop\",\"item\":\"https:\/\/www.elementvape.de\/shop\/\"},{\"@type\":\"ListItem\",\"position\":3,\"name\":\"Entdecken Sie die fruchtige Fusion von BLUEBERRY RASPBERRY mit der Bang 20000Puff Einweg-E-Zigarette und erleben Sie unvergleichlichen Dampfgenuss\"}]},{\"@type\":\"WebSite\",\"@id\":\"https:\/\/www.elementvape.de\/#website\",\"url\":\"https:\/\/www.elementvape.de\/\",\"name\":\"ElementVape.de\",\"description\":\"\",\"publisher\":{\"@id\":\"https:\/\/www.elementvape.de\/#organization\"},\"potentialAction\":[{\"@type\":\"SearchAction\",\"target\":{\"@type\":\"EntryPoint\",\"urlTemplate\":\"https:\/\/www.elementvape.de\/?s={search_term_string}\"},\"query-input\":\"required name=search_term_string\"}],\"inLanguage\":\"es\"},{\"@type\":\"Organization\",\"@id\":\"https:\/\/www.elementvape.de\/#organization\",\"name\":\"ElementVape.DE\",\"url\":\"https:\/\/www.elementvape.de\/\",\"logo\":{\"@type\":\"ImageObject\",\"inLanguage\":\"es\",\"@id\":\"https:\/\/www.elementvape.de\/#\/schema\/logo\/image\/\",\"url\":\"https:\/\/www.elementvape.de\/wp-content\/uploads\/2024\/09\/cropped-1elementvape-3.png\",\"contentUrl\":\"https:\/\/www.elementvape.de\/wp-content\/uploads\/2024\/09\/cropped-1elementvape-3.png\",\"width\":285,\"height\":228,\"caption\":\"ElementVape.DE\"},\"image\":{\"@id\":\"https:\/\/www.elementvape.de\/#\/schema\/logo\/image\/\"}}]}<\/script>\n<!-- \/ Yoast SEO plugin. -->","yoast_head_json":{"title":"Entdecken Sie die fruchtige Fusion von BLUEBERRY RASPBERRY mit der Bang 20000Puff Einweg-E-Zigarette und erleben Sie unvergleichlichen Dampfgenuss | ElementVape.de","description":"Wir bieten Entdecken Sie die fruchtige Fusion von BLUEBERRY RASPBERRY mit der Bang 20000Puff Einweg-E-Zigarette und erleben Sie unvergleichlichen Dampfgenuss , Elementvape.de akzeptieren Gro\u00df-und Einzelhandel Bestellungen.","robots":{"index":"index","follow":"follow","max-snippet":"max-snippet:-1","max-image-preview":"max-image-preview:large","max-video-preview":"max-video-preview:-1"},"canonical":"https:\/\/www.elementvape.de\/es\/produkt\/entdecken-sie-die-fruchtige-fusion-von-blueberry-raspberry-mit-der-bang-20000puff-einweg-e-zigarette-und-erleben-sie-unvergleichlichen-dampfgenuss\/","og_locale":"es_ES","og_type":"article","og_title":"Entdecken Sie die fruchtige Fusion von BLUEBERRY RASPBERRY mit der Bang 20000Puff Einweg-E-Zigarette und erleben Sie unvergleichlichen Dampfgenuss | ElementVape.de","og_description":"Wir bieten Entdecken Sie die fruchtige Fusion von BLUEBERRY RASPBERRY mit der Bang 20000Puff Einweg-E-Zigarette und erleben Sie unvergleichlichen Dampfgenuss , Elementvape.de akzeptieren Gro\u00df-und Einzelhandel Bestellungen.","og_url":"https:\/\/www.elementvape.de\/es\/produkt\/entdecken-sie-die-fruchtige-fusion-von-blueberry-raspberry-mit-der-bang-20000puff-einweg-e-zigarette-und-erleben-sie-unvergleichlichen-dampfgenuss\/","og_site_name":"ElementVape.de","article_modified_time":"2024-10-11T03:40:08+00:00","og_image":[{"width":1655,"height":1025,"url":"https:\/\/www.elementvape.de\/wp-content\/uploads\/2024\/09\/BLUEBERRY-RASPBERRY.jpg","type":"image\/jpeg"}],"twitter_card":"summary_large_image","twitter_misc":{"Est. reading time":"6 minutos"},"schema":{"@context":"https:\/\/schema.org","@graph":[{"@type":"WebPage","@id":"https:\/\/www.elementvape.de\/es\/produkt\/entdecken-sie-die-fruchtige-fusion-von-blueberry-raspberry-mit-der-bang-20000puff-einweg-e-zigarette-und-erleben-sie-unvergleichlichen-dampfgenuss\/","url":"https:\/\/www.elementvape.de\/es\/produkt\/entdecken-sie-die-fruchtige-fusion-von-blueberry-raspberry-mit-der-bang-20000puff-einweg-e-zigarette-und-erleben-sie-unvergleichlichen-dampfgenuss\/","name":"Entdecken Sie die fruchtige Fusion von BLUEBERRY RASPBERRY mit der Bang 20000Puff Einweg-E-Zigarette und erleben Sie unvergleichlichen Dampfgenuss | ElementVape.de","isPartOf":{"@id":"https:\/\/www.elementvape.de\/#website"},"primaryImageOfPage":{"@id":"https:\/\/www.elementvape.de\/es\/produkt\/entdecken-sie-die-fruchtige-fusion-von-blueberry-raspberry-mit-der-bang-20000puff-einweg-e-zigarette-und-erleben-sie-unvergleichlichen-dampfgenuss\/#primaryimage"},"image":{"@id":"https:\/\/www.elementvape.de\/es\/produkt\/entdecken-sie-die-fruchtige-fusion-von-blueberry-raspberry-mit-der-bang-20000puff-einweg-e-zigarette-und-erleben-sie-unvergleichlichen-dampfgenuss\/#primaryimage"},"thumbnailUrl":"https:\/\/www.elementvape.de\/wp-content\/uploads\/2024\/09\/BLUEBERRY-RASPBERRY.jpg","datePublished":"2024-09-19T03:50:55+00:00","dateModified":"2024-10-11T03:40:08+00:00","description":"Wir bieten Entdecken Sie die fruchtige Fusion von BLUEBERRY RASPBERRY mit der Bang 20000Puff Einweg-E-Zigarette und erleben Sie unvergleichlichen Dampfgenuss , Elementvape.de akzeptieren Gro\u00df-und Einzelhandel Bestellungen.","breadcrumb":{"@id":"https:\/\/www.elementvape.de\/es\/produkt\/entdecken-sie-die-fruchtige-fusion-von-blueberry-raspberry-mit-der-bang-20000puff-einweg-e-zigarette-und-erleben-sie-unvergleichlichen-dampfgenuss\/#breadcrumb"},"inLanguage":"es","potentialAction":[{"@type":"ReadAction","target":["https:\/\/www.elementvape.de\/es\/produkt\/entdecken-sie-die-fruchtige-fusion-von-blueberry-raspberry-mit-der-bang-20000puff-einweg-e-zigarette-und-erleben-sie-unvergleichlichen-dampfgenuss\/"]}]},{"@type":"ImageObject","inLanguage":"es","@id":"https:\/\/www.elementvape.de\/es\/produkt\/entdecken-sie-die-fruchtige-fusion-von-blueberry-raspberry-mit-der-bang-20000puff-einweg-e-zigarette-und-erleben-sie-unvergleichlichen-dampfgenuss\/#primaryimage","url":"https:\/\/www.elementvape.de\/wp-content\/uploads\/2024\/09\/BLUEBERRY-RASPBERRY.jpg","contentUrl":"https:\/\/www.elementvape.de\/wp-content\/uploads\/2024\/09\/BLUEBERRY-RASPBERRY.jpg","width":1655,"height":1025,"caption":"BLUEBERRY RASPBERRY"},{"@type":"BreadcrumbList","@id":"https:\/\/www.elementvape.de\/es\/produkt\/entdecken-sie-die-fruchtige-fusion-von-blueberry-raspberry-mit-der-bang-20000puff-einweg-e-zigarette-und-erleben-sie-unvergleichlichen-dampfgenuss\/#breadcrumb","itemListElement":[{"@type":"ListItem","position":1,"name":"Home","item":"https:\/\/www.elementvape.de\/"},{"@type":"ListItem","position":2,"name":"Shop","item":"https:\/\/www.elementvape.de\/shop\/"},{"@type":"ListItem","position":3,"name":"Entdecken Sie die fruchtige Fusion von BLUEBERRY RASPBERRY mit der Bang 20000Puff Einweg-E-Zigarette und erleben Sie unvergleichlichen Dampfgenuss"}]},{"@type":"WebSite","@id":"https:\/\/www.elementvape.de\/#website","url":"https:\/\/www.elementvape.de\/","name":"ElementVape.de","description":"","publisher":{"@id":"https:\/\/www.elementvape.de\/#organization"},"potentialAction":[{"@type":"SearchAction","target":{"@type":"EntryPoint","urlTemplate":"https:\/\/www.elementvape.de\/?s={search_term_string}"},"query-input":"required name=search_term_string"}],"inLanguage":"es"},{"@type":"Organization","@id":"https:\/\/www.elementvape.de\/#organization","name":"ElementVape.DE","url":"https:\/\/www.elementvape.de\/","logo":{"@type":"ImageObject","inLanguage":"es","@id":"https:\/\/www.elementvape.de\/#\/schema\/logo\/image\/","url":"https:\/\/www.elementvape.de\/wp-content\/uploads\/2024\/09\/cropped-1elementvape-3.png","contentUrl":"https:\/\/www.elementvape.de\/wp-content\/uploads\/2024\/09\/cropped-1elementvape-3.png","width":285,"height":228,"caption":"ElementVape.DE"},"image":{"@id":"https:\/\/www.elementvape.de\/#\/schema\/logo\/image\/"}}]}},"_links":{"self":[{"href":"https:\/\/www.elementvape.de\/es\/wp-json\/wp\/v2\/product\/14411"}],"collection":[{"href":"https:\/\/www.elementvape.de\/es\/wp-json\/wp\/v2\/product"}],"about":[{"href":"https:\/\/www.elementvape.de\/es\/wp-json\/wp\/v2\/types\/product"}],"wp:featuredmedia":[{"embeddable":true,"href":"https:\/\/www.elementvape.de\/es\/wp-json\/wp\/v2\/media\/14384"}],"wp:attachment":[{"href":"https:\/\/www.elementvape.de\/es\/wp-json\/wp\/v2\/media?parent=14411"}],"wp:term":[{"taxonomy":"product_cat","embeddable":true,"href":"https:\/\/www.elementvape.de\/es\/wp-json\/wp\/v2\/product_cat?post=14411"},{"taxonomy":"product_tag","embeddable":true,"href":"https:\/\/www.elementvape.de\/es\/wp-json\/wp\/v2\/product_tag?post=14411"}],"curies":[{"name":"wp","href":"https:\/\/api.w.org\/{rel}","templated":true}]}}