{"id":14369,"date":"2024-09-17T08:22:52","date_gmt":"2024-09-17T08:22:52","guid":{"rendered":"https:\/\/www.elementvape.de\/?post_type=product&#038;p=14369"},"modified":"2024-10-09T08:24:57","modified_gmt":"2024-10-09T08:24:57","slug":"kuehle-wassermelone-in-jeder-zug-die-bang-einweg-e-zigarette-mit-36000-puffs-und-mesh-coil-sorgt-fuer-ein-erfrischendes-dampferlebnis","status":"publish","type":"product","link":"https:\/\/www.elementvape.de\/es\/produkt\/kuehle-wassermelone-in-jeder-zug-die-bang-einweg-e-zigarette-mit-36000-puffs-und-mesh-coil-sorgt-fuer-ein-erfrischendes-dampferlebnis\/","title":{"rendered":"Sand\u00eda fresca en cada calada. El cigarrillo electr\u00f3nico desechable Bang con 36000 caladas y bobina de malla ofrece una experiencia de vapor refrescante"},"content":{"rendered":"<div class=\"flex-shrink-0 flex flex-col relative items-end\">\n<div>\n<div class=\"pt-0\">\n<div class=\"gizmo-bot-avatar flex h-8 w-8 items-center justify-center overflow-hidden rounded-full\">\n<div class=\"relative p-1 rounded-sm flex items-center justify-center bg-token-main-surface-primary text-token-text-primary h-8 w-8\">Para todos aquellos que anhelan una explosi\u00f3n de sabor refrescante y fresco, el cigarrillo electr\u00f3nico desechable Bang con 36.000 inhalaciones y resistencia de malla ofrece la experiencia perfecta. El aroma de sand\u00eda combina la frescura dulce y jugosa de la sand\u00eda con un efecto refrescante que hace de cada calada un verdadero placer. Esta combinaci\u00f3n proporciona una experiencia de vapeo refrescante que te revitaliza en los d\u00edas calurosos o despu\u00e9s de un largo d\u00eda.<\/div>\n<\/div>\n<\/div>\n<\/div>\n<\/div>\n<div class=\"group\/conversation-turn relative flex w-full min-w-0 flex-col agent-turn\">\n<div class=\"flex-col gap-1 md:gap-3\">\n<div class=\"flex max-w-full flex-col flex-grow\">\n<div class=\"min-h-[20px] text-message flex w-full flex-col items-end gap-2 whitespace-normal break-words [.text-message+&amp;]:mt-5\" dir=\"auto\" data-message-author-role=\"assistant\" data-message-id=\"142246aa-aa9e-4cc5-81ba-5358e4f22137\">\n<div class=\"flex w-full flex-col gap-1 empty:hidden first:pt-[3px]\">\n<div class=\"markdown prose w-full break-words dark:prose-invert light\">\n<p>El aroma de sand\u00eda en el cigarrillo electr\u00f3nico desechable Bang 36000 Puffs ofrece una experiencia de sabor que es a la vez dulce y refrescante:<\/p>\n<ul>\n<li>Dulzor afrutado: El sabor de las sand\u00edas maduras y jugosas aporta un dulzor natural a cada calada, que es agradable y satisfactorio.<\/li>\n<li>Frescor refrescante: La ligera frescura que se a\u00f1ade al aroma de sand\u00eda proporciona una dimensi\u00f3n adicional que hace que la experiencia de vapeo sea especialmente refrescante.<\/li>\n<\/ul>\n<p>Esta combinaci\u00f3n de dulzor afrutado y frescor refrescante convierte el aroma de sand\u00eda en una opci\u00f3n ideal para los vapeadores que buscan una experiencia de sabor agradable y a la vez refrescante.<\/p>\n<h3>36.000 inhalaciones: para un disfrute duradero sin complicaciones<\/h3>\n<p>Con la capacidad de <strong><a href=\"https:\/\/www.elementvape.de\/es\/p-tag\/vaep-36000-zuege\/\" target=\"_blank\" rel=\"noopener\">36000 inhalaciones<\/a><\/strong> ofrecer, el cigarrillo electr\u00f3nico desechable Bang ofrece una vida \u00fatil impresionante que garantiza semanas de disfrute. Esta alta capacidad significa que no tiene que preocuparse por rellenar o reemplazar las resistencias. Simplemente use el dispositivo y disfrute del sabor duradero de la sand\u00eda fresca.<\/p>\n<h3>Resistencia de malla: para un sabor intenso y abundante vapor<\/h3>\n<p>La tecnolog\u00eda de resistencia de malla en el cigarrillo electr\u00f3nico desechable Bang 36.000 Puffs garantiza una experiencia de sabor excepcional y densas nubes de vapor:<\/p>\n<ul>\n<li>Calentamiento r\u00e1pido y uniforme: La resistencia de malla calienta el e-l\u00edquido de manera uniforme y eficiente, lo que resulta en un sabor intenso y constante.<\/li>\n<li>Sabor claro: Gracias al calentamiento uniforme, el sabor de la sand\u00eda se mantiene fresco y claro, de modo que cada calada ofrece todo el sabor de la fruta fresca.<\/li>\n<li>Nubes de vapor densas: La resistencia de malla produce nubes de vapor m\u00e1s grandes y densas que enriquecen la experiencia de vapeo visual y gustativamente.<\/li>\n<\/ul>\n<h3>Puerto de carga tipo C: para una carga sencilla<\/h3>\n<p>El puerto de carga tipo C permite una carga r\u00e1pida y c\u00f3moda del Bang 36.000 Puffs <strong><a href=\"https:\/\/www.elementvape.de\/es\/c\/einweg-zigarette\/\">Cigarrillo electr\u00f3nico desechable<\/a><\/strong>, cuando sea necesario. Este moderno puerto de carga garantiza que est\u00e9 r\u00e1pidamente listo para disfrutar del sabor de la sand\u00eda fresca sin tener que aceptar largos tiempos de carga.<\/p>\n<h3>Sand\u00eda fresca en cada calada: el cigarrillo electr\u00f3nico desechable Bang 36.000 Puffs para una experiencia de vapeo refrescante<\/h3>\n<p>El cigarrillo electr\u00f3nico desechable Bang 36000 Puffs con aroma de sand\u00eda ofrece una experiencia de vapeo \u00fanica que se intensifica con la tecnolog\u00eda de resistencia de malla. Con la impresionante capacidad de 36.000 inhalaciones y un puerto de carga tipo C, este <strong><a href=\"https:\/\/www.elementvape.de\/es\/\" target=\"_blank\" rel=\"noopener\">Cigarrillo Electr\u00f3nico<\/a><\/strong> garantiza un disfrute duradero y refrescante. Experimente la combinaci\u00f3n perfecta de dulzor afrutado y frescor refrescante con cada calada y disfrute de una experiencia de vapeo que convence tanto en sabor como visualmente.<\/p>\n<\/div>\n<\/div>\n<\/div>\n<\/div>\n<\/div>\n<\/div>","protected":false},"excerpt":{"rendered":"<p>F\u00fcr alle, die sich nach einer erfrischenden, k\u00fchlen Geschmacksexplosion sehnen, bietet die Bang Einweg-E-Zigarette mit 36.000 Puffs und Mesh Coil genau das richtige Erlebnis. Das Wassermelonen-Aroma vereint die s\u00fc\u00dfe, saftige Frische der Wassermelone mit einem erfrischenden K\u00fchleffekt, der jeden Zug zu einem echten Genuss macht. Diese Kombination sorgt f\u00fcr ein erfrischendes Dampferlebnis, das Sie an [&hellip;]<\/p>","protected":false},"featured_media":14370,"template":"","meta":{"inline_featured_image":false},"product_cat":[15,760,78,750,737,736,749,752,756],"product_tag":[710,761],"tiered_pricing_type":"fixed","tiered_pricing_fixed_rules":{"60":"9.4","110":"8.35","200":"7.31"},"tiered_pricing_percentage_rules":[],"tiered_pricing_minimum":1,"_administrator_tiered_pricing_type":"fixed","_administrator_tiered_pricing_fixed_rules":[],"_editor_tiered_pricing_type":"fixed","_editor_tiered_pricing_fixed_rules":[],"_author_tiered_pricing_type":"fixed","_author_tiered_pricing_fixed_rules":[],"_contributor_tiered_pricing_type":"fixed","_contributor_tiered_pricing_fixed_rules":[],"_subscriber_tiered_pricing_type":"fixed","_subscriber_tiered_pricing_fixed_rules":[],"_customer_tiered_pricing_type":"fixed","_customer_tiered_pricing_fixed_rules":[],"_shop_manager_tiered_pricing_type":"fixed","_shop_manager_tiered_pricing_fixed_rules":[],"_wpseo_manager_tiered_pricing_type":"fixed","_wpseo_manager_tiered_pricing_fixed_rules":[],"_wpseo_editor_tiered_pricing_type":"fixed","_wpseo_editor_tiered_pricing_fixed_rules":[],"_wholesale_customer_tiered_pricing_type":"fixed","_wholesale_customer_tiered_pricing_fixed_rules":[],"_marketer_tiered_pricing_type":"fixed","_marketer_tiered_pricing_fixed_rules":[],"_sales_manager_tiered_pricing_type":"fixed","_sales_manager_tiered_pricing_fixed_rules":[],"_sales_rep_tiered_pricing_type":"fixed","_sales_rep_tiered_pricing_fixed_rules":[],"yoast_head":"<!-- This site is optimized with the Yoast SEO plugin v23.3 - https:\/\/yoast.com\/wordpress\/plugins\/seo\/ -->\n<title>K\u00fchle Wassermelone in jeder Zug Die Bang Einweg-E-Zigarette mit 36000 Puffs und Mesh Coil sorgt f\u00fcr ein erfrischendes Dampferlebnis | ElementVape.de<\/title>\n<meta name=\"description\" content=\"Wir bieten K\u00fchle Wassermelone in jeder Zug Die Bang Einweg-E-Zigarette mit 36000 Puffs und Mesh Coil sorgt f\u00fcr ein erfrischendes Dampferlebnis , Elementvape.de akzeptieren Gro\u00df-und Einzelhandel Bestellungen.\" \/>\n<meta name=\"robots\" content=\"index, follow, max-snippet:-1, max-image-preview:large, max-video-preview:-1\" \/>\n<link rel=\"canonical\" href=\"https:\/\/www.elementvape.de\/es\/produkt\/kuehle-wassermelone-in-jeder-zug-die-bang-einweg-e-zigarette-mit-36000-puffs-und-mesh-coil-sorgt-fuer-ein-erfrischendes-dampferlebnis\/\" \/>\n<meta property=\"og:locale\" content=\"es_ES\" \/>\n<meta property=\"og:type\" content=\"article\" \/>\n<meta property=\"og:title\" content=\"K\u00fchle Wassermelone in jeder Zug Die Bang Einweg-E-Zigarette mit 36000 Puffs und Mesh Coil sorgt f\u00fcr ein erfrischendes Dampferlebnis | ElementVape.de\" \/>\n<meta property=\"og:description\" content=\"Wir bieten K\u00fchle Wassermelone in jeder Zug Die Bang Einweg-E-Zigarette mit 36000 Puffs und Mesh Coil sorgt f\u00fcr ein erfrischendes Dampferlebnis , Elementvape.de akzeptieren Gro\u00df-und Einzelhandel Bestellungen.\" \/>\n<meta property=\"og:url\" content=\"https:\/\/www.elementvape.de\/es\/produkt\/kuehle-wassermelone-in-jeder-zug-die-bang-einweg-e-zigarette-mit-36000-puffs-und-mesh-coil-sorgt-fuer-ein-erfrischendes-dampferlebnis\/\" \/>\n<meta property=\"og:site_name\" content=\"ElementVape.de\" \/>\n<meta property=\"article:modified_time\" content=\"2024-10-09T08:24:57+00:00\" \/>\n<meta property=\"og:image\" content=\"https:\/\/www.elementvape.de\/wp-content\/uploads\/2024\/09\/WATERMELON-1-scaled.jpg\" \/>\n\t<meta property=\"og:image:width\" content=\"2560\" \/>\n\t<meta property=\"og:image:height\" content=\"2249\" \/>\n\t<meta property=\"og:image:type\" content=\"image\/jpeg\" \/>\n<meta name=\"twitter:card\" content=\"summary_large_image\" \/>\n<meta name=\"twitter:label1\" content=\"Est. reading time\" \/>\n\t<meta name=\"twitter:data1\" content=\"3 minutos\" \/>\n<script type=\"application\/ld+json\" class=\"yoast-schema-graph\">{\"@context\":\"https:\/\/schema.org\",\"@graph\":[{\"@type\":\"WebPage\",\"@id\":\"https:\/\/www.elementvape.de\/produkt\/kuehle-wassermelone-in-jeder-zug-die-bang-einweg-e-zigarette-mit-36000-puffs-und-mesh-coil-sorgt-fuer-ein-erfrischendes-dampferlebnis\/\",\"url\":\"https:\/\/www.elementvape.de\/produkt\/kuehle-wassermelone-in-jeder-zug-die-bang-einweg-e-zigarette-mit-36000-puffs-und-mesh-coil-sorgt-fuer-ein-erfrischendes-dampferlebnis\/\",\"name\":\"K\u00fchle Wassermelone in jeder Zug Die Bang Einweg-E-Zigarette mit 36000 Puffs und Mesh Coil sorgt f\u00fcr ein erfrischendes Dampferlebnis | ElementVape.de\",\"isPartOf\":{\"@id\":\"https:\/\/www.elementvape.de\/#website\"},\"primaryImageOfPage\":{\"@id\":\"https:\/\/www.elementvape.de\/produkt\/kuehle-wassermelone-in-jeder-zug-die-bang-einweg-e-zigarette-mit-36000-puffs-und-mesh-coil-sorgt-fuer-ein-erfrischendes-dampferlebnis\/#primaryimage\"},\"image\":{\"@id\":\"https:\/\/www.elementvape.de\/produkt\/kuehle-wassermelone-in-jeder-zug-die-bang-einweg-e-zigarette-mit-36000-puffs-und-mesh-coil-sorgt-fuer-ein-erfrischendes-dampferlebnis\/#primaryimage\"},\"thumbnailUrl\":\"https:\/\/www.elementvape.de\/wp-content\/uploads\/2024\/09\/WATERMELON-1-scaled.jpg\",\"datePublished\":\"2024-09-17T08:22:52+00:00\",\"dateModified\":\"2024-10-09T08:24:57+00:00\",\"description\":\"Wir bieten K\u00fchle Wassermelone in jeder Zug Die Bang Einweg-E-Zigarette mit 36000 Puffs und Mesh Coil sorgt f\u00fcr ein erfrischendes Dampferlebnis , Elementvape.de akzeptieren Gro\u00df-und Einzelhandel Bestellungen.\",\"breadcrumb\":{\"@id\":\"https:\/\/www.elementvape.de\/produkt\/kuehle-wassermelone-in-jeder-zug-die-bang-einweg-e-zigarette-mit-36000-puffs-und-mesh-coil-sorgt-fuer-ein-erfrischendes-dampferlebnis\/#breadcrumb\"},\"inLanguage\":\"es\",\"potentialAction\":[{\"@type\":\"ReadAction\",\"target\":[\"https:\/\/www.elementvape.de\/produkt\/kuehle-wassermelone-in-jeder-zug-die-bang-einweg-e-zigarette-mit-36000-puffs-und-mesh-coil-sorgt-fuer-ein-erfrischendes-dampferlebnis\/\"]}]},{\"@type\":\"ImageObject\",\"inLanguage\":\"es\",\"@id\":\"https:\/\/www.elementvape.de\/produkt\/kuehle-wassermelone-in-jeder-zug-die-bang-einweg-e-zigarette-mit-36000-puffs-und-mesh-coil-sorgt-fuer-ein-erfrischendes-dampferlebnis\/#primaryimage\",\"url\":\"https:\/\/www.elementvape.de\/wp-content\/uploads\/2024\/09\/WATERMELON-1-scaled.jpg\",\"contentUrl\":\"https:\/\/www.elementvape.de\/wp-content\/uploads\/2024\/09\/WATERMELON-1-scaled.jpg\",\"width\":2560,\"height\":2249,\"caption\":\"WATERMELON\"},{\"@type\":\"BreadcrumbList\",\"@id\":\"https:\/\/www.elementvape.de\/produkt\/kuehle-wassermelone-in-jeder-zug-die-bang-einweg-e-zigarette-mit-36000-puffs-und-mesh-coil-sorgt-fuer-ein-erfrischendes-dampferlebnis\/#breadcrumb\",\"itemListElement\":[{\"@type\":\"ListItem\",\"position\":1,\"name\":\"Home\",\"item\":\"https:\/\/www.elementvape.de\/\"},{\"@type\":\"ListItem\",\"position\":2,\"name\":\"Shop\",\"item\":\"https:\/\/www.elementvape.de\/shop\/\"},{\"@type\":\"ListItem\",\"position\":3,\"name\":\"K\u00fchle Wassermelone in jeder Zug Die Bang Einweg-E-Zigarette mit 36000 Puffs und Mesh Coil sorgt f\u00fcr ein erfrischendes Dampferlebnis\"}]},{\"@type\":\"WebSite\",\"@id\":\"https:\/\/www.elementvape.de\/#website\",\"url\":\"https:\/\/www.elementvape.de\/\",\"name\":\"ElementVape.de\",\"description\":\"\",\"publisher\":{\"@id\":\"https:\/\/www.elementvape.de\/#organization\"},\"potentialAction\":[{\"@type\":\"SearchAction\",\"target\":{\"@type\":\"EntryPoint\",\"urlTemplate\":\"https:\/\/www.elementvape.de\/?s={search_term_string}\"},\"query-input\":\"required name=search_term_string\"}],\"inLanguage\":\"es\"},{\"@type\":\"Organization\",\"@id\":\"https:\/\/www.elementvape.de\/#organization\",\"name\":\"ElementVape.DE\",\"url\":\"https:\/\/www.elementvape.de\/\",\"logo\":{\"@type\":\"ImageObject\",\"inLanguage\":\"es\",\"@id\":\"https:\/\/www.elementvape.de\/#\/schema\/logo\/image\/\",\"url\":\"https:\/\/www.elementvape.de\/wp-content\/uploads\/2024\/09\/cropped-1elementvape-3.png\",\"contentUrl\":\"https:\/\/www.elementvape.de\/wp-content\/uploads\/2024\/09\/cropped-1elementvape-3.png\",\"width\":285,\"height\":228,\"caption\":\"ElementVape.DE\"},\"image\":{\"@id\":\"https:\/\/www.elementvape.de\/#\/schema\/logo\/image\/\"}}]}<\/script>\n<!-- \/ Yoast SEO plugin. -->","yoast_head_json":{"title":"K\u00fchle Wassermelone in jeder Zug Die Bang Einweg-E-Zigarette mit 36000 Puffs und Mesh Coil sorgt f\u00fcr ein erfrischendes Dampferlebnis | ElementVape.de","description":"Wir bieten K\u00fchle Wassermelone in jeder Zug Die Bang Einweg-E-Zigarette mit 36000 Puffs und Mesh Coil sorgt f\u00fcr ein erfrischendes Dampferlebnis , Elementvape.de akzeptieren Gro\u00df-und Einzelhandel Bestellungen.","robots":{"index":"index","follow":"follow","max-snippet":"max-snippet:-1","max-image-preview":"max-image-preview:large","max-video-preview":"max-video-preview:-1"},"canonical":"https:\/\/www.elementvape.de\/es\/produkt\/kuehle-wassermelone-in-jeder-zug-die-bang-einweg-e-zigarette-mit-36000-puffs-und-mesh-coil-sorgt-fuer-ein-erfrischendes-dampferlebnis\/","og_locale":"es_ES","og_type":"article","og_title":"K\u00fchle Wassermelone in jeder Zug Die Bang Einweg-E-Zigarette mit 36000 Puffs und Mesh Coil sorgt f\u00fcr ein erfrischendes Dampferlebnis | ElementVape.de","og_description":"Wir bieten K\u00fchle Wassermelone in jeder Zug Die Bang Einweg-E-Zigarette mit 36000 Puffs und Mesh Coil sorgt f\u00fcr ein erfrischendes Dampferlebnis , Elementvape.de akzeptieren Gro\u00df-und Einzelhandel Bestellungen.","og_url":"https:\/\/www.elementvape.de\/es\/produkt\/kuehle-wassermelone-in-jeder-zug-die-bang-einweg-e-zigarette-mit-36000-puffs-und-mesh-coil-sorgt-fuer-ein-erfrischendes-dampferlebnis\/","og_site_name":"ElementVape.de","article_modified_time":"2024-10-09T08:24:57+00:00","og_image":[{"width":2560,"height":2249,"url":"https:\/\/www.elementvape.de\/wp-content\/uploads\/2024\/09\/WATERMELON-1-scaled.jpg","type":"image\/jpeg"}],"twitter_card":"summary_large_image","twitter_misc":{"Est. reading time":"3 minutos"},"schema":{"@context":"https:\/\/schema.org","@graph":[{"@type":"WebPage","@id":"https:\/\/www.elementvape.de\/produkt\/kuehle-wassermelone-in-jeder-zug-die-bang-einweg-e-zigarette-mit-36000-puffs-und-mesh-coil-sorgt-fuer-ein-erfrischendes-dampferlebnis\/","url":"https:\/\/www.elementvape.de\/produkt\/kuehle-wassermelone-in-jeder-zug-die-bang-einweg-e-zigarette-mit-36000-puffs-und-mesh-coil-sorgt-fuer-ein-erfrischendes-dampferlebnis\/","name":"K\u00fchle Wassermelone in jeder Zug Die Bang Einweg-E-Zigarette mit 36000 Puffs und Mesh Coil sorgt f\u00fcr ein erfrischendes Dampferlebnis | ElementVape.de","isPartOf":{"@id":"https:\/\/www.elementvape.de\/#website"},"primaryImageOfPage":{"@id":"https:\/\/www.elementvape.de\/produkt\/kuehle-wassermelone-in-jeder-zug-die-bang-einweg-e-zigarette-mit-36000-puffs-und-mesh-coil-sorgt-fuer-ein-erfrischendes-dampferlebnis\/#primaryimage"},"image":{"@id":"https:\/\/www.elementvape.de\/produkt\/kuehle-wassermelone-in-jeder-zug-die-bang-einweg-e-zigarette-mit-36000-puffs-und-mesh-coil-sorgt-fuer-ein-erfrischendes-dampferlebnis\/#primaryimage"},"thumbnailUrl":"https:\/\/www.elementvape.de\/wp-content\/uploads\/2024\/09\/WATERMELON-1-scaled.jpg","datePublished":"2024-09-17T08:22:52+00:00","dateModified":"2024-10-09T08:24:57+00:00","description":"Wir bieten K\u00fchle Wassermelone in jeder Zug Die Bang Einweg-E-Zigarette mit 36000 Puffs und Mesh Coil sorgt f\u00fcr ein erfrischendes Dampferlebnis , Elementvape.de akzeptieren Gro\u00df-und Einzelhandel Bestellungen.","breadcrumb":{"@id":"https:\/\/www.elementvape.de\/produkt\/kuehle-wassermelone-in-jeder-zug-die-bang-einweg-e-zigarette-mit-36000-puffs-und-mesh-coil-sorgt-fuer-ein-erfrischendes-dampferlebnis\/#breadcrumb"},"inLanguage":"es","potentialAction":[{"@type":"ReadAction","target":["https:\/\/www.elementvape.de\/produkt\/kuehle-wassermelone-in-jeder-zug-die-bang-einweg-e-zigarette-mit-36000-puffs-und-mesh-coil-sorgt-fuer-ein-erfrischendes-dampferlebnis\/"]}]},{"@type":"ImageObject","inLanguage":"es","@id":"https:\/\/www.elementvape.de\/produkt\/kuehle-wassermelone-in-jeder-zug-die-bang-einweg-e-zigarette-mit-36000-puffs-und-mesh-coil-sorgt-fuer-ein-erfrischendes-dampferlebnis\/#primaryimage","url":"https:\/\/www.elementvape.de\/wp-content\/uploads\/2024\/09\/WATERMELON-1-scaled.jpg","contentUrl":"https:\/\/www.elementvape.de\/wp-content\/uploads\/2024\/09\/WATERMELON-1-scaled.jpg","width":2560,"height":2249,"caption":"WATERMELON"},{"@type":"BreadcrumbList","@id":"https:\/\/www.elementvape.de\/produkt\/kuehle-wassermelone-in-jeder-zug-die-bang-einweg-e-zigarette-mit-36000-puffs-und-mesh-coil-sorgt-fuer-ein-erfrischendes-dampferlebnis\/#breadcrumb","itemListElement":[{"@type":"ListItem","position":1,"name":"Home","item":"https:\/\/www.elementvape.de\/"},{"@type":"ListItem","position":2,"name":"Shop","item":"https:\/\/www.elementvape.de\/shop\/"},{"@type":"ListItem","position":3,"name":"K\u00fchle Wassermelone in jeder Zug Die Bang Einweg-E-Zigarette mit 36000 Puffs und Mesh Coil sorgt f\u00fcr ein erfrischendes Dampferlebnis"}]},{"@type":"WebSite","@id":"https:\/\/www.elementvape.de\/#website","url":"https:\/\/www.elementvape.de\/","name":"ElementVape.de","description":"","publisher":{"@id":"https:\/\/www.elementvape.de\/#organization"},"potentialAction":[{"@type":"SearchAction","target":{"@type":"EntryPoint","urlTemplate":"https:\/\/www.elementvape.de\/?s={search_term_string}"},"query-input":"required name=search_term_string"}],"inLanguage":"es"},{"@type":"Organization","@id":"https:\/\/www.elementvape.de\/#organization","name":"ElementVape.DE","url":"https:\/\/www.elementvape.de\/","logo":{"@type":"ImageObject","inLanguage":"es","@id":"https:\/\/www.elementvape.de\/#\/schema\/logo\/image\/","url":"https:\/\/www.elementvape.de\/wp-content\/uploads\/2024\/09\/cropped-1elementvape-3.png","contentUrl":"https:\/\/www.elementvape.de\/wp-content\/uploads\/2024\/09\/cropped-1elementvape-3.png","width":285,"height":228,"caption":"ElementVape.DE"},"image":{"@id":"https:\/\/www.elementvape.de\/#\/schema\/logo\/image\/"}}]}},"_links":{"self":[{"href":"https:\/\/www.elementvape.de\/es\/wp-json\/wp\/v2\/product\/14369"}],"collection":[{"href":"https:\/\/www.elementvape.de\/es\/wp-json\/wp\/v2\/product"}],"about":[{"href":"https:\/\/www.elementvape.de\/es\/wp-json\/wp\/v2\/types\/product"}],"wp:featuredmedia":[{"embeddable":true,"href":"https:\/\/www.elementvape.de\/es\/wp-json\/wp\/v2\/media\/14370"}],"wp:attachment":[{"href":"https:\/\/www.elementvape.de\/es\/wp-json\/wp\/v2\/media?parent=14369"}],"wp:term":[{"taxonomy":"product_cat","embeddable":true,"href":"https:\/\/www.elementvape.de\/es\/wp-json\/wp\/v2\/product_cat?post=14369"},{"taxonomy":"product_tag","embeddable":true,"href":"https:\/\/www.elementvape.de\/es\/wp-json\/wp\/v2\/product_tag?post=14369"}],"curies":[{"name":"wp","href":"https:\/\/api.w.org\/{rel}","templated":true}]}}