{"id":14365,"date":"2024-09-17T07:06:43","date_gmt":"2024-09-17T07:06:43","guid":{"rendered":"https:\/\/www.elementvape.de\/?post_type=product&#038;p=14365"},"modified":"2024-10-09T08:14:59","modified_gmt":"2024-10-09T08:14:59","slug":"erleben-sie-den-doppelt-intensiven-apfelgeschmack-die-bang-36000-puffs-einweg-e-zigarette-mit-double-apples-und-mesh-coil-fuer-maximalen-genuss","status":"publish","type":"product","link":"https:\/\/www.elementvape.de\/es\/produkt\/erleben-sie-den-doppelt-intensiven-apfelgeschmack-die-bang-36000-puffs-einweg-e-zigarette-mit-double-apples-und-mesh-coil-fuer-maximalen-genuss\/","title":{"rendered":"Experimenta el sabor de manzana doble con la Bang 36000 Puffs, cigarrillo electr\u00f3nico desechable con doble manzana y bobina de malla para un m\u00e1ximo disfrute"},"content":{"rendered":"<h2>Experimenta el sabor de manzana doble con la Bang 36000 Puffs, cigarrillo electr\u00f3nico desechable con doble manzana y bobina de malla para un m\u00e1ximo disfrute<\/h2>\n<p>Para todos los que aman el sabor afrutado de las manzanas, el cigarrillo electr\u00f3nico desechable Bang 36000 Puffs ofrece la mejor experiencia con su sabor Double Apples. Esta mezcla \u00fanica de manzanas rojas dulces y manzanas verdes refrescantes proporciona una experiencia de sabor intensa y equilibrada en cada calada. En combinaci\u00f3n con la tecnolog\u00eda Mesh Coil, este cigarrillo electr\u00f3nico eleva el vapeo a un nuevo nivel y ofrece el m\u00e1ximo disfrute que dura mucho tiempo.<\/p>\n<h3>Double Apples Doble potencia frutal para un sabor intenso<\/h3>\n<p>El sabor Double Apples es un equilibrio perfecto de notas de manzana dulces y \u00e1cidas que se unen armoniosamente para ofrecer una intensa experiencia frutal:<\/p>\n<ul>\n<li>Manzanas rojas: El sabor de las manzanas rojas maduras y dulces aporta una jugosa dulzura a la mezcla, que mima el paladar y proporciona una agradable plenitud de sabor.<\/li>\n<li>Manzanas verdes: La refrescante acidez de las manzanas verdes a\u00f1ade una nota revitalizante y crea un contraste perfecto con la dulzura de las manzanas rojas, redondeando as\u00ed la experiencia de sabor.<\/li>\n<\/ul>\n<p>Esta combinaci\u00f3n de notas de manzana dulces y \u00e1cidas convierte el sabor Double Apples en una opci\u00f3n vers\u00e1til que entusiasma tanto a los amantes de los aromas dulces como a los refrescantes y \u00e1cidos. Cada calada ofrece un aroma de manzana equilibrado pero potente que se mantiene refrescante durante todo el d\u00eda.<\/p>\n<p>Con una capacidad de 36.000 caladas, el Bang <strong><a href=\"https:\/\/www.elementvape.de\/es\/c\/einweg-zigarette\/\" target=\"_blank\" rel=\"noopener\">Cigarrillo electr\u00f3nico desechable<\/a><\/strong> ofrece una impresionante vida \u00fatil que permite vapear durante semanas sin necesidad de rellenar ni realizar mantenimiento. Este cigarrillo electr\u00f3nico desechable de larga duraci\u00f3n es perfecto para aquellos que buscan una experiencia de vapeo sin preocupaciones y que no quieren renunciar a un sabor intenso. Tanto si est\u00e1 de viaje como si simplemente prefiere un dispositivo sin mantenimiento constante, el Bang 36.000 Puffs garantiza que el sabor Double Apples se mantenga durante mucho tiempo.<\/p>\n<h3>Mesh Coil \u2013 Sabor intenso en cada calada<\/h3>\n<p>La tecnolog\u00eda Mesh Coil garantiza que el sabor Double Apples se exprese de forma especialmente intensa. Gracias a la mayor superficie de calentamiento de la Mesh Coil, el e-l\u00edquido se calienta de forma m\u00e1s uniforme, lo que se traduce en un sabor con cuerpo y densas nubes de vapor. Las ventajas de la Mesh Coil de un vistazo:<\/p>\n<ul>\n<li>Calentamiento m\u00e1s r\u00e1pido y uniforme: La Mesh Coil calienta el e-l\u00edquido de forma m\u00e1s eficiente que las resistencias convencionales, por lo que el sabor a manzana se mantiene claro e intenso en cada calada.<\/li>\n<li>M\u00e1s profundidad de sabor: Gracias al calentamiento uniforme, las notas de manzana dulces y \u00e1cidas se mantienen siempre perfectamente equilibradas, de modo que cada calada ofrece todo el sabor.<\/li>\n<li>Densas nubes de vapor: Adem\u00e1s del sabor intenso, la Mesh Coil tambi\u00e9n produce nubes de vapor m\u00e1s grandes y densas, lo que mejora a\u00fan m\u00e1s la experiencia de vapeo.<\/li>\n<\/ul>\n<p>El cigarrillo electr\u00f3nico desechable Bang 36.000 Puffs est\u00e1 equipado con un puerto de carga tipo C, lo que permite una carga r\u00e1pida y sencilla. Aunque el <strong><a href=\"https:\/\/www.elementvape.de\/es\/\" target=\"_blank\" rel=\"noopener\">Cigarrillo Electr\u00f3nico<\/a><\/strong> est\u00e1 dise\u00f1ado para una larga vida \u00fatil, la bater\u00eda recargable garantiza que pueda utilizar toda la potencia en cualquier momento sin tener que preocuparse por las bater\u00edas vac\u00edas. Esto hace que el dispositivo sea especialmente f\u00e1cil de usar y pr\u00e1ctico para el uso diario.<\/p>\n<h3>Disfrute del doble de sabor a manzana con el cigarrillo electr\u00f3nico desechable Bang 36000 Puffs<\/h3>\n<p>El cigarrillo electr\u00f3nico desechable Bang 36.000 Puffs con sabor Double Apples ofrece una experiencia de vapeo \u00fanica que entusiasma tanto a los amantes de los dulces como a los fans de los aromas refrescantes y \u00e1cidos. La combinaci\u00f3n de manzanas rojas y verdes crea una experiencia de sabor armoniosa y afrutada que se intensifica a\u00fan m\u00e1s gracias a la tecnolog\u00eda Mesh Coil. Con una enorme capacidad de <strong><a href=\"https:\/\/www.elementvape.de\/es\/p-tag\/vaep-36000-zuege\/\" target=\"_blank\" rel=\"noopener\">36000 caladas<\/a><\/strong> y un puerto de carga tipo C, este cigarrillo electr\u00f3nico es una opci\u00f3n duradera y pr\u00e1ctica para todos aquellos que quieran disfrutar de un aroma fuerte y afrutado sin concesiones.<\/p>","protected":false},"excerpt":{"rendered":"<p>Erleben Sie den doppelt intensiven Apfelgeschmack Die Bang 36.000 Puffs Einweg-E-Zigarette mit Double Apples und Mesh Coil f\u00fcr maximalen Genuss F\u00fcr alle, die den fruchtigen Geschmack von \u00c4pfeln lieben, bietet die Bang 36000 Puffs Einweg-E-Zigarette das ultimative Erlebnis mit ihrem Double Apples-Geschmack. Diese einzigartige Mischung aus s\u00fc\u00dfen roten \u00c4pfeln und erfrischenden gr\u00fcnen \u00c4pfeln sorgt f\u00fcr [&hellip;]<\/p>","protected":false},"featured_media":14353,"template":"","meta":{"inline_featured_image":false},"product_cat":[15,760,78,750,737,736,749,752,756],"product_tag":[710,761],"tiered_pricing_type":"fixed","tiered_pricing_fixed_rules":{"60":"9.4","110":"8.35","200":"7.31"},"tiered_pricing_percentage_rules":[],"tiered_pricing_minimum":1,"_administrator_tiered_pricing_type":"fixed","_administrator_tiered_pricing_fixed_rules":[],"_editor_tiered_pricing_type":"fixed","_editor_tiered_pricing_fixed_rules":[],"_author_tiered_pricing_type":"fixed","_author_tiered_pricing_fixed_rules":[],"_contributor_tiered_pricing_type":"fixed","_contributor_tiered_pricing_fixed_rules":[],"_subscriber_tiered_pricing_type":"fixed","_subscriber_tiered_pricing_fixed_rules":[],"_customer_tiered_pricing_type":"fixed","_customer_tiered_pricing_fixed_rules":[],"_shop_manager_tiered_pricing_type":"fixed","_shop_manager_tiered_pricing_fixed_rules":[],"_wpseo_manager_tiered_pricing_type":"fixed","_wpseo_manager_tiered_pricing_fixed_rules":[],"_wpseo_editor_tiered_pricing_type":"fixed","_wpseo_editor_tiered_pricing_fixed_rules":[],"_wholesale_customer_tiered_pricing_type":"fixed","_wholesale_customer_tiered_pricing_fixed_rules":[],"_marketer_tiered_pricing_type":"fixed","_marketer_tiered_pricing_fixed_rules":[],"_sales_manager_tiered_pricing_type":"fixed","_sales_manager_tiered_pricing_fixed_rules":[],"_sales_rep_tiered_pricing_type":"fixed","_sales_rep_tiered_pricing_fixed_rules":[],"yoast_head":"<!-- This site is optimized with the Yoast SEO plugin v23.3 - https:\/\/yoast.com\/wordpress\/plugins\/seo\/ -->\n<title>Erleben Sie den doppelt intensiven Apfelgeschmack Die Bang 36000 Puffs Einweg-E-Zigarette mit Double Apples und Mesh Coil f\u00fcr maximalen Genuss | ElementVape.de<\/title>\n<meta name=\"description\" content=\"Wir bieten Erleben Sie den doppelt intensiven Apfelgeschmack Die Bang 36000 Puffs Einweg-E-Zigarette mit Double Apples und Mesh Coil f\u00fcr maximalen Genuss , Elementvape.de akzeptieren Gro\u00df-und Einzelhandel Bestellungen.\" \/>\n<meta name=\"robots\" content=\"index, follow, max-snippet:-1, max-image-preview:large, max-video-preview:-1\" \/>\n<link rel=\"canonical\" href=\"https:\/\/www.elementvape.de\/es\/produkt\/erleben-sie-den-doppelt-intensiven-apfelgeschmack-die-bang-36000-puffs-einweg-e-zigarette-mit-double-apples-und-mesh-coil-fuer-maximalen-genuss\/\" \/>\n<meta property=\"og:locale\" content=\"es_ES\" \/>\n<meta property=\"og:type\" content=\"article\" \/>\n<meta property=\"og:title\" content=\"Erleben Sie den doppelt intensiven Apfelgeschmack Die Bang 36000 Puffs Einweg-E-Zigarette mit Double Apples und Mesh Coil f\u00fcr maximalen Genuss | ElementVape.de\" \/>\n<meta property=\"og:description\" content=\"Wir bieten Erleben Sie den doppelt intensiven Apfelgeschmack Die Bang 36000 Puffs Einweg-E-Zigarette mit Double Apples und Mesh Coil f\u00fcr maximalen Genuss , Elementvape.de akzeptieren Gro\u00df-und Einzelhandel Bestellungen.\" \/>\n<meta property=\"og:url\" content=\"https:\/\/www.elementvape.de\/es\/produkt\/erleben-sie-den-doppelt-intensiven-apfelgeschmack-die-bang-36000-puffs-einweg-e-zigarette-mit-double-apples-und-mesh-coil-fuer-maximalen-genuss\/\" \/>\n<meta property=\"og:site_name\" content=\"ElementVape.de\" \/>\n<meta property=\"article:modified_time\" content=\"2024-10-09T08:14:59+00:00\" \/>\n<meta property=\"og:image\" content=\"https:\/\/www.elementvape.de\/wp-content\/uploads\/2024\/09\/DOUBLE-APPLES-scaled.jpg\" \/>\n\t<meta property=\"og:image:width\" content=\"2560\" \/>\n\t<meta property=\"og:image:height\" content=\"2249\" \/>\n\t<meta property=\"og:image:type\" content=\"image\/jpeg\" \/>\n<meta name=\"twitter:card\" content=\"summary_large_image\" \/>\n<meta name=\"twitter:label1\" content=\"Est. reading time\" \/>\n\t<meta name=\"twitter:data1\" content=\"4 minutos\" \/>\n<script type=\"application\/ld+json\" class=\"yoast-schema-graph\">{\"@context\":\"https:\/\/schema.org\",\"@graph\":[{\"@type\":\"WebPage\",\"@id\":\"https:\/\/www.elementvape.de\/es\/produkt\/erleben-sie-den-doppelt-intensiven-apfelgeschmack-die-bang-36000-puffs-einweg-e-zigarette-mit-double-apples-und-mesh-coil-fuer-maximalen-genuss\/\",\"url\":\"https:\/\/www.elementvape.de\/es\/produkt\/erleben-sie-den-doppelt-intensiven-apfelgeschmack-die-bang-36000-puffs-einweg-e-zigarette-mit-double-apples-und-mesh-coil-fuer-maximalen-genuss\/\",\"name\":\"Erleben Sie den doppelt intensiven Apfelgeschmack Die Bang 36000 Puffs Einweg-E-Zigarette mit Double Apples und Mesh Coil f\u00fcr maximalen Genuss | ElementVape.de\",\"isPartOf\":{\"@id\":\"https:\/\/www.elementvape.de\/#website\"},\"primaryImageOfPage\":{\"@id\":\"https:\/\/www.elementvape.de\/es\/produkt\/erleben-sie-den-doppelt-intensiven-apfelgeschmack-die-bang-36000-puffs-einweg-e-zigarette-mit-double-apples-und-mesh-coil-fuer-maximalen-genuss\/#primaryimage\"},\"image\":{\"@id\":\"https:\/\/www.elementvape.de\/es\/produkt\/erleben-sie-den-doppelt-intensiven-apfelgeschmack-die-bang-36000-puffs-einweg-e-zigarette-mit-double-apples-und-mesh-coil-fuer-maximalen-genuss\/#primaryimage\"},\"thumbnailUrl\":\"https:\/\/www.elementvape.de\/wp-content\/uploads\/2024\/09\/DOUBLE-APPLES-scaled.jpg\",\"datePublished\":\"2024-09-17T07:06:43+00:00\",\"dateModified\":\"2024-10-09T08:14:59+00:00\",\"description\":\"Wir bieten Erleben Sie den doppelt intensiven Apfelgeschmack Die Bang 36000 Puffs Einweg-E-Zigarette mit Double Apples und Mesh Coil f\u00fcr maximalen Genuss , Elementvape.de akzeptieren Gro\u00df-und Einzelhandel Bestellungen.\",\"breadcrumb\":{\"@id\":\"https:\/\/www.elementvape.de\/es\/produkt\/erleben-sie-den-doppelt-intensiven-apfelgeschmack-die-bang-36000-puffs-einweg-e-zigarette-mit-double-apples-und-mesh-coil-fuer-maximalen-genuss\/#breadcrumb\"},\"inLanguage\":\"es\",\"potentialAction\":[{\"@type\":\"ReadAction\",\"target\":[\"https:\/\/www.elementvape.de\/es\/produkt\/erleben-sie-den-doppelt-intensiven-apfelgeschmack-die-bang-36000-puffs-einweg-e-zigarette-mit-double-apples-und-mesh-coil-fuer-maximalen-genuss\/\"]}]},{\"@type\":\"ImageObject\",\"inLanguage\":\"es\",\"@id\":\"https:\/\/www.elementvape.de\/es\/produkt\/erleben-sie-den-doppelt-intensiven-apfelgeschmack-die-bang-36000-puffs-einweg-e-zigarette-mit-double-apples-und-mesh-coil-fuer-maximalen-genuss\/#primaryimage\",\"url\":\"https:\/\/www.elementvape.de\/wp-content\/uploads\/2024\/09\/DOUBLE-APPLES-scaled.jpg\",\"contentUrl\":\"https:\/\/www.elementvape.de\/wp-content\/uploads\/2024\/09\/DOUBLE-APPLES-scaled.jpg\",\"width\":2560,\"height\":2249,\"caption\":\"DOUBLE APPLES\"},{\"@type\":\"BreadcrumbList\",\"@id\":\"https:\/\/www.elementvape.de\/es\/produkt\/erleben-sie-den-doppelt-intensiven-apfelgeschmack-die-bang-36000-puffs-einweg-e-zigarette-mit-double-apples-und-mesh-coil-fuer-maximalen-genuss\/#breadcrumb\",\"itemListElement\":[{\"@type\":\"ListItem\",\"position\":1,\"name\":\"Home\",\"item\":\"https:\/\/www.elementvape.de\/\"},{\"@type\":\"ListItem\",\"position\":2,\"name\":\"Shop\",\"item\":\"https:\/\/www.elementvape.de\/shop\/\"},{\"@type\":\"ListItem\",\"position\":3,\"name\":\"Erleben Sie den doppelt intensiven Apfelgeschmack Die Bang 36000 Puffs Einweg-E-Zigarette mit Double Apples und Mesh Coil f\u00fcr maximalen Genuss\"}]},{\"@type\":\"WebSite\",\"@id\":\"https:\/\/www.elementvape.de\/#website\",\"url\":\"https:\/\/www.elementvape.de\/\",\"name\":\"ElementVape.de\",\"description\":\"\",\"publisher\":{\"@id\":\"https:\/\/www.elementvape.de\/#organization\"},\"potentialAction\":[{\"@type\":\"SearchAction\",\"target\":{\"@type\":\"EntryPoint\",\"urlTemplate\":\"https:\/\/www.elementvape.de\/?s={search_term_string}\"},\"query-input\":\"required name=search_term_string\"}],\"inLanguage\":\"es\"},{\"@type\":\"Organization\",\"@id\":\"https:\/\/www.elementvape.de\/#organization\",\"name\":\"ElementVape.DE\",\"url\":\"https:\/\/www.elementvape.de\/\",\"logo\":{\"@type\":\"ImageObject\",\"inLanguage\":\"es\",\"@id\":\"https:\/\/www.elementvape.de\/#\/schema\/logo\/image\/\",\"url\":\"https:\/\/www.elementvape.de\/wp-content\/uploads\/2024\/09\/cropped-1elementvape-3.png\",\"contentUrl\":\"https:\/\/www.elementvape.de\/wp-content\/uploads\/2024\/09\/cropped-1elementvape-3.png\",\"width\":285,\"height\":228,\"caption\":\"ElementVape.DE\"},\"image\":{\"@id\":\"https:\/\/www.elementvape.de\/#\/schema\/logo\/image\/\"}}]}<\/script>\n<!-- \/ Yoast SEO plugin. -->","yoast_head_json":{"title":"Erleben Sie den doppelt intensiven Apfelgeschmack Die Bang 36000 Puffs Einweg-E-Zigarette mit Double Apples und Mesh Coil f\u00fcr maximalen Genuss | ElementVape.de","description":"Wir bieten Erleben Sie den doppelt intensiven Apfelgeschmack Die Bang 36000 Puffs Einweg-E-Zigarette mit Double Apples und Mesh Coil f\u00fcr maximalen Genuss , Elementvape.de akzeptieren Gro\u00df-und Einzelhandel Bestellungen.","robots":{"index":"index","follow":"follow","max-snippet":"max-snippet:-1","max-image-preview":"max-image-preview:large","max-video-preview":"max-video-preview:-1"},"canonical":"https:\/\/www.elementvape.de\/es\/produkt\/erleben-sie-den-doppelt-intensiven-apfelgeschmack-die-bang-36000-puffs-einweg-e-zigarette-mit-double-apples-und-mesh-coil-fuer-maximalen-genuss\/","og_locale":"es_ES","og_type":"article","og_title":"Erleben Sie den doppelt intensiven Apfelgeschmack Die Bang 36000 Puffs Einweg-E-Zigarette mit Double Apples und Mesh Coil f\u00fcr maximalen Genuss | ElementVape.de","og_description":"Wir bieten Erleben Sie den doppelt intensiven Apfelgeschmack Die Bang 36000 Puffs Einweg-E-Zigarette mit Double Apples und Mesh Coil f\u00fcr maximalen Genuss , Elementvape.de akzeptieren Gro\u00df-und Einzelhandel Bestellungen.","og_url":"https:\/\/www.elementvape.de\/es\/produkt\/erleben-sie-den-doppelt-intensiven-apfelgeschmack-die-bang-36000-puffs-einweg-e-zigarette-mit-double-apples-und-mesh-coil-fuer-maximalen-genuss\/","og_site_name":"ElementVape.de","article_modified_time":"2024-10-09T08:14:59+00:00","og_image":[{"width":2560,"height":2249,"url":"https:\/\/www.elementvape.de\/wp-content\/uploads\/2024\/09\/DOUBLE-APPLES-scaled.jpg","type":"image\/jpeg"}],"twitter_card":"summary_large_image","twitter_misc":{"Est. reading time":"4 minutos"},"schema":{"@context":"https:\/\/schema.org","@graph":[{"@type":"WebPage","@id":"https:\/\/www.elementvape.de\/es\/produkt\/erleben-sie-den-doppelt-intensiven-apfelgeschmack-die-bang-36000-puffs-einweg-e-zigarette-mit-double-apples-und-mesh-coil-fuer-maximalen-genuss\/","url":"https:\/\/www.elementvape.de\/es\/produkt\/erleben-sie-den-doppelt-intensiven-apfelgeschmack-die-bang-36000-puffs-einweg-e-zigarette-mit-double-apples-und-mesh-coil-fuer-maximalen-genuss\/","name":"Erleben Sie den doppelt intensiven Apfelgeschmack Die Bang 36000 Puffs Einweg-E-Zigarette mit Double Apples und Mesh Coil f\u00fcr maximalen Genuss | ElementVape.de","isPartOf":{"@id":"https:\/\/www.elementvape.de\/#website"},"primaryImageOfPage":{"@id":"https:\/\/www.elementvape.de\/es\/produkt\/erleben-sie-den-doppelt-intensiven-apfelgeschmack-die-bang-36000-puffs-einweg-e-zigarette-mit-double-apples-und-mesh-coil-fuer-maximalen-genuss\/#primaryimage"},"image":{"@id":"https:\/\/www.elementvape.de\/es\/produkt\/erleben-sie-den-doppelt-intensiven-apfelgeschmack-die-bang-36000-puffs-einweg-e-zigarette-mit-double-apples-und-mesh-coil-fuer-maximalen-genuss\/#primaryimage"},"thumbnailUrl":"https:\/\/www.elementvape.de\/wp-content\/uploads\/2024\/09\/DOUBLE-APPLES-scaled.jpg","datePublished":"2024-09-17T07:06:43+00:00","dateModified":"2024-10-09T08:14:59+00:00","description":"Wir bieten Erleben Sie den doppelt intensiven Apfelgeschmack Die Bang 36000 Puffs Einweg-E-Zigarette mit Double Apples und Mesh Coil f\u00fcr maximalen Genuss , Elementvape.de akzeptieren Gro\u00df-und Einzelhandel Bestellungen.","breadcrumb":{"@id":"https:\/\/www.elementvape.de\/es\/produkt\/erleben-sie-den-doppelt-intensiven-apfelgeschmack-die-bang-36000-puffs-einweg-e-zigarette-mit-double-apples-und-mesh-coil-fuer-maximalen-genuss\/#breadcrumb"},"inLanguage":"es","potentialAction":[{"@type":"ReadAction","target":["https:\/\/www.elementvape.de\/es\/produkt\/erleben-sie-den-doppelt-intensiven-apfelgeschmack-die-bang-36000-puffs-einweg-e-zigarette-mit-double-apples-und-mesh-coil-fuer-maximalen-genuss\/"]}]},{"@type":"ImageObject","inLanguage":"es","@id":"https:\/\/www.elementvape.de\/es\/produkt\/erleben-sie-den-doppelt-intensiven-apfelgeschmack-die-bang-36000-puffs-einweg-e-zigarette-mit-double-apples-und-mesh-coil-fuer-maximalen-genuss\/#primaryimage","url":"https:\/\/www.elementvape.de\/wp-content\/uploads\/2024\/09\/DOUBLE-APPLES-scaled.jpg","contentUrl":"https:\/\/www.elementvape.de\/wp-content\/uploads\/2024\/09\/DOUBLE-APPLES-scaled.jpg","width":2560,"height":2249,"caption":"DOUBLE APPLES"},{"@type":"BreadcrumbList","@id":"https:\/\/www.elementvape.de\/es\/produkt\/erleben-sie-den-doppelt-intensiven-apfelgeschmack-die-bang-36000-puffs-einweg-e-zigarette-mit-double-apples-und-mesh-coil-fuer-maximalen-genuss\/#breadcrumb","itemListElement":[{"@type":"ListItem","position":1,"name":"Home","item":"https:\/\/www.elementvape.de\/"},{"@type":"ListItem","position":2,"name":"Shop","item":"https:\/\/www.elementvape.de\/shop\/"},{"@type":"ListItem","position":3,"name":"Erleben Sie den doppelt intensiven Apfelgeschmack Die Bang 36000 Puffs Einweg-E-Zigarette mit Double Apples und Mesh Coil f\u00fcr maximalen Genuss"}]},{"@type":"WebSite","@id":"https:\/\/www.elementvape.de\/#website","url":"https:\/\/www.elementvape.de\/","name":"ElementVape.de","description":"","publisher":{"@id":"https:\/\/www.elementvape.de\/#organization"},"potentialAction":[{"@type":"SearchAction","target":{"@type":"EntryPoint","urlTemplate":"https:\/\/www.elementvape.de\/?s={search_term_string}"},"query-input":"required name=search_term_string"}],"inLanguage":"es"},{"@type":"Organization","@id":"https:\/\/www.elementvape.de\/#organization","name":"ElementVape.DE","url":"https:\/\/www.elementvape.de\/","logo":{"@type":"ImageObject","inLanguage":"es","@id":"https:\/\/www.elementvape.de\/#\/schema\/logo\/image\/","url":"https:\/\/www.elementvape.de\/wp-content\/uploads\/2024\/09\/cropped-1elementvape-3.png","contentUrl":"https:\/\/www.elementvape.de\/wp-content\/uploads\/2024\/09\/cropped-1elementvape-3.png","width":285,"height":228,"caption":"ElementVape.DE"},"image":{"@id":"https:\/\/www.elementvape.de\/#\/schema\/logo\/image\/"}}]}},"_links":{"self":[{"href":"https:\/\/www.elementvape.de\/es\/wp-json\/wp\/v2\/product\/14365"}],"collection":[{"href":"https:\/\/www.elementvape.de\/es\/wp-json\/wp\/v2\/product"}],"about":[{"href":"https:\/\/www.elementvape.de\/es\/wp-json\/wp\/v2\/types\/product"}],"wp:featuredmedia":[{"embeddable":true,"href":"https:\/\/www.elementvape.de\/es\/wp-json\/wp\/v2\/media\/14353"}],"wp:attachment":[{"href":"https:\/\/www.elementvape.de\/es\/wp-json\/wp\/v2\/media?parent=14365"}],"wp:term":[{"taxonomy":"product_cat","embeddable":true,"href":"https:\/\/www.elementvape.de\/es\/wp-json\/wp\/v2\/product_cat?post=14365"},{"taxonomy":"product_tag","embeddable":true,"href":"https:\/\/www.elementvape.de\/es\/wp-json\/wp\/v2\/product_tag?post=14365"}],"curies":[{"name":"wp","href":"https:\/\/api.w.org\/{rel}","templated":true}]}}