{"id":14343,"date":"2024-09-14T09:24:49","date_gmt":"2024-09-14T09:24:49","guid":{"rendered":"https:\/\/www.elementvape.de\/?post_type=product&#038;p=14343"},"modified":"2024-10-31T03:07:49","modified_gmt":"2024-10-31T03:07:49","slug":"bang-king-farbe-30000-puffs-einweg-geniess-den-perfekten-mix-aus-suessem-strawberry-und-watermelon-und-erfrischendem-grape-ice-in-jedem-zug","status":"publish","type":"product","link":"https:\/\/www.elementvape.de\/es\/produkt\/bang-king-farbe-30000-puffs-einweg-geniess-den-perfekten-mix-aus-suessem-strawberry-und-watermelon-und-erfrischendem-grape-ice-in-jedem-zug\/","title":{"rendered":"Bang KING color 30000 caladas Descartable Disfruta de la mezcla perfecta de dulce fresa y sand\u00eda y refrescante uva hielo en cada calada"},"content":{"rendered":"<div class=\"flex-shrink-0 flex flex-col relative items-end\">\n<div>\n<div class=\"pt-0\">\n<div class=\"gizmo-bot-avatar flex h-8 w-8 items-center justify-center overflow-hidden rounded-full\">\n<h2 class=\"relative p-1 rounded-sm flex items-center justify-center bg-token-main-surface-primary text-token-text-primary h-8 w-8\">Bang KING Color 30000 Puffs Cigarrillo electr\u00f3nico desechable: disfruta de la mezcla perfecta de dulce fresa y sand\u00eda y refrescante uva hielo en cada calada<\/h2>\n<div><\/div>\n<\/div>\n<\/div>\n<\/div>\n<\/div>\n<div class=\"group\/conversation-turn relative flex w-full min-w-0 flex-col agent-turn\">\n<div class=\"flex-col gap-1 md:gap-3\">\n<div class=\"flex max-w-full flex-col flex-grow\">\n<div class=\"min-h-[20px] text-message flex w-full flex-col items-end gap-2 whitespace-normal break-words [.text-message+&amp;]:mt-5\" dir=\"auto\" data-message-author-role=\"assistant\" data-message-id=\"3650005e-9f74-4a72-ae21-5ecb0c28bb61\">\n<div class=\"flex w-full flex-col gap-1 empty:hidden first:pt-[3px]\">\n<div class=\"markdown prose w-full break-words dark:prose-invert light\">\n<p>El Bang KING Color 30000 Puffs cigarrillo electr\u00f3nico desechable combina dos sabores deliciosos en una experiencia de vapeo extraordinaria. Con su impresionante capacidad de 30000 caladas, ofrece no solo una larga duraci\u00f3n, sino tambi\u00e9n un sabor intenso. La combinaci\u00f3n de dulce fresa y sand\u00eda, junto con la refrescante uva hielo, proporciona una experiencia de vapeo variada y refrescante que te encantar\u00e1.<\/p>\n<ul>\n<li>Dulce fresa y sand\u00eda: esta mezcla combina la dulzura inconfundible de las fresas maduras con la jugosa frescura de las sand\u00edas. El resultado es un aroma armonioso, que es tanto dulce como refrescante, ideal para un disfrute agradable del vapor durante todo el d\u00eda.<\/li>\n<li>Refrescante uva hielo: la frescura fr\u00eda del hielo se combina con el sabor pleno de las uvas maduras. Este aroma ofrece un golpe de frescura intenso, pero no abrumador, que complementa perfectamente la experiencia frutal. Ideal para quienes buscan una refrescante sensaci\u00f3n con un toque frutal.<\/li>\n<\/ul>\n<p>La Bang KING Color <strong><a href=\"https:\/\/www.elementvape.de\/es\/p-tag\/vaep-30000-zuege\/\" target=\"_blank\" rel=\"noopener\">30000 caladas<\/a><\/strong> El cigarrillo electr\u00f3nico desechable se caracteriza por su tecnolog\u00eda avanzada. Con la resistencia Mesh de 1.0 Ohm, obtienes nubes de vapor uniformes e intensas que preservan el sabor de principio a fin. La generosa capacidad de e-l\u00edquido de 36 ml y la potente bater\u00eda de 550 mAh ofrecen un uso prolongado y confiable.<\/p>\n<ul>\n<li>Caladas: 30000 \u2013 para una experiencia de vapeo duradera<\/li>\n<li>Resistencia Mesh Coil: 1.0 Ohm para un calentamiento uniforme y sabor intenso<\/li>\n<li>Opciones de nicotina: 2% y 5%, para cubrir diferentes preferencias<\/li>\n<li>Conector de carga Tipo-C: carga r\u00e1pida y pr\u00e1ctica<\/li>\n<li>Pantalla LED digital: visualizaci\u00f3n clara del estado de la bater\u00eda y del sabor<\/li>\n<\/ul>\n<h3>Facilidad de uso y flexibilidad<\/h3>\n<p>Con el Bang KING Color puedes cambiar sin esfuerzo entre los sabores de dulce fresa y sand\u00eda y la refrescante uva hielo. Esta flexibilidad te permite ajustar el sabor seg\u00fan tu estado de \u00e1nimo o momento del d\u00eda, disfrutando siempre de una experiencia de vapeo variada.<\/p>\n<h3>Durabilidad y sostenibilidad<\/h3>\n<p>Con su impresionante capacidad de 30000 caladas, el Bang KING Color ofrece una de las vidas \u00fatiles m\u00e1s largas entre los <strong><a href=\"https:\/\/www.elementvape.de\/es\/c\/einweg-zigarette\/\" target=\"_blank\" rel=\"noopener\">Cigarrillos electr\u00f3nicos desechables<\/a><\/strong>. La bater\u00eda recargable de 550 mAh proporciona un rendimiento confiable y reduce los residuos en comparaci\u00f3n con los dispositivos desechables tradicionales. Esto hace que el Bang KING Color sea una opci\u00f3n m\u00e1s ecol\u00f3gica y econ\u00f3mica.<\/p>\n<p>El cigarrillo electr\u00f3nico desechable Bang KING Color 30000 Puffs es la elecci\u00f3n perfecta para quienes buscan una experiencia de vapeo intensa y vers\u00e1til. Con los sabores de dulce fresa y sand\u00eda y la refrescante uva hielo, experimentar\u00e1s una mezcla armoniosa de fruta y frescura que convierte cada calada en un placer. Su alta capacidad, tecnolog\u00eda avanzada y facilidad de uso hacen del Bang KING Color un producto destacado en el mercado de los cigarrillos electr\u00f3nicos desechables.<\/p>\n<\/div>\n<\/div>\n<\/div>\n<\/div>\n<\/div>\n<\/div>","protected":false},"excerpt":{"rendered":"<p>Bang KING Color 30000 Puffs Einweg-E-Zigarette: Genie\u00df den perfekten Mix aus s\u00fc\u00dfem Strawberry und Watermelon und erfrischendem Grape Ice in jedem Zug Die Bang KING Color 30000 Puffs Einweg-E-Zigarette vereint zwei k\u00f6stliche Geschmacksrichtungen zu einem au\u00dfergew\u00f6hnlichen Dampferlebnis. Mit ihrer beeindruckenden Kapazit\u00e4t von 30000 Puffs bietet sie nicht nur lange Nutzungsdauer, sondern auch einen intensiven Geschmack. [&hellip;]<\/p>","protected":false},"featured_media":14344,"template":"","meta":{"inline_featured_image":false},"product_cat":[15,758,772,750,737,736,749,752,756],"product_tag":[710,757],"tiered_pricing_type":"fixed","tiered_pricing_fixed_rules":{"60":"8.54","110":"7.59","200":"6.64"},"tiered_pricing_percentage_rules":[],"tiered_pricing_minimum":1,"_administrator_tiered_pricing_type":"fixed","_administrator_tiered_pricing_fixed_rules":[],"_editor_tiered_pricing_type":"fixed","_editor_tiered_pricing_fixed_rules":[],"_author_tiered_pricing_type":"fixed","_author_tiered_pricing_fixed_rules":[],"_contributor_tiered_pricing_type":"fixed","_contributor_tiered_pricing_fixed_rules":[],"_subscriber_tiered_pricing_type":"fixed","_subscriber_tiered_pricing_fixed_rules":[],"_customer_tiered_pricing_type":"fixed","_customer_tiered_pricing_fixed_rules":[],"_shop_manager_tiered_pricing_type":"fixed","_shop_manager_tiered_pricing_fixed_rules":[],"_wpseo_manager_tiered_pricing_type":"fixed","_wpseo_manager_tiered_pricing_fixed_rules":[],"_wpseo_editor_tiered_pricing_type":"fixed","_wpseo_editor_tiered_pricing_fixed_rules":[],"_wholesale_customer_tiered_pricing_type":"fixed","_wholesale_customer_tiered_pricing_fixed_rules":[],"_marketer_tiered_pricing_type":"fixed","_marketer_tiered_pricing_fixed_rules":[],"_sales_manager_tiered_pricing_type":"fixed","_sales_manager_tiered_pricing_fixed_rules":[],"_sales_rep_tiered_pricing_type":"fixed","_sales_rep_tiered_pricing_fixed_rules":[],"yoast_head":"<!-- This site is optimized with the Yoast SEO plugin v23.3 - https:\/\/yoast.com\/wordpress\/plugins\/seo\/ -->\n<title>Bang KING Farbe 30000 Puffs Einweg Genie\u00df den perfekten Mix aus s\u00fc\u00dfem Strawberry und Watermelon und erfrischendem Grape Ice in jedem Zug | ElementVape.de<\/title>\n<meta name=\"description\" content=\"Wir bieten Bang KING Farbe 30000 Puffs Einweg Genie\u00df den perfekten Mix aus s\u00fc\u00dfem Strawberry und Watermelon und erfrischendem Grape Ice in jedem Zug , Elementvape.de akzeptieren Gro\u00df-und Einzelhandel Bestellungen.\" \/>\n<meta name=\"robots\" content=\"index, follow, max-snippet:-1, max-image-preview:large, max-video-preview:-1\" \/>\n<link rel=\"canonical\" href=\"https:\/\/www.elementvape.de\/es\/produkt\/bang-king-farbe-30000-puffs-einweg-geniess-den-perfekten-mix-aus-suessem-strawberry-und-watermelon-und-erfrischendem-grape-ice-in-jedem-zug\/\" \/>\n<meta property=\"og:locale\" content=\"es_ES\" \/>\n<meta property=\"og:type\" content=\"article\" \/>\n<meta property=\"og:title\" content=\"Bang KING Farbe 30000 Puffs Einweg Genie\u00df den perfekten Mix aus s\u00fc\u00dfem Strawberry und Watermelon und erfrischendem Grape Ice in jedem Zug | ElementVape.de\" \/>\n<meta property=\"og:description\" content=\"Wir bieten Bang KING Farbe 30000 Puffs Einweg Genie\u00df den perfekten Mix aus s\u00fc\u00dfem Strawberry und Watermelon und erfrischendem Grape Ice in jedem Zug , Elementvape.de akzeptieren Gro\u00df-und Einzelhandel Bestellungen.\" \/>\n<meta property=\"og:url\" content=\"https:\/\/www.elementvape.de\/es\/produkt\/bang-king-farbe-30000-puffs-einweg-geniess-den-perfekten-mix-aus-suessem-strawberry-und-watermelon-und-erfrischendem-grape-ice-in-jedem-zug\/\" \/>\n<meta property=\"og:site_name\" content=\"ElementVape.de\" \/>\n<meta property=\"article:modified_time\" content=\"2024-10-31T03:07:49+00:00\" \/>\n<meta property=\"og:image\" content=\"https:\/\/www.elementvape.de\/wp-content\/uploads\/2024\/09\/STRAWBERRY-AND-WATERMELON-Und-GRAPE-ICE.png\" \/>\n\t<meta property=\"og:image:width\" content=\"4000\" \/>\n\t<meta property=\"og:image:height\" content=\"2413\" \/>\n\t<meta property=\"og:image:type\" content=\"image\/png\" \/>\n<meta name=\"twitter:card\" content=\"summary_large_image\" \/>\n<meta name=\"twitter:label1\" content=\"Est. reading time\" \/>\n\t<meta name=\"twitter:data1\" content=\"3 minutos\" \/>\n<script type=\"application\/ld+json\" class=\"yoast-schema-graph\">{\"@context\":\"https:\/\/schema.org\",\"@graph\":[{\"@type\":\"WebPage\",\"@id\":\"https:\/\/www.elementvape.de\/produkt\/bang-king-farbe-30000-puffs-einweg-geniess-den-perfekten-mix-aus-suessem-strawberry-und-watermelon-und-erfrischendem-grape-ice-in-jedem-zug\/\",\"url\":\"https:\/\/www.elementvape.de\/produkt\/bang-king-farbe-30000-puffs-einweg-geniess-den-perfekten-mix-aus-suessem-strawberry-und-watermelon-und-erfrischendem-grape-ice-in-jedem-zug\/\",\"name\":\"Bang KING Farbe 30000 Puffs Einweg Genie\u00df den perfekten Mix aus s\u00fc\u00dfem Strawberry und Watermelon und erfrischendem Grape Ice in jedem Zug | ElementVape.de\",\"isPartOf\":{\"@id\":\"https:\/\/www.elementvape.de\/#website\"},\"primaryImageOfPage\":{\"@id\":\"https:\/\/www.elementvape.de\/produkt\/bang-king-farbe-30000-puffs-einweg-geniess-den-perfekten-mix-aus-suessem-strawberry-und-watermelon-und-erfrischendem-grape-ice-in-jedem-zug\/#primaryimage\"},\"image\":{\"@id\":\"https:\/\/www.elementvape.de\/produkt\/bang-king-farbe-30000-puffs-einweg-geniess-den-perfekten-mix-aus-suessem-strawberry-und-watermelon-und-erfrischendem-grape-ice-in-jedem-zug\/#primaryimage\"},\"thumbnailUrl\":\"https:\/\/www.elementvape.de\/wp-content\/uploads\/2024\/09\/STRAWBERRY-AND-WATERMELON-Und-GRAPE-ICE.png\",\"datePublished\":\"2024-09-14T09:24:49+00:00\",\"dateModified\":\"2024-10-31T03:07:49+00:00\",\"description\":\"Wir bieten Bang KING Farbe 30000 Puffs Einweg Genie\u00df den perfekten Mix aus s\u00fc\u00dfem Strawberry und Watermelon und erfrischendem Grape Ice in jedem Zug , Elementvape.de akzeptieren Gro\u00df-und Einzelhandel Bestellungen.\",\"breadcrumb\":{\"@id\":\"https:\/\/www.elementvape.de\/produkt\/bang-king-farbe-30000-puffs-einweg-geniess-den-perfekten-mix-aus-suessem-strawberry-und-watermelon-und-erfrischendem-grape-ice-in-jedem-zug\/#breadcrumb\"},\"inLanguage\":\"es\",\"potentialAction\":[{\"@type\":\"ReadAction\",\"target\":[\"https:\/\/www.elementvape.de\/produkt\/bang-king-farbe-30000-puffs-einweg-geniess-den-perfekten-mix-aus-suessem-strawberry-und-watermelon-und-erfrischendem-grape-ice-in-jedem-zug\/\"]}]},{\"@type\":\"ImageObject\",\"inLanguage\":\"es\",\"@id\":\"https:\/\/www.elementvape.de\/produkt\/bang-king-farbe-30000-puffs-einweg-geniess-den-perfekten-mix-aus-suessem-strawberry-und-watermelon-und-erfrischendem-grape-ice-in-jedem-zug\/#primaryimage\",\"url\":\"https:\/\/www.elementvape.de\/wp-content\/uploads\/2024\/09\/STRAWBERRY-AND-WATERMELON-Und-GRAPE-ICE.png\",\"contentUrl\":\"https:\/\/www.elementvape.de\/wp-content\/uploads\/2024\/09\/STRAWBERRY-AND-WATERMELON-Und-GRAPE-ICE.png\",\"width\":4000,\"height\":2413,\"caption\":\"STRAWBERRY AND WATERMELON Und GRAPE ICE\"},{\"@type\":\"BreadcrumbList\",\"@id\":\"https:\/\/www.elementvape.de\/produkt\/bang-king-farbe-30000-puffs-einweg-geniess-den-perfekten-mix-aus-suessem-strawberry-und-watermelon-und-erfrischendem-grape-ice-in-jedem-zug\/#breadcrumb\",\"itemListElement\":[{\"@type\":\"ListItem\",\"position\":1,\"name\":\"Home\",\"item\":\"https:\/\/www.elementvape.de\/\"},{\"@type\":\"ListItem\",\"position\":2,\"name\":\"Shop\",\"item\":\"https:\/\/www.elementvape.de\/shop\/\"},{\"@type\":\"ListItem\",\"position\":3,\"name\":\"Bang KING Farbe 30000 Puffs Einweg Genie\u00df den perfekten Mix aus s\u00fc\u00dfem Strawberry und Watermelon und erfrischendem Grape Ice in jedem Zug\"}]},{\"@type\":\"WebSite\",\"@id\":\"https:\/\/www.elementvape.de\/#website\",\"url\":\"https:\/\/www.elementvape.de\/\",\"name\":\"ElementVape.de\",\"description\":\"\",\"publisher\":{\"@id\":\"https:\/\/www.elementvape.de\/#organization\"},\"potentialAction\":[{\"@type\":\"SearchAction\",\"target\":{\"@type\":\"EntryPoint\",\"urlTemplate\":\"https:\/\/www.elementvape.de\/?s={search_term_string}\"},\"query-input\":\"required name=search_term_string\"}],\"inLanguage\":\"es\"},{\"@type\":\"Organization\",\"@id\":\"https:\/\/www.elementvape.de\/#organization\",\"name\":\"ElementVape.DE\",\"url\":\"https:\/\/www.elementvape.de\/\",\"logo\":{\"@type\":\"ImageObject\",\"inLanguage\":\"es\",\"@id\":\"https:\/\/www.elementvape.de\/#\/schema\/logo\/image\/\",\"url\":\"https:\/\/www.elementvape.de\/wp-content\/uploads\/2024\/09\/cropped-1elementvape-3.png\",\"contentUrl\":\"https:\/\/www.elementvape.de\/wp-content\/uploads\/2024\/09\/cropped-1elementvape-3.png\",\"width\":285,\"height\":228,\"caption\":\"ElementVape.DE\"},\"image\":{\"@id\":\"https:\/\/www.elementvape.de\/#\/schema\/logo\/image\/\"}}]}<\/script>\n<!-- \/ Yoast SEO plugin. -->","yoast_head_json":{"title":"Bang KING Farbe 30000 Puffs Einweg Genie\u00df den perfekten Mix aus s\u00fc\u00dfem Strawberry und Watermelon und erfrischendem Grape Ice in jedem Zug | ElementVape.de","description":"Wir bieten Bang KING Farbe 30000 Puffs Einweg Genie\u00df den perfekten Mix aus s\u00fc\u00dfem Strawberry und Watermelon und erfrischendem Grape Ice in jedem Zug , Elementvape.de akzeptieren Gro\u00df-und Einzelhandel Bestellungen.","robots":{"index":"index","follow":"follow","max-snippet":"max-snippet:-1","max-image-preview":"max-image-preview:large","max-video-preview":"max-video-preview:-1"},"canonical":"https:\/\/www.elementvape.de\/es\/produkt\/bang-king-farbe-30000-puffs-einweg-geniess-den-perfekten-mix-aus-suessem-strawberry-und-watermelon-und-erfrischendem-grape-ice-in-jedem-zug\/","og_locale":"es_ES","og_type":"article","og_title":"Bang KING Farbe 30000 Puffs Einweg Genie\u00df den perfekten Mix aus s\u00fc\u00dfem Strawberry und Watermelon und erfrischendem Grape Ice in jedem Zug | ElementVape.de","og_description":"Wir bieten Bang KING Farbe 30000 Puffs Einweg Genie\u00df den perfekten Mix aus s\u00fc\u00dfem Strawberry und Watermelon und erfrischendem Grape Ice in jedem Zug , Elementvape.de akzeptieren Gro\u00df-und Einzelhandel Bestellungen.","og_url":"https:\/\/www.elementvape.de\/es\/produkt\/bang-king-farbe-30000-puffs-einweg-geniess-den-perfekten-mix-aus-suessem-strawberry-und-watermelon-und-erfrischendem-grape-ice-in-jedem-zug\/","og_site_name":"ElementVape.de","article_modified_time":"2024-10-31T03:07:49+00:00","og_image":[{"width":4000,"height":2413,"url":"https:\/\/www.elementvape.de\/wp-content\/uploads\/2024\/09\/STRAWBERRY-AND-WATERMELON-Und-GRAPE-ICE.png","type":"image\/png"}],"twitter_card":"summary_large_image","twitter_misc":{"Est. reading time":"3 minutos"},"schema":{"@context":"https:\/\/schema.org","@graph":[{"@type":"WebPage","@id":"https:\/\/www.elementvape.de\/produkt\/bang-king-farbe-30000-puffs-einweg-geniess-den-perfekten-mix-aus-suessem-strawberry-und-watermelon-und-erfrischendem-grape-ice-in-jedem-zug\/","url":"https:\/\/www.elementvape.de\/produkt\/bang-king-farbe-30000-puffs-einweg-geniess-den-perfekten-mix-aus-suessem-strawberry-und-watermelon-und-erfrischendem-grape-ice-in-jedem-zug\/","name":"Bang KING Farbe 30000 Puffs Einweg Genie\u00df den perfekten Mix aus s\u00fc\u00dfem Strawberry und Watermelon und erfrischendem Grape Ice in jedem Zug | ElementVape.de","isPartOf":{"@id":"https:\/\/www.elementvape.de\/#website"},"primaryImageOfPage":{"@id":"https:\/\/www.elementvape.de\/produkt\/bang-king-farbe-30000-puffs-einweg-geniess-den-perfekten-mix-aus-suessem-strawberry-und-watermelon-und-erfrischendem-grape-ice-in-jedem-zug\/#primaryimage"},"image":{"@id":"https:\/\/www.elementvape.de\/produkt\/bang-king-farbe-30000-puffs-einweg-geniess-den-perfekten-mix-aus-suessem-strawberry-und-watermelon-und-erfrischendem-grape-ice-in-jedem-zug\/#primaryimage"},"thumbnailUrl":"https:\/\/www.elementvape.de\/wp-content\/uploads\/2024\/09\/STRAWBERRY-AND-WATERMELON-Und-GRAPE-ICE.png","datePublished":"2024-09-14T09:24:49+00:00","dateModified":"2024-10-31T03:07:49+00:00","description":"Wir bieten Bang KING Farbe 30000 Puffs Einweg Genie\u00df den perfekten Mix aus s\u00fc\u00dfem Strawberry und Watermelon und erfrischendem Grape Ice in jedem Zug , Elementvape.de akzeptieren Gro\u00df-und Einzelhandel Bestellungen.","breadcrumb":{"@id":"https:\/\/www.elementvape.de\/produkt\/bang-king-farbe-30000-puffs-einweg-geniess-den-perfekten-mix-aus-suessem-strawberry-und-watermelon-und-erfrischendem-grape-ice-in-jedem-zug\/#breadcrumb"},"inLanguage":"es","potentialAction":[{"@type":"ReadAction","target":["https:\/\/www.elementvape.de\/produkt\/bang-king-farbe-30000-puffs-einweg-geniess-den-perfekten-mix-aus-suessem-strawberry-und-watermelon-und-erfrischendem-grape-ice-in-jedem-zug\/"]}]},{"@type":"ImageObject","inLanguage":"es","@id":"https:\/\/www.elementvape.de\/produkt\/bang-king-farbe-30000-puffs-einweg-geniess-den-perfekten-mix-aus-suessem-strawberry-und-watermelon-und-erfrischendem-grape-ice-in-jedem-zug\/#primaryimage","url":"https:\/\/www.elementvape.de\/wp-content\/uploads\/2024\/09\/STRAWBERRY-AND-WATERMELON-Und-GRAPE-ICE.png","contentUrl":"https:\/\/www.elementvape.de\/wp-content\/uploads\/2024\/09\/STRAWBERRY-AND-WATERMELON-Und-GRAPE-ICE.png","width":4000,"height":2413,"caption":"STRAWBERRY AND WATERMELON Und GRAPE ICE"},{"@type":"BreadcrumbList","@id":"https:\/\/www.elementvape.de\/produkt\/bang-king-farbe-30000-puffs-einweg-geniess-den-perfekten-mix-aus-suessem-strawberry-und-watermelon-und-erfrischendem-grape-ice-in-jedem-zug\/#breadcrumb","itemListElement":[{"@type":"ListItem","position":1,"name":"Home","item":"https:\/\/www.elementvape.de\/"},{"@type":"ListItem","position":2,"name":"Shop","item":"https:\/\/www.elementvape.de\/shop\/"},{"@type":"ListItem","position":3,"name":"Bang KING Farbe 30000 Puffs Einweg Genie\u00df den perfekten Mix aus s\u00fc\u00dfem Strawberry und Watermelon und erfrischendem Grape Ice in jedem Zug"}]},{"@type":"WebSite","@id":"https:\/\/www.elementvape.de\/#website","url":"https:\/\/www.elementvape.de\/","name":"ElementVape.de","description":"","publisher":{"@id":"https:\/\/www.elementvape.de\/#organization"},"potentialAction":[{"@type":"SearchAction","target":{"@type":"EntryPoint","urlTemplate":"https:\/\/www.elementvape.de\/?s={search_term_string}"},"query-input":"required name=search_term_string"}],"inLanguage":"es"},{"@type":"Organization","@id":"https:\/\/www.elementvape.de\/#organization","name":"ElementVape.DE","url":"https:\/\/www.elementvape.de\/","logo":{"@type":"ImageObject","inLanguage":"es","@id":"https:\/\/www.elementvape.de\/#\/schema\/logo\/image\/","url":"https:\/\/www.elementvape.de\/wp-content\/uploads\/2024\/09\/cropped-1elementvape-3.png","contentUrl":"https:\/\/www.elementvape.de\/wp-content\/uploads\/2024\/09\/cropped-1elementvape-3.png","width":285,"height":228,"caption":"ElementVape.DE"},"image":{"@id":"https:\/\/www.elementvape.de\/#\/schema\/logo\/image\/"}}]}},"_links":{"self":[{"href":"https:\/\/www.elementvape.de\/es\/wp-json\/wp\/v2\/product\/14343"}],"collection":[{"href":"https:\/\/www.elementvape.de\/es\/wp-json\/wp\/v2\/product"}],"about":[{"href":"https:\/\/www.elementvape.de\/es\/wp-json\/wp\/v2\/types\/product"}],"wp:featuredmedia":[{"embeddable":true,"href":"https:\/\/www.elementvape.de\/es\/wp-json\/wp\/v2\/media\/14344"}],"wp:attachment":[{"href":"https:\/\/www.elementvape.de\/es\/wp-json\/wp\/v2\/media?parent=14343"}],"wp:term":[{"taxonomy":"product_cat","embeddable":true,"href":"https:\/\/www.elementvape.de\/es\/wp-json\/wp\/v2\/product_cat?post=14343"},{"taxonomy":"product_tag","embeddable":true,"href":"https:\/\/www.elementvape.de\/es\/wp-json\/wp\/v2\/product_tag?post=14343"}],"curies":[{"name":"wp","href":"https:\/\/api.w.org\/{rel}","templated":true}]}}