{"id":14120,"date":"2024-09-03T03:23:34","date_gmt":"2024-09-03T03:23:34","guid":{"rendered":"https:\/\/www.elementvape.de\/?post_type=product&#038;p=14120"},"modified":"2024-10-15T02:55:31","modified_gmt":"2024-10-15T02:55:31","slug":"waspe-15000-puffs-raspberry-pomegranate-juice-e-zigarette-fruchtiger-genuss-zollfrei-und-zu-attraktiven-grosshandelspreisen","status":"publish","type":"product","link":"https:\/\/www.elementvape.de\/es\/produkt\/waspe-15000-puffs-raspberry-pomegranate-juice-e-zigarette-fruchtiger-genuss-zollfrei-und-zu-attraktiven-grosshandelspreisen\/","title":{"rendered":"WASPE 15000 PUFFS Zumo de Frambuesa Granate Cigarrillo Electr\u00f3nico Disfrute Frutal libre de impuestos y a precios mayoristas atractivos"},"content":{"rendered":"<div class=\"flex-shrink-0 flex flex-col relative items-end\">\n<div>\n<div class=\"pt-0\">\n<div class=\"gizmo-bot-avatar flex h-8 w-8 items-center justify-center overflow-hidden rounded-full\">\n<div class=\"relative p-1 rounded-sm flex items-center justify-center bg-token-main-surface-primary text-token-text-primary h-8 w-8\">El cigarrillo electr\u00f3nico WASPE 15000 PUFFS Jugo de frambuesa y granada es una elecci\u00f3n exquisita para todos los que buscan una experiencia de vaporizaci\u00f3n frutal e intensa. Este cigarrillo electr\u00f3nico combina el dulce sabor de frambuesas jugosas con la nota intensa y ligeramente amarga de la granada. El resultado es un aroma armonioso e inconfundible que encantar\u00e1 a sus clientes. Libre de impuestos y disponible a precios mayoristas especialmente atractivos, este producto es una excelente adici\u00f3n a cualquier surtido y atrae a un amplio p\u00fablico.<\/div>\n<div><\/div>\n<\/div>\n<\/div>\n<\/div>\n<\/div>\n<div class=\"group\/conversation-turn relative flex w-full min-w-0 flex-col agent-turn\">\n<div class=\"flex-col gap-1 md:gap-3\">\n<div class=\"flex max-w-full flex-col flex-grow\">\n<div class=\"min-h-[20px] text-message flex w-full flex-col items-end gap-2 break-words [.text-message+&amp;]:mt-5 overflow-x-auto whitespace-normal\" dir=\"auto\" data-message-author-role=\"assistant\" data-message-id=\"79ae9b8b-fa74-4a81-a90e-bc00d922b6c7\">\n<div class=\"flex w-full flex-col gap-1 empty:hidden first:pt-[3px]\">\n<div class=\"markdown prose w-full break-words dark:prose-invert light\">\n<h2>Sabor inconfundible: Frambuesa y Granada<\/h2>\n<p>El WASPE 15000 PUFFS Jugo de frambuesa y granada <strong><a href=\"https:\/\/www.elementvape.de\/es\/\" target=\"_blank\" rel=\"noopener\">Cigarrillo Electr\u00f3nico<\/a><\/strong> ofrece una mezcla refinada de frambuesa frutal y granada, que proporciona un sabor perfectamente equilibrado. La dulzura de la frambuesa armoniza de manera excelente con la nota ligeramente amarga y profunda de la granada, creando una experiencia de vaporizaci\u00f3n completa y satisfactoria. Esta variedad de sabor es ideal para clientes que prefieren aromas frutales, pero a\u00fan buscan un toque de complejidad y profundidad en el sabor.<\/p>\n<p>Con una impresionante capacidad de 15.000 caladas, el WASPE 15000 PUFFS se encuentra entre los cigarrillos electr\u00f3nicos m\u00e1s duraderos del mercado. Los 22 ml de e-l\u00edquido garantizan que sus clientes disfruten durante mucho tiempo de su sabor frutal, sin necesidad de rellenar constantemente. Esta alta capacidad hace que el producto sea especialmente atractivo para vaporizadores frecuentes y para aquellos que prefieren una experiencia de vaporizaci\u00f3n confiable y duradera.<\/p>\n<p>El WASPE 15000 PUFFS Jugo de frambuesa y granada est\u00e1 disponible en varias concentraciones de N: 2% y 5%. Esta selecci\u00f3n permite a los usuarios elegir la concentraci\u00f3n de nicotina que mejor se adapte a sus necesidades, haciendo que este producto sea interesante tanto para vaporizadores ocasionales como para usuarios experimentados. Esta flexibilidad en la concentraci\u00f3n de nicotina convierte al cigarrillo electr\u00f3nico en una opci\u00f3n vers\u00e1til que satisface las diferentes necesidades de sus clientes.<\/p>\n<p>Equipado con una potente bater\u00eda de 650mAh, que se carga mediante una conexi\u00f3n Type-C, el WASPE 15000 PUFFS ofrece un rendimiento continuo y fiable. Una pantalla integrada muestra el nivel de bater\u00eda y la cantidad restante de e-l\u00edquido, maximizando la facilidad de uso. Estas funciones, combinadas con un dise\u00f1o delgado y ergon\u00f3mico, hacen de este cigarrillo electr\u00f3nico un dispositivo f\u00e1cil de usar, ideal para el uso diario.<\/p>\n<h3>Libre de impuestos y a precios mayoristas atractivos<\/h3>\n<p>La disponibilidad libre de impuestos del cigarrillo electr\u00f3nico WASPE 15000 PUFFS Jugo de frambuesa y granada ofrece una ventaja significativa para los comerciantes, ya que reduce los costes de compra y permite precios de venta competitivos. Los precios mayoristas atractivos le brindan la oportunidad de maximizar sus m\u00e1rgenes de beneficio, mientras ofrece un producto de alta calidad que sus clientes valorar\u00e1n.<\/p>\n<p>El cigarrillo electr\u00f3nico WASPE 15000 PUFFS Jugo de frambuesa y granada es la elecci\u00f3n perfecta para quienes buscan una experiencia de vaporizaci\u00f3n frutal e intensa. Gracias a la combinaci\u00f3n de frambuesa y granada, este cigarrillo electr\u00f3nico ofrece un aroma inigualable, tanto frutal como refrescante. La disponibilidad libre de impuestos y los precios mayoristas atractivos hacen de este producto una inversi\u00f3n rentable para su surtido, que seguramente captar\u00e1 la atenci\u00f3n y satisfacci\u00f3n de sus clientes.<\/p>\n<\/div>\n<\/div>\n<\/div>\n<\/div>\n<\/div>\n<\/div>","protected":false},"excerpt":{"rendered":"<p>Die WASPE 15000 PUFFS Raspberry Pomegranate Juice E-Zigarette ist eine exquisite Wahl f\u00fcr alle, die ein fruchtig intensives Dampferlebnis suchen. Diese E-Zigarette kombiniert den s\u00fc\u00dfen Geschmack von saftigen Himbeeren mit der intensiven, leicht herben Note von Granatapfel. Das Ergebnis ist ein harmonisches und unverwechselbares Aroma, das Ihre Kunden begeistern wird. Zollfrei und zu besonders attraktiven [&hellip;]<\/p>","protected":false},"featured_media":14121,"template":"","meta":{"inline_featured_image":false},"product_cat":[15,78,735,746,741,733,750,737,736,749,752,756,744,755,738,751,723],"product_tag":[710,674],"tiered_pricing_type":"fixed","tiered_pricing_fixed_rules":[],"tiered_pricing_percentage_rules":[],"tiered_pricing_minimum":1,"_administrator_tiered_pricing_type":"fixed","_administrator_tiered_pricing_fixed_rules":[],"_editor_tiered_pricing_type":"fixed","_editor_tiered_pricing_fixed_rules":[],"_author_tiered_pricing_type":"fixed","_author_tiered_pricing_fixed_rules":[],"_contributor_tiered_pricing_type":"fixed","_contributor_tiered_pricing_fixed_rules":[],"_subscriber_tiered_pricing_type":"fixed","_subscriber_tiered_pricing_fixed_rules":[],"_customer_tiered_pricing_type":"fixed","_customer_tiered_pricing_fixed_rules":[],"_shop_manager_tiered_pricing_type":"fixed","_shop_manager_tiered_pricing_fixed_rules":[],"_wpseo_manager_tiered_pricing_type":"fixed","_wpseo_manager_tiered_pricing_fixed_rules":[],"_wpseo_editor_tiered_pricing_type":"fixed","_wpseo_editor_tiered_pricing_fixed_rules":[],"_wholesale_customer_tiered_pricing_type":"fixed","_wholesale_customer_tiered_pricing_fixed_rules":[],"_marketer_tiered_pricing_type":"fixed","_marketer_tiered_pricing_fixed_rules":[],"_sales_manager_tiered_pricing_type":"fixed","_sales_manager_tiered_pricing_fixed_rules":[],"_sales_rep_tiered_pricing_type":"fixed","_sales_rep_tiered_pricing_fixed_rules":[],"yoast_head":"<!-- This site is optimized with the Yoast SEO plugin v23.3 - https:\/\/yoast.com\/wordpress\/plugins\/seo\/ -->\n<title>WASPE 15000 PUFFS Raspberry Pomegranate Juice E-Zigarette Fruchtiger Genuss zollfrei und zu attraktiven Gro\u00dfhandelspreisen | ElementVape.de<\/title>\n<meta name=\"description\" content=\"Wir bieten WASPE 15000 PUFFS Raspberry Pomegranate Juice E-Zigarette Fruchtiger Genuss zollfrei und zu attraktiven Gro\u00dfhandelspreisen , Elementvape.de akzeptieren Gro\u00df-und Einzelhandel Bestellungen.\" \/>\n<meta name=\"robots\" content=\"index, follow, max-snippet:-1, max-image-preview:large, max-video-preview:-1\" \/>\n<link rel=\"canonical\" href=\"https:\/\/www.elementvape.de\/es\/produkt\/waspe-15000-puffs-raspberry-pomegranate-juice-e-zigarette-fruchtiger-genuss-zollfrei-und-zu-attraktiven-grosshandelspreisen\/\" \/>\n<meta property=\"og:locale\" content=\"es_ES\" \/>\n<meta property=\"og:type\" content=\"article\" \/>\n<meta property=\"og:title\" content=\"WASPE 15000 PUFFS Raspberry Pomegranate Juice E-Zigarette Fruchtiger Genuss zollfrei und zu attraktiven Gro\u00dfhandelspreisen | ElementVape.de\" \/>\n<meta property=\"og:description\" content=\"Wir bieten WASPE 15000 PUFFS Raspberry Pomegranate Juice E-Zigarette Fruchtiger Genuss zollfrei und zu attraktiven Gro\u00dfhandelspreisen , Elementvape.de akzeptieren Gro\u00df-und Einzelhandel Bestellungen.\" \/>\n<meta property=\"og:url\" content=\"https:\/\/www.elementvape.de\/es\/produkt\/waspe-15000-puffs-raspberry-pomegranate-juice-e-zigarette-fruchtiger-genuss-zollfrei-und-zu-attraktiven-grosshandelspreisen\/\" \/>\n<meta property=\"og:site_name\" content=\"ElementVape.de\" \/>\n<meta property=\"article:modified_time\" content=\"2024-10-15T02:55:31+00:00\" \/>\n<meta property=\"og:image\" content=\"https:\/\/www.elementvape.de\/wp-content\/uploads\/2024\/09\/raspberry-pomegranate-juice.jpg\" \/>\n\t<meta property=\"og:image:width\" content=\"2000\" \/>\n\t<meta property=\"og:image:height\" content=\"2000\" \/>\n\t<meta property=\"og:image:type\" content=\"image\/jpeg\" \/>\n<meta name=\"twitter:card\" content=\"summary_large_image\" \/>\n<meta name=\"twitter:label1\" content=\"Est. reading time\" \/>\n\t<meta name=\"twitter:data1\" content=\"3 minutos\" \/>\n<script type=\"application\/ld+json\" class=\"yoast-schema-graph\">{\"@context\":\"https:\/\/schema.org\",\"@graph\":[{\"@type\":\"WebPage\",\"@id\":\"https:\/\/www.elementvape.de\/en\/produkt\/waspe-15000-puffs-raspberry-pomegranate-juice-e-zigarette-fruchtiger-genuss-zollfrei-und-zu-attraktiven-grosshandelspreisen\/\",\"url\":\"https:\/\/www.elementvape.de\/en\/produkt\/waspe-15000-puffs-raspberry-pomegranate-juice-e-zigarette-fruchtiger-genuss-zollfrei-und-zu-attraktiven-grosshandelspreisen\/\",\"name\":\"WASPE 15000 PUFFS Raspberry Pomegranate Juice E-Zigarette Fruchtiger Genuss zollfrei und zu attraktiven Gro\u00dfhandelspreisen | ElementVape.de\",\"isPartOf\":{\"@id\":\"https:\/\/www.elementvape.de\/#website\"},\"primaryImageOfPage\":{\"@id\":\"https:\/\/www.elementvape.de\/en\/produkt\/waspe-15000-puffs-raspberry-pomegranate-juice-e-zigarette-fruchtiger-genuss-zollfrei-und-zu-attraktiven-grosshandelspreisen\/#primaryimage\"},\"image\":{\"@id\":\"https:\/\/www.elementvape.de\/en\/produkt\/waspe-15000-puffs-raspberry-pomegranate-juice-e-zigarette-fruchtiger-genuss-zollfrei-und-zu-attraktiven-grosshandelspreisen\/#primaryimage\"},\"thumbnailUrl\":\"https:\/\/www.elementvape.de\/wp-content\/uploads\/2024\/09\/raspberry-pomegranate-juice.jpg\",\"datePublished\":\"2024-09-03T03:23:34+00:00\",\"dateModified\":\"2024-10-15T02:55:31+00:00\",\"description\":\"Wir bieten WASPE 15000 PUFFS Raspberry Pomegranate Juice E-Zigarette Fruchtiger Genuss zollfrei und zu attraktiven Gro\u00dfhandelspreisen , Elementvape.de akzeptieren Gro\u00df-und Einzelhandel Bestellungen.\",\"breadcrumb\":{\"@id\":\"https:\/\/www.elementvape.de\/en\/produkt\/waspe-15000-puffs-raspberry-pomegranate-juice-e-zigarette-fruchtiger-genuss-zollfrei-und-zu-attraktiven-grosshandelspreisen\/#breadcrumb\"},\"inLanguage\":\"es\",\"potentialAction\":[{\"@type\":\"ReadAction\",\"target\":[\"https:\/\/www.elementvape.de\/en\/produkt\/waspe-15000-puffs-raspberry-pomegranate-juice-e-zigarette-fruchtiger-genuss-zollfrei-und-zu-attraktiven-grosshandelspreisen\/\"]}]},{\"@type\":\"ImageObject\",\"inLanguage\":\"es\",\"@id\":\"https:\/\/www.elementvape.de\/en\/produkt\/waspe-15000-puffs-raspberry-pomegranate-juice-e-zigarette-fruchtiger-genuss-zollfrei-und-zu-attraktiven-grosshandelspreisen\/#primaryimage\",\"url\":\"https:\/\/www.elementvape.de\/wp-content\/uploads\/2024\/09\/raspberry-pomegranate-juice.jpg\",\"contentUrl\":\"https:\/\/www.elementvape.de\/wp-content\/uploads\/2024\/09\/raspberry-pomegranate-juice.jpg\",\"width\":2000,\"height\":2000,\"caption\":\"raspberry-pomegranate-juice\"},{\"@type\":\"BreadcrumbList\",\"@id\":\"https:\/\/www.elementvape.de\/en\/produkt\/waspe-15000-puffs-raspberry-pomegranate-juice-e-zigarette-fruchtiger-genuss-zollfrei-und-zu-attraktiven-grosshandelspreisen\/#breadcrumb\",\"itemListElement\":[{\"@type\":\"ListItem\",\"position\":1,\"name\":\"Home\",\"item\":\"https:\/\/www.elementvape.de\/\"},{\"@type\":\"ListItem\",\"position\":2,\"name\":\"Shop\",\"item\":\"https:\/\/www.elementvape.de\/shop\/\"},{\"@type\":\"ListItem\",\"position\":3,\"name\":\"WASPE 15000 PUFFS Raspberry Pomegranate Juice E-Zigarette Fruchtiger Genuss zollfrei und zu attraktiven Gro\u00dfhandelspreisen\"}]},{\"@type\":\"WebSite\",\"@id\":\"https:\/\/www.elementvape.de\/#website\",\"url\":\"https:\/\/www.elementvape.de\/\",\"name\":\"ElementVape.de\",\"description\":\"\",\"publisher\":{\"@id\":\"https:\/\/www.elementvape.de\/#organization\"},\"potentialAction\":[{\"@type\":\"SearchAction\",\"target\":{\"@type\":\"EntryPoint\",\"urlTemplate\":\"https:\/\/www.elementvape.de\/?s={search_term_string}\"},\"query-input\":\"required name=search_term_string\"}],\"inLanguage\":\"es\"},{\"@type\":\"Organization\",\"@id\":\"https:\/\/www.elementvape.de\/#organization\",\"name\":\"ElementVape.DE\",\"url\":\"https:\/\/www.elementvape.de\/\",\"logo\":{\"@type\":\"ImageObject\",\"inLanguage\":\"es\",\"@id\":\"https:\/\/www.elementvape.de\/#\/schema\/logo\/image\/\",\"url\":\"https:\/\/www.elementvape.de\/wp-content\/uploads\/2024\/09\/cropped-1elementvape-3.png\",\"contentUrl\":\"https:\/\/www.elementvape.de\/wp-content\/uploads\/2024\/09\/cropped-1elementvape-3.png\",\"width\":285,\"height\":228,\"caption\":\"ElementVape.DE\"},\"image\":{\"@id\":\"https:\/\/www.elementvape.de\/#\/schema\/logo\/image\/\"}}]}<\/script>\n<!-- \/ Yoast SEO plugin. -->","yoast_head_json":{"title":"WASPE 15000 PUFFS Raspberry Pomegranate Juice E-Zigarette Fruchtiger Genuss zollfrei und zu attraktiven Gro\u00dfhandelspreisen | ElementVape.de","description":"Wir bieten WASPE 15000 PUFFS Raspberry Pomegranate Juice E-Zigarette Fruchtiger Genuss zollfrei und zu attraktiven Gro\u00dfhandelspreisen , Elementvape.de akzeptieren Gro\u00df-und Einzelhandel Bestellungen.","robots":{"index":"index","follow":"follow","max-snippet":"max-snippet:-1","max-image-preview":"max-image-preview:large","max-video-preview":"max-video-preview:-1"},"canonical":"https:\/\/www.elementvape.de\/es\/produkt\/waspe-15000-puffs-raspberry-pomegranate-juice-e-zigarette-fruchtiger-genuss-zollfrei-und-zu-attraktiven-grosshandelspreisen\/","og_locale":"es_ES","og_type":"article","og_title":"WASPE 15000 PUFFS Raspberry Pomegranate Juice E-Zigarette Fruchtiger Genuss zollfrei und zu attraktiven Gro\u00dfhandelspreisen | ElementVape.de","og_description":"Wir bieten WASPE 15000 PUFFS Raspberry Pomegranate Juice E-Zigarette Fruchtiger Genuss zollfrei und zu attraktiven Gro\u00dfhandelspreisen , Elementvape.de akzeptieren Gro\u00df-und Einzelhandel Bestellungen.","og_url":"https:\/\/www.elementvape.de\/es\/produkt\/waspe-15000-puffs-raspberry-pomegranate-juice-e-zigarette-fruchtiger-genuss-zollfrei-und-zu-attraktiven-grosshandelspreisen\/","og_site_name":"ElementVape.de","article_modified_time":"2024-10-15T02:55:31+00:00","og_image":[{"width":2000,"height":2000,"url":"https:\/\/www.elementvape.de\/wp-content\/uploads\/2024\/09\/raspberry-pomegranate-juice.jpg","type":"image\/jpeg"}],"twitter_card":"summary_large_image","twitter_misc":{"Est. reading time":"3 minutos"},"schema":{"@context":"https:\/\/schema.org","@graph":[{"@type":"WebPage","@id":"https:\/\/www.elementvape.de\/en\/produkt\/waspe-15000-puffs-raspberry-pomegranate-juice-e-zigarette-fruchtiger-genuss-zollfrei-und-zu-attraktiven-grosshandelspreisen\/","url":"https:\/\/www.elementvape.de\/en\/produkt\/waspe-15000-puffs-raspberry-pomegranate-juice-e-zigarette-fruchtiger-genuss-zollfrei-und-zu-attraktiven-grosshandelspreisen\/","name":"WASPE 15000 PUFFS Raspberry Pomegranate Juice E-Zigarette Fruchtiger Genuss zollfrei und zu attraktiven Gro\u00dfhandelspreisen | ElementVape.de","isPartOf":{"@id":"https:\/\/www.elementvape.de\/#website"},"primaryImageOfPage":{"@id":"https:\/\/www.elementvape.de\/en\/produkt\/waspe-15000-puffs-raspberry-pomegranate-juice-e-zigarette-fruchtiger-genuss-zollfrei-und-zu-attraktiven-grosshandelspreisen\/#primaryimage"},"image":{"@id":"https:\/\/www.elementvape.de\/en\/produkt\/waspe-15000-puffs-raspberry-pomegranate-juice-e-zigarette-fruchtiger-genuss-zollfrei-und-zu-attraktiven-grosshandelspreisen\/#primaryimage"},"thumbnailUrl":"https:\/\/www.elementvape.de\/wp-content\/uploads\/2024\/09\/raspberry-pomegranate-juice.jpg","datePublished":"2024-09-03T03:23:34+00:00","dateModified":"2024-10-15T02:55:31+00:00","description":"Wir bieten WASPE 15000 PUFFS Raspberry Pomegranate Juice E-Zigarette Fruchtiger Genuss zollfrei und zu attraktiven Gro\u00dfhandelspreisen , Elementvape.de akzeptieren Gro\u00df-und Einzelhandel Bestellungen.","breadcrumb":{"@id":"https:\/\/www.elementvape.de\/en\/produkt\/waspe-15000-puffs-raspberry-pomegranate-juice-e-zigarette-fruchtiger-genuss-zollfrei-und-zu-attraktiven-grosshandelspreisen\/#breadcrumb"},"inLanguage":"es","potentialAction":[{"@type":"ReadAction","target":["https:\/\/www.elementvape.de\/en\/produkt\/waspe-15000-puffs-raspberry-pomegranate-juice-e-zigarette-fruchtiger-genuss-zollfrei-und-zu-attraktiven-grosshandelspreisen\/"]}]},{"@type":"ImageObject","inLanguage":"es","@id":"https:\/\/www.elementvape.de\/en\/produkt\/waspe-15000-puffs-raspberry-pomegranate-juice-e-zigarette-fruchtiger-genuss-zollfrei-und-zu-attraktiven-grosshandelspreisen\/#primaryimage","url":"https:\/\/www.elementvape.de\/wp-content\/uploads\/2024\/09\/raspberry-pomegranate-juice.jpg","contentUrl":"https:\/\/www.elementvape.de\/wp-content\/uploads\/2024\/09\/raspberry-pomegranate-juice.jpg","width":2000,"height":2000,"caption":"raspberry-pomegranate-juice"},{"@type":"BreadcrumbList","@id":"https:\/\/www.elementvape.de\/en\/produkt\/waspe-15000-puffs-raspberry-pomegranate-juice-e-zigarette-fruchtiger-genuss-zollfrei-und-zu-attraktiven-grosshandelspreisen\/#breadcrumb","itemListElement":[{"@type":"ListItem","position":1,"name":"Home","item":"https:\/\/www.elementvape.de\/"},{"@type":"ListItem","position":2,"name":"Shop","item":"https:\/\/www.elementvape.de\/shop\/"},{"@type":"ListItem","position":3,"name":"WASPE 15000 PUFFS Raspberry Pomegranate Juice E-Zigarette Fruchtiger Genuss zollfrei und zu attraktiven Gro\u00dfhandelspreisen"}]},{"@type":"WebSite","@id":"https:\/\/www.elementvape.de\/#website","url":"https:\/\/www.elementvape.de\/","name":"ElementVape.de","description":"","publisher":{"@id":"https:\/\/www.elementvape.de\/#organization"},"potentialAction":[{"@type":"SearchAction","target":{"@type":"EntryPoint","urlTemplate":"https:\/\/www.elementvape.de\/?s={search_term_string}"},"query-input":"required name=search_term_string"}],"inLanguage":"es"},{"@type":"Organization","@id":"https:\/\/www.elementvape.de\/#organization","name":"ElementVape.DE","url":"https:\/\/www.elementvape.de\/","logo":{"@type":"ImageObject","inLanguage":"es","@id":"https:\/\/www.elementvape.de\/#\/schema\/logo\/image\/","url":"https:\/\/www.elementvape.de\/wp-content\/uploads\/2024\/09\/cropped-1elementvape-3.png","contentUrl":"https:\/\/www.elementvape.de\/wp-content\/uploads\/2024\/09\/cropped-1elementvape-3.png","width":285,"height":228,"caption":"ElementVape.DE"},"image":{"@id":"https:\/\/www.elementvape.de\/#\/schema\/logo\/image\/"}}]}},"_links":{"self":[{"href":"https:\/\/www.elementvape.de\/es\/wp-json\/wp\/v2\/product\/14120"}],"collection":[{"href":"https:\/\/www.elementvape.de\/es\/wp-json\/wp\/v2\/product"}],"about":[{"href":"https:\/\/www.elementvape.de\/es\/wp-json\/wp\/v2\/types\/product"}],"wp:featuredmedia":[{"embeddable":true,"href":"https:\/\/www.elementvape.de\/es\/wp-json\/wp\/v2\/media\/14121"}],"wp:attachment":[{"href":"https:\/\/www.elementvape.de\/es\/wp-json\/wp\/v2\/media?parent=14120"}],"wp:term":[{"taxonomy":"product_cat","embeddable":true,"href":"https:\/\/www.elementvape.de\/es\/wp-json\/wp\/v2\/product_cat?post=14120"},{"taxonomy":"product_tag","embeddable":true,"href":"https:\/\/www.elementvape.de\/es\/wp-json\/wp\/v2\/product_tag?post=14120"}],"curies":[{"name":"wp","href":"https:\/\/api.w.org\/{rel}","templated":true}]}}