{"id":14117,"date":"2024-09-03T03:16:36","date_gmt":"2024-09-03T03:16:36","guid":{"rendered":"https:\/\/www.elementvape.de\/?post_type=product&#038;p=14117"},"modified":"2024-10-15T03:05:06","modified_gmt":"2024-10-15T03:05:06","slug":"waspe-15000-puffs-green-apple-watermelon-ice-e-zigarette-zollfrei-und-zu-unwiderstehlich-frischen-grosshandelspreisen","status":"publish","type":"product","link":"https:\/\/www.elementvape.de\/es\/produkt\/waspe-15000-puffs-green-apple-watermelon-ice-e-zigarette-zollfrei-und-zu-unwiderstehlich-frischen-grosshandelspreisen\/","title":{"rendered":"WASPE 15000 CALADAS, manzana verde, sand\u00eda con hielo, cigarrillo electr\u00f3nico \u2013 libre de impuestos y a precios mayoristas irresistiblemente frescos"},"content":{"rendered":"<div class=\"flex-shrink-0 flex flex-col relative items-end\">\n<div>\n<div class=\"pt-0\">\n<div class=\"gizmo-bot-avatar flex h-8 w-8 items-center justify-center overflow-hidden rounded-full\">\n<h2 class=\"relative p-1 rounded-sm flex items-center justify-center bg-token-main-surface-primary text-token-text-primary h-8 w-8\"><span style=\"font-size: 1.618em;\">WASPE 15000 CALADAS, manzana verde, sand\u00eda con hielo, cigarrillo electr\u00f3nico \u2013 libre de impuestos y a precios mayoristas irresistiblemente frescos<\/span><\/h2>\n<\/div>\n<\/div>\n<\/div>\n<\/div>\n<div class=\"group\/conversation-turn relative flex w-full min-w-0 flex-col agent-turn\">\n<div class=\"flex-col gap-1 md:gap-3\">\n<div class=\"flex max-w-full flex-col flex-grow\">\n<div class=\"min-h-[20px] text-message flex w-full flex-col items-end gap-2 break-words [.text-message+&amp;]:mt-5 overflow-x-auto whitespace-normal\" dir=\"auto\" data-message-author-role=\"assistant\" data-message-id=\"19a29b9a-cc59-435c-b281-6fce8b80b10c\">\n<div class=\"flex w-full flex-col gap-1 empty:hidden first:pt-[3px]\">\n<div class=\"markdown prose w-full break-words dark:prose-invert light\">\n<p>El cigarrillo electr\u00f3nico WASPE 15000 PUFFS Green Apple Watermelon Ice ofrece una refrescante combinaci\u00f3n de crujiente manzana verde y jugosa sand\u00eda, redondeada con un toque fresco de hielo. Este cigarrillo electr\u00f3nico promete una experiencia de vapeo revitalizante, que proporciona una agradable sensaci\u00f3n de frescor, especialmente en los d\u00edas calurosos. Ahora disponible sin impuestos y a precios de mayorista inmejorables, este producto es una excelente opci\u00f3n para los minoristas que desean ofrecer a sus clientes una experiencia de sabor incomparable.<\/p>\n<p>El cigarrillo electr\u00f3nico WASPE 15000 PUFFS Green Apple Watermelon Ice combina el sabor refrescante y \u00e1cido de la manzana verde con la nota dulce y jugosa de la sand\u00eda. Esta mezcla armoniosa se complementa con un componente de hielo fresco que redondea a la perfecci\u00f3n la experiencia de vapeo. La combinaci\u00f3n de frescura y dulzura hace de este cigarrillo electr\u00f3nico una elecci\u00f3n perfecta para los clientes que buscan un placer de vapeo afrutado y, al mismo tiempo, refrescante.<\/p>\n<h4>Disfrute duradero con 15.000 inhalaciones<\/h4>\n<p>Con una impresionante capacidad de 15.000 inhalaciones, el WASPE 15000 PUFFS ofrece una longevidad excepcional que entusiasmar\u00e1 especialmente a los vapeadores frecuentes. Los generosos 22 ml de E-Liquid garantizan que sus clientes puedan disfrutar de este <strong><a href=\"https:\/\/www.elementvape.de\/es\/\" target=\"_blank\" rel=\"noopener\">Cigarrillo Electr\u00f3nico<\/a><\/strong> durante un largo per\u00edodo de tiempo sin tener que preocuparse por rellenar o cambiar. Esta alta capacidad hace que el WASPE 15000 PUFFS sea una opci\u00f3n pr\u00e1ctica y rentable para el uso diario.<\/p>\n<p>El cigarrillo electr\u00f3nico WASPE 15000 PUFFS Green Apple Watermelon Ice est\u00e1 disponible en varios contenidos de N: 2% y 5%. Esta selecci\u00f3n permite a los usuarios elegir su contenido de N preferido, lo que hace que este producto sea atractivo para un amplio p\u00fablico objetivo. Independientemente de si sus clientes prefieren un disfrute sin nicotina o un contenido de N m\u00e1s fuerte, este cigarrillo electr\u00f3nico ofrece la soluci\u00f3n adecuada para cada necesidad.<\/p>\n<h4>Tecnolog\u00eda moderna para una experiencia de vapeo \u00f3ptima<\/h4>\n<p>Equipado con una bater\u00eda recargable de 650 mAh y un pr\u00e1ctico puerto de carga Type-C, el WASPE 15000 PUFFS garantiza un rendimiento fiable y duradero. La pantalla integrada muestra el nivel de bater\u00eda y la cantidad restante de E-Liquid, lo que hace que el manejo del dispositivo sea especialmente f\u00e1cil y c\u00f3modo. Estas funciones avanzadas, junto con el dise\u00f1o compacto y ergon\u00f3mico, hacen del WASPE 15000 PUFFS una excelente opci\u00f3n para viajar.<\/p>\n<p>Una ventaja decisiva para los minoristas es la disponibilidad libre de impuestos del cigarrillo electr\u00f3nico WASPE 15000 PUFFS Green Apple Watermelon Ice. Esto reduce significativamente los costes de importaci\u00f3n y le permite ofrecer el producto a precios extremadamente competitivos. Los atractivos precios al por mayor maximizan sus m\u00e1rgenes de beneficio, mientras que sus clientes reciben un producto de alta calidad a un precio justo.<\/p>\n<p>El cigarrillo electr\u00f3nico WASPE 15000 PUFFS Green Apple Watermelon Ice es la elecci\u00f3n perfecta para los clientes que buscan una experiencia de vapeo afrutada y refrescante. Gracias a la combinaci\u00f3n de crujiente manzana verde, dulce sand\u00eda y una nota de hielo refrescante, este producto ofrece una experiencia de sabor \u00fanica y revitalizante. La disponibilidad libre de impuestos y los irresistibles precios al por mayor hacen de este producto un componente indispensable de su gama.<\/p>\n<\/div>\n<\/div>\n<\/div>\n<\/div>\n<\/div>\n<\/div>","protected":false},"excerpt":{"rendered":"<p>WASPE 15000 PUFFS Green Apple Watermelon Ice E-Zigarette &#8211; Zollfrei und zu unwiderstehlich frischen Gro\u00dfhandelspreisen Die WASPE 15000 PUFFS Green Apple Watermelon Ice E-Zigarette bietet eine erfrischende Kombination aus knackigem gr\u00fcnen Apfel und saftiger Wassermelone, abgerundet durch einen k\u00fchlen Hauch von Eis. Diese E-Zigarette verspricht ein belebendes Dampferlebnis, das besonders an hei\u00dfen Tagen f\u00fcr eine [&hellip;]<\/p>","protected":false},"featured_media":14118,"template":"","meta":{"inline_featured_image":false},"product_cat":[15,78,735,746,741,733,750,737,736,749,752,756,744,755,738,751,723],"product_tag":[710,674],"tiered_pricing_type":"fixed","tiered_pricing_fixed_rules":[],"tiered_pricing_percentage_rules":[],"tiered_pricing_minimum":1,"_administrator_tiered_pricing_type":"fixed","_administrator_tiered_pricing_fixed_rules":[],"_editor_tiered_pricing_type":"fixed","_editor_tiered_pricing_fixed_rules":[],"_author_tiered_pricing_type":"fixed","_author_tiered_pricing_fixed_rules":[],"_contributor_tiered_pricing_type":"fixed","_contributor_tiered_pricing_fixed_rules":[],"_subscriber_tiered_pricing_type":"fixed","_subscriber_tiered_pricing_fixed_rules":[],"_customer_tiered_pricing_type":"fixed","_customer_tiered_pricing_fixed_rules":[],"_shop_manager_tiered_pricing_type":"fixed","_shop_manager_tiered_pricing_fixed_rules":[],"_wpseo_manager_tiered_pricing_type":"fixed","_wpseo_manager_tiered_pricing_fixed_rules":[],"_wpseo_editor_tiered_pricing_type":"fixed","_wpseo_editor_tiered_pricing_fixed_rules":[],"_wholesale_customer_tiered_pricing_type":"fixed","_wholesale_customer_tiered_pricing_fixed_rules":[],"_marketer_tiered_pricing_type":"fixed","_marketer_tiered_pricing_fixed_rules":[],"_sales_manager_tiered_pricing_type":"fixed","_sales_manager_tiered_pricing_fixed_rules":[],"_sales_rep_tiered_pricing_type":"fixed","_sales_rep_tiered_pricing_fixed_rules":[],"yoast_head":"<!-- This site is optimized with the Yoast SEO plugin v23.3 - https:\/\/yoast.com\/wordpress\/plugins\/seo\/ -->\n<title>WASPE 15000 PUFFS Green Apple Watermelon Ice E-Zigarette - Zollfrei und zu unwiderstehlich frischen Gro\u00dfhandelspreisen | ElementVape.de<\/title>\n<meta name=\"description\" content=\"Wir bieten WASPE 15000 PUFFS Green Apple Watermelon Ice E-Zigarette - Zollfrei und zu unwiderstehlich frischen Gro\u00dfhandelspreisen , Elementvape.de akzeptieren Gro\u00df-und Einzelhandel Bestellungen.\" \/>\n<meta name=\"robots\" content=\"index, follow, max-snippet:-1, max-image-preview:large, max-video-preview:-1\" \/>\n<link rel=\"canonical\" href=\"https:\/\/www.elementvape.de\/es\/produkt\/waspe-15000-puffs-green-apple-watermelon-ice-e-zigarette-zollfrei-und-zu-unwiderstehlich-frischen-grosshandelspreisen\/\" \/>\n<meta property=\"og:locale\" content=\"es_ES\" \/>\n<meta property=\"og:type\" content=\"article\" \/>\n<meta property=\"og:title\" content=\"WASPE 15000 PUFFS Green Apple Watermelon Ice E-Zigarette - Zollfrei und zu unwiderstehlich frischen Gro\u00dfhandelspreisen | ElementVape.de\" \/>\n<meta property=\"og:description\" content=\"Wir bieten WASPE 15000 PUFFS Green Apple Watermelon Ice E-Zigarette - Zollfrei und zu unwiderstehlich frischen Gro\u00dfhandelspreisen , Elementvape.de akzeptieren Gro\u00df-und Einzelhandel Bestellungen.\" \/>\n<meta property=\"og:url\" content=\"https:\/\/www.elementvape.de\/es\/produkt\/waspe-15000-puffs-green-apple-watermelon-ice-e-zigarette-zollfrei-und-zu-unwiderstehlich-frischen-grosshandelspreisen\/\" \/>\n<meta property=\"og:site_name\" content=\"ElementVape.de\" \/>\n<meta property=\"article:modified_time\" content=\"2024-10-15T03:05:06+00:00\" \/>\n<meta property=\"og:image\" content=\"https:\/\/www.elementvape.de\/wp-content\/uploads\/2024\/09\/green-apple-watermelon-ice-1.jpg\" \/>\n\t<meta property=\"og:image:width\" content=\"2000\" \/>\n\t<meta property=\"og:image:height\" content=\"2000\" \/>\n\t<meta property=\"og:image:type\" content=\"image\/jpeg\" \/>\n<meta name=\"twitter:card\" content=\"summary_large_image\" \/>\n<meta name=\"twitter:label1\" content=\"Est. reading time\" \/>\n\t<meta name=\"twitter:data1\" content=\"3 minutos\" \/>\n<script type=\"application\/ld+json\" class=\"yoast-schema-graph\">{\"@context\":\"https:\/\/schema.org\",\"@graph\":[{\"@type\":\"WebPage\",\"@id\":\"https:\/\/www.elementvape.de\/produkt\/waspe-15000-puffs-green-apple-watermelon-ice-e-zigarette-zollfrei-und-zu-unwiderstehlich-frischen-grosshandelspreisen\/\",\"url\":\"https:\/\/www.elementvape.de\/produkt\/waspe-15000-puffs-green-apple-watermelon-ice-e-zigarette-zollfrei-und-zu-unwiderstehlich-frischen-grosshandelspreisen\/\",\"name\":\"WASPE 15000 PUFFS Green Apple Watermelon Ice E-Zigarette - Zollfrei und zu unwiderstehlich frischen Gro\u00dfhandelspreisen | ElementVape.de\",\"isPartOf\":{\"@id\":\"https:\/\/www.elementvape.de\/#website\"},\"primaryImageOfPage\":{\"@id\":\"https:\/\/www.elementvape.de\/produkt\/waspe-15000-puffs-green-apple-watermelon-ice-e-zigarette-zollfrei-und-zu-unwiderstehlich-frischen-grosshandelspreisen\/#primaryimage\"},\"image\":{\"@id\":\"https:\/\/www.elementvape.de\/produkt\/waspe-15000-puffs-green-apple-watermelon-ice-e-zigarette-zollfrei-und-zu-unwiderstehlich-frischen-grosshandelspreisen\/#primaryimage\"},\"thumbnailUrl\":\"https:\/\/www.elementvape.de\/wp-content\/uploads\/2024\/09\/green-apple-watermelon-ice-1.jpg\",\"datePublished\":\"2024-09-03T03:16:36+00:00\",\"dateModified\":\"2024-10-15T03:05:06+00:00\",\"description\":\"Wir bieten WASPE 15000 PUFFS Green Apple Watermelon Ice E-Zigarette - Zollfrei und zu unwiderstehlich frischen Gro\u00dfhandelspreisen , Elementvape.de akzeptieren Gro\u00df-und Einzelhandel Bestellungen.\",\"breadcrumb\":{\"@id\":\"https:\/\/www.elementvape.de\/produkt\/waspe-15000-puffs-green-apple-watermelon-ice-e-zigarette-zollfrei-und-zu-unwiderstehlich-frischen-grosshandelspreisen\/#breadcrumb\"},\"inLanguage\":\"es\",\"potentialAction\":[{\"@type\":\"ReadAction\",\"target\":[\"https:\/\/www.elementvape.de\/produkt\/waspe-15000-puffs-green-apple-watermelon-ice-e-zigarette-zollfrei-und-zu-unwiderstehlich-frischen-grosshandelspreisen\/\"]}]},{\"@type\":\"ImageObject\",\"inLanguage\":\"es\",\"@id\":\"https:\/\/www.elementvape.de\/produkt\/waspe-15000-puffs-green-apple-watermelon-ice-e-zigarette-zollfrei-und-zu-unwiderstehlich-frischen-grosshandelspreisen\/#primaryimage\",\"url\":\"https:\/\/www.elementvape.de\/wp-content\/uploads\/2024\/09\/green-apple-watermelon-ice-1.jpg\",\"contentUrl\":\"https:\/\/www.elementvape.de\/wp-content\/uploads\/2024\/09\/green-apple-watermelon-ice-1.jpg\",\"width\":2000,\"height\":2000,\"caption\":\"green-apple-watermelon-ice\"},{\"@type\":\"BreadcrumbList\",\"@id\":\"https:\/\/www.elementvape.de\/produkt\/waspe-15000-puffs-green-apple-watermelon-ice-e-zigarette-zollfrei-und-zu-unwiderstehlich-frischen-grosshandelspreisen\/#breadcrumb\",\"itemListElement\":[{\"@type\":\"ListItem\",\"position\":1,\"name\":\"Home\",\"item\":\"https:\/\/www.elementvape.de\/\"},{\"@type\":\"ListItem\",\"position\":2,\"name\":\"Shop\",\"item\":\"https:\/\/www.elementvape.de\/shop\/\"},{\"@type\":\"ListItem\",\"position\":3,\"name\":\"WASPE 15000 PUFFS Green Apple Watermelon Ice E-Zigarette &#8211; Zollfrei und zu unwiderstehlich frischen Gro\u00dfhandelspreisen\"}]},{\"@type\":\"WebSite\",\"@id\":\"https:\/\/www.elementvape.de\/#website\",\"url\":\"https:\/\/www.elementvape.de\/\",\"name\":\"ElementVape.de\",\"description\":\"\",\"publisher\":{\"@id\":\"https:\/\/www.elementvape.de\/#organization\"},\"potentialAction\":[{\"@type\":\"SearchAction\",\"target\":{\"@type\":\"EntryPoint\",\"urlTemplate\":\"https:\/\/www.elementvape.de\/?s={search_term_string}\"},\"query-input\":\"required name=search_term_string\"}],\"inLanguage\":\"es\"},{\"@type\":\"Organization\",\"@id\":\"https:\/\/www.elementvape.de\/#organization\",\"name\":\"ElementVape.DE\",\"url\":\"https:\/\/www.elementvape.de\/\",\"logo\":{\"@type\":\"ImageObject\",\"inLanguage\":\"es\",\"@id\":\"https:\/\/www.elementvape.de\/#\/schema\/logo\/image\/\",\"url\":\"https:\/\/www.elementvape.de\/wp-content\/uploads\/2024\/09\/cropped-1elementvape-3.png\",\"contentUrl\":\"https:\/\/www.elementvape.de\/wp-content\/uploads\/2024\/09\/cropped-1elementvape-3.png\",\"width\":285,\"height\":228,\"caption\":\"ElementVape.DE\"},\"image\":{\"@id\":\"https:\/\/www.elementvape.de\/#\/schema\/logo\/image\/\"}}]}<\/script>\n<!-- \/ Yoast SEO plugin. -->","yoast_head_json":{"title":"WASPE 15000 PUFFS Green Apple Watermelon Ice E-Zigarette - Zollfrei und zu unwiderstehlich frischen Gro\u00dfhandelspreisen | ElementVape.de","description":"Wir bieten WASPE 15000 PUFFS Green Apple Watermelon Ice E-Zigarette - Zollfrei und zu unwiderstehlich frischen Gro\u00dfhandelspreisen , Elementvape.de akzeptieren Gro\u00df-und Einzelhandel Bestellungen.","robots":{"index":"index","follow":"follow","max-snippet":"max-snippet:-1","max-image-preview":"max-image-preview:large","max-video-preview":"max-video-preview:-1"},"canonical":"https:\/\/www.elementvape.de\/es\/produkt\/waspe-15000-puffs-green-apple-watermelon-ice-e-zigarette-zollfrei-und-zu-unwiderstehlich-frischen-grosshandelspreisen\/","og_locale":"es_ES","og_type":"article","og_title":"WASPE 15000 PUFFS Green Apple Watermelon Ice E-Zigarette - Zollfrei und zu unwiderstehlich frischen Gro\u00dfhandelspreisen | ElementVape.de","og_description":"Wir bieten WASPE 15000 PUFFS Green Apple Watermelon Ice E-Zigarette - Zollfrei und zu unwiderstehlich frischen Gro\u00dfhandelspreisen , Elementvape.de akzeptieren Gro\u00df-und Einzelhandel Bestellungen.","og_url":"https:\/\/www.elementvape.de\/es\/produkt\/waspe-15000-puffs-green-apple-watermelon-ice-e-zigarette-zollfrei-und-zu-unwiderstehlich-frischen-grosshandelspreisen\/","og_site_name":"ElementVape.de","article_modified_time":"2024-10-15T03:05:06+00:00","og_image":[{"width":2000,"height":2000,"url":"https:\/\/www.elementvape.de\/wp-content\/uploads\/2024\/09\/green-apple-watermelon-ice-1.jpg","type":"image\/jpeg"}],"twitter_card":"summary_large_image","twitter_misc":{"Est. reading time":"3 minutos"},"schema":{"@context":"https:\/\/schema.org","@graph":[{"@type":"WebPage","@id":"https:\/\/www.elementvape.de\/produkt\/waspe-15000-puffs-green-apple-watermelon-ice-e-zigarette-zollfrei-und-zu-unwiderstehlich-frischen-grosshandelspreisen\/","url":"https:\/\/www.elementvape.de\/produkt\/waspe-15000-puffs-green-apple-watermelon-ice-e-zigarette-zollfrei-und-zu-unwiderstehlich-frischen-grosshandelspreisen\/","name":"WASPE 15000 PUFFS Green Apple Watermelon Ice E-Zigarette - Zollfrei und zu unwiderstehlich frischen Gro\u00dfhandelspreisen | ElementVape.de","isPartOf":{"@id":"https:\/\/www.elementvape.de\/#website"},"primaryImageOfPage":{"@id":"https:\/\/www.elementvape.de\/produkt\/waspe-15000-puffs-green-apple-watermelon-ice-e-zigarette-zollfrei-und-zu-unwiderstehlich-frischen-grosshandelspreisen\/#primaryimage"},"image":{"@id":"https:\/\/www.elementvape.de\/produkt\/waspe-15000-puffs-green-apple-watermelon-ice-e-zigarette-zollfrei-und-zu-unwiderstehlich-frischen-grosshandelspreisen\/#primaryimage"},"thumbnailUrl":"https:\/\/www.elementvape.de\/wp-content\/uploads\/2024\/09\/green-apple-watermelon-ice-1.jpg","datePublished":"2024-09-03T03:16:36+00:00","dateModified":"2024-10-15T03:05:06+00:00","description":"Wir bieten WASPE 15000 PUFFS Green Apple Watermelon Ice E-Zigarette - Zollfrei und zu unwiderstehlich frischen Gro\u00dfhandelspreisen , Elementvape.de akzeptieren Gro\u00df-und Einzelhandel Bestellungen.","breadcrumb":{"@id":"https:\/\/www.elementvape.de\/produkt\/waspe-15000-puffs-green-apple-watermelon-ice-e-zigarette-zollfrei-und-zu-unwiderstehlich-frischen-grosshandelspreisen\/#breadcrumb"},"inLanguage":"es","potentialAction":[{"@type":"ReadAction","target":["https:\/\/www.elementvape.de\/produkt\/waspe-15000-puffs-green-apple-watermelon-ice-e-zigarette-zollfrei-und-zu-unwiderstehlich-frischen-grosshandelspreisen\/"]}]},{"@type":"ImageObject","inLanguage":"es","@id":"https:\/\/www.elementvape.de\/produkt\/waspe-15000-puffs-green-apple-watermelon-ice-e-zigarette-zollfrei-und-zu-unwiderstehlich-frischen-grosshandelspreisen\/#primaryimage","url":"https:\/\/www.elementvape.de\/wp-content\/uploads\/2024\/09\/green-apple-watermelon-ice-1.jpg","contentUrl":"https:\/\/www.elementvape.de\/wp-content\/uploads\/2024\/09\/green-apple-watermelon-ice-1.jpg","width":2000,"height":2000,"caption":"green-apple-watermelon-ice"},{"@type":"BreadcrumbList","@id":"https:\/\/www.elementvape.de\/produkt\/waspe-15000-puffs-green-apple-watermelon-ice-e-zigarette-zollfrei-und-zu-unwiderstehlich-frischen-grosshandelspreisen\/#breadcrumb","itemListElement":[{"@type":"ListItem","position":1,"name":"Home","item":"https:\/\/www.elementvape.de\/"},{"@type":"ListItem","position":2,"name":"Shop","item":"https:\/\/www.elementvape.de\/shop\/"},{"@type":"ListItem","position":3,"name":"WASPE 15000 PUFFS Green Apple Watermelon Ice E-Zigarette &#8211; Zollfrei und zu unwiderstehlich frischen Gro\u00dfhandelspreisen"}]},{"@type":"WebSite","@id":"https:\/\/www.elementvape.de\/#website","url":"https:\/\/www.elementvape.de\/","name":"ElementVape.de","description":"","publisher":{"@id":"https:\/\/www.elementvape.de\/#organization"},"potentialAction":[{"@type":"SearchAction","target":{"@type":"EntryPoint","urlTemplate":"https:\/\/www.elementvape.de\/?s={search_term_string}"},"query-input":"required name=search_term_string"}],"inLanguage":"es"},{"@type":"Organization","@id":"https:\/\/www.elementvape.de\/#organization","name":"ElementVape.DE","url":"https:\/\/www.elementvape.de\/","logo":{"@type":"ImageObject","inLanguage":"es","@id":"https:\/\/www.elementvape.de\/#\/schema\/logo\/image\/","url":"https:\/\/www.elementvape.de\/wp-content\/uploads\/2024\/09\/cropped-1elementvape-3.png","contentUrl":"https:\/\/www.elementvape.de\/wp-content\/uploads\/2024\/09\/cropped-1elementvape-3.png","width":285,"height":228,"caption":"ElementVape.DE"},"image":{"@id":"https:\/\/www.elementvape.de\/#\/schema\/logo\/image\/"}}]}},"_links":{"self":[{"href":"https:\/\/www.elementvape.de\/es\/wp-json\/wp\/v2\/product\/14117"}],"collection":[{"href":"https:\/\/www.elementvape.de\/es\/wp-json\/wp\/v2\/product"}],"about":[{"href":"https:\/\/www.elementvape.de\/es\/wp-json\/wp\/v2\/types\/product"}],"wp:featuredmedia":[{"embeddable":true,"href":"https:\/\/www.elementvape.de\/es\/wp-json\/wp\/v2\/media\/14118"}],"wp:attachment":[{"href":"https:\/\/www.elementvape.de\/es\/wp-json\/wp\/v2\/media?parent=14117"}],"wp:term":[{"taxonomy":"product_cat","embeddable":true,"href":"https:\/\/www.elementvape.de\/es\/wp-json\/wp\/v2\/product_cat?post=14117"},{"taxonomy":"product_tag","embeddable":true,"href":"https:\/\/www.elementvape.de\/es\/wp-json\/wp\/v2\/product_tag?post=14117"}],"curies":[{"name":"wp","href":"https:\/\/api.w.org\/{rel}","templated":true}]}}