{"id":14110,"date":"2024-09-02T09:51:56","date_gmt":"2024-09-02T09:51:56","guid":{"rendered":"https:\/\/www.elementvape.de\/?post_type=product&#038;p=14110"},"modified":"2024-10-15T03:05:46","modified_gmt":"2024-10-15T03:05:46","slug":"waspe-15000-puffs-mixed-berries-e-zigarette-zollfrei-und-zu-hervorragenden-grosshandelspreisen-fuer-den-perfekten-beerenmix","status":"publish","type":"product","link":"https:\/\/www.elementvape.de\/es\/produkt\/waspe-15000-puffs-mixed-berries-e-zigarette-zollfrei-und-zu-hervorragenden-grosshandelspreisen-fuer-den-perfekten-beerenmix\/","title":{"rendered":"WASPE 15000 PUFFS Mezcla de Bayas E-Cigarrillo Libre de Impuestos y a precios mayoristas excelentes para la mezcla perfecta de bayas"},"content":{"rendered":"<div class=\"flex-shrink-0 flex flex-col relative items-end\">\n<div>\n<div class=\"pt-0\">\n<div class=\"gizmo-bot-avatar flex h-8 w-8 items-center justify-center overflow-hidden rounded-full\">\n<div class=\"relative p-1 rounded-sm flex items-center justify-center bg-token-main-surface-primary text-token-text-primary h-8 w-8\"><\/div>\n<\/div>\n<\/div>\n<\/div>\n<\/div>\n<div class=\"group\/conversation-turn relative flex w-full min-w-0 flex-col agent-turn\">\n<div class=\"flex-col gap-1 md:gap-3\">\n<div class=\"flex max-w-full flex-col flex-grow\">\n<div class=\"min-h-[20px] text-message flex w-full flex-col items-end gap-2 break-words [.text-message+&amp;]:mt-5 overflow-x-auto whitespace-normal\" dir=\"auto\" data-message-author-role=\"assistant\" data-message-id=\"60055b15-8105-4e42-b71b-cc0228dc23af\">\n<div class=\"flex w-full flex-col gap-1 empty:hidden first:pt-[3px]\">\n<div class=\"markdown prose w-full break-words dark:prose-invert light\">\n<h3>WASPE 15000 PUFFS E-Cigarrillo de Frutas Mixtas \u2013 Libre de impuestos y a precios mayoristas excelentes para la mezcla perfecta de bayas<\/h3>\n<p>El WASPE 15000 PUFFS E-Cigarrillo de Frutas Mixtas es la opci\u00f3n ideal para todos los que aman el sabor completo de una jugosa mezcla de bayas. Este <strong><a href=\"https:\/\/www.elementvape.de\/es\/c\/einweg-zigarette\/\" target=\"_blank\" rel=\"noopener\">Cigarrillo electr\u00f3nico desechable<\/a><\/strong> combina los sabores de varias bayas en una experiencia de vaporizaci\u00f3n armoniosa e intensa que encantar\u00e1 a sus clientes. Ahora disponible sin impuestos y a precios mayoristas excelentes, este producto ofrece una oportunidad excelente para ofrecer a sus clientes una experiencia de vaporizaci\u00f3n de primera clase y, al mismo tiempo, beneficiarse de m\u00e1rgenes de ganancia atractivos.<\/p>\n<h3 style=\"text-align: center;\">Una rica mezcla de bayas para un disfrute completo<\/h3>\n<p><img loading=\"lazy\" decoding=\"async\" class=\"size-medium wp-image-14113 alignleft\" src=\"https:\/\/www.elementvape.de\/wp-content\/uploads\/2024\/09\/1-4-257x300.jpg\" alt=\"1 (4)\" width=\"257\" height=\"300\" srcset=\"https:\/\/www.elementvape.de\/wp-content\/uploads\/2024\/09\/1-4-257x300.jpg 257w, https:\/\/www.elementvape.de\/wp-content\/uploads\/2024\/09\/1-4-878x1024.jpg 878w, https:\/\/www.elementvape.de\/wp-content\/uploads\/2024\/09\/1-4-768x896.jpg 768w, https:\/\/www.elementvape.de\/wp-content\/uploads\/2024\/09\/1-4-1317x1536.jpg 1317w, https:\/\/www.elementvape.de\/wp-content\/uploads\/2024\/09\/1-4-1755x2048.jpg 1755w, https:\/\/www.elementvape.de\/wp-content\/uploads\/2024\/09\/1-4-600x700.jpg 600w\" sizes=\"(max-width: 257px) 100vw, 257px\" \/><\/p>\n<p>La mezcla de sabores del WASPE 15000 PUFFS de Bayas Mixtas <strong><a href=\"https:\/\/www.elementvape.de\/es\/\" target=\"_blank\" rel=\"noopener\">Cigarrillo Electr\u00f3nico<\/a><\/strong> une los sabores de fresas, ar\u00e1ndanos, frambuesas y otras frutas del bosque en una explosi\u00f3n frutal que en cada inhalaci\u00f3n proporciona una experiencia de sabor intensa. Los diferentes sabores de bayas se complementan perfectamente y ofrecen una mezcla equilibrada de dulzura, acidez y frescura, ideal tanto para los amantes de los sabores frutales como para los vaporizadores que desean probar algo nuevo.<\/p>\n<p>Con una capacidad impresionante de 15.000 caladas, el WASPE 15000 PUFFS ofrece una durabilidad sobresaliente. Esta alta capacidad garantiza que sus clientes disfruten durante mucho tiempo de su compra, sin preocuparse por rellenar con frecuencia o por cambiar el dispositivo. Gracias a los 22 ml de e-l\u00edquido, este cigarrillo electr\u00f3nico no solo produce mucho vapor, sino que tambi\u00e9n mantiene un sabor constante e intenso hasta la \u00faltima calada.<\/p>\n<p>El WASPE 15000 PUFFS E-Cigarrillo de Frutas Mixtas est\u00e1 disponible en varias intensidades de N: 2% y 5%. Esta selecci\u00f3n permite a los usuarios elegir su intensidad preferida, de modo que tanto los que prefieren sin nicotina como los que buscan una intensidad m\u00e1s fuerte encuentren la opci\u00f3n adecuada. La flexibilidad en la intensidad de N hace que este producto sea especialmente atractivo para un p\u00fablico amplio.<\/p>\n<h4 style=\"text-align: center;\">Tecnolog\u00eda moderna y manejo sencillo<\/h4>\n<p><img loading=\"lazy\" decoding=\"async\" class=\"wp-image-14112 alignright\" src=\"https:\/\/www.elementvape.de\/wp-content\/uploads\/2024\/09\/1-3-257x300.jpg\" alt=\"1 (3)\" width=\"288\" height=\"336\" srcset=\"https:\/\/www.elementvape.de\/wp-content\/uploads\/2024\/09\/1-3-257x300.jpg 257w, https:\/\/www.elementvape.de\/wp-content\/uploads\/2024\/09\/1-3-878x1024.jpg 878w, https:\/\/www.elementvape.de\/wp-content\/uploads\/2024\/09\/1-3-768x896.jpg 768w, https:\/\/www.elementvape.de\/wp-content\/uploads\/2024\/09\/1-3-1317x1536.jpg 1317w, https:\/\/www.elementvape.de\/wp-content\/uploads\/2024\/09\/1-3-1755x2048.jpg 1755w, https:\/\/www.elementvape.de\/wp-content\/uploads\/2024\/09\/1-3-600x700.jpg 600w\" sizes=\"(max-width: 288px) 100vw, 288px\" \/><\/p>\n<p>Equipado con una bater\u00eda de 650mAh que se carga mediante un puerto Type-C, el WASPE 15000 PUFFS no solo ofrece una larga duraci\u00f3n de uso, sino tambi\u00e9n una carga r\u00e1pida y sencilla. La pantalla integrada muestra el nivel de bater\u00eda y la cantidad restante de e-l\u00edquido, garantizando un uso c\u00f3modo. Su dise\u00f1o compacto y ergon\u00f3mico hace que este cigarrillo electr\u00f3nico sea una opci\u00f3n ideal para llevar y para el uso diario.<\/p>\n<p>La disponibilidad libre de impuestos del WASPE 15000 PUFFS E-Cigarrillo de Frutas Mixtas es una gran ventaja para los comerciantes, ya que reduce significativamente los costos de importaci\u00f3n. Esto le permite ofrecer el producto a precios muy competitivos y, al mismo tiempo, maximizar sus m\u00e1rgenes de ganancia. Con precios mayoristas excelentes, puede ofrecer a sus clientes un producto de primera calidad a un precio atractivo, lo que aumentar\u00e1 tanto sus ventas como la satisfacci\u00f3n de sus clientes.<\/p>\n<p>El WASPE 15000 PUFFS E-Cigarrillo de Frutas Mixtas es la elecci\u00f3n perfecta para todos los que disfrutan del sabor rico y frutal de las bayas. Gracias a la combinaci\u00f3n de sabores intensos, rendimiento duradero y tecnolog\u00eda f\u00e1cil de usar, este producto ofrece una experiencia de vaporizaci\u00f3n excepcional. La entrega sin impuestos y los precios mayoristas atractivos tambi\u00e9n lo convierten en una opci\u00f3n de primera para los comerciantes que desean ampliar su cat\u00e1logo y ofrecer a sus clientes un producto premium.<\/p>\n<\/div>\n<\/div>\n<\/div>\n<\/div>\n<\/div>\n<\/div>","protected":false},"excerpt":{"rendered":"<p>WASPE 15000 PUFFS Mixed Berries E-Zigarette &#8211; Zollfrei und zu hervorragenden Gro\u00dfhandelspreisen f\u00fcr den perfekten Beerenmix Die WASPE 15000 PUFFS Mixed Berries E-Zigarette ist die ideale Wahl f\u00fcr alle, die den vollen Geschmack eines saftigen Beerenmixes lieben. Diese Einweg E-Zigarette kombiniert die Aromen verschiedener Beeren zu einem harmonischen und intensiven Dampferlebnis, das Ihre Kunden begeistern [&hellip;]<\/p>","protected":false},"featured_media":14111,"template":"","meta":{"inline_featured_image":false},"product_cat":[15,78,735,746,741,733,750,737,736,749,752,756,744,755,738,751,723],"product_tag":[710,674],"tiered_pricing_type":"fixed","tiered_pricing_fixed_rules":[],"tiered_pricing_percentage_rules":[],"tiered_pricing_minimum":1,"_administrator_tiered_pricing_type":"fixed","_administrator_tiered_pricing_fixed_rules":[],"_editor_tiered_pricing_type":"fixed","_editor_tiered_pricing_fixed_rules":[],"_author_tiered_pricing_type":"fixed","_author_tiered_pricing_fixed_rules":[],"_contributor_tiered_pricing_type":"fixed","_contributor_tiered_pricing_fixed_rules":[],"_subscriber_tiered_pricing_type":"fixed","_subscriber_tiered_pricing_fixed_rules":[],"_customer_tiered_pricing_type":"fixed","_customer_tiered_pricing_fixed_rules":[],"_shop_manager_tiered_pricing_type":"fixed","_shop_manager_tiered_pricing_fixed_rules":[],"_wpseo_manager_tiered_pricing_type":"fixed","_wpseo_manager_tiered_pricing_fixed_rules":[],"_wpseo_editor_tiered_pricing_type":"fixed","_wpseo_editor_tiered_pricing_fixed_rules":[],"_wholesale_customer_tiered_pricing_type":"fixed","_wholesale_customer_tiered_pricing_fixed_rules":[],"_marketer_tiered_pricing_type":"fixed","_marketer_tiered_pricing_fixed_rules":[],"_sales_manager_tiered_pricing_type":"fixed","_sales_manager_tiered_pricing_fixed_rules":[],"_sales_rep_tiered_pricing_type":"fixed","_sales_rep_tiered_pricing_fixed_rules":[],"yoast_head":"<!-- This site is optimized with the Yoast SEO plugin v23.3 - https:\/\/yoast.com\/wordpress\/plugins\/seo\/ -->\n<title>WASPE 15000 PUFFS Mixed Berries E-Zigarette Zollfrei und zu hervorragenden Gro\u00dfhandelspreisen f\u00fcr den perfekten Beerenmix | ElementVape.de<\/title>\n<meta name=\"description\" content=\"Wir bieten WASPE 15000 PUFFS Mixed Berries E-Zigarette Zollfrei und zu hervorragenden Gro\u00dfhandelspreisen f\u00fcr den perfekten Beerenmix , Elementvape.de akzeptieren Gro\u00df-und Einzelhandel Bestellungen.\" \/>\n<meta name=\"robots\" content=\"index, follow, max-snippet:-1, max-image-preview:large, max-video-preview:-1\" \/>\n<link rel=\"canonical\" href=\"https:\/\/www.elementvape.de\/es\/produkt\/waspe-15000-puffs-mixed-berries-e-zigarette-zollfrei-und-zu-hervorragenden-grosshandelspreisen-fuer-den-perfekten-beerenmix\/\" \/>\n<meta property=\"og:locale\" content=\"es_ES\" \/>\n<meta property=\"og:type\" content=\"article\" \/>\n<meta property=\"og:title\" content=\"WASPE 15000 PUFFS Mixed Berries E-Zigarette Zollfrei und zu hervorragenden Gro\u00dfhandelspreisen f\u00fcr den perfekten Beerenmix | ElementVape.de\" \/>\n<meta property=\"og:description\" content=\"Wir bieten WASPE 15000 PUFFS Mixed Berries E-Zigarette Zollfrei und zu hervorragenden Gro\u00dfhandelspreisen f\u00fcr den perfekten Beerenmix , Elementvape.de akzeptieren Gro\u00df-und Einzelhandel Bestellungen.\" \/>\n<meta property=\"og:url\" content=\"https:\/\/www.elementvape.de\/es\/produkt\/waspe-15000-puffs-mixed-berries-e-zigarette-zollfrei-und-zu-hervorragenden-grosshandelspreisen-fuer-den-perfekten-beerenmix\/\" \/>\n<meta property=\"og:site_name\" content=\"ElementVape.de\" \/>\n<meta property=\"article:modified_time\" content=\"2024-10-15T03:05:46+00:00\" \/>\n<meta property=\"og:image\" content=\"https:\/\/www.elementvape.de\/wp-content\/uploads\/2024\/09\/green-apple-watermelon-ice.jpg\" \/>\n\t<meta property=\"og:image:width\" content=\"2000\" \/>\n\t<meta property=\"og:image:height\" content=\"2000\" \/>\n\t<meta property=\"og:image:type\" content=\"image\/jpeg\" \/>\n<meta name=\"twitter:card\" content=\"summary_large_image\" \/>\n<meta name=\"twitter:label1\" content=\"Est. reading time\" \/>\n\t<meta name=\"twitter:data1\" content=\"4 minutos\" \/>\n<script type=\"application\/ld+json\" class=\"yoast-schema-graph\">{\"@context\":\"https:\/\/schema.org\",\"@graph\":[{\"@type\":\"WebPage\",\"@id\":\"https:\/\/www.elementvape.de\/pl\/produkt\/waspe-15000-puffs-mixed-berries-e-zigarette-zollfrei-und-zu-hervorragenden-grosshandelspreisen-fuer-den-perfekten-beerenmix\/\",\"url\":\"https:\/\/www.elementvape.de\/pl\/produkt\/waspe-15000-puffs-mixed-berries-e-zigarette-zollfrei-und-zu-hervorragenden-grosshandelspreisen-fuer-den-perfekten-beerenmix\/\",\"name\":\"WASPE 15000 PUFFS Mixed Berries E-Zigarette Zollfrei und zu hervorragenden Gro\u00dfhandelspreisen f\u00fcr den perfekten Beerenmix | ElementVape.de\",\"isPartOf\":{\"@id\":\"https:\/\/www.elementvape.de\/#website\"},\"primaryImageOfPage\":{\"@id\":\"https:\/\/www.elementvape.de\/pl\/produkt\/waspe-15000-puffs-mixed-berries-e-zigarette-zollfrei-und-zu-hervorragenden-grosshandelspreisen-fuer-den-perfekten-beerenmix\/#primaryimage\"},\"image\":{\"@id\":\"https:\/\/www.elementvape.de\/pl\/produkt\/waspe-15000-puffs-mixed-berries-e-zigarette-zollfrei-und-zu-hervorragenden-grosshandelspreisen-fuer-den-perfekten-beerenmix\/#primaryimage\"},\"thumbnailUrl\":\"https:\/\/www.elementvape.de\/wp-content\/uploads\/2024\/09\/green-apple-watermelon-ice.jpg\",\"datePublished\":\"2024-09-02T09:51:56+00:00\",\"dateModified\":\"2024-10-15T03:05:46+00:00\",\"description\":\"Wir bieten WASPE 15000 PUFFS Mixed Berries E-Zigarette Zollfrei und zu hervorragenden Gro\u00dfhandelspreisen f\u00fcr den perfekten Beerenmix , Elementvape.de akzeptieren Gro\u00df-und Einzelhandel Bestellungen.\",\"breadcrumb\":{\"@id\":\"https:\/\/www.elementvape.de\/pl\/produkt\/waspe-15000-puffs-mixed-berries-e-zigarette-zollfrei-und-zu-hervorragenden-grosshandelspreisen-fuer-den-perfekten-beerenmix\/#breadcrumb\"},\"inLanguage\":\"es\",\"potentialAction\":[{\"@type\":\"ReadAction\",\"target\":[\"https:\/\/www.elementvape.de\/pl\/produkt\/waspe-15000-puffs-mixed-berries-e-zigarette-zollfrei-und-zu-hervorragenden-grosshandelspreisen-fuer-den-perfekten-beerenmix\/\"]}]},{\"@type\":\"ImageObject\",\"inLanguage\":\"es\",\"@id\":\"https:\/\/www.elementvape.de\/pl\/produkt\/waspe-15000-puffs-mixed-berries-e-zigarette-zollfrei-und-zu-hervorragenden-grosshandelspreisen-fuer-den-perfekten-beerenmix\/#primaryimage\",\"url\":\"https:\/\/www.elementvape.de\/wp-content\/uploads\/2024\/09\/green-apple-watermelon-ice.jpg\",\"contentUrl\":\"https:\/\/www.elementvape.de\/wp-content\/uploads\/2024\/09\/green-apple-watermelon-ice.jpg\",\"width\":2000,\"height\":2000,\"caption\":\"green apple watermelon ice\"},{\"@type\":\"BreadcrumbList\",\"@id\":\"https:\/\/www.elementvape.de\/pl\/produkt\/waspe-15000-puffs-mixed-berries-e-zigarette-zollfrei-und-zu-hervorragenden-grosshandelspreisen-fuer-den-perfekten-beerenmix\/#breadcrumb\",\"itemListElement\":[{\"@type\":\"ListItem\",\"position\":1,\"name\":\"Home\",\"item\":\"https:\/\/www.elementvape.de\/\"},{\"@type\":\"ListItem\",\"position\":2,\"name\":\"Shop\",\"item\":\"https:\/\/www.elementvape.de\/shop\/\"},{\"@type\":\"ListItem\",\"position\":3,\"name\":\"WASPE 15000 PUFFS Mixed Berries E-Zigarette Zollfrei und zu hervorragenden Gro\u00dfhandelspreisen f\u00fcr den perfekten Beerenmix\"}]},{\"@type\":\"WebSite\",\"@id\":\"https:\/\/www.elementvape.de\/#website\",\"url\":\"https:\/\/www.elementvape.de\/\",\"name\":\"ElementVape.de\",\"description\":\"\",\"publisher\":{\"@id\":\"https:\/\/www.elementvape.de\/#organization\"},\"potentialAction\":[{\"@type\":\"SearchAction\",\"target\":{\"@type\":\"EntryPoint\",\"urlTemplate\":\"https:\/\/www.elementvape.de\/?s={search_term_string}\"},\"query-input\":\"required name=search_term_string\"}],\"inLanguage\":\"es\"},{\"@type\":\"Organization\",\"@id\":\"https:\/\/www.elementvape.de\/#organization\",\"name\":\"ElementVape.DE\",\"url\":\"https:\/\/www.elementvape.de\/\",\"logo\":{\"@type\":\"ImageObject\",\"inLanguage\":\"es\",\"@id\":\"https:\/\/www.elementvape.de\/#\/schema\/logo\/image\/\",\"url\":\"https:\/\/www.elementvape.de\/wp-content\/uploads\/2024\/09\/cropped-1elementvape-3.png\",\"contentUrl\":\"https:\/\/www.elementvape.de\/wp-content\/uploads\/2024\/09\/cropped-1elementvape-3.png\",\"width\":285,\"height\":228,\"caption\":\"ElementVape.DE\"},\"image\":{\"@id\":\"https:\/\/www.elementvape.de\/#\/schema\/logo\/image\/\"}}]}<\/script>\n<!-- \/ Yoast SEO plugin. -->","yoast_head_json":{"title":"WASPE 15000 PUFFS Mixed Berries E-Zigarette Zollfrei und zu hervorragenden Gro\u00dfhandelspreisen f\u00fcr den perfekten Beerenmix | ElementVape.de","description":"Wir bieten WASPE 15000 PUFFS Mixed Berries E-Zigarette Zollfrei und zu hervorragenden Gro\u00dfhandelspreisen f\u00fcr den perfekten Beerenmix , Elementvape.de akzeptieren Gro\u00df-und Einzelhandel Bestellungen.","robots":{"index":"index","follow":"follow","max-snippet":"max-snippet:-1","max-image-preview":"max-image-preview:large","max-video-preview":"max-video-preview:-1"},"canonical":"https:\/\/www.elementvape.de\/es\/produkt\/waspe-15000-puffs-mixed-berries-e-zigarette-zollfrei-und-zu-hervorragenden-grosshandelspreisen-fuer-den-perfekten-beerenmix\/","og_locale":"es_ES","og_type":"article","og_title":"WASPE 15000 PUFFS Mixed Berries E-Zigarette Zollfrei und zu hervorragenden Gro\u00dfhandelspreisen f\u00fcr den perfekten Beerenmix | ElementVape.de","og_description":"Wir bieten WASPE 15000 PUFFS Mixed Berries E-Zigarette Zollfrei und zu hervorragenden Gro\u00dfhandelspreisen f\u00fcr den perfekten Beerenmix , Elementvape.de akzeptieren Gro\u00df-und Einzelhandel Bestellungen.","og_url":"https:\/\/www.elementvape.de\/es\/produkt\/waspe-15000-puffs-mixed-berries-e-zigarette-zollfrei-und-zu-hervorragenden-grosshandelspreisen-fuer-den-perfekten-beerenmix\/","og_site_name":"ElementVape.de","article_modified_time":"2024-10-15T03:05:46+00:00","og_image":[{"width":2000,"height":2000,"url":"https:\/\/www.elementvape.de\/wp-content\/uploads\/2024\/09\/green-apple-watermelon-ice.jpg","type":"image\/jpeg"}],"twitter_card":"summary_large_image","twitter_misc":{"Est. reading time":"4 minutos"},"schema":{"@context":"https:\/\/schema.org","@graph":[{"@type":"WebPage","@id":"https:\/\/www.elementvape.de\/pl\/produkt\/waspe-15000-puffs-mixed-berries-e-zigarette-zollfrei-und-zu-hervorragenden-grosshandelspreisen-fuer-den-perfekten-beerenmix\/","url":"https:\/\/www.elementvape.de\/pl\/produkt\/waspe-15000-puffs-mixed-berries-e-zigarette-zollfrei-und-zu-hervorragenden-grosshandelspreisen-fuer-den-perfekten-beerenmix\/","name":"WASPE 15000 PUFFS Mixed Berries E-Zigarette Zollfrei und zu hervorragenden Gro\u00dfhandelspreisen f\u00fcr den perfekten Beerenmix | ElementVape.de","isPartOf":{"@id":"https:\/\/www.elementvape.de\/#website"},"primaryImageOfPage":{"@id":"https:\/\/www.elementvape.de\/pl\/produkt\/waspe-15000-puffs-mixed-berries-e-zigarette-zollfrei-und-zu-hervorragenden-grosshandelspreisen-fuer-den-perfekten-beerenmix\/#primaryimage"},"image":{"@id":"https:\/\/www.elementvape.de\/pl\/produkt\/waspe-15000-puffs-mixed-berries-e-zigarette-zollfrei-und-zu-hervorragenden-grosshandelspreisen-fuer-den-perfekten-beerenmix\/#primaryimage"},"thumbnailUrl":"https:\/\/www.elementvape.de\/wp-content\/uploads\/2024\/09\/green-apple-watermelon-ice.jpg","datePublished":"2024-09-02T09:51:56+00:00","dateModified":"2024-10-15T03:05:46+00:00","description":"Wir bieten WASPE 15000 PUFFS Mixed Berries E-Zigarette Zollfrei und zu hervorragenden Gro\u00dfhandelspreisen f\u00fcr den perfekten Beerenmix , Elementvape.de akzeptieren Gro\u00df-und Einzelhandel Bestellungen.","breadcrumb":{"@id":"https:\/\/www.elementvape.de\/pl\/produkt\/waspe-15000-puffs-mixed-berries-e-zigarette-zollfrei-und-zu-hervorragenden-grosshandelspreisen-fuer-den-perfekten-beerenmix\/#breadcrumb"},"inLanguage":"es","potentialAction":[{"@type":"ReadAction","target":["https:\/\/www.elementvape.de\/pl\/produkt\/waspe-15000-puffs-mixed-berries-e-zigarette-zollfrei-und-zu-hervorragenden-grosshandelspreisen-fuer-den-perfekten-beerenmix\/"]}]},{"@type":"ImageObject","inLanguage":"es","@id":"https:\/\/www.elementvape.de\/pl\/produkt\/waspe-15000-puffs-mixed-berries-e-zigarette-zollfrei-und-zu-hervorragenden-grosshandelspreisen-fuer-den-perfekten-beerenmix\/#primaryimage","url":"https:\/\/www.elementvape.de\/wp-content\/uploads\/2024\/09\/green-apple-watermelon-ice.jpg","contentUrl":"https:\/\/www.elementvape.de\/wp-content\/uploads\/2024\/09\/green-apple-watermelon-ice.jpg","width":2000,"height":2000,"caption":"green apple watermelon ice"},{"@type":"BreadcrumbList","@id":"https:\/\/www.elementvape.de\/pl\/produkt\/waspe-15000-puffs-mixed-berries-e-zigarette-zollfrei-und-zu-hervorragenden-grosshandelspreisen-fuer-den-perfekten-beerenmix\/#breadcrumb","itemListElement":[{"@type":"ListItem","position":1,"name":"Home","item":"https:\/\/www.elementvape.de\/"},{"@type":"ListItem","position":2,"name":"Shop","item":"https:\/\/www.elementvape.de\/shop\/"},{"@type":"ListItem","position":3,"name":"WASPE 15000 PUFFS Mixed Berries E-Zigarette Zollfrei und zu hervorragenden Gro\u00dfhandelspreisen f\u00fcr den perfekten Beerenmix"}]},{"@type":"WebSite","@id":"https:\/\/www.elementvape.de\/#website","url":"https:\/\/www.elementvape.de\/","name":"ElementVape.de","description":"","publisher":{"@id":"https:\/\/www.elementvape.de\/#organization"},"potentialAction":[{"@type":"SearchAction","target":{"@type":"EntryPoint","urlTemplate":"https:\/\/www.elementvape.de\/?s={search_term_string}"},"query-input":"required name=search_term_string"}],"inLanguage":"es"},{"@type":"Organization","@id":"https:\/\/www.elementvape.de\/#organization","name":"ElementVape.DE","url":"https:\/\/www.elementvape.de\/","logo":{"@type":"ImageObject","inLanguage":"es","@id":"https:\/\/www.elementvape.de\/#\/schema\/logo\/image\/","url":"https:\/\/www.elementvape.de\/wp-content\/uploads\/2024\/09\/cropped-1elementvape-3.png","contentUrl":"https:\/\/www.elementvape.de\/wp-content\/uploads\/2024\/09\/cropped-1elementvape-3.png","width":285,"height":228,"caption":"ElementVape.DE"},"image":{"@id":"https:\/\/www.elementvape.de\/#\/schema\/logo\/image\/"}}]}},"_links":{"self":[{"href":"https:\/\/www.elementvape.de\/es\/wp-json\/wp\/v2\/product\/14110"}],"collection":[{"href":"https:\/\/www.elementvape.de\/es\/wp-json\/wp\/v2\/product"}],"about":[{"href":"https:\/\/www.elementvape.de\/es\/wp-json\/wp\/v2\/types\/product"}],"wp:featuredmedia":[{"embeddable":true,"href":"https:\/\/www.elementvape.de\/es\/wp-json\/wp\/v2\/media\/14111"}],"wp:attachment":[{"href":"https:\/\/www.elementvape.de\/es\/wp-json\/wp\/v2\/media?parent=14110"}],"wp:term":[{"taxonomy":"product_cat","embeddable":true,"href":"https:\/\/www.elementvape.de\/es\/wp-json\/wp\/v2\/product_cat?post=14110"},{"taxonomy":"product_tag","embeddable":true,"href":"https:\/\/www.elementvape.de\/es\/wp-json\/wp\/v2\/product_tag?post=14110"}],"curies":[{"name":"wp","href":"https:\/\/api.w.org\/{rel}","templated":true}]}}