{"id":14087,"date":"2024-08-31T07:43:59","date_gmt":"2024-08-31T07:43:59","guid":{"rendered":"https:\/\/www.elementvape.de\/?post_type=product&#038;p=14087"},"modified":"2024-10-15T03:14:27","modified_gmt":"2024-10-15T03:14:27","slug":"zollfreie-frische-waspe-8000-puffs-strawberry-mango-e-zigarette-jetzt-zum-besten-grosshandelspreis-fuer-ultimativen-erdbeer-mango-genuss","status":"publish","type":"product","link":"https:\/\/www.elementvape.de\/es\/produkt\/zollfreie-frische-waspe-8000-puffs-strawberry-mango-e-zigarette-jetzt-zum-besten-grosshandelspreis-fuer-ultimativen-erdbeer-mango-genuss\/","title":{"rendered":"Frescura libre de impuestos WASPE 8000 CALADAS Cigarrillo electr\u00f3nico de fresa y mango ahora al mejor precio mayorista para un disfrute definitivo de fresa y mango"},"content":{"rendered":"<div class=\"flex-shrink-0 flex flex-col relative items-end\">\n<div>\n<div class=\"pt-0\">\n<div class=\"gizmo-bot-avatar flex h-8 w-8 items-center justify-center overflow-hidden rounded-full\">\n<h2 class=\"relative p-1 rounded-sm flex items-center justify-center bg-token-main-surface-primary text-token-text-primary h-8 w-8\">Frescura libre de impuestos con el cigarrillo electr\u00f3nico WASPE 8000 PUFFS Strawberry Mango \u2013 Ahora al mejor precio al por mayor para un m\u00e1ximo disfrute de fresa y mango<\/h2>\n<div><\/div>\n<\/div>\n<\/div>\n<\/div>\n<\/div>\n<div class=\"group\/conversation-turn relative flex w-full min-w-0 flex-col agent-turn\">\n<div class=\"flex-col gap-1 md:gap-3\">\n<div class=\"flex max-w-full flex-col flex-grow\">\n<div class=\"min-h-[20px] text-message flex w-full flex-col items-end gap-2 break-words [.text-message+&amp;]:mt-5 overflow-x-auto whitespace-normal\" dir=\"auto\" data-message-author-role=\"assistant\" data-message-id=\"eec96cae-7338-4ed3-88b3-3cc42fe3f307\">\n<div class=\"flex w-full flex-col gap-1 empty:hidden first:pt-[3px]\">\n<div class=\"markdown prose w-full break-words dark:prose-invert light\">\n<p>El cigarrillo electr\u00f3nico WASPE 8000 PUFFS Strawberry Mango combina el jugoso aroma de fresas frescas con la ex\u00f3tica dulzura de mangos maduros para crear una experiencia de sabor irresistible. Esta combinaci\u00f3n de frescura y frutosidad hace que el cigarrillo electr\u00f3nico sea una elecci\u00f3n perfecta para todos aquellos que aman los aromas extraordinarios. Los mayoristas pueden beneficiarse de ventajas libres de impuestos y atractivos precios al por mayor, mientras ofrecen a sus clientes un producto de alta calidad y sabor \u00fanico.<\/p>\n<h3>Strawberry Mango \u2013 Una fusi\u00f3n frutal de primera clase<\/h3>\n<p>La principal atracci\u00f3n del cigarrillo electr\u00f3nico WASPE 8000 PUFFS Strawberry Mango es la mezcla perfectamente equilibrada de fresas dulces y mango tropical. Esta combinaci\u00f3n de sabores proporciona una experiencia de vapeo intensa y refrescante al mismo tiempo, que es a la vez afrutada y ex\u00f3tica. Cada calada ofrece la dulzura natural de la fresa, que se fusiona armoniosamente con la nota jugosa y ligeramente \u00e1cida del mango.<\/p>\n<p>El aroma de Strawberry Mango atrae especialmente a los vapeadores que tienen predilecci\u00f3n por los sabores afrutados, pero que tambi\u00e9n aprecian un toque ex\u00f3tico. Esta mezcla \u00fanica hace que vapear sea un verdadero placer y ofrece una alternativa variada a los aromas convencionales de cigarrillos electr\u00f3nicos.<\/p>\n<h3>8000 caladas para un disfrute duradero<\/h3>\n<p>El WASPE 8000 PUFFS Strawberry Mango <strong><a href=\"https:\/\/www.elementvape.de\/es\/\" target=\"_blank\" rel=\"noopener\">Cigarrillo Electr\u00f3nico<\/a><\/strong> ofrece con sus 8000 caladas una vida \u00fatil excepcionalmente larga, que garantiza una experiencia de vapeo continua e intensa. Con un generoso tanque de e-l\u00edquido de 16 ml, se asegura que el delicioso sabor a fresa y mango se mantenga constante durante un largo per\u00edodo de tiempo. Esto significa que el cigarrillo electr\u00f3nico es ideal para el uso regular, sin necesidad de recargas frecuentes.<\/p>\n<p>Para los mayoristas, esta alta capacidad de caladas es particularmente ventajosa, ya que pueden ofrecer a sus clientes un producto duradero y fiable. El cigarrillo electr\u00f3nico WASPE Strawberry Mango convence por su resistencia y la calidad constante de la experiencia de vapeo.<\/p>\n<h3>Tecnolog\u00eda de \u00faltima generaci\u00f3n para una experiencia de vapeo perfecta<\/h3>\n<p>El cigarrillo electr\u00f3nico WASPE 8000 PUFFS Strawberry Mango est\u00e1 equipado con la innovadora tecnolog\u00eda de resistencia de malla de 0,8\u03a9, que garantiza un calentamiento uniforme del e-l\u00edquido. Esta tecnolog\u00eda garantiza un desarrollo \u00f3ptimo del sabor, en el que el afrutado aroma de fresa y mango se aprecia plenamente en cada calada. La resistencia de malla tambi\u00e9n proporciona una densa producci\u00f3n de vapor, que intensifica la experiencia de vapeo.<\/p>\n<p>Un puerto de carga Type-C permite una carga r\u00e1pida y eficiente de la bater\u00eda de 650mAh, de modo que el cigarrillo electr\u00f3nico est\u00e1 siempre listo para usar. Este manejo f\u00e1cil de usar, junto con la avanzada tecnolog\u00eda, hace que el WASPE 8000 PUFFS Strawberry Mango sea una opci\u00f3n ideal tanto para vapeadores experimentados <strong><a href=\"https:\/\/www.elementvape.de\/es\/\">Dampers<\/a><\/strong> como para principiantes.<\/p>\n<h3>Precios mayoristas atractivos y env\u00edo libre de impuestos<\/h3>\n<p>Para los mayoristas, el cigarrillo electr\u00f3nico WASPE 8000 PUFFS Strawberry Mango no s\u00f3lo ofrece un producto excepcional, sino tambi\u00e9n ventajas econ\u00f3micas. Gracias a la entrega libre de impuestos, los comerciantes pueden reducir sus costes de compra y ofrecer a sus clientes un producto de primera clase a precios competitivos. Estos ahorros permiten maximizar los m\u00e1rgenes de beneficio y, al mismo tiempo, comercializar un producto de la m\u00e1s alta calidad.<\/p>\n<p>Los atractivos precios al por mayor facilitan a los comerciantes la reposici\u00f3n de sus existencias y la oferta de un producto que convence tanto en t\u00e9rminos de sabor como de rentabilidad. Esta combinaci\u00f3n de calidad y ventajas de precio hace que el cigarrillo electr\u00f3nico WASPE 8000 PUFFS Strawberry Mango sea una excelente inversi\u00f3n.<\/p>\n<h3>Frescura afrutada con un toque ex\u00f3tico<\/h3>\n<p>El WASPE 8000 PUFFS Strawberry Mango <strong><a href=\"https:\/\/www.elementvape.de\/es\/c\/einweg-zigarette\/\" target=\"_blank\" rel=\"noopener\">Cigarrillo electr\u00f3nico desechable<\/a><\/strong> ofrece una experiencia de vapeo \u00fanica, que se caracteriza por la armoniosa combinaci\u00f3n de fresas dulces y mango ex\u00f3tico. Con su alta capacidad de caladas, la avanzada tecnolog\u00eda de resistencia de malla y el manejo f\u00e1cil de usar, ofrece todo lo que los vapeadores esperan de un cigarrillo electr\u00f3nico de primera clase.<\/p>\n<p>Para los mayoristas, este producto no s\u00f3lo representa un enriquecimiento del sabor, sino que tambi\u00e9n ofrece importantes ventajas econ\u00f3micas gracias a la entrega libre de impuestos y a los atractivos precios al por mayor. Aseg\u00farese ahora el cigarrillo electr\u00f3nico WASPE 8000 PUFFS Strawberry Mango y experimente la fusi\u00f3n perfecta de fresas y mango \u2013 un sabor que encantar\u00e1 a sus clientes.<\/p>\n<\/div>\n<\/div>\n<\/div>\n<\/div>\n<\/div>\n<\/div>","protected":false},"excerpt":{"rendered":"<p>Zollfreie Frische mit der WASPE 8000 PUFFS Strawberry Mango E-Zigarette \u2013 Jetzt zum besten Gro\u00dfhandelspreis f\u00fcr ultimativen Erdbeer-Mango-Genuss Die WASPE 8000 PUFFS Strawberry Mango E-Zigarette vereint das saftige Aroma frischer Erdbeeren mit der exotischen S\u00fc\u00dfe von reifen Mangos zu einem unwiderstehlichen Geschmackserlebnis. Diese Kombination aus Frische und Fruchtigkeit macht die E-Zigarette zu einer perfekten Wahl [&hellip;]<\/p>","protected":false},"featured_media":14088,"template":"","meta":{"inline_featured_image":false},"product_cat":[15,78,735,746,741,733,750,737,736,749,752,756,744,755,738,751,727],"product_tag":[710,683],"tiered_pricing_type":"fixed","tiered_pricing_fixed_rules":[],"tiered_pricing_percentage_rules":[],"tiered_pricing_minimum":1,"_administrator_tiered_pricing_type":"fixed","_administrator_tiered_pricing_fixed_rules":[],"_editor_tiered_pricing_type":"fixed","_editor_tiered_pricing_fixed_rules":[],"_author_tiered_pricing_type":"fixed","_author_tiered_pricing_fixed_rules":[],"_contributor_tiered_pricing_type":"fixed","_contributor_tiered_pricing_fixed_rules":[],"_subscriber_tiered_pricing_type":"fixed","_subscriber_tiered_pricing_fixed_rules":[],"_customer_tiered_pricing_type":"fixed","_customer_tiered_pricing_fixed_rules":[],"_shop_manager_tiered_pricing_type":"fixed","_shop_manager_tiered_pricing_fixed_rules":[],"_wpseo_manager_tiered_pricing_type":"fixed","_wpseo_manager_tiered_pricing_fixed_rules":[],"_wpseo_editor_tiered_pricing_type":"fixed","_wpseo_editor_tiered_pricing_fixed_rules":[],"_wholesale_customer_tiered_pricing_type":"fixed","_wholesale_customer_tiered_pricing_fixed_rules":[],"_marketer_tiered_pricing_type":"fixed","_marketer_tiered_pricing_fixed_rules":[],"_sales_manager_tiered_pricing_type":"fixed","_sales_manager_tiered_pricing_fixed_rules":[],"_sales_rep_tiered_pricing_type":"fixed","_sales_rep_tiered_pricing_fixed_rules":[],"yoast_head":"<!-- This site is optimized with the Yoast SEO plugin v23.3 - https:\/\/yoast.com\/wordpress\/plugins\/seo\/ -->\n<title>Zollfreie Frische WASPE 8000 PUFFS Strawberry Mango E-Zigarette jetzt zum besten Gro\u00dfhandelspreis f\u00fcr ultimativen Erdbeer Mango Genuss | ElementVape.de<\/title>\n<meta name=\"description\" content=\"Wir bieten Zollfreie Frische WASPE 8000 PUFFS Strawberry Mango E-Zigarette jetzt zum besten Gro\u00dfhandelspreis f\u00fcr ultimativen Erdbeer Mango Genuss , Elementvape.de akzeptieren Gro\u00df-und Einzelhandel Bestellungen.\" \/>\n<meta name=\"robots\" content=\"index, follow, max-snippet:-1, max-image-preview:large, max-video-preview:-1\" \/>\n<link rel=\"canonical\" href=\"https:\/\/www.elementvape.de\/es\/produkt\/zollfreie-frische-waspe-8000-puffs-strawberry-mango-e-zigarette-jetzt-zum-besten-grosshandelspreis-fuer-ultimativen-erdbeer-mango-genuss\/\" \/>\n<meta property=\"og:locale\" content=\"es_ES\" \/>\n<meta property=\"og:type\" content=\"article\" \/>\n<meta property=\"og:title\" content=\"Zollfreie Frische WASPE 8000 PUFFS Strawberry Mango E-Zigarette jetzt zum besten Gro\u00dfhandelspreis f\u00fcr ultimativen Erdbeer Mango Genuss | ElementVape.de\" \/>\n<meta property=\"og:description\" content=\"Wir bieten Zollfreie Frische WASPE 8000 PUFFS Strawberry Mango E-Zigarette jetzt zum besten Gro\u00dfhandelspreis f\u00fcr ultimativen Erdbeer Mango Genuss , Elementvape.de akzeptieren Gro\u00df-und Einzelhandel Bestellungen.\" \/>\n<meta property=\"og:url\" content=\"https:\/\/www.elementvape.de\/es\/produkt\/zollfreie-frische-waspe-8000-puffs-strawberry-mango-e-zigarette-jetzt-zum-besten-grosshandelspreis-fuer-ultimativen-erdbeer-mango-genuss\/\" \/>\n<meta property=\"og:site_name\" content=\"ElementVape.de\" \/>\n<meta property=\"article:modified_time\" content=\"2024-10-15T03:14:27+00:00\" \/>\n<meta property=\"og:image\" content=\"https:\/\/www.elementvape.de\/wp-content\/uploads\/2024\/08\/STRAWBERRY-MANGO-2.jpg\" \/>\n\t<meta property=\"og:image:width\" content=\"800\" \/>\n\t<meta property=\"og:image:height\" content=\"800\" \/>\n\t<meta property=\"og:image:type\" content=\"image\/jpeg\" \/>\n<meta name=\"twitter:card\" content=\"summary_large_image\" \/>\n<meta name=\"twitter:label1\" content=\"Est. reading time\" \/>\n\t<meta name=\"twitter:data1\" content=\"4 minutos\" \/>\n<script type=\"application\/ld+json\" class=\"yoast-schema-graph\">{\"@context\":\"https:\/\/schema.org\",\"@graph\":[{\"@type\":\"WebPage\",\"@id\":\"https:\/\/www.elementvape.de\/produkt\/zollfreie-frische-waspe-8000-puffs-strawberry-mango-e-zigarette-jetzt-zum-besten-grosshandelspreis-fuer-ultimativen-erdbeer-mango-genuss\/\",\"url\":\"https:\/\/www.elementvape.de\/produkt\/zollfreie-frische-waspe-8000-puffs-strawberry-mango-e-zigarette-jetzt-zum-besten-grosshandelspreis-fuer-ultimativen-erdbeer-mango-genuss\/\",\"name\":\"Zollfreie Frische WASPE 8000 PUFFS Strawberry Mango E-Zigarette jetzt zum besten Gro\u00dfhandelspreis f\u00fcr ultimativen Erdbeer Mango Genuss | ElementVape.de\",\"isPartOf\":{\"@id\":\"https:\/\/www.elementvape.de\/#website\"},\"primaryImageOfPage\":{\"@id\":\"https:\/\/www.elementvape.de\/produkt\/zollfreie-frische-waspe-8000-puffs-strawberry-mango-e-zigarette-jetzt-zum-besten-grosshandelspreis-fuer-ultimativen-erdbeer-mango-genuss\/#primaryimage\"},\"image\":{\"@id\":\"https:\/\/www.elementvape.de\/produkt\/zollfreie-frische-waspe-8000-puffs-strawberry-mango-e-zigarette-jetzt-zum-besten-grosshandelspreis-fuer-ultimativen-erdbeer-mango-genuss\/#primaryimage\"},\"thumbnailUrl\":\"https:\/\/www.elementvape.de\/wp-content\/uploads\/2024\/08\/STRAWBERRY-MANGO-2.jpg\",\"datePublished\":\"2024-08-31T07:43:59+00:00\",\"dateModified\":\"2024-10-15T03:14:27+00:00\",\"description\":\"Wir bieten Zollfreie Frische WASPE 8000 PUFFS Strawberry Mango E-Zigarette jetzt zum besten Gro\u00dfhandelspreis f\u00fcr ultimativen Erdbeer Mango Genuss , Elementvape.de akzeptieren Gro\u00df-und Einzelhandel Bestellungen.\",\"breadcrumb\":{\"@id\":\"https:\/\/www.elementvape.de\/produkt\/zollfreie-frische-waspe-8000-puffs-strawberry-mango-e-zigarette-jetzt-zum-besten-grosshandelspreis-fuer-ultimativen-erdbeer-mango-genuss\/#breadcrumb\"},\"inLanguage\":\"es\",\"potentialAction\":[{\"@type\":\"ReadAction\",\"target\":[\"https:\/\/www.elementvape.de\/produkt\/zollfreie-frische-waspe-8000-puffs-strawberry-mango-e-zigarette-jetzt-zum-besten-grosshandelspreis-fuer-ultimativen-erdbeer-mango-genuss\/\"]}]},{\"@type\":\"ImageObject\",\"inLanguage\":\"es\",\"@id\":\"https:\/\/www.elementvape.de\/produkt\/zollfreie-frische-waspe-8000-puffs-strawberry-mango-e-zigarette-jetzt-zum-besten-grosshandelspreis-fuer-ultimativen-erdbeer-mango-genuss\/#primaryimage\",\"url\":\"https:\/\/www.elementvape.de\/wp-content\/uploads\/2024\/08\/STRAWBERRY-MANGO-2.jpg\",\"contentUrl\":\"https:\/\/www.elementvape.de\/wp-content\/uploads\/2024\/08\/STRAWBERRY-MANGO-2.jpg\",\"width\":800,\"height\":800,\"caption\":\"STRAWBERRY MANGO\"},{\"@type\":\"BreadcrumbList\",\"@id\":\"https:\/\/www.elementvape.de\/produkt\/zollfreie-frische-waspe-8000-puffs-strawberry-mango-e-zigarette-jetzt-zum-besten-grosshandelspreis-fuer-ultimativen-erdbeer-mango-genuss\/#breadcrumb\",\"itemListElement\":[{\"@type\":\"ListItem\",\"position\":1,\"name\":\"Home\",\"item\":\"https:\/\/www.elementvape.de\/\"},{\"@type\":\"ListItem\",\"position\":2,\"name\":\"Shop\",\"item\":\"https:\/\/www.elementvape.de\/shop\/\"},{\"@type\":\"ListItem\",\"position\":3,\"name\":\"Zollfreie Frische WASPE 8000 PUFFS Strawberry Mango E-Zigarette jetzt zum besten Gro\u00dfhandelspreis f\u00fcr ultimativen Erdbeer Mango Genuss\"}]},{\"@type\":\"WebSite\",\"@id\":\"https:\/\/www.elementvape.de\/#website\",\"url\":\"https:\/\/www.elementvape.de\/\",\"name\":\"ElementVape.de\",\"description\":\"\",\"publisher\":{\"@id\":\"https:\/\/www.elementvape.de\/#organization\"},\"potentialAction\":[{\"@type\":\"SearchAction\",\"target\":{\"@type\":\"EntryPoint\",\"urlTemplate\":\"https:\/\/www.elementvape.de\/?s={search_term_string}\"},\"query-input\":\"required name=search_term_string\"}],\"inLanguage\":\"es\"},{\"@type\":\"Organization\",\"@id\":\"https:\/\/www.elementvape.de\/#organization\",\"name\":\"ElementVape.DE\",\"url\":\"https:\/\/www.elementvape.de\/\",\"logo\":{\"@type\":\"ImageObject\",\"inLanguage\":\"es\",\"@id\":\"https:\/\/www.elementvape.de\/#\/schema\/logo\/image\/\",\"url\":\"https:\/\/www.elementvape.de\/wp-content\/uploads\/2024\/09\/cropped-1elementvape-3.png\",\"contentUrl\":\"https:\/\/www.elementvape.de\/wp-content\/uploads\/2024\/09\/cropped-1elementvape-3.png\",\"width\":285,\"height\":228,\"caption\":\"ElementVape.DE\"},\"image\":{\"@id\":\"https:\/\/www.elementvape.de\/#\/schema\/logo\/image\/\"}}]}<\/script>\n<!-- \/ Yoast SEO plugin. -->","yoast_head_json":{"title":"Zollfreie Frische WASPE 8000 PUFFS Strawberry Mango E-Zigarette jetzt zum besten Gro\u00dfhandelspreis f\u00fcr ultimativen Erdbeer Mango Genuss | ElementVape.de","description":"Wir bieten Zollfreie Frische WASPE 8000 PUFFS Strawberry Mango E-Zigarette jetzt zum besten Gro\u00dfhandelspreis f\u00fcr ultimativen Erdbeer Mango Genuss , Elementvape.de akzeptieren Gro\u00df-und Einzelhandel Bestellungen.","robots":{"index":"index","follow":"follow","max-snippet":"max-snippet:-1","max-image-preview":"max-image-preview:large","max-video-preview":"max-video-preview:-1"},"canonical":"https:\/\/www.elementvape.de\/es\/produkt\/zollfreie-frische-waspe-8000-puffs-strawberry-mango-e-zigarette-jetzt-zum-besten-grosshandelspreis-fuer-ultimativen-erdbeer-mango-genuss\/","og_locale":"es_ES","og_type":"article","og_title":"Zollfreie Frische WASPE 8000 PUFFS Strawberry Mango E-Zigarette jetzt zum besten Gro\u00dfhandelspreis f\u00fcr ultimativen Erdbeer Mango Genuss | ElementVape.de","og_description":"Wir bieten Zollfreie Frische WASPE 8000 PUFFS Strawberry Mango E-Zigarette jetzt zum besten Gro\u00dfhandelspreis f\u00fcr ultimativen Erdbeer Mango Genuss , Elementvape.de akzeptieren Gro\u00df-und Einzelhandel Bestellungen.","og_url":"https:\/\/www.elementvape.de\/es\/produkt\/zollfreie-frische-waspe-8000-puffs-strawberry-mango-e-zigarette-jetzt-zum-besten-grosshandelspreis-fuer-ultimativen-erdbeer-mango-genuss\/","og_site_name":"ElementVape.de","article_modified_time":"2024-10-15T03:14:27+00:00","og_image":[{"width":800,"height":800,"url":"https:\/\/www.elementvape.de\/wp-content\/uploads\/2024\/08\/STRAWBERRY-MANGO-2.jpg","type":"image\/jpeg"}],"twitter_card":"summary_large_image","twitter_misc":{"Est. reading time":"4 minutos"},"schema":{"@context":"https:\/\/schema.org","@graph":[{"@type":"WebPage","@id":"https:\/\/www.elementvape.de\/produkt\/zollfreie-frische-waspe-8000-puffs-strawberry-mango-e-zigarette-jetzt-zum-besten-grosshandelspreis-fuer-ultimativen-erdbeer-mango-genuss\/","url":"https:\/\/www.elementvape.de\/produkt\/zollfreie-frische-waspe-8000-puffs-strawberry-mango-e-zigarette-jetzt-zum-besten-grosshandelspreis-fuer-ultimativen-erdbeer-mango-genuss\/","name":"Zollfreie Frische WASPE 8000 PUFFS Strawberry Mango E-Zigarette jetzt zum besten Gro\u00dfhandelspreis f\u00fcr ultimativen Erdbeer Mango Genuss | ElementVape.de","isPartOf":{"@id":"https:\/\/www.elementvape.de\/#website"},"primaryImageOfPage":{"@id":"https:\/\/www.elementvape.de\/produkt\/zollfreie-frische-waspe-8000-puffs-strawberry-mango-e-zigarette-jetzt-zum-besten-grosshandelspreis-fuer-ultimativen-erdbeer-mango-genuss\/#primaryimage"},"image":{"@id":"https:\/\/www.elementvape.de\/produkt\/zollfreie-frische-waspe-8000-puffs-strawberry-mango-e-zigarette-jetzt-zum-besten-grosshandelspreis-fuer-ultimativen-erdbeer-mango-genuss\/#primaryimage"},"thumbnailUrl":"https:\/\/www.elementvape.de\/wp-content\/uploads\/2024\/08\/STRAWBERRY-MANGO-2.jpg","datePublished":"2024-08-31T07:43:59+00:00","dateModified":"2024-10-15T03:14:27+00:00","description":"Wir bieten Zollfreie Frische WASPE 8000 PUFFS Strawberry Mango E-Zigarette jetzt zum besten Gro\u00dfhandelspreis f\u00fcr ultimativen Erdbeer Mango Genuss , Elementvape.de akzeptieren Gro\u00df-und Einzelhandel Bestellungen.","breadcrumb":{"@id":"https:\/\/www.elementvape.de\/produkt\/zollfreie-frische-waspe-8000-puffs-strawberry-mango-e-zigarette-jetzt-zum-besten-grosshandelspreis-fuer-ultimativen-erdbeer-mango-genuss\/#breadcrumb"},"inLanguage":"es","potentialAction":[{"@type":"ReadAction","target":["https:\/\/www.elementvape.de\/produkt\/zollfreie-frische-waspe-8000-puffs-strawberry-mango-e-zigarette-jetzt-zum-besten-grosshandelspreis-fuer-ultimativen-erdbeer-mango-genuss\/"]}]},{"@type":"ImageObject","inLanguage":"es","@id":"https:\/\/www.elementvape.de\/produkt\/zollfreie-frische-waspe-8000-puffs-strawberry-mango-e-zigarette-jetzt-zum-besten-grosshandelspreis-fuer-ultimativen-erdbeer-mango-genuss\/#primaryimage","url":"https:\/\/www.elementvape.de\/wp-content\/uploads\/2024\/08\/STRAWBERRY-MANGO-2.jpg","contentUrl":"https:\/\/www.elementvape.de\/wp-content\/uploads\/2024\/08\/STRAWBERRY-MANGO-2.jpg","width":800,"height":800,"caption":"STRAWBERRY MANGO"},{"@type":"BreadcrumbList","@id":"https:\/\/www.elementvape.de\/produkt\/zollfreie-frische-waspe-8000-puffs-strawberry-mango-e-zigarette-jetzt-zum-besten-grosshandelspreis-fuer-ultimativen-erdbeer-mango-genuss\/#breadcrumb","itemListElement":[{"@type":"ListItem","position":1,"name":"Home","item":"https:\/\/www.elementvape.de\/"},{"@type":"ListItem","position":2,"name":"Shop","item":"https:\/\/www.elementvape.de\/shop\/"},{"@type":"ListItem","position":3,"name":"Zollfreie Frische WASPE 8000 PUFFS Strawberry Mango E-Zigarette jetzt zum besten Gro\u00dfhandelspreis f\u00fcr ultimativen Erdbeer Mango Genuss"}]},{"@type":"WebSite","@id":"https:\/\/www.elementvape.de\/#website","url":"https:\/\/www.elementvape.de\/","name":"ElementVape.de","description":"","publisher":{"@id":"https:\/\/www.elementvape.de\/#organization"},"potentialAction":[{"@type":"SearchAction","target":{"@type":"EntryPoint","urlTemplate":"https:\/\/www.elementvape.de\/?s={search_term_string}"},"query-input":"required name=search_term_string"}],"inLanguage":"es"},{"@type":"Organization","@id":"https:\/\/www.elementvape.de\/#organization","name":"ElementVape.DE","url":"https:\/\/www.elementvape.de\/","logo":{"@type":"ImageObject","inLanguage":"es","@id":"https:\/\/www.elementvape.de\/#\/schema\/logo\/image\/","url":"https:\/\/www.elementvape.de\/wp-content\/uploads\/2024\/09\/cropped-1elementvape-3.png","contentUrl":"https:\/\/www.elementvape.de\/wp-content\/uploads\/2024\/09\/cropped-1elementvape-3.png","width":285,"height":228,"caption":"ElementVape.DE"},"image":{"@id":"https:\/\/www.elementvape.de\/#\/schema\/logo\/image\/"}}]}},"_links":{"self":[{"href":"https:\/\/www.elementvape.de\/es\/wp-json\/wp\/v2\/product\/14087"}],"collection":[{"href":"https:\/\/www.elementvape.de\/es\/wp-json\/wp\/v2\/product"}],"about":[{"href":"https:\/\/www.elementvape.de\/es\/wp-json\/wp\/v2\/types\/product"}],"wp:featuredmedia":[{"embeddable":true,"href":"https:\/\/www.elementvape.de\/es\/wp-json\/wp\/v2\/media\/14088"}],"wp:attachment":[{"href":"https:\/\/www.elementvape.de\/es\/wp-json\/wp\/v2\/media?parent=14087"}],"wp:term":[{"taxonomy":"product_cat","embeddable":true,"href":"https:\/\/www.elementvape.de\/es\/wp-json\/wp\/v2\/product_cat?post=14087"},{"taxonomy":"product_tag","embeddable":true,"href":"https:\/\/www.elementvape.de\/es\/wp-json\/wp\/v2\/product_tag?post=14087"}],"curies":[{"name":"wp","href":"https:\/\/api.w.org\/{rel}","templated":true}]}}