{"id":14035,"date":"2024-08-28T01:36:02","date_gmt":"2024-08-28T01:36:02","guid":{"rendered":"https:\/\/www.elementvape.de\/?post_type=product&#038;p=14035"},"modified":"2024-10-15T03:32:42","modified_gmt":"2024-10-15T03:32:42","slug":"erleben-sie-den-erfrischenden-cola-ice-geschmack-mit-der-waspe-5000-puffs-e-zigarette-zollfrei-und-zu-unschlagbaren-grosshandelspreisen","status":"publish","type":"product","link":"https:\/\/www.elementvape.de\/es\/produkt\/erleben-sie-den-erfrischenden-cola-ice-geschmack-mit-der-waspe-5000-puffs-e-zigarette-zollfrei-und-zu-unschlagbaren-grosshandelspreisen\/","title":{"rendered":"Experimenta el sabor refrescante a Cola Ice con el cigarrillo electr\u00f3nico WASPE 5000 PUFFS, libre de impuestos y a precios mayoristas insuperables"},"content":{"rendered":"<h2>Disfrute del refrescante sabor Cola Ice con el cigarrillo electr\u00f3nico WASPE 5000 PUFFS \u2013 Libre de impuestos y a precios mayoristas inmejorables<\/h2>\n<p>Si est\u00e1 buscando una experiencia de cigarrillo electr\u00f3nico que no solo convenza por su sabor, sino que tambi\u00e9n aporte una nota refrescante, entonces el WASPE 5000 PUFFS <strong><a href=\"https:\/\/www.elementvape.de\/es\/\" target=\"_blank\" rel=\"noopener\">Cigarrillo Electr\u00f3nico<\/a><\/strong> con sabor Cola Ice es justo lo que necesita. Este innovador cigarrillo electr\u00f3nico combina el sabor cl\u00e1sico y dulce de la cola con una frescura fr\u00eda que hace de cada calada un placer. \u00bfY lo mejor de todo? Puede adquirir este cigarrillo electr\u00f3nico de primera clase libre de impuestos y a precios de mayorista.<\/p>\n<h3>Por qu\u00e9 el cigarrillo electr\u00f3nico Cola Ice WASPE 5000 PUFFS es la elecci\u00f3n correcta<\/h3>\n<ol>\n<li>Sabor \u00fanico a Cola Ice: La combinaci\u00f3n del sabor dulce y burbujeante de la cola y un refrescante efecto de enfriamiento es simplemente inmejorable. Con cada calada, sus papilas gustativas se deleitar\u00e1n con un aroma familiar pero sorprendentemente fresco.<\/li>\n<li>Placer de vapeo duradero: El cigarrillo electr\u00f3nico WASPE 5000 PUFFS le ofrece hasta 5000 caladas gracias a su generoso tanque de e-l\u00edquido de 13 ml y a la potente bater\u00eda de 650 mAh. Esto significa que puede disfrutar de una experiencia de vapeo prolongada sin tener que preocuparse por cargar o rellenar.<\/li>\n<li>Dise\u00f1o compacto y elegante: Con su dise\u00f1o delgado, el cigarrillo electr\u00f3nico WASPE 5000 PUFFS no solo se siente c\u00f3modo en la mano, sino que tambi\u00e9n tiene un buen aspecto. Es ligero y f\u00e1cil de transportar, para que pueda llevar su bebida favorita en forma de vapor a todas partes.<\/li>\n<li>F\u00e1cil manejo: El manejo no podr\u00eda ser m\u00e1s sencillo: no hay que pulsar botones ni realizar ajustes complicados. Simplemente tire de la boquilla y el cigarrillo electr\u00f3nico se activar\u00e1 autom\u00e1ticamente, para que pueda disfrutar inmediatamente del sabor Cola Ice.<\/li>\n<li>Disponible libre de impuestos y a precios de mayorista: La posibilidad de adquirir el cigarrillo electr\u00f3nico WASPE 5000 PUFFS libre de impuestos y beneficiarse de precios de mayorista inmejorables hace que este producto no solo sea atractivo por su sabor, sino tambi\u00e9n por su precio. Obtendr\u00e1 un producto de alta calidad, conocido por su calidad y durabilidad, a un precio inigualable.<\/li>\n<\/ol>\n<h3>Un placer refrescante que convence<\/h3>\n<p>El cigarrillo electr\u00f3nico WASPE 5000 PUFFS con sabor Cola Ice es la elecci\u00f3n ideal para todos aquellos que aman el sabor cl\u00e1sico de la cola y quieren disfrutarlo de una forma nueva y refrescante. Con un n\u00famero impresionante de caladas, un dise\u00f1o atractivo y un manejo sencillo, este <strong><a href=\"https:\/\/www.elementvape.de\/es\/\">Cigarrillo Electr\u00f3nico<\/a><\/strong> se convertir\u00e1 r\u00e1pidamente en su favorito. Aproveche la oportunidad de adquirir este producto premium libre de impuestos y a precios de mayorista inmejorables. Disfrute del refrescante sabor Cola Ice: \u00a1un placer que dura mucho tiempo!<\/p>","protected":false},"excerpt":{"rendered":"<p>Genie\u00dfen Sie den erfrischenden Cola Ice Geschmack mit der WASPE 5000 PUFFS E-Zigarette \u2013 Zollfrei und zu unschlagbaren Gro\u00dfhandelspreisen Wenn Sie auf der Suche nach einem E-Zigaretten-Erlebnis sind, das nicht nur geschmacklich \u00fcberzeugt, sondern auch eine erfrischende Note mitbringt, dann ist die WASPE 5000 PUFFS E-Zigarette mit Cola Ice Geschmack genau das Richtige f\u00fcr Sie. [&hellip;]<\/p>","protected":false},"featured_media":14036,"template":"","meta":{"inline_featured_image":false},"product_cat":[15,78,735,746,741,733,744,755,738,751,726],"product_tag":[710,678],"tiered_pricing_type":"fixed","tiered_pricing_fixed_rules":[],"tiered_pricing_percentage_rules":[],"tiered_pricing_minimum":1,"_administrator_tiered_pricing_type":"fixed","_administrator_tiered_pricing_fixed_rules":[],"_editor_tiered_pricing_type":"fixed","_editor_tiered_pricing_fixed_rules":[],"_author_tiered_pricing_type":"fixed","_author_tiered_pricing_fixed_rules":[],"_contributor_tiered_pricing_type":"fixed","_contributor_tiered_pricing_fixed_rules":[],"_subscriber_tiered_pricing_type":"fixed","_subscriber_tiered_pricing_fixed_rules":[],"_customer_tiered_pricing_type":"fixed","_customer_tiered_pricing_fixed_rules":[],"_shop_manager_tiered_pricing_type":"fixed","_shop_manager_tiered_pricing_fixed_rules":[],"_wpseo_manager_tiered_pricing_type":"fixed","_wpseo_manager_tiered_pricing_fixed_rules":[],"_wpseo_editor_tiered_pricing_type":"fixed","_wpseo_editor_tiered_pricing_fixed_rules":[],"_wholesale_customer_tiered_pricing_type":"fixed","_wholesale_customer_tiered_pricing_fixed_rules":[],"_marketer_tiered_pricing_type":"fixed","_marketer_tiered_pricing_fixed_rules":[],"_sales_manager_tiered_pricing_type":"fixed","_sales_manager_tiered_pricing_fixed_rules":[],"_sales_rep_tiered_pricing_type":"fixed","_sales_rep_tiered_pricing_fixed_rules":[],"yoast_head":"<!-- This site is optimized with the Yoast SEO plugin v23.3 - https:\/\/yoast.com\/wordpress\/plugins\/seo\/ -->\n<title>Erleben Sie den erfrischenden Cola Ice Geschmack mit der WASPE 5000 PUFFS E-Zigarette, zollfrei und zu unschlagbaren Gro\u00dfhandelspreisen | ElementVape.de<\/title>\n<meta name=\"description\" content=\"Wir bieten Erleben Sie den erfrischenden Cola Ice Geschmack mit der WASPE 5000 PUFFS E-Zigarette, zollfrei und zu unschlagbaren Gro\u00dfhandelspreisen , Elementvape.de akzeptieren Gro\u00df-und Einzelhandel Bestellungen.\" \/>\n<meta name=\"robots\" content=\"index, follow, max-snippet:-1, max-image-preview:large, max-video-preview:-1\" \/>\n<link rel=\"canonical\" href=\"https:\/\/www.elementvape.de\/es\/produkt\/erleben-sie-den-erfrischenden-cola-ice-geschmack-mit-der-waspe-5000-puffs-e-zigarette-zollfrei-und-zu-unschlagbaren-grosshandelspreisen\/\" \/>\n<meta property=\"og:locale\" content=\"es_ES\" \/>\n<meta property=\"og:type\" content=\"article\" \/>\n<meta property=\"og:title\" content=\"Erleben Sie den erfrischenden Cola Ice Geschmack mit der WASPE 5000 PUFFS E-Zigarette, zollfrei und zu unschlagbaren Gro\u00dfhandelspreisen | ElementVape.de\" \/>\n<meta property=\"og:description\" content=\"Wir bieten Erleben Sie den erfrischenden Cola Ice Geschmack mit der WASPE 5000 PUFFS E-Zigarette, zollfrei und zu unschlagbaren Gro\u00dfhandelspreisen , Elementvape.de akzeptieren Gro\u00df-und Einzelhandel Bestellungen.\" \/>\n<meta property=\"og:url\" content=\"https:\/\/www.elementvape.de\/es\/produkt\/erleben-sie-den-erfrischenden-cola-ice-geschmack-mit-der-waspe-5000-puffs-e-zigarette-zollfrei-und-zu-unschlagbaren-grosshandelspreisen\/\" \/>\n<meta property=\"og:site_name\" content=\"ElementVape.de\" \/>\n<meta property=\"article:modified_time\" content=\"2024-10-15T03:32:42+00:00\" \/>\n<meta property=\"og:image\" content=\"https:\/\/www.elementvape.de\/wp-content\/uploads\/2024\/08\/Cola-lce.webp\" \/>\n\t<meta property=\"og:image:width\" content=\"400\" \/>\n\t<meta property=\"og:image:height\" content=\"400\" \/>\n\t<meta property=\"og:image:type\" content=\"image\/webp\" \/>\n<meta name=\"twitter:card\" content=\"summary_large_image\" \/>\n<meta name=\"twitter:label1\" content=\"Est. reading time\" \/>\n\t<meta name=\"twitter:data1\" content=\"3 minutos\" \/>\n<script type=\"application\/ld+json\" class=\"yoast-schema-graph\">{\"@context\":\"https:\/\/schema.org\",\"@graph\":[{\"@type\":\"WebPage\",\"@id\":\"https:\/\/www.elementvape.de\/lt\/produkt\/erleben-sie-den-erfrischenden-cola-ice-geschmack-mit-der-waspe-5000-puffs-e-zigarette-zollfrei-und-zu-unschlagbaren-grosshandelspreisen\/\",\"url\":\"https:\/\/www.elementvape.de\/lt\/produkt\/erleben-sie-den-erfrischenden-cola-ice-geschmack-mit-der-waspe-5000-puffs-e-zigarette-zollfrei-und-zu-unschlagbaren-grosshandelspreisen\/\",\"name\":\"Erleben Sie den erfrischenden Cola Ice Geschmack mit der WASPE 5000 PUFFS E-Zigarette, zollfrei und zu unschlagbaren Gro\u00dfhandelspreisen | ElementVape.de\",\"isPartOf\":{\"@id\":\"https:\/\/www.elementvape.de\/#website\"},\"primaryImageOfPage\":{\"@id\":\"https:\/\/www.elementvape.de\/lt\/produkt\/erleben-sie-den-erfrischenden-cola-ice-geschmack-mit-der-waspe-5000-puffs-e-zigarette-zollfrei-und-zu-unschlagbaren-grosshandelspreisen\/#primaryimage\"},\"image\":{\"@id\":\"https:\/\/www.elementvape.de\/lt\/produkt\/erleben-sie-den-erfrischenden-cola-ice-geschmack-mit-der-waspe-5000-puffs-e-zigarette-zollfrei-und-zu-unschlagbaren-grosshandelspreisen\/#primaryimage\"},\"thumbnailUrl\":\"https:\/\/www.elementvape.de\/wp-content\/uploads\/2024\/08\/Cola-lce.webp\",\"datePublished\":\"2024-08-28T01:36:02+00:00\",\"dateModified\":\"2024-10-15T03:32:42+00:00\",\"description\":\"Wir bieten Erleben Sie den erfrischenden Cola Ice Geschmack mit der WASPE 5000 PUFFS E-Zigarette, zollfrei und zu unschlagbaren Gro\u00dfhandelspreisen , Elementvape.de akzeptieren Gro\u00df-und Einzelhandel Bestellungen.\",\"breadcrumb\":{\"@id\":\"https:\/\/www.elementvape.de\/lt\/produkt\/erleben-sie-den-erfrischenden-cola-ice-geschmack-mit-der-waspe-5000-puffs-e-zigarette-zollfrei-und-zu-unschlagbaren-grosshandelspreisen\/#breadcrumb\"},\"inLanguage\":\"es\",\"potentialAction\":[{\"@type\":\"ReadAction\",\"target\":[\"https:\/\/www.elementvape.de\/lt\/produkt\/erleben-sie-den-erfrischenden-cola-ice-geschmack-mit-der-waspe-5000-puffs-e-zigarette-zollfrei-und-zu-unschlagbaren-grosshandelspreisen\/\"]}]},{\"@type\":\"ImageObject\",\"inLanguage\":\"es\",\"@id\":\"https:\/\/www.elementvape.de\/lt\/produkt\/erleben-sie-den-erfrischenden-cola-ice-geschmack-mit-der-waspe-5000-puffs-e-zigarette-zollfrei-und-zu-unschlagbaren-grosshandelspreisen\/#primaryimage\",\"url\":\"https:\/\/www.elementvape.de\/wp-content\/uploads\/2024\/08\/Cola-lce.webp\",\"contentUrl\":\"https:\/\/www.elementvape.de\/wp-content\/uploads\/2024\/08\/Cola-lce.webp\",\"width\":400,\"height\":400,\"caption\":\"Cola lce\"},{\"@type\":\"BreadcrumbList\",\"@id\":\"https:\/\/www.elementvape.de\/lt\/produkt\/erleben-sie-den-erfrischenden-cola-ice-geschmack-mit-der-waspe-5000-puffs-e-zigarette-zollfrei-und-zu-unschlagbaren-grosshandelspreisen\/#breadcrumb\",\"itemListElement\":[{\"@type\":\"ListItem\",\"position\":1,\"name\":\"Home\",\"item\":\"https:\/\/www.elementvape.de\/\"},{\"@type\":\"ListItem\",\"position\":2,\"name\":\"Shop\",\"item\":\"https:\/\/www.elementvape.de\/shop\/\"},{\"@type\":\"ListItem\",\"position\":3,\"name\":\"Erleben Sie den erfrischenden Cola Ice Geschmack mit der WASPE 5000 PUFFS E-Zigarette, zollfrei und zu unschlagbaren Gro\u00dfhandelspreisen\"}]},{\"@type\":\"WebSite\",\"@id\":\"https:\/\/www.elementvape.de\/#website\",\"url\":\"https:\/\/www.elementvape.de\/\",\"name\":\"ElementVape.de\",\"description\":\"\",\"publisher\":{\"@id\":\"https:\/\/www.elementvape.de\/#organization\"},\"potentialAction\":[{\"@type\":\"SearchAction\",\"target\":{\"@type\":\"EntryPoint\",\"urlTemplate\":\"https:\/\/www.elementvape.de\/?s={search_term_string}\"},\"query-input\":\"required name=search_term_string\"}],\"inLanguage\":\"es\"},{\"@type\":\"Organization\",\"@id\":\"https:\/\/www.elementvape.de\/#organization\",\"name\":\"ElementVape.DE\",\"url\":\"https:\/\/www.elementvape.de\/\",\"logo\":{\"@type\":\"ImageObject\",\"inLanguage\":\"es\",\"@id\":\"https:\/\/www.elementvape.de\/#\/schema\/logo\/image\/\",\"url\":\"https:\/\/www.elementvape.de\/wp-content\/uploads\/2024\/09\/cropped-1elementvape-3.png\",\"contentUrl\":\"https:\/\/www.elementvape.de\/wp-content\/uploads\/2024\/09\/cropped-1elementvape-3.png\",\"width\":285,\"height\":228,\"caption\":\"ElementVape.DE\"},\"image\":{\"@id\":\"https:\/\/www.elementvape.de\/#\/schema\/logo\/image\/\"}}]}<\/script>\n<!-- \/ Yoast SEO plugin. -->","yoast_head_json":{"title":"Erleben Sie den erfrischenden Cola Ice Geschmack mit der WASPE 5000 PUFFS E-Zigarette, zollfrei und zu unschlagbaren Gro\u00dfhandelspreisen | ElementVape.de","description":"Wir bieten Erleben Sie den erfrischenden Cola Ice Geschmack mit der WASPE 5000 PUFFS E-Zigarette, zollfrei und zu unschlagbaren Gro\u00dfhandelspreisen , Elementvape.de akzeptieren Gro\u00df-und Einzelhandel Bestellungen.","robots":{"index":"index","follow":"follow","max-snippet":"max-snippet:-1","max-image-preview":"max-image-preview:large","max-video-preview":"max-video-preview:-1"},"canonical":"https:\/\/www.elementvape.de\/es\/produkt\/erleben-sie-den-erfrischenden-cola-ice-geschmack-mit-der-waspe-5000-puffs-e-zigarette-zollfrei-und-zu-unschlagbaren-grosshandelspreisen\/","og_locale":"es_ES","og_type":"article","og_title":"Erleben Sie den erfrischenden Cola Ice Geschmack mit der WASPE 5000 PUFFS E-Zigarette, zollfrei und zu unschlagbaren Gro\u00dfhandelspreisen | ElementVape.de","og_description":"Wir bieten Erleben Sie den erfrischenden Cola Ice Geschmack mit der WASPE 5000 PUFFS E-Zigarette, zollfrei und zu unschlagbaren Gro\u00dfhandelspreisen , Elementvape.de akzeptieren Gro\u00df-und Einzelhandel Bestellungen.","og_url":"https:\/\/www.elementvape.de\/es\/produkt\/erleben-sie-den-erfrischenden-cola-ice-geschmack-mit-der-waspe-5000-puffs-e-zigarette-zollfrei-und-zu-unschlagbaren-grosshandelspreisen\/","og_site_name":"ElementVape.de","article_modified_time":"2024-10-15T03:32:42+00:00","og_image":[{"width":400,"height":400,"url":"https:\/\/www.elementvape.de\/wp-content\/uploads\/2024\/08\/Cola-lce.webp","type":"image\/webp"}],"twitter_card":"summary_large_image","twitter_misc":{"Est. reading time":"3 minutos"},"schema":{"@context":"https:\/\/schema.org","@graph":[{"@type":"WebPage","@id":"https:\/\/www.elementvape.de\/lt\/produkt\/erleben-sie-den-erfrischenden-cola-ice-geschmack-mit-der-waspe-5000-puffs-e-zigarette-zollfrei-und-zu-unschlagbaren-grosshandelspreisen\/","url":"https:\/\/www.elementvape.de\/lt\/produkt\/erleben-sie-den-erfrischenden-cola-ice-geschmack-mit-der-waspe-5000-puffs-e-zigarette-zollfrei-und-zu-unschlagbaren-grosshandelspreisen\/","name":"Erleben Sie den erfrischenden Cola Ice Geschmack mit der WASPE 5000 PUFFS E-Zigarette, zollfrei und zu unschlagbaren Gro\u00dfhandelspreisen | ElementVape.de","isPartOf":{"@id":"https:\/\/www.elementvape.de\/#website"},"primaryImageOfPage":{"@id":"https:\/\/www.elementvape.de\/lt\/produkt\/erleben-sie-den-erfrischenden-cola-ice-geschmack-mit-der-waspe-5000-puffs-e-zigarette-zollfrei-und-zu-unschlagbaren-grosshandelspreisen\/#primaryimage"},"image":{"@id":"https:\/\/www.elementvape.de\/lt\/produkt\/erleben-sie-den-erfrischenden-cola-ice-geschmack-mit-der-waspe-5000-puffs-e-zigarette-zollfrei-und-zu-unschlagbaren-grosshandelspreisen\/#primaryimage"},"thumbnailUrl":"https:\/\/www.elementvape.de\/wp-content\/uploads\/2024\/08\/Cola-lce.webp","datePublished":"2024-08-28T01:36:02+00:00","dateModified":"2024-10-15T03:32:42+00:00","description":"Wir bieten Erleben Sie den erfrischenden Cola Ice Geschmack mit der WASPE 5000 PUFFS E-Zigarette, zollfrei und zu unschlagbaren Gro\u00dfhandelspreisen , Elementvape.de akzeptieren Gro\u00df-und Einzelhandel Bestellungen.","breadcrumb":{"@id":"https:\/\/www.elementvape.de\/lt\/produkt\/erleben-sie-den-erfrischenden-cola-ice-geschmack-mit-der-waspe-5000-puffs-e-zigarette-zollfrei-und-zu-unschlagbaren-grosshandelspreisen\/#breadcrumb"},"inLanguage":"es","potentialAction":[{"@type":"ReadAction","target":["https:\/\/www.elementvape.de\/lt\/produkt\/erleben-sie-den-erfrischenden-cola-ice-geschmack-mit-der-waspe-5000-puffs-e-zigarette-zollfrei-und-zu-unschlagbaren-grosshandelspreisen\/"]}]},{"@type":"ImageObject","inLanguage":"es","@id":"https:\/\/www.elementvape.de\/lt\/produkt\/erleben-sie-den-erfrischenden-cola-ice-geschmack-mit-der-waspe-5000-puffs-e-zigarette-zollfrei-und-zu-unschlagbaren-grosshandelspreisen\/#primaryimage","url":"https:\/\/www.elementvape.de\/wp-content\/uploads\/2024\/08\/Cola-lce.webp","contentUrl":"https:\/\/www.elementvape.de\/wp-content\/uploads\/2024\/08\/Cola-lce.webp","width":400,"height":400,"caption":"Cola lce"},{"@type":"BreadcrumbList","@id":"https:\/\/www.elementvape.de\/lt\/produkt\/erleben-sie-den-erfrischenden-cola-ice-geschmack-mit-der-waspe-5000-puffs-e-zigarette-zollfrei-und-zu-unschlagbaren-grosshandelspreisen\/#breadcrumb","itemListElement":[{"@type":"ListItem","position":1,"name":"Home","item":"https:\/\/www.elementvape.de\/"},{"@type":"ListItem","position":2,"name":"Shop","item":"https:\/\/www.elementvape.de\/shop\/"},{"@type":"ListItem","position":3,"name":"Erleben Sie den erfrischenden Cola Ice Geschmack mit der WASPE 5000 PUFFS E-Zigarette, zollfrei und zu unschlagbaren Gro\u00dfhandelspreisen"}]},{"@type":"WebSite","@id":"https:\/\/www.elementvape.de\/#website","url":"https:\/\/www.elementvape.de\/","name":"ElementVape.de","description":"","publisher":{"@id":"https:\/\/www.elementvape.de\/#organization"},"potentialAction":[{"@type":"SearchAction","target":{"@type":"EntryPoint","urlTemplate":"https:\/\/www.elementvape.de\/?s={search_term_string}"},"query-input":"required name=search_term_string"}],"inLanguage":"es"},{"@type":"Organization","@id":"https:\/\/www.elementvape.de\/#organization","name":"ElementVape.DE","url":"https:\/\/www.elementvape.de\/","logo":{"@type":"ImageObject","inLanguage":"es","@id":"https:\/\/www.elementvape.de\/#\/schema\/logo\/image\/","url":"https:\/\/www.elementvape.de\/wp-content\/uploads\/2024\/09\/cropped-1elementvape-3.png","contentUrl":"https:\/\/www.elementvape.de\/wp-content\/uploads\/2024\/09\/cropped-1elementvape-3.png","width":285,"height":228,"caption":"ElementVape.DE"},"image":{"@id":"https:\/\/www.elementvape.de\/#\/schema\/logo\/image\/"}}]}},"_links":{"self":[{"href":"https:\/\/www.elementvape.de\/es\/wp-json\/wp\/v2\/product\/14035"}],"collection":[{"href":"https:\/\/www.elementvape.de\/es\/wp-json\/wp\/v2\/product"}],"about":[{"href":"https:\/\/www.elementvape.de\/es\/wp-json\/wp\/v2\/types\/product"}],"wp:featuredmedia":[{"embeddable":true,"href":"https:\/\/www.elementvape.de\/es\/wp-json\/wp\/v2\/media\/14036"}],"wp:attachment":[{"href":"https:\/\/www.elementvape.de\/es\/wp-json\/wp\/v2\/media?parent=14035"}],"wp:term":[{"taxonomy":"product_cat","embeddable":true,"href":"https:\/\/www.elementvape.de\/es\/wp-json\/wp\/v2\/product_cat?post=14035"},{"taxonomy":"product_tag","embeddable":true,"href":"https:\/\/www.elementvape.de\/es\/wp-json\/wp\/v2\/product_tag?post=14035"}],"curies":[{"name":"wp","href":"https:\/\/api.w.org\/{rel}","templated":true}]}}