{"id":14025,"date":"2024-08-26T09:48:57","date_gmt":"2024-08-26T09:48:57","guid":{"rendered":"https:\/\/www.elementvape.de\/?post_type=product&#038;p=14025"},"modified":"2024-10-15T03:35:52","modified_gmt":"2024-10-15T03:35:52","slug":"strawberry-kiwi-zollfreie-premium-e-zigarette-ein-fruchtig-erfrischender-genuss-aus-erdbeere-und-kiwi-waspe-20000-puffs-dual-mesh","status":"publish","type":"product","link":"https:\/\/www.elementvape.de\/es\/produkt\/strawberry-kiwi-zollfreie-premium-e-zigarette-ein-fruchtig-erfrischender-genuss-aus-erdbeere-und-kiwi-waspe-20000-puffs-dual-mesh\/","title":{"rendered":"STRAWBERRY KIWI cigarrillo electr\u00f3nico premium libre de impuestos, una experiencia frutal y refrescante de fresa y kiwi, WASPE 20000 PUFFS Dual Mesh"},"content":{"rendered":"<div class=\"flex-shrink-0 flex flex-col relative items-end\">\n<div>\n<div class=\"pt-0\">\n<h2 class=\"gizmo-bot-avatar flex h-8 w-8 items-center justify-center overflow-hidden rounded-full\"><strong style=\"font-size: 2em;\">STRAWBERRY KIWI \u2013 Cigarrillo electr\u00f3nico Premium libre de impuestos para una experiencia de vapeo afrutada y refrescante<\/strong><\/h2>\n<\/div>\n<\/div>\n<\/div>\n<div class=\"group\/conversation-turn relative flex w-full min-w-0 flex-col agent-turn\">\n<div class=\"flex-col gap-1 md:gap-3\">\n<div class=\"flex max-w-full flex-col flex-grow\">\n<div class=\"min-h-[20px] text-message flex w-full flex-col items-end gap-2 break-words [.text-message+&amp;]:mt-5 overflow-x-auto whitespace-normal\" dir=\"auto\" data-message-author-role=\"assistant\" data-message-id=\"ee27950e-68f7-4f2c-b1cf-d84a338015a5\">\n<div class=\"flex w-full flex-col gap-1 empty:hidden first:pt-[3px]\">\n<div class=\"markdown prose w-full break-words dark:prose-invert light\">\n<p>Experimente el cigarrillo electr\u00f3nico Premium libre de impuestos STRAWBERRY KIWI de WASPE y sum\u00e9rjase en una experiencia de vapeo que destaca por la combinaci\u00f3n ideal de fresas jugosas y la frescura chispeante del kiwi. Cada calada de este cigarrillo electr\u00f3nico despliega una mezcla equilibrada de la dulzura natural de las fresas maduras y el sabor ligeramente \u00e1cido, pero refrescante, del kiwi. Esta combinaci\u00f3n de sabores proporciona una experiencia de vapeo estimulante y a la vez satisfactoria, perfecta para el disfrute diario.<\/p>\n<p>La avanzada tecnolog\u00eda Dual-Mesh garantiza que el sabor afrutado de fresa y kiwi se exprese de forma \u00f3ptima. Con una resistencia de tan solo 0,8 \u03a9, la resistencia Dual-Mesh garantiza una vaporizaci\u00f3n uniforme y eficiente del l\u00edquido, lo que genera nubes de vapor densas y llenas de sabor. Con una impresionante capacidad de 24 ml, puede disfrutar del delicioso sabor durante un per\u00edodo de tiempo m\u00e1s prolongado sin tener que rellenar con frecuencia.<\/p>\n<p><strong>Tecnolog\u00eda f\u00e1cil de usar para un vapeo c\u00f3modo<\/strong><\/p>\n<p><img loading=\"lazy\" decoding=\"async\" class=\"wp-image-14022 alignright\" src=\"https:\/\/www.elementvape.de\/wp-content\/uploads\/2024\/08\/01-2-300x283.jpg\" alt=\"01\" width=\"478\" height=\"451\" srcset=\"https:\/\/www.elementvape.de\/wp-content\/uploads\/2024\/08\/01-2-300x283.jpg 300w, https:\/\/www.elementvape.de\/wp-content\/uploads\/2024\/08\/01-2-1024x966.jpg 1024w, https:\/\/www.elementvape.de\/wp-content\/uploads\/2024\/08\/01-2-768x724.jpg 768w, https:\/\/www.elementvape.de\/wp-content\/uploads\/2024\/08\/01-2-1536x1449.jpg 1536w, https:\/\/www.elementvape.de\/wp-content\/uploads\/2024\/08\/01-2-600x566.jpg 600w, https:\/\/www.elementvape.de\/wp-content\/uploads\/2024\/08\/01-2.jpg 1600w\" sizes=\"(max-width: 478px) 100vw, 478px\" \/><\/p>\n<p>El cigarrillo electr\u00f3nico STRAWBERRY KIWI no solo ofrece una excelente experiencia de sabor, sino tambi\u00e9n un manejo f\u00e1cil de usar que hace que su experiencia de vapeo sea a\u00fan m\u00e1s agradable. La pantalla LCD integrada le muestra toda la informaci\u00f3n esencial de un vistazo, incluido el contenido actual de N. Con los cuatro contenidos de N disponibles 2 % o 5 %, tiene la posibilidad de adaptar su experiencia de vapeo exactamente a sus preferencias personales.<\/p>\n<p>La potente bater\u00eda de 900 mAh garantiza una larga vida \u00fatil, para que pueda vapear sin problemas durante todo el d\u00eda. El moderno puerto tipo C tambi\u00e9n garantiza una carga r\u00e1pida y sencilla de la <strong><a href=\"https:\/\/www.elementvape.de\/es\/\" target=\"_blank\" rel=\"noopener\">Cigarrillo Electr\u00f3nico<\/a><\/strong>, para que siempre est\u00e9 listo para la pr\u00f3xima calada. El dise\u00f1o compacto con las dimensiones de 35 x 56 x 120 mm y un peso de solo 110 g hace que este cigarrillo electr\u00f3nico sea especialmente manejable y c\u00f3modo, perfecto para el uso diario.<\/p>\n<p><strong>Atractiva presentaci\u00f3n en un elegante embalaje<\/strong><\/p>\n<p>El cigarrillo electr\u00f3nico STRAWBERRY KIWI se entrega en atractivas cajas de presentaci\u00f3n de 10 unidades cada una, ideales para el comercio minorista. Este embalaje no solo garantiza una presentaci\u00f3n de alta calidad, sino que tambi\u00e9n facilita el almacenamiento y la venta del producto. El elegante dise\u00f1o y el acabado de alta calidad hacen de este cigarrillo electr\u00f3nico una opci\u00f3n de primera clase para todos <strong><a href=\"https:\/\/www.elementvape.de\/es\/\" target=\"_blank\" rel=\"noopener\">Dampers<\/a><\/strong>, que valoran el sabor y la calidad.<\/p>\n<table>\n<thead>\n<tr>\n<th><strong>Caracter\u00edstica<\/strong><\/th>\n<th><strong>Detalles<\/strong><\/th>\n<\/tr>\n<\/thead>\n<tbody>\n<tr>\n<td>Sabor<\/td>\n<td>Fresa y Kiwi<\/td>\n<\/tr>\n<tr>\n<td>Caladas<\/td>\n<td>Hasta 20.000<\/td>\n<\/tr>\n<tr>\n<td>Resistencia<\/td>\n<td>Red doble<\/td>\n<\/tr>\n<tr>\n<td>Resistencia de la bobina de red<\/td>\n<td>0,8 \u03a9<\/td>\n<\/tr>\n<tr>\n<td>Bater\u00eda<\/td>\n<td>900 mAh<\/td>\n<\/tr>\n<tr>\n<td>Pantalla<\/td>\n<td>LCD<\/td>\n<\/tr>\n<tr>\n<td>Contenido de N<\/td>\n<td>2 % , 5 %<\/td>\n<\/tr>\n<tr>\n<td>Capacidad de l\u00edquido<\/td>\n<td>24 ml<\/td>\n<\/tr>\n<tr>\n<td>Caja de exhibici\u00f3n de bobinas<\/td>\n<td>10 piezas<\/td>\n<\/tr>\n<tr>\n<td>Peso neto<\/td>\n<td>110 g<\/td>\n<\/tr>\n<tr>\n<td>Tama\u00f1o del producto<\/td>\n<td>35 x 56 x 120 mm<\/td>\n<\/tr>\n<\/tbody>\n<\/table>\n<p>En resumen, el cigarrillo electr\u00f3nico STRAWBERRY KIWI de WASPE ofrece una experiencia de vapeo excepcional, que destaca por la combinaci\u00f3n perfecta de fresa dulce y kiwi chispeante. La moderna tecnolog\u00eda Dual-Mesh y las funciones f\u00e1ciles de usar garantizan que cada calada sea intensa y sabrosa. Disfrute de la calidad de primera clase y el aroma refrescante de este cigarrillo electr\u00f3nico Premium libre de impuestos y d\u00e9jese inspirar por esta composici\u00f3n de sabor afrutado.<\/p>\n<\/div>\n<\/div>\n<\/div>\n<\/div>\n<\/div>\n<\/div>","protected":false},"excerpt":{"rendered":"<p>STRAWBERRY KIWI \u2013 Zollfreie Premium E-Zigarette f\u00fcr ein fruchtig-erfrischendes Dampferlebnis Erleben Sie die zollfreie Premium E-Zigarette STRAWBERRY KIWI von WASPE und tauchen Sie ein in ein Dampferlebnis, das durch die ideale Kombination aus saftigen Erdbeeren und der spritzigen Frische von Kiwi besticht. Jeder Zug dieser E-Zigarette entfaltet eine ausgewogene Mischung aus der nat\u00fcrlichen S\u00fc\u00dfe reifer [&hellip;]<\/p>","protected":false},"featured_media":14026,"template":"","meta":{"inline_featured_image":false},"product_cat":[15,78,735,746,741,733,744,755,738,751,724],"product_tag":[710,725],"tiered_pricing_type":"fixed","tiered_pricing_fixed_rules":{"110":"8.20","200":"7.29","500":"6.38"},"tiered_pricing_percentage_rules":[],"tiered_pricing_minimum":1,"_administrator_tiered_pricing_type":"fixed","_administrator_tiered_pricing_fixed_rules":[],"_editor_tiered_pricing_type":"fixed","_editor_tiered_pricing_fixed_rules":[],"_author_tiered_pricing_type":"fixed","_author_tiered_pricing_fixed_rules":[],"_contributor_tiered_pricing_type":"fixed","_contributor_tiered_pricing_fixed_rules":[],"_subscriber_tiered_pricing_type":"fixed","_subscriber_tiered_pricing_fixed_rules":[],"_customer_tiered_pricing_type":"fixed","_customer_tiered_pricing_fixed_rules":[],"_shop_manager_tiered_pricing_type":"fixed","_shop_manager_tiered_pricing_fixed_rules":[],"_wpseo_manager_tiered_pricing_type":"fixed","_wpseo_manager_tiered_pricing_fixed_rules":[],"_wpseo_editor_tiered_pricing_type":"fixed","_wpseo_editor_tiered_pricing_fixed_rules":[],"_wholesale_customer_tiered_pricing_type":"fixed","_wholesale_customer_tiered_pricing_fixed_rules":[],"_marketer_tiered_pricing_type":"fixed","_marketer_tiered_pricing_fixed_rules":[],"_sales_manager_tiered_pricing_type":"fixed","_sales_manager_tiered_pricing_fixed_rules":[],"_sales_rep_tiered_pricing_type":"fixed","_sales_rep_tiered_pricing_fixed_rules":[],"yoast_head":"<!-- This site is optimized with the Yoast SEO plugin v23.3 - https:\/\/yoast.com\/wordpress\/plugins\/seo\/ -->\n<title>STRAWBERRY KIWI Zollfreie Premium E-Zigarette Ein fruchtig-erfrischender Genuss aus Erdbeere und Kiwi WASPE 20000 PUFFS Dual Mesh | ElementVape.de<\/title>\n<meta name=\"description\" content=\"Wir bieten STRAWBERRY KIWI Zollfreie Premium E-Zigarette Ein fruchtig-erfrischender Genuss aus Erdbeere und Kiwi WASPE 20000 PUFFS Dual Mesh , Elementvape.de akzeptieren Gro\u00df-und Einzelhandel Bestellungen.\" \/>\n<meta name=\"robots\" content=\"index, follow, max-snippet:-1, max-image-preview:large, max-video-preview:-1\" \/>\n<link rel=\"canonical\" href=\"https:\/\/www.elementvape.de\/es\/produkt\/strawberry-kiwi-zollfreie-premium-e-zigarette-ein-fruchtig-erfrischender-genuss-aus-erdbeere-und-kiwi-waspe-20000-puffs-dual-mesh\/\" \/>\n<meta property=\"og:locale\" content=\"es_ES\" \/>\n<meta property=\"og:type\" content=\"article\" \/>\n<meta property=\"og:title\" content=\"STRAWBERRY KIWI Zollfreie Premium E-Zigarette Ein fruchtig-erfrischender Genuss aus Erdbeere und Kiwi WASPE 20000 PUFFS Dual Mesh | ElementVape.de\" \/>\n<meta property=\"og:description\" content=\"Wir bieten STRAWBERRY KIWI Zollfreie Premium E-Zigarette Ein fruchtig-erfrischender Genuss aus Erdbeere und Kiwi WASPE 20000 PUFFS Dual Mesh , Elementvape.de akzeptieren Gro\u00df-und Einzelhandel Bestellungen.\" \/>\n<meta property=\"og:url\" content=\"https:\/\/www.elementvape.de\/es\/produkt\/strawberry-kiwi-zollfreie-premium-e-zigarette-ein-fruchtig-erfrischender-genuss-aus-erdbeere-und-kiwi-waspe-20000-puffs-dual-mesh\/\" \/>\n<meta property=\"og:site_name\" content=\"ElementVape.de\" \/>\n<meta property=\"article:modified_time\" content=\"2024-10-15T03:35:52+00:00\" \/>\n<meta property=\"og:image\" content=\"https:\/\/www.elementvape.de\/wp-content\/uploads\/2024\/08\/STRAWBERRY-KIWI-2-1024x768.jpg\" \/>\n\t<meta property=\"og:image:width\" content=\"1024\" \/>\n\t<meta property=\"og:image:height\" content=\"768\" \/>\n\t<meta property=\"og:image:type\" content=\"image\/jpeg\" \/>\n<meta name=\"twitter:card\" content=\"summary_large_image\" \/>\n<meta name=\"twitter:label1\" content=\"Est. reading time\" \/>\n\t<meta name=\"twitter:data1\" content=\"3 minutos\" \/>\n<script type=\"application\/ld+json\" class=\"yoast-schema-graph\">{\"@context\":\"https:\/\/schema.org\",\"@graph\":[{\"@type\":\"WebPage\",\"@id\":\"https:\/\/www.elementvape.de\/en\/produkt\/strawberry-kiwi-zollfreie-premium-e-zigarette-ein-fruchtig-erfrischender-genuss-aus-erdbeere-und-kiwi-waspe-20000-puffs-dual-mesh\/\",\"url\":\"https:\/\/www.elementvape.de\/en\/produkt\/strawberry-kiwi-zollfreie-premium-e-zigarette-ein-fruchtig-erfrischender-genuss-aus-erdbeere-und-kiwi-waspe-20000-puffs-dual-mesh\/\",\"name\":\"STRAWBERRY KIWI Zollfreie Premium E-Zigarette Ein fruchtig-erfrischender Genuss aus Erdbeere und Kiwi WASPE 20000 PUFFS Dual Mesh | ElementVape.de\",\"isPartOf\":{\"@id\":\"https:\/\/www.elementvape.de\/#website\"},\"primaryImageOfPage\":{\"@id\":\"https:\/\/www.elementvape.de\/en\/produkt\/strawberry-kiwi-zollfreie-premium-e-zigarette-ein-fruchtig-erfrischender-genuss-aus-erdbeere-und-kiwi-waspe-20000-puffs-dual-mesh\/#primaryimage\"},\"image\":{\"@id\":\"https:\/\/www.elementvape.de\/en\/produkt\/strawberry-kiwi-zollfreie-premium-e-zigarette-ein-fruchtig-erfrischender-genuss-aus-erdbeere-und-kiwi-waspe-20000-puffs-dual-mesh\/#primaryimage\"},\"thumbnailUrl\":\"https:\/\/www.elementvape.de\/wp-content\/uploads\/2024\/08\/STRAWBERRY-KIWI-2.jpg\",\"datePublished\":\"2024-08-26T09:48:57+00:00\",\"dateModified\":\"2024-10-15T03:35:52+00:00\",\"description\":\"Wir bieten STRAWBERRY KIWI Zollfreie Premium E-Zigarette Ein fruchtig-erfrischender Genuss aus Erdbeere und Kiwi WASPE 20000 PUFFS Dual Mesh , Elementvape.de akzeptieren Gro\u00df-und Einzelhandel Bestellungen.\",\"breadcrumb\":{\"@id\":\"https:\/\/www.elementvape.de\/en\/produkt\/strawberry-kiwi-zollfreie-premium-e-zigarette-ein-fruchtig-erfrischender-genuss-aus-erdbeere-und-kiwi-waspe-20000-puffs-dual-mesh\/#breadcrumb\"},\"inLanguage\":\"es\",\"potentialAction\":[{\"@type\":\"ReadAction\",\"target\":[\"https:\/\/www.elementvape.de\/en\/produkt\/strawberry-kiwi-zollfreie-premium-e-zigarette-ein-fruchtig-erfrischender-genuss-aus-erdbeere-und-kiwi-waspe-20000-puffs-dual-mesh\/\"]}]},{\"@type\":\"ImageObject\",\"inLanguage\":\"es\",\"@id\":\"https:\/\/www.elementvape.de\/en\/produkt\/strawberry-kiwi-zollfreie-premium-e-zigarette-ein-fruchtig-erfrischender-genuss-aus-erdbeere-und-kiwi-waspe-20000-puffs-dual-mesh\/#primaryimage\",\"url\":\"https:\/\/www.elementvape.de\/wp-content\/uploads\/2024\/08\/STRAWBERRY-KIWI-2.jpg\",\"contentUrl\":\"https:\/\/www.elementvape.de\/wp-content\/uploads\/2024\/08\/STRAWBERRY-KIWI-2.jpg\",\"width\":2500,\"height\":1875,\"caption\":\"STRAWBERRY KIWI\"},{\"@type\":\"BreadcrumbList\",\"@id\":\"https:\/\/www.elementvape.de\/en\/produkt\/strawberry-kiwi-zollfreie-premium-e-zigarette-ein-fruchtig-erfrischender-genuss-aus-erdbeere-und-kiwi-waspe-20000-puffs-dual-mesh\/#breadcrumb\",\"itemListElement\":[{\"@type\":\"ListItem\",\"position\":1,\"name\":\"Home\",\"item\":\"https:\/\/www.elementvape.de\/\"},{\"@type\":\"ListItem\",\"position\":2,\"name\":\"Shop\",\"item\":\"https:\/\/www.elementvape.de\/shop\/\"},{\"@type\":\"ListItem\",\"position\":3,\"name\":\"STRAWBERRY KIWI Zollfreie Premium E-Zigarette Ein fruchtig-erfrischender Genuss aus Erdbeere und Kiwi WASPE 20000 PUFFS Dual Mesh\"}]},{\"@type\":\"WebSite\",\"@id\":\"https:\/\/www.elementvape.de\/#website\",\"url\":\"https:\/\/www.elementvape.de\/\",\"name\":\"ElementVape.de\",\"description\":\"\",\"publisher\":{\"@id\":\"https:\/\/www.elementvape.de\/#organization\"},\"potentialAction\":[{\"@type\":\"SearchAction\",\"target\":{\"@type\":\"EntryPoint\",\"urlTemplate\":\"https:\/\/www.elementvape.de\/?s={search_term_string}\"},\"query-input\":\"required name=search_term_string\"}],\"inLanguage\":\"es\"},{\"@type\":\"Organization\",\"@id\":\"https:\/\/www.elementvape.de\/#organization\",\"name\":\"ElementVape.DE\",\"url\":\"https:\/\/www.elementvape.de\/\",\"logo\":{\"@type\":\"ImageObject\",\"inLanguage\":\"es\",\"@id\":\"https:\/\/www.elementvape.de\/#\/schema\/logo\/image\/\",\"url\":\"https:\/\/www.elementvape.de\/wp-content\/uploads\/2024\/09\/cropped-1elementvape-3.png\",\"contentUrl\":\"https:\/\/www.elementvape.de\/wp-content\/uploads\/2024\/09\/cropped-1elementvape-3.png\",\"width\":285,\"height\":228,\"caption\":\"ElementVape.DE\"},\"image\":{\"@id\":\"https:\/\/www.elementvape.de\/#\/schema\/logo\/image\/\"}}]}<\/script>\n<!-- \/ Yoast SEO plugin. -->","yoast_head_json":{"title":"STRAWBERRY KIWI Zollfreie Premium E-Zigarette Ein fruchtig-erfrischender Genuss aus Erdbeere und Kiwi WASPE 20000 PUFFS Dual Mesh | ElementVape.de","description":"Wir bieten STRAWBERRY KIWI Zollfreie Premium E-Zigarette Ein fruchtig-erfrischender Genuss aus Erdbeere und Kiwi WASPE 20000 PUFFS Dual Mesh , Elementvape.de akzeptieren Gro\u00df-und Einzelhandel Bestellungen.","robots":{"index":"index","follow":"follow","max-snippet":"max-snippet:-1","max-image-preview":"max-image-preview:large","max-video-preview":"max-video-preview:-1"},"canonical":"https:\/\/www.elementvape.de\/es\/produkt\/strawberry-kiwi-zollfreie-premium-e-zigarette-ein-fruchtig-erfrischender-genuss-aus-erdbeere-und-kiwi-waspe-20000-puffs-dual-mesh\/","og_locale":"es_ES","og_type":"article","og_title":"STRAWBERRY KIWI Zollfreie Premium E-Zigarette Ein fruchtig-erfrischender Genuss aus Erdbeere und Kiwi WASPE 20000 PUFFS Dual Mesh | ElementVape.de","og_description":"Wir bieten STRAWBERRY KIWI Zollfreie Premium E-Zigarette Ein fruchtig-erfrischender Genuss aus Erdbeere und Kiwi WASPE 20000 PUFFS Dual Mesh , Elementvape.de akzeptieren Gro\u00df-und Einzelhandel Bestellungen.","og_url":"https:\/\/www.elementvape.de\/es\/produkt\/strawberry-kiwi-zollfreie-premium-e-zigarette-ein-fruchtig-erfrischender-genuss-aus-erdbeere-und-kiwi-waspe-20000-puffs-dual-mesh\/","og_site_name":"ElementVape.de","article_modified_time":"2024-10-15T03:35:52+00:00","og_image":[{"width":1024,"height":768,"url":"https:\/\/www.elementvape.de\/wp-content\/uploads\/2024\/08\/STRAWBERRY-KIWI-2-1024x768.jpg","type":"image\/jpeg"}],"twitter_card":"summary_large_image","twitter_misc":{"Est. reading time":"3 minutos"},"schema":{"@context":"https:\/\/schema.org","@graph":[{"@type":"WebPage","@id":"https:\/\/www.elementvape.de\/en\/produkt\/strawberry-kiwi-zollfreie-premium-e-zigarette-ein-fruchtig-erfrischender-genuss-aus-erdbeere-und-kiwi-waspe-20000-puffs-dual-mesh\/","url":"https:\/\/www.elementvape.de\/en\/produkt\/strawberry-kiwi-zollfreie-premium-e-zigarette-ein-fruchtig-erfrischender-genuss-aus-erdbeere-und-kiwi-waspe-20000-puffs-dual-mesh\/","name":"STRAWBERRY KIWI Zollfreie Premium E-Zigarette Ein fruchtig-erfrischender Genuss aus Erdbeere und Kiwi WASPE 20000 PUFFS Dual Mesh | ElementVape.de","isPartOf":{"@id":"https:\/\/www.elementvape.de\/#website"},"primaryImageOfPage":{"@id":"https:\/\/www.elementvape.de\/en\/produkt\/strawberry-kiwi-zollfreie-premium-e-zigarette-ein-fruchtig-erfrischender-genuss-aus-erdbeere-und-kiwi-waspe-20000-puffs-dual-mesh\/#primaryimage"},"image":{"@id":"https:\/\/www.elementvape.de\/en\/produkt\/strawberry-kiwi-zollfreie-premium-e-zigarette-ein-fruchtig-erfrischender-genuss-aus-erdbeere-und-kiwi-waspe-20000-puffs-dual-mesh\/#primaryimage"},"thumbnailUrl":"https:\/\/www.elementvape.de\/wp-content\/uploads\/2024\/08\/STRAWBERRY-KIWI-2.jpg","datePublished":"2024-08-26T09:48:57+00:00","dateModified":"2024-10-15T03:35:52+00:00","description":"Wir bieten STRAWBERRY KIWI Zollfreie Premium E-Zigarette Ein fruchtig-erfrischender Genuss aus Erdbeere und Kiwi WASPE 20000 PUFFS Dual Mesh , Elementvape.de akzeptieren Gro\u00df-und Einzelhandel Bestellungen.","breadcrumb":{"@id":"https:\/\/www.elementvape.de\/en\/produkt\/strawberry-kiwi-zollfreie-premium-e-zigarette-ein-fruchtig-erfrischender-genuss-aus-erdbeere-und-kiwi-waspe-20000-puffs-dual-mesh\/#breadcrumb"},"inLanguage":"es","potentialAction":[{"@type":"ReadAction","target":["https:\/\/www.elementvape.de\/en\/produkt\/strawberry-kiwi-zollfreie-premium-e-zigarette-ein-fruchtig-erfrischender-genuss-aus-erdbeere-und-kiwi-waspe-20000-puffs-dual-mesh\/"]}]},{"@type":"ImageObject","inLanguage":"es","@id":"https:\/\/www.elementvape.de\/en\/produkt\/strawberry-kiwi-zollfreie-premium-e-zigarette-ein-fruchtig-erfrischender-genuss-aus-erdbeere-und-kiwi-waspe-20000-puffs-dual-mesh\/#primaryimage","url":"https:\/\/www.elementvape.de\/wp-content\/uploads\/2024\/08\/STRAWBERRY-KIWI-2.jpg","contentUrl":"https:\/\/www.elementvape.de\/wp-content\/uploads\/2024\/08\/STRAWBERRY-KIWI-2.jpg","width":2500,"height":1875,"caption":"STRAWBERRY KIWI"},{"@type":"BreadcrumbList","@id":"https:\/\/www.elementvape.de\/en\/produkt\/strawberry-kiwi-zollfreie-premium-e-zigarette-ein-fruchtig-erfrischender-genuss-aus-erdbeere-und-kiwi-waspe-20000-puffs-dual-mesh\/#breadcrumb","itemListElement":[{"@type":"ListItem","position":1,"name":"Home","item":"https:\/\/www.elementvape.de\/"},{"@type":"ListItem","position":2,"name":"Shop","item":"https:\/\/www.elementvape.de\/shop\/"},{"@type":"ListItem","position":3,"name":"STRAWBERRY KIWI Zollfreie Premium E-Zigarette Ein fruchtig-erfrischender Genuss aus Erdbeere und Kiwi WASPE 20000 PUFFS Dual Mesh"}]},{"@type":"WebSite","@id":"https:\/\/www.elementvape.de\/#website","url":"https:\/\/www.elementvape.de\/","name":"ElementVape.de","description":"","publisher":{"@id":"https:\/\/www.elementvape.de\/#organization"},"potentialAction":[{"@type":"SearchAction","target":{"@type":"EntryPoint","urlTemplate":"https:\/\/www.elementvape.de\/?s={search_term_string}"},"query-input":"required name=search_term_string"}],"inLanguage":"es"},{"@type":"Organization","@id":"https:\/\/www.elementvape.de\/#organization","name":"ElementVape.DE","url":"https:\/\/www.elementvape.de\/","logo":{"@type":"ImageObject","inLanguage":"es","@id":"https:\/\/www.elementvape.de\/#\/schema\/logo\/image\/","url":"https:\/\/www.elementvape.de\/wp-content\/uploads\/2024\/09\/cropped-1elementvape-3.png","contentUrl":"https:\/\/www.elementvape.de\/wp-content\/uploads\/2024\/09\/cropped-1elementvape-3.png","width":285,"height":228,"caption":"ElementVape.DE"},"image":{"@id":"https:\/\/www.elementvape.de\/#\/schema\/logo\/image\/"}}]}},"_links":{"self":[{"href":"https:\/\/www.elementvape.de\/es\/wp-json\/wp\/v2\/product\/14025"}],"collection":[{"href":"https:\/\/www.elementvape.de\/es\/wp-json\/wp\/v2\/product"}],"about":[{"href":"https:\/\/www.elementvape.de\/es\/wp-json\/wp\/v2\/types\/product"}],"wp:featuredmedia":[{"embeddable":true,"href":"https:\/\/www.elementvape.de\/es\/wp-json\/wp\/v2\/media\/14026"}],"wp:attachment":[{"href":"https:\/\/www.elementvape.de\/es\/wp-json\/wp\/v2\/media?parent=14025"}],"wp:term":[{"taxonomy":"product_cat","embeddable":true,"href":"https:\/\/www.elementvape.de\/es\/wp-json\/wp\/v2\/product_cat?post=14025"},{"taxonomy":"product_tag","embeddable":true,"href":"https:\/\/www.elementvape.de\/es\/wp-json\/wp\/v2\/product_tag?post=14025"}],"curies":[{"name":"wp","href":"https:\/\/api.w.org\/{rel}","templated":true}]}}