{"id":13988,"date":"2024-08-23T07:07:12","date_gmt":"2024-08-23T07:07:12","guid":{"rendered":"https:\/\/www.elementvape.de\/?post_type=product&#038;p=13988"},"modified":"2024-10-16T02:49:27","modified_gmt":"2024-10-16T02:49:27","slug":"waspe-12000-puffs-e-zigarette-zollfrei-strawberry-raspberry-cherry-20-ml-12000-zuege","status":"publish","type":"product","link":"https:\/\/www.elementvape.de\/es\/produkt\/waspe-12000-puffs-e-zigarette-zollfrei-strawberry-raspberry-cherry-20-ml-12000-zuege\/","title":{"rendered":"WASPE 12000 caladas cigarrillo electr\u00f3nico libre de impuestos FRESA FRAMBUESA CEREZA 20 ml 12000 caladas"},"content":{"rendered":"<div class=\"flex-shrink-0 flex flex-col relative items-end\">\n<div>\n<div class=\"pt-0\">\n<div class=\"gizmo-bot-avatar flex h-8 w-8 items-center justify-center overflow-hidden rounded-full\">\n<div class=\"relative p-1 rounded-sm flex items-center justify-center bg-token-main-surface-primary text-token-text-primary h-8 w-8\"><\/div>\n<\/div>\n<\/div>\n<\/div>\n<\/div>\n<div class=\"group\/conversation-turn relative flex w-full min-w-0 flex-col agent-turn\">\n<div class=\"flex-col gap-1 md:gap-3\">\n<div class=\"flex max-w-full flex-col flex-grow\">\n<div class=\"min-h-[20px] text-message flex w-full flex-col items-end gap-2 break-words [.text-message+&amp;]:mt-5 overflow-x-auto whitespace-pre-wrap\" dir=\"auto\" data-message-author-role=\"assistant\" data-message-id=\"598ccd36-93cd-4633-a6ee-94836800ea64\">\n<div class=\"flex w-full flex-col gap-1 empty:hidden first:pt-[3px]\">\n<div class=\"markdown prose w-full break-words dark:prose-invert light\">\n<h2>WASPE-12000 Cigarrillo electr\u00f3nico: explosi\u00f3n de sabor con STRAWBERRY RASPBERRY CHERRY<\/h2>\n<p>El cigarrillo electr\u00f3nico WASPE-12000 ofrece una experiencia de vaporizaci\u00f3n incomparable, que destaca por su aroma rico y afrutado de STRAWBERRY RASPBERRY CHERRY. Este cigarrillo electr\u00f3nico libre de impuestos es ideal para vapear que desean disfrutar de una mezcla de sabores intensos y dulces de bayas. Con una gran cantidad de caladas y una capacidad de e-l\u00edquido elevada, el WASPE-12000 es la elecci\u00f3n perfecta para un disfrute duradero.<\/p>\n<h4>STRAWBERRY RASPBERRY CHERRY: Una mezcla de frutas de primera clase<\/h4>\n<p>El aroma de STRAWBERRY RASPBERRY CHERRY combina la frescura dulce de las fresas, la ligera acidez de las frambuesas y la dulzura profunda de las cerezas. Esta combinaci\u00f3n ofrece una experiencia de sabor compleja y equilibrada, que es tanto dulce como ligeramente \u00e1cida. Cada calada proporciona una mezcla armoniosa de estas tres frutas, creando una experiencia de vaporizaci\u00f3n vibrante y satisfactoria.<\/p>\n<p>Gracias a la generosa capacidad de e-l\u00edquido de 20 ml y las 12.000 caladas, el WASPE-12000 <strong><a href=\"https:\/\/www.elementvape.de\/es\/\" target=\"_blank\" rel=\"noopener\">Cigarrillo Electr\u00f3nico<\/a><\/strong> garantiza una experiencia de sabor duradera e intensa. La mezcla frutal permanece constante durante todo el uso y ofrece una experiencia de vaporizaci\u00f3n placentera durante mucho tiempo.<\/p>\n<p>El cigarrillo electr\u00f3nico WASPE-12000 no solo impresiona por su sabor excepcional, sino tambi\u00e9n por sus especificaciones t\u00e9cnicas de alta calidad. Los detalles m\u00e1s importantes se resumen en la siguiente tabla:<\/p>\n<table>\n<thead>\n<tr>\n<th><strong>Caracter\u00edstica<\/strong><\/th>\n<th><strong>Detalles<\/strong><\/th>\n<\/tr>\n<\/thead>\n<tbody>\n<tr>\n<td>Modelo<\/td>\n<td>AVISPA-12000<\/td>\n<\/tr>\n<tr>\n<td>Sabor<\/td>\n<td>FRESA FRAMBUESA CEREZA<\/td>\n<\/tr>\n<tr>\n<td>Material<\/td>\n<td>Aleaci\u00f3n de aluminio, PCGT<\/td>\n<\/tr>\n<tr>\n<td>Contenido de N<\/td>\n<td>2%, 5%<\/td>\n<\/tr>\n<tr>\n<td>Resistencia de la bobina<\/td>\n<td>1,0\u03a9<\/td>\n<\/tr>\n<tr>\n<td>Caladas<\/td>\n<td>12.000 caladas<\/td>\n<\/tr>\n<tr>\n<td>Capacidad de e-l\u00edquido<\/td>\n<td>20 ml<\/td>\n<\/tr>\n<tr>\n<td>Capacidad de la bater\u00eda<\/td>\n<td>650 mAh<\/td>\n<\/tr>\n<tr>\n<td>Rango de potencia<\/td>\n<td>7-12V<\/td>\n<\/tr>\n<tr>\n<td>Recargable<\/td>\n<td>Ja<\/td>\n<\/tr>\n<tr>\n<td>Conector de carga<\/td>\n<td>Tipo-C<\/td>\n<\/tr>\n<tr>\n<td>Peso neto<\/td>\n<td>96 g<\/td>\n<\/tr>\n<tr>\n<td>Tama\u00f1o del producto<\/td>\n<td>32<em>36<\/em>116 mm<\/td>\n<\/tr>\n<\/tbody>\n<\/table>\n<p>Con su potente bater\u00eda de 650 mAh y la moderna conexi\u00f3n de carga Tipo-C, el cigarrillo electr\u00f3nico WASPE-12000 ofrece una larga duraci\u00f3n de bater\u00eda y una carga sencilla. Su dise\u00f1o compacto y ligero facilita su transporte, mientras que el material resistente garantiza durabilidad y fiabilidad.<\/p>\n<p><img loading=\"lazy\" decoding=\"async\" class=\"wp-image-13990\" src=\"https:\/\/www.elementvape.de\/wp-content\/uploads\/2024\/08\/7-285x300.jpg\" alt=\"7\" width=\"434\" height=\"457\" srcset=\"https:\/\/www.elementvape.de\/wp-content\/uploads\/2024\/08\/7-285x300.jpg 285w, https:\/\/www.elementvape.de\/wp-content\/uploads\/2024\/08\/7-974x1024.jpg 974w, https:\/\/www.elementvape.de\/wp-content\/uploads\/2024\/08\/7-768x807.jpg 768w, https:\/\/www.elementvape.de\/wp-content\/uploads\/2024\/08\/7-600x631.jpg 600w, https:\/\/www.elementvape.de\/wp-content\/uploads\/2024\/08\/7.jpg 980w\" sizes=\"(max-width: 434px) 100vw, 434px\" \/><\/p>\n<h4><\/h4>\n<p>Una gran ventaja del cigarrillo electr\u00f3nico WASPE-12000 es su disponibilidad libre de impuestos en Espa\u00f1a. Esto lo hace especialmente atractivo para los consumidores que buscan un producto de alta calidad a un precio asequible. Los comerciantes pueden beneficiarse de esta ventaja competitiva ofreciendo un producto deseable y de alta calidad que atrae a un amplio p\u00fablico.<\/p>\n<p>La combinaci\u00f3n del aroma intenso de STRAWBERRY RASPBERRY CHERRY, la tecnolog\u00eda avanzada y la disponibilidad libre de impuestos hacen del WASPE-12000 una excelente opci\u00f3n para vapear que busca una experiencia duradera y frutal.<\/p>\n<\/div>\n<\/div>\n<\/div>\n<\/div>\n<\/div>\n<\/div>","protected":false},"excerpt":{"rendered":"<p>WASPE-12000 E-Zigarette: Geschmacksexplosion mit STRAWBERRY RASPBERRY CHERRY Die WASPE-12000 E-Zigarette bietet ein unvergleichliches Dampferlebnis, das durch das reichhaltige und fruchtige Aroma von STRAWBERRY RASPBERRY CHERRY hervorsticht. Diese zollfreie E-Zigarette ist ideal f\u00fcr Dampfer, die eine Mischung aus intensiven und s\u00fc\u00dfen Beerenaromen genie\u00dfen m\u00f6chten. Mit einer hohen Anzahl an Z\u00fcgen und einer gro\u00dfen E-Liquid-Kapazit\u00e4t ist die [&hellip;]<\/p>","protected":false},"featured_media":13989,"template":"","meta":{"inline_featured_image":false},"product_cat":[15,78,735,746,741,733,744,755,738,751,722],"product_tag":[710,673],"tiered_pricing_type":"fixed","tiered_pricing_fixed_rules":{"110":"6.83","200":"6.07","500":"5.31"},"tiered_pricing_percentage_rules":[],"tiered_pricing_minimum":1,"_administrator_tiered_pricing_type":"fixed","_administrator_tiered_pricing_fixed_rules":[],"_editor_tiered_pricing_type":"fixed","_editor_tiered_pricing_fixed_rules":[],"_author_tiered_pricing_type":"fixed","_author_tiered_pricing_fixed_rules":[],"_contributor_tiered_pricing_type":"fixed","_contributor_tiered_pricing_fixed_rules":[],"_subscriber_tiered_pricing_type":"fixed","_subscriber_tiered_pricing_fixed_rules":[],"_customer_tiered_pricing_type":"fixed","_customer_tiered_pricing_fixed_rules":[],"_shop_manager_tiered_pricing_type":"fixed","_shop_manager_tiered_pricing_fixed_rules":[],"_wpseo_manager_tiered_pricing_type":"fixed","_wpseo_manager_tiered_pricing_fixed_rules":[],"_wpseo_editor_tiered_pricing_type":"fixed","_wpseo_editor_tiered_pricing_fixed_rules":[],"_wholesale_customer_tiered_pricing_type":"fixed","_wholesale_customer_tiered_pricing_fixed_rules":[],"_marketer_tiered_pricing_type":"fixed","_marketer_tiered_pricing_fixed_rules":[],"_sales_manager_tiered_pricing_type":"fixed","_sales_manager_tiered_pricing_fixed_rules":[],"_sales_rep_tiered_pricing_type":"fixed","_sales_rep_tiered_pricing_fixed_rules":[],"yoast_head":"<!-- This site is optimized with the Yoast SEO plugin v23.3 - https:\/\/yoast.com\/wordpress\/plugins\/seo\/ -->\n<title>WASPE 12000 Puffs E-Zigarette Zollfrei STRAWBERRY RASPBERRY CHERRY 20 ml 12000 Z\u00fcge | ElementVape.de<\/title>\n<meta name=\"description\" content=\"Wir bieten WASPE 12000 Puffs E-Zigarette Zollfrei STRAWBERRY RASPBERRY CHERRY 20 ml 12000 Z\u00fcge , Elementvape.de akzeptieren Gro\u00df-und Einzelhandel Bestellungen.\" \/>\n<meta name=\"robots\" content=\"index, follow, max-snippet:-1, max-image-preview:large, max-video-preview:-1\" \/>\n<link rel=\"canonical\" href=\"https:\/\/www.elementvape.de\/es\/produkt\/waspe-12000-puffs-e-zigarette-zollfrei-strawberry-raspberry-cherry-20-ml-12000-zuege\/\" \/>\n<meta property=\"og:locale\" content=\"es_ES\" \/>\n<meta property=\"og:type\" content=\"article\" \/>\n<meta property=\"og:title\" content=\"WASPE 12000 Puffs E-Zigarette Zollfrei STRAWBERRY RASPBERRY CHERRY 20 ml 12000 Z\u00fcge | ElementVape.de\" \/>\n<meta property=\"og:description\" content=\"Wir bieten WASPE 12000 Puffs E-Zigarette Zollfrei STRAWBERRY RASPBERRY CHERRY 20 ml 12000 Z\u00fcge , Elementvape.de akzeptieren Gro\u00df-und Einzelhandel Bestellungen.\" \/>\n<meta property=\"og:url\" content=\"https:\/\/www.elementvape.de\/es\/produkt\/waspe-12000-puffs-e-zigarette-zollfrei-strawberry-raspberry-cherry-20-ml-12000-zuege\/\" \/>\n<meta property=\"og:site_name\" content=\"ElementVape.de\" \/>\n<meta property=\"article:modified_time\" content=\"2024-10-16T02:49:27+00:00\" \/>\n<meta property=\"og:image\" content=\"https:\/\/www.elementvape.de\/wp-content\/uploads\/2024\/08\/STRAWBERRY-RASPBERRY-CHERRY.jpg\" \/>\n\t<meta property=\"og:image:width\" content=\"2500\" \/>\n\t<meta property=\"og:image:height\" content=\"1500\" \/>\n\t<meta property=\"og:image:type\" content=\"image\/jpeg\" \/>\n<meta name=\"twitter:card\" content=\"summary_large_image\" \/>\n<meta name=\"twitter:label1\" content=\"Est. reading time\" \/>\n\t<meta name=\"twitter:data1\" content=\"3 minutos\" \/>\n<script type=\"application\/ld+json\" class=\"yoast-schema-graph\">{\"@context\":\"https:\/\/schema.org\",\"@graph\":[{\"@type\":\"WebPage\",\"@id\":\"https:\/\/www.elementvape.de\/es\/produkt\/waspe-12000-puffs-e-zigarette-zollfrei-strawberry-raspberry-cherry-20-ml-12000-zuege\/\",\"url\":\"https:\/\/www.elementvape.de\/es\/produkt\/waspe-12000-puffs-e-zigarette-zollfrei-strawberry-raspberry-cherry-20-ml-12000-zuege\/\",\"name\":\"WASPE 12000 Puffs E-Zigarette Zollfrei STRAWBERRY RASPBERRY CHERRY 20 ml 12000 Z\u00fcge | ElementVape.de\",\"isPartOf\":{\"@id\":\"https:\/\/www.elementvape.de\/#website\"},\"primaryImageOfPage\":{\"@id\":\"https:\/\/www.elementvape.de\/es\/produkt\/waspe-12000-puffs-e-zigarette-zollfrei-strawberry-raspberry-cherry-20-ml-12000-zuege\/#primaryimage\"},\"image\":{\"@id\":\"https:\/\/www.elementvape.de\/es\/produkt\/waspe-12000-puffs-e-zigarette-zollfrei-strawberry-raspberry-cherry-20-ml-12000-zuege\/#primaryimage\"},\"thumbnailUrl\":\"https:\/\/www.elementvape.de\/wp-content\/uploads\/2024\/08\/STRAWBERRY-RASPBERRY-CHERRY.jpg\",\"datePublished\":\"2024-08-23T07:07:12+00:00\",\"dateModified\":\"2024-10-16T02:49:27+00:00\",\"description\":\"Wir bieten WASPE 12000 Puffs E-Zigarette Zollfrei STRAWBERRY RASPBERRY CHERRY 20 ml 12000 Z\u00fcge , Elementvape.de akzeptieren Gro\u00df-und Einzelhandel Bestellungen.\",\"breadcrumb\":{\"@id\":\"https:\/\/www.elementvape.de\/es\/produkt\/waspe-12000-puffs-e-zigarette-zollfrei-strawberry-raspberry-cherry-20-ml-12000-zuege\/#breadcrumb\"},\"inLanguage\":\"es\",\"potentialAction\":[{\"@type\":\"ReadAction\",\"target\":[\"https:\/\/www.elementvape.de\/es\/produkt\/waspe-12000-puffs-e-zigarette-zollfrei-strawberry-raspberry-cherry-20-ml-12000-zuege\/\"]}]},{\"@type\":\"ImageObject\",\"inLanguage\":\"es\",\"@id\":\"https:\/\/www.elementvape.de\/es\/produkt\/waspe-12000-puffs-e-zigarette-zollfrei-strawberry-raspberry-cherry-20-ml-12000-zuege\/#primaryimage\",\"url\":\"https:\/\/www.elementvape.de\/wp-content\/uploads\/2024\/08\/STRAWBERRY-RASPBERRY-CHERRY.jpg\",\"contentUrl\":\"https:\/\/www.elementvape.de\/wp-content\/uploads\/2024\/08\/STRAWBERRY-RASPBERRY-CHERRY.jpg\",\"width\":2500,\"height\":1500,\"caption\":\"STRAWBERRY RASPBERRY CHERRY\"},{\"@type\":\"BreadcrumbList\",\"@id\":\"https:\/\/www.elementvape.de\/es\/produkt\/waspe-12000-puffs-e-zigarette-zollfrei-strawberry-raspberry-cherry-20-ml-12000-zuege\/#breadcrumb\",\"itemListElement\":[{\"@type\":\"ListItem\",\"position\":1,\"name\":\"Home\",\"item\":\"https:\/\/www.elementvape.de\/\"},{\"@type\":\"ListItem\",\"position\":2,\"name\":\"Shop\",\"item\":\"https:\/\/www.elementvape.de\/shop\/\"},{\"@type\":\"ListItem\",\"position\":3,\"name\":\"WASPE 12000 Puffs E-Zigarette Zollfrei STRAWBERRY RASPBERRY CHERRY 20 ml 12000 Z\u00fcge\"}]},{\"@type\":\"WebSite\",\"@id\":\"https:\/\/www.elementvape.de\/#website\",\"url\":\"https:\/\/www.elementvape.de\/\",\"name\":\"ElementVape.de\",\"description\":\"\",\"publisher\":{\"@id\":\"https:\/\/www.elementvape.de\/#organization\"},\"potentialAction\":[{\"@type\":\"SearchAction\",\"target\":{\"@type\":\"EntryPoint\",\"urlTemplate\":\"https:\/\/www.elementvape.de\/?s={search_term_string}\"},\"query-input\":\"required name=search_term_string\"}],\"inLanguage\":\"es\"},{\"@type\":\"Organization\",\"@id\":\"https:\/\/www.elementvape.de\/#organization\",\"name\":\"ElementVape.DE\",\"url\":\"https:\/\/www.elementvape.de\/\",\"logo\":{\"@type\":\"ImageObject\",\"inLanguage\":\"es\",\"@id\":\"https:\/\/www.elementvape.de\/#\/schema\/logo\/image\/\",\"url\":\"https:\/\/www.elementvape.de\/wp-content\/uploads\/2024\/09\/cropped-1elementvape-3.png\",\"contentUrl\":\"https:\/\/www.elementvape.de\/wp-content\/uploads\/2024\/09\/cropped-1elementvape-3.png\",\"width\":285,\"height\":228,\"caption\":\"ElementVape.DE\"},\"image\":{\"@id\":\"https:\/\/www.elementvape.de\/#\/schema\/logo\/image\/\"}}]}<\/script>\n<!-- \/ Yoast SEO plugin. -->","yoast_head_json":{"title":"WASPE 12000 Puffs E-Zigarette Zollfrei STRAWBERRY RASPBERRY CHERRY 20 ml 12000 Z\u00fcge | ElementVape.de","description":"Wir bieten WASPE 12000 Puffs E-Zigarette Zollfrei STRAWBERRY RASPBERRY CHERRY 20 ml 12000 Z\u00fcge , Elementvape.de akzeptieren Gro\u00df-und Einzelhandel Bestellungen.","robots":{"index":"index","follow":"follow","max-snippet":"max-snippet:-1","max-image-preview":"max-image-preview:large","max-video-preview":"max-video-preview:-1"},"canonical":"https:\/\/www.elementvape.de\/es\/produkt\/waspe-12000-puffs-e-zigarette-zollfrei-strawberry-raspberry-cherry-20-ml-12000-zuege\/","og_locale":"es_ES","og_type":"article","og_title":"WASPE 12000 Puffs E-Zigarette Zollfrei STRAWBERRY RASPBERRY CHERRY 20 ml 12000 Z\u00fcge | ElementVape.de","og_description":"Wir bieten WASPE 12000 Puffs E-Zigarette Zollfrei STRAWBERRY RASPBERRY CHERRY 20 ml 12000 Z\u00fcge , Elementvape.de akzeptieren Gro\u00df-und Einzelhandel Bestellungen.","og_url":"https:\/\/www.elementvape.de\/es\/produkt\/waspe-12000-puffs-e-zigarette-zollfrei-strawberry-raspberry-cherry-20-ml-12000-zuege\/","og_site_name":"ElementVape.de","article_modified_time":"2024-10-16T02:49:27+00:00","og_image":[{"width":2500,"height":1500,"url":"https:\/\/www.elementvape.de\/wp-content\/uploads\/2024\/08\/STRAWBERRY-RASPBERRY-CHERRY.jpg","type":"image\/jpeg"}],"twitter_card":"summary_large_image","twitter_misc":{"Est. reading time":"3 minutos"},"schema":{"@context":"https:\/\/schema.org","@graph":[{"@type":"WebPage","@id":"https:\/\/www.elementvape.de\/es\/produkt\/waspe-12000-puffs-e-zigarette-zollfrei-strawberry-raspberry-cherry-20-ml-12000-zuege\/","url":"https:\/\/www.elementvape.de\/es\/produkt\/waspe-12000-puffs-e-zigarette-zollfrei-strawberry-raspberry-cherry-20-ml-12000-zuege\/","name":"WASPE 12000 Puffs E-Zigarette Zollfrei STRAWBERRY RASPBERRY CHERRY 20 ml 12000 Z\u00fcge | ElementVape.de","isPartOf":{"@id":"https:\/\/www.elementvape.de\/#website"},"primaryImageOfPage":{"@id":"https:\/\/www.elementvape.de\/es\/produkt\/waspe-12000-puffs-e-zigarette-zollfrei-strawberry-raspberry-cherry-20-ml-12000-zuege\/#primaryimage"},"image":{"@id":"https:\/\/www.elementvape.de\/es\/produkt\/waspe-12000-puffs-e-zigarette-zollfrei-strawberry-raspberry-cherry-20-ml-12000-zuege\/#primaryimage"},"thumbnailUrl":"https:\/\/www.elementvape.de\/wp-content\/uploads\/2024\/08\/STRAWBERRY-RASPBERRY-CHERRY.jpg","datePublished":"2024-08-23T07:07:12+00:00","dateModified":"2024-10-16T02:49:27+00:00","description":"Wir bieten WASPE 12000 Puffs E-Zigarette Zollfrei STRAWBERRY RASPBERRY CHERRY 20 ml 12000 Z\u00fcge , Elementvape.de akzeptieren Gro\u00df-und Einzelhandel Bestellungen.","breadcrumb":{"@id":"https:\/\/www.elementvape.de\/es\/produkt\/waspe-12000-puffs-e-zigarette-zollfrei-strawberry-raspberry-cherry-20-ml-12000-zuege\/#breadcrumb"},"inLanguage":"es","potentialAction":[{"@type":"ReadAction","target":["https:\/\/www.elementvape.de\/es\/produkt\/waspe-12000-puffs-e-zigarette-zollfrei-strawberry-raspberry-cherry-20-ml-12000-zuege\/"]}]},{"@type":"ImageObject","inLanguage":"es","@id":"https:\/\/www.elementvape.de\/es\/produkt\/waspe-12000-puffs-e-zigarette-zollfrei-strawberry-raspberry-cherry-20-ml-12000-zuege\/#primaryimage","url":"https:\/\/www.elementvape.de\/wp-content\/uploads\/2024\/08\/STRAWBERRY-RASPBERRY-CHERRY.jpg","contentUrl":"https:\/\/www.elementvape.de\/wp-content\/uploads\/2024\/08\/STRAWBERRY-RASPBERRY-CHERRY.jpg","width":2500,"height":1500,"caption":"STRAWBERRY RASPBERRY CHERRY"},{"@type":"BreadcrumbList","@id":"https:\/\/www.elementvape.de\/es\/produkt\/waspe-12000-puffs-e-zigarette-zollfrei-strawberry-raspberry-cherry-20-ml-12000-zuege\/#breadcrumb","itemListElement":[{"@type":"ListItem","position":1,"name":"Home","item":"https:\/\/www.elementvape.de\/"},{"@type":"ListItem","position":2,"name":"Shop","item":"https:\/\/www.elementvape.de\/shop\/"},{"@type":"ListItem","position":3,"name":"WASPE 12000 Puffs E-Zigarette Zollfrei STRAWBERRY RASPBERRY CHERRY 20 ml 12000 Z\u00fcge"}]},{"@type":"WebSite","@id":"https:\/\/www.elementvape.de\/#website","url":"https:\/\/www.elementvape.de\/","name":"ElementVape.de","description":"","publisher":{"@id":"https:\/\/www.elementvape.de\/#organization"},"potentialAction":[{"@type":"SearchAction","target":{"@type":"EntryPoint","urlTemplate":"https:\/\/www.elementvape.de\/?s={search_term_string}"},"query-input":"required name=search_term_string"}],"inLanguage":"es"},{"@type":"Organization","@id":"https:\/\/www.elementvape.de\/#organization","name":"ElementVape.DE","url":"https:\/\/www.elementvape.de\/","logo":{"@type":"ImageObject","inLanguage":"es","@id":"https:\/\/www.elementvape.de\/#\/schema\/logo\/image\/","url":"https:\/\/www.elementvape.de\/wp-content\/uploads\/2024\/09\/cropped-1elementvape-3.png","contentUrl":"https:\/\/www.elementvape.de\/wp-content\/uploads\/2024\/09\/cropped-1elementvape-3.png","width":285,"height":228,"caption":"ElementVape.DE"},"image":{"@id":"https:\/\/www.elementvape.de\/#\/schema\/logo\/image\/"}}]}},"_links":{"self":[{"href":"https:\/\/www.elementvape.de\/es\/wp-json\/wp\/v2\/product\/13988"}],"collection":[{"href":"https:\/\/www.elementvape.de\/es\/wp-json\/wp\/v2\/product"}],"about":[{"href":"https:\/\/www.elementvape.de\/es\/wp-json\/wp\/v2\/types\/product"}],"wp:featuredmedia":[{"embeddable":true,"href":"https:\/\/www.elementvape.de\/es\/wp-json\/wp\/v2\/media\/13989"}],"wp:attachment":[{"href":"https:\/\/www.elementvape.de\/es\/wp-json\/wp\/v2\/media?parent=13988"}],"wp:term":[{"taxonomy":"product_cat","embeddable":true,"href":"https:\/\/www.elementvape.de\/es\/wp-json\/wp\/v2\/product_cat?post=13988"},{"taxonomy":"product_tag","embeddable":true,"href":"https:\/\/www.elementvape.de\/es\/wp-json\/wp\/v2\/product_tag?post=13988"}],"curies":[{"name":"wp","href":"https:\/\/api.w.org\/{rel}","templated":true}]}}