{"id":13943,"date":"2024-08-22T07:32:05","date_gmt":"2024-08-22T07:32:05","guid":{"rendered":"https:\/\/www.elementvape.de\/?post_type=product&#038;p=13943"},"modified":"2024-12-12T06:34:06","modified_gmt":"2024-12-12T06:34:06","slug":"doppelte-frische-double-apple-der-geschmack-der-jeden-zug-unvergesslich-macht","status":"publish","type":"product","link":"https:\/\/www.elementvape.de\/es\/produkt\/doppelte-frische-double-apple-der-geschmack-der-jeden-zug-unvergesslich-macht\/","title":{"rendered":"Doble frescura Double Apple \u2013 el sabor que hace que cada calada sea inolvidable"},"content":{"rendered":"<h2>Doble frescura Double Apple \u2013 el sabor que hace que cada calada sea inolvidable<\/h2>\n<h3>Intensidad frutal en cada calada<\/h3>\n<p>Experimenta la mezcla perfecta de manzana roja dulce y manzana verde refrescante con el WASPE 15000 PUFFS. El sabor doble a manzana te ofrece una fruta inigualable que mimar\u00e1 tus papilas gustativas en cada calada. La cuidadosa combinaci\u00f3n de dos variedades de manzana garantiza un equilibrio armonioso entre dulzura y frescura que no olvidar\u00e1s f\u00e1cilmente.<\/p>\n<p>Gracias a la avanzada tecnolog\u00eda Mesh Coil, el sabor del e-l\u00edquido Double Apple se desarrolla de manera \u00f3ptima. Cada inhalaci\u00f3n resalta claramente los aromas frutales, permiti\u00e9ndote disfrutar al m\u00e1ximo del d\u00fao de manzanas. Esta tecnolog\u00eda asegura que cada calada est\u00e9 llena del sabor aut\u00e9ntico que amas.<\/p>\n<h3>Experiencia de vapeo de larga duraci\u00f3n<\/h3>\n<p>Con una capacidad de hasta 15.000 caladas, el WASPE 15000 PUFFS no solo ofrece un sabor excepcional, sino tambi\u00e9n una impresionante durabilidad. El generoso tanque de 22 ml de e-l\u00edquido garantiza que puedas disfrutar durante mucho tiempo del sabor Double Apple sin tener que rellenar con frecuencia. Esto hace que el dispositivo sea un compa\u00f1ero ideal para sesiones prolongadas de vapeo.<\/p>\n<p>La bater\u00eda recargable de 850mAh asegura que puedas experimentar el m\u00e1ximo disfrute sin interrupciones. La moderna conexi\u00f3n Type-C permite una carga r\u00e1pida y sencilla, para que est\u00e9s listo en cualquier momento para una nueva ronda de vapor frutal.<\/p>\n<table>\n<thead>\n<tr>\n<th><strong>Caracter\u00edstica<\/strong><\/th>\n<th><strong>Detalles<\/strong><\/th>\n<\/tr>\n<\/thead>\n<tbody>\n<tr>\n<td>Sabor<\/td>\n<td>Doble manzana<\/td>\n<\/tr>\n<tr>\n<td>Contenido de N<\/td>\n<td>2% , 5%<\/td>\n<\/tr>\n<tr>\n<td>Capacidad de caladas<\/td>\n<td>Hasta 15.000 caladas<\/td>\n<\/tr>\n<tr>\n<td>Capacidad de e-l\u00edquido<\/td>\n<td>22ml<\/td>\n<\/tr>\n<tr>\n<td>Tecnolog\u00eda de bobina<\/td>\n<td>Bobina de malla de 0,8\u03a9 para un sabor m\u00e1s intenso y m\u00e1s vapor<\/td>\n<\/tr>\n<tr>\n<td>Pantalla<\/td>\n<td>Pantalla LCD para mostrar informaci\u00f3n en tiempo real<\/td>\n<\/tr>\n<tr>\n<td>Bater\u00eda<\/td>\n<td>Bater\u00eda recargable de 850mAh<\/td>\n<\/tr>\n<tr>\n<td>Conector de carga<\/td>\n<td>Puerto Type-C<\/td>\n<\/tr>\n<\/tbody>\n<\/table>","protected":false},"excerpt":{"rendered":"<p>Doppelte Frische: Double Apple \u2013 Der Geschmack, der jeden Zug unvergesslich macht Fruchtige Intensit\u00e4t in jedem Zug Erleben Sie die perfekte Mischung aus s\u00fc\u00dfem roten Apfel und erfrischendem gr\u00fcnem Apfel mit dem WASPE 15000 PUFFS. Der doppelte Apfelgeschmack bietet Ihnen eine unvergleichliche Fruchtigkeit, die Ihre Geschmacksknospen bei jedem Zug verw\u00f6hnt. Die sorgf\u00e4ltig abgestimmte Kombination aus [&hellip;]<\/p>","protected":false},"featured_media":13944,"template":"","meta":{"inline_featured_image":false},"product_cat":[15,78,735,746,741,733,744,755,738,751,732,723],"product_tag":[710,674],"tiered_pricing_type":"fixed","tiered_pricing_fixed_rules":{"110":"7.91","200":"7.03","500":"6.15"},"tiered_pricing_percentage_rules":[],"tiered_pricing_minimum":1,"_administrator_tiered_pricing_type":"fixed","_administrator_tiered_pricing_fixed_rules":[],"_editor_tiered_pricing_type":"fixed","_editor_tiered_pricing_fixed_rules":[],"_author_tiered_pricing_type":"fixed","_author_tiered_pricing_fixed_rules":[],"_contributor_tiered_pricing_type":"fixed","_contributor_tiered_pricing_fixed_rules":[],"_subscriber_tiered_pricing_type":"fixed","_subscriber_tiered_pricing_fixed_rules":[],"_customer_tiered_pricing_type":"fixed","_customer_tiered_pricing_fixed_rules":[],"_shop_manager_tiered_pricing_type":"fixed","_shop_manager_tiered_pricing_fixed_rules":[],"_wpseo_manager_tiered_pricing_type":"fixed","_wpseo_manager_tiered_pricing_fixed_rules":[],"_wpseo_editor_tiered_pricing_type":"fixed","_wpseo_editor_tiered_pricing_fixed_rules":[],"_wholesale_customer_tiered_pricing_type":"fixed","_wholesale_customer_tiered_pricing_fixed_rules":[],"_marketer_tiered_pricing_type":"fixed","_marketer_tiered_pricing_fixed_rules":[],"_sales_manager_tiered_pricing_type":"fixed","_sales_manager_tiered_pricing_fixed_rules":[],"_sales_rep_tiered_pricing_type":"fixed","_sales_rep_tiered_pricing_fixed_rules":[],"yoast_head":"<!-- This site is optimized with the Yoast SEO plugin v23.3 - https:\/\/yoast.com\/wordpress\/plugins\/seo\/ -->\n<title>Doppelte Frische Double Apple \u2013 der Geschmack der jeden Zug unvergesslich macht | ElementVape.de<\/title>\n<meta name=\"description\" content=\"Wir bieten Doppelte Frische Double Apple \u2013 der Geschmack der jeden Zug unvergesslich macht , Elementvape.de akzeptieren Gro\u00df-und Einzelhandel Bestellungen.\" \/>\n<meta name=\"robots\" content=\"index, follow, max-snippet:-1, max-image-preview:large, max-video-preview:-1\" \/>\n<link rel=\"canonical\" href=\"https:\/\/www.elementvape.de\/es\/produkt\/doppelte-frische-double-apple-der-geschmack-der-jeden-zug-unvergesslich-macht\/\" \/>\n<meta property=\"og:locale\" content=\"es_ES\" \/>\n<meta property=\"og:type\" content=\"article\" \/>\n<meta property=\"og:title\" content=\"Doppelte Frische Double Apple \u2013 der Geschmack der jeden Zug unvergesslich macht | ElementVape.de\" \/>\n<meta property=\"og:description\" content=\"Wir bieten Doppelte Frische Double Apple \u2013 der Geschmack der jeden Zug unvergesslich macht , Elementvape.de akzeptieren Gro\u00df-und Einzelhandel Bestellungen.\" \/>\n<meta property=\"og:url\" content=\"https:\/\/www.elementvape.de\/es\/produkt\/doppelte-frische-double-apple-der-geschmack-der-jeden-zug-unvergesslich-macht\/\" \/>\n<meta property=\"og:site_name\" content=\"ElementVape.de\" \/>\n<meta property=\"article:modified_time\" content=\"2024-12-12T06:34:06+00:00\" \/>\n<meta property=\"og:image\" content=\"https:\/\/www.elementvape.de\/wp-content\/uploads\/2024\/08\/Double-Apple.jpg\" \/>\n\t<meta property=\"og:image:width\" content=\"1920\" \/>\n\t<meta property=\"og:image:height\" content=\"1536\" \/>\n\t<meta property=\"og:image:type\" content=\"image\/jpeg\" \/>\n<meta name=\"twitter:card\" content=\"summary_large_image\" \/>\n<meta name=\"twitter:label1\" content=\"Est. reading time\" \/>\n\t<meta name=\"twitter:data1\" content=\"2 minutos\" \/>\n<script type=\"application\/ld+json\" class=\"yoast-schema-graph\">{\"@context\":\"https:\/\/schema.org\",\"@graph\":[{\"@type\":\"WebPage\",\"@id\":\"https:\/\/www.elementvape.de\/it\/produkt\/doppelte-frische-double-apple-der-geschmack-der-jeden-zug-unvergesslich-macht\/\",\"url\":\"https:\/\/www.elementvape.de\/it\/produkt\/doppelte-frische-double-apple-der-geschmack-der-jeden-zug-unvergesslich-macht\/\",\"name\":\"Doppelte Frische Double Apple \u2013 der Geschmack der jeden Zug unvergesslich macht | ElementVape.de\",\"isPartOf\":{\"@id\":\"https:\/\/www.elementvape.de\/#website\"},\"primaryImageOfPage\":{\"@id\":\"https:\/\/www.elementvape.de\/it\/produkt\/doppelte-frische-double-apple-der-geschmack-der-jeden-zug-unvergesslich-macht\/#primaryimage\"},\"image\":{\"@id\":\"https:\/\/www.elementvape.de\/it\/produkt\/doppelte-frische-double-apple-der-geschmack-der-jeden-zug-unvergesslich-macht\/#primaryimage\"},\"thumbnailUrl\":\"https:\/\/www.elementvape.de\/wp-content\/uploads\/2024\/08\/Double-Apple.jpg\",\"datePublished\":\"2024-08-22T07:32:05+00:00\",\"dateModified\":\"2024-12-12T06:34:06+00:00\",\"description\":\"Wir bieten Doppelte Frische Double Apple \u2013 der Geschmack der jeden Zug unvergesslich macht , Elementvape.de akzeptieren Gro\u00df-und Einzelhandel Bestellungen.\",\"breadcrumb\":{\"@id\":\"https:\/\/www.elementvape.de\/it\/produkt\/doppelte-frische-double-apple-der-geschmack-der-jeden-zug-unvergesslich-macht\/#breadcrumb\"},\"inLanguage\":\"es\",\"potentialAction\":[{\"@type\":\"ReadAction\",\"target\":[\"https:\/\/www.elementvape.de\/it\/produkt\/doppelte-frische-double-apple-der-geschmack-der-jeden-zug-unvergesslich-macht\/\"]}]},{\"@type\":\"ImageObject\",\"inLanguage\":\"es\",\"@id\":\"https:\/\/www.elementvape.de\/it\/produkt\/doppelte-frische-double-apple-der-geschmack-der-jeden-zug-unvergesslich-macht\/#primaryimage\",\"url\":\"https:\/\/www.elementvape.de\/wp-content\/uploads\/2024\/08\/Double-Apple.jpg\",\"contentUrl\":\"https:\/\/www.elementvape.de\/wp-content\/uploads\/2024\/08\/Double-Apple.jpg\",\"width\":1920,\"height\":1536,\"caption\":\"Double Apple\"},{\"@type\":\"BreadcrumbList\",\"@id\":\"https:\/\/www.elementvape.de\/it\/produkt\/doppelte-frische-double-apple-der-geschmack-der-jeden-zug-unvergesslich-macht\/#breadcrumb\",\"itemListElement\":[{\"@type\":\"ListItem\",\"position\":1,\"name\":\"Home\",\"item\":\"https:\/\/www.elementvape.de\/\"},{\"@type\":\"ListItem\",\"position\":2,\"name\":\"Shop\",\"item\":\"https:\/\/www.elementvape.de\/shop\/\"},{\"@type\":\"ListItem\",\"position\":3,\"name\":\"Doppelte Frische Double Apple \u2013 der Geschmack der jeden Zug unvergesslich macht\"}]},{\"@type\":\"WebSite\",\"@id\":\"https:\/\/www.elementvape.de\/#website\",\"url\":\"https:\/\/www.elementvape.de\/\",\"name\":\"ElementVape.de\",\"description\":\"\",\"publisher\":{\"@id\":\"https:\/\/www.elementvape.de\/#organization\"},\"potentialAction\":[{\"@type\":\"SearchAction\",\"target\":{\"@type\":\"EntryPoint\",\"urlTemplate\":\"https:\/\/www.elementvape.de\/?s={search_term_string}\"},\"query-input\":\"required name=search_term_string\"}],\"inLanguage\":\"es\"},{\"@type\":\"Organization\",\"@id\":\"https:\/\/www.elementvape.de\/#organization\",\"name\":\"ElementVape.DE\",\"url\":\"https:\/\/www.elementvape.de\/\",\"logo\":{\"@type\":\"ImageObject\",\"inLanguage\":\"es\",\"@id\":\"https:\/\/www.elementvape.de\/#\/schema\/logo\/image\/\",\"url\":\"https:\/\/www.elementvape.de\/wp-content\/uploads\/2024\/09\/cropped-1elementvape-3.png\",\"contentUrl\":\"https:\/\/www.elementvape.de\/wp-content\/uploads\/2024\/09\/cropped-1elementvape-3.png\",\"width\":285,\"height\":228,\"caption\":\"ElementVape.DE\"},\"image\":{\"@id\":\"https:\/\/www.elementvape.de\/#\/schema\/logo\/image\/\"}}]}<\/script>\n<!-- \/ Yoast SEO plugin. -->","yoast_head_json":{"title":"Doppelte Frische Double Apple \u2013 der Geschmack der jeden Zug unvergesslich macht | ElementVape.de","description":"Wir bieten Doppelte Frische Double Apple \u2013 der Geschmack der jeden Zug unvergesslich macht , Elementvape.de akzeptieren Gro\u00df-und Einzelhandel Bestellungen.","robots":{"index":"index","follow":"follow","max-snippet":"max-snippet:-1","max-image-preview":"max-image-preview:large","max-video-preview":"max-video-preview:-1"},"canonical":"https:\/\/www.elementvape.de\/es\/produkt\/doppelte-frische-double-apple-der-geschmack-der-jeden-zug-unvergesslich-macht\/","og_locale":"es_ES","og_type":"article","og_title":"Doppelte Frische Double Apple \u2013 der Geschmack der jeden Zug unvergesslich macht | ElementVape.de","og_description":"Wir bieten Doppelte Frische Double Apple \u2013 der Geschmack der jeden Zug unvergesslich macht , Elementvape.de akzeptieren Gro\u00df-und Einzelhandel Bestellungen.","og_url":"https:\/\/www.elementvape.de\/es\/produkt\/doppelte-frische-double-apple-der-geschmack-der-jeden-zug-unvergesslich-macht\/","og_site_name":"ElementVape.de","article_modified_time":"2024-12-12T06:34:06+00:00","og_image":[{"width":1920,"height":1536,"url":"https:\/\/www.elementvape.de\/wp-content\/uploads\/2024\/08\/Double-Apple.jpg","type":"image\/jpeg"}],"twitter_card":"summary_large_image","twitter_misc":{"Est. reading time":"2 minutos"},"schema":{"@context":"https:\/\/schema.org","@graph":[{"@type":"WebPage","@id":"https:\/\/www.elementvape.de\/it\/produkt\/doppelte-frische-double-apple-der-geschmack-der-jeden-zug-unvergesslich-macht\/","url":"https:\/\/www.elementvape.de\/it\/produkt\/doppelte-frische-double-apple-der-geschmack-der-jeden-zug-unvergesslich-macht\/","name":"Doppelte Frische Double Apple \u2013 der Geschmack der jeden Zug unvergesslich macht | ElementVape.de","isPartOf":{"@id":"https:\/\/www.elementvape.de\/#website"},"primaryImageOfPage":{"@id":"https:\/\/www.elementvape.de\/it\/produkt\/doppelte-frische-double-apple-der-geschmack-der-jeden-zug-unvergesslich-macht\/#primaryimage"},"image":{"@id":"https:\/\/www.elementvape.de\/it\/produkt\/doppelte-frische-double-apple-der-geschmack-der-jeden-zug-unvergesslich-macht\/#primaryimage"},"thumbnailUrl":"https:\/\/www.elementvape.de\/wp-content\/uploads\/2024\/08\/Double-Apple.jpg","datePublished":"2024-08-22T07:32:05+00:00","dateModified":"2024-12-12T06:34:06+00:00","description":"Wir bieten Doppelte Frische Double Apple \u2013 der Geschmack der jeden Zug unvergesslich macht , Elementvape.de akzeptieren Gro\u00df-und Einzelhandel Bestellungen.","breadcrumb":{"@id":"https:\/\/www.elementvape.de\/it\/produkt\/doppelte-frische-double-apple-der-geschmack-der-jeden-zug-unvergesslich-macht\/#breadcrumb"},"inLanguage":"es","potentialAction":[{"@type":"ReadAction","target":["https:\/\/www.elementvape.de\/it\/produkt\/doppelte-frische-double-apple-der-geschmack-der-jeden-zug-unvergesslich-macht\/"]}]},{"@type":"ImageObject","inLanguage":"es","@id":"https:\/\/www.elementvape.de\/it\/produkt\/doppelte-frische-double-apple-der-geschmack-der-jeden-zug-unvergesslich-macht\/#primaryimage","url":"https:\/\/www.elementvape.de\/wp-content\/uploads\/2024\/08\/Double-Apple.jpg","contentUrl":"https:\/\/www.elementvape.de\/wp-content\/uploads\/2024\/08\/Double-Apple.jpg","width":1920,"height":1536,"caption":"Double Apple"},{"@type":"BreadcrumbList","@id":"https:\/\/www.elementvape.de\/it\/produkt\/doppelte-frische-double-apple-der-geschmack-der-jeden-zug-unvergesslich-macht\/#breadcrumb","itemListElement":[{"@type":"ListItem","position":1,"name":"Home","item":"https:\/\/www.elementvape.de\/"},{"@type":"ListItem","position":2,"name":"Shop","item":"https:\/\/www.elementvape.de\/shop\/"},{"@type":"ListItem","position":3,"name":"Doppelte Frische Double Apple \u2013 der Geschmack der jeden Zug unvergesslich macht"}]},{"@type":"WebSite","@id":"https:\/\/www.elementvape.de\/#website","url":"https:\/\/www.elementvape.de\/","name":"ElementVape.de","description":"","publisher":{"@id":"https:\/\/www.elementvape.de\/#organization"},"potentialAction":[{"@type":"SearchAction","target":{"@type":"EntryPoint","urlTemplate":"https:\/\/www.elementvape.de\/?s={search_term_string}"},"query-input":"required name=search_term_string"}],"inLanguage":"es"},{"@type":"Organization","@id":"https:\/\/www.elementvape.de\/#organization","name":"ElementVape.DE","url":"https:\/\/www.elementvape.de\/","logo":{"@type":"ImageObject","inLanguage":"es","@id":"https:\/\/www.elementvape.de\/#\/schema\/logo\/image\/","url":"https:\/\/www.elementvape.de\/wp-content\/uploads\/2024\/09\/cropped-1elementvape-3.png","contentUrl":"https:\/\/www.elementvape.de\/wp-content\/uploads\/2024\/09\/cropped-1elementvape-3.png","width":285,"height":228,"caption":"ElementVape.DE"},"image":{"@id":"https:\/\/www.elementvape.de\/#\/schema\/logo\/image\/"}}]}},"_links":{"self":[{"href":"https:\/\/www.elementvape.de\/es\/wp-json\/wp\/v2\/product\/13943"}],"collection":[{"href":"https:\/\/www.elementvape.de\/es\/wp-json\/wp\/v2\/product"}],"about":[{"href":"https:\/\/www.elementvape.de\/es\/wp-json\/wp\/v2\/types\/product"}],"wp:featuredmedia":[{"embeddable":true,"href":"https:\/\/www.elementvape.de\/es\/wp-json\/wp\/v2\/media\/13944"}],"wp:attachment":[{"href":"https:\/\/www.elementvape.de\/es\/wp-json\/wp\/v2\/media?parent=13943"}],"wp:term":[{"taxonomy":"product_cat","embeddable":true,"href":"https:\/\/www.elementvape.de\/es\/wp-json\/wp\/v2\/product_cat?post=13943"},{"taxonomy":"product_tag","embeddable":true,"href":"https:\/\/www.elementvape.de\/es\/wp-json\/wp\/v2\/product_tag?post=13943"}],"curies":[{"name":"wp","href":"https:\/\/api.w.org\/{rel}","templated":true}]}}