{"id":13878,"date":"2024-08-20T06:10:36","date_gmt":"2024-08-20T06:10:36","guid":{"rendered":"https:\/\/www.elementvape.de\/?post_type=product&#038;p=13878"},"modified":"2024-12-12T06:34:28","modified_gmt":"2024-12-12T06:34:28","slug":"elf-shisha-16000-e-zigarette-der-fruchtig-kuehle-lush-ice-vape-fuer-heisse-tage-16000puffs","status":"publish","type":"product","link":"https:\/\/www.elementvape.de\/es\/produkt\/elf-shisha-16000-e-zigarette-der-fruchtig-kuehle-lush-ice-vape-fuer-heisse-tage-16000puffs\/","title":{"rendered":"ELF SHISHA 16000 Cigarrillo electr\u00f3nico La experiencia frutal y fresca de Lush Ice Vape para d\u00edas calurosos 16000PUFFS"},"content":{"rendered":"<div class=\"flex-shrink-0 flex flex-col relative items-end\">\n<div>\n<div class=\"pt-0\">\n<div class=\"gizmo-bot-avatar flex h-8 w-8 items-center justify-center overflow-hidden rounded-full\">\n<h2 class=\"relative p-1 rounded-sm flex items-center justify-center bg-token-main-surface-primary text-token-text-primary h-8 w-8\"><span style=\"font-size: 1.618em;\">Descripci\u00f3n del producto para Lush Ice ELF SHISHA 16000 Puffs<\/span><\/h2>\n<\/div>\n<\/div>\n<\/div>\n<\/div>\n<div class=\"group\/conversation-turn relative flex w-full min-w-0 flex-col agent-turn\">\n<div class=\"flex-col gap-1 md:gap-3\">\n<div class=\"flex max-w-full flex-col flex-grow\">\n<div class=\"min-h-[20px] text-message flex w-full flex-col items-end gap-2 whitespace-pre-wrap break-words [.text-message+&amp;]:mt-5 overflow-x-auto\" dir=\"auto\" data-message-author-role=\"assistant\" data-message-id=\"f610233d-ff2a-454f-9ba7-132652bbca68\">\n<div class=\"flex w-full flex-col gap-1 empty:hidden first:pt-[3px]\">\n<div class=\"markdown prose w-full break-words dark:prose-invert light\">\n<p>El Lush Ice ELF SHISHA 16000 le ofrece una experiencia de sabor refrescante y afrutada, perfecta para los d\u00edas calurosos de verano. Este aroma combina la dulzura jugosa de sand\u00edas maduras con una intensa sensaci\u00f3n de hielo, que aporta una frescura revitalizante en cada calada. El sabor de Lush Ice es una mezcla armoniosa de dulzura frutal y frescura refrescante, que mimar\u00e1 sus sentidos y le dar\u00e1 la sensaci\u00f3n de disfrutar de un c\u00f3ctel de sand\u00eda helado en un d\u00eda caluroso.<\/p>\n<p>Con cada calada del Lush Ice <strong><a href=\"https:\/\/www.elementvape.de\/es\/c\/elf-shisha-16000\/\" target=\"_blank\" rel=\"noopener\">ELF SHISHA 16000<\/a><\/strong> experimentar\u00e1 una ola de frescura, ideal para refrescarse en d\u00edas c\u00e1lidos o simplemente disfrutar del sabor frutal y fr\u00edo en cualquier \u00e9poca del a\u00f1o. Esta combinaci\u00f3n de sabores es perfecta para quienes aman los aromas frutales y valoran el efecto refrescante del mentol.<\/p>\n<h3>Tecnolog\u00eda de vanguardia y durabilidad excepcional<\/h3>\n<p>El Lush Ice ELF SHISHA 16000 no solo destaca por su sabor, sino tambi\u00e9n por su tecnolog\u00eda avanzada. Con una impresionante capacidad de 16.000 caladas, este dispositivo est\u00e1 dise\u00f1ado para durar mucho tiempo y ofrecerle una experiencia de vaporizaci\u00f3n intensa de forma continua. La resistencia de malla de 0,6 ohmios garantiza una producci\u00f3n de vapor uniforme, resaltando completamente el aroma de Lush Ice y creando nubes densas y suaves.<\/p>\n<p>La bater\u00eda integrada recargable de 18250\u2013600 mAh se puede cargar c\u00f3modamente a trav\u00e9s del puerto Tipo-C, ofreciendo una fuente de energ\u00eda confiable y duradera. La pr\u00e1ctica pantalla LED le informa en todo momento sobre el nivel de bater\u00eda, mientras que la regulaci\u00f3n del flujo de aire le permite ajustar la inhalaci\u00f3n seg\u00fan sus preferencias personales. Estas funciones hacen del Lush Ice ELF SHISHA 16000 un dispositivo de primera calidad para los vaporizadores que valoran la calidad y la facilidad de uso.<\/p>\n<h3>Perfecto para d\u00edas calurosos: disfrute refrescante sin impuestos<\/h3>\n<p>Con el Lush Ice ELF SHISHA 16000, no solo disfrutar\u00e1 de una experiencia de sabor de primera clase, sino tambi\u00e9n de las ventajas de una compra libre de impuestos. Este producto premium le ofrece un disfrute afrutado y fr\u00edo excepcional a un precio atractivo, ya que est\u00e1 libre de aranceles. Especialmente en d\u00edas calurosos, la sensaci\u00f3n refrescante de Lush Ice es perfecta para proporcionarle una agradable sensaci\u00f3n de enfriamiento.<\/p>\n<p>El embalaje es pr\u00e1ctico y bien pensado, facilitando su transporte y almacenamiento. Con 200 unidades por caja y un peso total de 18,3 kg, su manejo es eficiente y sencillo. Gracias a su tama\u00f1o compacto de 30 x 125,5 mm y un peso de solo 85 g por unidad, el Lush Ice ELF SHISHA 16000 es el compa\u00f1ero ideal para disfrutar en cualquier momento y lugar de una refrescante y frutal experiencia.<\/p>\n<p>El Lush Ice ELF SHISHA 16000 es el vape sin impuestos ideal para quienes buscan una experiencia de vaporizaci\u00f3n refrescante y frutal en d\u00edas calurosos. Gracias a su tecnolog\u00eda moderna y excelente durabilidad, puede esperar una experiencia fresca y sabrosa en cualquier momento y lugar.<\/p>\n<\/div>\n<\/div>\n<\/div>\n<\/div>\n<\/div>\n<\/div>","protected":false},"excerpt":{"rendered":"<p>Produktbeschreibung f\u00fcr Lush Ice ELF SHISHA 16000 Puffs Die Lush Ice ELF SHISHA 16000 bietet Ihnen ein erfrischendes und fruchtiges Geschmackserlebnis, das sich perfekt f\u00fcr hei\u00dfe Sommertage eignet. Dieses Aroma kombiniert die saftige S\u00fc\u00dfe von reifen Wassermelonen mit einer intensiven Eisk\u00fchle, die jedem Zug eine belebende Frische verleiht. Der Geschmack von Lush Ice ist eine [&hellip;]<\/p>","protected":false},"featured_media":13879,"template":"","meta":{"inline_featured_image":false},"product_cat":[15,78,747,740,734,753,719,732],"product_tag":[710,720],"tiered_pricing_type":"fixed","tiered_pricing_fixed_rules":{"110":"8.47","200":"7.53","500":"6.59"},"tiered_pricing_percentage_rules":[],"tiered_pricing_minimum":1,"_administrator_tiered_pricing_type":"fixed","_administrator_tiered_pricing_fixed_rules":[],"_editor_tiered_pricing_type":"fixed","_editor_tiered_pricing_fixed_rules":[],"_author_tiered_pricing_type":"fixed","_author_tiered_pricing_fixed_rules":[],"_contributor_tiered_pricing_type":"fixed","_contributor_tiered_pricing_fixed_rules":[],"_subscriber_tiered_pricing_type":"fixed","_subscriber_tiered_pricing_fixed_rules":[],"_customer_tiered_pricing_type":"fixed","_customer_tiered_pricing_fixed_rules":[],"_shop_manager_tiered_pricing_type":"fixed","_shop_manager_tiered_pricing_fixed_rules":[],"_wpseo_manager_tiered_pricing_type":"fixed","_wpseo_manager_tiered_pricing_fixed_rules":[],"_wpseo_editor_tiered_pricing_type":"fixed","_wpseo_editor_tiered_pricing_fixed_rules":[],"_wholesale_customer_tiered_pricing_type":"fixed","_wholesale_customer_tiered_pricing_fixed_rules":[],"_marketer_tiered_pricing_type":"fixed","_marketer_tiered_pricing_fixed_rules":[],"_sales_manager_tiered_pricing_type":"fixed","_sales_manager_tiered_pricing_fixed_rules":[],"_sales_rep_tiered_pricing_type":"fixed","_sales_rep_tiered_pricing_fixed_rules":[],"yoast_head":"<!-- This site is optimized with the Yoast SEO plugin v23.3 - https:\/\/yoast.com\/wordpress\/plugins\/seo\/ -->\n<title>ELF SHISHA 16000 E-Zigarette Der fruchtig-k\u00fchle Lush Ice Vape f\u00fcr hei\u00dfe Tage 16000PUFFS | ElementVape.de<\/title>\n<meta name=\"description\" content=\"Wir bieten ELF SHISHA 16000 E-Zigarette Der fruchtig-k\u00fchle Lush Ice Vape f\u00fcr hei\u00dfe Tage 16000PUFFS , Elementvape.de akzeptieren Gro\u00df-und Einzelhandel Bestellungen.\" \/>\n<meta name=\"robots\" content=\"index, follow, max-snippet:-1, max-image-preview:large, max-video-preview:-1\" \/>\n<link rel=\"canonical\" href=\"https:\/\/www.elementvape.de\/es\/produkt\/elf-shisha-16000-e-zigarette-der-fruchtig-kuehle-lush-ice-vape-fuer-heisse-tage-16000puffs\/\" \/>\n<meta property=\"og:locale\" content=\"es_ES\" \/>\n<meta property=\"og:type\" content=\"article\" \/>\n<meta property=\"og:title\" content=\"ELF SHISHA 16000 E-Zigarette Der fruchtig-k\u00fchle Lush Ice Vape f\u00fcr hei\u00dfe Tage 16000PUFFS | ElementVape.de\" \/>\n<meta property=\"og:description\" content=\"Wir bieten ELF SHISHA 16000 E-Zigarette Der fruchtig-k\u00fchle Lush Ice Vape f\u00fcr hei\u00dfe Tage 16000PUFFS , Elementvape.de akzeptieren Gro\u00df-und Einzelhandel Bestellungen.\" \/>\n<meta property=\"og:url\" content=\"https:\/\/www.elementvape.de\/es\/produkt\/elf-shisha-16000-e-zigarette-der-fruchtig-kuehle-lush-ice-vape-fuer-heisse-tage-16000puffs\/\" \/>\n<meta property=\"og:site_name\" content=\"ElementVape.de\" \/>\n<meta property=\"article:modified_time\" content=\"2024-12-12T06:34:28+00:00\" \/>\n<meta property=\"og:image\" content=\"https:\/\/www.elementvape.de\/wp-content\/uploads\/2024\/08\/\u897f\u74dc\u51b02220000.png\" \/>\n\t<meta property=\"og:image:width\" content=\"1000\" \/>\n\t<meta property=\"og:image:height\" content=\"1000\" \/>\n\t<meta property=\"og:image:type\" content=\"image\/png\" \/>\n<meta name=\"twitter:card\" content=\"summary_large_image\" \/>\n<meta name=\"twitter:label1\" content=\"Est. reading time\" \/>\n\t<meta name=\"twitter:data1\" content=\"3 minutos\" \/>\n<script type=\"application\/ld+json\" class=\"yoast-schema-graph\">{\"@context\":\"https:\/\/schema.org\",\"@graph\":[{\"@type\":\"WebPage\",\"@id\":\"https:\/\/www.elementvape.de\/produkt\/elf-shisha-16000-e-zigarette-der-fruchtig-kuehle-lush-ice-vape-fuer-heisse-tage-16000puffs\/\",\"url\":\"https:\/\/www.elementvape.de\/produkt\/elf-shisha-16000-e-zigarette-der-fruchtig-kuehle-lush-ice-vape-fuer-heisse-tage-16000puffs\/\",\"name\":\"ELF SHISHA 16000 E-Zigarette Der fruchtig-k\u00fchle Lush Ice Vape f\u00fcr hei\u00dfe Tage 16000PUFFS | ElementVape.de\",\"isPartOf\":{\"@id\":\"https:\/\/www.elementvape.de\/#website\"},\"primaryImageOfPage\":{\"@id\":\"https:\/\/www.elementvape.de\/produkt\/elf-shisha-16000-e-zigarette-der-fruchtig-kuehle-lush-ice-vape-fuer-heisse-tage-16000puffs\/#primaryimage\"},\"image\":{\"@id\":\"https:\/\/www.elementvape.de\/produkt\/elf-shisha-16000-e-zigarette-der-fruchtig-kuehle-lush-ice-vape-fuer-heisse-tage-16000puffs\/#primaryimage\"},\"thumbnailUrl\":\"https:\/\/www.elementvape.de\/wp-content\/uploads\/2024\/08\/\u897f\u74dc\u51b02220000.png\",\"datePublished\":\"2024-08-20T06:10:36+00:00\",\"dateModified\":\"2024-12-12T06:34:28+00:00\",\"description\":\"Wir bieten ELF SHISHA 16000 E-Zigarette Der fruchtig-k\u00fchle Lush Ice Vape f\u00fcr hei\u00dfe Tage 16000PUFFS , Elementvape.de akzeptieren Gro\u00df-und Einzelhandel Bestellungen.\",\"breadcrumb\":{\"@id\":\"https:\/\/www.elementvape.de\/produkt\/elf-shisha-16000-e-zigarette-der-fruchtig-kuehle-lush-ice-vape-fuer-heisse-tage-16000puffs\/#breadcrumb\"},\"inLanguage\":\"es\",\"potentialAction\":[{\"@type\":\"ReadAction\",\"target\":[\"https:\/\/www.elementvape.de\/produkt\/elf-shisha-16000-e-zigarette-der-fruchtig-kuehle-lush-ice-vape-fuer-heisse-tage-16000puffs\/\"]}]},{\"@type\":\"ImageObject\",\"inLanguage\":\"es\",\"@id\":\"https:\/\/www.elementvape.de\/produkt\/elf-shisha-16000-e-zigarette-der-fruchtig-kuehle-lush-ice-vape-fuer-heisse-tage-16000puffs\/#primaryimage\",\"url\":\"https:\/\/www.elementvape.de\/wp-content\/uploads\/2024\/08\/\u897f\u74dc\u51b02220000.png\",\"contentUrl\":\"https:\/\/www.elementvape.de\/wp-content\/uploads\/2024\/08\/\u897f\u74dc\u51b02220000.png\",\"width\":1000,\"height\":1000,\"caption\":\"Lush ice\"},{\"@type\":\"BreadcrumbList\",\"@id\":\"https:\/\/www.elementvape.de\/produkt\/elf-shisha-16000-e-zigarette-der-fruchtig-kuehle-lush-ice-vape-fuer-heisse-tage-16000puffs\/#breadcrumb\",\"itemListElement\":[{\"@type\":\"ListItem\",\"position\":1,\"name\":\"Home\",\"item\":\"https:\/\/www.elementvape.de\/\"},{\"@type\":\"ListItem\",\"position\":2,\"name\":\"Shop\",\"item\":\"https:\/\/www.elementvape.de\/shop\/\"},{\"@type\":\"ListItem\",\"position\":3,\"name\":\"ELF SHISHA 16000 E-Zigarette Der fruchtig-k\u00fchle Lush Ice Vape f\u00fcr hei\u00dfe Tage 16000PUFFS\"}]},{\"@type\":\"WebSite\",\"@id\":\"https:\/\/www.elementvape.de\/#website\",\"url\":\"https:\/\/www.elementvape.de\/\",\"name\":\"ElementVape.de\",\"description\":\"\",\"publisher\":{\"@id\":\"https:\/\/www.elementvape.de\/#organization\"},\"potentialAction\":[{\"@type\":\"SearchAction\",\"target\":{\"@type\":\"EntryPoint\",\"urlTemplate\":\"https:\/\/www.elementvape.de\/?s={search_term_string}\"},\"query-input\":\"required name=search_term_string\"}],\"inLanguage\":\"es\"},{\"@type\":\"Organization\",\"@id\":\"https:\/\/www.elementvape.de\/#organization\",\"name\":\"ElementVape.DE\",\"url\":\"https:\/\/www.elementvape.de\/\",\"logo\":{\"@type\":\"ImageObject\",\"inLanguage\":\"es\",\"@id\":\"https:\/\/www.elementvape.de\/#\/schema\/logo\/image\/\",\"url\":\"https:\/\/www.elementvape.de\/wp-content\/uploads\/2024\/09\/cropped-1elementvape-3.png\",\"contentUrl\":\"https:\/\/www.elementvape.de\/wp-content\/uploads\/2024\/09\/cropped-1elementvape-3.png\",\"width\":285,\"height\":228,\"caption\":\"ElementVape.DE\"},\"image\":{\"@id\":\"https:\/\/www.elementvape.de\/#\/schema\/logo\/image\/\"}}]}<\/script>\n<!-- \/ Yoast SEO plugin. -->","yoast_head_json":{"title":"ELF SHISHA 16000 E-Zigarette Der fruchtig-k\u00fchle Lush Ice Vape f\u00fcr hei\u00dfe Tage 16000PUFFS | ElementVape.de","description":"Wir bieten ELF SHISHA 16000 E-Zigarette Der fruchtig-k\u00fchle Lush Ice Vape f\u00fcr hei\u00dfe Tage 16000PUFFS , Elementvape.de akzeptieren Gro\u00df-und Einzelhandel Bestellungen.","robots":{"index":"index","follow":"follow","max-snippet":"max-snippet:-1","max-image-preview":"max-image-preview:large","max-video-preview":"max-video-preview:-1"},"canonical":"https:\/\/www.elementvape.de\/es\/produkt\/elf-shisha-16000-e-zigarette-der-fruchtig-kuehle-lush-ice-vape-fuer-heisse-tage-16000puffs\/","og_locale":"es_ES","og_type":"article","og_title":"ELF SHISHA 16000 E-Zigarette Der fruchtig-k\u00fchle Lush Ice Vape f\u00fcr hei\u00dfe Tage 16000PUFFS | ElementVape.de","og_description":"Wir bieten ELF SHISHA 16000 E-Zigarette Der fruchtig-k\u00fchle Lush Ice Vape f\u00fcr hei\u00dfe Tage 16000PUFFS , Elementvape.de akzeptieren Gro\u00df-und Einzelhandel Bestellungen.","og_url":"https:\/\/www.elementvape.de\/es\/produkt\/elf-shisha-16000-e-zigarette-der-fruchtig-kuehle-lush-ice-vape-fuer-heisse-tage-16000puffs\/","og_site_name":"ElementVape.de","article_modified_time":"2024-12-12T06:34:28+00:00","og_image":[{"width":1000,"height":1000,"url":"https:\/\/www.elementvape.de\/wp-content\/uploads\/2024\/08\/\u897f\u74dc\u51b02220000.png","type":"image\/png"}],"twitter_card":"summary_large_image","twitter_misc":{"Est. reading time":"3 minutos"},"schema":{"@context":"https:\/\/schema.org","@graph":[{"@type":"WebPage","@id":"https:\/\/www.elementvape.de\/produkt\/elf-shisha-16000-e-zigarette-der-fruchtig-kuehle-lush-ice-vape-fuer-heisse-tage-16000puffs\/","url":"https:\/\/www.elementvape.de\/produkt\/elf-shisha-16000-e-zigarette-der-fruchtig-kuehle-lush-ice-vape-fuer-heisse-tage-16000puffs\/","name":"ELF SHISHA 16000 E-Zigarette Der fruchtig-k\u00fchle Lush Ice Vape f\u00fcr hei\u00dfe Tage 16000PUFFS | ElementVape.de","isPartOf":{"@id":"https:\/\/www.elementvape.de\/#website"},"primaryImageOfPage":{"@id":"https:\/\/www.elementvape.de\/produkt\/elf-shisha-16000-e-zigarette-der-fruchtig-kuehle-lush-ice-vape-fuer-heisse-tage-16000puffs\/#primaryimage"},"image":{"@id":"https:\/\/www.elementvape.de\/produkt\/elf-shisha-16000-e-zigarette-der-fruchtig-kuehle-lush-ice-vape-fuer-heisse-tage-16000puffs\/#primaryimage"},"thumbnailUrl":"https:\/\/www.elementvape.de\/wp-content\/uploads\/2024\/08\/\u897f\u74dc\u51b02220000.png","datePublished":"2024-08-20T06:10:36+00:00","dateModified":"2024-12-12T06:34:28+00:00","description":"Wir bieten ELF SHISHA 16000 E-Zigarette Der fruchtig-k\u00fchle Lush Ice Vape f\u00fcr hei\u00dfe Tage 16000PUFFS , Elementvape.de akzeptieren Gro\u00df-und Einzelhandel Bestellungen.","breadcrumb":{"@id":"https:\/\/www.elementvape.de\/produkt\/elf-shisha-16000-e-zigarette-der-fruchtig-kuehle-lush-ice-vape-fuer-heisse-tage-16000puffs\/#breadcrumb"},"inLanguage":"es","potentialAction":[{"@type":"ReadAction","target":["https:\/\/www.elementvape.de\/produkt\/elf-shisha-16000-e-zigarette-der-fruchtig-kuehle-lush-ice-vape-fuer-heisse-tage-16000puffs\/"]}]},{"@type":"ImageObject","inLanguage":"es","@id":"https:\/\/www.elementvape.de\/produkt\/elf-shisha-16000-e-zigarette-der-fruchtig-kuehle-lush-ice-vape-fuer-heisse-tage-16000puffs\/#primaryimage","url":"https:\/\/www.elementvape.de\/wp-content\/uploads\/2024\/08\/\u897f\u74dc\u51b02220000.png","contentUrl":"https:\/\/www.elementvape.de\/wp-content\/uploads\/2024\/08\/\u897f\u74dc\u51b02220000.png","width":1000,"height":1000,"caption":"Lush ice"},{"@type":"BreadcrumbList","@id":"https:\/\/www.elementvape.de\/produkt\/elf-shisha-16000-e-zigarette-der-fruchtig-kuehle-lush-ice-vape-fuer-heisse-tage-16000puffs\/#breadcrumb","itemListElement":[{"@type":"ListItem","position":1,"name":"Home","item":"https:\/\/www.elementvape.de\/"},{"@type":"ListItem","position":2,"name":"Shop","item":"https:\/\/www.elementvape.de\/shop\/"},{"@type":"ListItem","position":3,"name":"ELF SHISHA 16000 E-Zigarette Der fruchtig-k\u00fchle Lush Ice Vape f\u00fcr hei\u00dfe Tage 16000PUFFS"}]},{"@type":"WebSite","@id":"https:\/\/www.elementvape.de\/#website","url":"https:\/\/www.elementvape.de\/","name":"ElementVape.de","description":"","publisher":{"@id":"https:\/\/www.elementvape.de\/#organization"},"potentialAction":[{"@type":"SearchAction","target":{"@type":"EntryPoint","urlTemplate":"https:\/\/www.elementvape.de\/?s={search_term_string}"},"query-input":"required name=search_term_string"}],"inLanguage":"es"},{"@type":"Organization","@id":"https:\/\/www.elementvape.de\/#organization","name":"ElementVape.DE","url":"https:\/\/www.elementvape.de\/","logo":{"@type":"ImageObject","inLanguage":"es","@id":"https:\/\/www.elementvape.de\/#\/schema\/logo\/image\/","url":"https:\/\/www.elementvape.de\/wp-content\/uploads\/2024\/09\/cropped-1elementvape-3.png","contentUrl":"https:\/\/www.elementvape.de\/wp-content\/uploads\/2024\/09\/cropped-1elementvape-3.png","width":285,"height":228,"caption":"ElementVape.DE"},"image":{"@id":"https:\/\/www.elementvape.de\/#\/schema\/logo\/image\/"}}]}},"_links":{"self":[{"href":"https:\/\/www.elementvape.de\/es\/wp-json\/wp\/v2\/product\/13878"}],"collection":[{"href":"https:\/\/www.elementvape.de\/es\/wp-json\/wp\/v2\/product"}],"about":[{"href":"https:\/\/www.elementvape.de\/es\/wp-json\/wp\/v2\/types\/product"}],"wp:featuredmedia":[{"embeddable":true,"href":"https:\/\/www.elementvape.de\/es\/wp-json\/wp\/v2\/media\/13879"}],"wp:attachment":[{"href":"https:\/\/www.elementvape.de\/es\/wp-json\/wp\/v2\/media?parent=13878"}],"wp:term":[{"taxonomy":"product_cat","embeddable":true,"href":"https:\/\/www.elementvape.de\/es\/wp-json\/wp\/v2\/product_cat?post=13878"},{"taxonomy":"product_tag","embeddable":true,"href":"https:\/\/www.elementvape.de\/es\/wp-json\/wp\/v2\/product_tag?post=13878"}],"curies":[{"name":"wp","href":"https:\/\/api.w.org\/{rel}","templated":true}]}}