{"id":13861,"date":"2024-08-19T07:06:58","date_gmt":"2024-08-19T07:06:58","guid":{"rendered":"https:\/\/www.elementvape.de\/?post_type=product&#038;p=13861"},"modified":"2024-12-12T06:34:36","modified_gmt":"2024-12-12T06:34:36","slug":"elf-box-rgb14000-pro-peach-mango-vape-der-zollfreie-fruchtgenuss-fuer-exklusive-erlebnisse-14000-puffs","status":"publish","type":"product","link":"https:\/\/www.elementvape.de\/es\/produkt\/elf-box-rgb14000-pro-peach-mango-vape-der-zollfreie-fruchtgenuss-fuer-exklusive-erlebnisse-14000-puffs\/","title":{"rendered":"ELF BOX RGB14000 por Peach Mango Vape el disfrute frutal libre de impuestos para experiencias exclusivas 14000 Puffs"},"content":{"rendered":"<div class=\"flex-shrink-0 flex flex-col relative items-end\">\n<div>\n<div class=\"pt-0\">\n<div class=\"gizmo-bot-avatar flex h-8 w-8 items-center justify-center overflow-hidden rounded-full\">\n<div class=\"relative p-1 rounded-sm flex items-center justify-center bg-token-main-surface-primary text-token-text-primary h-8 w-8\"><\/div>\n<\/div>\n<\/div>\n<\/div>\n<\/div>\n<div class=\"group\/conversation-turn relative flex w-full min-w-0 flex-col agent-turn\">\n<div class=\"flex-col gap-1 md:gap-3\">\n<div class=\"flex max-w-full flex-col flex-grow\">\n<div class=\"min-h-[20px] text-message flex w-full flex-col items-end gap-2 whitespace-pre-wrap break-words [.text-message+&amp;]:mt-5 overflow-x-auto\" dir=\"auto\" data-message-author-role=\"assistant\" data-message-id=\"1b1fa735-c7fe-46b8-9530-0e73f7c9440a\">\n<div class=\"flex w-full flex-col gap-1 empty:hidden first:pt-[3px]\">\n<div class=\"markdown prose w-full break-words dark:prose-invert light\">\n<p>Experimente el exclusivo placer frutal de Peach Mango con la ELF BOX RGB14000. Este dispositivo de vapeo le ofrece 14.000 inhalaciones y lleva la frescura frutal a un nuevo nivel, ideal para momentos de vapeo inolvidables.<\/p>\n<p>Disfrute del sabor Peach Mango libre de impuestos de la ELF BOX RGB14000. Con 14.000 inhalaciones y tecnolog\u00eda de punta, este dispositivo garantiza un exclusivo placer frutal y un vapeo elegante.<\/p>\n<p>La ELF BOX RGB14000 combina el delicioso sabor de Peach Mango con una experiencia de vapeo libre de impuestos y 14.000 inhalaciones. Sum\u00e9rjase en un exclusivo placer frutal con la m\u00e1s moderna tecnolog\u00eda de vapeo.<\/p>\n<hr \/>\n<h3>Especificaciones t\u00e9cnicas<\/h3>\n<table>\n<thead>\n<tr>\n<th><strong>Caracter\u00edstica<\/strong><\/th>\n<th><strong>Detalles<\/strong><\/th>\n<\/tr>\n<\/thead>\n<tbody>\n<tr>\n<td>Caladas<\/td>\n<td>14.000 caladas<\/td>\n<\/tr>\n<tr>\n<td>N\u00facleo<\/td>\n<td>Resistencia de malla, 1,0 Ohm<\/td>\n<\/tr>\n<tr>\n<td>E-L\u00edquido<\/td>\n<td>25 ml<\/td>\n<\/tr>\n<tr>\n<td>Niveles de nicotina<\/td>\n<td>2%, 5%<\/td>\n<\/tr>\n<tr>\n<td>Bater\u00eda<\/td>\n<td>18250, 600 mAh<\/td>\n<\/tr>\n<tr>\n<td>Recargable<\/td>\n<td>Tipo-C<\/td>\n<\/tr>\n<tr>\n<td>Pantalla<\/td>\n<td>Pantalla LED<\/td>\n<\/tr>\n<tr>\n<td>Iluminaci\u00f3n<\/td>\n<td>Luz RGB + cord\u00f3n luminoso de colores<\/td>\n<\/tr>\n<tr>\n<td>Peso<\/td>\n<td>105 g<\/td>\n<\/tr>\n<tr>\n<td>Tama\u00f1o<\/td>\n<td>35 x 36 x 133,5 mm<\/td>\n<\/tr>\n<\/tbody>\n<\/table>\n<\/div>\n<\/div>\n<\/div>\n<\/div>\n<\/div>\n<\/div>","protected":false},"excerpt":{"rendered":"<p>Erleben Sie den exklusiven Fruchtgenuss von Peach Mango mit der ELF BOX RGB14000. Dieses Vape-Ger\u00e4t bietet Ihnen 14.000 Z\u00fcge und bringt fruchtige Frische auf ein neues Level, ideal f\u00fcr unvergessliche Dampfmomente. Genie\u00dfen Sie den zollfreien Peach Mango Geschmack der ELF BOX RGB14000. Mit 14.000 Z\u00fcgen und modernster Technologie garantiert dieses Ger\u00e4t exklusiven Fruchtgenuss und stilvolles [&hellip;]<\/p>","protected":false},"featured_media":13862,"template":"","meta":{"inline_featured_image":false},"product_cat":[15,78,747,740,734,753,718,732],"product_tag":[710,674],"tiered_pricing_type":"fixed","tiered_pricing_fixed_rules":{"110":"7.95","200":"7.06","500":"6.18"},"tiered_pricing_percentage_rules":[],"tiered_pricing_minimum":1,"_administrator_tiered_pricing_type":"fixed","_administrator_tiered_pricing_fixed_rules":[],"_editor_tiered_pricing_type":"fixed","_editor_tiered_pricing_fixed_rules":[],"_author_tiered_pricing_type":"fixed","_author_tiered_pricing_fixed_rules":[],"_contributor_tiered_pricing_type":"fixed","_contributor_tiered_pricing_fixed_rules":[],"_subscriber_tiered_pricing_type":"fixed","_subscriber_tiered_pricing_fixed_rules":[],"_customer_tiered_pricing_type":"fixed","_customer_tiered_pricing_fixed_rules":[],"_shop_manager_tiered_pricing_type":"fixed","_shop_manager_tiered_pricing_fixed_rules":[],"_wpseo_manager_tiered_pricing_type":"fixed","_wpseo_manager_tiered_pricing_fixed_rules":[],"_wpseo_editor_tiered_pricing_type":"fixed","_wpseo_editor_tiered_pricing_fixed_rules":[],"_wholesale_customer_tiered_pricing_type":"fixed","_wholesale_customer_tiered_pricing_fixed_rules":[],"_marketer_tiered_pricing_type":"fixed","_marketer_tiered_pricing_fixed_rules":[],"_sales_manager_tiered_pricing_type":"fixed","_sales_manager_tiered_pricing_fixed_rules":[],"_sales_rep_tiered_pricing_type":"fixed","_sales_rep_tiered_pricing_fixed_rules":[],"yoast_head":"<!-- This site is optimized with the Yoast SEO plugin v23.3 - https:\/\/yoast.com\/wordpress\/plugins\/seo\/ -->\n<title>ELF BOX RGB14000 pro Peach Mango Vape der zollfreie Fruchtgenuss f\u00fcr exklusive Erlebnisse 14000 Puffs | ElementVape.de<\/title>\n<meta name=\"description\" content=\"Wir bieten ELF BOX RGB14000 pro Peach Mango Vape der zollfreie Fruchtgenuss f\u00fcr exklusive Erlebnisse 14000 Puffs , Elementvape.de akzeptieren Gro\u00df-und Einzelhandel Bestellungen.\" \/>\n<meta name=\"robots\" content=\"index, follow, max-snippet:-1, max-image-preview:large, max-video-preview:-1\" \/>\n<link rel=\"canonical\" href=\"https:\/\/www.elementvape.de\/es\/produkt\/elf-box-rgb14000-pro-peach-mango-vape-der-zollfreie-fruchtgenuss-fuer-exklusive-erlebnisse-14000-puffs\/\" \/>\n<meta property=\"og:locale\" content=\"es_ES\" \/>\n<meta property=\"og:type\" content=\"article\" \/>\n<meta property=\"og:title\" content=\"ELF BOX RGB14000 pro Peach Mango Vape der zollfreie Fruchtgenuss f\u00fcr exklusive Erlebnisse 14000 Puffs | ElementVape.de\" \/>\n<meta property=\"og:description\" content=\"Wir bieten ELF BOX RGB14000 pro Peach Mango Vape der zollfreie Fruchtgenuss f\u00fcr exklusive Erlebnisse 14000 Puffs , Elementvape.de akzeptieren Gro\u00df-und Einzelhandel Bestellungen.\" \/>\n<meta property=\"og:url\" content=\"https:\/\/www.elementvape.de\/es\/produkt\/elf-box-rgb14000-pro-peach-mango-vape-der-zollfreie-fruchtgenuss-fuer-exklusive-erlebnisse-14000-puffs\/\" \/>\n<meta property=\"og:site_name\" content=\"ElementVape.de\" \/>\n<meta property=\"article:modified_time\" content=\"2024-12-12T06:34:36+00:00\" \/>\n<meta property=\"og:image\" content=\"https:\/\/www.elementvape.de\/wp-content\/uploads\/2024\/08\/\u6843\u5b50\u8292\u679c0000.png\" \/>\n\t<meta property=\"og:image:width\" content=\"1000\" \/>\n\t<meta property=\"og:image:height\" content=\"1000\" \/>\n\t<meta property=\"og:image:type\" content=\"image\/png\" \/>\n<meta name=\"twitter:card\" content=\"summary_large_image\" \/>\n<meta name=\"twitter:label1\" content=\"Est. reading time\" \/>\n\t<meta name=\"twitter:data1\" content=\"1 minuto\" \/>\n<script type=\"application\/ld+json\" class=\"yoast-schema-graph\">{\"@context\":\"https:\/\/schema.org\",\"@graph\":[{\"@type\":\"WebPage\",\"@id\":\"https:\/\/www.elementvape.de\/produkt\/elf-box-rgb14000-pro-peach-mango-vape-der-zollfreie-fruchtgenuss-fuer-exklusive-erlebnisse-14000-puffs\/\",\"url\":\"https:\/\/www.elementvape.de\/produkt\/elf-box-rgb14000-pro-peach-mango-vape-der-zollfreie-fruchtgenuss-fuer-exklusive-erlebnisse-14000-puffs\/\",\"name\":\"ELF BOX RGB14000 pro Peach Mango Vape der zollfreie Fruchtgenuss f\u00fcr exklusive Erlebnisse 14000 Puffs | ElementVape.de\",\"isPartOf\":{\"@id\":\"https:\/\/www.elementvape.de\/#website\"},\"primaryImageOfPage\":{\"@id\":\"https:\/\/www.elementvape.de\/produkt\/elf-box-rgb14000-pro-peach-mango-vape-der-zollfreie-fruchtgenuss-fuer-exklusive-erlebnisse-14000-puffs\/#primaryimage\"},\"image\":{\"@id\":\"https:\/\/www.elementvape.de\/produkt\/elf-box-rgb14000-pro-peach-mango-vape-der-zollfreie-fruchtgenuss-fuer-exklusive-erlebnisse-14000-puffs\/#primaryimage\"},\"thumbnailUrl\":\"https:\/\/www.elementvape.de\/wp-content\/uploads\/2024\/08\/\u6843\u5b50\u8292\u679c0000.png\",\"datePublished\":\"2024-08-19T07:06:58+00:00\",\"dateModified\":\"2024-12-12T06:34:36+00:00\",\"description\":\"Wir bieten ELF BOX RGB14000 pro Peach Mango Vape der zollfreie Fruchtgenuss f\u00fcr exklusive Erlebnisse 14000 Puffs , Elementvape.de akzeptieren Gro\u00df-und Einzelhandel Bestellungen.\",\"breadcrumb\":{\"@id\":\"https:\/\/www.elementvape.de\/produkt\/elf-box-rgb14000-pro-peach-mango-vape-der-zollfreie-fruchtgenuss-fuer-exklusive-erlebnisse-14000-puffs\/#breadcrumb\"},\"inLanguage\":\"es\",\"potentialAction\":[{\"@type\":\"ReadAction\",\"target\":[\"https:\/\/www.elementvape.de\/produkt\/elf-box-rgb14000-pro-peach-mango-vape-der-zollfreie-fruchtgenuss-fuer-exklusive-erlebnisse-14000-puffs\/\"]}]},{\"@type\":\"ImageObject\",\"inLanguage\":\"es\",\"@id\":\"https:\/\/www.elementvape.de\/produkt\/elf-box-rgb14000-pro-peach-mango-vape-der-zollfreie-fruchtgenuss-fuer-exklusive-erlebnisse-14000-puffs\/#primaryimage\",\"url\":\"https:\/\/www.elementvape.de\/wp-content\/uploads\/2024\/08\/\u6843\u5b50\u8292\u679c0000.png\",\"contentUrl\":\"https:\/\/www.elementvape.de\/wp-content\/uploads\/2024\/08\/\u6843\u5b50\u8292\u679c0000.png\",\"width\":1000,\"height\":1000,\"caption\":\"Peach Mango\"},{\"@type\":\"BreadcrumbList\",\"@id\":\"https:\/\/www.elementvape.de\/produkt\/elf-box-rgb14000-pro-peach-mango-vape-der-zollfreie-fruchtgenuss-fuer-exklusive-erlebnisse-14000-puffs\/#breadcrumb\",\"itemListElement\":[{\"@type\":\"ListItem\",\"position\":1,\"name\":\"Home\",\"item\":\"https:\/\/www.elementvape.de\/\"},{\"@type\":\"ListItem\",\"position\":2,\"name\":\"Shop\",\"item\":\"https:\/\/www.elementvape.de\/shop\/\"},{\"@type\":\"ListItem\",\"position\":3,\"name\":\"ELF BOX RGB14000 pro Peach Mango Vape der zollfreie Fruchtgenuss f\u00fcr exklusive Erlebnisse 14000 Puffs\"}]},{\"@type\":\"WebSite\",\"@id\":\"https:\/\/www.elementvape.de\/#website\",\"url\":\"https:\/\/www.elementvape.de\/\",\"name\":\"ElementVape.de\",\"description\":\"\",\"publisher\":{\"@id\":\"https:\/\/www.elementvape.de\/#organization\"},\"potentialAction\":[{\"@type\":\"SearchAction\",\"target\":{\"@type\":\"EntryPoint\",\"urlTemplate\":\"https:\/\/www.elementvape.de\/?s={search_term_string}\"},\"query-input\":\"required name=search_term_string\"}],\"inLanguage\":\"es\"},{\"@type\":\"Organization\",\"@id\":\"https:\/\/www.elementvape.de\/#organization\",\"name\":\"ElementVape.DE\",\"url\":\"https:\/\/www.elementvape.de\/\",\"logo\":{\"@type\":\"ImageObject\",\"inLanguage\":\"es\",\"@id\":\"https:\/\/www.elementvape.de\/#\/schema\/logo\/image\/\",\"url\":\"https:\/\/www.elementvape.de\/wp-content\/uploads\/2024\/09\/cropped-1elementvape-3.png\",\"contentUrl\":\"https:\/\/www.elementvape.de\/wp-content\/uploads\/2024\/09\/cropped-1elementvape-3.png\",\"width\":285,\"height\":228,\"caption\":\"ElementVape.DE\"},\"image\":{\"@id\":\"https:\/\/www.elementvape.de\/#\/schema\/logo\/image\/\"}}]}<\/script>\n<!-- \/ Yoast SEO plugin. -->","yoast_head_json":{"title":"ELF BOX RGB14000 pro Peach Mango Vape der zollfreie Fruchtgenuss f\u00fcr exklusive Erlebnisse 14000 Puffs | ElementVape.de","description":"Wir bieten ELF BOX RGB14000 pro Peach Mango Vape der zollfreie Fruchtgenuss f\u00fcr exklusive Erlebnisse 14000 Puffs , Elementvape.de akzeptieren Gro\u00df-und Einzelhandel Bestellungen.","robots":{"index":"index","follow":"follow","max-snippet":"max-snippet:-1","max-image-preview":"max-image-preview:large","max-video-preview":"max-video-preview:-1"},"canonical":"https:\/\/www.elementvape.de\/es\/produkt\/elf-box-rgb14000-pro-peach-mango-vape-der-zollfreie-fruchtgenuss-fuer-exklusive-erlebnisse-14000-puffs\/","og_locale":"es_ES","og_type":"article","og_title":"ELF BOX RGB14000 pro Peach Mango Vape der zollfreie Fruchtgenuss f\u00fcr exklusive Erlebnisse 14000 Puffs | ElementVape.de","og_description":"Wir bieten ELF BOX RGB14000 pro Peach Mango Vape der zollfreie Fruchtgenuss f\u00fcr exklusive Erlebnisse 14000 Puffs , Elementvape.de akzeptieren Gro\u00df-und Einzelhandel Bestellungen.","og_url":"https:\/\/www.elementvape.de\/es\/produkt\/elf-box-rgb14000-pro-peach-mango-vape-der-zollfreie-fruchtgenuss-fuer-exklusive-erlebnisse-14000-puffs\/","og_site_name":"ElementVape.de","article_modified_time":"2024-12-12T06:34:36+00:00","og_image":[{"width":1000,"height":1000,"url":"https:\/\/www.elementvape.de\/wp-content\/uploads\/2024\/08\/\u6843\u5b50\u8292\u679c0000.png","type":"image\/png"}],"twitter_card":"summary_large_image","twitter_misc":{"Est. reading time":"1 minuto"},"schema":{"@context":"https:\/\/schema.org","@graph":[{"@type":"WebPage","@id":"https:\/\/www.elementvape.de\/produkt\/elf-box-rgb14000-pro-peach-mango-vape-der-zollfreie-fruchtgenuss-fuer-exklusive-erlebnisse-14000-puffs\/","url":"https:\/\/www.elementvape.de\/produkt\/elf-box-rgb14000-pro-peach-mango-vape-der-zollfreie-fruchtgenuss-fuer-exklusive-erlebnisse-14000-puffs\/","name":"ELF BOX RGB14000 pro Peach Mango Vape der zollfreie Fruchtgenuss f\u00fcr exklusive Erlebnisse 14000 Puffs | ElementVape.de","isPartOf":{"@id":"https:\/\/www.elementvape.de\/#website"},"primaryImageOfPage":{"@id":"https:\/\/www.elementvape.de\/produkt\/elf-box-rgb14000-pro-peach-mango-vape-der-zollfreie-fruchtgenuss-fuer-exklusive-erlebnisse-14000-puffs\/#primaryimage"},"image":{"@id":"https:\/\/www.elementvape.de\/produkt\/elf-box-rgb14000-pro-peach-mango-vape-der-zollfreie-fruchtgenuss-fuer-exklusive-erlebnisse-14000-puffs\/#primaryimage"},"thumbnailUrl":"https:\/\/www.elementvape.de\/wp-content\/uploads\/2024\/08\/\u6843\u5b50\u8292\u679c0000.png","datePublished":"2024-08-19T07:06:58+00:00","dateModified":"2024-12-12T06:34:36+00:00","description":"Wir bieten ELF BOX RGB14000 pro Peach Mango Vape der zollfreie Fruchtgenuss f\u00fcr exklusive Erlebnisse 14000 Puffs , Elementvape.de akzeptieren Gro\u00df-und Einzelhandel Bestellungen.","breadcrumb":{"@id":"https:\/\/www.elementvape.de\/produkt\/elf-box-rgb14000-pro-peach-mango-vape-der-zollfreie-fruchtgenuss-fuer-exklusive-erlebnisse-14000-puffs\/#breadcrumb"},"inLanguage":"es","potentialAction":[{"@type":"ReadAction","target":["https:\/\/www.elementvape.de\/produkt\/elf-box-rgb14000-pro-peach-mango-vape-der-zollfreie-fruchtgenuss-fuer-exklusive-erlebnisse-14000-puffs\/"]}]},{"@type":"ImageObject","inLanguage":"es","@id":"https:\/\/www.elementvape.de\/produkt\/elf-box-rgb14000-pro-peach-mango-vape-der-zollfreie-fruchtgenuss-fuer-exklusive-erlebnisse-14000-puffs\/#primaryimage","url":"https:\/\/www.elementvape.de\/wp-content\/uploads\/2024\/08\/\u6843\u5b50\u8292\u679c0000.png","contentUrl":"https:\/\/www.elementvape.de\/wp-content\/uploads\/2024\/08\/\u6843\u5b50\u8292\u679c0000.png","width":1000,"height":1000,"caption":"Peach Mango"},{"@type":"BreadcrumbList","@id":"https:\/\/www.elementvape.de\/produkt\/elf-box-rgb14000-pro-peach-mango-vape-der-zollfreie-fruchtgenuss-fuer-exklusive-erlebnisse-14000-puffs\/#breadcrumb","itemListElement":[{"@type":"ListItem","position":1,"name":"Home","item":"https:\/\/www.elementvape.de\/"},{"@type":"ListItem","position":2,"name":"Shop","item":"https:\/\/www.elementvape.de\/shop\/"},{"@type":"ListItem","position":3,"name":"ELF BOX RGB14000 pro Peach Mango Vape der zollfreie Fruchtgenuss f\u00fcr exklusive Erlebnisse 14000 Puffs"}]},{"@type":"WebSite","@id":"https:\/\/www.elementvape.de\/#website","url":"https:\/\/www.elementvape.de\/","name":"ElementVape.de","description":"","publisher":{"@id":"https:\/\/www.elementvape.de\/#organization"},"potentialAction":[{"@type":"SearchAction","target":{"@type":"EntryPoint","urlTemplate":"https:\/\/www.elementvape.de\/?s={search_term_string}"},"query-input":"required name=search_term_string"}],"inLanguage":"es"},{"@type":"Organization","@id":"https:\/\/www.elementvape.de\/#organization","name":"ElementVape.DE","url":"https:\/\/www.elementvape.de\/","logo":{"@type":"ImageObject","inLanguage":"es","@id":"https:\/\/www.elementvape.de\/#\/schema\/logo\/image\/","url":"https:\/\/www.elementvape.de\/wp-content\/uploads\/2024\/09\/cropped-1elementvape-3.png","contentUrl":"https:\/\/www.elementvape.de\/wp-content\/uploads\/2024\/09\/cropped-1elementvape-3.png","width":285,"height":228,"caption":"ElementVape.DE"},"image":{"@id":"https:\/\/www.elementvape.de\/#\/schema\/logo\/image\/"}}]}},"_links":{"self":[{"href":"https:\/\/www.elementvape.de\/es\/wp-json\/wp\/v2\/product\/13861"}],"collection":[{"href":"https:\/\/www.elementvape.de\/es\/wp-json\/wp\/v2\/product"}],"about":[{"href":"https:\/\/www.elementvape.de\/es\/wp-json\/wp\/v2\/types\/product"}],"wp:featuredmedia":[{"embeddable":true,"href":"https:\/\/www.elementvape.de\/es\/wp-json\/wp\/v2\/media\/13862"}],"wp:attachment":[{"href":"https:\/\/www.elementvape.de\/es\/wp-json\/wp\/v2\/media?parent=13861"}],"wp:term":[{"taxonomy":"product_cat","embeddable":true,"href":"https:\/\/www.elementvape.de\/es\/wp-json\/wp\/v2\/product_cat?post=13861"},{"taxonomy":"product_tag","embeddable":true,"href":"https:\/\/www.elementvape.de\/es\/wp-json\/wp\/v2\/product_tag?post=13861"}],"curies":[{"name":"wp","href":"https:\/\/api.w.org\/{rel}","templated":true}]}}