{"id":13840,"date":"2024-08-19T02:37:09","date_gmt":"2024-08-19T02:37:09","guid":{"rendered":"https:\/\/www.elementvape.de\/?post_type=product&#038;p=13840"},"modified":"2024-12-12T06:34:44","modified_gmt":"2024-12-12T06:34:44","slug":"cherry-soda-elf-box-rgb14000-erfrischender-kirschgenuss-mit-stylischem-rgb-design-14000-puffs-vape","status":"publish","type":"product","link":"https:\/\/www.elementvape.de\/es\/produkt\/cherry-soda-elf-box-rgb14000-erfrischender-kirschgenuss-mit-stylischem-rgb-design-14000-puffs-vape\/","title":{"rendered":"Cherry Soda ELF BOX RGB14000, refrescante sabor a cereza con dise\u00f1o RGB, 14000 PUFFS, VAPE"},"content":{"rendered":"<h2>El refrescante placer de la cereza se une a un dise\u00f1o moderno<\/h2>\n<p>Experimente con la Cherry Soda ELF BOX RGB14000 el sabor chispeante de la refrescante limonada de cereza, empaquetada en un dise\u00f1o moderno y elegante. Este cigarrillo electr\u00f3nico trae el intenso y afrutado sabor de la cereza directamente a su vida cotidiana y ofrece con cada calada una experiencia burbujeante que recuerda a un caluroso d\u00eda de verano en el que se refresca con un vaso fr\u00edo de soda de cereza.<\/p>\n<p>Con una capacidad de hasta 14.000 caladas y una avanzada resistencia de malla de 1,0 ohmios, este dispositivo garantiza una producci\u00f3n de vapor uniforme y asegura que el sabor se exprese de forma \u00f3ptima en cada nube. El generoso tanque de E-Liquid de 25 ml est\u00e1 disponible en diferentes concentraciones de N (2% y 5%), para que pueda elegir la intensidad que m\u00e1s le convenga.<\/p>\n<h3>Potente y pr\u00e1ctico para el uso diario<\/h3>\n<p>La Cherry Soda ELF BOX RGB14000 no s\u00f3lo convence por su sabor, sino tambi\u00e9n por su tecnolog\u00eda potente y f\u00e1cil de usar. La bater\u00eda integrada 18250 de 600 mAh ofrece una larga duraci\u00f3n, para que pueda disfrutar del refrescante sabor a cereza de forma ininterrumpida. Cuando la bater\u00eda est\u00e1 vac\u00eda, se puede recargar c\u00f3modamente a trav\u00e9s del puerto Type-C, para que est\u00e9 r\u00e1pidamente listo para la siguiente calada.<\/p>\n<p>A pesar de su tama\u00f1o compacto de 35 mm x 36 mm x 133,5 mm y un peso de s\u00f3lo 100 g, la Cherry Soda ELF BOX ofrece un rendimiento impresionante. El dispositivo no s\u00f3lo es ligero y f\u00e1cil de transportar, sino que tambi\u00e9n ofrece una llamativa luz RGB que convierte cada calada en un punto culminante visual. Adem\u00e1s, la <strong><a href=\"https:\/\/www.elementvape.de\/es\/c\/einweg-zigarette\/\" target=\"_blank\" rel=\"noopener\">Cigarrillo Electr\u00f3nico<\/a><\/strong> est\u00e1 equipada con una pr\u00e1ctica cuerda para colgar, para que pueda llevarla c\u00f3modamente mientras viaja.<\/p>\n<h3>Vapeo elegante con un colorido dise\u00f1o de carpa de feria<\/h3>\n<p>El colorido dise\u00f1o de carpa de feria de la Cherry Soda ELF BOX RGB14000 la convierte en un verdadero punto de atracci\u00f3n. Las brillantes luces RGB y el elegante dise\u00f1o garantizan que su experiencia de vapeo no s\u00f3lo sea un placer para el paladar, sino tambi\u00e9n visual. Perfecto para todos aquellos que desean combinar el afrutado sabor a cereza con la tecnolog\u00eda moderna y el estilo. Este cigarrillo electr\u00f3nico no s\u00f3lo ofrece una intensa experiencia de sabor, sino tambi\u00e9n un punto culminante visual que puede disfrutar siempre y en todas partes.<\/p>\n<p>Disfrute del chispeante placer de la limonada de cereza, combinado con la tecnolog\u00eda m\u00e1s moderna: \u00a1la combinaci\u00f3n perfecta para un vapeo elegante!<\/p>","protected":false},"excerpt":{"rendered":"<p>Erfrischender Kirschgenuss trifft modernes Design Erleben Sie mit der Cherry Soda ELF BOX RGB14000 den spritzigen Geschmack von erfrischender Kirschlimonade, verpackt in einem modernen und stilvollen Design. Diese E-Zigarette bringt den intensiven, fruchtigen Geschmack von Kirsche direkt in Ihren Alltag und liefert mit jedem Zug ein prickelndes Erlebnis, das an einen hei\u00dfen Sommertag erinnert, an [&hellip;]<\/p>","protected":false},"featured_media":13841,"template":"","meta":{"inline_featured_image":false},"product_cat":[15,78,747,740,734,753,718,732],"product_tag":[710,674],"tiered_pricing_type":"fixed","tiered_pricing_fixed_rules":{"110":"7.54","200":"6.68","500":"5.85"},"tiered_pricing_percentage_rules":[],"tiered_pricing_minimum":1,"_administrator_tiered_pricing_type":"fixed","_administrator_tiered_pricing_fixed_rules":[],"_editor_tiered_pricing_type":"fixed","_editor_tiered_pricing_fixed_rules":[],"_author_tiered_pricing_type":"fixed","_author_tiered_pricing_fixed_rules":[],"_contributor_tiered_pricing_type":"fixed","_contributor_tiered_pricing_fixed_rules":[],"_subscriber_tiered_pricing_type":"fixed","_subscriber_tiered_pricing_fixed_rules":[],"_customer_tiered_pricing_type":"fixed","_customer_tiered_pricing_fixed_rules":[],"_shop_manager_tiered_pricing_type":"fixed","_shop_manager_tiered_pricing_fixed_rules":[],"_wpseo_manager_tiered_pricing_type":"fixed","_wpseo_manager_tiered_pricing_fixed_rules":[],"_wpseo_editor_tiered_pricing_type":"fixed","_wpseo_editor_tiered_pricing_fixed_rules":[],"_wholesale_customer_tiered_pricing_type":"fixed","_wholesale_customer_tiered_pricing_fixed_rules":[],"_marketer_tiered_pricing_type":"fixed","_marketer_tiered_pricing_fixed_rules":[],"_sales_manager_tiered_pricing_type":"fixed","_sales_manager_tiered_pricing_fixed_rules":[],"_sales_rep_tiered_pricing_type":"fixed","_sales_rep_tiered_pricing_fixed_rules":[],"yoast_head":"<!-- This site is optimized with the Yoast SEO plugin v23.3 - https:\/\/yoast.com\/wordpress\/plugins\/seo\/ -->\n<title>Cherry Soda ELF BOX RGB14000 Erfrischender Kirschgenuss mit stylischem RGB-Design 14000 PUFFS VAPE | ElementVape.de<\/title>\n<meta name=\"description\" content=\"Wir bieten Cherry Soda ELF BOX RGB14000 Erfrischender Kirschgenuss mit stylischem RGB-Design 14000 PUFFS VAPE , Elementvape.de akzeptieren Gro\u00df-und Einzelhandel Bestellungen.\" \/>\n<meta name=\"robots\" content=\"index, follow, max-snippet:-1, max-image-preview:large, max-video-preview:-1\" \/>\n<link rel=\"canonical\" href=\"https:\/\/www.elementvape.de\/es\/produkt\/cherry-soda-elf-box-rgb14000-erfrischender-kirschgenuss-mit-stylischem-rgb-design-14000-puffs-vape\/\" \/>\n<meta property=\"og:locale\" content=\"es_ES\" \/>\n<meta property=\"og:type\" content=\"article\" \/>\n<meta property=\"og:title\" content=\"Cherry Soda ELF BOX RGB14000 Erfrischender Kirschgenuss mit stylischem RGB-Design 14000 PUFFS VAPE | ElementVape.de\" \/>\n<meta property=\"og:description\" content=\"Wir bieten Cherry Soda ELF BOX RGB14000 Erfrischender Kirschgenuss mit stylischem RGB-Design 14000 PUFFS VAPE , Elementvape.de akzeptieren Gro\u00df-und Einzelhandel Bestellungen.\" \/>\n<meta property=\"og:url\" content=\"https:\/\/www.elementvape.de\/es\/produkt\/cherry-soda-elf-box-rgb14000-erfrischender-kirschgenuss-mit-stylischem-rgb-design-14000-puffs-vape\/\" \/>\n<meta property=\"og:site_name\" content=\"ElementVape.de\" \/>\n<meta property=\"article:modified_time\" content=\"2024-12-12T06:34:44+00:00\" \/>\n<meta property=\"og:image\" content=\"https:\/\/www.elementvape.de\/wp-content\/uploads\/2024\/08\/Cherry-Soda_.png\" \/>\n\t<meta property=\"og:image:width\" content=\"1000\" \/>\n\t<meta property=\"og:image:height\" content=\"1000\" \/>\n\t<meta property=\"og:image:type\" content=\"image\/png\" \/>\n<meta name=\"twitter:card\" content=\"summary_large_image\" \/>\n<meta name=\"twitter:label1\" content=\"Est. reading time\" \/>\n\t<meta name=\"twitter:data1\" content=\"3 minutos\" \/>\n<script type=\"application\/ld+json\" class=\"yoast-schema-graph\">{\"@context\":\"https:\/\/schema.org\",\"@graph\":[{\"@type\":\"WebPage\",\"@id\":\"https:\/\/www.elementvape.de\/sv\/produkt\/cherry-soda-elf-box-rgb14000-erfrischender-kirschgenuss-mit-stylischem-rgb-design-14000-puffs-vape\/\",\"url\":\"https:\/\/www.elementvape.de\/sv\/produkt\/cherry-soda-elf-box-rgb14000-erfrischender-kirschgenuss-mit-stylischem-rgb-design-14000-puffs-vape\/\",\"name\":\"Cherry Soda ELF BOX RGB14000 Erfrischender Kirschgenuss mit stylischem RGB-Design 14000 PUFFS VAPE | ElementVape.de\",\"isPartOf\":{\"@id\":\"https:\/\/www.elementvape.de\/#website\"},\"primaryImageOfPage\":{\"@id\":\"https:\/\/www.elementvape.de\/sv\/produkt\/cherry-soda-elf-box-rgb14000-erfrischender-kirschgenuss-mit-stylischem-rgb-design-14000-puffs-vape\/#primaryimage\"},\"image\":{\"@id\":\"https:\/\/www.elementvape.de\/sv\/produkt\/cherry-soda-elf-box-rgb14000-erfrischender-kirschgenuss-mit-stylischem-rgb-design-14000-puffs-vape\/#primaryimage\"},\"thumbnailUrl\":\"https:\/\/www.elementvape.de\/wp-content\/uploads\/2024\/08\/Cherry-Soda_.png\",\"datePublished\":\"2024-08-19T02:37:09+00:00\",\"dateModified\":\"2024-12-12T06:34:44+00:00\",\"description\":\"Wir bieten Cherry Soda ELF BOX RGB14000 Erfrischender Kirschgenuss mit stylischem RGB-Design 14000 PUFFS VAPE , Elementvape.de akzeptieren Gro\u00df-und Einzelhandel Bestellungen.\",\"breadcrumb\":{\"@id\":\"https:\/\/www.elementvape.de\/sv\/produkt\/cherry-soda-elf-box-rgb14000-erfrischender-kirschgenuss-mit-stylischem-rgb-design-14000-puffs-vape\/#breadcrumb\"},\"inLanguage\":\"es\",\"potentialAction\":[{\"@type\":\"ReadAction\",\"target\":[\"https:\/\/www.elementvape.de\/sv\/produkt\/cherry-soda-elf-box-rgb14000-erfrischender-kirschgenuss-mit-stylischem-rgb-design-14000-puffs-vape\/\"]}]},{\"@type\":\"ImageObject\",\"inLanguage\":\"es\",\"@id\":\"https:\/\/www.elementvape.de\/sv\/produkt\/cherry-soda-elf-box-rgb14000-erfrischender-kirschgenuss-mit-stylischem-rgb-design-14000-puffs-vape\/#primaryimage\",\"url\":\"https:\/\/www.elementvape.de\/wp-content\/uploads\/2024\/08\/Cherry-Soda_.png\",\"contentUrl\":\"https:\/\/www.elementvape.de\/wp-content\/uploads\/2024\/08\/Cherry-Soda_.png\",\"width\":1000,\"height\":1000,\"caption\":\"Cherry Soda\"},{\"@type\":\"BreadcrumbList\",\"@id\":\"https:\/\/www.elementvape.de\/sv\/produkt\/cherry-soda-elf-box-rgb14000-erfrischender-kirschgenuss-mit-stylischem-rgb-design-14000-puffs-vape\/#breadcrumb\",\"itemListElement\":[{\"@type\":\"ListItem\",\"position\":1,\"name\":\"Home\",\"item\":\"https:\/\/www.elementvape.de\/\"},{\"@type\":\"ListItem\",\"position\":2,\"name\":\"Shop\",\"item\":\"https:\/\/www.elementvape.de\/shop\/\"},{\"@type\":\"ListItem\",\"position\":3,\"name\":\"Cherry Soda ELF BOX RGB14000 Erfrischender Kirschgenuss mit stylischem RGB-Design 14000 PUFFS VAPE\"}]},{\"@type\":\"WebSite\",\"@id\":\"https:\/\/www.elementvape.de\/#website\",\"url\":\"https:\/\/www.elementvape.de\/\",\"name\":\"ElementVape.de\",\"description\":\"\",\"publisher\":{\"@id\":\"https:\/\/www.elementvape.de\/#organization\"},\"potentialAction\":[{\"@type\":\"SearchAction\",\"target\":{\"@type\":\"EntryPoint\",\"urlTemplate\":\"https:\/\/www.elementvape.de\/?s={search_term_string}\"},\"query-input\":\"required name=search_term_string\"}],\"inLanguage\":\"es\"},{\"@type\":\"Organization\",\"@id\":\"https:\/\/www.elementvape.de\/#organization\",\"name\":\"ElementVape.DE\",\"url\":\"https:\/\/www.elementvape.de\/\",\"logo\":{\"@type\":\"ImageObject\",\"inLanguage\":\"es\",\"@id\":\"https:\/\/www.elementvape.de\/#\/schema\/logo\/image\/\",\"url\":\"https:\/\/www.elementvape.de\/wp-content\/uploads\/2024\/09\/cropped-1elementvape-3.png\",\"contentUrl\":\"https:\/\/www.elementvape.de\/wp-content\/uploads\/2024\/09\/cropped-1elementvape-3.png\",\"width\":285,\"height\":228,\"caption\":\"ElementVape.DE\"},\"image\":{\"@id\":\"https:\/\/www.elementvape.de\/#\/schema\/logo\/image\/\"}}]}<\/script>\n<!-- \/ Yoast SEO plugin. -->","yoast_head_json":{"title":"Cherry Soda ELF BOX RGB14000 Erfrischender Kirschgenuss mit stylischem RGB-Design 14000 PUFFS VAPE | ElementVape.de","description":"Wir bieten Cherry Soda ELF BOX RGB14000 Erfrischender Kirschgenuss mit stylischem RGB-Design 14000 PUFFS VAPE , Elementvape.de akzeptieren Gro\u00df-und Einzelhandel Bestellungen.","robots":{"index":"index","follow":"follow","max-snippet":"max-snippet:-1","max-image-preview":"max-image-preview:large","max-video-preview":"max-video-preview:-1"},"canonical":"https:\/\/www.elementvape.de\/es\/produkt\/cherry-soda-elf-box-rgb14000-erfrischender-kirschgenuss-mit-stylischem-rgb-design-14000-puffs-vape\/","og_locale":"es_ES","og_type":"article","og_title":"Cherry Soda ELF BOX RGB14000 Erfrischender Kirschgenuss mit stylischem RGB-Design 14000 PUFFS VAPE | ElementVape.de","og_description":"Wir bieten Cherry Soda ELF BOX RGB14000 Erfrischender Kirschgenuss mit stylischem RGB-Design 14000 PUFFS VAPE , Elementvape.de akzeptieren Gro\u00df-und Einzelhandel Bestellungen.","og_url":"https:\/\/www.elementvape.de\/es\/produkt\/cherry-soda-elf-box-rgb14000-erfrischender-kirschgenuss-mit-stylischem-rgb-design-14000-puffs-vape\/","og_site_name":"ElementVape.de","article_modified_time":"2024-12-12T06:34:44+00:00","og_image":[{"width":1000,"height":1000,"url":"https:\/\/www.elementvape.de\/wp-content\/uploads\/2024\/08\/Cherry-Soda_.png","type":"image\/png"}],"twitter_card":"summary_large_image","twitter_misc":{"Est. reading time":"3 minutos"},"schema":{"@context":"https:\/\/schema.org","@graph":[{"@type":"WebPage","@id":"https:\/\/www.elementvape.de\/sv\/produkt\/cherry-soda-elf-box-rgb14000-erfrischender-kirschgenuss-mit-stylischem-rgb-design-14000-puffs-vape\/","url":"https:\/\/www.elementvape.de\/sv\/produkt\/cherry-soda-elf-box-rgb14000-erfrischender-kirschgenuss-mit-stylischem-rgb-design-14000-puffs-vape\/","name":"Cherry Soda ELF BOX RGB14000 Erfrischender Kirschgenuss mit stylischem RGB-Design 14000 PUFFS VAPE | ElementVape.de","isPartOf":{"@id":"https:\/\/www.elementvape.de\/#website"},"primaryImageOfPage":{"@id":"https:\/\/www.elementvape.de\/sv\/produkt\/cherry-soda-elf-box-rgb14000-erfrischender-kirschgenuss-mit-stylischem-rgb-design-14000-puffs-vape\/#primaryimage"},"image":{"@id":"https:\/\/www.elementvape.de\/sv\/produkt\/cherry-soda-elf-box-rgb14000-erfrischender-kirschgenuss-mit-stylischem-rgb-design-14000-puffs-vape\/#primaryimage"},"thumbnailUrl":"https:\/\/www.elementvape.de\/wp-content\/uploads\/2024\/08\/Cherry-Soda_.png","datePublished":"2024-08-19T02:37:09+00:00","dateModified":"2024-12-12T06:34:44+00:00","description":"Wir bieten Cherry Soda ELF BOX RGB14000 Erfrischender Kirschgenuss mit stylischem RGB-Design 14000 PUFFS VAPE , Elementvape.de akzeptieren Gro\u00df-und Einzelhandel Bestellungen.","breadcrumb":{"@id":"https:\/\/www.elementvape.de\/sv\/produkt\/cherry-soda-elf-box-rgb14000-erfrischender-kirschgenuss-mit-stylischem-rgb-design-14000-puffs-vape\/#breadcrumb"},"inLanguage":"es","potentialAction":[{"@type":"ReadAction","target":["https:\/\/www.elementvape.de\/sv\/produkt\/cherry-soda-elf-box-rgb14000-erfrischender-kirschgenuss-mit-stylischem-rgb-design-14000-puffs-vape\/"]}]},{"@type":"ImageObject","inLanguage":"es","@id":"https:\/\/www.elementvape.de\/sv\/produkt\/cherry-soda-elf-box-rgb14000-erfrischender-kirschgenuss-mit-stylischem-rgb-design-14000-puffs-vape\/#primaryimage","url":"https:\/\/www.elementvape.de\/wp-content\/uploads\/2024\/08\/Cherry-Soda_.png","contentUrl":"https:\/\/www.elementvape.de\/wp-content\/uploads\/2024\/08\/Cherry-Soda_.png","width":1000,"height":1000,"caption":"Cherry Soda"},{"@type":"BreadcrumbList","@id":"https:\/\/www.elementvape.de\/sv\/produkt\/cherry-soda-elf-box-rgb14000-erfrischender-kirschgenuss-mit-stylischem-rgb-design-14000-puffs-vape\/#breadcrumb","itemListElement":[{"@type":"ListItem","position":1,"name":"Home","item":"https:\/\/www.elementvape.de\/"},{"@type":"ListItem","position":2,"name":"Shop","item":"https:\/\/www.elementvape.de\/shop\/"},{"@type":"ListItem","position":3,"name":"Cherry Soda ELF BOX RGB14000 Erfrischender Kirschgenuss mit stylischem RGB-Design 14000 PUFFS VAPE"}]},{"@type":"WebSite","@id":"https:\/\/www.elementvape.de\/#website","url":"https:\/\/www.elementvape.de\/","name":"ElementVape.de","description":"","publisher":{"@id":"https:\/\/www.elementvape.de\/#organization"},"potentialAction":[{"@type":"SearchAction","target":{"@type":"EntryPoint","urlTemplate":"https:\/\/www.elementvape.de\/?s={search_term_string}"},"query-input":"required name=search_term_string"}],"inLanguage":"es"},{"@type":"Organization","@id":"https:\/\/www.elementvape.de\/#organization","name":"ElementVape.DE","url":"https:\/\/www.elementvape.de\/","logo":{"@type":"ImageObject","inLanguage":"es","@id":"https:\/\/www.elementvape.de\/#\/schema\/logo\/image\/","url":"https:\/\/www.elementvape.de\/wp-content\/uploads\/2024\/09\/cropped-1elementvape-3.png","contentUrl":"https:\/\/www.elementvape.de\/wp-content\/uploads\/2024\/09\/cropped-1elementvape-3.png","width":285,"height":228,"caption":"ElementVape.DE"},"image":{"@id":"https:\/\/www.elementvape.de\/#\/schema\/logo\/image\/"}}]}},"_links":{"self":[{"href":"https:\/\/www.elementvape.de\/es\/wp-json\/wp\/v2\/product\/13840"}],"collection":[{"href":"https:\/\/www.elementvape.de\/es\/wp-json\/wp\/v2\/product"}],"about":[{"href":"https:\/\/www.elementvape.de\/es\/wp-json\/wp\/v2\/types\/product"}],"wp:featuredmedia":[{"embeddable":true,"href":"https:\/\/www.elementvape.de\/es\/wp-json\/wp\/v2\/media\/13841"}],"wp:attachment":[{"href":"https:\/\/www.elementvape.de\/es\/wp-json\/wp\/v2\/media?parent=13840"}],"wp:term":[{"taxonomy":"product_cat","embeddable":true,"href":"https:\/\/www.elementvape.de\/es\/wp-json\/wp\/v2\/product_cat?post=13840"},{"taxonomy":"product_tag","embeddable":true,"href":"https:\/\/www.elementvape.de\/es\/wp-json\/wp\/v2\/product_tag?post=13840"}],"curies":[{"name":"wp","href":"https:\/\/api.w.org\/{rel}","templated":true}]}}