{"id":13829,"date":"2024-08-17T07:40:52","date_gmt":"2024-08-17T07:40:52","guid":{"rendered":"https:\/\/www.elementvape.de\/?post_type=product&#038;p=13829"},"modified":"2024-12-12T06:34:49","modified_gmt":"2024-12-12T06:34:49","slug":"mint-ice-elf-box-rgb14000-eine-neue-dimension-der-frische-mit-stylischen-rgb-highlights","status":"publish","type":"product","link":"https:\/\/www.elementvape.de\/es\/produkt\/mint-ice-elf-box-rgb14000-eine-neue-dimension-der-frische-mit-stylischen-rgb-highlights\/","title":{"rendered":"Mint Ice ELF BOX RGB14000 Una nueva dimensi\u00f3n de frescura con destacados RGB elegantes"},"content":{"rendered":"<div class=\"flex-shrink-0 flex flex-col relative items-end\">\n<div>\n<div class=\"pt-0\">\n<div class=\"gizmo-bot-avatar flex h-8 w-8 items-center justify-center overflow-hidden rounded-full\">\n<div class=\"relative p-1 rounded-sm flex items-center justify-center bg-token-main-surface-primary text-token-text-primary h-8 w-8\"><\/div>\n<\/div>\n<\/div>\n<\/div>\n<\/div>\n<div class=\"group\/conversation-turn relative flex w-full min-w-0 flex-col agent-turn\">\n<div class=\"flex-col gap-1 md:gap-3\">\n<div class=\"flex max-w-full flex-col flex-grow\">\n<div class=\"min-h-[20px] text-message flex w-full flex-col items-end gap-2 whitespace-pre-wrap break-words [.text-message+&amp;]:mt-5 overflow-x-auto\" dir=\"auto\" data-message-author-role=\"assistant\" data-message-id=\"8d6791a6-b038-43b6-8b53-2aba15e6e312\">\n<div class=\"flex w-full flex-col gap-1 empty:hidden first:pt-[3px]\">\n<div class=\"markdown prose w-full break-words dark:prose-invert light\">\n<h3>Mint Ice ELF BOX RGB14000 \u2013 La dosis definitiva de frescura<\/h3>\n<p>Experimenta con la Mint Ice ELF BOX RGB14000 la incomparable dosis de frescura que convierte cada inhalaci\u00f3n en una experiencia refrescante. El sabor Mint Ice combina el aroma estimulante de la menta fresca con una nota fr\u00eda y helada que revitaliza tus sentidos. Es como una fr\u00eda ma\u00f1ana de invierno que despierta tus papilas gustativas de la manera m\u00e1s agradable. Perfecto para quienes buscan una experiencia de sabor intensa y a la vez refrescante.<\/p>\n<p>Con hasta 15.000 inhalaciones, la ELF BOX RGB14000 est\u00e1 perfectamente equipada para ofrecerte esta experiencia refrescante durante mucho tiempo. La resistencia Mesh de 1,0 Ohm garantiza que el vapor se produzca de manera uniforme e intensa, de modo que el sabor mentolado fresco destaque en cada inhalaci\u00f3n. Gracias a su generosa capacidad de 25 ml de e-l\u00edquido, no tendr\u00e1s que preocuparte por rellenar con frecuencia.<\/p>\n<h3>Dise\u00f1o futurista se combina con tecnolog\u00eda RGB innovadora<\/h3>\n<p>La ELF BOX RGB14000 no solo aporta un destacado sabor, sino tambi\u00e9n un impacto visual a tu experiencia de vapeo. La luz RGB integrada convierte cada inhalaci\u00f3n en un espect\u00e1culo visual. La l\u00e1mpara de carreras brillante crea un juego de luces impresionante que eleva la experiencia del <strong><a href=\"https:\/\/www.elementvape.de\/es\/\" target=\"_blank\" rel=\"noopener\">vapear<\/a><\/strong> a un nuevo nivel. Esta tecnolog\u00eda futurista hace que vapear no solo sea un placer para el paladar, sino tambi\u00e9n un fest\u00edn para los ojos.<\/p>\n<p>Adem\u00e1s de su impresionante iluminaci\u00f3n, la ELF BOX RGB14000 cuenta con una pr\u00e1ctica correa de transporte que facilita su manejo. Con unas dimensiones de 35 mm x 36 mm x 133,5 mm y un peso de solo 100 g, el dispositivo es ideal para llevarlo contigo. Ya sea en el bolsillo o colgado del cuello con la correa, este gadget con estilo siempre est\u00e1 a mano y te permite disfrutar en cualquier lugar de la tecnolog\u00eda RGB futurista.<\/p>\n<h3>Pr\u00e1ctico y potente para el d\u00eda a d\u00eda<\/h3>\n<p>La Mint Ice ELF BOX RGB14000 combina facilidad de uso con un rendimiento impresionante. La bater\u00eda 18250 de 600 mAh proporciona una larga duraci\u00f3n, permiti\u00e9ndote disfrutar del sabor fresco a menta sin interrupciones. Si la bater\u00eda se agota, puedes cargarla r\u00e1pida y f\u00e1cilmente a trav\u00e9s del puerto USB Tipo-C. Esta opci\u00f3n de carga r\u00e1pida asegura que siempre est\u00e9s listo para la pr\u00f3xima sesi\u00f3n de vapeo.<\/p>\n<p>Con su dise\u00f1o compacto y peso ligero, la ELF BOX RGB14000 es el compa\u00f1ero ideal para el d\u00eda a d\u00eda. Ya sea que la uses en movimiento o simplemente para relajarte en casa, te ofrece una experiencia de vapeo de primera clase en todo momento. La combinaci\u00f3n de alta potencia, facilidad de manejo y dise\u00f1o estilizado hace de este dispositivo un imprescindible para todos los vapeadores que valoran la frescura y la innovaci\u00f3n.<\/p>\n<\/div>\n<\/div>\n<\/div>\n<\/div>\n<\/div>\n<\/div>","protected":false},"excerpt":{"rendered":"<p>Mint Ice ELF BOX RGB14000 \u2013 Der ultimative Frischekick Erleben Sie mit der Mint Ice ELF BOX RGB14000 den unvergleichlichen Frischekick, der jeden Zug zu einem erfrischenden Erlebnis macht. Die Geschmacksrichtung Mint Ice vereint das belebende Aroma von frischer Minze mit einer k\u00fchlen, eisigen Note, die Ihre Sinne revitalisiert. Es ist wie ein kalter Wintermorgen, [&hellip;]<\/p>","protected":false},"featured_media":13830,"template":"","meta":{"inline_featured_image":false},"product_cat":[15,78,747,740,734,753,718,732],"product_tag":[710,674],"tiered_pricing_type":"fixed","tiered_pricing_fixed_rules":{"110":"7.54","200":"6.68","500":"5.85"},"tiered_pricing_percentage_rules":[],"tiered_pricing_minimum":1,"_administrator_tiered_pricing_type":"fixed","_administrator_tiered_pricing_fixed_rules":[],"_editor_tiered_pricing_type":"fixed","_editor_tiered_pricing_fixed_rules":[],"_author_tiered_pricing_type":"fixed","_author_tiered_pricing_fixed_rules":[],"_contributor_tiered_pricing_type":"fixed","_contributor_tiered_pricing_fixed_rules":[],"_subscriber_tiered_pricing_type":"fixed","_subscriber_tiered_pricing_fixed_rules":[],"_customer_tiered_pricing_type":"fixed","_customer_tiered_pricing_fixed_rules":[],"_shop_manager_tiered_pricing_type":"fixed","_shop_manager_tiered_pricing_fixed_rules":[],"_wpseo_manager_tiered_pricing_type":"fixed","_wpseo_manager_tiered_pricing_fixed_rules":[],"_wpseo_editor_tiered_pricing_type":"fixed","_wpseo_editor_tiered_pricing_fixed_rules":[],"_wholesale_customer_tiered_pricing_type":"fixed","_wholesale_customer_tiered_pricing_fixed_rules":[],"_marketer_tiered_pricing_type":"fixed","_marketer_tiered_pricing_fixed_rules":[],"_sales_manager_tiered_pricing_type":"fixed","_sales_manager_tiered_pricing_fixed_rules":[],"_sales_rep_tiered_pricing_type":"fixed","_sales_rep_tiered_pricing_fixed_rules":[],"yoast_head":"<!-- This site is optimized with the Yoast SEO plugin v23.3 - https:\/\/yoast.com\/wordpress\/plugins\/seo\/ -->\n<title>Mint Ice ELF BOX RGB14000 Eine neue Dimension der Frische mit stylischen RGB-Highlights | ElementVape.de<\/title>\n<meta name=\"description\" content=\"Wir bieten Mint Ice ELF BOX RGB14000 Eine neue Dimension der Frische mit stylischen RGB-Highlights , Elementvape.de akzeptieren Gro\u00df-und Einzelhandel Bestellungen.\" \/>\n<meta name=\"robots\" content=\"index, follow, max-snippet:-1, max-image-preview:large, max-video-preview:-1\" \/>\n<link rel=\"canonical\" href=\"https:\/\/www.elementvape.de\/es\/produkt\/mint-ice-elf-box-rgb14000-eine-neue-dimension-der-frische-mit-stylischen-rgb-highlights\/\" \/>\n<meta property=\"og:locale\" content=\"es_ES\" \/>\n<meta property=\"og:type\" content=\"article\" \/>\n<meta property=\"og:title\" content=\"Mint Ice ELF BOX RGB14000 Eine neue Dimension der Frische mit stylischen RGB-Highlights | ElementVape.de\" \/>\n<meta property=\"og:description\" content=\"Wir bieten Mint Ice ELF BOX RGB14000 Eine neue Dimension der Frische mit stylischen RGB-Highlights , Elementvape.de akzeptieren Gro\u00df-und Einzelhandel Bestellungen.\" \/>\n<meta property=\"og:url\" content=\"https:\/\/www.elementvape.de\/es\/produkt\/mint-ice-elf-box-rgb14000-eine-neue-dimension-der-frische-mit-stylischen-rgb-highlights\/\" \/>\n<meta property=\"og:site_name\" content=\"ElementVape.de\" \/>\n<meta property=\"article:modified_time\" content=\"2024-12-12T06:34:49+00:00\" \/>\n<meta property=\"og:image\" content=\"https:\/\/www.elementvape.de\/wp-content\/uploads\/2024\/08\/Mint-Ice.png\" \/>\n\t<meta property=\"og:image:width\" content=\"1000\" \/>\n\t<meta property=\"og:image:height\" content=\"1000\" \/>\n\t<meta property=\"og:image:type\" content=\"image\/png\" \/>\n<meta name=\"twitter:card\" content=\"summary_large_image\" \/>\n<meta name=\"twitter:label1\" content=\"Est. reading time\" \/>\n\t<meta name=\"twitter:data1\" content=\"3 minutos\" \/>\n<script type=\"application\/ld+json\" class=\"yoast-schema-graph\">{\"@context\":\"https:\/\/schema.org\",\"@graph\":[{\"@type\":\"WebPage\",\"@id\":\"https:\/\/www.elementvape.de\/es\/produkt\/mint-ice-elf-box-rgb14000-eine-neue-dimension-der-frische-mit-stylischen-rgb-highlights\/\",\"url\":\"https:\/\/www.elementvape.de\/es\/produkt\/mint-ice-elf-box-rgb14000-eine-neue-dimension-der-frische-mit-stylischen-rgb-highlights\/\",\"name\":\"Mint Ice ELF BOX RGB14000 Eine neue Dimension der Frische mit stylischen RGB-Highlights | ElementVape.de\",\"isPartOf\":{\"@id\":\"https:\/\/www.elementvape.de\/#website\"},\"primaryImageOfPage\":{\"@id\":\"https:\/\/www.elementvape.de\/es\/produkt\/mint-ice-elf-box-rgb14000-eine-neue-dimension-der-frische-mit-stylischen-rgb-highlights\/#primaryimage\"},\"image\":{\"@id\":\"https:\/\/www.elementvape.de\/es\/produkt\/mint-ice-elf-box-rgb14000-eine-neue-dimension-der-frische-mit-stylischen-rgb-highlights\/#primaryimage\"},\"thumbnailUrl\":\"https:\/\/www.elementvape.de\/wp-content\/uploads\/2024\/08\/Mint-Ice.png\",\"datePublished\":\"2024-08-17T07:40:52+00:00\",\"dateModified\":\"2024-12-12T06:34:49+00:00\",\"description\":\"Wir bieten Mint Ice ELF BOX RGB14000 Eine neue Dimension der Frische mit stylischen RGB-Highlights , Elementvape.de akzeptieren Gro\u00df-und Einzelhandel Bestellungen.\",\"breadcrumb\":{\"@id\":\"https:\/\/www.elementvape.de\/es\/produkt\/mint-ice-elf-box-rgb14000-eine-neue-dimension-der-frische-mit-stylischen-rgb-highlights\/#breadcrumb\"},\"inLanguage\":\"es\",\"potentialAction\":[{\"@type\":\"ReadAction\",\"target\":[\"https:\/\/www.elementvape.de\/es\/produkt\/mint-ice-elf-box-rgb14000-eine-neue-dimension-der-frische-mit-stylischen-rgb-highlights\/\"]}]},{\"@type\":\"ImageObject\",\"inLanguage\":\"es\",\"@id\":\"https:\/\/www.elementvape.de\/es\/produkt\/mint-ice-elf-box-rgb14000-eine-neue-dimension-der-frische-mit-stylischen-rgb-highlights\/#primaryimage\",\"url\":\"https:\/\/www.elementvape.de\/wp-content\/uploads\/2024\/08\/Mint-Ice.png\",\"contentUrl\":\"https:\/\/www.elementvape.de\/wp-content\/uploads\/2024\/08\/Mint-Ice.png\",\"width\":1000,\"height\":1000,\"caption\":\"Mint Ice\"},{\"@type\":\"BreadcrumbList\",\"@id\":\"https:\/\/www.elementvape.de\/es\/produkt\/mint-ice-elf-box-rgb14000-eine-neue-dimension-der-frische-mit-stylischen-rgb-highlights\/#breadcrumb\",\"itemListElement\":[{\"@type\":\"ListItem\",\"position\":1,\"name\":\"Home\",\"item\":\"https:\/\/www.elementvape.de\/\"},{\"@type\":\"ListItem\",\"position\":2,\"name\":\"Shop\",\"item\":\"https:\/\/www.elementvape.de\/shop\/\"},{\"@type\":\"ListItem\",\"position\":3,\"name\":\"Mint Ice ELF BOX RGB14000 Eine neue Dimension der Frische mit stylischen RGB-Highlights\"}]},{\"@type\":\"WebSite\",\"@id\":\"https:\/\/www.elementvape.de\/#website\",\"url\":\"https:\/\/www.elementvape.de\/\",\"name\":\"ElementVape.de\",\"description\":\"\",\"publisher\":{\"@id\":\"https:\/\/www.elementvape.de\/#organization\"},\"potentialAction\":[{\"@type\":\"SearchAction\",\"target\":{\"@type\":\"EntryPoint\",\"urlTemplate\":\"https:\/\/www.elementvape.de\/?s={search_term_string}\"},\"query-input\":\"required name=search_term_string\"}],\"inLanguage\":\"es\"},{\"@type\":\"Organization\",\"@id\":\"https:\/\/www.elementvape.de\/#organization\",\"name\":\"ElementVape.DE\",\"url\":\"https:\/\/www.elementvape.de\/\",\"logo\":{\"@type\":\"ImageObject\",\"inLanguage\":\"es\",\"@id\":\"https:\/\/www.elementvape.de\/#\/schema\/logo\/image\/\",\"url\":\"https:\/\/www.elementvape.de\/wp-content\/uploads\/2024\/09\/cropped-1elementvape-3.png\",\"contentUrl\":\"https:\/\/www.elementvape.de\/wp-content\/uploads\/2024\/09\/cropped-1elementvape-3.png\",\"width\":285,\"height\":228,\"caption\":\"ElementVape.DE\"},\"image\":{\"@id\":\"https:\/\/www.elementvape.de\/#\/schema\/logo\/image\/\"}}]}<\/script>\n<!-- \/ Yoast SEO plugin. -->","yoast_head_json":{"title":"Mint Ice ELF BOX RGB14000 Eine neue Dimension der Frische mit stylischen RGB-Highlights | ElementVape.de","description":"Wir bieten Mint Ice ELF BOX RGB14000 Eine neue Dimension der Frische mit stylischen RGB-Highlights , Elementvape.de akzeptieren Gro\u00df-und Einzelhandel Bestellungen.","robots":{"index":"index","follow":"follow","max-snippet":"max-snippet:-1","max-image-preview":"max-image-preview:large","max-video-preview":"max-video-preview:-1"},"canonical":"https:\/\/www.elementvape.de\/es\/produkt\/mint-ice-elf-box-rgb14000-eine-neue-dimension-der-frische-mit-stylischen-rgb-highlights\/","og_locale":"es_ES","og_type":"article","og_title":"Mint Ice ELF BOX RGB14000 Eine neue Dimension der Frische mit stylischen RGB-Highlights | ElementVape.de","og_description":"Wir bieten Mint Ice ELF BOX RGB14000 Eine neue Dimension der Frische mit stylischen RGB-Highlights , Elementvape.de akzeptieren Gro\u00df-und Einzelhandel Bestellungen.","og_url":"https:\/\/www.elementvape.de\/es\/produkt\/mint-ice-elf-box-rgb14000-eine-neue-dimension-der-frische-mit-stylischen-rgb-highlights\/","og_site_name":"ElementVape.de","article_modified_time":"2024-12-12T06:34:49+00:00","og_image":[{"width":1000,"height":1000,"url":"https:\/\/www.elementvape.de\/wp-content\/uploads\/2024\/08\/Mint-Ice.png","type":"image\/png"}],"twitter_card":"summary_large_image","twitter_misc":{"Est. reading time":"3 minutos"},"schema":{"@context":"https:\/\/schema.org","@graph":[{"@type":"WebPage","@id":"https:\/\/www.elementvape.de\/es\/produkt\/mint-ice-elf-box-rgb14000-eine-neue-dimension-der-frische-mit-stylischen-rgb-highlights\/","url":"https:\/\/www.elementvape.de\/es\/produkt\/mint-ice-elf-box-rgb14000-eine-neue-dimension-der-frische-mit-stylischen-rgb-highlights\/","name":"Mint Ice ELF BOX RGB14000 Eine neue Dimension der Frische mit stylischen RGB-Highlights | ElementVape.de","isPartOf":{"@id":"https:\/\/www.elementvape.de\/#website"},"primaryImageOfPage":{"@id":"https:\/\/www.elementvape.de\/es\/produkt\/mint-ice-elf-box-rgb14000-eine-neue-dimension-der-frische-mit-stylischen-rgb-highlights\/#primaryimage"},"image":{"@id":"https:\/\/www.elementvape.de\/es\/produkt\/mint-ice-elf-box-rgb14000-eine-neue-dimension-der-frische-mit-stylischen-rgb-highlights\/#primaryimage"},"thumbnailUrl":"https:\/\/www.elementvape.de\/wp-content\/uploads\/2024\/08\/Mint-Ice.png","datePublished":"2024-08-17T07:40:52+00:00","dateModified":"2024-12-12T06:34:49+00:00","description":"Wir bieten Mint Ice ELF BOX RGB14000 Eine neue Dimension der Frische mit stylischen RGB-Highlights , Elementvape.de akzeptieren Gro\u00df-und Einzelhandel Bestellungen.","breadcrumb":{"@id":"https:\/\/www.elementvape.de\/es\/produkt\/mint-ice-elf-box-rgb14000-eine-neue-dimension-der-frische-mit-stylischen-rgb-highlights\/#breadcrumb"},"inLanguage":"es","potentialAction":[{"@type":"ReadAction","target":["https:\/\/www.elementvape.de\/es\/produkt\/mint-ice-elf-box-rgb14000-eine-neue-dimension-der-frische-mit-stylischen-rgb-highlights\/"]}]},{"@type":"ImageObject","inLanguage":"es","@id":"https:\/\/www.elementvape.de\/es\/produkt\/mint-ice-elf-box-rgb14000-eine-neue-dimension-der-frische-mit-stylischen-rgb-highlights\/#primaryimage","url":"https:\/\/www.elementvape.de\/wp-content\/uploads\/2024\/08\/Mint-Ice.png","contentUrl":"https:\/\/www.elementvape.de\/wp-content\/uploads\/2024\/08\/Mint-Ice.png","width":1000,"height":1000,"caption":"Mint Ice"},{"@type":"BreadcrumbList","@id":"https:\/\/www.elementvape.de\/es\/produkt\/mint-ice-elf-box-rgb14000-eine-neue-dimension-der-frische-mit-stylischen-rgb-highlights\/#breadcrumb","itemListElement":[{"@type":"ListItem","position":1,"name":"Home","item":"https:\/\/www.elementvape.de\/"},{"@type":"ListItem","position":2,"name":"Shop","item":"https:\/\/www.elementvape.de\/shop\/"},{"@type":"ListItem","position":3,"name":"Mint Ice ELF BOX RGB14000 Eine neue Dimension der Frische mit stylischen RGB-Highlights"}]},{"@type":"WebSite","@id":"https:\/\/www.elementvape.de\/#website","url":"https:\/\/www.elementvape.de\/","name":"ElementVape.de","description":"","publisher":{"@id":"https:\/\/www.elementvape.de\/#organization"},"potentialAction":[{"@type":"SearchAction","target":{"@type":"EntryPoint","urlTemplate":"https:\/\/www.elementvape.de\/?s={search_term_string}"},"query-input":"required name=search_term_string"}],"inLanguage":"es"},{"@type":"Organization","@id":"https:\/\/www.elementvape.de\/#organization","name":"ElementVape.DE","url":"https:\/\/www.elementvape.de\/","logo":{"@type":"ImageObject","inLanguage":"es","@id":"https:\/\/www.elementvape.de\/#\/schema\/logo\/image\/","url":"https:\/\/www.elementvape.de\/wp-content\/uploads\/2024\/09\/cropped-1elementvape-3.png","contentUrl":"https:\/\/www.elementvape.de\/wp-content\/uploads\/2024\/09\/cropped-1elementvape-3.png","width":285,"height":228,"caption":"ElementVape.DE"},"image":{"@id":"https:\/\/www.elementvape.de\/#\/schema\/logo\/image\/"}}]}},"_links":{"self":[{"href":"https:\/\/www.elementvape.de\/es\/wp-json\/wp\/v2\/product\/13829"}],"collection":[{"href":"https:\/\/www.elementvape.de\/es\/wp-json\/wp\/v2\/product"}],"about":[{"href":"https:\/\/www.elementvape.de\/es\/wp-json\/wp\/v2\/types\/product"}],"wp:featuredmedia":[{"embeddable":true,"href":"https:\/\/www.elementvape.de\/es\/wp-json\/wp\/v2\/media\/13830"}],"wp:attachment":[{"href":"https:\/\/www.elementvape.de\/es\/wp-json\/wp\/v2\/media?parent=13829"}],"wp:term":[{"taxonomy":"product_cat","embeddable":true,"href":"https:\/\/www.elementvape.de\/es\/wp-json\/wp\/v2\/product_cat?post=13829"},{"taxonomy":"product_tag","embeddable":true,"href":"https:\/\/www.elementvape.de\/es\/wp-json\/wp\/v2\/product_tag?post=13829"}],"curies":[{"name":"wp","href":"https:\/\/api.w.org\/{rel}","templated":true}]}}