{"id":13823,"date":"2024-08-17T07:14:27","date_gmt":"2024-08-17T07:14:27","guid":{"rendered":"https:\/\/www.elementvape.de\/?post_type=product&#038;p=13823"},"modified":"2024-12-12T06:34:50","modified_gmt":"2024-12-12T06:34:50","slug":"blue-razz-ice-der-ultimative-kick-aus-blaubeere-und-himbeere-mit-eisiger-frische-elf-box-rgb14000-15000-puffs","status":"publish","type":"product","link":"https:\/\/www.elementvape.de\/es\/produkt\/blue-razz-ice-der-ultimative-kick-aus-blaubeere-und-himbeere-mit-eisiger-frische-elf-box-rgb14000-15000-puffs\/","title":{"rendered":"Blue Razz Ice La dosis definitiva de ar\u00e1ndano y frambuesa con frescura helada ELF BOX RGB14000 15000 PUFFS"},"content":{"rendered":"<div class=\"flex-shrink-0 flex flex-col relative items-end\">\n<div>\n<div class=\"pt-0\">\n<div class=\"gizmo-bot-avatar flex h-8 w-8 items-center justify-center overflow-hidden rounded-full\">\n<div class=\"relative p-1 rounded-sm flex items-center justify-center bg-token-main-surface-primary text-token-text-primary h-8 w-8\"><\/div>\n<\/div>\n<\/div>\n<\/div>\n<\/div>\n<div class=\"group\/conversation-turn relative flex w-full min-w-0 flex-col agent-turn\">\n<div class=\"flex-col gap-1 md:gap-3\">\n<div class=\"flex max-w-full flex-col flex-grow\">\n<div class=\"min-h-[20px] text-message flex w-full flex-col items-end gap-2 whitespace-pre-wrap break-words [.text-message+&amp;]:mt-5 overflow-x-auto\" dir=\"auto\" data-message-author-role=\"assistant\" data-message-id=\"8654471f-634f-482b-b738-73c50a5afabb\">\n<div class=\"flex w-full flex-col gap-1 empty:hidden first:pt-[3px]\">\n<div class=\"markdown prose w-full break-words dark:prose-invert light\">\n<h3><strong>ELF BOX RGB14000 \u2013 Especificaciones t\u00e9cnicas en resumen<\/strong><\/h3>\n<p>La ELF BOX RGB14000 es un dispositivo de vapeo moderno, dise\u00f1ado espec\u00edficamente para una experiencia de vaporizaci\u00f3n duradera e intensa. Con una cantidad m\u00e1xima de 14.000 caladas y una resistencia Mesh innovadora de 1,0 Ohm, ofrece un excelente desarrollo de sabor y una producci\u00f3n de vapor densa. La generosa capacidad de e-l\u00edquido de 25 ml le permite un uso prolongado, mientras que puede elegir entre diferentes niveles de N-Strength de 2% y 5% para adaptar la experiencia de vaporizaci\u00f3n a sus preferencias individuales.<\/p>\n<p>Gracias a la potente bater\u00eda de 18,250-600mAh, que se puede recargar r\u00e1pidamente mediante una moderna conexi\u00f3n Type-C, la ELF BOX RGB14000 est\u00e1 siempre lista cuando usted lo est\u00e9. Adem\u00e1s, el dispositivo cuenta con una elegante luz RGB que proporciona acentos visuales, y se entrega con un lanyard colorido, que es pr\u00e1ctico y a la moda. A pesar de su potente rendimiento, la ELF BOX sigue siendo manejable y port\u00e1til, con un peso de solo 100 g y unas dimensiones de 35 x 36 x 133,5 mm, por lo que puede llevarla f\u00e1cilmente a cualquier lugar.<\/p>\n<h3><strong>Experiencia de sabor \u2013 Blue Razz Ice<\/strong><\/h3>\n<p>La ELF BOX RGB14000 en la variedad de sabor Blue Razz Ice ofrece un placer de vaporizaci\u00f3n incomparable. Esta mezcla especial combina las notas dulces y ligeramente \u00e1cidas de ar\u00e1ndanos y frambuesas, complementadas con una refrescante sensaci\u00f3n helada. Cada calada aporta una combinaci\u00f3n armoniosa de fruta y frescura, ideal para vaporizadores que prefieren sabores frutales y revitalizantes.<\/p>\n<p>Con su alta capacidad y tecnolog\u00eda avanzada, la ELF BOX RGB14000 asegura que pueda disfrutar de este intenso sabor durante mucho tiempo. El dispositivo no solo ofrece un rendimiento de vapor sobresaliente, sino que tambi\u00e9n establece nuevos est\u00e1ndares en dise\u00f1o y facilidad de uso. D\u00e9jese cautivar por el equilibrio perfecto entre dulzura frutal y frescura fr\u00eda, que se nota en cada calada.<\/p>\n<hr \/>\n<h3><strong>ELF BOX RGB14000 \u2013 Especificaciones t\u00e9cnicas<\/strong><\/h3>\n<table>\n<thead>\n<tr>\n<th><strong>Caracter\u00edstica<\/strong><\/th>\n<th><strong>Detalles<\/strong><\/th>\n<\/tr>\n<\/thead>\n<tbody>\n<tr>\n<td>Inhalaciones m\u00e1ximas<\/td>\n<td>Hasta 14.000 caladas<\/td>\n<\/tr>\n<tr>\n<td>Tipo de bobina<\/td>\n<td>Resistencia Mesh de 1,0 Ohm<\/td>\n<\/tr>\n<tr>\n<td>Capacidad de e-l\u00edquido<\/td>\n<td>25 ml<\/td>\n<\/tr>\n<tr>\n<td>N<\/td>\n<td>2%, 5%<\/td>\n<\/tr>\n<tr>\n<td>Bater\u00eda<\/td>\n<td>18,250-600mAh (recargable)<\/td>\n<\/tr>\n<tr>\n<td>Carga<\/td>\n<td>Puerto Type-C<\/td>\n<\/tr>\n<tr>\n<td>Funciones especiales<\/td>\n<td>Luz RGB, lanyard colorido<\/td>\n<\/tr>\n<tr>\n<td>Peso del producto<\/td>\n<td>100 g<\/td>\n<\/tr>\n<tr>\n<td>Tama\u00f1o del producto<\/td>\n<td>35 x 36 x 133,5 mm<\/td>\n<\/tr>\n<\/tbody>\n<\/table>\n<\/div>\n<\/div>\n<\/div>\n<\/div>\n<\/div>\n<\/div>","protected":false},"excerpt":{"rendered":"<p>ELF BOX RGB14000 &#8211; Technische Daten im \u00dcberblick Die ELF BOX RGB14000 ist ein modernes Vape-Ger\u00e4t, das speziell f\u00fcr ein langanhaltendes und intensives Dampferlebnis entwickelt wurde. Mit einer maximalen Puffanzahl von 14.000 Z\u00fcgen und einem innovativen Mesh-Coil mit 1,0 Ohm Widerstand bietet dieses Ger\u00e4t eine hervorragende Geschmacksentfaltung und eine dichte Dampfproduktion. Die gro\u00dfz\u00fcgige E-Liquid-Kapazit\u00e4t von [&hellip;]<\/p>","protected":false},"featured_media":13792,"template":"","meta":{"inline_featured_image":false},"product_cat":[15,78,747,740,734,753,718,732],"product_tag":[710,674],"tiered_pricing_type":"fixed","tiered_pricing_fixed_rules":{"110":"7.54","200":"6.68","500":"5.85"},"tiered_pricing_percentage_rules":[],"tiered_pricing_minimum":1,"_administrator_tiered_pricing_type":"fixed","_administrator_tiered_pricing_fixed_rules":[],"_editor_tiered_pricing_type":"fixed","_editor_tiered_pricing_fixed_rules":[],"_author_tiered_pricing_type":"fixed","_author_tiered_pricing_fixed_rules":[],"_contributor_tiered_pricing_type":"fixed","_contributor_tiered_pricing_fixed_rules":[],"_subscriber_tiered_pricing_type":"fixed","_subscriber_tiered_pricing_fixed_rules":[],"_customer_tiered_pricing_type":"fixed","_customer_tiered_pricing_fixed_rules":[],"_shop_manager_tiered_pricing_type":"fixed","_shop_manager_tiered_pricing_fixed_rules":[],"_wpseo_manager_tiered_pricing_type":"fixed","_wpseo_manager_tiered_pricing_fixed_rules":[],"_wpseo_editor_tiered_pricing_type":"fixed","_wpseo_editor_tiered_pricing_fixed_rules":[],"_wholesale_customer_tiered_pricing_type":"fixed","_wholesale_customer_tiered_pricing_fixed_rules":[],"_marketer_tiered_pricing_type":"fixed","_marketer_tiered_pricing_fixed_rules":[],"_sales_manager_tiered_pricing_type":"fixed","_sales_manager_tiered_pricing_fixed_rules":[],"_sales_rep_tiered_pricing_type":"fixed","_sales_rep_tiered_pricing_fixed_rules":[],"yoast_head":"<!-- This site is optimized with the Yoast SEO plugin v23.3 - https:\/\/yoast.com\/wordpress\/plugins\/seo\/ -->\n<title>Blue Razz Ice Der ultimative Kick aus Blaubeere und Himbeere mit eisiger Frische ELF BOX RGB14000 15000 PUFFS | ElementVape.de<\/title>\n<meta name=\"description\" content=\"Wir bieten Blue Razz Ice Der ultimative Kick aus Blaubeere und Himbeere mit eisiger Frische ELF BOX RGB14000 15000 PUFFS , Elementvape.de akzeptieren Gro\u00df-und Einzelhandel Bestellungen.\" \/>\n<meta name=\"robots\" content=\"index, follow, max-snippet:-1, max-image-preview:large, max-video-preview:-1\" \/>\n<link rel=\"canonical\" href=\"https:\/\/www.elementvape.de\/es\/produkt\/blue-razz-ice-der-ultimative-kick-aus-blaubeere-und-himbeere-mit-eisiger-frische-elf-box-rgb14000-15000-puffs\/\" \/>\n<meta property=\"og:locale\" content=\"es_ES\" \/>\n<meta property=\"og:type\" content=\"article\" \/>\n<meta property=\"og:title\" content=\"Blue Razz Ice Der ultimative Kick aus Blaubeere und Himbeere mit eisiger Frische ELF BOX RGB14000 15000 PUFFS | ElementVape.de\" \/>\n<meta property=\"og:description\" content=\"Wir bieten Blue Razz Ice Der ultimative Kick aus Blaubeere und Himbeere mit eisiger Frische ELF BOX RGB14000 15000 PUFFS , Elementvape.de akzeptieren Gro\u00df-und Einzelhandel Bestellungen.\" \/>\n<meta property=\"og:url\" content=\"https:\/\/www.elementvape.de\/es\/produkt\/blue-razz-ice-der-ultimative-kick-aus-blaubeere-und-himbeere-mit-eisiger-frische-elf-box-rgb14000-15000-puffs\/\" \/>\n<meta property=\"og:site_name\" content=\"ElementVape.de\" \/>\n<meta property=\"article:modified_time\" content=\"2024-12-12T06:34:50+00:00\" \/>\n<meta property=\"og:image\" content=\"https:\/\/www.elementvape.de\/wp-content\/uploads\/2024\/08\/Blue-Raz-Ice_.png\" \/>\n\t<meta property=\"og:image:width\" content=\"1000\" \/>\n\t<meta property=\"og:image:height\" content=\"1000\" \/>\n\t<meta property=\"og:image:type\" content=\"image\/png\" \/>\n<meta name=\"twitter:card\" content=\"summary_large_image\" \/>\n<meta name=\"twitter:label1\" content=\"Est. reading time\" \/>\n\t<meta name=\"twitter:data1\" content=\"3 minutos\" \/>\n<script type=\"application\/ld+json\" class=\"yoast-schema-graph\">{\"@context\":\"https:\/\/schema.org\",\"@graph\":[{\"@type\":\"WebPage\",\"@id\":\"https:\/\/www.elementvape.de\/produkt\/blue-razz-ice-der-ultimative-kick-aus-blaubeere-und-himbeere-mit-eisiger-frische-elf-box-rgb14000-15000-puffs\/\",\"url\":\"https:\/\/www.elementvape.de\/produkt\/blue-razz-ice-der-ultimative-kick-aus-blaubeere-und-himbeere-mit-eisiger-frische-elf-box-rgb14000-15000-puffs\/\",\"name\":\"Blue Razz Ice Der ultimative Kick aus Blaubeere und Himbeere mit eisiger Frische ELF BOX RGB14000 15000 PUFFS | ElementVape.de\",\"isPartOf\":{\"@id\":\"https:\/\/www.elementvape.de\/#website\"},\"primaryImageOfPage\":{\"@id\":\"https:\/\/www.elementvape.de\/produkt\/blue-razz-ice-der-ultimative-kick-aus-blaubeere-und-himbeere-mit-eisiger-frische-elf-box-rgb14000-15000-puffs\/#primaryimage\"},\"image\":{\"@id\":\"https:\/\/www.elementvape.de\/produkt\/blue-razz-ice-der-ultimative-kick-aus-blaubeere-und-himbeere-mit-eisiger-frische-elf-box-rgb14000-15000-puffs\/#primaryimage\"},\"thumbnailUrl\":\"https:\/\/www.elementvape.de\/wp-content\/uploads\/2024\/08\/Blue-Raz-Ice_.png\",\"datePublished\":\"2024-08-17T07:14:27+00:00\",\"dateModified\":\"2024-12-12T06:34:50+00:00\",\"description\":\"Wir bieten Blue Razz Ice Der ultimative Kick aus Blaubeere und Himbeere mit eisiger Frische ELF BOX RGB14000 15000 PUFFS , Elementvape.de akzeptieren Gro\u00df-und Einzelhandel Bestellungen.\",\"breadcrumb\":{\"@id\":\"https:\/\/www.elementvape.de\/produkt\/blue-razz-ice-der-ultimative-kick-aus-blaubeere-und-himbeere-mit-eisiger-frische-elf-box-rgb14000-15000-puffs\/#breadcrumb\"},\"inLanguage\":\"es\",\"potentialAction\":[{\"@type\":\"ReadAction\",\"target\":[\"https:\/\/www.elementvape.de\/produkt\/blue-razz-ice-der-ultimative-kick-aus-blaubeere-und-himbeere-mit-eisiger-frische-elf-box-rgb14000-15000-puffs\/\"]}]},{\"@type\":\"ImageObject\",\"inLanguage\":\"es\",\"@id\":\"https:\/\/www.elementvape.de\/produkt\/blue-razz-ice-der-ultimative-kick-aus-blaubeere-und-himbeere-mit-eisiger-frische-elf-box-rgb14000-15000-puffs\/#primaryimage\",\"url\":\"https:\/\/www.elementvape.de\/wp-content\/uploads\/2024\/08\/Blue-Raz-Ice_.png\",\"contentUrl\":\"https:\/\/www.elementvape.de\/wp-content\/uploads\/2024\/08\/Blue-Raz-Ice_.png\",\"width\":1000,\"height\":1000,\"caption\":\"Blue Raz Ice\"},{\"@type\":\"BreadcrumbList\",\"@id\":\"https:\/\/www.elementvape.de\/produkt\/blue-razz-ice-der-ultimative-kick-aus-blaubeere-und-himbeere-mit-eisiger-frische-elf-box-rgb14000-15000-puffs\/#breadcrumb\",\"itemListElement\":[{\"@type\":\"ListItem\",\"position\":1,\"name\":\"Home\",\"item\":\"https:\/\/www.elementvape.de\/\"},{\"@type\":\"ListItem\",\"position\":2,\"name\":\"Shop\",\"item\":\"https:\/\/www.elementvape.de\/shop\/\"},{\"@type\":\"ListItem\",\"position\":3,\"name\":\"Blue Razz Ice Der ultimative Kick aus Blaubeere und Himbeere mit eisiger Frische ELF BOX RGB14000 15000 PUFFS\"}]},{\"@type\":\"WebSite\",\"@id\":\"https:\/\/www.elementvape.de\/#website\",\"url\":\"https:\/\/www.elementvape.de\/\",\"name\":\"ElementVape.de\",\"description\":\"\",\"publisher\":{\"@id\":\"https:\/\/www.elementvape.de\/#organization\"},\"potentialAction\":[{\"@type\":\"SearchAction\",\"target\":{\"@type\":\"EntryPoint\",\"urlTemplate\":\"https:\/\/www.elementvape.de\/?s={search_term_string}\"},\"query-input\":\"required name=search_term_string\"}],\"inLanguage\":\"es\"},{\"@type\":\"Organization\",\"@id\":\"https:\/\/www.elementvape.de\/#organization\",\"name\":\"ElementVape.DE\",\"url\":\"https:\/\/www.elementvape.de\/\",\"logo\":{\"@type\":\"ImageObject\",\"inLanguage\":\"es\",\"@id\":\"https:\/\/www.elementvape.de\/#\/schema\/logo\/image\/\",\"url\":\"https:\/\/www.elementvape.de\/wp-content\/uploads\/2024\/09\/cropped-1elementvape-3.png\",\"contentUrl\":\"https:\/\/www.elementvape.de\/wp-content\/uploads\/2024\/09\/cropped-1elementvape-3.png\",\"width\":285,\"height\":228,\"caption\":\"ElementVape.DE\"},\"image\":{\"@id\":\"https:\/\/www.elementvape.de\/#\/schema\/logo\/image\/\"}}]}<\/script>\n<!-- \/ Yoast SEO plugin. -->","yoast_head_json":{"title":"Blue Razz Ice Der ultimative Kick aus Blaubeere und Himbeere mit eisiger Frische ELF BOX RGB14000 15000 PUFFS | ElementVape.de","description":"Wir bieten Blue Razz Ice Der ultimative Kick aus Blaubeere und Himbeere mit eisiger Frische ELF BOX RGB14000 15000 PUFFS , Elementvape.de akzeptieren Gro\u00df-und Einzelhandel Bestellungen.","robots":{"index":"index","follow":"follow","max-snippet":"max-snippet:-1","max-image-preview":"max-image-preview:large","max-video-preview":"max-video-preview:-1"},"canonical":"https:\/\/www.elementvape.de\/es\/produkt\/blue-razz-ice-der-ultimative-kick-aus-blaubeere-und-himbeere-mit-eisiger-frische-elf-box-rgb14000-15000-puffs\/","og_locale":"es_ES","og_type":"article","og_title":"Blue Razz Ice Der ultimative Kick aus Blaubeere und Himbeere mit eisiger Frische ELF BOX RGB14000 15000 PUFFS | ElementVape.de","og_description":"Wir bieten Blue Razz Ice Der ultimative Kick aus Blaubeere und Himbeere mit eisiger Frische ELF BOX RGB14000 15000 PUFFS , Elementvape.de akzeptieren Gro\u00df-und Einzelhandel Bestellungen.","og_url":"https:\/\/www.elementvape.de\/es\/produkt\/blue-razz-ice-der-ultimative-kick-aus-blaubeere-und-himbeere-mit-eisiger-frische-elf-box-rgb14000-15000-puffs\/","og_site_name":"ElementVape.de","article_modified_time":"2024-12-12T06:34:50+00:00","og_image":[{"width":1000,"height":1000,"url":"https:\/\/www.elementvape.de\/wp-content\/uploads\/2024\/08\/Blue-Raz-Ice_.png","type":"image\/png"}],"twitter_card":"summary_large_image","twitter_misc":{"Est. reading time":"3 minutos"},"schema":{"@context":"https:\/\/schema.org","@graph":[{"@type":"WebPage","@id":"https:\/\/www.elementvape.de\/produkt\/blue-razz-ice-der-ultimative-kick-aus-blaubeere-und-himbeere-mit-eisiger-frische-elf-box-rgb14000-15000-puffs\/","url":"https:\/\/www.elementvape.de\/produkt\/blue-razz-ice-der-ultimative-kick-aus-blaubeere-und-himbeere-mit-eisiger-frische-elf-box-rgb14000-15000-puffs\/","name":"Blue Razz Ice Der ultimative Kick aus Blaubeere und Himbeere mit eisiger Frische ELF BOX RGB14000 15000 PUFFS | ElementVape.de","isPartOf":{"@id":"https:\/\/www.elementvape.de\/#website"},"primaryImageOfPage":{"@id":"https:\/\/www.elementvape.de\/produkt\/blue-razz-ice-der-ultimative-kick-aus-blaubeere-und-himbeere-mit-eisiger-frische-elf-box-rgb14000-15000-puffs\/#primaryimage"},"image":{"@id":"https:\/\/www.elementvape.de\/produkt\/blue-razz-ice-der-ultimative-kick-aus-blaubeere-und-himbeere-mit-eisiger-frische-elf-box-rgb14000-15000-puffs\/#primaryimage"},"thumbnailUrl":"https:\/\/www.elementvape.de\/wp-content\/uploads\/2024\/08\/Blue-Raz-Ice_.png","datePublished":"2024-08-17T07:14:27+00:00","dateModified":"2024-12-12T06:34:50+00:00","description":"Wir bieten Blue Razz Ice Der ultimative Kick aus Blaubeere und Himbeere mit eisiger Frische ELF BOX RGB14000 15000 PUFFS , Elementvape.de akzeptieren Gro\u00df-und Einzelhandel Bestellungen.","breadcrumb":{"@id":"https:\/\/www.elementvape.de\/produkt\/blue-razz-ice-der-ultimative-kick-aus-blaubeere-und-himbeere-mit-eisiger-frische-elf-box-rgb14000-15000-puffs\/#breadcrumb"},"inLanguage":"es","potentialAction":[{"@type":"ReadAction","target":["https:\/\/www.elementvape.de\/produkt\/blue-razz-ice-der-ultimative-kick-aus-blaubeere-und-himbeere-mit-eisiger-frische-elf-box-rgb14000-15000-puffs\/"]}]},{"@type":"ImageObject","inLanguage":"es","@id":"https:\/\/www.elementvape.de\/produkt\/blue-razz-ice-der-ultimative-kick-aus-blaubeere-und-himbeere-mit-eisiger-frische-elf-box-rgb14000-15000-puffs\/#primaryimage","url":"https:\/\/www.elementvape.de\/wp-content\/uploads\/2024\/08\/Blue-Raz-Ice_.png","contentUrl":"https:\/\/www.elementvape.de\/wp-content\/uploads\/2024\/08\/Blue-Raz-Ice_.png","width":1000,"height":1000,"caption":"Blue Raz Ice"},{"@type":"BreadcrumbList","@id":"https:\/\/www.elementvape.de\/produkt\/blue-razz-ice-der-ultimative-kick-aus-blaubeere-und-himbeere-mit-eisiger-frische-elf-box-rgb14000-15000-puffs\/#breadcrumb","itemListElement":[{"@type":"ListItem","position":1,"name":"Home","item":"https:\/\/www.elementvape.de\/"},{"@type":"ListItem","position":2,"name":"Shop","item":"https:\/\/www.elementvape.de\/shop\/"},{"@type":"ListItem","position":3,"name":"Blue Razz Ice Der ultimative Kick aus Blaubeere und Himbeere mit eisiger Frische ELF BOX RGB14000 15000 PUFFS"}]},{"@type":"WebSite","@id":"https:\/\/www.elementvape.de\/#website","url":"https:\/\/www.elementvape.de\/","name":"ElementVape.de","description":"","publisher":{"@id":"https:\/\/www.elementvape.de\/#organization"},"potentialAction":[{"@type":"SearchAction","target":{"@type":"EntryPoint","urlTemplate":"https:\/\/www.elementvape.de\/?s={search_term_string}"},"query-input":"required name=search_term_string"}],"inLanguage":"es"},{"@type":"Organization","@id":"https:\/\/www.elementvape.de\/#organization","name":"ElementVape.DE","url":"https:\/\/www.elementvape.de\/","logo":{"@type":"ImageObject","inLanguage":"es","@id":"https:\/\/www.elementvape.de\/#\/schema\/logo\/image\/","url":"https:\/\/www.elementvape.de\/wp-content\/uploads\/2024\/09\/cropped-1elementvape-3.png","contentUrl":"https:\/\/www.elementvape.de\/wp-content\/uploads\/2024\/09\/cropped-1elementvape-3.png","width":285,"height":228,"caption":"ElementVape.DE"},"image":{"@id":"https:\/\/www.elementvape.de\/#\/schema\/logo\/image\/"}}]}},"_links":{"self":[{"href":"https:\/\/www.elementvape.de\/es\/wp-json\/wp\/v2\/product\/13823"}],"collection":[{"href":"https:\/\/www.elementvape.de\/es\/wp-json\/wp\/v2\/product"}],"about":[{"href":"https:\/\/www.elementvape.de\/es\/wp-json\/wp\/v2\/types\/product"}],"wp:featuredmedia":[{"embeddable":true,"href":"https:\/\/www.elementvape.de\/es\/wp-json\/wp\/v2\/media\/13792"}],"wp:attachment":[{"href":"https:\/\/www.elementvape.de\/es\/wp-json\/wp\/v2\/media?parent=13823"}],"wp:term":[{"taxonomy":"product_cat","embeddable":true,"href":"https:\/\/www.elementvape.de\/es\/wp-json\/wp\/v2\/product_cat?post=13823"},{"taxonomy":"product_tag","embeddable":true,"href":"https:\/\/www.elementvape.de\/es\/wp-json\/wp\/v2\/product_tag?post=13823"}],"curies":[{"name":"wp","href":"https:\/\/api.w.org\/{rel}","templated":true}]}}