{"id":13754,"date":"2024-08-15T07:49:13","date_gmt":"2024-08-15T07:49:13","guid":{"rendered":"https:\/\/www.elementvape.de\/?post_type=product&#038;p=13754"},"modified":"2024-12-12T06:34:57","modified_gmt":"2024-12-12T06:34:57","slug":"erleben-sie-25-000-zuege-puren-gluecks-mit-der-strawberry-watermelon-elf-box-pulse-x","status":"publish","type":"product","link":"https:\/\/www.elementvape.de\/es\/produkt\/erleben-sie-25-000-zuege-puren-gluecks-mit-der-strawberry-watermelon-elf-box-pulse-x\/","title":{"rendered":"Experimenta 25000 caladas, 15000 caladas de pura felicidad con el Strawberry Watermelon ELF BOX PULSE X"},"content":{"rendered":"<div class=\"flex-shrink-0 flex flex-col relative items-end\">\n<div>\n<div class=\"pt-0\"><\/div>\n<\/div>\n<\/div>\n<div class=\"group\/conversation-turn relative flex w-full min-w-0 flex-col agent-turn\">\n<div class=\"flex-col gap-1 md:gap-3\">\n<div class=\"flex max-w-full flex-col flex-grow\">\n<div class=\"min-h-[20px] text-message flex w-full flex-col items-end gap-2 whitespace-pre-wrap break-words [.text-message+&amp;]:mt-5 overflow-x-auto\" dir=\"auto\" data-message-author-role=\"assistant\" data-message-id=\"8d643390-a4f5-4aaa-b5b1-d09ec7d863de\">\n<div class=\"flex w-full flex-col gap-1 empty:hidden first:pt-[3px]\">\n<div class=\"markdown prose w-full break-words dark:prose-invert light\">\n<h2><\/h2>\n<ul>\n<li><strong>Capacidad de Puf<\/strong>:\n<ul>\n<li>Modo Regular: 25.000 puffs<\/li>\n<li>Modo Pulso: 15.000 puffs<\/li>\n<\/ul>\n<\/li>\n<li><strong>Configuraci\u00f3n de Bobinas<\/strong>:\n<ul>\n<li>Bobinas de malla dual, cada una con una resistencia de 0,8 ohmios.<\/li>\n<\/ul>\n<\/li>\n<li><strong>E-L\u00edquido<\/strong>:\n<ul>\n<li>Volumen: 18 ml<\/li>\n<li>Fuerza N: Disponible en 2%, 5%.<\/li>\n<\/ul>\n<\/li>\n<li><strong>Bater\u00eda<\/strong>:\n<ul>\n<li>Capacidad: Desde 13.500mAh hasta 750mAh (posible error tipogr\u00e1fico o diferentes opciones de bater\u00eda).<\/li>\n<li>Recargable con puerto de carga Tipo-C.<\/li>\n<\/ul>\n<\/li>\n<li><strong>Pantalla<\/strong>:\n<ul>\n<li>Incluye una pantalla curva en 3D.<\/li>\n<\/ul>\n<\/li>\n<li><strong>Tecnolog\u00eda<\/strong>:\n<ul>\n<li>Ajuste de potencia con IA<\/li>\n<li>Tecnolog\u00eda de potencia por pulso con Super Boost VPU (Unidad de Procesamiento de Voltaje) en su interior.<\/li>\n<\/ul>\n<\/li>\n<li><strong>Atributos f\u00edsicos<\/strong>:\n<ul>\n<li>Peso: 100 gramos por unidad.<\/li>\n<li>Dimensiones: 91,5 mm (alto) x 56,5 mm (ancho) x 28,5 mm (grosor).<\/li>\n<\/ul>\n<\/li>\n<li><strong>Sabor<\/strong>:\n<ul>\n<li>Fresa Sand\u00eda.<\/li>\n<\/ul>\n<\/li>\n<\/ul>\n<p>Este dispositivo parece ofrecer funciones avanzadas como gesti\u00f3n de energ\u00eda por IA, modo pulso personalizable y una capacidad de bater\u00eda sustancial, lo que lo hace adecuado para uso a largo plazo a pesar de ser un producto desechable.<\/p>\n<figure id=\"attachment_13755\" aria-describedby=\"caption-attachment-13755\" style=\"width: 300px\" class=\"wp-caption alignnone\"><img loading=\"lazy\" decoding=\"async\" class=\"size-medium wp-image-13755\" src=\"https:\/\/www.elementvape.de\/wp-content\/uploads\/2024\/08\/07-300x300.jpg\" alt=\"Fresa Sand\u00eda\" width=\"300\" height=\"300\" srcset=\"https:\/\/www.elementvape.de\/wp-content\/uploads\/2024\/08\/07-300x300.jpg 300w, https:\/\/www.elementvape.de\/wp-content\/uploads\/2024\/08\/07-150x150.jpg 150w, https:\/\/www.elementvape.de\/wp-content\/uploads\/2024\/08\/07-768x768.jpg 768w, https:\/\/www.elementvape.de\/wp-content\/uploads\/2024\/08\/07-600x600.jpg 600w, https:\/\/www.elementvape.de\/wp-content\/uploads\/2024\/08\/07-100x100.jpg 100w, https:\/\/www.elementvape.de\/wp-content\/uploads\/2024\/08\/07-50x50.jpg 50w, https:\/\/www.elementvape.de\/wp-content\/uploads\/2024\/08\/07.jpg 1000w\" sizes=\"(max-width: 300px) 100vw, 300px\" \/><figcaption id=\"caption-attachment-13755\" class=\"wp-caption-text\">Fresa Sand\u00eda<\/figcaption><\/figure>\n<\/div>\n<\/div>\n<\/div>\n<\/div>\n<\/div>\n<\/div>","protected":false},"excerpt":{"rendered":"<p>Puff Capacity: Regular Mode: 25,000 puffs Pulse Mode: 15,000 puffs Coil Configuration: Dual Mesh Coils, each with a resistance of 0.8 ohms. E-Liquid: Volume: 18 ml N-Strength: Available in\u00a0 2%, 5%. Battery: Capacity: Ranges from 13,500mAh to 750mAh (possible typo or different battery options). Rechargeable with Type-C charging port. Display: Features a 3D Curved Screen. [&hellip;]<\/p>","protected":false},"featured_media":13755,"template":"","meta":{"inline_featured_image":false},"product_cat":[15,78,747,740,734,753,717,732],"product_tag":[710,674],"tiered_pricing_type":"fixed","tiered_pricing_fixed_rules":{"110":"12.39","200":"11.02","500":"9.64"},"tiered_pricing_percentage_rules":[],"tiered_pricing_minimum":1,"_administrator_tiered_pricing_type":"fixed","_administrator_tiered_pricing_fixed_rules":[],"_editor_tiered_pricing_type":"fixed","_editor_tiered_pricing_fixed_rules":[],"_author_tiered_pricing_type":"fixed","_author_tiered_pricing_fixed_rules":[],"_contributor_tiered_pricing_type":"fixed","_contributor_tiered_pricing_fixed_rules":[],"_subscriber_tiered_pricing_type":"fixed","_subscriber_tiered_pricing_fixed_rules":[],"_customer_tiered_pricing_type":"fixed","_customer_tiered_pricing_fixed_rules":[],"_shop_manager_tiered_pricing_type":"fixed","_shop_manager_tiered_pricing_fixed_rules":[],"_wpseo_manager_tiered_pricing_type":"fixed","_wpseo_manager_tiered_pricing_fixed_rules":[],"_wpseo_editor_tiered_pricing_type":"fixed","_wpseo_editor_tiered_pricing_fixed_rules":[],"_wholesale_customer_tiered_pricing_type":"fixed","_wholesale_customer_tiered_pricing_fixed_rules":[],"_marketer_tiered_pricing_type":"fixed","_marketer_tiered_pricing_fixed_rules":[],"_sales_manager_tiered_pricing_type":"fixed","_sales_manager_tiered_pricing_fixed_rules":[],"_sales_rep_tiered_pricing_type":"fixed","_sales_rep_tiered_pricing_fixed_rules":[],"yoast_head":"<!-- This site is optimized with the Yoast SEO plugin v23.3 - https:\/\/yoast.com\/wordpress\/plugins\/seo\/ -->\n<title>Erleben Sie 25000 Z\u00fcge 15000 Z\u00fcge puren Gl\u00fccks mit der Strawberry Watermelon ELF BOX PULSE X | ElementVape.de<\/title>\n<meta name=\"description\" content=\"Wir bieten Erleben Sie 25000 Z\u00fcge 15000 Z\u00fcge puren Gl\u00fccks mit der Strawberry Watermelon ELF BOX PULSE X , Elementvape.de akzeptieren Gro\u00df-und Einzelhandel Bestellungen.\" \/>\n<meta name=\"robots\" content=\"index, follow, max-snippet:-1, max-image-preview:large, max-video-preview:-1\" \/>\n<link rel=\"canonical\" href=\"https:\/\/www.elementvape.de\/es\/produkt\/erleben-sie-25-000-zuege-puren-gluecks-mit-der-strawberry-watermelon-elf-box-pulse-x\/\" \/>\n<meta property=\"og:locale\" content=\"es_ES\" \/>\n<meta property=\"og:type\" content=\"article\" \/>\n<meta property=\"og:title\" content=\"Erleben Sie 25000 Z\u00fcge 15000 Z\u00fcge puren Gl\u00fccks mit der Strawberry Watermelon ELF BOX PULSE X | ElementVape.de\" \/>\n<meta property=\"og:description\" content=\"Wir bieten Erleben Sie 25000 Z\u00fcge 15000 Z\u00fcge puren Gl\u00fccks mit der Strawberry Watermelon ELF BOX PULSE X , Elementvape.de akzeptieren Gro\u00df-und Einzelhandel Bestellungen.\" \/>\n<meta property=\"og:url\" content=\"https:\/\/www.elementvape.de\/es\/produkt\/erleben-sie-25-000-zuege-puren-gluecks-mit-der-strawberry-watermelon-elf-box-pulse-x\/\" \/>\n<meta property=\"og:site_name\" content=\"ElementVape.de\" \/>\n<meta property=\"article:modified_time\" content=\"2024-12-12T06:34:57+00:00\" \/>\n<meta property=\"og:image\" content=\"https:\/\/www.elementvape.de\/wp-content\/uploads\/2024\/08\/07.jpg\" \/>\n\t<meta property=\"og:image:width\" content=\"1000\" \/>\n\t<meta property=\"og:image:height\" content=\"1000\" \/>\n\t<meta property=\"og:image:type\" content=\"image\/jpeg\" \/>\n<meta name=\"twitter:card\" content=\"summary_large_image\" \/>\n<meta name=\"twitter:label1\" content=\"Est. reading time\" \/>\n\t<meta name=\"twitter:data1\" content=\"2 minutos\" \/>\n<script type=\"application\/ld+json\" class=\"yoast-schema-graph\">{\"@context\":\"https:\/\/schema.org\",\"@graph\":[{\"@type\":\"WebPage\",\"@id\":\"https:\/\/www.elementvape.de\/en\/produkt\/erleben-sie-25-000-zuege-puren-gluecks-mit-der-strawberry-watermelon-elf-box-pulse-x\/\",\"url\":\"https:\/\/www.elementvape.de\/en\/produkt\/erleben-sie-25-000-zuege-puren-gluecks-mit-der-strawberry-watermelon-elf-box-pulse-x\/\",\"name\":\"Erleben Sie 25000 Z\u00fcge 15000 Z\u00fcge puren Gl\u00fccks mit der Strawberry Watermelon ELF BOX PULSE X | ElementVape.de\",\"isPartOf\":{\"@id\":\"https:\/\/www.elementvape.de\/#website\"},\"primaryImageOfPage\":{\"@id\":\"https:\/\/www.elementvape.de\/en\/produkt\/erleben-sie-25-000-zuege-puren-gluecks-mit-der-strawberry-watermelon-elf-box-pulse-x\/#primaryimage\"},\"image\":{\"@id\":\"https:\/\/www.elementvape.de\/en\/produkt\/erleben-sie-25-000-zuege-puren-gluecks-mit-der-strawberry-watermelon-elf-box-pulse-x\/#primaryimage\"},\"thumbnailUrl\":\"https:\/\/www.elementvape.de\/wp-content\/uploads\/2024\/08\/07.jpg\",\"datePublished\":\"2024-08-15T07:49:13+00:00\",\"dateModified\":\"2024-12-12T06:34:57+00:00\",\"description\":\"Wir bieten Erleben Sie 25000 Z\u00fcge 15000 Z\u00fcge puren Gl\u00fccks mit der Strawberry Watermelon ELF BOX PULSE X , Elementvape.de akzeptieren Gro\u00df-und Einzelhandel Bestellungen.\",\"breadcrumb\":{\"@id\":\"https:\/\/www.elementvape.de\/en\/produkt\/erleben-sie-25-000-zuege-puren-gluecks-mit-der-strawberry-watermelon-elf-box-pulse-x\/#breadcrumb\"},\"inLanguage\":\"es\",\"potentialAction\":[{\"@type\":\"ReadAction\",\"target\":[\"https:\/\/www.elementvape.de\/en\/produkt\/erleben-sie-25-000-zuege-puren-gluecks-mit-der-strawberry-watermelon-elf-box-pulse-x\/\"]}]},{\"@type\":\"ImageObject\",\"inLanguage\":\"es\",\"@id\":\"https:\/\/www.elementvape.de\/en\/produkt\/erleben-sie-25-000-zuege-puren-gluecks-mit-der-strawberry-watermelon-elf-box-pulse-x\/#primaryimage\",\"url\":\"https:\/\/www.elementvape.de\/wp-content\/uploads\/2024\/08\/07.jpg\",\"contentUrl\":\"https:\/\/www.elementvape.de\/wp-content\/uploads\/2024\/08\/07.jpg\",\"width\":1000,\"height\":1000,\"caption\":\"Strawberry Watermelon\"},{\"@type\":\"BreadcrumbList\",\"@id\":\"https:\/\/www.elementvape.de\/en\/produkt\/erleben-sie-25-000-zuege-puren-gluecks-mit-der-strawberry-watermelon-elf-box-pulse-x\/#breadcrumb\",\"itemListElement\":[{\"@type\":\"ListItem\",\"position\":1,\"name\":\"Home\",\"item\":\"https:\/\/www.elementvape.de\/\"},{\"@type\":\"ListItem\",\"position\":2,\"name\":\"Shop\",\"item\":\"https:\/\/www.elementvape.de\/shop\/\"},{\"@type\":\"ListItem\",\"position\":3,\"name\":\"Erleben Sie 25000 Z\u00fcge 15000 Z\u00fcge puren Gl\u00fccks mit der Strawberry Watermelon ELF BOX PULSE X\"}]},{\"@type\":\"WebSite\",\"@id\":\"https:\/\/www.elementvape.de\/#website\",\"url\":\"https:\/\/www.elementvape.de\/\",\"name\":\"ElementVape.de\",\"description\":\"\",\"publisher\":{\"@id\":\"https:\/\/www.elementvape.de\/#organization\"},\"potentialAction\":[{\"@type\":\"SearchAction\",\"target\":{\"@type\":\"EntryPoint\",\"urlTemplate\":\"https:\/\/www.elementvape.de\/?s={search_term_string}\"},\"query-input\":\"required name=search_term_string\"}],\"inLanguage\":\"es\"},{\"@type\":\"Organization\",\"@id\":\"https:\/\/www.elementvape.de\/#organization\",\"name\":\"ElementVape.DE\",\"url\":\"https:\/\/www.elementvape.de\/\",\"logo\":{\"@type\":\"ImageObject\",\"inLanguage\":\"es\",\"@id\":\"https:\/\/www.elementvape.de\/#\/schema\/logo\/image\/\",\"url\":\"https:\/\/www.elementvape.de\/wp-content\/uploads\/2024\/09\/cropped-1elementvape-3.png\",\"contentUrl\":\"https:\/\/www.elementvape.de\/wp-content\/uploads\/2024\/09\/cropped-1elementvape-3.png\",\"width\":285,\"height\":228,\"caption\":\"ElementVape.DE\"},\"image\":{\"@id\":\"https:\/\/www.elementvape.de\/#\/schema\/logo\/image\/\"}}]}<\/script>\n<!-- \/ Yoast SEO plugin. -->","yoast_head_json":{"title":"Erleben Sie 25000 Z\u00fcge 15000 Z\u00fcge puren Gl\u00fccks mit der Strawberry Watermelon ELF BOX PULSE X | ElementVape.de","description":"Wir bieten Erleben Sie 25000 Z\u00fcge 15000 Z\u00fcge puren Gl\u00fccks mit der Strawberry Watermelon ELF BOX PULSE X , Elementvape.de akzeptieren Gro\u00df-und Einzelhandel Bestellungen.","robots":{"index":"index","follow":"follow","max-snippet":"max-snippet:-1","max-image-preview":"max-image-preview:large","max-video-preview":"max-video-preview:-1"},"canonical":"https:\/\/www.elementvape.de\/es\/produkt\/erleben-sie-25-000-zuege-puren-gluecks-mit-der-strawberry-watermelon-elf-box-pulse-x\/","og_locale":"es_ES","og_type":"article","og_title":"Erleben Sie 25000 Z\u00fcge 15000 Z\u00fcge puren Gl\u00fccks mit der Strawberry Watermelon ELF BOX PULSE X | ElementVape.de","og_description":"Wir bieten Erleben Sie 25000 Z\u00fcge 15000 Z\u00fcge puren Gl\u00fccks mit der Strawberry Watermelon ELF BOX PULSE X , Elementvape.de akzeptieren Gro\u00df-und Einzelhandel Bestellungen.","og_url":"https:\/\/www.elementvape.de\/es\/produkt\/erleben-sie-25-000-zuege-puren-gluecks-mit-der-strawberry-watermelon-elf-box-pulse-x\/","og_site_name":"ElementVape.de","article_modified_time":"2024-12-12T06:34:57+00:00","og_image":[{"width":1000,"height":1000,"url":"https:\/\/www.elementvape.de\/wp-content\/uploads\/2024\/08\/07.jpg","type":"image\/jpeg"}],"twitter_card":"summary_large_image","twitter_misc":{"Est. reading time":"2 minutos"},"schema":{"@context":"https:\/\/schema.org","@graph":[{"@type":"WebPage","@id":"https:\/\/www.elementvape.de\/en\/produkt\/erleben-sie-25-000-zuege-puren-gluecks-mit-der-strawberry-watermelon-elf-box-pulse-x\/","url":"https:\/\/www.elementvape.de\/en\/produkt\/erleben-sie-25-000-zuege-puren-gluecks-mit-der-strawberry-watermelon-elf-box-pulse-x\/","name":"Erleben Sie 25000 Z\u00fcge 15000 Z\u00fcge puren Gl\u00fccks mit der Strawberry Watermelon ELF BOX PULSE X | ElementVape.de","isPartOf":{"@id":"https:\/\/www.elementvape.de\/#website"},"primaryImageOfPage":{"@id":"https:\/\/www.elementvape.de\/en\/produkt\/erleben-sie-25-000-zuege-puren-gluecks-mit-der-strawberry-watermelon-elf-box-pulse-x\/#primaryimage"},"image":{"@id":"https:\/\/www.elementvape.de\/en\/produkt\/erleben-sie-25-000-zuege-puren-gluecks-mit-der-strawberry-watermelon-elf-box-pulse-x\/#primaryimage"},"thumbnailUrl":"https:\/\/www.elementvape.de\/wp-content\/uploads\/2024\/08\/07.jpg","datePublished":"2024-08-15T07:49:13+00:00","dateModified":"2024-12-12T06:34:57+00:00","description":"Wir bieten Erleben Sie 25000 Z\u00fcge 15000 Z\u00fcge puren Gl\u00fccks mit der Strawberry Watermelon ELF BOX PULSE X , Elementvape.de akzeptieren Gro\u00df-und Einzelhandel Bestellungen.","breadcrumb":{"@id":"https:\/\/www.elementvape.de\/en\/produkt\/erleben-sie-25-000-zuege-puren-gluecks-mit-der-strawberry-watermelon-elf-box-pulse-x\/#breadcrumb"},"inLanguage":"es","potentialAction":[{"@type":"ReadAction","target":["https:\/\/www.elementvape.de\/en\/produkt\/erleben-sie-25-000-zuege-puren-gluecks-mit-der-strawberry-watermelon-elf-box-pulse-x\/"]}]},{"@type":"ImageObject","inLanguage":"es","@id":"https:\/\/www.elementvape.de\/en\/produkt\/erleben-sie-25-000-zuege-puren-gluecks-mit-der-strawberry-watermelon-elf-box-pulse-x\/#primaryimage","url":"https:\/\/www.elementvape.de\/wp-content\/uploads\/2024\/08\/07.jpg","contentUrl":"https:\/\/www.elementvape.de\/wp-content\/uploads\/2024\/08\/07.jpg","width":1000,"height":1000,"caption":"Strawberry Watermelon"},{"@type":"BreadcrumbList","@id":"https:\/\/www.elementvape.de\/en\/produkt\/erleben-sie-25-000-zuege-puren-gluecks-mit-der-strawberry-watermelon-elf-box-pulse-x\/#breadcrumb","itemListElement":[{"@type":"ListItem","position":1,"name":"Home","item":"https:\/\/www.elementvape.de\/"},{"@type":"ListItem","position":2,"name":"Shop","item":"https:\/\/www.elementvape.de\/shop\/"},{"@type":"ListItem","position":3,"name":"Erleben Sie 25000 Z\u00fcge 15000 Z\u00fcge puren Gl\u00fccks mit der Strawberry Watermelon ELF BOX PULSE X"}]},{"@type":"WebSite","@id":"https:\/\/www.elementvape.de\/#website","url":"https:\/\/www.elementvape.de\/","name":"ElementVape.de","description":"","publisher":{"@id":"https:\/\/www.elementvape.de\/#organization"},"potentialAction":[{"@type":"SearchAction","target":{"@type":"EntryPoint","urlTemplate":"https:\/\/www.elementvape.de\/?s={search_term_string}"},"query-input":"required name=search_term_string"}],"inLanguage":"es"},{"@type":"Organization","@id":"https:\/\/www.elementvape.de\/#organization","name":"ElementVape.DE","url":"https:\/\/www.elementvape.de\/","logo":{"@type":"ImageObject","inLanguage":"es","@id":"https:\/\/www.elementvape.de\/#\/schema\/logo\/image\/","url":"https:\/\/www.elementvape.de\/wp-content\/uploads\/2024\/09\/cropped-1elementvape-3.png","contentUrl":"https:\/\/www.elementvape.de\/wp-content\/uploads\/2024\/09\/cropped-1elementvape-3.png","width":285,"height":228,"caption":"ElementVape.DE"},"image":{"@id":"https:\/\/www.elementvape.de\/#\/schema\/logo\/image\/"}}]}},"_links":{"self":[{"href":"https:\/\/www.elementvape.de\/es\/wp-json\/wp\/v2\/product\/13754"}],"collection":[{"href":"https:\/\/www.elementvape.de\/es\/wp-json\/wp\/v2\/product"}],"about":[{"href":"https:\/\/www.elementvape.de\/es\/wp-json\/wp\/v2\/types\/product"}],"wp:featuredmedia":[{"embeddable":true,"href":"https:\/\/www.elementvape.de\/es\/wp-json\/wp\/v2\/media\/13755"}],"wp:attachment":[{"href":"https:\/\/www.elementvape.de\/es\/wp-json\/wp\/v2\/media?parent=13754"}],"wp:term":[{"taxonomy":"product_cat","embeddable":true,"href":"https:\/\/www.elementvape.de\/es\/wp-json\/wp\/v2\/product_cat?post=13754"},{"taxonomy":"product_tag","embeddable":true,"href":"https:\/\/www.elementvape.de\/es\/wp-json\/wp\/v2\/product_tag?post=13754"}],"curies":[{"name":"wp","href":"https:\/\/api.w.org\/{rel}","templated":true}]}}