{"id":13730,"date":"2024-08-12T08:03:38","date_gmt":"2024-08-12T08:03:38","guid":{"rendered":"https:\/\/www.elementvape.de\/?post_type=product&#038;p=13730"},"modified":"2024-12-12T06:34:59","modified_gmt":"2024-12-12T06:34:59","slug":"reduziert-im-sommer-sale15000-zuege-grape-ice-elf-box-ls15000-zum-hammerpreis","status":"publish","type":"product","link":"https:\/\/www.elementvape.de\/es\/produkt\/reduziert-im-sommer-sale15000-zuege-grape-ice-elf-box-ls15000-zum-hammerpreis\/","title":{"rendered":"Reducido en la venta de verano 15000 caladas Grape Ice ELF BOX LS15000 a un precio incre\u00edble"},"content":{"rendered":"<div class=\"flex-shrink-0 flex flex-col relative items-end\">\n<div>\n<div class=\"pt-0\">\n<div class=\"gizmo-bot-avatar flex h-8 w-8 items-center justify-center overflow-hidden rounded-full\">\n<div class=\"relative p-1 rounded-sm flex items-center justify-center bg-token-main-surface-primary text-token-text-primary h-8 w-8\"><\/div>\n<\/div>\n<\/div>\n<\/div>\n<\/div>\n<div class=\"group\/conversation-turn relative flex w-full min-w-0 flex-col agent-turn\">\n<div class=\"flex-col gap-1 md:gap-3\">\n<div class=\"flex max-w-full flex-col flex-grow\">\n<div class=\"min-h-[20px] text-message flex w-full flex-col items-end gap-2 whitespace-pre-wrap break-words [.text-message+&amp;]:mt-5 overflow-x-auto\" dir=\"auto\" data-message-author-role=\"assistant\" data-message-id=\"6adec269-64d9-4a42-aad6-65e87dfd79b0\">\n<div class=\"flex w-full flex-col gap-1 empty:hidden first:pt-[3px]\">\n<div class=\"markdown prose w-full break-words dark:prose-invert light\">\n<table style=\"font-size: 16px;\">\n<thead>\n<tr>\n<th>Especificaci\u00f3n<\/th>\n<th>Detalles<\/th>\n<\/tr>\n<\/thead>\n<tbody>\n<tr>\n<td><strong>Caladas<\/strong><\/td>\n<td>15000 caladas<\/td>\n<\/tr>\n<tr>\n<td><strong>N\u00facleo<\/strong><\/td>\n<td>Resistencia de malla, 0,6 Ohm<\/td>\n<\/tr>\n<tr>\n<td><strong>Capacidad de e-l\u00edquido<\/strong><\/td>\n<td>26 ml<\/td>\n<\/tr>\n<tr>\n<td><strong>Contenido N<\/strong><\/td>\n<td>2%, 5%<\/td>\n<\/tr>\n<tr>\n<td><strong>Bater\u00eda<\/strong><\/td>\n<td>18250-600mAh, recargable v\u00eda Type-C<\/td>\n<\/tr>\n<tr>\n<td><strong>Peso del producto<\/strong><\/td>\n<td>91 gramos<\/td>\n<\/tr>\n<tr>\n<td><strong>Tama\u00f1o del producto<\/strong><\/td>\n<td>124,5 mm x 31,5 mm<\/td>\n<\/tr>\n<tr>\n<td><strong>Dimensiones de la caja<\/strong><\/td>\n<td>410 mm x 405 mm x 297 mm<\/td>\n<\/tr>\n<tr>\n<td><strong>Cantidad por caja<\/strong><\/td>\n<td>200 piezas<\/td>\n<\/tr>\n<tr>\n<td><strong>Peso bruto de la caja<\/strong><\/td>\n<td>aproximadamente 20 kg<\/td>\n<\/tr>\n<\/tbody>\n<\/table>\n<h3>Grape Ice ELF BOX LS15000: Vape premium con 15000 caladas<\/h3>\n<p>El Grape Ice ELF BOX LS15000 ofrece una experiencia de vapeo de primera clase, destacando por su tecnolog\u00eda avanzada y su refrescante sabor a uva con hielo. Con una impresionante capacidad de 15000 caladas por dispositivo, es ideal para entusiastas del vapeo que buscan una experiencia duradera e intensa.<\/p>\n<p>La ELF BOX LS15000 est\u00e1 equipada con una resistencia de malla de 0,6 Ohm, que garantiza una vaporizaci\u00f3n uniforme y eficiente del e-l\u00edquido. La capacidad de 26 ml de e-l\u00edquido y las ventajas disponibles de N (2%, 5%) ofrecen flexibilidad para personalizar la experiencia de vapeo. La potente bater\u00eda de 18250-600mAh es recargable y, junto con la opci\u00f3n de carga Type-C, proporciona una carga r\u00e1pida y sencilla, permiti\u00e9ndote usar el dispositivo en cualquier momento con comodidad.<\/p>\n<h4>Ligero y port\u00e1til para uso diario<\/h4>\n<p>Con un peso de solo 91 gramos y unas dimensiones compactas de 124,5 mm x 31,5 mm, el Grape Ice ELF BOX LS15000 es ideal para uso diario y para llevar contigo. El embalaje en caja con 200 unidades y un peso total de aproximadamente 20 kg asegura que el producto llegue en perfectas condiciones, ya sea para minoristas o mayoristas.<\/p>\n<p>El sabor Grape Ice combina la dulzura de las uvas con una nota refrescante y fr\u00eda, haciendo que cada calada sea una experiencia agradable. Esta mezcla de rendimiento excepcional y sabor delicioso convierte al Grape Ice ELF BOX LS15000 en la mejor opci\u00f3n para entusiastas del vapeo en todo el mundo. Ya seas principiante o experimentado <strong><a href=\"https:\/\/www.elementvape.de\/es\/\">Dampers<\/a><\/strong>, este dispositivo ofrece una experiencia de vaporizaci\u00f3n inolvidable y es ideal para quienes valoran la calidad y el sabor.<\/p>\n<\/div>\n<\/div>\n<\/div>\n<\/div>\n<\/div>\n<\/div>","protected":false},"excerpt":{"rendered":"<p>Spezifikation Details Puffs 15000 Z\u00fcge Core Mesh-Coil, 0,6 Ohm E-Liquid Kapazit\u00e4t 26 ml N-Inhalt 2%, 5% Batterie 18250-600mAh, wiederaufladbar via Type-C Produktgewicht 91 Gramm Produktgr\u00f6\u00dfe 124,5 mm x 31,5 mm Kartonma\u00dfe 410 mm x 405 mm x 297 mm Menge pro Karton 200 St\u00fcck Bruttogewicht des Kartons ca. 20 kg Grape Ice ELF BOX LS15000: [&hellip;]<\/p>","protected":false},"featured_media":13731,"template":"","meta":{"inline_featured_image":false},"product_cat":[15,78,747,740,734,753,716,732],"product_tag":[710,674],"tiered_pricing_type":"fixed","tiered_pricing_fixed_rules":{"110":"7.54","200":"6.68","500":"5.85"},"tiered_pricing_percentage_rules":[],"tiered_pricing_minimum":1,"_administrator_tiered_pricing_type":"fixed","_administrator_tiered_pricing_fixed_rules":[],"_editor_tiered_pricing_type":"fixed","_editor_tiered_pricing_fixed_rules":[],"_author_tiered_pricing_type":"fixed","_author_tiered_pricing_fixed_rules":[],"_contributor_tiered_pricing_type":"fixed","_contributor_tiered_pricing_fixed_rules":[],"_subscriber_tiered_pricing_type":"fixed","_subscriber_tiered_pricing_fixed_rules":[],"_customer_tiered_pricing_type":"fixed","_customer_tiered_pricing_fixed_rules":[],"_shop_manager_tiered_pricing_type":"fixed","_shop_manager_tiered_pricing_fixed_rules":[],"_wpseo_manager_tiered_pricing_type":"fixed","_wpseo_manager_tiered_pricing_fixed_rules":[],"_wpseo_editor_tiered_pricing_type":"fixed","_wpseo_editor_tiered_pricing_fixed_rules":[],"_wholesale_customer_tiered_pricing_type":"fixed","_wholesale_customer_tiered_pricing_fixed_rules":[],"_marketer_tiered_pricing_type":"fixed","_marketer_tiered_pricing_fixed_rules":[],"_sales_manager_tiered_pricing_type":"fixed","_sales_manager_tiered_pricing_fixed_rules":[],"_sales_rep_tiered_pricing_type":"fixed","_sales_rep_tiered_pricing_fixed_rules":[],"yoast_head":"<!-- This site is optimized with the Yoast SEO plugin v23.3 - https:\/\/yoast.com\/wordpress\/plugins\/seo\/ -->\n<title>Reduziert im Sommer-Sale15000 Z\u00fcge Grape Ice ELF BOX LS15000 zum Hammerpreis | ElementVape.de<\/title>\n<meta name=\"description\" content=\"Wir bieten Reduziert im Sommer-Sale15000 Z\u00fcge Grape Ice ELF BOX LS15000 zum Hammerpreis , Elementvape.de akzeptieren Gro\u00df-und Einzelhandel Bestellungen.\" \/>\n<meta name=\"robots\" content=\"index, follow, max-snippet:-1, max-image-preview:large, max-video-preview:-1\" \/>\n<link rel=\"canonical\" href=\"https:\/\/www.elementvape.de\/es\/produkt\/reduziert-im-sommer-sale15000-zuege-grape-ice-elf-box-ls15000-zum-hammerpreis\/\" \/>\n<meta property=\"og:locale\" content=\"es_ES\" \/>\n<meta property=\"og:type\" content=\"article\" \/>\n<meta property=\"og:title\" content=\"Reduziert im Sommer-Sale15000 Z\u00fcge Grape Ice ELF BOX LS15000 zum Hammerpreis | ElementVape.de\" \/>\n<meta property=\"og:description\" content=\"Wir bieten Reduziert im Sommer-Sale15000 Z\u00fcge Grape Ice ELF BOX LS15000 zum Hammerpreis , Elementvape.de akzeptieren Gro\u00df-und Einzelhandel Bestellungen.\" \/>\n<meta property=\"og:url\" content=\"https:\/\/www.elementvape.de\/es\/produkt\/reduziert-im-sommer-sale15000-zuege-grape-ice-elf-box-ls15000-zum-hammerpreis\/\" \/>\n<meta property=\"og:site_name\" content=\"ElementVape.de\" \/>\n<meta property=\"article:modified_time\" content=\"2024-12-12T06:34:59+00:00\" \/>\n<meta property=\"og:image\" content=\"https:\/\/www.elementvape.de\/wp-content\/uploads\/2024\/08\/Grape-ice.png\" \/>\n\t<meta property=\"og:image:width\" content=\"1000\" \/>\n\t<meta property=\"og:image:height\" content=\"1000\" \/>\n\t<meta property=\"og:image:type\" content=\"image\/png\" \/>\n<meta name=\"twitter:card\" content=\"summary_large_image\" \/>\n<meta name=\"twitter:label1\" content=\"Est. reading time\" \/>\n\t<meta name=\"twitter:data1\" content=\"2 minutos\" \/>\n<script type=\"application\/ld+json\" class=\"yoast-schema-graph\">{\"@context\":\"https:\/\/schema.org\",\"@graph\":[{\"@type\":\"WebPage\",\"@id\":\"https:\/\/www.elementvape.de\/sk\/produkt\/reduziert-im-sommer-sale15000-zuege-grape-ice-elf-box-ls15000-zum-hammerpreis\/\",\"url\":\"https:\/\/www.elementvape.de\/sk\/produkt\/reduziert-im-sommer-sale15000-zuege-grape-ice-elf-box-ls15000-zum-hammerpreis\/\",\"name\":\"Reduziert im Sommer-Sale15000 Z\u00fcge Grape Ice ELF BOX LS15000 zum Hammerpreis | ElementVape.de\",\"isPartOf\":{\"@id\":\"https:\/\/www.elementvape.de\/#website\"},\"primaryImageOfPage\":{\"@id\":\"https:\/\/www.elementvape.de\/sk\/produkt\/reduziert-im-sommer-sale15000-zuege-grape-ice-elf-box-ls15000-zum-hammerpreis\/#primaryimage\"},\"image\":{\"@id\":\"https:\/\/www.elementvape.de\/sk\/produkt\/reduziert-im-sommer-sale15000-zuege-grape-ice-elf-box-ls15000-zum-hammerpreis\/#primaryimage\"},\"thumbnailUrl\":\"https:\/\/www.elementvape.de\/wp-content\/uploads\/2024\/08\/Grape-ice.png\",\"datePublished\":\"2024-08-12T08:03:38+00:00\",\"dateModified\":\"2024-12-12T06:34:59+00:00\",\"description\":\"Wir bieten Reduziert im Sommer-Sale15000 Z\u00fcge Grape Ice ELF BOX LS15000 zum Hammerpreis , Elementvape.de akzeptieren Gro\u00df-und Einzelhandel Bestellungen.\",\"breadcrumb\":{\"@id\":\"https:\/\/www.elementvape.de\/sk\/produkt\/reduziert-im-sommer-sale15000-zuege-grape-ice-elf-box-ls15000-zum-hammerpreis\/#breadcrumb\"},\"inLanguage\":\"es\",\"potentialAction\":[{\"@type\":\"ReadAction\",\"target\":[\"https:\/\/www.elementvape.de\/sk\/produkt\/reduziert-im-sommer-sale15000-zuege-grape-ice-elf-box-ls15000-zum-hammerpreis\/\"]}]},{\"@type\":\"ImageObject\",\"inLanguage\":\"es\",\"@id\":\"https:\/\/www.elementvape.de\/sk\/produkt\/reduziert-im-sommer-sale15000-zuege-grape-ice-elf-box-ls15000-zum-hammerpreis\/#primaryimage\",\"url\":\"https:\/\/www.elementvape.de\/wp-content\/uploads\/2024\/08\/Grape-ice.png\",\"contentUrl\":\"https:\/\/www.elementvape.de\/wp-content\/uploads\/2024\/08\/Grape-ice.png\",\"width\":1000,\"height\":1000,\"caption\":\"Grape ice\"},{\"@type\":\"BreadcrumbList\",\"@id\":\"https:\/\/www.elementvape.de\/sk\/produkt\/reduziert-im-sommer-sale15000-zuege-grape-ice-elf-box-ls15000-zum-hammerpreis\/#breadcrumb\",\"itemListElement\":[{\"@type\":\"ListItem\",\"position\":1,\"name\":\"Home\",\"item\":\"https:\/\/www.elementvape.de\/\"},{\"@type\":\"ListItem\",\"position\":2,\"name\":\"Shop\",\"item\":\"https:\/\/www.elementvape.de\/shop\/\"},{\"@type\":\"ListItem\",\"position\":3,\"name\":\"Reduziert im Sommer-Sale15000 Z\u00fcge Grape Ice ELF BOX LS15000 zum Hammerpreis\"}]},{\"@type\":\"WebSite\",\"@id\":\"https:\/\/www.elementvape.de\/#website\",\"url\":\"https:\/\/www.elementvape.de\/\",\"name\":\"ElementVape.de\",\"description\":\"\",\"publisher\":{\"@id\":\"https:\/\/www.elementvape.de\/#organization\"},\"potentialAction\":[{\"@type\":\"SearchAction\",\"target\":{\"@type\":\"EntryPoint\",\"urlTemplate\":\"https:\/\/www.elementvape.de\/?s={search_term_string}\"},\"query-input\":\"required name=search_term_string\"}],\"inLanguage\":\"es\"},{\"@type\":\"Organization\",\"@id\":\"https:\/\/www.elementvape.de\/#organization\",\"name\":\"ElementVape.DE\",\"url\":\"https:\/\/www.elementvape.de\/\",\"logo\":{\"@type\":\"ImageObject\",\"inLanguage\":\"es\",\"@id\":\"https:\/\/www.elementvape.de\/#\/schema\/logo\/image\/\",\"url\":\"https:\/\/www.elementvape.de\/wp-content\/uploads\/2024\/09\/cropped-1elementvape-3.png\",\"contentUrl\":\"https:\/\/www.elementvape.de\/wp-content\/uploads\/2024\/09\/cropped-1elementvape-3.png\",\"width\":285,\"height\":228,\"caption\":\"ElementVape.DE\"},\"image\":{\"@id\":\"https:\/\/www.elementvape.de\/#\/schema\/logo\/image\/\"}}]}<\/script>\n<!-- \/ Yoast SEO plugin. -->","yoast_head_json":{"title":"Reduziert im Sommer-Sale15000 Z\u00fcge Grape Ice ELF BOX LS15000 zum Hammerpreis | ElementVape.de","description":"Wir bieten Reduziert im Sommer-Sale15000 Z\u00fcge Grape Ice ELF BOX LS15000 zum Hammerpreis , Elementvape.de akzeptieren Gro\u00df-und Einzelhandel Bestellungen.","robots":{"index":"index","follow":"follow","max-snippet":"max-snippet:-1","max-image-preview":"max-image-preview:large","max-video-preview":"max-video-preview:-1"},"canonical":"https:\/\/www.elementvape.de\/es\/produkt\/reduziert-im-sommer-sale15000-zuege-grape-ice-elf-box-ls15000-zum-hammerpreis\/","og_locale":"es_ES","og_type":"article","og_title":"Reduziert im Sommer-Sale15000 Z\u00fcge Grape Ice ELF BOX LS15000 zum Hammerpreis | ElementVape.de","og_description":"Wir bieten Reduziert im Sommer-Sale15000 Z\u00fcge Grape Ice ELF BOX LS15000 zum Hammerpreis , Elementvape.de akzeptieren Gro\u00df-und Einzelhandel Bestellungen.","og_url":"https:\/\/www.elementvape.de\/es\/produkt\/reduziert-im-sommer-sale15000-zuege-grape-ice-elf-box-ls15000-zum-hammerpreis\/","og_site_name":"ElementVape.de","article_modified_time":"2024-12-12T06:34:59+00:00","og_image":[{"width":1000,"height":1000,"url":"https:\/\/www.elementvape.de\/wp-content\/uploads\/2024\/08\/Grape-ice.png","type":"image\/png"}],"twitter_card":"summary_large_image","twitter_misc":{"Est. reading time":"2 minutos"},"schema":{"@context":"https:\/\/schema.org","@graph":[{"@type":"WebPage","@id":"https:\/\/www.elementvape.de\/sk\/produkt\/reduziert-im-sommer-sale15000-zuege-grape-ice-elf-box-ls15000-zum-hammerpreis\/","url":"https:\/\/www.elementvape.de\/sk\/produkt\/reduziert-im-sommer-sale15000-zuege-grape-ice-elf-box-ls15000-zum-hammerpreis\/","name":"Reduziert im Sommer-Sale15000 Z\u00fcge Grape Ice ELF BOX LS15000 zum Hammerpreis | ElementVape.de","isPartOf":{"@id":"https:\/\/www.elementvape.de\/#website"},"primaryImageOfPage":{"@id":"https:\/\/www.elementvape.de\/sk\/produkt\/reduziert-im-sommer-sale15000-zuege-grape-ice-elf-box-ls15000-zum-hammerpreis\/#primaryimage"},"image":{"@id":"https:\/\/www.elementvape.de\/sk\/produkt\/reduziert-im-sommer-sale15000-zuege-grape-ice-elf-box-ls15000-zum-hammerpreis\/#primaryimage"},"thumbnailUrl":"https:\/\/www.elementvape.de\/wp-content\/uploads\/2024\/08\/Grape-ice.png","datePublished":"2024-08-12T08:03:38+00:00","dateModified":"2024-12-12T06:34:59+00:00","description":"Wir bieten Reduziert im Sommer-Sale15000 Z\u00fcge Grape Ice ELF BOX LS15000 zum Hammerpreis , Elementvape.de akzeptieren Gro\u00df-und Einzelhandel Bestellungen.","breadcrumb":{"@id":"https:\/\/www.elementvape.de\/sk\/produkt\/reduziert-im-sommer-sale15000-zuege-grape-ice-elf-box-ls15000-zum-hammerpreis\/#breadcrumb"},"inLanguage":"es","potentialAction":[{"@type":"ReadAction","target":["https:\/\/www.elementvape.de\/sk\/produkt\/reduziert-im-sommer-sale15000-zuege-grape-ice-elf-box-ls15000-zum-hammerpreis\/"]}]},{"@type":"ImageObject","inLanguage":"es","@id":"https:\/\/www.elementvape.de\/sk\/produkt\/reduziert-im-sommer-sale15000-zuege-grape-ice-elf-box-ls15000-zum-hammerpreis\/#primaryimage","url":"https:\/\/www.elementvape.de\/wp-content\/uploads\/2024\/08\/Grape-ice.png","contentUrl":"https:\/\/www.elementvape.de\/wp-content\/uploads\/2024\/08\/Grape-ice.png","width":1000,"height":1000,"caption":"Grape ice"},{"@type":"BreadcrumbList","@id":"https:\/\/www.elementvape.de\/sk\/produkt\/reduziert-im-sommer-sale15000-zuege-grape-ice-elf-box-ls15000-zum-hammerpreis\/#breadcrumb","itemListElement":[{"@type":"ListItem","position":1,"name":"Home","item":"https:\/\/www.elementvape.de\/"},{"@type":"ListItem","position":2,"name":"Shop","item":"https:\/\/www.elementvape.de\/shop\/"},{"@type":"ListItem","position":3,"name":"Reduziert im Sommer-Sale15000 Z\u00fcge Grape Ice ELF BOX LS15000 zum Hammerpreis"}]},{"@type":"WebSite","@id":"https:\/\/www.elementvape.de\/#website","url":"https:\/\/www.elementvape.de\/","name":"ElementVape.de","description":"","publisher":{"@id":"https:\/\/www.elementvape.de\/#organization"},"potentialAction":[{"@type":"SearchAction","target":{"@type":"EntryPoint","urlTemplate":"https:\/\/www.elementvape.de\/?s={search_term_string}"},"query-input":"required name=search_term_string"}],"inLanguage":"es"},{"@type":"Organization","@id":"https:\/\/www.elementvape.de\/#organization","name":"ElementVape.DE","url":"https:\/\/www.elementvape.de\/","logo":{"@type":"ImageObject","inLanguage":"es","@id":"https:\/\/www.elementvape.de\/#\/schema\/logo\/image\/","url":"https:\/\/www.elementvape.de\/wp-content\/uploads\/2024\/09\/cropped-1elementvape-3.png","contentUrl":"https:\/\/www.elementvape.de\/wp-content\/uploads\/2024\/09\/cropped-1elementvape-3.png","width":285,"height":228,"caption":"ElementVape.DE"},"image":{"@id":"https:\/\/www.elementvape.de\/#\/schema\/logo\/image\/"}}]}},"_links":{"self":[{"href":"https:\/\/www.elementvape.de\/es\/wp-json\/wp\/v2\/product\/13730"}],"collection":[{"href":"https:\/\/www.elementvape.de\/es\/wp-json\/wp\/v2\/product"}],"about":[{"href":"https:\/\/www.elementvape.de\/es\/wp-json\/wp\/v2\/types\/product"}],"wp:featuredmedia":[{"embeddable":true,"href":"https:\/\/www.elementvape.de\/es\/wp-json\/wp\/v2\/media\/13731"}],"wp:attachment":[{"href":"https:\/\/www.elementvape.de\/es\/wp-json\/wp\/v2\/media?parent=13730"}],"wp:term":[{"taxonomy":"product_cat","embeddable":true,"href":"https:\/\/www.elementvape.de\/es\/wp-json\/wp\/v2\/product_cat?post=13730"},{"taxonomy":"product_tag","embeddable":true,"href":"https:\/\/www.elementvape.de\/es\/wp-json\/wp\/v2\/product_tag?post=13730"}],"curies":[{"name":"wp","href":"https:\/\/api.w.org\/{rel}","templated":true}]}}