{"id":13336,"date":"2024-06-27T07:33:41","date_gmt":"2024-06-27T07:33:41","guid":{"rendered":"https:\/\/www.elementvape.de\/?post_type=product&#038;p=13336"},"modified":"2024-09-12T10:28:45","modified_gmt":"2024-09-12T10:28:45","slug":"uwell-tripod-pcc-pod-kit-2ml","status":"publish","type":"product","link":"https:\/\/www.elementvape.de\/es\/produkt\/uwell-tripod-pcc-pod-kit-2ml\/","title":{"rendered":"Uwell Tripod PCC Kit de c\u00e1psulas 2ml"},"content":{"rendered":"<div class=\"flex-shrink-0 flex flex-col relative items-end\">\n<div>\n<div class=\"pt-0.5 juice:pt-0\">\n<div class=\"gizmo-bot-avatar flex h-6 w-6 items-center justify-center overflow-hidden rounded-full juice:h-8 juice:w-8\"><\/div>\n<\/div>\n<\/div>\n<\/div>\n<div class=\"group\/conversation-turn relative flex w-full min-w-0 flex-col agent-turn\">\n<div class=\"flex-col gap-1 md:gap-3\">\n<div class=\"flex flex-grow flex-col max-w-full\">\n<div class=\"min-h-[20px] text-message flex flex-col items-start whitespace-pre-wrap break-words [.text-message+&amp;]:mt-5 juice:w-full juice:items-end overflow-x-auto gap-2\" dir=\"auto\" data-message-author-role=\"assistant\" data-message-id=\"4d090b36-4971-4208-a91d-3cdd29b57a03\">\n<div class=\"flex w-full flex-col gap-1 juice:empty:hidden juice:first:pt-[3px]\">\n<div class=\"markdown prose w-full break-words dark:prose-invert light\">\n<h3><strong>Kit de Pod Uwell Tripod PCC<\/strong><\/h3>\n<p>El kit de pod Uwell Tripod PCC es una combinaci\u00f3n de un sistema elegante <strong><a href=\"https:\/\/www.elementvape.de\/es\/c\/pod\/\">Pod<\/a><\/strong>- y una caja de carga pr\u00e1ctica, dise\u00f1ada espec\u00edficamente para vaporizadores que est\u00e1n en movimiento. Este kit no solo ofrece una excelente calidad de sabor, sino tambi\u00e9n un manejo f\u00e1cil de usar.<\/p>\n<h4><strong>Funciones principales:<\/strong><\/h4>\n<ol>\n<li><strong>Cartucho recargable de 2 ml y resistencia integrada de 1,2 \u03a9<\/strong>: Esta combinaci\u00f3n proporciona un sabor completo y una sensaci\u00f3n suave en la garganta.<\/li>\n<li><strong>Bater\u00eda integrada de 370 mAh<\/strong>: El pod mod tiene una potencia m\u00e1xima de salida de 11 W y est\u00e1 equipado con una luz LED que indica el nivel de bater\u00eda.<\/li>\n<li><strong>Caja de carga de 1000 mAh<\/strong>: Esta caja de carga compacta y port\u00e1til permite transportar y cargar hasta tres pods simult\u00e1neamente, ideal para viajes.<\/li>\n<li><strong>Material de alta calidad<\/strong>: Fabricado en aluminio anodizado, el kit ofrece un aspecto elegante y discreto.<\/li>\n<\/ol>\n<h4><strong>Par\u00e1metros f\u00edsicos:<\/strong><\/h4>\n<ul>\n<li><strong>Tama\u00f1o<\/strong>: 21,5 \u00d7 10,4 \u00d7 78 mm<\/li>\n<li><strong>Capacidad<\/strong>: 2 ml<\/li>\n<li><strong>Resistencia<\/strong>: 1,2 \u03a9<\/li>\n<li><strong>Bater\u00eda<\/strong>: 370 mAh para el pod, 1000 mAh para la caja de carga<\/li>\n<li><strong>Colores<\/strong>: Negro, Verde met\u00e1lico, Negro y Oro<\/li>\n<\/ul>\n<h4><strong>Lista de empaque:<\/strong><\/h4>\n<ul>\n<li>1 x Pod mod Tripod PCC<\/li>\n<li>3 x Cartucho de soporte<\/li>\n<li>1 x Cable tipo C<\/li>\n<li>1 x Manual de usuario<\/li>\n<li>1 x Caja de carga<\/li>\n<\/ul>\n<h3><strong>Ventajas del Uwell Tripod PCC Pod Kit:<\/strong><\/h3>\n<ul>\n<li><strong>Mayor duraci\u00f3n de la bater\u00eda<\/strong>: Gracias a la caja de carga, puede recargar el Pod en cualquier momento mientras est\u00e1 en movimiento, lo que prolonga significativamente la duraci\u00f3n total de la bater\u00eda.<\/li>\n<li><strong>Versatilidad<\/strong>: Con tres Pods, puede llevar diferentes l\u00edquidos electr\u00f3nicos y cambiarlos seg\u00fan su preferencia.<\/li>\n<li><strong>Portabilidad<\/strong>: El dise\u00f1o compacto y la caja de carga ligera hacen que el kit sea ideal para viajes y uso diario.<\/li>\n<li><strong>Dise\u00f1o de alta calidad<\/strong>: El dise\u00f1o elegante de aluminio anodizado proporciona una apariencia estilizada y discreta.<\/li>\n<\/ul>\n<p>El Uwell Tripod PCC Pod Kit es la opci\u00f3n perfecta para vapearistas que buscan una soluci\u00f3n pr\u00e1ctica, elegante y potente. Ordene ahora en <strong>elementvape<\/strong> y aseg\u00farese de obtener los mejores precios al por mayor para este producto destacado.<\/p>\n<\/div>\n<\/div>\n<\/div>\n<\/div>\n<\/div>\n<\/div>","protected":false},"excerpt":{"rendered":"<p>Uwell Tripod PCC Pod Kit Das Uwell Tripod PCC Pod Kit ist eine Kombination aus einem eleganten Pod-System und einer praktischen Ladebox, die speziell f\u00fcr Dampfer entwickelt wurde, die viel unterwegs sind. Dieses Kit bietet nicht nur hervorragende Geschmacksqualit\u00e4t, sondern auch eine benutzerfreundliche Handhabung. Hauptfunktionen: Nachf\u00fcllbare 2-ml-Kartusche und integrierte 1,2-\u03a9-Spule: Diese Kombination sorgt f\u00fcr einen [&hellip;]<\/p>","protected":false},"featured_media":13337,"template":"","meta":{"inline_featured_image":false},"product_cat":[747,740,734,753,76],"product_tag":[],"tiered_pricing_type":"fixed","tiered_pricing_fixed_rules":[],"tiered_pricing_percentage_rules":[],"tiered_pricing_minimum":1,"_administrator_tiered_pricing_type":"fixed","_administrator_tiered_pricing_fixed_rules":[],"_editor_tiered_pricing_type":"fixed","_editor_tiered_pricing_fixed_rules":[],"_author_tiered_pricing_type":"fixed","_author_tiered_pricing_fixed_rules":[],"_contributor_tiered_pricing_type":"fixed","_contributor_tiered_pricing_fixed_rules":[],"_subscriber_tiered_pricing_type":"fixed","_subscriber_tiered_pricing_fixed_rules":[],"_customer_tiered_pricing_type":"fixed","_customer_tiered_pricing_fixed_rules":[],"_shop_manager_tiered_pricing_type":"fixed","_shop_manager_tiered_pricing_fixed_rules":[],"_wpseo_manager_tiered_pricing_type":"fixed","_wpseo_manager_tiered_pricing_fixed_rules":[],"_wpseo_editor_tiered_pricing_type":"fixed","_wpseo_editor_tiered_pricing_fixed_rules":[],"_wholesale_customer_tiered_pricing_type":"fixed","_wholesale_customer_tiered_pricing_fixed_rules":[],"_marketer_tiered_pricing_type":"fixed","_marketer_tiered_pricing_fixed_rules":[],"_sales_manager_tiered_pricing_type":"fixed","_sales_manager_tiered_pricing_fixed_rules":[],"_sales_rep_tiered_pricing_type":"fixed","_sales_rep_tiered_pricing_fixed_rules":[],"yoast_head":"<!-- This site is optimized with the Yoast SEO plugin v23.3 - https:\/\/yoast.com\/wordpress\/plugins\/seo\/ -->\n<title>Uwell Tripod PCC Pod Kit 2ml | ElementVape.de<\/title>\n<meta name=\"description\" content=\"Wir bieten Uwell Tripod PCC Pod Kit 2ml , Elementvape.de akzeptieren Gro\u00df-und Einzelhandel Bestellungen.\" \/>\n<meta name=\"robots\" content=\"index, follow, max-snippet:-1, max-image-preview:large, max-video-preview:-1\" \/>\n<link rel=\"canonical\" href=\"https:\/\/www.elementvape.de\/es\/produkt\/uwell-tripod-pcc-pod-kit-2ml\/\" \/>\n<meta property=\"og:locale\" content=\"es_ES\" \/>\n<meta property=\"og:type\" content=\"article\" \/>\n<meta property=\"og:title\" content=\"Uwell Tripod PCC Pod Kit 2ml | ElementVape.de\" \/>\n<meta property=\"og:description\" content=\"Wir bieten Uwell Tripod PCC Pod Kit 2ml , Elementvape.de akzeptieren Gro\u00df-und Einzelhandel Bestellungen.\" \/>\n<meta property=\"og:url\" content=\"https:\/\/www.elementvape.de\/es\/produkt\/uwell-tripod-pcc-pod-kit-2ml\/\" \/>\n<meta property=\"og:site_name\" content=\"ElementVape.de\" \/>\n<meta property=\"article:modified_time\" content=\"2024-09-12T10:28:45+00:00\" \/>\n<meta property=\"og:image\" content=\"https:\/\/www.elementvape.de\/wp-content\/uploads\/2024\/06\/Uwell-Tripod-PCC-Pod-Kit-370mAh-1000mAh-2.webp\" \/>\n\t<meta property=\"og:image:width\" content=\"600\" \/>\n\t<meta property=\"og:image:height\" content=\"600\" \/>\n\t<meta property=\"og:image:type\" content=\"image\/webp\" \/>\n<meta name=\"twitter:card\" content=\"summary_large_image\" \/>\n<meta name=\"twitter:label1\" content=\"Est. reading time\" \/>\n\t<meta name=\"twitter:data1\" content=\"2 minutos\" \/>\n<script type=\"application\/ld+json\" class=\"yoast-schema-graph\">{\"@context\":\"https:\/\/schema.org\",\"@graph\":[{\"@type\":\"WebPage\",\"@id\":\"https:\/\/www.elementvape.de\/pt\/produkt\/uwell-tripod-pcc-pod-kit-2ml\/\",\"url\":\"https:\/\/www.elementvape.de\/pt\/produkt\/uwell-tripod-pcc-pod-kit-2ml\/\",\"name\":\"Uwell Tripod PCC Pod Kit 2ml | ElementVape.de\",\"isPartOf\":{\"@id\":\"https:\/\/www.elementvape.de\/#website\"},\"primaryImageOfPage\":{\"@id\":\"https:\/\/www.elementvape.de\/pt\/produkt\/uwell-tripod-pcc-pod-kit-2ml\/#primaryimage\"},\"image\":{\"@id\":\"https:\/\/www.elementvape.de\/pt\/produkt\/uwell-tripod-pcc-pod-kit-2ml\/#primaryimage\"},\"thumbnailUrl\":\"https:\/\/www.elementvape.de\/wp-content\/uploads\/2024\/06\/Uwell-Tripod-PCC-Pod-Kit-370mAh-1000mAh-2.webp\",\"datePublished\":\"2024-06-27T07:33:41+00:00\",\"dateModified\":\"2024-09-12T10:28:45+00:00\",\"description\":\"Wir bieten Uwell Tripod PCC Pod Kit 2ml , Elementvape.de akzeptieren Gro\u00df-und Einzelhandel Bestellungen.\",\"breadcrumb\":{\"@id\":\"https:\/\/www.elementvape.de\/pt\/produkt\/uwell-tripod-pcc-pod-kit-2ml\/#breadcrumb\"},\"inLanguage\":\"es\",\"potentialAction\":[{\"@type\":\"ReadAction\",\"target\":[\"https:\/\/www.elementvape.de\/pt\/produkt\/uwell-tripod-pcc-pod-kit-2ml\/\"]}]},{\"@type\":\"ImageObject\",\"inLanguage\":\"es\",\"@id\":\"https:\/\/www.elementvape.de\/pt\/produkt\/uwell-tripod-pcc-pod-kit-2ml\/#primaryimage\",\"url\":\"https:\/\/www.elementvape.de\/wp-content\/uploads\/2024\/06\/Uwell-Tripod-PCC-Pod-Kit-370mAh-1000mAh-2.webp\",\"contentUrl\":\"https:\/\/www.elementvape.de\/wp-content\/uploads\/2024\/06\/Uwell-Tripod-PCC-Pod-Kit-370mAh-1000mAh-2.webp\",\"width\":600,\"height\":600,\"caption\":\"Uwell-Tripod-PCC-Pod-Kit-370mAh-1000mAh-2\"},{\"@type\":\"BreadcrumbList\",\"@id\":\"https:\/\/www.elementvape.de\/pt\/produkt\/uwell-tripod-pcc-pod-kit-2ml\/#breadcrumb\",\"itemListElement\":[{\"@type\":\"ListItem\",\"position\":1,\"name\":\"Home\",\"item\":\"https:\/\/www.elementvape.de\/\"},{\"@type\":\"ListItem\",\"position\":2,\"name\":\"Shop\",\"item\":\"https:\/\/www.elementvape.de\/shop\/\"},{\"@type\":\"ListItem\",\"position\":3,\"name\":\"Uwell Tripod PCC Pod Kit 2ml\"}]},{\"@type\":\"WebSite\",\"@id\":\"https:\/\/www.elementvape.de\/#website\",\"url\":\"https:\/\/www.elementvape.de\/\",\"name\":\"ElementVape.de\",\"description\":\"\",\"publisher\":{\"@id\":\"https:\/\/www.elementvape.de\/#organization\"},\"potentialAction\":[{\"@type\":\"SearchAction\",\"target\":{\"@type\":\"EntryPoint\",\"urlTemplate\":\"https:\/\/www.elementvape.de\/?s={search_term_string}\"},\"query-input\":\"required name=search_term_string\"}],\"inLanguage\":\"es\"},{\"@type\":\"Organization\",\"@id\":\"https:\/\/www.elementvape.de\/#organization\",\"name\":\"ElementVape.DE\",\"url\":\"https:\/\/www.elementvape.de\/\",\"logo\":{\"@type\":\"ImageObject\",\"inLanguage\":\"es\",\"@id\":\"https:\/\/www.elementvape.de\/#\/schema\/logo\/image\/\",\"url\":\"https:\/\/www.elementvape.de\/wp-content\/uploads\/2024\/09\/cropped-1elementvape-3.png\",\"contentUrl\":\"https:\/\/www.elementvape.de\/wp-content\/uploads\/2024\/09\/cropped-1elementvape-3.png\",\"width\":285,\"height\":228,\"caption\":\"ElementVape.DE\"},\"image\":{\"@id\":\"https:\/\/www.elementvape.de\/#\/schema\/logo\/image\/\"}}]}<\/script>\n<!-- \/ Yoast SEO plugin. -->","yoast_head_json":{"title":"Uwell Tripod PCC Pod Kit 2ml | ElementVape.de","description":"Wir bieten Uwell Tripod PCC Pod Kit 2ml , Elementvape.de akzeptieren Gro\u00df-und Einzelhandel Bestellungen.","robots":{"index":"index","follow":"follow","max-snippet":"max-snippet:-1","max-image-preview":"max-image-preview:large","max-video-preview":"max-video-preview:-1"},"canonical":"https:\/\/www.elementvape.de\/es\/produkt\/uwell-tripod-pcc-pod-kit-2ml\/","og_locale":"es_ES","og_type":"article","og_title":"Uwell Tripod PCC Pod Kit 2ml | ElementVape.de","og_description":"Wir bieten Uwell Tripod PCC Pod Kit 2ml , Elementvape.de akzeptieren Gro\u00df-und Einzelhandel Bestellungen.","og_url":"https:\/\/www.elementvape.de\/es\/produkt\/uwell-tripod-pcc-pod-kit-2ml\/","og_site_name":"ElementVape.de","article_modified_time":"2024-09-12T10:28:45+00:00","og_image":[{"width":600,"height":600,"url":"https:\/\/www.elementvape.de\/wp-content\/uploads\/2024\/06\/Uwell-Tripod-PCC-Pod-Kit-370mAh-1000mAh-2.webp","type":"image\/webp"}],"twitter_card":"summary_large_image","twitter_misc":{"Est. reading time":"2 minutos"},"schema":{"@context":"https:\/\/schema.org","@graph":[{"@type":"WebPage","@id":"https:\/\/www.elementvape.de\/pt\/produkt\/uwell-tripod-pcc-pod-kit-2ml\/","url":"https:\/\/www.elementvape.de\/pt\/produkt\/uwell-tripod-pcc-pod-kit-2ml\/","name":"Uwell Tripod PCC Pod Kit 2ml | ElementVape.de","isPartOf":{"@id":"https:\/\/www.elementvape.de\/#website"},"primaryImageOfPage":{"@id":"https:\/\/www.elementvape.de\/pt\/produkt\/uwell-tripod-pcc-pod-kit-2ml\/#primaryimage"},"image":{"@id":"https:\/\/www.elementvape.de\/pt\/produkt\/uwell-tripod-pcc-pod-kit-2ml\/#primaryimage"},"thumbnailUrl":"https:\/\/www.elementvape.de\/wp-content\/uploads\/2024\/06\/Uwell-Tripod-PCC-Pod-Kit-370mAh-1000mAh-2.webp","datePublished":"2024-06-27T07:33:41+00:00","dateModified":"2024-09-12T10:28:45+00:00","description":"Wir bieten Uwell Tripod PCC Pod Kit 2ml , Elementvape.de akzeptieren Gro\u00df-und Einzelhandel Bestellungen.","breadcrumb":{"@id":"https:\/\/www.elementvape.de\/pt\/produkt\/uwell-tripod-pcc-pod-kit-2ml\/#breadcrumb"},"inLanguage":"es","potentialAction":[{"@type":"ReadAction","target":["https:\/\/www.elementvape.de\/pt\/produkt\/uwell-tripod-pcc-pod-kit-2ml\/"]}]},{"@type":"ImageObject","inLanguage":"es","@id":"https:\/\/www.elementvape.de\/pt\/produkt\/uwell-tripod-pcc-pod-kit-2ml\/#primaryimage","url":"https:\/\/www.elementvape.de\/wp-content\/uploads\/2024\/06\/Uwell-Tripod-PCC-Pod-Kit-370mAh-1000mAh-2.webp","contentUrl":"https:\/\/www.elementvape.de\/wp-content\/uploads\/2024\/06\/Uwell-Tripod-PCC-Pod-Kit-370mAh-1000mAh-2.webp","width":600,"height":600,"caption":"Uwell-Tripod-PCC-Pod-Kit-370mAh-1000mAh-2"},{"@type":"BreadcrumbList","@id":"https:\/\/www.elementvape.de\/pt\/produkt\/uwell-tripod-pcc-pod-kit-2ml\/#breadcrumb","itemListElement":[{"@type":"ListItem","position":1,"name":"Home","item":"https:\/\/www.elementvape.de\/"},{"@type":"ListItem","position":2,"name":"Shop","item":"https:\/\/www.elementvape.de\/shop\/"},{"@type":"ListItem","position":3,"name":"Uwell Tripod PCC Pod Kit 2ml"}]},{"@type":"WebSite","@id":"https:\/\/www.elementvape.de\/#website","url":"https:\/\/www.elementvape.de\/","name":"ElementVape.de","description":"","publisher":{"@id":"https:\/\/www.elementvape.de\/#organization"},"potentialAction":[{"@type":"SearchAction","target":{"@type":"EntryPoint","urlTemplate":"https:\/\/www.elementvape.de\/?s={search_term_string}"},"query-input":"required name=search_term_string"}],"inLanguage":"es"},{"@type":"Organization","@id":"https:\/\/www.elementvape.de\/#organization","name":"ElementVape.DE","url":"https:\/\/www.elementvape.de\/","logo":{"@type":"ImageObject","inLanguage":"es","@id":"https:\/\/www.elementvape.de\/#\/schema\/logo\/image\/","url":"https:\/\/www.elementvape.de\/wp-content\/uploads\/2024\/09\/cropped-1elementvape-3.png","contentUrl":"https:\/\/www.elementvape.de\/wp-content\/uploads\/2024\/09\/cropped-1elementvape-3.png","width":285,"height":228,"caption":"ElementVape.DE"},"image":{"@id":"https:\/\/www.elementvape.de\/#\/schema\/logo\/image\/"}}]}},"_links":{"self":[{"href":"https:\/\/www.elementvape.de\/es\/wp-json\/wp\/v2\/product\/13336"}],"collection":[{"href":"https:\/\/www.elementvape.de\/es\/wp-json\/wp\/v2\/product"}],"about":[{"href":"https:\/\/www.elementvape.de\/es\/wp-json\/wp\/v2\/types\/product"}],"wp:featuredmedia":[{"embeddable":true,"href":"https:\/\/www.elementvape.de\/es\/wp-json\/wp\/v2\/media\/13337"}],"wp:attachment":[{"href":"https:\/\/www.elementvape.de\/es\/wp-json\/wp\/v2\/media?parent=13336"}],"wp:term":[{"taxonomy":"product_cat","embeddable":true,"href":"https:\/\/www.elementvape.de\/es\/wp-json\/wp\/v2\/product_cat?post=13336"},{"taxonomy":"product_tag","embeddable":true,"href":"https:\/\/www.elementvape.de\/es\/wp-json\/wp\/v2\/product_tag?post=13336"}],"curies":[{"name":"wp","href":"https:\/\/api.w.org\/{rel}","templated":true}]}}