{"id":13278,"date":"2024-06-27T02:59:48","date_gmt":"2024-06-27T02:59:48","guid":{"rendered":"https:\/\/www.elementvape.de\/?post_type=product&#038;p=13278"},"modified":"2024-09-12T10:28:47","modified_gmt":"2024-09-12T10:28:47","slug":"uwell-sculptor-pod-kit-370-mah","status":"publish","type":"product","link":"https:\/\/www.elementvape.de\/es\/produkt\/uwell-sculptor-pod-kit-370-mah\/","title":{"rendered":"Uwell Sculptor Kit de Pod 370 mAh"},"content":{"rendered":"<h3>Kit de vapeo Uwell Sculptor en elementvape \u2013 Una opci\u00f3n compacta y elegante<\/h3>\n<p><strong>Elementvape<\/strong>, uno de los principales mayoristas de cigarrillos electr\u00f3nicos en todo el mundo, ofrece el <strong>Kit de vapeo Uwell Sculptor<\/strong> a los mejores precios mayoristas. Este kit compacto y f\u00e1cil de usar es ideal tanto para principiantes como para vaporizadores experimentados. Ofrece una experiencia de vapeo MTL (Mouth To Lung) y est\u00e1 equipado con una bater\u00eda integrada de 370 mAh. Con un rango de potencia ajustable de 5 a 11 W, puede personalizar la experiencia de vapeo seg\u00fan sus preferencias. Cada kit se entrega completo con dos pods Sculptor recargables de 2 ml, que cuentan con resistencias integradas, para que pueda comenzar a vapear de inmediato.<\/p>\n<h3>Dise\u00f1o elegante y funciones pr\u00e1cticas<\/h3>\n<p>El kit de vapeo Uwell Sculptor destaca por su combinaci\u00f3n de funcionalidad y est\u00e9tica. La cara c\u00f3ncava del <strong><a href=\"https:\/\/www.elementvape.de\/es\/c\/pod\/\">Pod<\/a><\/strong> facilita su extracci\u00f3n, y la resistencia integrada de 1,2 ohmios con tecnolog\u00eda Pro-FOCS para ajuste de sabor garantiza una experiencia de sabor intensa. El grabado met\u00e1lico de la carcasa simboliza fuerza y artesan\u00eda, mientras que el acabado en galvanizado mate le confiere un estilo antiguo y un agarre \u00fanico. Adem\u00e1s, el kit incluye un collar, convirti\u00e9ndolo en un accesorio exquisito.<\/p>\n<h3>Datos t\u00e9cnicos y contenido del env\u00edo<\/h3>\n<p><strong>Especificaciones:<\/strong><\/p>\n<ul>\n<li><strong>Materiales:<\/strong> PCTG, aleaci\u00f3n de zinc, PC, POK, cobre<\/li>\n<li><strong>Dimensiones:<\/strong> 32,6 mm \u00d7 15 mm \u00d7 77,1 mm<\/li>\n<li><strong>Peso neto:<\/strong> 50 g<\/li>\n<li><strong>Capacidad de l\u00edquido electr\u00f3nico:<\/strong> 1,6 ml<\/li>\n<li><strong>Potencia de salida:<\/strong> M\u00e1ximo 11 W<\/li>\n<li><strong>Especificaci\u00f3n del pod:<\/strong> Mesh-H FeCrAl 1,2 \u03a9, Pod recargable SCULPTOR<\/li>\n<li><strong>Capacidad de la bater\u00eda:<\/strong> 370 mAh<\/li>\n<\/ul>\n<p><strong>Contenido del paquete:<\/strong><\/p>\n<ul>\n<li>1 x dispositivo Sculptor<\/li>\n<li>2 x Mesh-H 1,2 \u03a9 Pods recargables Sculptor<\/li>\n<li>1 x cable de carga Tipo-C<\/li>\n<li>1 x Manual de usuario<\/li>\n<li>1 x collar<\/li>\n<\/ul>\n<p>El kit de vapeo Uwell Sculptor es una excelente opci\u00f3n para quienes buscan una experiencia de vapeo elegante y compacta. Con su manejo sencillo, alta calidad de fabricaci\u00f3n y funciones pr\u00e1cticas, es ideal para el uso diario. Ordene el kit de vapeo Uwell Sculptor en <strong>elementvape<\/strong> y experimente una experiencia de vapor de primera clase.<\/p>","protected":false},"excerpt":{"rendered":"<p>Uwell Sculptor Vape Kit bei elementvape \u2013 Eine kompakte und stilvolle Wahl Elementvape, einer der f\u00fchrenden Gro\u00dfh\u00e4ndler f\u00fcr E-Zigaretten weltweit, bietet das Uwell Sculptor Vape Kit zu den besten Gro\u00dfhandelspreisen an. Dieses kompakte und benutzerfreundliche Kit ist ideal sowohl f\u00fcr Anf\u00e4nger als auch f\u00fcr erfahrene Dampfer. Es liefert ein MTL-Dampferlebnis (Mouth To Lung) und ist [&hellip;]<\/p>","protected":false},"featured_media":13279,"template":"","meta":{"inline_featured_image":false},"product_cat":[747,740,734,753,76],"product_tag":[],"tiered_pricing_type":"fixed","tiered_pricing_fixed_rules":[],"tiered_pricing_percentage_rules":[],"tiered_pricing_minimum":1,"_administrator_tiered_pricing_type":"fixed","_administrator_tiered_pricing_fixed_rules":[],"_editor_tiered_pricing_type":"fixed","_editor_tiered_pricing_fixed_rules":[],"_author_tiered_pricing_type":"fixed","_author_tiered_pricing_fixed_rules":[],"_contributor_tiered_pricing_type":"fixed","_contributor_tiered_pricing_fixed_rules":[],"_subscriber_tiered_pricing_type":"fixed","_subscriber_tiered_pricing_fixed_rules":[],"_customer_tiered_pricing_type":"fixed","_customer_tiered_pricing_fixed_rules":[],"_shop_manager_tiered_pricing_type":"fixed","_shop_manager_tiered_pricing_fixed_rules":[],"_wpseo_manager_tiered_pricing_type":"fixed","_wpseo_manager_tiered_pricing_fixed_rules":[],"_wpseo_editor_tiered_pricing_type":"fixed","_wpseo_editor_tiered_pricing_fixed_rules":[],"_wholesale_customer_tiered_pricing_type":"fixed","_wholesale_customer_tiered_pricing_fixed_rules":[],"_marketer_tiered_pricing_type":"fixed","_marketer_tiered_pricing_fixed_rules":[],"_sales_manager_tiered_pricing_type":"fixed","_sales_manager_tiered_pricing_fixed_rules":[],"_sales_rep_tiered_pricing_type":"fixed","_sales_rep_tiered_pricing_fixed_rules":[],"yoast_head":"<!-- This site is optimized with the Yoast SEO plugin v23.3 - https:\/\/yoast.com\/wordpress\/plugins\/seo\/ -->\n<title>Uwell Sculptor Pod Kit 370 mAh | ElementVape.de<\/title>\n<meta name=\"description\" content=\"Wir bieten Uwell Sculptor Pod Kit 370 mAh , Elementvape.de akzeptieren Gro\u00df-und Einzelhandel Bestellungen.\" \/>\n<meta name=\"robots\" content=\"index, follow, max-snippet:-1, max-image-preview:large, max-video-preview:-1\" \/>\n<link rel=\"canonical\" href=\"https:\/\/www.elementvape.de\/es\/produkt\/uwell-sculptor-pod-kit-370-mah\/\" \/>\n<meta property=\"og:locale\" content=\"es_ES\" \/>\n<meta property=\"og:type\" content=\"article\" \/>\n<meta property=\"og:title\" content=\"Uwell Sculptor Pod Kit 370 mAh | ElementVape.de\" \/>\n<meta property=\"og:description\" content=\"Wir bieten Uwell Sculptor Pod Kit 370 mAh , Elementvape.de akzeptieren Gro\u00df-und Einzelhandel Bestellungen.\" \/>\n<meta property=\"og:url\" content=\"https:\/\/www.elementvape.de\/es\/produkt\/uwell-sculptor-pod-kit-370-mah\/\" \/>\n<meta property=\"og:site_name\" content=\"ElementVape.de\" \/>\n<meta property=\"article:modified_time\" content=\"2024-09-12T10:28:47+00:00\" \/>\n<meta property=\"og:image\" content=\"https:\/\/www.elementvape.de\/wp-content\/uploads\/2024\/06\/Uwell-Sculptor-Pod-Kit-6.jpg\" \/>\n\t<meta property=\"og:image:width\" content=\"800\" \/>\n\t<meta property=\"og:image:height\" content=\"800\" \/>\n\t<meta property=\"og:image:type\" content=\"image\/jpeg\" \/>\n<meta name=\"twitter:card\" content=\"summary_large_image\" \/>\n<meta name=\"twitter:label1\" content=\"Est. reading time\" \/>\n\t<meta name=\"twitter:data1\" content=\"2 minutos\" \/>\n<script type=\"application\/ld+json\" class=\"yoast-schema-graph\">{\"@context\":\"https:\/\/schema.org\",\"@graph\":[{\"@type\":\"WebPage\",\"@id\":\"https:\/\/www.elementvape.de\/produkt\/uwell-sculptor-pod-kit-370-mah\/\",\"url\":\"https:\/\/www.elementvape.de\/produkt\/uwell-sculptor-pod-kit-370-mah\/\",\"name\":\"Uwell Sculptor Pod Kit 370 mAh | ElementVape.de\",\"isPartOf\":{\"@id\":\"https:\/\/www.elementvape.de\/#website\"},\"primaryImageOfPage\":{\"@id\":\"https:\/\/www.elementvape.de\/produkt\/uwell-sculptor-pod-kit-370-mah\/#primaryimage\"},\"image\":{\"@id\":\"https:\/\/www.elementvape.de\/produkt\/uwell-sculptor-pod-kit-370-mah\/#primaryimage\"},\"thumbnailUrl\":\"https:\/\/www.elementvape.de\/wp-content\/uploads\/2024\/06\/Uwell-Sculptor-Pod-Kit-6.jpg\",\"datePublished\":\"2024-06-27T02:59:48+00:00\",\"dateModified\":\"2024-09-12T10:28:47+00:00\",\"description\":\"Wir bieten Uwell Sculptor Pod Kit 370 mAh , Elementvape.de akzeptieren Gro\u00df-und Einzelhandel Bestellungen.\",\"breadcrumb\":{\"@id\":\"https:\/\/www.elementvape.de\/produkt\/uwell-sculptor-pod-kit-370-mah\/#breadcrumb\"},\"inLanguage\":\"es\",\"potentialAction\":[{\"@type\":\"ReadAction\",\"target\":[\"https:\/\/www.elementvape.de\/produkt\/uwell-sculptor-pod-kit-370-mah\/\"]}]},{\"@type\":\"ImageObject\",\"inLanguage\":\"es\",\"@id\":\"https:\/\/www.elementvape.de\/produkt\/uwell-sculptor-pod-kit-370-mah\/#primaryimage\",\"url\":\"https:\/\/www.elementvape.de\/wp-content\/uploads\/2024\/06\/Uwell-Sculptor-Pod-Kit-6.jpg\",\"contentUrl\":\"https:\/\/www.elementvape.de\/wp-content\/uploads\/2024\/06\/Uwell-Sculptor-Pod-Kit-6.jpg\",\"width\":800,\"height\":800,\"caption\":\"Uwell-Sculptor-Pod-Kit-6\"},{\"@type\":\"BreadcrumbList\",\"@id\":\"https:\/\/www.elementvape.de\/produkt\/uwell-sculptor-pod-kit-370-mah\/#breadcrumb\",\"itemListElement\":[{\"@type\":\"ListItem\",\"position\":1,\"name\":\"Home\",\"item\":\"https:\/\/www.elementvape.de\/\"},{\"@type\":\"ListItem\",\"position\":2,\"name\":\"Shop\",\"item\":\"https:\/\/www.elementvape.de\/shop\/\"},{\"@type\":\"ListItem\",\"position\":3,\"name\":\"Uwell Sculptor Pod Kit 370 mAh\"}]},{\"@type\":\"WebSite\",\"@id\":\"https:\/\/www.elementvape.de\/#website\",\"url\":\"https:\/\/www.elementvape.de\/\",\"name\":\"ElementVape.de\",\"description\":\"\",\"publisher\":{\"@id\":\"https:\/\/www.elementvape.de\/#organization\"},\"potentialAction\":[{\"@type\":\"SearchAction\",\"target\":{\"@type\":\"EntryPoint\",\"urlTemplate\":\"https:\/\/www.elementvape.de\/?s={search_term_string}\"},\"query-input\":\"required name=search_term_string\"}],\"inLanguage\":\"es\"},{\"@type\":\"Organization\",\"@id\":\"https:\/\/www.elementvape.de\/#organization\",\"name\":\"ElementVape.DE\",\"url\":\"https:\/\/www.elementvape.de\/\",\"logo\":{\"@type\":\"ImageObject\",\"inLanguage\":\"es\",\"@id\":\"https:\/\/www.elementvape.de\/#\/schema\/logo\/image\/\",\"url\":\"https:\/\/www.elementvape.de\/wp-content\/uploads\/2024\/09\/cropped-1elementvape-3.png\",\"contentUrl\":\"https:\/\/www.elementvape.de\/wp-content\/uploads\/2024\/09\/cropped-1elementvape-3.png\",\"width\":285,\"height\":228,\"caption\":\"ElementVape.DE\"},\"image\":{\"@id\":\"https:\/\/www.elementvape.de\/#\/schema\/logo\/image\/\"}}]}<\/script>\n<!-- \/ Yoast SEO plugin. -->","yoast_head_json":{"title":"Uwell Sculptor Pod Kit 370 mAh | ElementVape.de","description":"Wir bieten Uwell Sculptor Pod Kit 370 mAh , Elementvape.de akzeptieren Gro\u00df-und Einzelhandel Bestellungen.","robots":{"index":"index","follow":"follow","max-snippet":"max-snippet:-1","max-image-preview":"max-image-preview:large","max-video-preview":"max-video-preview:-1"},"canonical":"https:\/\/www.elementvape.de\/es\/produkt\/uwell-sculptor-pod-kit-370-mah\/","og_locale":"es_ES","og_type":"article","og_title":"Uwell Sculptor Pod Kit 370 mAh | ElementVape.de","og_description":"Wir bieten Uwell Sculptor Pod Kit 370 mAh , Elementvape.de akzeptieren Gro\u00df-und Einzelhandel Bestellungen.","og_url":"https:\/\/www.elementvape.de\/es\/produkt\/uwell-sculptor-pod-kit-370-mah\/","og_site_name":"ElementVape.de","article_modified_time":"2024-09-12T10:28:47+00:00","og_image":[{"width":800,"height":800,"url":"https:\/\/www.elementvape.de\/wp-content\/uploads\/2024\/06\/Uwell-Sculptor-Pod-Kit-6.jpg","type":"image\/jpeg"}],"twitter_card":"summary_large_image","twitter_misc":{"Est. reading time":"2 minutos"},"schema":{"@context":"https:\/\/schema.org","@graph":[{"@type":"WebPage","@id":"https:\/\/www.elementvape.de\/produkt\/uwell-sculptor-pod-kit-370-mah\/","url":"https:\/\/www.elementvape.de\/produkt\/uwell-sculptor-pod-kit-370-mah\/","name":"Uwell Sculptor Pod Kit 370 mAh | ElementVape.de","isPartOf":{"@id":"https:\/\/www.elementvape.de\/#website"},"primaryImageOfPage":{"@id":"https:\/\/www.elementvape.de\/produkt\/uwell-sculptor-pod-kit-370-mah\/#primaryimage"},"image":{"@id":"https:\/\/www.elementvape.de\/produkt\/uwell-sculptor-pod-kit-370-mah\/#primaryimage"},"thumbnailUrl":"https:\/\/www.elementvape.de\/wp-content\/uploads\/2024\/06\/Uwell-Sculptor-Pod-Kit-6.jpg","datePublished":"2024-06-27T02:59:48+00:00","dateModified":"2024-09-12T10:28:47+00:00","description":"Wir bieten Uwell Sculptor Pod Kit 370 mAh , Elementvape.de akzeptieren Gro\u00df-und Einzelhandel Bestellungen.","breadcrumb":{"@id":"https:\/\/www.elementvape.de\/produkt\/uwell-sculptor-pod-kit-370-mah\/#breadcrumb"},"inLanguage":"es","potentialAction":[{"@type":"ReadAction","target":["https:\/\/www.elementvape.de\/produkt\/uwell-sculptor-pod-kit-370-mah\/"]}]},{"@type":"ImageObject","inLanguage":"es","@id":"https:\/\/www.elementvape.de\/produkt\/uwell-sculptor-pod-kit-370-mah\/#primaryimage","url":"https:\/\/www.elementvape.de\/wp-content\/uploads\/2024\/06\/Uwell-Sculptor-Pod-Kit-6.jpg","contentUrl":"https:\/\/www.elementvape.de\/wp-content\/uploads\/2024\/06\/Uwell-Sculptor-Pod-Kit-6.jpg","width":800,"height":800,"caption":"Uwell-Sculptor-Pod-Kit-6"},{"@type":"BreadcrumbList","@id":"https:\/\/www.elementvape.de\/produkt\/uwell-sculptor-pod-kit-370-mah\/#breadcrumb","itemListElement":[{"@type":"ListItem","position":1,"name":"Home","item":"https:\/\/www.elementvape.de\/"},{"@type":"ListItem","position":2,"name":"Shop","item":"https:\/\/www.elementvape.de\/shop\/"},{"@type":"ListItem","position":3,"name":"Uwell Sculptor Pod Kit 370 mAh"}]},{"@type":"WebSite","@id":"https:\/\/www.elementvape.de\/#website","url":"https:\/\/www.elementvape.de\/","name":"ElementVape.de","description":"","publisher":{"@id":"https:\/\/www.elementvape.de\/#organization"},"potentialAction":[{"@type":"SearchAction","target":{"@type":"EntryPoint","urlTemplate":"https:\/\/www.elementvape.de\/?s={search_term_string}"},"query-input":"required name=search_term_string"}],"inLanguage":"es"},{"@type":"Organization","@id":"https:\/\/www.elementvape.de\/#organization","name":"ElementVape.DE","url":"https:\/\/www.elementvape.de\/","logo":{"@type":"ImageObject","inLanguage":"es","@id":"https:\/\/www.elementvape.de\/#\/schema\/logo\/image\/","url":"https:\/\/www.elementvape.de\/wp-content\/uploads\/2024\/09\/cropped-1elementvape-3.png","contentUrl":"https:\/\/www.elementvape.de\/wp-content\/uploads\/2024\/09\/cropped-1elementvape-3.png","width":285,"height":228,"caption":"ElementVape.DE"},"image":{"@id":"https:\/\/www.elementvape.de\/#\/schema\/logo\/image\/"}}]}},"_links":{"self":[{"href":"https:\/\/www.elementvape.de\/es\/wp-json\/wp\/v2\/product\/13278"}],"collection":[{"href":"https:\/\/www.elementvape.de\/es\/wp-json\/wp\/v2\/product"}],"about":[{"href":"https:\/\/www.elementvape.de\/es\/wp-json\/wp\/v2\/types\/product"}],"wp:featuredmedia":[{"embeddable":true,"href":"https:\/\/www.elementvape.de\/es\/wp-json\/wp\/v2\/media\/13279"}],"wp:attachment":[{"href":"https:\/\/www.elementvape.de\/es\/wp-json\/wp\/v2\/media?parent=13278"}],"wp:term":[{"taxonomy":"product_cat","embeddable":true,"href":"https:\/\/www.elementvape.de\/es\/wp-json\/wp\/v2\/product_cat?post=13278"},{"taxonomy":"product_tag","embeddable":true,"href":"https:\/\/www.elementvape.de\/es\/wp-json\/wp\/v2\/product_tag?post=13278"}],"curies":[{"name":"wp","href":"https:\/\/api.w.org\/{rel}","templated":true}]}}