{"id":13223,"date":"2024-06-26T08:34:03","date_gmt":"2024-06-26T08:34:03","guid":{"rendered":"https:\/\/www.elementvape.de\/?post_type=product&#038;p=13223"},"modified":"2024-09-12T10:28:48","modified_gmt":"2024-09-12T10:28:48","slug":"uwell-caliburn-tenet-pod-system-kit-750-mah","status":"publish","type":"product","link":"https:\/\/www.elementvape.de\/es\/produkt\/uwell-caliburn-tenet-pod-system-kit-750-mah\/","title":{"rendered":"Uwell CALIBURN TENET Kit de sistema de c\u00e1psulas 750 mAh"},"content":{"rendered":"<div class=\"flex-shrink-0 flex flex-col relative items-end\">\n<div>\n<div class=\"pt-0.5 juice:pt-0\">\n<div class=\"gizmo-bot-avatar flex h-6 w-6 items-center justify-center overflow-hidden rounded-full juice:h-8 juice:w-8\">\n<div class=\"relative p-1 rounded-sm flex items-center justify-center bg-token-main-surface-primary text-token-text-primary h-8 w-8\"><span style=\"font-size: 1.618em;\">Sistema de Pod Uwell CALIBURN TENET-Kit<\/span><\/div>\n<\/div>\n<\/div>\n<\/div>\n<\/div>\n<div class=\"group\/conversation-turn relative flex w-full min-w-0 flex-col agent-turn\">\n<div class=\"flex-col gap-1 md:gap-3\">\n<div class=\"flex flex-grow flex-col max-w-full\">\n<div class=\"min-h-[20px] text-message flex flex-col items-start whitespace-pre-wrap break-words [.text-message+&amp;]:mt-5 juice:w-full juice:items-end overflow-x-auto gap-2\" dir=\"auto\" data-message-author-role=\"assistant\" data-message-id=\"c3c39629-6634-45eb-9c51-984e39851a19\">\n<div class=\"flex w-full flex-col gap-1 juice:empty:hidden juice:first:pt-[3px]\">\n<div class=\"markdown prose w-full break-words dark:prose-invert light\">\n<h4>Descripci\u00f3n del producto:<\/h4>\n<p>El Uwell CALIBURN TENET <strong><a href=\"https:\/\/www.elementvape.de\/es\/c\/pod\/\">Pod<\/a><\/strong> El sistema Kit combina un dise\u00f1o futurista al estilo punk mec\u00e1nico con un rendimiento potente y una elegancia est\u00e9tica. Con un peso de 50,4 g, es ligero y manejable, pero ofrece un rendimiento excelente para una experiencia de vapeo satisfactoria. Este dispositivo es ideal para usuarios que valoran un dise\u00f1o \u00fanico y divertido.<\/p>\n<h4>Caracter\u00edsticas principales:<\/h4>\n<ul>\n<li><strong>Apariencia futurista y estilo punk mec\u00e1nico<\/strong>: Dise\u00f1o llamativo y moderno.<\/li>\n<li><strong>Elementos est\u00e9ticos y tornillos y remaches antideslizantes<\/strong>: Sujeci\u00f3n segura y est\u00e9tica elegante.<\/li>\n<li><strong>Ajuste preciso del flujo de aire<\/strong>: Experiencia de vapeo personalizable.<\/li>\n<li><strong>Interacci\u00f3n por vibraci\u00f3n<\/strong>: Retroalimentaci\u00f3n en diferentes estados de funcionamiento.<\/li>\n<li><strong>Tecnolog\u00eda Pro-FOCS para ajuste de sabor<\/strong>: Sabor optimizado en cada calada.<\/li>\n<li><strong>Relleno superior c\u00f3modo<\/strong>: Recarga sencilla y limpia.<\/li>\n<li><strong>Dos opciones de activaci\u00f3n<\/strong>: Opcionalmente, calada autom\u00e1tica o activaci\u00f3n con bot\u00f3n.<\/li>\n<li><strong>Ventana de control de E-L\u00edquido<\/strong>: Verificar c\u00f3modamente el nivel de l\u00edquido.<\/li>\n<li><strong>Bater\u00eda de 750 mAh de gran capacidad<\/strong>: Larga duraci\u00f3n y carga r\u00e1pida.<\/li>\n<li><strong>Varias opciones de bobinas de la serie CALIBURN G<\/strong>: Flexibilidad en la selecci\u00f3n de las bobinas.<\/li>\n<\/ul>\n<h4>Especificaciones b\u00e1sicas:<\/h4>\n<ul>\n<li><strong>Materiales<\/strong>: PA, aleaci\u00f3n de aluminio<\/li>\n<li><strong>Dimensiones<\/strong>: 110,9 mm x 25,1 mm x 16,3 mm<\/li>\n<li><strong>Peso neto<\/strong>: 50,4 g<\/li>\n<li><strong>Capacidad de e-l\u00edquido<\/strong>: 2 ml<\/li>\n<li><strong>Potencia de salida<\/strong>: M\u00e1ximo 16 W<\/li>\n<li><strong>Capacidad de la bater\u00eda<\/strong>: 750 mAh<\/li>\n<li><strong>Especificaciones de la resistencia<\/strong>:\n<ul>\n<li>Bobina CALIBURN G de malla FeCrAl UN2 0,8 \u03a9<\/li>\n<li>Bobina CALIBURN G2 de malla UN2 1,2 \u03a9<\/li>\n<li>Resistencia CALIBURN G FeCrAl 1,0 \u03a9 (disponible por separado)<\/li>\n<\/ul>\n<\/li>\n<\/ul>\n<h4>Contenido del paquete:<\/h4>\n<ul>\n<li>1 \u00d7 Dispositivo CALIBURN TENET<\/li>\n<li>1 \u00d7 Cartucho vac\u00edo CALIBURN G2<\/li>\n<li>1 \u00d7 Bobina CALIBURN G de malla UN2 0,8 \u03a9 (preinstalada)<\/li>\n<li>1 \u00d7 Bobina CALIBURN G2 de malla UN2 1,2 \u03a9 (repuesto)<\/li>\n<li>1 \u00d7 Manual del usuario<\/li>\n<li>1 \u00d7 Cable Tipo-C<\/li>\n<\/ul>\n<p>Aproveche los mejores precios al por mayor en Elementvape y ampl\u00ede su gama con este sistema de pod innovador y potente.<\/p>\n<\/div>\n<\/div>\n<\/div>\n<\/div>\n<\/div>\n<\/div>","protected":false},"excerpt":{"rendered":"<p>Uwell CALIBURN TENET Pod System-Kit Produktbeschreibung: Das Uwell CALIBURN TENET Pod System-Kit vereint futuristisches Design im mechanischen Punk-Stil mit starker Leistung und \u00e4sthetischer Eleganz. Mit einem Gewicht von 50,4 g ist es leicht und handlich, bietet aber dennoch eine hervorragende Leistung f\u00fcr ein zufriedenstellendes Dampferlebnis. Dieses Ger\u00e4t ist ideal f\u00fcr Benutzer, die ein einzigartiges und [&hellip;]<\/p>","protected":false},"featured_media":13224,"template":"","meta":{"inline_featured_image":false},"product_cat":[747,740,734,753,76],"product_tag":[],"tiered_pricing_type":"fixed","tiered_pricing_fixed_rules":[],"tiered_pricing_percentage_rules":[],"tiered_pricing_minimum":1,"_administrator_tiered_pricing_type":"fixed","_administrator_tiered_pricing_fixed_rules":[],"_editor_tiered_pricing_type":"fixed","_editor_tiered_pricing_fixed_rules":[],"_author_tiered_pricing_type":"fixed","_author_tiered_pricing_fixed_rules":[],"_contributor_tiered_pricing_type":"fixed","_contributor_tiered_pricing_fixed_rules":[],"_subscriber_tiered_pricing_type":"fixed","_subscriber_tiered_pricing_fixed_rules":[],"_customer_tiered_pricing_type":"fixed","_customer_tiered_pricing_fixed_rules":[],"_shop_manager_tiered_pricing_type":"fixed","_shop_manager_tiered_pricing_fixed_rules":[],"_wpseo_manager_tiered_pricing_type":"fixed","_wpseo_manager_tiered_pricing_fixed_rules":[],"_wpseo_editor_tiered_pricing_type":"fixed","_wpseo_editor_tiered_pricing_fixed_rules":[],"_wholesale_customer_tiered_pricing_type":"fixed","_wholesale_customer_tiered_pricing_fixed_rules":[],"_marketer_tiered_pricing_type":"fixed","_marketer_tiered_pricing_fixed_rules":[],"_sales_manager_tiered_pricing_type":"fixed","_sales_manager_tiered_pricing_fixed_rules":[],"_sales_rep_tiered_pricing_type":"fixed","_sales_rep_tiered_pricing_fixed_rules":[],"yoast_head":"<!-- This site is optimized with the Yoast SEO plugin v23.3 - https:\/\/yoast.com\/wordpress\/plugins\/seo\/ -->\n<title>Uwell CALIBURN TENET Pod System Kit 750 mAh | ElementVape.de<\/title>\n<meta name=\"description\" content=\"Wir bieten Uwell CALIBURN TENET Pod System Kit 750 mAh , Elementvape.de akzeptieren Gro\u00df-und Einzelhandel Bestellungen.\" \/>\n<meta name=\"robots\" content=\"index, follow, max-snippet:-1, max-image-preview:large, max-video-preview:-1\" \/>\n<link rel=\"canonical\" href=\"https:\/\/www.elementvape.de\/es\/produkt\/uwell-caliburn-tenet-pod-system-kit-750-mah\/\" \/>\n<meta property=\"og:locale\" content=\"es_ES\" \/>\n<meta property=\"og:type\" content=\"article\" \/>\n<meta property=\"og:title\" content=\"Uwell CALIBURN TENET Pod System Kit 750 mAh | ElementVape.de\" \/>\n<meta property=\"og:description\" content=\"Wir bieten Uwell CALIBURN TENET Pod System Kit 750 mAh , Elementvape.de akzeptieren Gro\u00df-und Einzelhandel Bestellungen.\" \/>\n<meta property=\"og:url\" content=\"https:\/\/www.elementvape.de\/es\/produkt\/uwell-caliburn-tenet-pod-system-kit-750-mah\/\" \/>\n<meta property=\"og:site_name\" content=\"ElementVape.de\" \/>\n<meta property=\"article:modified_time\" content=\"2024-09-12T10:28:48+00:00\" \/>\n<meta property=\"og:image\" content=\"https:\/\/www.elementvape.de\/wp-content\/uploads\/2024\/06\/Uwell-CALIBURN-TENET-Pod-Kit.jpg\" \/>\n\t<meta property=\"og:image:width\" content=\"800\" \/>\n\t<meta property=\"og:image:height\" content=\"800\" \/>\n\t<meta property=\"og:image:type\" content=\"image\/jpeg\" \/>\n<meta name=\"twitter:card\" content=\"summary_large_image\" \/>\n<meta name=\"twitter:label1\" content=\"Est. reading time\" \/>\n\t<meta name=\"twitter:data1\" content=\"2 minutos\" \/>\n<script type=\"application\/ld+json\" class=\"yoast-schema-graph\">{\"@context\":\"https:\/\/schema.org\",\"@graph\":[{\"@type\":\"WebPage\",\"@id\":\"https:\/\/www.elementvape.de\/nl\/produkt\/uwell-caliburn-tenet-pod-system-kit-750-mah\/\",\"url\":\"https:\/\/www.elementvape.de\/nl\/produkt\/uwell-caliburn-tenet-pod-system-kit-750-mah\/\",\"name\":\"Uwell CALIBURN TENET Pod System Kit 750 mAh | ElementVape.de\",\"isPartOf\":{\"@id\":\"https:\/\/www.elementvape.de\/#website\"},\"primaryImageOfPage\":{\"@id\":\"https:\/\/www.elementvape.de\/nl\/produkt\/uwell-caliburn-tenet-pod-system-kit-750-mah\/#primaryimage\"},\"image\":{\"@id\":\"https:\/\/www.elementvape.de\/nl\/produkt\/uwell-caliburn-tenet-pod-system-kit-750-mah\/#primaryimage\"},\"thumbnailUrl\":\"https:\/\/www.elementvape.de\/wp-content\/uploads\/2024\/06\/Uwell-CALIBURN-TENET-Pod-Kit.jpg\",\"datePublished\":\"2024-06-26T08:34:03+00:00\",\"dateModified\":\"2024-09-12T10:28:48+00:00\",\"description\":\"Wir bieten Uwell CALIBURN TENET Pod System Kit 750 mAh , Elementvape.de akzeptieren Gro\u00df-und Einzelhandel Bestellungen.\",\"breadcrumb\":{\"@id\":\"https:\/\/www.elementvape.de\/nl\/produkt\/uwell-caliburn-tenet-pod-system-kit-750-mah\/#breadcrumb\"},\"inLanguage\":\"es\",\"potentialAction\":[{\"@type\":\"ReadAction\",\"target\":[\"https:\/\/www.elementvape.de\/nl\/produkt\/uwell-caliburn-tenet-pod-system-kit-750-mah\/\"]}]},{\"@type\":\"ImageObject\",\"inLanguage\":\"es\",\"@id\":\"https:\/\/www.elementvape.de\/nl\/produkt\/uwell-caliburn-tenet-pod-system-kit-750-mah\/#primaryimage\",\"url\":\"https:\/\/www.elementvape.de\/wp-content\/uploads\/2024\/06\/Uwell-CALIBURN-TENET-Pod-Kit.jpg\",\"contentUrl\":\"https:\/\/www.elementvape.de\/wp-content\/uploads\/2024\/06\/Uwell-CALIBURN-TENET-Pod-Kit.jpg\",\"width\":800,\"height\":800,\"caption\":\"Uwell-CALIBURN-TENET-Pod-Kit\"},{\"@type\":\"BreadcrumbList\",\"@id\":\"https:\/\/www.elementvape.de\/nl\/produkt\/uwell-caliburn-tenet-pod-system-kit-750-mah\/#breadcrumb\",\"itemListElement\":[{\"@type\":\"ListItem\",\"position\":1,\"name\":\"Home\",\"item\":\"https:\/\/www.elementvape.de\/\"},{\"@type\":\"ListItem\",\"position\":2,\"name\":\"Shop\",\"item\":\"https:\/\/www.elementvape.de\/shop\/\"},{\"@type\":\"ListItem\",\"position\":3,\"name\":\"Uwell CALIBURN TENET Pod System Kit 750 mAh\"}]},{\"@type\":\"WebSite\",\"@id\":\"https:\/\/www.elementvape.de\/#website\",\"url\":\"https:\/\/www.elementvape.de\/\",\"name\":\"ElementVape.de\",\"description\":\"\",\"publisher\":{\"@id\":\"https:\/\/www.elementvape.de\/#organization\"},\"potentialAction\":[{\"@type\":\"SearchAction\",\"target\":{\"@type\":\"EntryPoint\",\"urlTemplate\":\"https:\/\/www.elementvape.de\/?s={search_term_string}\"},\"query-input\":\"required name=search_term_string\"}],\"inLanguage\":\"es\"},{\"@type\":\"Organization\",\"@id\":\"https:\/\/www.elementvape.de\/#organization\",\"name\":\"ElementVape.DE\",\"url\":\"https:\/\/www.elementvape.de\/\",\"logo\":{\"@type\":\"ImageObject\",\"inLanguage\":\"es\",\"@id\":\"https:\/\/www.elementvape.de\/#\/schema\/logo\/image\/\",\"url\":\"https:\/\/www.elementvape.de\/wp-content\/uploads\/2024\/09\/cropped-1elementvape-3.png\",\"contentUrl\":\"https:\/\/www.elementvape.de\/wp-content\/uploads\/2024\/09\/cropped-1elementvape-3.png\",\"width\":285,\"height\":228,\"caption\":\"ElementVape.DE\"},\"image\":{\"@id\":\"https:\/\/www.elementvape.de\/#\/schema\/logo\/image\/\"}}]}<\/script>\n<!-- \/ Yoast SEO plugin. -->","yoast_head_json":{"title":"Uwell CALIBURN TENET Pod System Kit 750 mAh | ElementVape.de","description":"Wir bieten Uwell CALIBURN TENET Pod System Kit 750 mAh , Elementvape.de akzeptieren Gro\u00df-und Einzelhandel Bestellungen.","robots":{"index":"index","follow":"follow","max-snippet":"max-snippet:-1","max-image-preview":"max-image-preview:large","max-video-preview":"max-video-preview:-1"},"canonical":"https:\/\/www.elementvape.de\/es\/produkt\/uwell-caliburn-tenet-pod-system-kit-750-mah\/","og_locale":"es_ES","og_type":"article","og_title":"Uwell CALIBURN TENET Pod System Kit 750 mAh | ElementVape.de","og_description":"Wir bieten Uwell CALIBURN TENET Pod System Kit 750 mAh , Elementvape.de akzeptieren Gro\u00df-und Einzelhandel Bestellungen.","og_url":"https:\/\/www.elementvape.de\/es\/produkt\/uwell-caliburn-tenet-pod-system-kit-750-mah\/","og_site_name":"ElementVape.de","article_modified_time":"2024-09-12T10:28:48+00:00","og_image":[{"width":800,"height":800,"url":"https:\/\/www.elementvape.de\/wp-content\/uploads\/2024\/06\/Uwell-CALIBURN-TENET-Pod-Kit.jpg","type":"image\/jpeg"}],"twitter_card":"summary_large_image","twitter_misc":{"Est. reading time":"2 minutos"},"schema":{"@context":"https:\/\/schema.org","@graph":[{"@type":"WebPage","@id":"https:\/\/www.elementvape.de\/nl\/produkt\/uwell-caliburn-tenet-pod-system-kit-750-mah\/","url":"https:\/\/www.elementvape.de\/nl\/produkt\/uwell-caliburn-tenet-pod-system-kit-750-mah\/","name":"Uwell CALIBURN TENET Pod System Kit 750 mAh | ElementVape.de","isPartOf":{"@id":"https:\/\/www.elementvape.de\/#website"},"primaryImageOfPage":{"@id":"https:\/\/www.elementvape.de\/nl\/produkt\/uwell-caliburn-tenet-pod-system-kit-750-mah\/#primaryimage"},"image":{"@id":"https:\/\/www.elementvape.de\/nl\/produkt\/uwell-caliburn-tenet-pod-system-kit-750-mah\/#primaryimage"},"thumbnailUrl":"https:\/\/www.elementvape.de\/wp-content\/uploads\/2024\/06\/Uwell-CALIBURN-TENET-Pod-Kit.jpg","datePublished":"2024-06-26T08:34:03+00:00","dateModified":"2024-09-12T10:28:48+00:00","description":"Wir bieten Uwell CALIBURN TENET Pod System Kit 750 mAh , Elementvape.de akzeptieren Gro\u00df-und Einzelhandel Bestellungen.","breadcrumb":{"@id":"https:\/\/www.elementvape.de\/nl\/produkt\/uwell-caliburn-tenet-pod-system-kit-750-mah\/#breadcrumb"},"inLanguage":"es","potentialAction":[{"@type":"ReadAction","target":["https:\/\/www.elementvape.de\/nl\/produkt\/uwell-caliburn-tenet-pod-system-kit-750-mah\/"]}]},{"@type":"ImageObject","inLanguage":"es","@id":"https:\/\/www.elementvape.de\/nl\/produkt\/uwell-caliburn-tenet-pod-system-kit-750-mah\/#primaryimage","url":"https:\/\/www.elementvape.de\/wp-content\/uploads\/2024\/06\/Uwell-CALIBURN-TENET-Pod-Kit.jpg","contentUrl":"https:\/\/www.elementvape.de\/wp-content\/uploads\/2024\/06\/Uwell-CALIBURN-TENET-Pod-Kit.jpg","width":800,"height":800,"caption":"Uwell-CALIBURN-TENET-Pod-Kit"},{"@type":"BreadcrumbList","@id":"https:\/\/www.elementvape.de\/nl\/produkt\/uwell-caliburn-tenet-pod-system-kit-750-mah\/#breadcrumb","itemListElement":[{"@type":"ListItem","position":1,"name":"Home","item":"https:\/\/www.elementvape.de\/"},{"@type":"ListItem","position":2,"name":"Shop","item":"https:\/\/www.elementvape.de\/shop\/"},{"@type":"ListItem","position":3,"name":"Uwell CALIBURN TENET Pod System Kit 750 mAh"}]},{"@type":"WebSite","@id":"https:\/\/www.elementvape.de\/#website","url":"https:\/\/www.elementvape.de\/","name":"ElementVape.de","description":"","publisher":{"@id":"https:\/\/www.elementvape.de\/#organization"},"potentialAction":[{"@type":"SearchAction","target":{"@type":"EntryPoint","urlTemplate":"https:\/\/www.elementvape.de\/?s={search_term_string}"},"query-input":"required name=search_term_string"}],"inLanguage":"es"},{"@type":"Organization","@id":"https:\/\/www.elementvape.de\/#organization","name":"ElementVape.DE","url":"https:\/\/www.elementvape.de\/","logo":{"@type":"ImageObject","inLanguage":"es","@id":"https:\/\/www.elementvape.de\/#\/schema\/logo\/image\/","url":"https:\/\/www.elementvape.de\/wp-content\/uploads\/2024\/09\/cropped-1elementvape-3.png","contentUrl":"https:\/\/www.elementvape.de\/wp-content\/uploads\/2024\/09\/cropped-1elementvape-3.png","width":285,"height":228,"caption":"ElementVape.DE"},"image":{"@id":"https:\/\/www.elementvape.de\/#\/schema\/logo\/image\/"}}]}},"_links":{"self":[{"href":"https:\/\/www.elementvape.de\/es\/wp-json\/wp\/v2\/product\/13223"}],"collection":[{"href":"https:\/\/www.elementvape.de\/es\/wp-json\/wp\/v2\/product"}],"about":[{"href":"https:\/\/www.elementvape.de\/es\/wp-json\/wp\/v2\/types\/product"}],"wp:featuredmedia":[{"embeddable":true,"href":"https:\/\/www.elementvape.de\/es\/wp-json\/wp\/v2\/media\/13224"}],"wp:attachment":[{"href":"https:\/\/www.elementvape.de\/es\/wp-json\/wp\/v2\/media?parent=13223"}],"wp:term":[{"taxonomy":"product_cat","embeddable":true,"href":"https:\/\/www.elementvape.de\/es\/wp-json\/wp\/v2\/product_cat?post=13223"},{"taxonomy":"product_tag","embeddable":true,"href":"https:\/\/www.elementvape.de\/es\/wp-json\/wp\/v2\/product_tag?post=13223"}],"curies":[{"name":"wp","href":"https:\/\/api.w.org\/{rel}","templated":true}]}}