{"id":13193,"date":"2024-06-26T07:55:03","date_gmt":"2024-06-26T07:55:03","guid":{"rendered":"https:\/\/www.elementvape.de\/?post_type=product&#038;p=13193"},"modified":"2024-09-12T10:28:49","modified_gmt":"2024-09-12T10:28:49","slug":"uwell-popreel-n1-pod-system-kit-520-mah","status":"publish","type":"product","link":"https:\/\/www.elementvape.de\/es\/produkt\/uwell-popreel-n1-pod-system-kit-520-mah\/","title":{"rendered":"Kit de sistema de c\u00e1psulas Uwell Popreel N1 520 mAh"},"content":{"rendered":"<div class=\"flex-shrink-0 flex flex-col relative items-end\">\n<div>\n<div class=\"pt-0.5 juice:pt-0\">\n<div class=\"gizmo-bot-avatar flex h-6 w-6 items-center justify-center overflow-hidden rounded-full juice:h-8 juice:w-8\">\n<div class=\"relative p-1 rounded-sm flex items-center justify-center bg-token-main-surface-primary text-token-text-primary h-8 w-8\"><\/div>\n<\/div>\n<\/div>\n<\/div>\n<\/div>\n<div class=\"group\/conversation-turn relative flex w-full min-w-0 flex-col agent-turn\">\n<div class=\"flex-col gap-1 md:gap-3\">\n<div class=\"flex flex-grow flex-col max-w-full\">\n<div class=\"min-h-[20px] text-message flex flex-col items-start whitespace-pre-wrap break-words [.text-message+&amp;]:mt-5 juice:w-full juice:items-end overflow-x-auto gap-2\" dir=\"auto\" data-message-author-role=\"assistant\" data-message-id=\"1f98912e-af01-413b-b9a2-40d1f69d776f\">\n<div class=\"flex w-full flex-col gap-1 juice:empty:hidden juice:first:pt-[3px]\">\n<div class=\"markdown prose w-full break-words dark:prose-invert light\">\n<h3>Kit de Sistema de Pod Uwell Popreel N1<\/h3>\n<p><strong>Elementvape<\/strong> es uno de los mayores mayoristas y proveedores de productos de vapeo en China. Nosotros entregamos Uwell <strong><a href=\"https:\/\/www.elementvape.de\/es\/c\/einweg-zigarette\/\">cigarros electr\u00f3nicos<\/a><\/strong>, Kits de Vape Uwell y accesorios de vapeo Uwell de la m\u00e1s alta calidad. \u00danase a \u00abElementvape\u00bb y compre el Kit de Sistema de Pod Uwell Popreel N1 a los mejores precios mayoristas.<\/p>\n<h4>Descripci\u00f3n del producto:<\/h4>\n<p>El sistema de pod Uwell Popreel N1 es un dispositivo de vapor compacto y ligero, que se destaca por su facilidad de uso y rendimiento excepcional. Con una bater\u00eda integrada de 520 mAh y una capacidad de pod de 2 ml, ofrece un equilibrio ideal entre portabilidad y producci\u00f3n de vapor. La bobina integrada de 1,2 ohmios proporciona un sabor extraordinario y una buena producci\u00f3n de vapor, perfecta para l\u00edquidos electr\u00f3nicos y sales de nicotina. La carcasa de materiales PC es duradera y encaja perfectamente en su mano, bolso o bolso de mano.<\/p>\n<h4>Especificaciones b\u00e1sicas:<\/h4>\n<ol>\n<li><strong>Material<\/strong>Material: PCTG, PC+ABS<\/li>\n<li><strong>Tama\u00f1o<\/strong>Tama\u00f1o: 102,2 mm x 22,1 mm x 11,5 mm<\/li>\n<li><strong>Capacidad de e-l\u00edquido<\/strong>: 2 ml<\/li>\n<li><strong>Potencia de salida<\/strong>Potencia: 10 W<\/li>\n<li><strong>Especificaci\u00f3n de la bobina<\/strong>: Bobina FeCrAl UN2 Mesh-H de 1,2 \u03a9<\/li>\n<li><strong>Capacidad de la bater\u00eda<\/strong>: 520 mAh<\/li>\n<li><strong>Vape con inhalaci\u00f3n<\/strong>: F\u00e1cil de usar<\/li>\n<li><strong>Tecnolog\u00eda de prueba de sabor PRO-FOCS<\/strong>: Permite una experiencia de vapeo inigualable<\/li>\n<li><strong>Pod recargable con im\u00e1n<\/strong>: F\u00e1cil y c\u00f3modo<\/li>\n<li><strong>Dispositivo con textura en forma de rombo<\/strong>: Sensaci\u00f3n t\u00e1ctil fina, capas visuales ricas y una variedad de colores para elegir<\/li>\n<\/ol>\n<h4>Caracter\u00edsticas principales:<\/h4>\n<ul>\n<li><strong>Dise\u00f1o compacto y ligero<\/strong>: Ideal para uso diario y f\u00e1cil de transportar.<\/li>\n<li><strong>Bater\u00eda de 520 mAh<\/strong>: Recargable a trav\u00e9s de la puerto Micro-USB en la parte inferior.<\/li>\n<li><strong>Capacidad del Pod de 2 ml<\/strong>: Con resistencia integrada de 1,2 ohmios para un sabor y producci\u00f3n de vapor excelentes.<\/li>\n<li><strong>Tecnolog\u00eda de prueba de sabor PRO-FOCS<\/strong>: Garantiza una experiencia de vapeo \u00f3ptima.<\/li>\n<li><strong>Conexi\u00f3n magn\u00e9tica del Pod<\/strong>: Asegura un manejo seguro y c\u00f3modo.<\/li>\n<li><strong>Textura en forma de rombo<\/strong>: Ofrece una sensaci\u00f3n t\u00e1ctil atractiva y un dise\u00f1o elegante.<\/li>\n<li><strong>Variedad de colores disponibles<\/strong>: Personaliza tu dispositivo seg\u00fan tu estilo.<\/li>\n<\/ul>\n<h4>Contenido del paquete:<\/h4>\n<ul>\n<li>1 \u00d7 Sistema de Pod Uwell Popreel N1<\/li>\n<li>1 \u00d7 Cartucho de Pod UN2 Meshed-H 1,2 \u03a9 para Popreel N1 (preinstalado)<\/li>\n<li>1 \u00d7 Manual del usuario<\/li>\n<\/ul>\n<p>Aproveche los mejores precios al por mayor en Elementvape y ampl\u00ede su gama con este sistema de pods de alta calidad.<\/p>\n<\/div>\n<\/div>\n<\/div>\n<\/div>\n<\/div>\n<\/div>","protected":false},"excerpt":{"rendered":"<p>Uwell Popreel N1 Pod System Kit Elementvape ist einer der gr\u00f6\u00dften Uwell-Gro\u00dfh\u00e4ndler und -Lieferanten von Vape-Produkten in China. Wir liefern Uwell E-Zigaretten, Uwell Vape-Kits und Uwell Vape-Zubeh\u00f6r in h\u00f6chster Qualit\u00e4t. Werden Sie Mitglied bei \u201eElementvape\u201c und kaufen Sie das Uwell Popreel N1 Pod System Kit zu den besten Gro\u00dfhandelspreisen. Produktbeschreibung: Das Uwell Popreel N1 Pod-System [&hellip;]<\/p>","protected":false},"featured_media":13194,"template":"","meta":{"inline_featured_image":false},"product_cat":[747,740,734,753,76],"product_tag":[],"tiered_pricing_type":"fixed","tiered_pricing_fixed_rules":[],"tiered_pricing_percentage_rules":[],"tiered_pricing_minimum":1,"_administrator_tiered_pricing_type":"fixed","_administrator_tiered_pricing_fixed_rules":[],"_editor_tiered_pricing_type":"fixed","_editor_tiered_pricing_fixed_rules":[],"_author_tiered_pricing_type":"fixed","_author_tiered_pricing_fixed_rules":[],"_contributor_tiered_pricing_type":"fixed","_contributor_tiered_pricing_fixed_rules":[],"_subscriber_tiered_pricing_type":"fixed","_subscriber_tiered_pricing_fixed_rules":[],"_customer_tiered_pricing_type":"fixed","_customer_tiered_pricing_fixed_rules":[],"_shop_manager_tiered_pricing_type":"fixed","_shop_manager_tiered_pricing_fixed_rules":[],"_wpseo_manager_tiered_pricing_type":"fixed","_wpseo_manager_tiered_pricing_fixed_rules":[],"_wpseo_editor_tiered_pricing_type":"fixed","_wpseo_editor_tiered_pricing_fixed_rules":[],"_wholesale_customer_tiered_pricing_type":"fixed","_wholesale_customer_tiered_pricing_fixed_rules":[],"_marketer_tiered_pricing_type":"fixed","_marketer_tiered_pricing_fixed_rules":[],"_sales_manager_tiered_pricing_type":"fixed","_sales_manager_tiered_pricing_fixed_rules":[],"_sales_rep_tiered_pricing_type":"fixed","_sales_rep_tiered_pricing_fixed_rules":[],"yoast_head":"<!-- This site is optimized with the Yoast SEO plugin v23.3 - https:\/\/yoast.com\/wordpress\/plugins\/seo\/ -->\n<title>Uwell Popreel N1 Pod System Kit 520 mAh | ElementVape.de<\/title>\n<meta name=\"description\" content=\"Wir bieten Uwell Popreel N1 Pod System Kit 520 mAh , Elementvape.de akzeptieren Gro\u00df-und Einzelhandel Bestellungen.\" \/>\n<meta name=\"robots\" content=\"index, follow, max-snippet:-1, max-image-preview:large, max-video-preview:-1\" \/>\n<link rel=\"canonical\" href=\"https:\/\/www.elementvape.de\/es\/produkt\/uwell-popreel-n1-pod-system-kit-520-mah\/\" \/>\n<meta property=\"og:locale\" content=\"es_ES\" \/>\n<meta property=\"og:type\" content=\"article\" \/>\n<meta property=\"og:title\" content=\"Uwell Popreel N1 Pod System Kit 520 mAh | ElementVape.de\" \/>\n<meta property=\"og:description\" content=\"Wir bieten Uwell Popreel N1 Pod System Kit 520 mAh , Elementvape.de akzeptieren Gro\u00df-und Einzelhandel Bestellungen.\" \/>\n<meta property=\"og:url\" content=\"https:\/\/www.elementvape.de\/es\/produkt\/uwell-popreel-n1-pod-system-kit-520-mah\/\" \/>\n<meta property=\"og:site_name\" content=\"ElementVape.de\" \/>\n<meta property=\"article:modified_time\" content=\"2024-09-12T10:28:49+00:00\" \/>\n<meta property=\"og:image\" content=\"https:\/\/www.elementvape.de\/wp-content\/uploads\/2024\/06\/Uwell-Popreel-N1-Pod-System-Kit.webp\" \/>\n\t<meta property=\"og:image:width\" content=\"800\" \/>\n\t<meta property=\"og:image:height\" content=\"800\" \/>\n\t<meta property=\"og:image:type\" content=\"image\/webp\" \/>\n<meta name=\"twitter:card\" content=\"summary_large_image\" \/>\n<meta name=\"twitter:label1\" content=\"Est. reading time\" \/>\n\t<meta name=\"twitter:data1\" content=\"2 minutos\" \/>\n<script type=\"application\/ld+json\" class=\"yoast-schema-graph\">{\"@context\":\"https:\/\/schema.org\",\"@graph\":[{\"@type\":\"WebPage\",\"@id\":\"https:\/\/www.elementvape.de\/es\/produkt\/uwell-popreel-n1-pod-system-kit-520-mah\/\",\"url\":\"https:\/\/www.elementvape.de\/es\/produkt\/uwell-popreel-n1-pod-system-kit-520-mah\/\",\"name\":\"Uwell Popreel N1 Pod System Kit 520 mAh | ElementVape.de\",\"isPartOf\":{\"@id\":\"https:\/\/www.elementvape.de\/#website\"},\"primaryImageOfPage\":{\"@id\":\"https:\/\/www.elementvape.de\/es\/produkt\/uwell-popreel-n1-pod-system-kit-520-mah\/#primaryimage\"},\"image\":{\"@id\":\"https:\/\/www.elementvape.de\/es\/produkt\/uwell-popreel-n1-pod-system-kit-520-mah\/#primaryimage\"},\"thumbnailUrl\":\"https:\/\/www.elementvape.de\/wp-content\/uploads\/2024\/06\/Uwell-Popreel-N1-Pod-System-Kit.webp\",\"datePublished\":\"2024-06-26T07:55:03+00:00\",\"dateModified\":\"2024-09-12T10:28:49+00:00\",\"description\":\"Wir bieten Uwell Popreel N1 Pod System Kit 520 mAh , Elementvape.de akzeptieren Gro\u00df-und Einzelhandel Bestellungen.\",\"breadcrumb\":{\"@id\":\"https:\/\/www.elementvape.de\/es\/produkt\/uwell-popreel-n1-pod-system-kit-520-mah\/#breadcrumb\"},\"inLanguage\":\"es\",\"potentialAction\":[{\"@type\":\"ReadAction\",\"target\":[\"https:\/\/www.elementvape.de\/es\/produkt\/uwell-popreel-n1-pod-system-kit-520-mah\/\"]}]},{\"@type\":\"ImageObject\",\"inLanguage\":\"es\",\"@id\":\"https:\/\/www.elementvape.de\/es\/produkt\/uwell-popreel-n1-pod-system-kit-520-mah\/#primaryimage\",\"url\":\"https:\/\/www.elementvape.de\/wp-content\/uploads\/2024\/06\/Uwell-Popreel-N1-Pod-System-Kit.webp\",\"contentUrl\":\"https:\/\/www.elementvape.de\/wp-content\/uploads\/2024\/06\/Uwell-Popreel-N1-Pod-System-Kit.webp\",\"width\":800,\"height\":800,\"caption\":\"Uwell-Popreel-N1-Pod-System-Kit\"},{\"@type\":\"BreadcrumbList\",\"@id\":\"https:\/\/www.elementvape.de\/es\/produkt\/uwell-popreel-n1-pod-system-kit-520-mah\/#breadcrumb\",\"itemListElement\":[{\"@type\":\"ListItem\",\"position\":1,\"name\":\"Home\",\"item\":\"https:\/\/www.elementvape.de\/\"},{\"@type\":\"ListItem\",\"position\":2,\"name\":\"Shop\",\"item\":\"https:\/\/www.elementvape.de\/shop\/\"},{\"@type\":\"ListItem\",\"position\":3,\"name\":\"Uwell Popreel N1 Pod System Kit 520 mAh\"}]},{\"@type\":\"WebSite\",\"@id\":\"https:\/\/www.elementvape.de\/#website\",\"url\":\"https:\/\/www.elementvape.de\/\",\"name\":\"ElementVape.de\",\"description\":\"\",\"publisher\":{\"@id\":\"https:\/\/www.elementvape.de\/#organization\"},\"potentialAction\":[{\"@type\":\"SearchAction\",\"target\":{\"@type\":\"EntryPoint\",\"urlTemplate\":\"https:\/\/www.elementvape.de\/?s={search_term_string}\"},\"query-input\":\"required name=search_term_string\"}],\"inLanguage\":\"es\"},{\"@type\":\"Organization\",\"@id\":\"https:\/\/www.elementvape.de\/#organization\",\"name\":\"ElementVape.DE\",\"url\":\"https:\/\/www.elementvape.de\/\",\"logo\":{\"@type\":\"ImageObject\",\"inLanguage\":\"es\",\"@id\":\"https:\/\/www.elementvape.de\/#\/schema\/logo\/image\/\",\"url\":\"https:\/\/www.elementvape.de\/wp-content\/uploads\/2024\/09\/cropped-1elementvape-3.png\",\"contentUrl\":\"https:\/\/www.elementvape.de\/wp-content\/uploads\/2024\/09\/cropped-1elementvape-3.png\",\"width\":285,\"height\":228,\"caption\":\"ElementVape.DE\"},\"image\":{\"@id\":\"https:\/\/www.elementvape.de\/#\/schema\/logo\/image\/\"}}]}<\/script>\n<!-- \/ Yoast SEO plugin. -->","yoast_head_json":{"title":"Uwell Popreel N1 Pod System Kit 520 mAh | ElementVape.de","description":"Wir bieten Uwell Popreel N1 Pod System Kit 520 mAh , Elementvape.de akzeptieren Gro\u00df-und Einzelhandel Bestellungen.","robots":{"index":"index","follow":"follow","max-snippet":"max-snippet:-1","max-image-preview":"max-image-preview:large","max-video-preview":"max-video-preview:-1"},"canonical":"https:\/\/www.elementvape.de\/es\/produkt\/uwell-popreel-n1-pod-system-kit-520-mah\/","og_locale":"es_ES","og_type":"article","og_title":"Uwell Popreel N1 Pod System Kit 520 mAh | ElementVape.de","og_description":"Wir bieten Uwell Popreel N1 Pod System Kit 520 mAh , Elementvape.de akzeptieren Gro\u00df-und Einzelhandel Bestellungen.","og_url":"https:\/\/www.elementvape.de\/es\/produkt\/uwell-popreel-n1-pod-system-kit-520-mah\/","og_site_name":"ElementVape.de","article_modified_time":"2024-09-12T10:28:49+00:00","og_image":[{"width":800,"height":800,"url":"https:\/\/www.elementvape.de\/wp-content\/uploads\/2024\/06\/Uwell-Popreel-N1-Pod-System-Kit.webp","type":"image\/webp"}],"twitter_card":"summary_large_image","twitter_misc":{"Est. reading time":"2 minutos"},"schema":{"@context":"https:\/\/schema.org","@graph":[{"@type":"WebPage","@id":"https:\/\/www.elementvape.de\/es\/produkt\/uwell-popreel-n1-pod-system-kit-520-mah\/","url":"https:\/\/www.elementvape.de\/es\/produkt\/uwell-popreel-n1-pod-system-kit-520-mah\/","name":"Uwell Popreel N1 Pod System Kit 520 mAh | ElementVape.de","isPartOf":{"@id":"https:\/\/www.elementvape.de\/#website"},"primaryImageOfPage":{"@id":"https:\/\/www.elementvape.de\/es\/produkt\/uwell-popreel-n1-pod-system-kit-520-mah\/#primaryimage"},"image":{"@id":"https:\/\/www.elementvape.de\/es\/produkt\/uwell-popreel-n1-pod-system-kit-520-mah\/#primaryimage"},"thumbnailUrl":"https:\/\/www.elementvape.de\/wp-content\/uploads\/2024\/06\/Uwell-Popreel-N1-Pod-System-Kit.webp","datePublished":"2024-06-26T07:55:03+00:00","dateModified":"2024-09-12T10:28:49+00:00","description":"Wir bieten Uwell Popreel N1 Pod System Kit 520 mAh , Elementvape.de akzeptieren Gro\u00df-und Einzelhandel Bestellungen.","breadcrumb":{"@id":"https:\/\/www.elementvape.de\/es\/produkt\/uwell-popreel-n1-pod-system-kit-520-mah\/#breadcrumb"},"inLanguage":"es","potentialAction":[{"@type":"ReadAction","target":["https:\/\/www.elementvape.de\/es\/produkt\/uwell-popreel-n1-pod-system-kit-520-mah\/"]}]},{"@type":"ImageObject","inLanguage":"es","@id":"https:\/\/www.elementvape.de\/es\/produkt\/uwell-popreel-n1-pod-system-kit-520-mah\/#primaryimage","url":"https:\/\/www.elementvape.de\/wp-content\/uploads\/2024\/06\/Uwell-Popreel-N1-Pod-System-Kit.webp","contentUrl":"https:\/\/www.elementvape.de\/wp-content\/uploads\/2024\/06\/Uwell-Popreel-N1-Pod-System-Kit.webp","width":800,"height":800,"caption":"Uwell-Popreel-N1-Pod-System-Kit"},{"@type":"BreadcrumbList","@id":"https:\/\/www.elementvape.de\/es\/produkt\/uwell-popreel-n1-pod-system-kit-520-mah\/#breadcrumb","itemListElement":[{"@type":"ListItem","position":1,"name":"Home","item":"https:\/\/www.elementvape.de\/"},{"@type":"ListItem","position":2,"name":"Shop","item":"https:\/\/www.elementvape.de\/shop\/"},{"@type":"ListItem","position":3,"name":"Uwell Popreel N1 Pod System Kit 520 mAh"}]},{"@type":"WebSite","@id":"https:\/\/www.elementvape.de\/#website","url":"https:\/\/www.elementvape.de\/","name":"ElementVape.de","description":"","publisher":{"@id":"https:\/\/www.elementvape.de\/#organization"},"potentialAction":[{"@type":"SearchAction","target":{"@type":"EntryPoint","urlTemplate":"https:\/\/www.elementvape.de\/?s={search_term_string}"},"query-input":"required name=search_term_string"}],"inLanguage":"es"},{"@type":"Organization","@id":"https:\/\/www.elementvape.de\/#organization","name":"ElementVape.DE","url":"https:\/\/www.elementvape.de\/","logo":{"@type":"ImageObject","inLanguage":"es","@id":"https:\/\/www.elementvape.de\/#\/schema\/logo\/image\/","url":"https:\/\/www.elementvape.de\/wp-content\/uploads\/2024\/09\/cropped-1elementvape-3.png","contentUrl":"https:\/\/www.elementvape.de\/wp-content\/uploads\/2024\/09\/cropped-1elementvape-3.png","width":285,"height":228,"caption":"ElementVape.DE"},"image":{"@id":"https:\/\/www.elementvape.de\/#\/schema\/logo\/image\/"}}]}},"_links":{"self":[{"href":"https:\/\/www.elementvape.de\/es\/wp-json\/wp\/v2\/product\/13193"}],"collection":[{"href":"https:\/\/www.elementvape.de\/es\/wp-json\/wp\/v2\/product"}],"about":[{"href":"https:\/\/www.elementvape.de\/es\/wp-json\/wp\/v2\/types\/product"}],"wp:featuredmedia":[{"embeddable":true,"href":"https:\/\/www.elementvape.de\/es\/wp-json\/wp\/v2\/media\/13194"}],"wp:attachment":[{"href":"https:\/\/www.elementvape.de\/es\/wp-json\/wp\/v2\/media?parent=13193"}],"wp:term":[{"taxonomy":"product_cat","embeddable":true,"href":"https:\/\/www.elementvape.de\/es\/wp-json\/wp\/v2\/product_cat?post=13193"},{"taxonomy":"product_tag","embeddable":true,"href":"https:\/\/www.elementvape.de\/es\/wp-json\/wp\/v2\/product_tag?post=13193"}],"curies":[{"name":"wp","href":"https:\/\/api.w.org\/{rel}","templated":true}]}}