{"id":13060,"date":"2024-06-25T08:05:44","date_gmt":"2024-06-25T08:05:44","guid":{"rendered":"https:\/\/www.elementvape.de\/?post_type=product&#038;p=13060"},"modified":"2024-09-12T10:29:42","modified_gmt":"2024-09-12T10:29:42","slug":"uwell-crown-s-pod-system-kit-kaufen","status":"publish","type":"product","link":"https:\/\/www.elementvape.de\/es\/produkt\/uwell-crown-s-pod-system-kit-kaufen\/","title":{"rendered":"Uwell Crown S Kit de sistema de Pods Comprar"},"content":{"rendered":"<p>El kit Uwell Crown S es un sistema de pod potente que ofrece una potencia de salida impresionante de hasta 75 W y es adecuado tanto para vapear MTL (de boca a pulm\u00f3n) como DTL (directo a pulm\u00f3n). Combina un dise\u00f1o compacto con la potencia de un tanque y es f\u00e1cil de usar.<\/p>\n<p><strong>Caracter\u00edsticas:<\/strong><\/p>\n<ul>\n<li><strong>Potencia similar a un tanque en un pod<\/strong>: Ofrece la potencia de un tanque en un dise\u00f1o compacto de pod.<\/li>\n<li><strong>Vapeo suave de MTL a DTL rico<\/strong>: Compatible con diferentes preferencias de vaporizaci\u00f3n.<\/li>\n<li><strong>Ajuste de potencia de salida en 3 niveles<\/strong>: Permite personalizar la potencia de vaporizaci\u00f3n.<\/li>\n<li><strong>Capacidad de bater\u00eda de 1500 mAh<\/strong>: Ofrece una larga duraci\u00f3n para vapear durante mucho tiempo.<\/li>\n<li><strong>Ajuste fino del control de flujo de aire<\/strong>: Personalizable para una experiencia de vaporizaci\u00f3n \u00f3ptima.<\/li>\n<li><strong>Capacidad de pod de 5 ml<\/strong>: Capacidad generosa para vapear durante m\u00e1s tiempo sin rellenar con frecuencia.<\/li>\n<li><strong>Tecnolog\u00eda PRO-FOCS<\/strong>: Asegura un sabor intenso y un rendimiento \u00f3ptimo.<\/li>\n<li><strong>3 modos de encendido<\/strong>: Activaci\u00f3n por aire, encendido por bot\u00f3n, y encendido combinado por aire y bot\u00f3n para un uso flexible.<\/li>\n<\/ul>\n<p><strong>Especificaciones:<\/strong><\/p>\n<ul>\n<li><strong>Marca<\/strong>: Uwell<\/li>\n<li><strong>Unidad<\/strong>1 Set<\/li>\n<li><strong>Material<\/strong>: PCTG, PC+PBT, POM<\/li>\n<li><strong>Dimensiones<\/strong>: 35,5 x 17,5 x 112,8 mm<\/li>\n<li><strong>Capacidad del cartucho<\/strong>: 5 ml<\/li>\n<li><strong>Potencia de salida<\/strong>: M\u00e1x. 75 W<\/li>\n<li><strong>Capacidad de la bater\u00eda<\/strong>: 1500 mAh<\/li>\n<li><strong>Tipo de llenado<\/strong>: Relleno lateral<\/li>\n<li><strong>Especificaciones de la c\u00e1psula<\/strong>: 0,2 Ohm \/ 0,6 Ohm \/ 1,0 Ohm Cartucho integrado Uwell Crown S (1,0 Ohm disponible por separado)<\/li>\n<li><strong>Embalaje<\/strong>: Caja de regalo<\/li>\n<\/ul>\n<p><strong>Contenido del paquete:<\/strong><\/p>\n<ul>\n<li>1 x Dispositivo Uwell Crown S<\/li>\n<li>1 x Cartucho integrado Uwell Crown S de 0,2 Ohm<\/li>\n<li>1 x Cartucho integrado Uwell Crown S de 0,6 Ohm<\/li>\n<li>1 x cable de carga Tipo-C<\/li>\n<li>1 x Manual de usuario<\/li>\n<\/ul>\n<p>El kit Uwell Crown S es ideal para vapear, que busca un alto rendimiento y flexibilidad en un dise\u00f1o elegante y compacto. Con su potencia ajustable, gran capacidad del pod y diferentes modos de encendido, ofrece una experiencia de vapeo sobresaliente.<\/p>","protected":false},"excerpt":{"rendered":"<p>Das Uwell Crown S Kit ist ein leistungsstarkes Pod-System, das eine beeindruckende Ausgangsleistung von bis zu 75 W bietet und sowohl f\u00fcr MTL (Mouth-to-Lung) als auch DTL (Direct-to-Lung) Dampfen geeignet ist. Es kombiniert ein kompaktes Design mit der Leistungsf\u00e4higkeit eines Tanks und ist einfach zu bedienen. Merkmale: Tank-\u00e4hnliche Leistung in einem Pod: Bietet die Leistung [&hellip;]<\/p>","protected":false},"featured_media":13068,"template":"","meta":{"inline_featured_image":false},"product_cat":[754,745,742,748,76],"product_tag":[],"tiered_pricing_type":"fixed","tiered_pricing_fixed_rules":[],"tiered_pricing_percentage_rules":[],"tiered_pricing_minimum":1,"_administrator_tiered_pricing_type":"fixed","_administrator_tiered_pricing_fixed_rules":[],"_editor_tiered_pricing_type":"fixed","_editor_tiered_pricing_fixed_rules":[],"_author_tiered_pricing_type":"fixed","_author_tiered_pricing_fixed_rules":[],"_contributor_tiered_pricing_type":"fixed","_contributor_tiered_pricing_fixed_rules":[],"_subscriber_tiered_pricing_type":"fixed","_subscriber_tiered_pricing_fixed_rules":[],"_customer_tiered_pricing_type":"fixed","_customer_tiered_pricing_fixed_rules":[],"_shop_manager_tiered_pricing_type":"fixed","_shop_manager_tiered_pricing_fixed_rules":[],"_wpseo_manager_tiered_pricing_type":"fixed","_wpseo_manager_tiered_pricing_fixed_rules":[],"_wpseo_editor_tiered_pricing_type":"fixed","_wpseo_editor_tiered_pricing_fixed_rules":[],"_wholesale_customer_tiered_pricing_type":"fixed","_wholesale_customer_tiered_pricing_fixed_rules":[],"_marketer_tiered_pricing_type":"fixed","_marketer_tiered_pricing_fixed_rules":[],"_sales_manager_tiered_pricing_type":"fixed","_sales_manager_tiered_pricing_fixed_rules":[],"_sales_rep_tiered_pricing_type":"fixed","_sales_rep_tiered_pricing_fixed_rules":[],"yoast_head":"<!-- This site is optimized with the Yoast SEO plugin v23.3 - https:\/\/yoast.com\/wordpress\/plugins\/seo\/ -->\n<title>Uwell Crown S Pod System Kit Kaufen | ElementVape.de<\/title>\n<meta name=\"description\" content=\"Wir bieten Uwell Crown S Pod System Kit Kaufen , Elementvape.de akzeptieren Gro\u00df-und Einzelhandel Bestellungen.\" \/>\n<meta name=\"robots\" content=\"index, follow, max-snippet:-1, max-image-preview:large, max-video-preview:-1\" \/>\n<link rel=\"canonical\" href=\"https:\/\/www.elementvape.de\/es\/produkt\/uwell-crown-s-pod-system-kit-kaufen\/\" \/>\n<meta property=\"og:locale\" content=\"es_ES\" \/>\n<meta property=\"og:type\" content=\"article\" \/>\n<meta property=\"og:title\" content=\"Uwell Crown S Pod System Kit Kaufen | ElementVape.de\" \/>\n<meta property=\"og:description\" content=\"Wir bieten Uwell Crown S Pod System Kit Kaufen , Elementvape.de akzeptieren Gro\u00df-und Einzelhandel Bestellungen.\" \/>\n<meta property=\"og:url\" content=\"https:\/\/www.elementvape.de\/es\/produkt\/uwell-crown-s-pod-system-kit-kaufen\/\" \/>\n<meta property=\"og:site_name\" content=\"ElementVape.de\" \/>\n<meta property=\"article:modified_time\" content=\"2024-09-12T10:29:42+00:00\" \/>\n<meta property=\"og:image\" content=\"https:\/\/www.elementvape.de\/wp-content\/uploads\/2024\/06\/Crown-S-Pod-Kit-1_0a6e1f42-036a-463d-b111-c1de0015b4aa.webp\" \/>\n\t<meta property=\"og:image:width\" content=\"800\" \/>\n\t<meta property=\"og:image:height\" content=\"800\" \/>\n\t<meta property=\"og:image:type\" content=\"image\/webp\" \/>\n<meta name=\"twitter:card\" content=\"summary_large_image\" \/>\n<meta name=\"twitter:label1\" content=\"Est. reading time\" \/>\n\t<meta name=\"twitter:data1\" content=\"2 minutos\" \/>\n<script type=\"application\/ld+json\" class=\"yoast-schema-graph\">{\"@context\":\"https:\/\/schema.org\",\"@graph\":[{\"@type\":\"WebPage\",\"@id\":\"https:\/\/www.elementvape.de\/produkt\/uwell-crown-s-pod-system-kit-kaufen\/\",\"url\":\"https:\/\/www.elementvape.de\/produkt\/uwell-crown-s-pod-system-kit-kaufen\/\",\"name\":\"Uwell Crown S Pod System Kit Kaufen | ElementVape.de\",\"isPartOf\":{\"@id\":\"https:\/\/www.elementvape.de\/#website\"},\"primaryImageOfPage\":{\"@id\":\"https:\/\/www.elementvape.de\/produkt\/uwell-crown-s-pod-system-kit-kaufen\/#primaryimage\"},\"image\":{\"@id\":\"https:\/\/www.elementvape.de\/produkt\/uwell-crown-s-pod-system-kit-kaufen\/#primaryimage\"},\"thumbnailUrl\":\"https:\/\/www.elementvape.de\/wp-content\/uploads\/2024\/06\/Crown-S-Pod-Kit-1_0a6e1f42-036a-463d-b111-c1de0015b4aa.webp\",\"datePublished\":\"2024-06-25T08:05:44+00:00\",\"dateModified\":\"2024-09-12T10:29:42+00:00\",\"description\":\"Wir bieten Uwell Crown S Pod System Kit Kaufen , Elementvape.de akzeptieren Gro\u00df-und Einzelhandel Bestellungen.\",\"breadcrumb\":{\"@id\":\"https:\/\/www.elementvape.de\/produkt\/uwell-crown-s-pod-system-kit-kaufen\/#breadcrumb\"},\"inLanguage\":\"es\",\"potentialAction\":[{\"@type\":\"ReadAction\",\"target\":[\"https:\/\/www.elementvape.de\/produkt\/uwell-crown-s-pod-system-kit-kaufen\/\"]}]},{\"@type\":\"ImageObject\",\"inLanguage\":\"es\",\"@id\":\"https:\/\/www.elementvape.de\/produkt\/uwell-crown-s-pod-system-kit-kaufen\/#primaryimage\",\"url\":\"https:\/\/www.elementvape.de\/wp-content\/uploads\/2024\/06\/Crown-S-Pod-Kit-1_0a6e1f42-036a-463d-b111-c1de0015b4aa.webp\",\"contentUrl\":\"https:\/\/www.elementvape.de\/wp-content\/uploads\/2024\/06\/Crown-S-Pod-Kit-1_0a6e1f42-036a-463d-b111-c1de0015b4aa.webp\",\"width\":800,\"height\":800,\"caption\":\"Crown-S-Pod-Kit-1_0a6e1f42-036a-463d-b111-c1de0015b4aa\"},{\"@type\":\"BreadcrumbList\",\"@id\":\"https:\/\/www.elementvape.de\/produkt\/uwell-crown-s-pod-system-kit-kaufen\/#breadcrumb\",\"itemListElement\":[{\"@type\":\"ListItem\",\"position\":1,\"name\":\"Home\",\"item\":\"https:\/\/www.elementvape.de\/\"},{\"@type\":\"ListItem\",\"position\":2,\"name\":\"Shop\",\"item\":\"https:\/\/www.elementvape.de\/shop\/\"},{\"@type\":\"ListItem\",\"position\":3,\"name\":\"Uwell Crown S Pod System Kit Kaufen\"}]},{\"@type\":\"WebSite\",\"@id\":\"https:\/\/www.elementvape.de\/#website\",\"url\":\"https:\/\/www.elementvape.de\/\",\"name\":\"ElementVape.de\",\"description\":\"\",\"publisher\":{\"@id\":\"https:\/\/www.elementvape.de\/#organization\"},\"potentialAction\":[{\"@type\":\"SearchAction\",\"target\":{\"@type\":\"EntryPoint\",\"urlTemplate\":\"https:\/\/www.elementvape.de\/?s={search_term_string}\"},\"query-input\":\"required name=search_term_string\"}],\"inLanguage\":\"es\"},{\"@type\":\"Organization\",\"@id\":\"https:\/\/www.elementvape.de\/#organization\",\"name\":\"ElementVape.DE\",\"url\":\"https:\/\/www.elementvape.de\/\",\"logo\":{\"@type\":\"ImageObject\",\"inLanguage\":\"es\",\"@id\":\"https:\/\/www.elementvape.de\/#\/schema\/logo\/image\/\",\"url\":\"https:\/\/www.elementvape.de\/wp-content\/uploads\/2024\/09\/cropped-1elementvape-3.png\",\"contentUrl\":\"https:\/\/www.elementvape.de\/wp-content\/uploads\/2024\/09\/cropped-1elementvape-3.png\",\"width\":285,\"height\":228,\"caption\":\"ElementVape.DE\"},\"image\":{\"@id\":\"https:\/\/www.elementvape.de\/#\/schema\/logo\/image\/\"}}]}<\/script>\n<!-- \/ Yoast SEO plugin. -->","yoast_head_json":{"title":"Uwell Crown S Pod System Kit Kaufen | ElementVape.de","description":"Wir bieten Uwell Crown S Pod System Kit Kaufen , Elementvape.de akzeptieren Gro\u00df-und Einzelhandel Bestellungen.","robots":{"index":"index","follow":"follow","max-snippet":"max-snippet:-1","max-image-preview":"max-image-preview:large","max-video-preview":"max-video-preview:-1"},"canonical":"https:\/\/www.elementvape.de\/es\/produkt\/uwell-crown-s-pod-system-kit-kaufen\/","og_locale":"es_ES","og_type":"article","og_title":"Uwell Crown S Pod System Kit Kaufen | ElementVape.de","og_description":"Wir bieten Uwell Crown S Pod System Kit Kaufen , Elementvape.de akzeptieren Gro\u00df-und Einzelhandel Bestellungen.","og_url":"https:\/\/www.elementvape.de\/es\/produkt\/uwell-crown-s-pod-system-kit-kaufen\/","og_site_name":"ElementVape.de","article_modified_time":"2024-09-12T10:29:42+00:00","og_image":[{"width":800,"height":800,"url":"https:\/\/www.elementvape.de\/wp-content\/uploads\/2024\/06\/Crown-S-Pod-Kit-1_0a6e1f42-036a-463d-b111-c1de0015b4aa.webp","type":"image\/webp"}],"twitter_card":"summary_large_image","twitter_misc":{"Est. reading time":"2 minutos"},"schema":{"@context":"https:\/\/schema.org","@graph":[{"@type":"WebPage","@id":"https:\/\/www.elementvape.de\/produkt\/uwell-crown-s-pod-system-kit-kaufen\/","url":"https:\/\/www.elementvape.de\/produkt\/uwell-crown-s-pod-system-kit-kaufen\/","name":"Uwell Crown S Pod System Kit Kaufen | ElementVape.de","isPartOf":{"@id":"https:\/\/www.elementvape.de\/#website"},"primaryImageOfPage":{"@id":"https:\/\/www.elementvape.de\/produkt\/uwell-crown-s-pod-system-kit-kaufen\/#primaryimage"},"image":{"@id":"https:\/\/www.elementvape.de\/produkt\/uwell-crown-s-pod-system-kit-kaufen\/#primaryimage"},"thumbnailUrl":"https:\/\/www.elementvape.de\/wp-content\/uploads\/2024\/06\/Crown-S-Pod-Kit-1_0a6e1f42-036a-463d-b111-c1de0015b4aa.webp","datePublished":"2024-06-25T08:05:44+00:00","dateModified":"2024-09-12T10:29:42+00:00","description":"Wir bieten Uwell Crown S Pod System Kit Kaufen , Elementvape.de akzeptieren Gro\u00df-und Einzelhandel Bestellungen.","breadcrumb":{"@id":"https:\/\/www.elementvape.de\/produkt\/uwell-crown-s-pod-system-kit-kaufen\/#breadcrumb"},"inLanguage":"es","potentialAction":[{"@type":"ReadAction","target":["https:\/\/www.elementvape.de\/produkt\/uwell-crown-s-pod-system-kit-kaufen\/"]}]},{"@type":"ImageObject","inLanguage":"es","@id":"https:\/\/www.elementvape.de\/produkt\/uwell-crown-s-pod-system-kit-kaufen\/#primaryimage","url":"https:\/\/www.elementvape.de\/wp-content\/uploads\/2024\/06\/Crown-S-Pod-Kit-1_0a6e1f42-036a-463d-b111-c1de0015b4aa.webp","contentUrl":"https:\/\/www.elementvape.de\/wp-content\/uploads\/2024\/06\/Crown-S-Pod-Kit-1_0a6e1f42-036a-463d-b111-c1de0015b4aa.webp","width":800,"height":800,"caption":"Crown-S-Pod-Kit-1_0a6e1f42-036a-463d-b111-c1de0015b4aa"},{"@type":"BreadcrumbList","@id":"https:\/\/www.elementvape.de\/produkt\/uwell-crown-s-pod-system-kit-kaufen\/#breadcrumb","itemListElement":[{"@type":"ListItem","position":1,"name":"Home","item":"https:\/\/www.elementvape.de\/"},{"@type":"ListItem","position":2,"name":"Shop","item":"https:\/\/www.elementvape.de\/shop\/"},{"@type":"ListItem","position":3,"name":"Uwell Crown S Pod System Kit Kaufen"}]},{"@type":"WebSite","@id":"https:\/\/www.elementvape.de\/#website","url":"https:\/\/www.elementvape.de\/","name":"ElementVape.de","description":"","publisher":{"@id":"https:\/\/www.elementvape.de\/#organization"},"potentialAction":[{"@type":"SearchAction","target":{"@type":"EntryPoint","urlTemplate":"https:\/\/www.elementvape.de\/?s={search_term_string}"},"query-input":"required name=search_term_string"}],"inLanguage":"es"},{"@type":"Organization","@id":"https:\/\/www.elementvape.de\/#organization","name":"ElementVape.DE","url":"https:\/\/www.elementvape.de\/","logo":{"@type":"ImageObject","inLanguage":"es","@id":"https:\/\/www.elementvape.de\/#\/schema\/logo\/image\/","url":"https:\/\/www.elementvape.de\/wp-content\/uploads\/2024\/09\/cropped-1elementvape-3.png","contentUrl":"https:\/\/www.elementvape.de\/wp-content\/uploads\/2024\/09\/cropped-1elementvape-3.png","width":285,"height":228,"caption":"ElementVape.DE"},"image":{"@id":"https:\/\/www.elementvape.de\/#\/schema\/logo\/image\/"}}]}},"_links":{"self":[{"href":"https:\/\/www.elementvape.de\/es\/wp-json\/wp\/v2\/product\/13060"}],"collection":[{"href":"https:\/\/www.elementvape.de\/es\/wp-json\/wp\/v2\/product"}],"about":[{"href":"https:\/\/www.elementvape.de\/es\/wp-json\/wp\/v2\/types\/product"}],"wp:featuredmedia":[{"embeddable":true,"href":"https:\/\/www.elementvape.de\/es\/wp-json\/wp\/v2\/media\/13068"}],"wp:attachment":[{"href":"https:\/\/www.elementvape.de\/es\/wp-json\/wp\/v2\/media?parent=13060"}],"wp:term":[{"taxonomy":"product_cat","embeddable":true,"href":"https:\/\/www.elementvape.de\/es\/wp-json\/wp\/v2\/product_cat?post=13060"},{"taxonomy":"product_tag","embeddable":true,"href":"https:\/\/www.elementvape.de\/es\/wp-json\/wp\/v2\/product_tag?post=13060"}],"curies":[{"name":"wp","href":"https:\/\/api.w.org\/{rel}","templated":true}]}}