{"id":12623,"date":"2024-06-19T08:03:47","date_gmt":"2024-06-19T08:03:47","guid":{"rendered":"https:\/\/www.elementvape.de\/?post_type=product&#038;p=12623"},"modified":"2024-09-12T10:35:52","modified_gmt":"2024-09-12T10:35:52","slug":"wotofo-ultra-wiederaufladbarer-einweg-e-zigarette-3000-zuege","status":"publish","type":"product","link":"https:\/\/www.elementvape.de\/es\/produkt\/wotofo-ultra-wiederaufladbarer-einweg-e-zigarette-3000-zuege\/","title":{"rendered":"Cigarrillo electr\u00f3nico desechable Wotofo Ultra recargable 3000 caladas"},"content":{"rendered":"<div class=\"flex-shrink-0 flex flex-col relative items-end\">\n<div>\n<div class=\"pt-0.5 juice:pt-0\">\n<div class=\"gizmo-bot-avatar flex h-6 w-6 items-center justify-center overflow-hidden rounded-full juice:h-8 juice:w-8\">\n<div class=\"relative p-1 rounded-sm flex items-center justify-center bg-token-main-surface-primary text-token-text-primary h-8 w-8\"><\/div>\n<\/div>\n<\/div>\n<\/div>\n<\/div>\n<div class=\"group\/conversation-turn relative flex w-full min-w-0 flex-col agent-turn\">\n<div class=\"flex-col gap-1 md:gap-3\">\n<div class=\"flex flex-grow flex-col max-w-full\">\n<div class=\"min-h-[20px] text-message flex flex-col items-start whitespace-pre-wrap break-words [.text-message+&amp;]:mt-5 juice:w-full juice:items-end overflow-x-auto gap-2\" dir=\"auto\" data-message-author-role=\"assistant\" data-message-id=\"add0f779-7224-4244-b7be-7ed4f56074be\">\n<div class=\"flex w-full flex-col gap-1 juice:empty:hidden juice:first:pt-[3px]\">\n<div class=\"markdown prose w-full break-words dark:prose-invert light\">\n<h2>Wotofo Ultra Vape Desechable Recargable: Calidad e Innovaci\u00f3n unidas<\/h2>\n<p>Vape Wholesale Global se enorgullece de actuar como uno de los mayores mayoristas y proveedores de productos Wotofo Vape en China. Ofrecemos una amplia gama de cigarrillos electr\u00f3nicos Wotofo y productos de vapeo desechables de la m\u00e1s alta calidad. Nuestro \u00faltimo destacado es el Wotofo Ultra Vape Desechable Recargable, un dispositivo desechable recargable que destaca por su rendimiento de primera clase y facilidad de uso. Perfecto para mayoristas que desean ofrecer a sus clientes una experiencia de vapeo excepcional.<\/p>\n<h4>Especificaciones t\u00e9cnicas<\/h4>\n<p>El Wotofo Ultra Vape Desechable Recargable impresiona por sus caracter\u00edsticas t\u00e9cnicas avanzadas:<\/p>\n<ul>\n<li><strong>Dimensiones<\/strong>: \u00d824,6 x 112,8 mm \u2013 un dise\u00f1o compacto y manejable que se puede llevar c\u00f3modamente en el bolsillo.<\/li>\n<li><strong>Material<\/strong>: Fabricado en SS304 y pl\u00e1stico apto para alimentos, ofrece la m\u00e1xima seguridad y durabilidad.<\/li>\n<li><strong>Capacidad de la bater\u00eda<\/strong>: 550 mAh \u2013 suficiente para vapear durante mucho tiempo, recargable para un uso prolongado.<\/li>\n<li><strong>Conector de carga<\/strong>: Micro USB \u2013 permite una carga sencilla y r\u00e1pida.<\/li>\n<li><strong>N\u00facleo de calefacci\u00f3n<\/strong>: Equipado con una bobina de malla de nexMESH Tech para una distribuci\u00f3n uniforme del calor y sabor intenso.<\/li>\n<li><strong>Resistencia<\/strong>: 1,4 \u03a9 \u2013 ideal para una experiencia de vaporizaci\u00f3n constante y suave.<\/li>\n<li><strong>Sal de nicotina<\/strong>: Disponible en 50 mg y 20 mg, para satisfacer las diferentes preferencias de los usuarios.<\/li>\n<li><strong>Capacidad de e-l\u00edquido<\/strong>: 8,5 ml \u2013 gran capacidad para un disfrute duradero sin rellenar con frecuencia.<\/li>\n<li><strong>N\u00famero de inhalaciones<\/strong>: Hasta 3000 caladas \u2013 ofrece un uso prolongado y una excelente relaci\u00f3n calidad-precio.<\/li>\n<li><strong>Sabores<\/strong>: 10 sabores b\u00e1sicos, personalizables seg\u00fan la preferencia del cliente.<\/li>\n<\/ul>\n<h4>Sabores<\/h4>\n<p>El Wotofo Ultra Rechargeable Disposable Vape est\u00e1 disponible en una variedad de sabores deliciosos para satisfacer todos los gustos. Los sabores b\u00e1sicos incluyen:<\/p>\n<ul>\n<li>Helado de durazno<\/li>\n<li>Helado de fresa<\/li>\n<li>Hielo de sand\u00eda<\/li>\n<li>Cereza energ\u00e9tica<\/li>\n<li>Fresa con ron<\/li>\n<li>Gominolas<\/li>\n<li>Helado de mango<\/li>\n<li>Ar\u00e1ndano con helado de frambuesa<\/li>\n<li>Uva con hielo<\/li>\n<li>Manzana \u00e1cida<\/li>\n<\/ul>\n<p>Es posible realizar ajustes personalizados en los sabores para satisfacer las necesidades y preferencias espec\u00edficas de sus clientes.<\/p>\n<h4>Detalles del producto y embalaje<\/h4>\n<p>Cada paquete del Wotofo Ultra Rechargeable Disposable Vape contiene:<\/p>\n<ul>\n<li><strong>1 x Wotofo Ultra Vape desechable recargable de 3000 caladas<\/strong>: Un dispositivo completamente cargado y prellenado, listo para usar. El dise\u00f1o desechable garantiza un manejo sencillo sin mantenimiento.<\/li>\n<\/ul>\n<p>El Wotofo Ultra Rechargeable Disposable Vape establece nuevos est\u00e1ndares en calidad, facilidad de uso y experiencia de sabor. Su dise\u00f1o robusto, funci\u00f3n recargable y amplia variedad de sabores lo convierten en una opci\u00f3n ideal para vapearistas que buscan comodidad y una experiencia de vapeo intensa. Para mayoristas, el Wotofo Ultra ofrece una excelente oportunidad para ofrecer un producto de alta calidad a precios atractivos, que seguramente ser\u00e1 muy bien recibido por los clientes.<\/p>\n<\/div>\n<\/div>\n<\/div>\n<\/div>\n<\/div>\n<\/div>","protected":false},"excerpt":{"rendered":"<p>Wotofo Ultra Rechargeable Disposable Vape: Qualit\u00e4t und Innovation vereint Vape Wholesale Global ist stolz darauf, als einer der gr\u00f6\u00dften Gro\u00dfh\u00e4ndler und Lieferanten von Wotofo Vape-Produkten in China zu agieren. Wir bieten eine breite Palette von Wotofo Ecigs und Einweg-Vape-Produkten in h\u00f6chster Qualit\u00e4t an. Unser neuestes Highlight ist der Wotofo Ultra Rechargeable Disposable Vape, ein wiederaufladbares [&hellip;]<\/p>","protected":false},"featured_media":12624,"template":"","meta":{"inline_featured_image":false},"product_cat":[78,754,745,742,748,744,755,738,751],"product_tag":[],"tiered_pricing_type":"fixed","tiered_pricing_fixed_rules":[],"tiered_pricing_percentage_rules":[],"tiered_pricing_minimum":1,"_administrator_tiered_pricing_type":"fixed","_administrator_tiered_pricing_fixed_rules":[],"_editor_tiered_pricing_type":"fixed","_editor_tiered_pricing_fixed_rules":[],"_author_tiered_pricing_type":"fixed","_author_tiered_pricing_fixed_rules":[],"_contributor_tiered_pricing_type":"fixed","_contributor_tiered_pricing_fixed_rules":[],"_subscriber_tiered_pricing_type":"fixed","_subscriber_tiered_pricing_fixed_rules":[],"_customer_tiered_pricing_type":"fixed","_customer_tiered_pricing_fixed_rules":[],"_shop_manager_tiered_pricing_type":"fixed","_shop_manager_tiered_pricing_fixed_rules":[],"_wpseo_manager_tiered_pricing_type":"fixed","_wpseo_manager_tiered_pricing_fixed_rules":[],"_wpseo_editor_tiered_pricing_type":"fixed","_wpseo_editor_tiered_pricing_fixed_rules":[],"_wholesale_customer_tiered_pricing_type":"fixed","_wholesale_customer_tiered_pricing_fixed_rules":[],"_marketer_tiered_pricing_type":"fixed","_marketer_tiered_pricing_fixed_rules":[],"_sales_manager_tiered_pricing_type":"fixed","_sales_manager_tiered_pricing_fixed_rules":[],"_sales_rep_tiered_pricing_type":"fixed","_sales_rep_tiered_pricing_fixed_rules":[],"yoast_head":"<!-- This site is optimized with the Yoast SEO plugin v23.3 - https:\/\/yoast.com\/wordpress\/plugins\/seo\/ -->\n<title>Wotofo Ultra wiederaufladbarer Einweg-E-Zigarette 3000 Z\u00fcge | ElementVape.de<\/title>\n<meta name=\"description\" content=\"Wir bieten Wotofo Ultra wiederaufladbarer Einweg-E-Zigarette 3000 Z\u00fcge , Elementvape.de akzeptieren Gro\u00df-und Einzelhandel Bestellungen.\" \/>\n<meta name=\"robots\" content=\"index, follow, max-snippet:-1, max-image-preview:large, max-video-preview:-1\" \/>\n<link rel=\"canonical\" href=\"https:\/\/www.elementvape.de\/es\/produkt\/wotofo-ultra-wiederaufladbarer-einweg-e-zigarette-3000-zuege\/\" \/>\n<meta property=\"og:locale\" content=\"es_ES\" \/>\n<meta property=\"og:type\" content=\"article\" \/>\n<meta property=\"og:title\" content=\"Wotofo Ultra wiederaufladbarer Einweg-E-Zigarette 3000 Z\u00fcge | ElementVape.de\" \/>\n<meta property=\"og:description\" content=\"Wir bieten Wotofo Ultra wiederaufladbarer Einweg-E-Zigarette 3000 Z\u00fcge , Elementvape.de akzeptieren Gro\u00df-und Einzelhandel Bestellungen.\" \/>\n<meta property=\"og:url\" content=\"https:\/\/www.elementvape.de\/es\/produkt\/wotofo-ultra-wiederaufladbarer-einweg-e-zigarette-3000-zuege\/\" \/>\n<meta property=\"og:site_name\" content=\"ElementVape.de\" \/>\n<meta property=\"article:modified_time\" content=\"2024-09-12T10:35:52+00:00\" \/>\n<meta property=\"og:image\" content=\"https:\/\/www.elementvape.de\/wp-content\/uploads\/2024\/06\/Wotofo-Ultra-Rechargeable-Disposable-Vape-3000-Puffs.webp\" \/>\n\t<meta property=\"og:image:width\" content=\"800\" \/>\n\t<meta property=\"og:image:height\" content=\"800\" \/>\n\t<meta property=\"og:image:type\" content=\"image\/webp\" \/>\n<meta name=\"twitter:card\" content=\"summary_large_image\" \/>\n<meta name=\"twitter:label1\" content=\"Est. reading time\" \/>\n\t<meta name=\"twitter:data1\" content=\"3 minutos\" \/>\n<script type=\"application\/ld+json\" class=\"yoast-schema-graph\">{\"@context\":\"https:\/\/schema.org\",\"@graph\":[{\"@type\":\"WebPage\",\"@id\":\"https:\/\/www.elementvape.de\/produkt\/wotofo-ultra-wiederaufladbarer-einweg-e-zigarette-3000-zuege\/\",\"url\":\"https:\/\/www.elementvape.de\/produkt\/wotofo-ultra-wiederaufladbarer-einweg-e-zigarette-3000-zuege\/\",\"name\":\"Wotofo Ultra wiederaufladbarer Einweg-E-Zigarette 3000 Z\u00fcge | ElementVape.de\",\"isPartOf\":{\"@id\":\"https:\/\/www.elementvape.de\/#website\"},\"primaryImageOfPage\":{\"@id\":\"https:\/\/www.elementvape.de\/produkt\/wotofo-ultra-wiederaufladbarer-einweg-e-zigarette-3000-zuege\/#primaryimage\"},\"image\":{\"@id\":\"https:\/\/www.elementvape.de\/produkt\/wotofo-ultra-wiederaufladbarer-einweg-e-zigarette-3000-zuege\/#primaryimage\"},\"thumbnailUrl\":\"https:\/\/www.elementvape.de\/wp-content\/uploads\/2024\/06\/Wotofo-Ultra-Rechargeable-Disposable-Vape-3000-Puffs.webp\",\"datePublished\":\"2024-06-19T08:03:47+00:00\",\"dateModified\":\"2024-09-12T10:35:52+00:00\",\"description\":\"Wir bieten Wotofo Ultra wiederaufladbarer Einweg-E-Zigarette 3000 Z\u00fcge , Elementvape.de akzeptieren Gro\u00df-und Einzelhandel Bestellungen.\",\"breadcrumb\":{\"@id\":\"https:\/\/www.elementvape.de\/produkt\/wotofo-ultra-wiederaufladbarer-einweg-e-zigarette-3000-zuege\/#breadcrumb\"},\"inLanguage\":\"es\",\"potentialAction\":[{\"@type\":\"ReadAction\",\"target\":[\"https:\/\/www.elementvape.de\/produkt\/wotofo-ultra-wiederaufladbarer-einweg-e-zigarette-3000-zuege\/\"]}]},{\"@type\":\"ImageObject\",\"inLanguage\":\"es\",\"@id\":\"https:\/\/www.elementvape.de\/produkt\/wotofo-ultra-wiederaufladbarer-einweg-e-zigarette-3000-zuege\/#primaryimage\",\"url\":\"https:\/\/www.elementvape.de\/wp-content\/uploads\/2024\/06\/Wotofo-Ultra-Rechargeable-Disposable-Vape-3000-Puffs.webp\",\"contentUrl\":\"https:\/\/www.elementvape.de\/wp-content\/uploads\/2024\/06\/Wotofo-Ultra-Rechargeable-Disposable-Vape-3000-Puffs.webp\",\"width\":800,\"height\":800,\"caption\":\"Wotofo-Ultra-Rechargeable-Disposable-Vape-3000-Puffs\"},{\"@type\":\"BreadcrumbList\",\"@id\":\"https:\/\/www.elementvape.de\/produkt\/wotofo-ultra-wiederaufladbarer-einweg-e-zigarette-3000-zuege\/#breadcrumb\",\"itemListElement\":[{\"@type\":\"ListItem\",\"position\":1,\"name\":\"Home\",\"item\":\"https:\/\/www.elementvape.de\/\"},{\"@type\":\"ListItem\",\"position\":2,\"name\":\"Shop\",\"item\":\"https:\/\/www.elementvape.de\/shop\/\"},{\"@type\":\"ListItem\",\"position\":3,\"name\":\"Wotofo Ultra wiederaufladbarer Einweg-E-Zigarette 3000 Z\u00fcge\"}]},{\"@type\":\"WebSite\",\"@id\":\"https:\/\/www.elementvape.de\/#website\",\"url\":\"https:\/\/www.elementvape.de\/\",\"name\":\"ElementVape.de\",\"description\":\"\",\"publisher\":{\"@id\":\"https:\/\/www.elementvape.de\/#organization\"},\"potentialAction\":[{\"@type\":\"SearchAction\",\"target\":{\"@type\":\"EntryPoint\",\"urlTemplate\":\"https:\/\/www.elementvape.de\/?s={search_term_string}\"},\"query-input\":\"required name=search_term_string\"}],\"inLanguage\":\"es\"},{\"@type\":\"Organization\",\"@id\":\"https:\/\/www.elementvape.de\/#organization\",\"name\":\"ElementVape.DE\",\"url\":\"https:\/\/www.elementvape.de\/\",\"logo\":{\"@type\":\"ImageObject\",\"inLanguage\":\"es\",\"@id\":\"https:\/\/www.elementvape.de\/#\/schema\/logo\/image\/\",\"url\":\"https:\/\/www.elementvape.de\/wp-content\/uploads\/2024\/09\/cropped-1elementvape-3.png\",\"contentUrl\":\"https:\/\/www.elementvape.de\/wp-content\/uploads\/2024\/09\/cropped-1elementvape-3.png\",\"width\":285,\"height\":228,\"caption\":\"ElementVape.DE\"},\"image\":{\"@id\":\"https:\/\/www.elementvape.de\/#\/schema\/logo\/image\/\"}}]}<\/script>\n<!-- \/ Yoast SEO plugin. -->","yoast_head_json":{"title":"Wotofo Ultra wiederaufladbarer Einweg-E-Zigarette 3000 Z\u00fcge | ElementVape.de","description":"Wir bieten Wotofo Ultra wiederaufladbarer Einweg-E-Zigarette 3000 Z\u00fcge , Elementvape.de akzeptieren Gro\u00df-und Einzelhandel Bestellungen.","robots":{"index":"index","follow":"follow","max-snippet":"max-snippet:-1","max-image-preview":"max-image-preview:large","max-video-preview":"max-video-preview:-1"},"canonical":"https:\/\/www.elementvape.de\/es\/produkt\/wotofo-ultra-wiederaufladbarer-einweg-e-zigarette-3000-zuege\/","og_locale":"es_ES","og_type":"article","og_title":"Wotofo Ultra wiederaufladbarer Einweg-E-Zigarette 3000 Z\u00fcge | ElementVape.de","og_description":"Wir bieten Wotofo Ultra wiederaufladbarer Einweg-E-Zigarette 3000 Z\u00fcge , Elementvape.de akzeptieren Gro\u00df-und Einzelhandel Bestellungen.","og_url":"https:\/\/www.elementvape.de\/es\/produkt\/wotofo-ultra-wiederaufladbarer-einweg-e-zigarette-3000-zuege\/","og_site_name":"ElementVape.de","article_modified_time":"2024-09-12T10:35:52+00:00","og_image":[{"width":800,"height":800,"url":"https:\/\/www.elementvape.de\/wp-content\/uploads\/2024\/06\/Wotofo-Ultra-Rechargeable-Disposable-Vape-3000-Puffs.webp","type":"image\/webp"}],"twitter_card":"summary_large_image","twitter_misc":{"Est. reading time":"3 minutos"},"schema":{"@context":"https:\/\/schema.org","@graph":[{"@type":"WebPage","@id":"https:\/\/www.elementvape.de\/produkt\/wotofo-ultra-wiederaufladbarer-einweg-e-zigarette-3000-zuege\/","url":"https:\/\/www.elementvape.de\/produkt\/wotofo-ultra-wiederaufladbarer-einweg-e-zigarette-3000-zuege\/","name":"Wotofo Ultra wiederaufladbarer Einweg-E-Zigarette 3000 Z\u00fcge | ElementVape.de","isPartOf":{"@id":"https:\/\/www.elementvape.de\/#website"},"primaryImageOfPage":{"@id":"https:\/\/www.elementvape.de\/produkt\/wotofo-ultra-wiederaufladbarer-einweg-e-zigarette-3000-zuege\/#primaryimage"},"image":{"@id":"https:\/\/www.elementvape.de\/produkt\/wotofo-ultra-wiederaufladbarer-einweg-e-zigarette-3000-zuege\/#primaryimage"},"thumbnailUrl":"https:\/\/www.elementvape.de\/wp-content\/uploads\/2024\/06\/Wotofo-Ultra-Rechargeable-Disposable-Vape-3000-Puffs.webp","datePublished":"2024-06-19T08:03:47+00:00","dateModified":"2024-09-12T10:35:52+00:00","description":"Wir bieten Wotofo Ultra wiederaufladbarer Einweg-E-Zigarette 3000 Z\u00fcge , Elementvape.de akzeptieren Gro\u00df-und Einzelhandel Bestellungen.","breadcrumb":{"@id":"https:\/\/www.elementvape.de\/produkt\/wotofo-ultra-wiederaufladbarer-einweg-e-zigarette-3000-zuege\/#breadcrumb"},"inLanguage":"es","potentialAction":[{"@type":"ReadAction","target":["https:\/\/www.elementvape.de\/produkt\/wotofo-ultra-wiederaufladbarer-einweg-e-zigarette-3000-zuege\/"]}]},{"@type":"ImageObject","inLanguage":"es","@id":"https:\/\/www.elementvape.de\/produkt\/wotofo-ultra-wiederaufladbarer-einweg-e-zigarette-3000-zuege\/#primaryimage","url":"https:\/\/www.elementvape.de\/wp-content\/uploads\/2024\/06\/Wotofo-Ultra-Rechargeable-Disposable-Vape-3000-Puffs.webp","contentUrl":"https:\/\/www.elementvape.de\/wp-content\/uploads\/2024\/06\/Wotofo-Ultra-Rechargeable-Disposable-Vape-3000-Puffs.webp","width":800,"height":800,"caption":"Wotofo-Ultra-Rechargeable-Disposable-Vape-3000-Puffs"},{"@type":"BreadcrumbList","@id":"https:\/\/www.elementvape.de\/produkt\/wotofo-ultra-wiederaufladbarer-einweg-e-zigarette-3000-zuege\/#breadcrumb","itemListElement":[{"@type":"ListItem","position":1,"name":"Home","item":"https:\/\/www.elementvape.de\/"},{"@type":"ListItem","position":2,"name":"Shop","item":"https:\/\/www.elementvape.de\/shop\/"},{"@type":"ListItem","position":3,"name":"Wotofo Ultra wiederaufladbarer Einweg-E-Zigarette 3000 Z\u00fcge"}]},{"@type":"WebSite","@id":"https:\/\/www.elementvape.de\/#website","url":"https:\/\/www.elementvape.de\/","name":"ElementVape.de","description":"","publisher":{"@id":"https:\/\/www.elementvape.de\/#organization"},"potentialAction":[{"@type":"SearchAction","target":{"@type":"EntryPoint","urlTemplate":"https:\/\/www.elementvape.de\/?s={search_term_string}"},"query-input":"required name=search_term_string"}],"inLanguage":"es"},{"@type":"Organization","@id":"https:\/\/www.elementvape.de\/#organization","name":"ElementVape.DE","url":"https:\/\/www.elementvape.de\/","logo":{"@type":"ImageObject","inLanguage":"es","@id":"https:\/\/www.elementvape.de\/#\/schema\/logo\/image\/","url":"https:\/\/www.elementvape.de\/wp-content\/uploads\/2024\/09\/cropped-1elementvape-3.png","contentUrl":"https:\/\/www.elementvape.de\/wp-content\/uploads\/2024\/09\/cropped-1elementvape-3.png","width":285,"height":228,"caption":"ElementVape.DE"},"image":{"@id":"https:\/\/www.elementvape.de\/#\/schema\/logo\/image\/"}}]}},"_links":{"self":[{"href":"https:\/\/www.elementvape.de\/es\/wp-json\/wp\/v2\/product\/12623"}],"collection":[{"href":"https:\/\/www.elementvape.de\/es\/wp-json\/wp\/v2\/product"}],"about":[{"href":"https:\/\/www.elementvape.de\/es\/wp-json\/wp\/v2\/types\/product"}],"wp:featuredmedia":[{"embeddable":true,"href":"https:\/\/www.elementvape.de\/es\/wp-json\/wp\/v2\/media\/12624"}],"wp:attachment":[{"href":"https:\/\/www.elementvape.de\/es\/wp-json\/wp\/v2\/media?parent=12623"}],"wp:term":[{"taxonomy":"product_cat","embeddable":true,"href":"https:\/\/www.elementvape.de\/es\/wp-json\/wp\/v2\/product_cat?post=12623"},{"taxonomy":"product_tag","embeddable":true,"href":"https:\/\/www.elementvape.de\/es\/wp-json\/wp\/v2\/product_tag?post=12623"}],"curies":[{"name":"wp","href":"https:\/\/api.w.org\/{rel}","templated":true}]}}