{"id":12387,"date":"2024-06-18T06:55:43","date_gmt":"2024-06-18T06:55:43","guid":{"rendered":"https:\/\/www.elementvape.de\/?post_type=product&#038;p=12387"},"modified":"2024-09-12T10:35:59","modified_gmt":"2024-09-12T10:35:59","slug":"wotofo-smrt-pod-kit-2000mah","status":"publish","type":"product","link":"https:\/\/www.elementvape.de\/es\/produkt\/wotofo-smrt-pod-kit-2000mah\/","title":{"rendered":"Kit de Pod Wotofo SMRT 2000mAh"},"content":{"rendered":"<h2>Descripci\u00f3n del producto del Wotofo SMRT Pod Kit<\/h2>\n<p><strong>Wotofo SMRT Pod Kit<\/strong>, el m\u00e1s jugable <strong><a href=\"https:\/\/www.elementvape.de\/es\/c\/pod\/\">Pod<\/a><\/strong>-Sistema, es una soluci\u00f3n innovadora dise\u00f1ada para permitir m\u00e1s interacciones entre <strong><a href=\"https:\/\/www.elementvape.de\/es\/\">Vape<\/a> <\/strong>productos y vaporizadores. Ofrece opciones de conversi\u00f3n sencillas para cabezales de bobina y est\u00e1 equipado con varias opciones de alambre predefinidas que aportan alegr\u00eda y emoci\u00f3n diarias. El kit est\u00e1 equipado con una bobina D15, que tiene una entrada de aire ajustable en la parte inferior y es compatible con bobinas de las series D11, D13, D14, D15, as\u00ed como PnP y GTX.<\/p>\n<h3>Caracter\u00edsticas principales<\/h3>\n<ol>\n<li><strong>Capacidad de cartucho:<\/strong> 4,5 ml \/ 2 ml<\/li>\n<li><strong>Compatibilidad de bobinas:<\/strong> Compatible con bobinas de las series D11, D13, D14, D15, PnP y GTX<\/li>\n<li><strong>Entrada de aire ajustable:<\/strong> En la parte inferior de la bobina D15 para diferentes necesidades<\/li>\n<li><strong>Kit de bobinas recargables:<\/strong> Equipado con el kit de bobinas recargables SMRT PnP para bricolaje sencillo<\/li>\n<li><strong>Bater\u00eda:<\/strong> Bater\u00eda integrada de 2000 mAh, potencia de salida de 5-80 W<\/li>\n<li><strong>Material:<\/strong> Carcasa ligera y duradera de aleaci\u00f3n de aluminio<\/li>\n<\/ol>\n<h3>Par\u00e1metros f\u00edsicos<\/h3>\n<ul>\n<li><strong>Tama\u00f1o:<\/strong> 29,2 x 23,0 x 117,3 mm<\/li>\n<li><strong>Capacidad:<\/strong> 4,5 ml \/ 2 ml<\/li>\n<li><strong>Resistencia:<\/strong> 0,2 \u03a9<\/li>\n<li><strong>Bater\u00eda:<\/strong> 2000 mAh<\/li>\n<li><strong>Colores:<\/strong> Negro, Oro, Negro-rojo, Negro-azul<\/li>\n<\/ul>\n<h3>Lista de empaque<\/h3>\n<ul>\n<li>1 x Bater\u00eda MANIK S<\/li>\n<li>1 x Cartucho de pod SMRT PnP<\/li>\n<li>1 x Kit de bobinas recargables SMRT PnP<\/li>\n<li>1 x Bobina D15 Clapton M (intercambiable con bobinas PnP)<\/li>\n<li>1 x cable de carga Tipo-C<\/li>\n<li>1 x Manual de usuario<\/li>\n<\/ul>\n<h3>Descripci\u00f3n detallada<\/h3>\n<p>El <strong>Wotofo SMRT Pod Kit<\/strong> es ideal para vapearers que valoran la personalizaci\u00f3n y la facilidad de uso. Con el kit de bobinas recargables, los usuarios pueden reconstruir f\u00e1cilmente sus cabezales de bobina y crear una experiencia de vapeo personalizada. La bater\u00eda incorporada de 2000 mAh proporciona una larga duraci\u00f3n y puede entregar una potencia de 5 a 80 W para satisfacer diferentes necesidades de vapor.<\/p>\n<p>El cartucho con una capacidad de 4,5 ml es compatible con varios tipos de bobinas, incluyendo las populares series PnP y GTX. La carcasa de aleaci\u00f3n de aluminio hace que el dispositivo sea ligero y duradero, ideal para el uso diario. La entrada de aire ajustable en la bobina D15 permite a los usuarios adaptar el flujo de aire a sus preferencias.<\/p>\n<h3>Resumen<\/h3>\n<p>El <strong>Wotofo SMRT Pod Kit<\/strong> ofrece una experiencia de vapeo vers\u00e1til y personalizable, adecuada tanto para principiantes como para vapearers experimentados. Con su dise\u00f1o robusto y ligero, compatibilidad con una variedad de bobinas y el innovador kit de bobinas recargables, es la opci\u00f3n perfecta para quienes buscan una experiencia de vapeo de alta calidad y flexible.<\/p>","protected":false},"excerpt":{"rendered":"<p>Wotofo SMRT Pod Kit Produktbeschreibung Wotofo SMRT Pod Kit, das spielbarste Pod-System, ist eine innovative L\u00f6sung, die entwickelt wurde, um mehr Interaktionen zwischen Vape Produkten und Dampfern zu erm\u00f6glichen. Es bietet einfache Umbauoptionen f\u00fcr Spulenk\u00f6pfe und ist mit verschiedenen vorgefertigten Drahtoptionen ausgestattet, die t\u00e4glich Freude und Spannung bringen. Das Kit ist mit einer D15-Spule ausgestattet, [&hellip;]<\/p>","protected":false},"featured_media":12388,"template":"","meta":{"inline_featured_image":false},"product_cat":[754,745,742,748,744,755,738,751,76],"product_tag":[],"tiered_pricing_type":"fixed","tiered_pricing_fixed_rules":[],"tiered_pricing_percentage_rules":[],"tiered_pricing_minimum":1,"_administrator_tiered_pricing_type":"fixed","_administrator_tiered_pricing_fixed_rules":[],"_editor_tiered_pricing_type":"fixed","_editor_tiered_pricing_fixed_rules":[],"_author_tiered_pricing_type":"fixed","_author_tiered_pricing_fixed_rules":[],"_contributor_tiered_pricing_type":"fixed","_contributor_tiered_pricing_fixed_rules":[],"_subscriber_tiered_pricing_type":"fixed","_subscriber_tiered_pricing_fixed_rules":[],"_customer_tiered_pricing_type":"fixed","_customer_tiered_pricing_fixed_rules":[],"_shop_manager_tiered_pricing_type":"fixed","_shop_manager_tiered_pricing_fixed_rules":[],"_wpseo_manager_tiered_pricing_type":"fixed","_wpseo_manager_tiered_pricing_fixed_rules":[],"_wpseo_editor_tiered_pricing_type":"fixed","_wpseo_editor_tiered_pricing_fixed_rules":[],"_wholesale_customer_tiered_pricing_type":"fixed","_wholesale_customer_tiered_pricing_fixed_rules":[],"_marketer_tiered_pricing_type":"fixed","_marketer_tiered_pricing_fixed_rules":[],"_sales_manager_tiered_pricing_type":"fixed","_sales_manager_tiered_pricing_fixed_rules":[],"_sales_rep_tiered_pricing_type":"fixed","_sales_rep_tiered_pricing_fixed_rules":[],"yoast_head":"<!-- This site is optimized with the Yoast SEO plugin v23.3 - https:\/\/yoast.com\/wordpress\/plugins\/seo\/ -->\n<title>Wotofo SMRT Pod Kit 2000mAh | ElementVape.de<\/title>\n<meta name=\"description\" content=\"Wir bieten Wotofo SMRT Pod Kit 2000mAh , Elementvape.de akzeptieren Gro\u00df-und Einzelhandel Bestellungen.\" \/>\n<meta name=\"robots\" content=\"index, follow, max-snippet:-1, max-image-preview:large, max-video-preview:-1\" \/>\n<link rel=\"canonical\" href=\"https:\/\/www.elementvape.de\/es\/produkt\/wotofo-smrt-pod-kit-2000mah\/\" \/>\n<meta property=\"og:locale\" content=\"es_ES\" \/>\n<meta property=\"og:type\" content=\"article\" \/>\n<meta property=\"og:title\" content=\"Wotofo SMRT Pod Kit 2000mAh | ElementVape.de\" \/>\n<meta property=\"og:description\" content=\"Wir bieten Wotofo SMRT Pod Kit 2000mAh , Elementvape.de akzeptieren Gro\u00df-und Einzelhandel Bestellungen.\" \/>\n<meta property=\"og:url\" content=\"https:\/\/www.elementvape.de\/es\/produkt\/wotofo-smrt-pod-kit-2000mah\/\" \/>\n<meta property=\"og:site_name\" content=\"ElementVape.de\" \/>\n<meta property=\"article:modified_time\" content=\"2024-09-12T10:35:59+00:00\" \/>\n<meta property=\"og:image\" content=\"https:\/\/www.elementvape.de\/wp-content\/uploads\/2024\/06\/Wotofo-SMRT-Pod-Kit-2000mAh.webp\" \/>\n\t<meta property=\"og:image:width\" content=\"600\" \/>\n\t<meta property=\"og:image:height\" content=\"600\" \/>\n\t<meta property=\"og:image:type\" content=\"image\/webp\" \/>\n<meta name=\"twitter:card\" content=\"summary_large_image\" \/>\n<meta name=\"twitter:label1\" content=\"Est. reading time\" \/>\n\t<meta name=\"twitter:data1\" content=\"3 minutos\" \/>\n<script type=\"application\/ld+json\" class=\"yoast-schema-graph\">{\"@context\":\"https:\/\/schema.org\",\"@graph\":[{\"@type\":\"WebPage\",\"@id\":\"https:\/\/www.elementvape.de\/it\/produkt\/wotofo-smrt-pod-kit-2000mah\/\",\"url\":\"https:\/\/www.elementvape.de\/it\/produkt\/wotofo-smrt-pod-kit-2000mah\/\",\"name\":\"Wotofo SMRT Pod Kit 2000mAh | ElementVape.de\",\"isPartOf\":{\"@id\":\"https:\/\/www.elementvape.de\/#website\"},\"primaryImageOfPage\":{\"@id\":\"https:\/\/www.elementvape.de\/it\/produkt\/wotofo-smrt-pod-kit-2000mah\/#primaryimage\"},\"image\":{\"@id\":\"https:\/\/www.elementvape.de\/it\/produkt\/wotofo-smrt-pod-kit-2000mah\/#primaryimage\"},\"thumbnailUrl\":\"https:\/\/www.elementvape.de\/wp-content\/uploads\/2024\/06\/Wotofo-SMRT-Pod-Kit-2000mAh.webp\",\"datePublished\":\"2024-06-18T06:55:43+00:00\",\"dateModified\":\"2024-09-12T10:35:59+00:00\",\"description\":\"Wir bieten Wotofo SMRT Pod Kit 2000mAh , Elementvape.de akzeptieren Gro\u00df-und Einzelhandel Bestellungen.\",\"breadcrumb\":{\"@id\":\"https:\/\/www.elementvape.de\/it\/produkt\/wotofo-smrt-pod-kit-2000mah\/#breadcrumb\"},\"inLanguage\":\"es\",\"potentialAction\":[{\"@type\":\"ReadAction\",\"target\":[\"https:\/\/www.elementvape.de\/it\/produkt\/wotofo-smrt-pod-kit-2000mah\/\"]}]},{\"@type\":\"ImageObject\",\"inLanguage\":\"es\",\"@id\":\"https:\/\/www.elementvape.de\/it\/produkt\/wotofo-smrt-pod-kit-2000mah\/#primaryimage\",\"url\":\"https:\/\/www.elementvape.de\/wp-content\/uploads\/2024\/06\/Wotofo-SMRT-Pod-Kit-2000mAh.webp\",\"contentUrl\":\"https:\/\/www.elementvape.de\/wp-content\/uploads\/2024\/06\/Wotofo-SMRT-Pod-Kit-2000mAh.webp\",\"width\":600,\"height\":600,\"caption\":\"Wotofo-SMRT-Pod-Kit-2000mAh\"},{\"@type\":\"BreadcrumbList\",\"@id\":\"https:\/\/www.elementvape.de\/it\/produkt\/wotofo-smrt-pod-kit-2000mah\/#breadcrumb\",\"itemListElement\":[{\"@type\":\"ListItem\",\"position\":1,\"name\":\"Home\",\"item\":\"https:\/\/www.elementvape.de\/\"},{\"@type\":\"ListItem\",\"position\":2,\"name\":\"Shop\",\"item\":\"https:\/\/www.elementvape.de\/shop\/\"},{\"@type\":\"ListItem\",\"position\":3,\"name\":\"Wotofo SMRT Pod Kit 2000mAh\"}]},{\"@type\":\"WebSite\",\"@id\":\"https:\/\/www.elementvape.de\/#website\",\"url\":\"https:\/\/www.elementvape.de\/\",\"name\":\"ElementVape.de\",\"description\":\"\",\"publisher\":{\"@id\":\"https:\/\/www.elementvape.de\/#organization\"},\"potentialAction\":[{\"@type\":\"SearchAction\",\"target\":{\"@type\":\"EntryPoint\",\"urlTemplate\":\"https:\/\/www.elementvape.de\/?s={search_term_string}\"},\"query-input\":\"required name=search_term_string\"}],\"inLanguage\":\"es\"},{\"@type\":\"Organization\",\"@id\":\"https:\/\/www.elementvape.de\/#organization\",\"name\":\"ElementVape.DE\",\"url\":\"https:\/\/www.elementvape.de\/\",\"logo\":{\"@type\":\"ImageObject\",\"inLanguage\":\"es\",\"@id\":\"https:\/\/www.elementvape.de\/#\/schema\/logo\/image\/\",\"url\":\"https:\/\/www.elementvape.de\/wp-content\/uploads\/2024\/09\/cropped-1elementvape-3.png\",\"contentUrl\":\"https:\/\/www.elementvape.de\/wp-content\/uploads\/2024\/09\/cropped-1elementvape-3.png\",\"width\":285,\"height\":228,\"caption\":\"ElementVape.DE\"},\"image\":{\"@id\":\"https:\/\/www.elementvape.de\/#\/schema\/logo\/image\/\"}}]}<\/script>\n<!-- \/ Yoast SEO plugin. -->","yoast_head_json":{"title":"Wotofo SMRT Pod Kit 2000mAh | ElementVape.de","description":"Wir bieten Wotofo SMRT Pod Kit 2000mAh , Elementvape.de akzeptieren Gro\u00df-und Einzelhandel Bestellungen.","robots":{"index":"index","follow":"follow","max-snippet":"max-snippet:-1","max-image-preview":"max-image-preview:large","max-video-preview":"max-video-preview:-1"},"canonical":"https:\/\/www.elementvape.de\/es\/produkt\/wotofo-smrt-pod-kit-2000mah\/","og_locale":"es_ES","og_type":"article","og_title":"Wotofo SMRT Pod Kit 2000mAh | ElementVape.de","og_description":"Wir bieten Wotofo SMRT Pod Kit 2000mAh , Elementvape.de akzeptieren Gro\u00df-und Einzelhandel Bestellungen.","og_url":"https:\/\/www.elementvape.de\/es\/produkt\/wotofo-smrt-pod-kit-2000mah\/","og_site_name":"ElementVape.de","article_modified_time":"2024-09-12T10:35:59+00:00","og_image":[{"width":600,"height":600,"url":"https:\/\/www.elementvape.de\/wp-content\/uploads\/2024\/06\/Wotofo-SMRT-Pod-Kit-2000mAh.webp","type":"image\/webp"}],"twitter_card":"summary_large_image","twitter_misc":{"Est. reading time":"3 minutos"},"schema":{"@context":"https:\/\/schema.org","@graph":[{"@type":"WebPage","@id":"https:\/\/www.elementvape.de\/it\/produkt\/wotofo-smrt-pod-kit-2000mah\/","url":"https:\/\/www.elementvape.de\/it\/produkt\/wotofo-smrt-pod-kit-2000mah\/","name":"Wotofo SMRT Pod Kit 2000mAh | ElementVape.de","isPartOf":{"@id":"https:\/\/www.elementvape.de\/#website"},"primaryImageOfPage":{"@id":"https:\/\/www.elementvape.de\/it\/produkt\/wotofo-smrt-pod-kit-2000mah\/#primaryimage"},"image":{"@id":"https:\/\/www.elementvape.de\/it\/produkt\/wotofo-smrt-pod-kit-2000mah\/#primaryimage"},"thumbnailUrl":"https:\/\/www.elementvape.de\/wp-content\/uploads\/2024\/06\/Wotofo-SMRT-Pod-Kit-2000mAh.webp","datePublished":"2024-06-18T06:55:43+00:00","dateModified":"2024-09-12T10:35:59+00:00","description":"Wir bieten Wotofo SMRT Pod Kit 2000mAh , Elementvape.de akzeptieren Gro\u00df-und Einzelhandel Bestellungen.","breadcrumb":{"@id":"https:\/\/www.elementvape.de\/it\/produkt\/wotofo-smrt-pod-kit-2000mah\/#breadcrumb"},"inLanguage":"es","potentialAction":[{"@type":"ReadAction","target":["https:\/\/www.elementvape.de\/it\/produkt\/wotofo-smrt-pod-kit-2000mah\/"]}]},{"@type":"ImageObject","inLanguage":"es","@id":"https:\/\/www.elementvape.de\/it\/produkt\/wotofo-smrt-pod-kit-2000mah\/#primaryimage","url":"https:\/\/www.elementvape.de\/wp-content\/uploads\/2024\/06\/Wotofo-SMRT-Pod-Kit-2000mAh.webp","contentUrl":"https:\/\/www.elementvape.de\/wp-content\/uploads\/2024\/06\/Wotofo-SMRT-Pod-Kit-2000mAh.webp","width":600,"height":600,"caption":"Wotofo-SMRT-Pod-Kit-2000mAh"},{"@type":"BreadcrumbList","@id":"https:\/\/www.elementvape.de\/it\/produkt\/wotofo-smrt-pod-kit-2000mah\/#breadcrumb","itemListElement":[{"@type":"ListItem","position":1,"name":"Home","item":"https:\/\/www.elementvape.de\/"},{"@type":"ListItem","position":2,"name":"Shop","item":"https:\/\/www.elementvape.de\/shop\/"},{"@type":"ListItem","position":3,"name":"Wotofo SMRT Pod Kit 2000mAh"}]},{"@type":"WebSite","@id":"https:\/\/www.elementvape.de\/#website","url":"https:\/\/www.elementvape.de\/","name":"ElementVape.de","description":"","publisher":{"@id":"https:\/\/www.elementvape.de\/#organization"},"potentialAction":[{"@type":"SearchAction","target":{"@type":"EntryPoint","urlTemplate":"https:\/\/www.elementvape.de\/?s={search_term_string}"},"query-input":"required name=search_term_string"}],"inLanguage":"es"},{"@type":"Organization","@id":"https:\/\/www.elementvape.de\/#organization","name":"ElementVape.DE","url":"https:\/\/www.elementvape.de\/","logo":{"@type":"ImageObject","inLanguage":"es","@id":"https:\/\/www.elementvape.de\/#\/schema\/logo\/image\/","url":"https:\/\/www.elementvape.de\/wp-content\/uploads\/2024\/09\/cropped-1elementvape-3.png","contentUrl":"https:\/\/www.elementvape.de\/wp-content\/uploads\/2024\/09\/cropped-1elementvape-3.png","width":285,"height":228,"caption":"ElementVape.DE"},"image":{"@id":"https:\/\/www.elementvape.de\/#\/schema\/logo\/image\/"}}]}},"_links":{"self":[{"href":"https:\/\/www.elementvape.de\/es\/wp-json\/wp\/v2\/product\/12387"}],"collection":[{"href":"https:\/\/www.elementvape.de\/es\/wp-json\/wp\/v2\/product"}],"about":[{"href":"https:\/\/www.elementvape.de\/es\/wp-json\/wp\/v2\/types\/product"}],"wp:featuredmedia":[{"embeddable":true,"href":"https:\/\/www.elementvape.de\/es\/wp-json\/wp\/v2\/media\/12388"}],"wp:attachment":[{"href":"https:\/\/www.elementvape.de\/es\/wp-json\/wp\/v2\/media?parent=12387"}],"wp:term":[{"taxonomy":"product_cat","embeddable":true,"href":"https:\/\/www.elementvape.de\/es\/wp-json\/wp\/v2\/product_cat?post=12387"},{"taxonomy":"product_tag","embeddable":true,"href":"https:\/\/www.elementvape.de\/es\/wp-json\/wp\/v2\/product_tag?post=12387"}],"curies":[{"name":"wp","href":"https:\/\/api.w.org\/{rel}","templated":true}]}}