{"id":12377,"date":"2024-06-18T06:21:06","date_gmt":"2024-06-18T06:21:06","guid":{"rendered":"https:\/\/www.elementvape.de\/?post_type=product&#038;p=12377"},"modified":"2024-09-12T10:36:00","modified_gmt":"2024-09-12T10:36:00","slug":"wotofo-manik-pod-mod-kit","status":"publish","type":"product","link":"https:\/\/www.elementvape.de\/es\/produkt\/wotofo-manik-pod-mod-kit\/","title":{"rendered":"Kit de Pod Mod Wotofo Manik"},"content":{"rendered":"<div class=\"flex-shrink-0 flex flex-col relative items-end\">\n<div>\n<div class=\"pt-0.5 juice:pt-0\">\n<div class=\"gizmo-bot-avatar flex h-6 w-6 items-center justify-center overflow-hidden rounded-full juice:h-8 juice:w-8\">\n<div class=\"relative p-1 rounded-sm flex items-center justify-center bg-token-main-surface-primary text-token-text-primary h-8 w-8\"><\/div>\n<\/div>\n<\/div>\n<\/div>\n<\/div>\n<div class=\"group\/conversation-turn relative flex w-full min-w-0 flex-col agent-turn\">\n<div class=\"flex-col gap-1 md:gap-3\">\n<div class=\"flex flex-grow flex-col max-w-full\">\n<div class=\"min-h-[20px] text-message flex flex-col items-start whitespace-pre-wrap break-words [.text-message+&amp;]:mt-5 juice:w-full juice:items-end overflow-x-auto gap-2\" dir=\"auto\" data-message-author-role=\"assistant\" data-message-id=\"871d8f3c-b4aa-4fd2-8b3b-b5348a88d98c\">\n<div class=\"flex w-full flex-col gap-1 juice:empty:hidden juice:first:pt-[3px]\">\n<div class=\"markdown prose w-full break-words dark:prose-invert light\">\n<h3>Descripci\u00f3n del producto del kit Wotofo MANIK 80W Pod Mod<\/h3>\n<p>El <strong>Kit Wotofo MANIK 80W Pod Mod<\/strong> es un dispositivo de vapeo de alta calidad, hecho de aleaci\u00f3n de zinc y cuero con un recubrimiento de nanopol\u00edmero para evitar desgaste y corrosi\u00f3n, y para garantizar una superficie extra suave. Con su acabado espejo impecable en Prisma Gunmetal, el Wotofo MANIK 80W <strong><a href=\"https:\/\/www.elementvape.de\/es\/c\/pod\/\">Pod<\/a><\/strong> Kit no solo ofrece una apariencia atractiva, sino tambi\u00e9n un rendimiento y funcionalidad impresionantes.<\/p>\n<h3>Caracter\u00edsticas principales<\/h3>\n<ul>\n<li><strong>Material:<\/strong> Aleaci\u00f3n de zinc y cuero con recubrimiento de nanopol\u00edmero para mayor durabilidad y una superficie suave<\/li>\n<li><strong>Acabado:<\/strong> Superficie espejo impecable (Prisma Gunmetal)<\/li>\n<li><strong>Tecnolog\u00eda del chip:<\/strong> Equipado con el reci\u00e9n desarrollado nexCHIP, que ofrece una velocidad de disparo de 0,001 segundos<\/li>\n<li><strong>Bater\u00eda:<\/strong> Funciona con una sola bater\u00eda 18650 con una potencia m\u00e1xima de 80 W (bater\u00eda no incluida)<\/li>\n<li><strong>Pantalla:<\/strong> Pantalla TFT de 0,96 pulgadas con 6 temas de color (cambiables pulsando simult\u00e1neamente el bot\u00f3n de encendido y el bot\u00f3n '+')<\/li>\n<li><strong>Uso:<\/strong> Bloqueo y desbloqueo de configuraci\u00f3n pulsando simult\u00e1neamente el bot\u00f3n '+' y el bot\u00f3n '\u2212'<\/li>\n<li><strong>Compatibilidad:<\/strong> Compatible con dispositivos Vaporesso y Voopoo que utilizan bobinas GTX o PnP<\/li>\n<li><strong>Cartucho:<\/strong> Cartucho Wotofo MANIK con una capacidad de 4,5 ml y un pr\u00e1ctico dise\u00f1o de llenado superior<\/li>\n<\/ul>\n<h3>Funciones de seguridad<\/h3>\n<ul>\n<li><strong>Advertencia de baja tensi\u00f3n<\/strong><\/li>\n<li><strong>Apagado de seguridad de temperatura PCBA<\/strong><\/li>\n<li><strong>Protecci\u00f3n contra cortocircuitos<\/strong><\/li>\n<li><strong>Protecci\u00f3n contra resistencia baja<\/strong><\/li>\n<li><strong>Protecci\u00f3n contra sobrecalentamiento<\/strong><\/li>\n<\/ul>\n<h3>Par\u00e1metros f\u00edsicos<\/h3>\n<ul>\n<li><strong>Tama\u00f1o:<\/strong> 126 x 33 x 27 mm<\/li>\n<li><strong>Capacidad:<\/strong> 4,5 ml \/ 2 ml (TPD\/Reino Unido)<\/li>\n<li><strong>Resistencia:<\/strong> 0,2 \u03a9<\/li>\n<li><strong>Color:<\/strong> Nano Gunmetal, Nano Chrome, Nano Black, Prism Gunmetal<\/li>\n<\/ul>\n<h3>Incluye<\/h3>\n<ul>\n<li>Kit de Pod Mod MANIK x 1<\/li>\n<li>Cartucho MANIK x 1<\/li>\n<li>Bobina M Clapton D15 M preinstalada x 1<\/li>\n<li>Bobina c\u00f3nica A1 D14 x 1<\/li>\n<li>1 x Manual de usuario<\/li>\n<li>Cable de carga USB x 1<\/li>\n<\/ul>\n<p>El <strong>Kit Wotofo MANIK 80W Pod Mod<\/strong> Combina un dise\u00f1o elegante con tecnolog\u00eda avanzada y facilidad de uso. Es la opci\u00f3n perfecta para vapear que valoran el rendimiento, la durabilidad y una apariencia atractiva.<\/p>\n<\/div>\n<\/div>\n<\/div>\n<\/div>\n<\/div>\n<\/div>","protected":false},"excerpt":{"rendered":"<p>Wotofo MANIK 80W Pod Mod Kit Produktbeschreibung Das Wotofo MANIK 80W Pod Mod Kit ist ein hochwertiges Vaping-Ger\u00e4t, das aus Zinklegierung und Leder mit einer Nanobeschichtung besteht, um Verschlei\u00df und Korrosion zu vermeiden und eine extra glatte Oberfl\u00e4che zu gew\u00e4hrleisten. Mit seinem makellosen Spiegelfinish in Prism Gunmetal bietet das Wotofo MANIK 80W Pod Kit nicht [&hellip;]<\/p>","protected":false},"featured_media":12378,"template":"","meta":{"inline_featured_image":false},"product_cat":[754,745,742,748,744,755,738,751,77],"product_tag":[],"tiered_pricing_type":"fixed","tiered_pricing_fixed_rules":[],"tiered_pricing_percentage_rules":[],"tiered_pricing_minimum":1,"_administrator_tiered_pricing_type":"fixed","_administrator_tiered_pricing_fixed_rules":[],"_editor_tiered_pricing_type":"fixed","_editor_tiered_pricing_fixed_rules":[],"_author_tiered_pricing_type":"fixed","_author_tiered_pricing_fixed_rules":[],"_contributor_tiered_pricing_type":"fixed","_contributor_tiered_pricing_fixed_rules":[],"_subscriber_tiered_pricing_type":"fixed","_subscriber_tiered_pricing_fixed_rules":[],"_customer_tiered_pricing_type":"fixed","_customer_tiered_pricing_fixed_rules":[],"_shop_manager_tiered_pricing_type":"fixed","_shop_manager_tiered_pricing_fixed_rules":[],"_wpseo_manager_tiered_pricing_type":"fixed","_wpseo_manager_tiered_pricing_fixed_rules":[],"_wpseo_editor_tiered_pricing_type":"fixed","_wpseo_editor_tiered_pricing_fixed_rules":[],"_wholesale_customer_tiered_pricing_type":"fixed","_wholesale_customer_tiered_pricing_fixed_rules":[],"_marketer_tiered_pricing_type":"fixed","_marketer_tiered_pricing_fixed_rules":[],"_sales_manager_tiered_pricing_type":"fixed","_sales_manager_tiered_pricing_fixed_rules":[],"_sales_rep_tiered_pricing_type":"fixed","_sales_rep_tiered_pricing_fixed_rules":[],"yoast_head":"<!-- This site is optimized with the Yoast SEO plugin v23.3 - https:\/\/yoast.com\/wordpress\/plugins\/seo\/ -->\n<title>Wotofo Manik Pod Mod Kit | ElementVape.de<\/title>\n<meta name=\"description\" content=\"Wir bieten Wotofo Manik Pod Mod Kit , Elementvape.de akzeptieren Gro\u00df-und Einzelhandel Bestellungen.\" \/>\n<meta name=\"robots\" content=\"index, follow, max-snippet:-1, max-image-preview:large, max-video-preview:-1\" \/>\n<link rel=\"canonical\" href=\"https:\/\/www.elementvape.de\/es\/produkt\/wotofo-manik-pod-mod-kit\/\" \/>\n<meta property=\"og:locale\" content=\"es_ES\" \/>\n<meta property=\"og:type\" content=\"article\" \/>\n<meta property=\"og:title\" content=\"Wotofo Manik Pod Mod Kit | ElementVape.de\" \/>\n<meta property=\"og:description\" content=\"Wir bieten Wotofo Manik Pod Mod Kit , Elementvape.de akzeptieren Gro\u00df-und Einzelhandel Bestellungen.\" \/>\n<meta property=\"og:url\" content=\"https:\/\/www.elementvape.de\/es\/produkt\/wotofo-manik-pod-mod-kit\/\" \/>\n<meta property=\"og:site_name\" content=\"ElementVape.de\" \/>\n<meta property=\"article:modified_time\" content=\"2024-09-12T10:36:00+00:00\" \/>\n<meta property=\"og:image\" content=\"https:\/\/www.elementvape.de\/wp-content\/uploads\/2024\/06\/Wotofo-Manik-Pod-Mod-Kit.webp\" \/>\n\t<meta property=\"og:image:width\" content=\"600\" \/>\n\t<meta property=\"og:image:height\" content=\"600\" \/>\n\t<meta property=\"og:image:type\" content=\"image\/webp\" \/>\n<meta name=\"twitter:card\" content=\"summary_large_image\" \/>\n<meta name=\"twitter:label1\" content=\"Est. reading time\" \/>\n\t<meta name=\"twitter:data1\" content=\"2 minutos\" \/>\n<script type=\"application\/ld+json\" class=\"yoast-schema-graph\">{\"@context\":\"https:\/\/schema.org\",\"@graph\":[{\"@type\":\"WebPage\",\"@id\":\"https:\/\/www.elementvape.de\/sv\/produkt\/wotofo-manik-pod-mod-kit\/\",\"url\":\"https:\/\/www.elementvape.de\/sv\/produkt\/wotofo-manik-pod-mod-kit\/\",\"name\":\"Wotofo Manik Pod Mod Kit | ElementVape.de\",\"isPartOf\":{\"@id\":\"https:\/\/www.elementvape.de\/#website\"},\"primaryImageOfPage\":{\"@id\":\"https:\/\/www.elementvape.de\/sv\/produkt\/wotofo-manik-pod-mod-kit\/#primaryimage\"},\"image\":{\"@id\":\"https:\/\/www.elementvape.de\/sv\/produkt\/wotofo-manik-pod-mod-kit\/#primaryimage\"},\"thumbnailUrl\":\"https:\/\/www.elementvape.de\/wp-content\/uploads\/2024\/06\/Wotofo-Manik-Pod-Mod-Kit.webp\",\"datePublished\":\"2024-06-18T06:21:06+00:00\",\"dateModified\":\"2024-09-12T10:36:00+00:00\",\"description\":\"Wir bieten Wotofo Manik Pod Mod Kit , Elementvape.de akzeptieren Gro\u00df-und Einzelhandel Bestellungen.\",\"breadcrumb\":{\"@id\":\"https:\/\/www.elementvape.de\/sv\/produkt\/wotofo-manik-pod-mod-kit\/#breadcrumb\"},\"inLanguage\":\"es\",\"potentialAction\":[{\"@type\":\"ReadAction\",\"target\":[\"https:\/\/www.elementvape.de\/sv\/produkt\/wotofo-manik-pod-mod-kit\/\"]}]},{\"@type\":\"ImageObject\",\"inLanguage\":\"es\",\"@id\":\"https:\/\/www.elementvape.de\/sv\/produkt\/wotofo-manik-pod-mod-kit\/#primaryimage\",\"url\":\"https:\/\/www.elementvape.de\/wp-content\/uploads\/2024\/06\/Wotofo-Manik-Pod-Mod-Kit.webp\",\"contentUrl\":\"https:\/\/www.elementvape.de\/wp-content\/uploads\/2024\/06\/Wotofo-Manik-Pod-Mod-Kit.webp\",\"width\":600,\"height\":600,\"caption\":\"Wotofo-Manik-Pod-Mod-Kit\"},{\"@type\":\"BreadcrumbList\",\"@id\":\"https:\/\/www.elementvape.de\/sv\/produkt\/wotofo-manik-pod-mod-kit\/#breadcrumb\",\"itemListElement\":[{\"@type\":\"ListItem\",\"position\":1,\"name\":\"Home\",\"item\":\"https:\/\/www.elementvape.de\/\"},{\"@type\":\"ListItem\",\"position\":2,\"name\":\"Shop\",\"item\":\"https:\/\/www.elementvape.de\/shop\/\"},{\"@type\":\"ListItem\",\"position\":3,\"name\":\"Wotofo Manik Pod Mod Kit\"}]},{\"@type\":\"WebSite\",\"@id\":\"https:\/\/www.elementvape.de\/#website\",\"url\":\"https:\/\/www.elementvape.de\/\",\"name\":\"ElementVape.de\",\"description\":\"\",\"publisher\":{\"@id\":\"https:\/\/www.elementvape.de\/#organization\"},\"potentialAction\":[{\"@type\":\"SearchAction\",\"target\":{\"@type\":\"EntryPoint\",\"urlTemplate\":\"https:\/\/www.elementvape.de\/?s={search_term_string}\"},\"query-input\":\"required name=search_term_string\"}],\"inLanguage\":\"es\"},{\"@type\":\"Organization\",\"@id\":\"https:\/\/www.elementvape.de\/#organization\",\"name\":\"ElementVape.DE\",\"url\":\"https:\/\/www.elementvape.de\/\",\"logo\":{\"@type\":\"ImageObject\",\"inLanguage\":\"es\",\"@id\":\"https:\/\/www.elementvape.de\/#\/schema\/logo\/image\/\",\"url\":\"https:\/\/www.elementvape.de\/wp-content\/uploads\/2024\/09\/cropped-1elementvape-3.png\",\"contentUrl\":\"https:\/\/www.elementvape.de\/wp-content\/uploads\/2024\/09\/cropped-1elementvape-3.png\",\"width\":285,\"height\":228,\"caption\":\"ElementVape.DE\"},\"image\":{\"@id\":\"https:\/\/www.elementvape.de\/#\/schema\/logo\/image\/\"}}]}<\/script>\n<!-- \/ Yoast SEO plugin. -->","yoast_head_json":{"title":"Wotofo Manik Pod Mod Kit | ElementVape.de","description":"Wir bieten Wotofo Manik Pod Mod Kit , Elementvape.de akzeptieren Gro\u00df-und Einzelhandel Bestellungen.","robots":{"index":"index","follow":"follow","max-snippet":"max-snippet:-1","max-image-preview":"max-image-preview:large","max-video-preview":"max-video-preview:-1"},"canonical":"https:\/\/www.elementvape.de\/es\/produkt\/wotofo-manik-pod-mod-kit\/","og_locale":"es_ES","og_type":"article","og_title":"Wotofo Manik Pod Mod Kit | ElementVape.de","og_description":"Wir bieten Wotofo Manik Pod Mod Kit , Elementvape.de akzeptieren Gro\u00df-und Einzelhandel Bestellungen.","og_url":"https:\/\/www.elementvape.de\/es\/produkt\/wotofo-manik-pod-mod-kit\/","og_site_name":"ElementVape.de","article_modified_time":"2024-09-12T10:36:00+00:00","og_image":[{"width":600,"height":600,"url":"https:\/\/www.elementvape.de\/wp-content\/uploads\/2024\/06\/Wotofo-Manik-Pod-Mod-Kit.webp","type":"image\/webp"}],"twitter_card":"summary_large_image","twitter_misc":{"Est. reading time":"2 minutos"},"schema":{"@context":"https:\/\/schema.org","@graph":[{"@type":"WebPage","@id":"https:\/\/www.elementvape.de\/sv\/produkt\/wotofo-manik-pod-mod-kit\/","url":"https:\/\/www.elementvape.de\/sv\/produkt\/wotofo-manik-pod-mod-kit\/","name":"Wotofo Manik Pod Mod Kit | ElementVape.de","isPartOf":{"@id":"https:\/\/www.elementvape.de\/#website"},"primaryImageOfPage":{"@id":"https:\/\/www.elementvape.de\/sv\/produkt\/wotofo-manik-pod-mod-kit\/#primaryimage"},"image":{"@id":"https:\/\/www.elementvape.de\/sv\/produkt\/wotofo-manik-pod-mod-kit\/#primaryimage"},"thumbnailUrl":"https:\/\/www.elementvape.de\/wp-content\/uploads\/2024\/06\/Wotofo-Manik-Pod-Mod-Kit.webp","datePublished":"2024-06-18T06:21:06+00:00","dateModified":"2024-09-12T10:36:00+00:00","description":"Wir bieten Wotofo Manik Pod Mod Kit , Elementvape.de akzeptieren Gro\u00df-und Einzelhandel Bestellungen.","breadcrumb":{"@id":"https:\/\/www.elementvape.de\/sv\/produkt\/wotofo-manik-pod-mod-kit\/#breadcrumb"},"inLanguage":"es","potentialAction":[{"@type":"ReadAction","target":["https:\/\/www.elementvape.de\/sv\/produkt\/wotofo-manik-pod-mod-kit\/"]}]},{"@type":"ImageObject","inLanguage":"es","@id":"https:\/\/www.elementvape.de\/sv\/produkt\/wotofo-manik-pod-mod-kit\/#primaryimage","url":"https:\/\/www.elementvape.de\/wp-content\/uploads\/2024\/06\/Wotofo-Manik-Pod-Mod-Kit.webp","contentUrl":"https:\/\/www.elementvape.de\/wp-content\/uploads\/2024\/06\/Wotofo-Manik-Pod-Mod-Kit.webp","width":600,"height":600,"caption":"Wotofo-Manik-Pod-Mod-Kit"},{"@type":"BreadcrumbList","@id":"https:\/\/www.elementvape.de\/sv\/produkt\/wotofo-manik-pod-mod-kit\/#breadcrumb","itemListElement":[{"@type":"ListItem","position":1,"name":"Home","item":"https:\/\/www.elementvape.de\/"},{"@type":"ListItem","position":2,"name":"Shop","item":"https:\/\/www.elementvape.de\/shop\/"},{"@type":"ListItem","position":3,"name":"Wotofo Manik Pod Mod Kit"}]},{"@type":"WebSite","@id":"https:\/\/www.elementvape.de\/#website","url":"https:\/\/www.elementvape.de\/","name":"ElementVape.de","description":"","publisher":{"@id":"https:\/\/www.elementvape.de\/#organization"},"potentialAction":[{"@type":"SearchAction","target":{"@type":"EntryPoint","urlTemplate":"https:\/\/www.elementvape.de\/?s={search_term_string}"},"query-input":"required name=search_term_string"}],"inLanguage":"es"},{"@type":"Organization","@id":"https:\/\/www.elementvape.de\/#organization","name":"ElementVape.DE","url":"https:\/\/www.elementvape.de\/","logo":{"@type":"ImageObject","inLanguage":"es","@id":"https:\/\/www.elementvape.de\/#\/schema\/logo\/image\/","url":"https:\/\/www.elementvape.de\/wp-content\/uploads\/2024\/09\/cropped-1elementvape-3.png","contentUrl":"https:\/\/www.elementvape.de\/wp-content\/uploads\/2024\/09\/cropped-1elementvape-3.png","width":285,"height":228,"caption":"ElementVape.DE"},"image":{"@id":"https:\/\/www.elementvape.de\/#\/schema\/logo\/image\/"}}]}},"_links":{"self":[{"href":"https:\/\/www.elementvape.de\/es\/wp-json\/wp\/v2\/product\/12377"}],"collection":[{"href":"https:\/\/www.elementvape.de\/es\/wp-json\/wp\/v2\/product"}],"about":[{"href":"https:\/\/www.elementvape.de\/es\/wp-json\/wp\/v2\/types\/product"}],"wp:featuredmedia":[{"embeddable":true,"href":"https:\/\/www.elementvape.de\/es\/wp-json\/wp\/v2\/media\/12378"}],"wp:attachment":[{"href":"https:\/\/www.elementvape.de\/es\/wp-json\/wp\/v2\/media?parent=12377"}],"wp:term":[{"taxonomy":"product_cat","embeddable":true,"href":"https:\/\/www.elementvape.de\/es\/wp-json\/wp\/v2\/product_cat?post=12377"},{"taxonomy":"product_tag","embeddable":true,"href":"https:\/\/www.elementvape.de\/es\/wp-json\/wp\/v2\/product_tag?post=12377"}],"curies":[{"name":"wp","href":"https:\/\/api.w.org\/{rel}","templated":true}]}}