{"id":12328,"date":"2024-06-18T02:58:12","date_gmt":"2024-06-18T02:58:12","guid":{"rendered":"https:\/\/www.elementvape.de\/?post_type=product&#038;p=12328"},"modified":"2024-09-12T10:36:02","modified_gmt":"2024-09-12T10:36:02","slug":"voopoo-argus-g2-pod-system-kit","status":"publish","type":"product","link":"https:\/\/www.elementvape.de\/es\/produkt\/voopoo-argus-g2-pod-system-kit\/","title":{"rendered":"Kit de Sistema de Pod VOOPOO Argus G2"},"content":{"rendered":"<h3>Descripci\u00f3n del producto de vapeo VOOPOO Argus G2<\/h3>\n<p>El Argus G2 contin\u00faa con el sabor suave y la sensaci\u00f3n agradable del Argus, ofreciendo funciones interactivas flexibles y divertidas. Con 3 opciones de interfaz de usuario y 3 animaciones (llamas, platillos voladores y tazas coloridas), adem\u00e1s de 3 modos de ajuste de potencia (Smart, Super y ECO), vapear se convierte en un placer. El kit Argus G2 incluye un cartucho completamente actualizado, el cartucho de llenado superior Argus, con una capacidad de 3 ml, que evita fugas durante 30 d\u00edas y ofrece una vida \u00fatil de las bobinas de 90 ml. Adem\u00e1s, es compatible con dispositivos de la familia Argus Pod (Argus Pod de llenado lateral 1,2 Ohm\/0,7 Ohm). Dise\u00f1ado con iCOSM CODE, el VOOPOO Argus G2 ofrece una experiencia de vapeo vers\u00e1til, desde MTL hasta RDL. La bater\u00eda incorporada de 1000 mAh proporciona un rendimiento duradero de hasta 30 W.<\/p>\n<h3>Par\u00e1metros del pod<\/h3>\n<ul>\n<li><strong>Capacidad:<\/strong> Capacidad: 3,0 ml \/ 2,0 ml (TPD)<\/li>\n<li><strong>Material:<\/strong> PCTG<\/li>\n<li><strong>Resistencia:<\/strong> Resistencia: 0,4 Ohm \/ 0,7 Ohm<\/li>\n<li><strong>L\u00edquido electr\u00f3nico recomendado:<\/strong> Nicotina \u2264 50 mg<\/li>\n<\/ul>\n<h3>Par\u00e1metros del dispositivo<\/h3>\n<ul>\n<li><strong>Material:<\/strong> Aleaci\u00f3n de zinc + PC<\/li>\n<li><strong>Tama\u00f1o:<\/strong> 121 x 26,4 x 15,2 mm (est\u00e1ndar) \/ 116 x 26,4 x 15,2 mm (TPD)<\/li>\n<li><strong>Potencia de salida:<\/strong> Potencia: 5 \u2013 30 W<\/li>\n<li><strong>Voltaje de salida:<\/strong> 3,2 \u2013 4,2 V<\/li>\n<li><strong>Resistencia:<\/strong> Rango de resistencia: 0,4 \u2013 3,0 Ohm<\/li>\n<li><strong>Capacidad de la bater\u00eda:<\/strong> Bater\u00eda de 1000 mAh (integrada)<\/li>\n<\/ul>\n<h3>Incluye<\/h3>\n<ul>\n<li>1 x dispositivo Argus G2<\/li>\n<li>1 x cartucho de llenado superior Argus de 0,4 Ohm (3 ml)<\/li>\n<li>Cartucho Argus Top Fill de 1 x 0,7 Ohm (3 ml)<\/li>\n<li>1 x Cable tipo C<\/li>\n<li>1 x Manual de usuario<\/li>\n<li>1 x cord\u00f3n de llavero<\/li>\n<\/ul>\n<h3>M\u00e1s funciones<\/h3>\n<ul>\n<li><strong>Interfaces de UI interactivas:<\/strong> 3 opciones (llamas, platillos voladores, tazas de colores)<\/li>\n<li><strong>Modos de ajuste de potencia:<\/strong> Inteligente, S\u00faper y ECO<\/li>\n<li><strong>Compatibilidad:<\/strong> Con dispositivos de la familia Argus Pod (Side-Fill Argus Pod 1,2 Ohm\/0,7 Ohm)<\/li>\n<li><strong>Duraci\u00f3n de las bobinas:<\/strong> 90 ml de e-l\u00edquido<\/li>\n<li><strong>Tiempo de uso sin fugas:<\/strong> 30 d\u00edas<\/li>\n<li><strong>Desarrollado con iCOSM CODE:<\/strong> Ofrece una experiencia de vapeo diversa, desde MTL hasta RDL<\/li>\n<\/ul>\n<p>El VOOPOO Argus G2 combina tecnolog\u00eda avanzada con funciones vers\u00e1tiles para ofrecer una experiencia de vapeo \u00fanica y personalizable. Perfecto para vapeadores que valoran calidad e interactividad.<\/p>","protected":false},"excerpt":{"rendered":"<p>VOOPOO Argus G2 Vape-Produktbeschreibung Der Argus G2 setzt den sanften Geschmack und das angenehme Gef\u00fchl des Argus G fort und bietet dabei flexible und unterhaltsame interaktive Funktionen. Mit 3 UI-Schnittstellenoptionen und 3 Animationen (Flammen, fliegende Untertassen und bunte Tassen) sowie 3 Leistungsanpassungsmodi (Smart, Super und ECO) wird das Dampfen zum Vergn\u00fcgen. Das Argus G2-Kit enth\u00e4lt [&hellip;]<\/p>","protected":false},"featured_media":12330,"template":"","meta":{"inline_featured_image":false},"product_cat":[754,745,742,748,744,755,738,751,76],"product_tag":[],"tiered_pricing_type":"fixed","tiered_pricing_fixed_rules":[],"tiered_pricing_percentage_rules":[],"tiered_pricing_minimum":1,"_administrator_tiered_pricing_type":"fixed","_administrator_tiered_pricing_fixed_rules":[],"_editor_tiered_pricing_type":"fixed","_editor_tiered_pricing_fixed_rules":[],"_author_tiered_pricing_type":"fixed","_author_tiered_pricing_fixed_rules":[],"_contributor_tiered_pricing_type":"fixed","_contributor_tiered_pricing_fixed_rules":[],"_subscriber_tiered_pricing_type":"fixed","_subscriber_tiered_pricing_fixed_rules":[],"_customer_tiered_pricing_type":"fixed","_customer_tiered_pricing_fixed_rules":[],"_shop_manager_tiered_pricing_type":"fixed","_shop_manager_tiered_pricing_fixed_rules":[],"_wpseo_manager_tiered_pricing_type":"fixed","_wpseo_manager_tiered_pricing_fixed_rules":[],"_wpseo_editor_tiered_pricing_type":"fixed","_wpseo_editor_tiered_pricing_fixed_rules":[],"_wholesale_customer_tiered_pricing_type":"fixed","_wholesale_customer_tiered_pricing_fixed_rules":[],"_marketer_tiered_pricing_type":"fixed","_marketer_tiered_pricing_fixed_rules":[],"_sales_manager_tiered_pricing_type":"fixed","_sales_manager_tiered_pricing_fixed_rules":[],"_sales_rep_tiered_pricing_type":"fixed","_sales_rep_tiered_pricing_fixed_rules":[],"yoast_head":"<!-- This site is optimized with the Yoast SEO plugin v23.3 - https:\/\/yoast.com\/wordpress\/plugins\/seo\/ -->\n<title>VOOPOO Argus G2 Pod System Kit | ElementVape.de<\/title>\n<meta name=\"description\" content=\"Wir bieten VOOPOO Argus G2 Pod System Kit , Elementvape.de akzeptieren Gro\u00df-und Einzelhandel Bestellungen.\" \/>\n<meta name=\"robots\" content=\"index, follow, max-snippet:-1, max-image-preview:large, max-video-preview:-1\" \/>\n<link rel=\"canonical\" href=\"https:\/\/www.elementvape.de\/es\/produkt\/voopoo-argus-g2-pod-system-kit\/\" \/>\n<meta property=\"og:locale\" content=\"es_ES\" \/>\n<meta property=\"og:type\" content=\"article\" \/>\n<meta property=\"og:title\" content=\"VOOPOO Argus G2 Pod System Kit | ElementVape.de\" \/>\n<meta property=\"og:description\" content=\"Wir bieten VOOPOO Argus G2 Pod System Kit , Elementvape.de akzeptieren Gro\u00df-und Einzelhandel Bestellungen.\" \/>\n<meta property=\"og:url\" content=\"https:\/\/www.elementvape.de\/es\/produkt\/voopoo-argus-g2-pod-system-kit\/\" \/>\n<meta property=\"og:site_name\" content=\"ElementVape.de\" \/>\n<meta property=\"article:modified_time\" content=\"2024-09-12T10:36:02+00:00\" \/>\n<meta property=\"og:image\" content=\"https:\/\/www.elementvape.de\/wp-content\/uploads\/2024\/06\/Argus-G2-Pod-Kit-1.webp\" \/>\n\t<meta property=\"og:image:width\" content=\"800\" \/>\n\t<meta property=\"og:image:height\" content=\"800\" \/>\n\t<meta property=\"og:image:type\" content=\"image\/webp\" \/>\n<meta name=\"twitter:card\" content=\"summary_large_image\" \/>\n<meta name=\"twitter:label1\" content=\"Est. reading time\" \/>\n\t<meta name=\"twitter:data1\" content=\"2 minutos\" \/>\n<script type=\"application\/ld+json\" class=\"yoast-schema-graph\">{\"@context\":\"https:\/\/schema.org\",\"@graph\":[{\"@type\":\"WebPage\",\"@id\":\"https:\/\/www.elementvape.de\/lt\/produkt\/voopoo-argus-g2-pod-system-kit\/\",\"url\":\"https:\/\/www.elementvape.de\/lt\/produkt\/voopoo-argus-g2-pod-system-kit\/\",\"name\":\"VOOPOO Argus G2 Pod System Kit | ElementVape.de\",\"isPartOf\":{\"@id\":\"https:\/\/www.elementvape.de\/#website\"},\"primaryImageOfPage\":{\"@id\":\"https:\/\/www.elementvape.de\/lt\/produkt\/voopoo-argus-g2-pod-system-kit\/#primaryimage\"},\"image\":{\"@id\":\"https:\/\/www.elementvape.de\/lt\/produkt\/voopoo-argus-g2-pod-system-kit\/#primaryimage\"},\"thumbnailUrl\":\"https:\/\/www.elementvape.de\/wp-content\/uploads\/2024\/06\/Argus-G2-Pod-Kit-1.webp\",\"datePublished\":\"2024-06-18T02:58:12+00:00\",\"dateModified\":\"2024-09-12T10:36:02+00:00\",\"description\":\"Wir bieten VOOPOO Argus G2 Pod System Kit , Elementvape.de akzeptieren Gro\u00df-und Einzelhandel Bestellungen.\",\"breadcrumb\":{\"@id\":\"https:\/\/www.elementvape.de\/lt\/produkt\/voopoo-argus-g2-pod-system-kit\/#breadcrumb\"},\"inLanguage\":\"es\",\"potentialAction\":[{\"@type\":\"ReadAction\",\"target\":[\"https:\/\/www.elementvape.de\/lt\/produkt\/voopoo-argus-g2-pod-system-kit\/\"]}]},{\"@type\":\"ImageObject\",\"inLanguage\":\"es\",\"@id\":\"https:\/\/www.elementvape.de\/lt\/produkt\/voopoo-argus-g2-pod-system-kit\/#primaryimage\",\"url\":\"https:\/\/www.elementvape.de\/wp-content\/uploads\/2024\/06\/Argus-G2-Pod-Kit-1.webp\",\"contentUrl\":\"https:\/\/www.elementvape.de\/wp-content\/uploads\/2024\/06\/Argus-G2-Pod-Kit-1.webp\",\"width\":800,\"height\":800,\"caption\":\"Argus-G2-Pod-Kit-1\"},{\"@type\":\"BreadcrumbList\",\"@id\":\"https:\/\/www.elementvape.de\/lt\/produkt\/voopoo-argus-g2-pod-system-kit\/#breadcrumb\",\"itemListElement\":[{\"@type\":\"ListItem\",\"position\":1,\"name\":\"Home\",\"item\":\"https:\/\/www.elementvape.de\/\"},{\"@type\":\"ListItem\",\"position\":2,\"name\":\"Shop\",\"item\":\"https:\/\/www.elementvape.de\/shop\/\"},{\"@type\":\"ListItem\",\"position\":3,\"name\":\"VOOPOO Argus G2 Pod System Kit\"}]},{\"@type\":\"WebSite\",\"@id\":\"https:\/\/www.elementvape.de\/#website\",\"url\":\"https:\/\/www.elementvape.de\/\",\"name\":\"ElementVape.de\",\"description\":\"\",\"publisher\":{\"@id\":\"https:\/\/www.elementvape.de\/#organization\"},\"potentialAction\":[{\"@type\":\"SearchAction\",\"target\":{\"@type\":\"EntryPoint\",\"urlTemplate\":\"https:\/\/www.elementvape.de\/?s={search_term_string}\"},\"query-input\":\"required name=search_term_string\"}],\"inLanguage\":\"es\"},{\"@type\":\"Organization\",\"@id\":\"https:\/\/www.elementvape.de\/#organization\",\"name\":\"ElementVape.DE\",\"url\":\"https:\/\/www.elementvape.de\/\",\"logo\":{\"@type\":\"ImageObject\",\"inLanguage\":\"es\",\"@id\":\"https:\/\/www.elementvape.de\/#\/schema\/logo\/image\/\",\"url\":\"https:\/\/www.elementvape.de\/wp-content\/uploads\/2024\/09\/cropped-1elementvape-3.png\",\"contentUrl\":\"https:\/\/www.elementvape.de\/wp-content\/uploads\/2024\/09\/cropped-1elementvape-3.png\",\"width\":285,\"height\":228,\"caption\":\"ElementVape.DE\"},\"image\":{\"@id\":\"https:\/\/www.elementvape.de\/#\/schema\/logo\/image\/\"}}]}<\/script>\n<!-- \/ Yoast SEO plugin. -->","yoast_head_json":{"title":"VOOPOO Argus G2 Pod System Kit | ElementVape.de","description":"Wir bieten VOOPOO Argus G2 Pod System Kit , Elementvape.de akzeptieren Gro\u00df-und Einzelhandel Bestellungen.","robots":{"index":"index","follow":"follow","max-snippet":"max-snippet:-1","max-image-preview":"max-image-preview:large","max-video-preview":"max-video-preview:-1"},"canonical":"https:\/\/www.elementvape.de\/es\/produkt\/voopoo-argus-g2-pod-system-kit\/","og_locale":"es_ES","og_type":"article","og_title":"VOOPOO Argus G2 Pod System Kit | ElementVape.de","og_description":"Wir bieten VOOPOO Argus G2 Pod System Kit , Elementvape.de akzeptieren Gro\u00df-und Einzelhandel Bestellungen.","og_url":"https:\/\/www.elementvape.de\/es\/produkt\/voopoo-argus-g2-pod-system-kit\/","og_site_name":"ElementVape.de","article_modified_time":"2024-09-12T10:36:02+00:00","og_image":[{"width":800,"height":800,"url":"https:\/\/www.elementvape.de\/wp-content\/uploads\/2024\/06\/Argus-G2-Pod-Kit-1.webp","type":"image\/webp"}],"twitter_card":"summary_large_image","twitter_misc":{"Est. reading time":"2 minutos"},"schema":{"@context":"https:\/\/schema.org","@graph":[{"@type":"WebPage","@id":"https:\/\/www.elementvape.de\/lt\/produkt\/voopoo-argus-g2-pod-system-kit\/","url":"https:\/\/www.elementvape.de\/lt\/produkt\/voopoo-argus-g2-pod-system-kit\/","name":"VOOPOO Argus G2 Pod System Kit | ElementVape.de","isPartOf":{"@id":"https:\/\/www.elementvape.de\/#website"},"primaryImageOfPage":{"@id":"https:\/\/www.elementvape.de\/lt\/produkt\/voopoo-argus-g2-pod-system-kit\/#primaryimage"},"image":{"@id":"https:\/\/www.elementvape.de\/lt\/produkt\/voopoo-argus-g2-pod-system-kit\/#primaryimage"},"thumbnailUrl":"https:\/\/www.elementvape.de\/wp-content\/uploads\/2024\/06\/Argus-G2-Pod-Kit-1.webp","datePublished":"2024-06-18T02:58:12+00:00","dateModified":"2024-09-12T10:36:02+00:00","description":"Wir bieten VOOPOO Argus G2 Pod System Kit , Elementvape.de akzeptieren Gro\u00df-und Einzelhandel Bestellungen.","breadcrumb":{"@id":"https:\/\/www.elementvape.de\/lt\/produkt\/voopoo-argus-g2-pod-system-kit\/#breadcrumb"},"inLanguage":"es","potentialAction":[{"@type":"ReadAction","target":["https:\/\/www.elementvape.de\/lt\/produkt\/voopoo-argus-g2-pod-system-kit\/"]}]},{"@type":"ImageObject","inLanguage":"es","@id":"https:\/\/www.elementvape.de\/lt\/produkt\/voopoo-argus-g2-pod-system-kit\/#primaryimage","url":"https:\/\/www.elementvape.de\/wp-content\/uploads\/2024\/06\/Argus-G2-Pod-Kit-1.webp","contentUrl":"https:\/\/www.elementvape.de\/wp-content\/uploads\/2024\/06\/Argus-G2-Pod-Kit-1.webp","width":800,"height":800,"caption":"Argus-G2-Pod-Kit-1"},{"@type":"BreadcrumbList","@id":"https:\/\/www.elementvape.de\/lt\/produkt\/voopoo-argus-g2-pod-system-kit\/#breadcrumb","itemListElement":[{"@type":"ListItem","position":1,"name":"Home","item":"https:\/\/www.elementvape.de\/"},{"@type":"ListItem","position":2,"name":"Shop","item":"https:\/\/www.elementvape.de\/shop\/"},{"@type":"ListItem","position":3,"name":"VOOPOO Argus G2 Pod System Kit"}]},{"@type":"WebSite","@id":"https:\/\/www.elementvape.de\/#website","url":"https:\/\/www.elementvape.de\/","name":"ElementVape.de","description":"","publisher":{"@id":"https:\/\/www.elementvape.de\/#organization"},"potentialAction":[{"@type":"SearchAction","target":{"@type":"EntryPoint","urlTemplate":"https:\/\/www.elementvape.de\/?s={search_term_string}"},"query-input":"required name=search_term_string"}],"inLanguage":"es"},{"@type":"Organization","@id":"https:\/\/www.elementvape.de\/#organization","name":"ElementVape.DE","url":"https:\/\/www.elementvape.de\/","logo":{"@type":"ImageObject","inLanguage":"es","@id":"https:\/\/www.elementvape.de\/#\/schema\/logo\/image\/","url":"https:\/\/www.elementvape.de\/wp-content\/uploads\/2024\/09\/cropped-1elementvape-3.png","contentUrl":"https:\/\/www.elementvape.de\/wp-content\/uploads\/2024\/09\/cropped-1elementvape-3.png","width":285,"height":228,"caption":"ElementVape.DE"},"image":{"@id":"https:\/\/www.elementvape.de\/#\/schema\/logo\/image\/"}}]}},"_links":{"self":[{"href":"https:\/\/www.elementvape.de\/es\/wp-json\/wp\/v2\/product\/12328"}],"collection":[{"href":"https:\/\/www.elementvape.de\/es\/wp-json\/wp\/v2\/product"}],"about":[{"href":"https:\/\/www.elementvape.de\/es\/wp-json\/wp\/v2\/types\/product"}],"wp:featuredmedia":[{"embeddable":true,"href":"https:\/\/www.elementvape.de\/es\/wp-json\/wp\/v2\/media\/12330"}],"wp:attachment":[{"href":"https:\/\/www.elementvape.de\/es\/wp-json\/wp\/v2\/media?parent=12328"}],"wp:term":[{"taxonomy":"product_cat","embeddable":true,"href":"https:\/\/www.elementvape.de\/es\/wp-json\/wp\/v2\/product_cat?post=12328"},{"taxonomy":"product_tag","embeddable":true,"href":"https:\/\/www.elementvape.de\/es\/wp-json\/wp\/v2\/product_tag?post=12328"}],"curies":[{"name":"wp","href":"https:\/\/api.w.org\/{rel}","templated":true}]}}