{"id":11713,"date":"2024-06-06T08:08:54","date_gmt":"2024-06-06T08:08:54","guid":{"rendered":"https:\/\/www.elementvape.de\/?post_type=product&#038;p=11713"},"modified":"2024-09-12T10:36:24","modified_gmt":"2024-09-12T10:36:24","slug":"randm-squid-bar-2500-puffs-kaufen-einweg-vape","status":"publish","type":"product","link":"https:\/\/www.elementvape.de\/es\/produkt\/randm-squid-bar-2500-puffs-kaufen-einweg-vape\/","title":{"rendered":"RandM Squid Bar Vape desechable 2500 caladas Comprar"},"content":{"rendered":"<h3>Descripci\u00f3n del producto: Barra RandM Squid<\/h3>\n<p>La <strong>Barra RandM Squid<\/strong> es un dispositivo de vapeo desechable con un dise\u00f1o del popular \u201cJuego del Calamar\u201d. Con una variedad de sabores y diferentes niveles de nicotina, ofrece una experiencia de vaporizaci\u00f3n duradera e intensa.<\/p>\n<h4>Caracter\u00edsticas principales:<\/h4>\n<ul>\n<li><strong>Opciones de nicotina<\/strong>: Disponible en sales de nicotina 0 %, 2 %, 3 % y 5 %.<\/li>\n<li><strong>Capacidad<\/strong>: Contiene 8 ml de e-l\u00edquido.<\/li>\n<li><strong>Caladas<\/strong>: Hasta 2500 caladas por dispositivo.<\/li>\n<li><strong>Mecanismo de ignici\u00f3n<\/strong>: Activado por tracci\u00f3n, para un manejo sencillo.<\/li>\n<li><strong>Dise\u00f1o<\/strong>: Dise\u00f1o \u00fanico del \u201cJuego del Calamar\u201d.<\/li>\n<li><strong>Dispositivo desechable<\/strong>: No recargable ni recargable, ideal para un solo uso.<\/li>\n<\/ul>\n<h4>Variedad de sabores:<\/h4>\n<p>La barra RandM Squid ofrece 16 sabores diferentes:<\/p>\n<ol>\n<li>T\u00e9 de uva con hielo<\/li>\n<li>Menta poderosa<\/li>\n<li>Gominolas<\/li>\n<li>Limonada rosa<\/li>\n<li>Hielo Lush<\/li>\n<li>Pi\u00f1a Colada con Ron<\/li>\n<li>Bayas Mixtas<\/li>\n<li>Hielo de mandarina<\/li>\n<li>Fresa mango<\/li>\n<li>Hielo de ar\u00e1ndano<\/li>\n<li>Kiwi fresa<\/li>\n<li>Helado de guayaba<\/li>\n<li>Helado de pl\u00e1tano<\/li>\n<li>Baya exuberante<\/li>\n<li>Fresa Sand\u00eda<\/li>\n<li>Helado de durazno<\/li>\n<\/ol>\n<h4>Contenido del paquete:<\/h4>\n<ul>\n<li>1 x Bar de RangoM Squid Vape desechable (2500 caladas)<\/li>\n<\/ul>\n<p>La Bar de RangoM Squid combina un dise\u00f1o llamativo con un rendimiento excelente y una variedad de sabores para garantizar una experiencia de vapeo de primera clase.<\/p>","protected":false},"excerpt":{"rendered":"<p>Produktbeschreibung: RandM Squid Bar Die RandM Squid Bar ist ein stylisches Einweg-Vape-Ger\u00e4t im Design des popul\u00e4ren &#8220;Squid Game&#8221;. Mit einer Vielzahl von Geschmacksrichtungen und verschiedenen Nikotinst\u00e4rken bietet es ein langanhaltendes und intensives Dampferlebnis. Hauptmerkmale: Nikotinoptionen: Verf\u00fcgbar in 0 %, 2 %, 3 % und 5 % Nikotinsalz. Fassungsverm\u00f6gen: Enth\u00e4lt 8 ml E-Liquid. Z\u00fcge: Bis zu [&hellip;]<\/p>","protected":false},"featured_media":11714,"template":"","meta":{"inline_featured_image":false},"product_cat":[78,754,745,742,748,744,755,738,751],"product_tag":[676],"tiered_pricing_type":"fixed","tiered_pricing_fixed_rules":[],"tiered_pricing_percentage_rules":[],"tiered_pricing_minimum":1,"_administrator_tiered_pricing_type":"fixed","_administrator_tiered_pricing_fixed_rules":[],"_editor_tiered_pricing_type":"fixed","_editor_tiered_pricing_fixed_rules":[],"_author_tiered_pricing_type":"fixed","_author_tiered_pricing_fixed_rules":[],"_contributor_tiered_pricing_type":"fixed","_contributor_tiered_pricing_fixed_rules":[],"_subscriber_tiered_pricing_type":"fixed","_subscriber_tiered_pricing_fixed_rules":[],"_customer_tiered_pricing_type":"fixed","_customer_tiered_pricing_fixed_rules":[],"_shop_manager_tiered_pricing_type":"fixed","_shop_manager_tiered_pricing_fixed_rules":[],"_wpseo_manager_tiered_pricing_type":"fixed","_wpseo_manager_tiered_pricing_fixed_rules":[],"_wpseo_editor_tiered_pricing_type":"fixed","_wpseo_editor_tiered_pricing_fixed_rules":[],"_wholesale_customer_tiered_pricing_type":"fixed","_wholesale_customer_tiered_pricing_fixed_rules":[],"_marketer_tiered_pricing_type":"fixed","_marketer_tiered_pricing_fixed_rules":[],"_sales_manager_tiered_pricing_type":"fixed","_sales_manager_tiered_pricing_fixed_rules":[],"_sales_rep_tiered_pricing_type":"fixed","_sales_rep_tiered_pricing_fixed_rules":[],"yoast_head":"<!-- This site is optimized with the Yoast SEO plugin v23.3 - https:\/\/yoast.com\/wordpress\/plugins\/seo\/ -->\n<title>RandM Squid Bar 2500 Puffs Kaufen Einweg-Vape | ElementVape.de<\/title>\n<meta name=\"description\" content=\"Wir bieten RandM Squid Bar 2500 Puffs Kaufen Einweg-Vape , Elementvape.de akzeptieren Gro\u00df-und Einzelhandel Bestellungen.\" \/>\n<meta name=\"robots\" content=\"index, follow, max-snippet:-1, max-image-preview:large, max-video-preview:-1\" \/>\n<link rel=\"canonical\" href=\"https:\/\/www.elementvape.de\/es\/produkt\/randm-squid-bar-2500-puffs-kaufen-einweg-vape\/\" \/>\n<meta property=\"og:locale\" content=\"es_ES\" \/>\n<meta property=\"og:type\" content=\"article\" \/>\n<meta property=\"og:title\" content=\"RandM Squid Bar 2500 Puffs Kaufen Einweg-Vape | ElementVape.de\" \/>\n<meta property=\"og:description\" content=\"Wir bieten RandM Squid Bar 2500 Puffs Kaufen Einweg-Vape , Elementvape.de akzeptieren Gro\u00df-und Einzelhandel Bestellungen.\" \/>\n<meta property=\"og:url\" content=\"https:\/\/www.elementvape.de\/es\/produkt\/randm-squid-bar-2500-puffs-kaufen-einweg-vape\/\" \/>\n<meta property=\"og:site_name\" content=\"ElementVape.de\" \/>\n<meta property=\"article:modified_time\" content=\"2024-09-12T10:36:24+00:00\" \/>\n<meta property=\"og:image\" content=\"https:\/\/www.elementvape.de\/wp-content\/uploads\/2024\/06\/RandMSquidBar2500PuffsDisposableVape_1.webp\" \/>\n\t<meta property=\"og:image:width\" content=\"800\" \/>\n\t<meta property=\"og:image:height\" content=\"800\" \/>\n\t<meta property=\"og:image:type\" content=\"image\/webp\" \/>\n<meta name=\"twitter:card\" content=\"summary_large_image\" \/>\n<meta name=\"twitter:label1\" content=\"Est. reading time\" \/>\n\t<meta name=\"twitter:data1\" content=\"2 minutos\" \/>\n<script type=\"application\/ld+json\" class=\"yoast-schema-graph\">{\"@context\":\"https:\/\/schema.org\",\"@graph\":[{\"@type\":\"WebPage\",\"@id\":\"https:\/\/www.elementvape.de\/nl\/produkt\/randm-squid-bar-2500-puffs-kaufen-einweg-vape\/\",\"url\":\"https:\/\/www.elementvape.de\/nl\/produkt\/randm-squid-bar-2500-puffs-kaufen-einweg-vape\/\",\"name\":\"RandM Squid Bar 2500 Puffs Kaufen Einweg-Vape | ElementVape.de\",\"isPartOf\":{\"@id\":\"https:\/\/www.elementvape.de\/#website\"},\"primaryImageOfPage\":{\"@id\":\"https:\/\/www.elementvape.de\/nl\/produkt\/randm-squid-bar-2500-puffs-kaufen-einweg-vape\/#primaryimage\"},\"image\":{\"@id\":\"https:\/\/www.elementvape.de\/nl\/produkt\/randm-squid-bar-2500-puffs-kaufen-einweg-vape\/#primaryimage\"},\"thumbnailUrl\":\"https:\/\/www.elementvape.de\/wp-content\/uploads\/2024\/06\/RandMSquidBar2500PuffsDisposableVape_1.webp\",\"datePublished\":\"2024-06-06T08:08:54+00:00\",\"dateModified\":\"2024-09-12T10:36:24+00:00\",\"description\":\"Wir bieten RandM Squid Bar 2500 Puffs Kaufen Einweg-Vape , Elementvape.de akzeptieren Gro\u00df-und Einzelhandel Bestellungen.\",\"breadcrumb\":{\"@id\":\"https:\/\/www.elementvape.de\/nl\/produkt\/randm-squid-bar-2500-puffs-kaufen-einweg-vape\/#breadcrumb\"},\"inLanguage\":\"es\",\"potentialAction\":[{\"@type\":\"ReadAction\",\"target\":[\"https:\/\/www.elementvape.de\/nl\/produkt\/randm-squid-bar-2500-puffs-kaufen-einweg-vape\/\"]}]},{\"@type\":\"ImageObject\",\"inLanguage\":\"es\",\"@id\":\"https:\/\/www.elementvape.de\/nl\/produkt\/randm-squid-bar-2500-puffs-kaufen-einweg-vape\/#primaryimage\",\"url\":\"https:\/\/www.elementvape.de\/wp-content\/uploads\/2024\/06\/RandMSquidBar2500PuffsDisposableVape_1.webp\",\"contentUrl\":\"https:\/\/www.elementvape.de\/wp-content\/uploads\/2024\/06\/RandMSquidBar2500PuffsDisposableVape_1.webp\",\"width\":800,\"height\":800,\"caption\":\"RandMSquidBar2500PuffsDisposableVape_1\"},{\"@type\":\"BreadcrumbList\",\"@id\":\"https:\/\/www.elementvape.de\/nl\/produkt\/randm-squid-bar-2500-puffs-kaufen-einweg-vape\/#breadcrumb\",\"itemListElement\":[{\"@type\":\"ListItem\",\"position\":1,\"name\":\"Home\",\"item\":\"https:\/\/www.elementvape.de\/\"},{\"@type\":\"ListItem\",\"position\":2,\"name\":\"Shop\",\"item\":\"https:\/\/www.elementvape.de\/shop\/\"},{\"@type\":\"ListItem\",\"position\":3,\"name\":\"RandM Squid Bar 2500 Puffs Kaufen Einweg-Vape\"}]},{\"@type\":\"WebSite\",\"@id\":\"https:\/\/www.elementvape.de\/#website\",\"url\":\"https:\/\/www.elementvape.de\/\",\"name\":\"ElementVape.de\",\"description\":\"\",\"publisher\":{\"@id\":\"https:\/\/www.elementvape.de\/#organization\"},\"potentialAction\":[{\"@type\":\"SearchAction\",\"target\":{\"@type\":\"EntryPoint\",\"urlTemplate\":\"https:\/\/www.elementvape.de\/?s={search_term_string}\"},\"query-input\":\"required name=search_term_string\"}],\"inLanguage\":\"es\"},{\"@type\":\"Organization\",\"@id\":\"https:\/\/www.elementvape.de\/#organization\",\"name\":\"ElementVape.DE\",\"url\":\"https:\/\/www.elementvape.de\/\",\"logo\":{\"@type\":\"ImageObject\",\"inLanguage\":\"es\",\"@id\":\"https:\/\/www.elementvape.de\/#\/schema\/logo\/image\/\",\"url\":\"https:\/\/www.elementvape.de\/wp-content\/uploads\/2024\/09\/cropped-1elementvape-3.png\",\"contentUrl\":\"https:\/\/www.elementvape.de\/wp-content\/uploads\/2024\/09\/cropped-1elementvape-3.png\",\"width\":285,\"height\":228,\"caption\":\"ElementVape.DE\"},\"image\":{\"@id\":\"https:\/\/www.elementvape.de\/#\/schema\/logo\/image\/\"}}]}<\/script>\n<!-- \/ Yoast SEO plugin. -->","yoast_head_json":{"title":"RandM Squid Bar 2500 Puffs Kaufen Einweg-Vape | ElementVape.de","description":"Wir bieten RandM Squid Bar 2500 Puffs Kaufen Einweg-Vape , Elementvape.de akzeptieren Gro\u00df-und Einzelhandel Bestellungen.","robots":{"index":"index","follow":"follow","max-snippet":"max-snippet:-1","max-image-preview":"max-image-preview:large","max-video-preview":"max-video-preview:-1"},"canonical":"https:\/\/www.elementvape.de\/es\/produkt\/randm-squid-bar-2500-puffs-kaufen-einweg-vape\/","og_locale":"es_ES","og_type":"article","og_title":"RandM Squid Bar 2500 Puffs Kaufen Einweg-Vape | ElementVape.de","og_description":"Wir bieten RandM Squid Bar 2500 Puffs Kaufen Einweg-Vape , Elementvape.de akzeptieren Gro\u00df-und Einzelhandel Bestellungen.","og_url":"https:\/\/www.elementvape.de\/es\/produkt\/randm-squid-bar-2500-puffs-kaufen-einweg-vape\/","og_site_name":"ElementVape.de","article_modified_time":"2024-09-12T10:36:24+00:00","og_image":[{"width":800,"height":800,"url":"https:\/\/www.elementvape.de\/wp-content\/uploads\/2024\/06\/RandMSquidBar2500PuffsDisposableVape_1.webp","type":"image\/webp"}],"twitter_card":"summary_large_image","twitter_misc":{"Est. reading time":"2 minutos"},"schema":{"@context":"https:\/\/schema.org","@graph":[{"@type":"WebPage","@id":"https:\/\/www.elementvape.de\/nl\/produkt\/randm-squid-bar-2500-puffs-kaufen-einweg-vape\/","url":"https:\/\/www.elementvape.de\/nl\/produkt\/randm-squid-bar-2500-puffs-kaufen-einweg-vape\/","name":"RandM Squid Bar 2500 Puffs Kaufen Einweg-Vape | ElementVape.de","isPartOf":{"@id":"https:\/\/www.elementvape.de\/#website"},"primaryImageOfPage":{"@id":"https:\/\/www.elementvape.de\/nl\/produkt\/randm-squid-bar-2500-puffs-kaufen-einweg-vape\/#primaryimage"},"image":{"@id":"https:\/\/www.elementvape.de\/nl\/produkt\/randm-squid-bar-2500-puffs-kaufen-einweg-vape\/#primaryimage"},"thumbnailUrl":"https:\/\/www.elementvape.de\/wp-content\/uploads\/2024\/06\/RandMSquidBar2500PuffsDisposableVape_1.webp","datePublished":"2024-06-06T08:08:54+00:00","dateModified":"2024-09-12T10:36:24+00:00","description":"Wir bieten RandM Squid Bar 2500 Puffs Kaufen Einweg-Vape , Elementvape.de akzeptieren Gro\u00df-und Einzelhandel Bestellungen.","breadcrumb":{"@id":"https:\/\/www.elementvape.de\/nl\/produkt\/randm-squid-bar-2500-puffs-kaufen-einweg-vape\/#breadcrumb"},"inLanguage":"es","potentialAction":[{"@type":"ReadAction","target":["https:\/\/www.elementvape.de\/nl\/produkt\/randm-squid-bar-2500-puffs-kaufen-einweg-vape\/"]}]},{"@type":"ImageObject","inLanguage":"es","@id":"https:\/\/www.elementvape.de\/nl\/produkt\/randm-squid-bar-2500-puffs-kaufen-einweg-vape\/#primaryimage","url":"https:\/\/www.elementvape.de\/wp-content\/uploads\/2024\/06\/RandMSquidBar2500PuffsDisposableVape_1.webp","contentUrl":"https:\/\/www.elementvape.de\/wp-content\/uploads\/2024\/06\/RandMSquidBar2500PuffsDisposableVape_1.webp","width":800,"height":800,"caption":"RandMSquidBar2500PuffsDisposableVape_1"},{"@type":"BreadcrumbList","@id":"https:\/\/www.elementvape.de\/nl\/produkt\/randm-squid-bar-2500-puffs-kaufen-einweg-vape\/#breadcrumb","itemListElement":[{"@type":"ListItem","position":1,"name":"Home","item":"https:\/\/www.elementvape.de\/"},{"@type":"ListItem","position":2,"name":"Shop","item":"https:\/\/www.elementvape.de\/shop\/"},{"@type":"ListItem","position":3,"name":"RandM Squid Bar 2500 Puffs Kaufen Einweg-Vape"}]},{"@type":"WebSite","@id":"https:\/\/www.elementvape.de\/#website","url":"https:\/\/www.elementvape.de\/","name":"ElementVape.de","description":"","publisher":{"@id":"https:\/\/www.elementvape.de\/#organization"},"potentialAction":[{"@type":"SearchAction","target":{"@type":"EntryPoint","urlTemplate":"https:\/\/www.elementvape.de\/?s={search_term_string}"},"query-input":"required name=search_term_string"}],"inLanguage":"es"},{"@type":"Organization","@id":"https:\/\/www.elementvape.de\/#organization","name":"ElementVape.DE","url":"https:\/\/www.elementvape.de\/","logo":{"@type":"ImageObject","inLanguage":"es","@id":"https:\/\/www.elementvape.de\/#\/schema\/logo\/image\/","url":"https:\/\/www.elementvape.de\/wp-content\/uploads\/2024\/09\/cropped-1elementvape-3.png","contentUrl":"https:\/\/www.elementvape.de\/wp-content\/uploads\/2024\/09\/cropped-1elementvape-3.png","width":285,"height":228,"caption":"ElementVape.DE"},"image":{"@id":"https:\/\/www.elementvape.de\/#\/schema\/logo\/image\/"}}]}},"_links":{"self":[{"href":"https:\/\/www.elementvape.de\/es\/wp-json\/wp\/v2\/product\/11713"}],"collection":[{"href":"https:\/\/www.elementvape.de\/es\/wp-json\/wp\/v2\/product"}],"about":[{"href":"https:\/\/www.elementvape.de\/es\/wp-json\/wp\/v2\/types\/product"}],"wp:featuredmedia":[{"embeddable":true,"href":"https:\/\/www.elementvape.de\/es\/wp-json\/wp\/v2\/media\/11714"}],"wp:attachment":[{"href":"https:\/\/www.elementvape.de\/es\/wp-json\/wp\/v2\/media?parent=11713"}],"wp:term":[{"taxonomy":"product_cat","embeddable":true,"href":"https:\/\/www.elementvape.de\/es\/wp-json\/wp\/v2\/product_cat?post=11713"},{"taxonomy":"product_tag","embeddable":true,"href":"https:\/\/www.elementvape.de\/es\/wp-json\/wp\/v2\/product_tag?post=11713"}],"curies":[{"name":"wp","href":"https:\/\/api.w.org\/{rel}","templated":true}]}}