{"id":11681,"date":"2024-06-06T07:53:37","date_gmt":"2024-06-06T07:53:37","guid":{"rendered":"https:\/\/www.elementvape.de\/?post_type=product&#038;p=11681"},"modified":"2024-09-12T10:36:25","modified_gmt":"2024-09-12T10:36:25","slug":"randm-dazzle-1000-einweg-vape-kaufen1000-zuege","status":"publish","type":"product","link":"https:\/\/www.elementvape.de\/es\/produkt\/randm-dazzle-1000-einweg-vape-kaufen1000-zuege\/","title":{"rendered":"RandM Dazzle 1000 Vape desechable Comprar 1000 caladas"},"content":{"rendered":"<h3>Descripci\u00f3n del producto: RandM Dazzle 1000<\/h3>\n<p>La <strong>RandM Dazzle 1000<\/strong> es un dispositivo desechable de vapeo llamativo, que destaca por su dise\u00f1o de luces LED coloridas y ofrece una experiencia de vaporizaci\u00f3n intensa. Con diferentes niveles de nicotina y una variedad de sabores, este dispositivo es ideal para vapearers que valoran tanto la calidad como la diversidad.<\/p>\n<h4>Caracter\u00edsticas principales:<\/h4>\n<ul>\n<li><strong>Opciones de nicotina<\/strong>: Disponible en 2 % y 5 % de sal de nicotina (5 % para el mercado espa\u00f1ol).<\/li>\n<li><strong>Capacidad<\/strong>: Contiene 1,99 ml de e-l\u00edquido.<\/li>\n<li><strong>Caladas<\/strong>: M\u00ednimo 560 golpes por dispositivo.<\/li>\n<li><strong>Dise\u00f1o de luz<\/strong>: Luz RGB de 6 colores para una experiencia visual atractiva.<\/li>\n<li><strong>Bater\u00eda<\/strong>: Bater\u00eda integrada de 500 mAh.<\/li>\n<li><strong>Mecanismo de ignici\u00f3n<\/strong>: Mecanismo de encendido activado por tiro para un manejo sencillo.<\/li>\n<li><strong>Certificaci\u00f3n<\/strong>: Certificado TPD, cumple con los est\u00e1ndares de seguridad y calidad europeos.<\/li>\n<\/ul>\n<h4>Variedad de sabores:<\/h4>\n<p>El RandM Dazzle 1000 ofrece 24 sabores diferentes:<\/p>\n<ol>\n<li>Pastel de fresa<\/li>\n<li>Helado de pl\u00e1tano<\/li>\n<li>Caramelos arco\u00edris<\/li>\n<li>Bayas Mixtas<\/li>\n<li>Helado abundante<\/li>\n<li>Durazno con frambuesa<\/li>\n<li>Manzana con bayas<\/li>\n<li>Limonada Blue Razz<\/li>\n<li>Helado de kiwi y sand\u00eda<\/li>\n<li>Fresa y guayaba<\/li>\n<li>Limonada de cereza<\/li>\n<li>Helado de cola<\/li>\n<li>Rojo Poder<\/li>\n<li>Ponche de frutas<\/li>\n<li>Sand\u00eda Chill<\/li>\n<li>Uva fresca<\/li>\n<li>Fanta alegre<\/li>\n<li>Helado de fresa<\/li>\n<li>\u00c1cido azul Russ<\/li>\n<li>Limonada Rosa<\/li>\n<li>Helado de algod\u00f3n de az\u00facar<\/li>\n<li>Azul alegre<\/li>\n<li>Tabaco<\/li>\n<li>Menta fresca<\/li>\n<\/ol>\n<h4>Detalles del embalaje:<\/h4>\n<ul>\n<li><strong>Unidad de embalaje<\/strong>: 10 piezas en una caja de exhibici\u00f3n, 300 piezas en una caja<\/li>\n<li><strong>Peso del cart\u00f3n<\/strong>: 18,5 kg.<\/li>\n<li><strong>Tama\u00f1o de la caja<\/strong>: 54,4 cm x 35,4 cm x 27 cm.<\/li>\n<\/ul>\n<h4>Contenido del paquete:<\/h4>\n<ul>\n<li>1 x RandM Dazzle 1000 Vape desechable (m\u00ednimo 560 caladas)<\/li>\n<\/ul>\n<p>El RandM Dazzle 1000 combina un dise\u00f1o moderno con un rendimiento sobresaliente para ofrecer una experiencia de vapeo de alta calidad. Este cigarrillo electr\u00f3nico es adecuado para nuevos usuarios de cigarrillos electr\u00f3nicos. Aromas frutales fragantes resaltan el sabor a nicotina<\/p>","protected":false},"excerpt":{"rendered":"<p>Produktbeschreibung: RandM Dazzle 1000 Die RandM Dazzle 1000 ist ein auff\u00e4lliges Einweg-Vape-Ger\u00e4t, das durch sein farbenfrohes LED-Lichtdesign besticht und ein intensives Dampferlebnis bietet. Mit verschiedenen Nikotinst\u00e4rken und einer Vielzahl an Geschmacksrichtungen ist dieses Ger\u00e4t ideal f\u00fcr Dampfer, die sowohl Qualit\u00e4t als auch Vielfalt sch\u00e4tzen. Hauptmerkmale: Nikotinoptionen: Verf\u00fcgbar in 2 % und 5 % Nikotinsalz (5 [&hellip;]<\/p>","protected":false},"featured_media":11682,"template":"","meta":{"inline_featured_image":false},"product_cat":[78,754,745,742,748,744,755,738,751],"product_tag":[671],"tiered_pricing_type":"fixed","tiered_pricing_fixed_rules":[],"tiered_pricing_percentage_rules":[],"tiered_pricing_minimum":1,"_administrator_tiered_pricing_type":"fixed","_administrator_tiered_pricing_fixed_rules":[],"_editor_tiered_pricing_type":"fixed","_editor_tiered_pricing_fixed_rules":[],"_author_tiered_pricing_type":"fixed","_author_tiered_pricing_fixed_rules":[],"_contributor_tiered_pricing_type":"fixed","_contributor_tiered_pricing_fixed_rules":[],"_subscriber_tiered_pricing_type":"fixed","_subscriber_tiered_pricing_fixed_rules":[],"_customer_tiered_pricing_type":"fixed","_customer_tiered_pricing_fixed_rules":[],"_shop_manager_tiered_pricing_type":"fixed","_shop_manager_tiered_pricing_fixed_rules":[],"_wpseo_manager_tiered_pricing_type":"fixed","_wpseo_manager_tiered_pricing_fixed_rules":[],"_wpseo_editor_tiered_pricing_type":"fixed","_wpseo_editor_tiered_pricing_fixed_rules":[],"_wholesale_customer_tiered_pricing_type":"fixed","_wholesale_customer_tiered_pricing_fixed_rules":[],"_marketer_tiered_pricing_type":"fixed","_marketer_tiered_pricing_fixed_rules":[],"_sales_manager_tiered_pricing_type":"fixed","_sales_manager_tiered_pricing_fixed_rules":[],"_sales_rep_tiered_pricing_type":"fixed","_sales_rep_tiered_pricing_fixed_rules":[],"yoast_head":"<!-- This site is optimized with the Yoast SEO plugin v23.3 - https:\/\/yoast.com\/wordpress\/plugins\/seo\/ -->\n<title>RandM Dazzle 1000 Einweg-Vape Kaufen1000 Z\u00fcge | ElementVape.de<\/title>\n<meta name=\"description\" content=\"Wir bieten RandM Dazzle 1000 Einweg-Vape Kaufen1000 Z\u00fcge , Elementvape.de akzeptieren Gro\u00df-und Einzelhandel Bestellungen.\" \/>\n<meta name=\"robots\" content=\"index, follow, max-snippet:-1, max-image-preview:large, max-video-preview:-1\" \/>\n<link rel=\"canonical\" href=\"https:\/\/www.elementvape.de\/es\/produkt\/randm-dazzle-1000-einweg-vape-kaufen1000-zuege\/\" \/>\n<meta property=\"og:locale\" content=\"es_ES\" \/>\n<meta property=\"og:type\" content=\"article\" \/>\n<meta property=\"og:title\" content=\"RandM Dazzle 1000 Einweg-Vape Kaufen1000 Z\u00fcge | ElementVape.de\" \/>\n<meta property=\"og:description\" content=\"Wir bieten RandM Dazzle 1000 Einweg-Vape Kaufen1000 Z\u00fcge , Elementvape.de akzeptieren Gro\u00df-und Einzelhandel Bestellungen.\" \/>\n<meta property=\"og:url\" content=\"https:\/\/www.elementvape.de\/es\/produkt\/randm-dazzle-1000-einweg-vape-kaufen1000-zuege\/\" \/>\n<meta property=\"og:site_name\" content=\"ElementVape.de\" \/>\n<meta property=\"article:modified_time\" content=\"2024-09-12T10:36:25+00:00\" \/>\n<meta property=\"og:image\" content=\"https:\/\/www.elementvape.de\/wp-content\/uploads\/2024\/06\/RandMDazzle1000DisposableVape_1.webp\" \/>\n\t<meta property=\"og:image:width\" content=\"800\" \/>\n\t<meta property=\"og:image:height\" content=\"800\" \/>\n\t<meta property=\"og:image:type\" content=\"image\/webp\" \/>\n<meta name=\"twitter:card\" content=\"summary_large_image\" \/>\n<meta name=\"twitter:label1\" content=\"Est. reading time\" \/>\n\t<meta name=\"twitter:data1\" content=\"2 minutos\" \/>\n<script type=\"application\/ld+json\" class=\"yoast-schema-graph\">{\"@context\":\"https:\/\/schema.org\",\"@graph\":[{\"@type\":\"WebPage\",\"@id\":\"https:\/\/www.elementvape.de\/it\/produkt\/randm-dazzle-1000-einweg-vape-kaufen1000-zuege\/\",\"url\":\"https:\/\/www.elementvape.de\/it\/produkt\/randm-dazzle-1000-einweg-vape-kaufen1000-zuege\/\",\"name\":\"RandM Dazzle 1000 Einweg-Vape Kaufen1000 Z\u00fcge | ElementVape.de\",\"isPartOf\":{\"@id\":\"https:\/\/www.elementvape.de\/#website\"},\"primaryImageOfPage\":{\"@id\":\"https:\/\/www.elementvape.de\/it\/produkt\/randm-dazzle-1000-einweg-vape-kaufen1000-zuege\/#primaryimage\"},\"image\":{\"@id\":\"https:\/\/www.elementvape.de\/it\/produkt\/randm-dazzle-1000-einweg-vape-kaufen1000-zuege\/#primaryimage\"},\"thumbnailUrl\":\"https:\/\/www.elementvape.de\/wp-content\/uploads\/2024\/06\/RandMDazzle1000DisposableVape_1.webp\",\"datePublished\":\"2024-06-06T07:53:37+00:00\",\"dateModified\":\"2024-09-12T10:36:25+00:00\",\"description\":\"Wir bieten RandM Dazzle 1000 Einweg-Vape Kaufen1000 Z\u00fcge , Elementvape.de akzeptieren Gro\u00df-und Einzelhandel Bestellungen.\",\"breadcrumb\":{\"@id\":\"https:\/\/www.elementvape.de\/it\/produkt\/randm-dazzle-1000-einweg-vape-kaufen1000-zuege\/#breadcrumb\"},\"inLanguage\":\"es\",\"potentialAction\":[{\"@type\":\"ReadAction\",\"target\":[\"https:\/\/www.elementvape.de\/it\/produkt\/randm-dazzle-1000-einweg-vape-kaufen1000-zuege\/\"]}]},{\"@type\":\"ImageObject\",\"inLanguage\":\"es\",\"@id\":\"https:\/\/www.elementvape.de\/it\/produkt\/randm-dazzle-1000-einweg-vape-kaufen1000-zuege\/#primaryimage\",\"url\":\"https:\/\/www.elementvape.de\/wp-content\/uploads\/2024\/06\/RandMDazzle1000DisposableVape_1.webp\",\"contentUrl\":\"https:\/\/www.elementvape.de\/wp-content\/uploads\/2024\/06\/RandMDazzle1000DisposableVape_1.webp\",\"width\":800,\"height\":800,\"caption\":\"RandMDazzle1000DisposableVape_1\"},{\"@type\":\"BreadcrumbList\",\"@id\":\"https:\/\/www.elementvape.de\/it\/produkt\/randm-dazzle-1000-einweg-vape-kaufen1000-zuege\/#breadcrumb\",\"itemListElement\":[{\"@type\":\"ListItem\",\"position\":1,\"name\":\"Home\",\"item\":\"https:\/\/www.elementvape.de\/\"},{\"@type\":\"ListItem\",\"position\":2,\"name\":\"Shop\",\"item\":\"https:\/\/www.elementvape.de\/shop\/\"},{\"@type\":\"ListItem\",\"position\":3,\"name\":\"RandM Dazzle 1000 Einweg-Vape Kaufen1000 Z\u00fcge\"}]},{\"@type\":\"WebSite\",\"@id\":\"https:\/\/www.elementvape.de\/#website\",\"url\":\"https:\/\/www.elementvape.de\/\",\"name\":\"ElementVape.de\",\"description\":\"\",\"publisher\":{\"@id\":\"https:\/\/www.elementvape.de\/#organization\"},\"potentialAction\":[{\"@type\":\"SearchAction\",\"target\":{\"@type\":\"EntryPoint\",\"urlTemplate\":\"https:\/\/www.elementvape.de\/?s={search_term_string}\"},\"query-input\":\"required name=search_term_string\"}],\"inLanguage\":\"es\"},{\"@type\":\"Organization\",\"@id\":\"https:\/\/www.elementvape.de\/#organization\",\"name\":\"ElementVape.DE\",\"url\":\"https:\/\/www.elementvape.de\/\",\"logo\":{\"@type\":\"ImageObject\",\"inLanguage\":\"es\",\"@id\":\"https:\/\/www.elementvape.de\/#\/schema\/logo\/image\/\",\"url\":\"https:\/\/www.elementvape.de\/wp-content\/uploads\/2024\/09\/cropped-1elementvape-3.png\",\"contentUrl\":\"https:\/\/www.elementvape.de\/wp-content\/uploads\/2024\/09\/cropped-1elementvape-3.png\",\"width\":285,\"height\":228,\"caption\":\"ElementVape.DE\"},\"image\":{\"@id\":\"https:\/\/www.elementvape.de\/#\/schema\/logo\/image\/\"}}]}<\/script>\n<!-- \/ Yoast SEO plugin. -->","yoast_head_json":{"title":"RandM Dazzle 1000 Einweg-Vape Kaufen1000 Z\u00fcge | ElementVape.de","description":"Wir bieten RandM Dazzle 1000 Einweg-Vape Kaufen1000 Z\u00fcge , Elementvape.de akzeptieren Gro\u00df-und Einzelhandel Bestellungen.","robots":{"index":"index","follow":"follow","max-snippet":"max-snippet:-1","max-image-preview":"max-image-preview:large","max-video-preview":"max-video-preview:-1"},"canonical":"https:\/\/www.elementvape.de\/es\/produkt\/randm-dazzle-1000-einweg-vape-kaufen1000-zuege\/","og_locale":"es_ES","og_type":"article","og_title":"RandM Dazzle 1000 Einweg-Vape Kaufen1000 Z\u00fcge | ElementVape.de","og_description":"Wir bieten RandM Dazzle 1000 Einweg-Vape Kaufen1000 Z\u00fcge , Elementvape.de akzeptieren Gro\u00df-und Einzelhandel Bestellungen.","og_url":"https:\/\/www.elementvape.de\/es\/produkt\/randm-dazzle-1000-einweg-vape-kaufen1000-zuege\/","og_site_name":"ElementVape.de","article_modified_time":"2024-09-12T10:36:25+00:00","og_image":[{"width":800,"height":800,"url":"https:\/\/www.elementvape.de\/wp-content\/uploads\/2024\/06\/RandMDazzle1000DisposableVape_1.webp","type":"image\/webp"}],"twitter_card":"summary_large_image","twitter_misc":{"Est. reading time":"2 minutos"},"schema":{"@context":"https:\/\/schema.org","@graph":[{"@type":"WebPage","@id":"https:\/\/www.elementvape.de\/it\/produkt\/randm-dazzle-1000-einweg-vape-kaufen1000-zuege\/","url":"https:\/\/www.elementvape.de\/it\/produkt\/randm-dazzle-1000-einweg-vape-kaufen1000-zuege\/","name":"RandM Dazzle 1000 Einweg-Vape Kaufen1000 Z\u00fcge | ElementVape.de","isPartOf":{"@id":"https:\/\/www.elementvape.de\/#website"},"primaryImageOfPage":{"@id":"https:\/\/www.elementvape.de\/it\/produkt\/randm-dazzle-1000-einweg-vape-kaufen1000-zuege\/#primaryimage"},"image":{"@id":"https:\/\/www.elementvape.de\/it\/produkt\/randm-dazzle-1000-einweg-vape-kaufen1000-zuege\/#primaryimage"},"thumbnailUrl":"https:\/\/www.elementvape.de\/wp-content\/uploads\/2024\/06\/RandMDazzle1000DisposableVape_1.webp","datePublished":"2024-06-06T07:53:37+00:00","dateModified":"2024-09-12T10:36:25+00:00","description":"Wir bieten RandM Dazzle 1000 Einweg-Vape Kaufen1000 Z\u00fcge , Elementvape.de akzeptieren Gro\u00df-und Einzelhandel Bestellungen.","breadcrumb":{"@id":"https:\/\/www.elementvape.de\/it\/produkt\/randm-dazzle-1000-einweg-vape-kaufen1000-zuege\/#breadcrumb"},"inLanguage":"es","potentialAction":[{"@type":"ReadAction","target":["https:\/\/www.elementvape.de\/it\/produkt\/randm-dazzle-1000-einweg-vape-kaufen1000-zuege\/"]}]},{"@type":"ImageObject","inLanguage":"es","@id":"https:\/\/www.elementvape.de\/it\/produkt\/randm-dazzle-1000-einweg-vape-kaufen1000-zuege\/#primaryimage","url":"https:\/\/www.elementvape.de\/wp-content\/uploads\/2024\/06\/RandMDazzle1000DisposableVape_1.webp","contentUrl":"https:\/\/www.elementvape.de\/wp-content\/uploads\/2024\/06\/RandMDazzle1000DisposableVape_1.webp","width":800,"height":800,"caption":"RandMDazzle1000DisposableVape_1"},{"@type":"BreadcrumbList","@id":"https:\/\/www.elementvape.de\/it\/produkt\/randm-dazzle-1000-einweg-vape-kaufen1000-zuege\/#breadcrumb","itemListElement":[{"@type":"ListItem","position":1,"name":"Home","item":"https:\/\/www.elementvape.de\/"},{"@type":"ListItem","position":2,"name":"Shop","item":"https:\/\/www.elementvape.de\/shop\/"},{"@type":"ListItem","position":3,"name":"RandM Dazzle 1000 Einweg-Vape Kaufen1000 Z\u00fcge"}]},{"@type":"WebSite","@id":"https:\/\/www.elementvape.de\/#website","url":"https:\/\/www.elementvape.de\/","name":"ElementVape.de","description":"","publisher":{"@id":"https:\/\/www.elementvape.de\/#organization"},"potentialAction":[{"@type":"SearchAction","target":{"@type":"EntryPoint","urlTemplate":"https:\/\/www.elementvape.de\/?s={search_term_string}"},"query-input":"required name=search_term_string"}],"inLanguage":"es"},{"@type":"Organization","@id":"https:\/\/www.elementvape.de\/#organization","name":"ElementVape.DE","url":"https:\/\/www.elementvape.de\/","logo":{"@type":"ImageObject","inLanguage":"es","@id":"https:\/\/www.elementvape.de\/#\/schema\/logo\/image\/","url":"https:\/\/www.elementvape.de\/wp-content\/uploads\/2024\/09\/cropped-1elementvape-3.png","contentUrl":"https:\/\/www.elementvape.de\/wp-content\/uploads\/2024\/09\/cropped-1elementvape-3.png","width":285,"height":228,"caption":"ElementVape.DE"},"image":{"@id":"https:\/\/www.elementvape.de\/#\/schema\/logo\/image\/"}}]}},"_links":{"self":[{"href":"https:\/\/www.elementvape.de\/es\/wp-json\/wp\/v2\/product\/11681"}],"collection":[{"href":"https:\/\/www.elementvape.de\/es\/wp-json\/wp\/v2\/product"}],"about":[{"href":"https:\/\/www.elementvape.de\/es\/wp-json\/wp\/v2\/types\/product"}],"wp:featuredmedia":[{"embeddable":true,"href":"https:\/\/www.elementvape.de\/es\/wp-json\/wp\/v2\/media\/11682"}],"wp:attachment":[{"href":"https:\/\/www.elementvape.de\/es\/wp-json\/wp\/v2\/media?parent=11681"}],"wp:term":[{"taxonomy":"product_cat","embeddable":true,"href":"https:\/\/www.elementvape.de\/es\/wp-json\/wp\/v2\/product_cat?post=11681"},{"taxonomy":"product_tag","embeddable":true,"href":"https:\/\/www.elementvape.de\/es\/wp-json\/wp\/v2\/product_tag?post=11681"}],"curies":[{"name":"wp","href":"https:\/\/api.w.org\/{rel}","templated":true}]}}