{"id":11573,"date":"2024-06-06T06:15:29","date_gmt":"2024-06-06T06:15:29","guid":{"rendered":"https:\/\/www.elementvape.de\/?post_type=product&#038;p=11573"},"modified":"2024-09-12T10:36:29","modified_gmt":"2024-09-12T10:36:29","slug":"fumot-randm-tornado-box-10000-einweg-vape-10000-zuege","status":"publish","type":"product","link":"https:\/\/www.elementvape.de\/es\/produkt\/fumot-randm-tornado-box-10000-einweg-vape-10000-zuege\/","title":{"rendered":"Fumot Randm Tornado Box 10000 vape desechable 10000 caladas"},"content":{"rendered":"<div class=\"flex-shrink-0 flex flex-col relative items-end\">\n<div>\n<div class=\"pt-0.5 juice:pt-0\">\n<div class=\"gizmo-bot-avatar flex h-6 w-6 items-center justify-center overflow-hidden rounded-full juice:h-8 juice:w-8\">\n<h2 class=\"relative p-1 rounded-sm flex items-center justify-center bg-token-main-surface-primary text-token-text-primary h-8 w-8\"><span style=\"font-size: 1.618em;\">Descripci\u00f3n del producto: Fumot Randm Tornado Box 10000<\/span><\/h2>\n<\/div>\n<\/div>\n<\/div>\n<\/div>\n<div class=\"group\/conversation-turn relative flex w-full min-w-0 flex-col agent-turn\">\n<div class=\"flex-col gap-1 md:gap-3\">\n<div class=\"flex flex-grow flex-col max-w-full\">\n<div class=\"min-h-[20px] text-message flex flex-col items-start whitespace-pre-wrap break-words [.text-message+&amp;]:mt-5 juice:w-full juice:items-end overflow-x-auto gap-2\" dir=\"auto\" data-message-author-role=\"assistant\" data-message-id=\"19e10819-7d77-4518-9842-a458e32a2d63\">\n<div class=\"flex w-full flex-col gap-1 juice:empty:hidden juice:first:pt-[3px]\">\n<div class=\"markdown prose w-full break-words dark:prose-invert light\">\n<p>La <strong>Fumot Randm Tornado Box 10000<\/strong> es un dispositivo de vapeo desechable de primera calidad, que ofrece hasta 10.000 caladas y te permite una experiencia de vaporizaci\u00f3n duradera e intensa. Con diferentes niveles de nicotina y una amplia variedad de sabores, es ideal para todos los vapearos que valoran la diversidad y la calidad.<\/p>\n<h4>Caracter\u00edsticas principales:<\/h4>\n<ul>\n<li><strong>Opciones de nicotina<\/strong>: Disponible en 0%, 2%, 3% y 5% de nicotina.<\/li>\n<li><strong>Caladas<\/strong>: Hasta 10.000 caladas por dispositivo.<\/li>\n<li><strong>Capacidad<\/strong>: Contiene 20 ml de e-l\u00edquido.<\/li>\n<li><strong>Bater\u00eda<\/strong>: Equipado con una bater\u00eda recargable de 850 mAh.<\/li>\n<li><strong>Resistencia<\/strong>: Bobina de malla potente con una resistencia de 1,0 \u03a9.<\/li>\n<li><strong>Pantalla en tiempo real<\/strong>: Seguimiento c\u00f3modo del estado del dispositivo mediante la visualizaci\u00f3n del nivel de bater\u00eda y l\u00edquido.<\/li>\n<\/ul>\n<h4>Variedad de sabores:<\/h4>\n<p>El Fumot Randm Tornado Box 10000 ofrece 16 sabores diferentes:<\/p>\n<ol>\n<li>Hielo Lush<\/li>\n<li>Menta Fresca<\/li>\n<li>Frutas Mixtas<\/li>\n<li>Hielo de Uva<\/li>\n<li>Durazno mango<\/li>\n<li>Hielo de ar\u00e1ndano<\/li>\n<li>Oso Gominola<\/li>\n<li>Fresa Sand\u00eda<\/li>\n<li>Dona de fresa<\/li>\n<li>Ar\u00e1ndano Frambuesa<\/li>\n<li>Limonada rosa<\/li>\n<li>Kiwi Maracuy\u00e1 Guayaba<\/li>\n<li>Cereza Lichi<\/li>\n<li>Hielo negro<\/li>\n<li>Hielo de Cola<\/li>\n<li>Menta tabaco<\/li>\n<\/ol>\n<h4>Detalles del embalaje:<\/h4>\n<ul>\n<li><strong>Unidad de embalaje<\/strong>: Cada caja contiene 200 dispositivos.<\/li>\n<li><strong>Peso por caja<\/strong>: 20 kg.<\/li>\n<li><strong>Tama\u00f1o de la caja<\/strong>: 54,9 cm x 33,2 cm x 25,3 cm.<\/li>\n<\/ul>\n<h4>Contenido del paquete:<\/h4>\n<ul>\n<li>1 x Fumot Randm Tornado Box 10000 vape desechable (10.000 caladas)<\/li>\n<\/ul>\n<p>Este dispositivo no solo ofrece un alto n\u00famero de caladas, sino tambi\u00e9n una amplia gama de sabores y la comodidad de una bater\u00eda recargable, lo que lo convierte en una excelente opci\u00f3n para vapearos de todos los niveles de experiencia.<\/p>\n<\/div>\n<\/div>\n<\/div>\n<\/div>\n<\/div>\n<\/div>","protected":false},"excerpt":{"rendered":"<p>Produktbeschreibung: Fumot Randm Tornado Box 10000 Die Fumot Randm Tornado Box 10000 ist ein erstklassiges Einweg-Vape-Ger\u00e4t, das bis zu 10.000 Z\u00fcge bietet und Ihnen ein langanhaltendes und intensives Dampferlebnis erm\u00f6glicht. Mit verschiedenen Nikotinst\u00e4rken und einer gro\u00dfen Auswahl an Geschmacksrichtungen ist es ideal f\u00fcr alle Dampfer, die Wert auf Vielfalt und Qualit\u00e4t legen. Hauptmerkmale: Nikotinoptionen: Verf\u00fcgbar [&hellip;]<\/p>","protected":false},"featured_media":11574,"template":"","meta":{"inline_featured_image":false},"product_cat":[78,754,745,742,748,744,755,738,751],"product_tag":[672],"tiered_pricing_type":"fixed","tiered_pricing_fixed_rules":[],"tiered_pricing_percentage_rules":[],"tiered_pricing_minimum":1,"_administrator_tiered_pricing_type":"fixed","_administrator_tiered_pricing_fixed_rules":[],"_editor_tiered_pricing_type":"fixed","_editor_tiered_pricing_fixed_rules":[],"_author_tiered_pricing_type":"fixed","_author_tiered_pricing_fixed_rules":[],"_contributor_tiered_pricing_type":"fixed","_contributor_tiered_pricing_fixed_rules":[],"_subscriber_tiered_pricing_type":"fixed","_subscriber_tiered_pricing_fixed_rules":[],"_customer_tiered_pricing_type":"fixed","_customer_tiered_pricing_fixed_rules":[],"_shop_manager_tiered_pricing_type":"fixed","_shop_manager_tiered_pricing_fixed_rules":[],"_wpseo_manager_tiered_pricing_type":"fixed","_wpseo_manager_tiered_pricing_fixed_rules":[],"_wpseo_editor_tiered_pricing_type":"fixed","_wpseo_editor_tiered_pricing_fixed_rules":[],"_wholesale_customer_tiered_pricing_type":"fixed","_wholesale_customer_tiered_pricing_fixed_rules":[],"_marketer_tiered_pricing_type":"fixed","_marketer_tiered_pricing_fixed_rules":[],"_sales_manager_tiered_pricing_type":"fixed","_sales_manager_tiered_pricing_fixed_rules":[],"_sales_rep_tiered_pricing_type":"fixed","_sales_rep_tiered_pricing_fixed_rules":[],"yoast_head":"<!-- This site is optimized with the Yoast SEO plugin v23.3 - https:\/\/yoast.com\/wordpress\/plugins\/seo\/ -->\n<title>Fumot Randm Tornado Box 10000 Einweg-Vape 10000 Z\u00fcge | ElementVape.de<\/title>\n<meta name=\"description\" content=\"Wir bieten Fumot Randm Tornado Box 10000 Einweg-Vape 10000 Z\u00fcge , Elementvape.de akzeptieren Gro\u00df-und Einzelhandel Bestellungen.\" \/>\n<meta name=\"robots\" content=\"index, follow, max-snippet:-1, max-image-preview:large, max-video-preview:-1\" \/>\n<link rel=\"canonical\" href=\"https:\/\/www.elementvape.de\/es\/produkt\/fumot-randm-tornado-box-10000-einweg-vape-10000-zuege\/\" \/>\n<meta property=\"og:locale\" content=\"es_ES\" \/>\n<meta property=\"og:type\" content=\"article\" \/>\n<meta property=\"og:title\" content=\"Fumot Randm Tornado Box 10000 Einweg-Vape 10000 Z\u00fcge | ElementVape.de\" \/>\n<meta property=\"og:description\" content=\"Wir bieten Fumot Randm Tornado Box 10000 Einweg-Vape 10000 Z\u00fcge , Elementvape.de akzeptieren Gro\u00df-und Einzelhandel Bestellungen.\" \/>\n<meta property=\"og:url\" content=\"https:\/\/www.elementvape.de\/es\/produkt\/fumot-randm-tornado-box-10000-einweg-vape-10000-zuege\/\" \/>\n<meta property=\"og:site_name\" content=\"ElementVape.de\" \/>\n<meta property=\"article:modified_time\" content=\"2024-09-12T10:36:29+00:00\" \/>\n<meta property=\"og:image\" content=\"https:\/\/www.elementvape.de\/wp-content\/uploads\/2024\/06\/FumotRandmTornadoBox10000_1.webp\" \/>\n\t<meta property=\"og:image:width\" content=\"800\" \/>\n\t<meta property=\"og:image:height\" content=\"800\" \/>\n\t<meta property=\"og:image:type\" content=\"image\/webp\" \/>\n<meta name=\"twitter:card\" content=\"summary_large_image\" \/>\n<meta name=\"twitter:label1\" content=\"Est. reading time\" \/>\n\t<meta name=\"twitter:data1\" content=\"2 minutos\" \/>\n<script type=\"application\/ld+json\" class=\"yoast-schema-graph\">{\"@context\":\"https:\/\/schema.org\",\"@graph\":[{\"@type\":\"WebPage\",\"@id\":\"https:\/\/www.elementvape.de\/produkt\/fumot-randm-tornado-box-10000-einweg-vape-10000-zuege\/\",\"url\":\"https:\/\/www.elementvape.de\/produkt\/fumot-randm-tornado-box-10000-einweg-vape-10000-zuege\/\",\"name\":\"Fumot Randm Tornado Box 10000 Einweg-Vape 10000 Z\u00fcge | ElementVape.de\",\"isPartOf\":{\"@id\":\"https:\/\/www.elementvape.de\/#website\"},\"primaryImageOfPage\":{\"@id\":\"https:\/\/www.elementvape.de\/produkt\/fumot-randm-tornado-box-10000-einweg-vape-10000-zuege\/#primaryimage\"},\"image\":{\"@id\":\"https:\/\/www.elementvape.de\/produkt\/fumot-randm-tornado-box-10000-einweg-vape-10000-zuege\/#primaryimage\"},\"thumbnailUrl\":\"https:\/\/www.elementvape.de\/wp-content\/uploads\/2024\/06\/FumotRandmTornadoBox10000_1.webp\",\"datePublished\":\"2024-06-06T06:15:29+00:00\",\"dateModified\":\"2024-09-12T10:36:29+00:00\",\"description\":\"Wir bieten Fumot Randm Tornado Box 10000 Einweg-Vape 10000 Z\u00fcge , Elementvape.de akzeptieren Gro\u00df-und Einzelhandel Bestellungen.\",\"breadcrumb\":{\"@id\":\"https:\/\/www.elementvape.de\/produkt\/fumot-randm-tornado-box-10000-einweg-vape-10000-zuege\/#breadcrumb\"},\"inLanguage\":\"es\",\"potentialAction\":[{\"@type\":\"ReadAction\",\"target\":[\"https:\/\/www.elementvape.de\/produkt\/fumot-randm-tornado-box-10000-einweg-vape-10000-zuege\/\"]}]},{\"@type\":\"ImageObject\",\"inLanguage\":\"es\",\"@id\":\"https:\/\/www.elementvape.de\/produkt\/fumot-randm-tornado-box-10000-einweg-vape-10000-zuege\/#primaryimage\",\"url\":\"https:\/\/www.elementvape.de\/wp-content\/uploads\/2024\/06\/FumotRandmTornadoBox10000_1.webp\",\"contentUrl\":\"https:\/\/www.elementvape.de\/wp-content\/uploads\/2024\/06\/FumotRandmTornadoBox10000_1.webp\",\"width\":800,\"height\":800,\"caption\":\"FumotRandmTornadoBox10000_1\"},{\"@type\":\"BreadcrumbList\",\"@id\":\"https:\/\/www.elementvape.de\/produkt\/fumot-randm-tornado-box-10000-einweg-vape-10000-zuege\/#breadcrumb\",\"itemListElement\":[{\"@type\":\"ListItem\",\"position\":1,\"name\":\"Home\",\"item\":\"https:\/\/www.elementvape.de\/\"},{\"@type\":\"ListItem\",\"position\":2,\"name\":\"Shop\",\"item\":\"https:\/\/www.elementvape.de\/shop\/\"},{\"@type\":\"ListItem\",\"position\":3,\"name\":\"Fumot Randm Tornado Box 10000 Einweg-Vape 10000 Z\u00fcge\"}]},{\"@type\":\"WebSite\",\"@id\":\"https:\/\/www.elementvape.de\/#website\",\"url\":\"https:\/\/www.elementvape.de\/\",\"name\":\"ElementVape.de\",\"description\":\"\",\"publisher\":{\"@id\":\"https:\/\/www.elementvape.de\/#organization\"},\"potentialAction\":[{\"@type\":\"SearchAction\",\"target\":{\"@type\":\"EntryPoint\",\"urlTemplate\":\"https:\/\/www.elementvape.de\/?s={search_term_string}\"},\"query-input\":\"required name=search_term_string\"}],\"inLanguage\":\"es\"},{\"@type\":\"Organization\",\"@id\":\"https:\/\/www.elementvape.de\/#organization\",\"name\":\"ElementVape.DE\",\"url\":\"https:\/\/www.elementvape.de\/\",\"logo\":{\"@type\":\"ImageObject\",\"inLanguage\":\"es\",\"@id\":\"https:\/\/www.elementvape.de\/#\/schema\/logo\/image\/\",\"url\":\"https:\/\/www.elementvape.de\/wp-content\/uploads\/2024\/09\/cropped-1elementvape-3.png\",\"contentUrl\":\"https:\/\/www.elementvape.de\/wp-content\/uploads\/2024\/09\/cropped-1elementvape-3.png\",\"width\":285,\"height\":228,\"caption\":\"ElementVape.DE\"},\"image\":{\"@id\":\"https:\/\/www.elementvape.de\/#\/schema\/logo\/image\/\"}}]}<\/script>\n<!-- \/ Yoast SEO plugin. -->","yoast_head_json":{"title":"Fumot Randm Tornado Box 10000 Einweg-Vape 10000 Z\u00fcge | ElementVape.de","description":"Wir bieten Fumot Randm Tornado Box 10000 Einweg-Vape 10000 Z\u00fcge , Elementvape.de akzeptieren Gro\u00df-und Einzelhandel Bestellungen.","robots":{"index":"index","follow":"follow","max-snippet":"max-snippet:-1","max-image-preview":"max-image-preview:large","max-video-preview":"max-video-preview:-1"},"canonical":"https:\/\/www.elementvape.de\/es\/produkt\/fumot-randm-tornado-box-10000-einweg-vape-10000-zuege\/","og_locale":"es_ES","og_type":"article","og_title":"Fumot Randm Tornado Box 10000 Einweg-Vape 10000 Z\u00fcge | ElementVape.de","og_description":"Wir bieten Fumot Randm Tornado Box 10000 Einweg-Vape 10000 Z\u00fcge , Elementvape.de akzeptieren Gro\u00df-und Einzelhandel Bestellungen.","og_url":"https:\/\/www.elementvape.de\/es\/produkt\/fumot-randm-tornado-box-10000-einweg-vape-10000-zuege\/","og_site_name":"ElementVape.de","article_modified_time":"2024-09-12T10:36:29+00:00","og_image":[{"width":800,"height":800,"url":"https:\/\/www.elementvape.de\/wp-content\/uploads\/2024\/06\/FumotRandmTornadoBox10000_1.webp","type":"image\/webp"}],"twitter_card":"summary_large_image","twitter_misc":{"Est. reading time":"2 minutos"},"schema":{"@context":"https:\/\/schema.org","@graph":[{"@type":"WebPage","@id":"https:\/\/www.elementvape.de\/produkt\/fumot-randm-tornado-box-10000-einweg-vape-10000-zuege\/","url":"https:\/\/www.elementvape.de\/produkt\/fumot-randm-tornado-box-10000-einweg-vape-10000-zuege\/","name":"Fumot Randm Tornado Box 10000 Einweg-Vape 10000 Z\u00fcge | ElementVape.de","isPartOf":{"@id":"https:\/\/www.elementvape.de\/#website"},"primaryImageOfPage":{"@id":"https:\/\/www.elementvape.de\/produkt\/fumot-randm-tornado-box-10000-einweg-vape-10000-zuege\/#primaryimage"},"image":{"@id":"https:\/\/www.elementvape.de\/produkt\/fumot-randm-tornado-box-10000-einweg-vape-10000-zuege\/#primaryimage"},"thumbnailUrl":"https:\/\/www.elementvape.de\/wp-content\/uploads\/2024\/06\/FumotRandmTornadoBox10000_1.webp","datePublished":"2024-06-06T06:15:29+00:00","dateModified":"2024-09-12T10:36:29+00:00","description":"Wir bieten Fumot Randm Tornado Box 10000 Einweg-Vape 10000 Z\u00fcge , Elementvape.de akzeptieren Gro\u00df-und Einzelhandel Bestellungen.","breadcrumb":{"@id":"https:\/\/www.elementvape.de\/produkt\/fumot-randm-tornado-box-10000-einweg-vape-10000-zuege\/#breadcrumb"},"inLanguage":"es","potentialAction":[{"@type":"ReadAction","target":["https:\/\/www.elementvape.de\/produkt\/fumot-randm-tornado-box-10000-einweg-vape-10000-zuege\/"]}]},{"@type":"ImageObject","inLanguage":"es","@id":"https:\/\/www.elementvape.de\/produkt\/fumot-randm-tornado-box-10000-einweg-vape-10000-zuege\/#primaryimage","url":"https:\/\/www.elementvape.de\/wp-content\/uploads\/2024\/06\/FumotRandmTornadoBox10000_1.webp","contentUrl":"https:\/\/www.elementvape.de\/wp-content\/uploads\/2024\/06\/FumotRandmTornadoBox10000_1.webp","width":800,"height":800,"caption":"FumotRandmTornadoBox10000_1"},{"@type":"BreadcrumbList","@id":"https:\/\/www.elementvape.de\/produkt\/fumot-randm-tornado-box-10000-einweg-vape-10000-zuege\/#breadcrumb","itemListElement":[{"@type":"ListItem","position":1,"name":"Home","item":"https:\/\/www.elementvape.de\/"},{"@type":"ListItem","position":2,"name":"Shop","item":"https:\/\/www.elementvape.de\/shop\/"},{"@type":"ListItem","position":3,"name":"Fumot Randm Tornado Box 10000 Einweg-Vape 10000 Z\u00fcge"}]},{"@type":"WebSite","@id":"https:\/\/www.elementvape.de\/#website","url":"https:\/\/www.elementvape.de\/","name":"ElementVape.de","description":"","publisher":{"@id":"https:\/\/www.elementvape.de\/#organization"},"potentialAction":[{"@type":"SearchAction","target":{"@type":"EntryPoint","urlTemplate":"https:\/\/www.elementvape.de\/?s={search_term_string}"},"query-input":"required name=search_term_string"}],"inLanguage":"es"},{"@type":"Organization","@id":"https:\/\/www.elementvape.de\/#organization","name":"ElementVape.DE","url":"https:\/\/www.elementvape.de\/","logo":{"@type":"ImageObject","inLanguage":"es","@id":"https:\/\/www.elementvape.de\/#\/schema\/logo\/image\/","url":"https:\/\/www.elementvape.de\/wp-content\/uploads\/2024\/09\/cropped-1elementvape-3.png","contentUrl":"https:\/\/www.elementvape.de\/wp-content\/uploads\/2024\/09\/cropped-1elementvape-3.png","width":285,"height":228,"caption":"ElementVape.DE"},"image":{"@id":"https:\/\/www.elementvape.de\/#\/schema\/logo\/image\/"}}]}},"_links":{"self":[{"href":"https:\/\/www.elementvape.de\/es\/wp-json\/wp\/v2\/product\/11573"}],"collection":[{"href":"https:\/\/www.elementvape.de\/es\/wp-json\/wp\/v2\/product"}],"about":[{"href":"https:\/\/www.elementvape.de\/es\/wp-json\/wp\/v2\/types\/product"}],"wp:featuredmedia":[{"embeddable":true,"href":"https:\/\/www.elementvape.de\/es\/wp-json\/wp\/v2\/media\/11574"}],"wp:attachment":[{"href":"https:\/\/www.elementvape.de\/es\/wp-json\/wp\/v2\/media?parent=11573"}],"wp:term":[{"taxonomy":"product_cat","embeddable":true,"href":"https:\/\/www.elementvape.de\/es\/wp-json\/wp\/v2\/product_cat?post=11573"},{"taxonomy":"product_tag","embeddable":true,"href":"https:\/\/www.elementvape.de\/es\/wp-json\/wp\/v2\/product_tag?post=11573"}],"curies":[{"name":"wp","href":"https:\/\/api.w.org\/{rel}","templated":true}]}}