{"id":11542,"date":"2024-06-04T09:51:07","date_gmt":"2024-06-04T09:51:07","guid":{"rendered":"https:\/\/www.elementvape.de\/?post_type=product&#038;p=11542"},"modified":"2024-09-12T10:36:30","modified_gmt":"2024-09-12T10:36:30","slug":"exvape-expod-einweg-e-zigarette-20mg","status":"publish","type":"product","link":"https:\/\/www.elementvape.de\/es\/produkt\/exvape-expod-einweg-e-zigarette-20mg\/","title":{"rendered":"EXVAPE EXPOD cigarrillo electr\u00f3nico desechable 20mg"},"content":{"rendered":"<h2>EXPOD \u2013 POD DE UN SOLO USO E-CIGARRILLO:<\/h2>\n<p>El e-cigarrillo EXPOD de EXVAPE\u00ae es un e-cigarrillo desechable f\u00e1cil de usar. Todo lo que necesitas para vapear ya est\u00e1 integrado, solo desempaca y empieza a vapear.<\/p>\n<p>El e-cigarrillo desechable es la opci\u00f3n perfecta para comenzar a vapear. No necesitas cargarlo, rellenarlo ni ajustar ninguna configuraci\u00f3n. El e-cigarrillo cuenta con una autom\u00e1tica de inhalaci\u00f3n. Solo debes inhalar por la boquilla para activar el dispositivo y generar vapor para inhalar. Est\u00e1 dise\u00f1ado para vapear con el m\u00e9todo MTL (boca a pulm\u00f3n), en el que primero inhalas el vapor en la boca y luego en los pulmones, similar a un cigarrillo convencional.<\/p>\n<p>El e-cigarrillo EXPOD, con su bater\u00eda incorporada de 400mAh y 2ml de l\u00edquido prellenado, permite hasta 600 caladas. Esto equivale a aproximadamente 2 cajetillas de cigarrillos tradicionales (40 unidades), considerando que se tira de unos 10-15 veces por cigarrillo. Cuando el l\u00edquido prellenado o la bater\u00eda integrada se agoten, simplemente reempl\u00e1zalo por un dispositivo nuevo.<\/p>\n<p>El e-cigarrillo viene lleno con l\u00edquido de sal de nicotina con una concentraci\u00f3n de 20mg\/ml, lo que equivale a un contenido de nicotina del 2.1%. La sal de nicotina, a diferencia de la nicotina convencional, se absorbe m\u00e1s r\u00e1pido por el cuerpo y causa una sensaci\u00f3n de garganta m\u00e1s suave, imitando mejor el acto de fumar y reduciendo la ansiedad por nicotina m\u00e1s r\u00e1pidamente.<\/p>\n<h3>EL EXPOD EST\u00c1 DISPONIBLE EN 12 SABORES DIFERENTES:<\/h3>\n<p>Blueberry Ice: Deliciosos ar\u00e1ndanos combinados con una frescura helada.<br \/>\nCool Mint: Menta fresca con mentol y una sensaci\u00f3n de frescura helada.<br \/>\nFruit Mix: Una deliciosa mezcla de varias frutas con un toque de frescura.<br \/>\nGreen Apple Ice: Manzana verde combinada con una frescura helada.<br \/>\nLemon Cake: Una deliciosa tarta de lim\u00f3n.<br \/>\nMango Ice: Mango tropical con una sensaci\u00f3n de frescura helada.<br \/>\nMelon Ice: Una deliciosa mezcla de mel\u00f3n con una sensaci\u00f3n de frescura.<br \/>\nMint Tobacco: La mejor calidad de tabaco combinada con mentol y menta.<br \/>\nMixed Berries: Una mezcla frutal de varias bayas.<br \/>\nStrawberry Ice: Fresas frescas con una sensaci\u00f3n de frescura helada.<br \/>\nTobacco Classic: Un tabaco suave y elegante.<br \/>\nVanilla Custard: Un delicioso flan de vainilla cremoso.<\/p>","protected":false},"excerpt":{"rendered":"<p>EXPOD &#8211; EINWEG POD E-ZIGARETTE: Die EXPOD E-Zigarette von EXVAPE\u00ae ist eine leicht zu bedienende Einweg E-Zigarette. Alles was Sie zum Dampfen ben\u00f6tigen ist schon integriert, einfach auspacken und los dampfen. Die Einweg E-Zigarette ist die perfekte Wahl als Einstieg in das Dampfen. Sie m\u00fcssen das Ger\u00e4t weder aufladen, noch bef\u00fcllen oder irgendwelche Einstellungen vornehmen. [&hellip;]<\/p>","protected":false},"featured_media":11543,"template":"","meta":{"inline_featured_image":false},"product_cat":[78,754,745,742,748,744,755,738,751],"product_tag":[679],"tiered_pricing_type":"fixed","tiered_pricing_fixed_rules":[],"tiered_pricing_percentage_rules":[],"tiered_pricing_minimum":1,"_administrator_tiered_pricing_type":"fixed","_administrator_tiered_pricing_fixed_rules":[],"_editor_tiered_pricing_type":"fixed","_editor_tiered_pricing_fixed_rules":[],"_author_tiered_pricing_type":"fixed","_author_tiered_pricing_fixed_rules":[],"_contributor_tiered_pricing_type":"fixed","_contributor_tiered_pricing_fixed_rules":[],"_subscriber_tiered_pricing_type":"fixed","_subscriber_tiered_pricing_fixed_rules":[],"_customer_tiered_pricing_type":"fixed","_customer_tiered_pricing_fixed_rules":[],"_shop_manager_tiered_pricing_type":"fixed","_shop_manager_tiered_pricing_fixed_rules":[],"_wpseo_manager_tiered_pricing_type":"fixed","_wpseo_manager_tiered_pricing_fixed_rules":[],"_wpseo_editor_tiered_pricing_type":"fixed","_wpseo_editor_tiered_pricing_fixed_rules":[],"_wholesale_customer_tiered_pricing_type":"fixed","_wholesale_customer_tiered_pricing_fixed_rules":[],"_marketer_tiered_pricing_type":"fixed","_marketer_tiered_pricing_fixed_rules":[],"_sales_manager_tiered_pricing_type":"fixed","_sales_manager_tiered_pricing_fixed_rules":[],"_sales_rep_tiered_pricing_type":"fixed","_sales_rep_tiered_pricing_fixed_rules":[],"yoast_head":"<!-- This site is optimized with the Yoast SEO plugin v23.3 - https:\/\/yoast.com\/wordpress\/plugins\/seo\/ -->\n<title>EXVAPE EXPOD Einweg-E-Zigarette 20mg | ElementVape.de<\/title>\n<meta name=\"description\" content=\"Wir bieten EXVAPE EXPOD Einweg-E-Zigarette 20mg , Elementvape.de akzeptieren Gro\u00df-und Einzelhandel Bestellungen.\" \/>\n<meta name=\"robots\" content=\"index, follow, max-snippet:-1, max-image-preview:large, max-video-preview:-1\" \/>\n<link rel=\"canonical\" href=\"https:\/\/www.elementvape.de\/es\/produkt\/exvape-expod-einweg-e-zigarette-20mg\/\" \/>\n<meta property=\"og:locale\" content=\"es_ES\" \/>\n<meta property=\"og:type\" content=\"article\" \/>\n<meta property=\"og:title\" content=\"EXVAPE EXPOD Einweg-E-Zigarette 20mg | ElementVape.de\" \/>\n<meta property=\"og:description\" content=\"Wir bieten EXVAPE EXPOD Einweg-E-Zigarette 20mg , Elementvape.de akzeptieren Gro\u00df-und Einzelhandel Bestellungen.\" \/>\n<meta property=\"og:url\" content=\"https:\/\/www.elementvape.de\/es\/produkt\/exvape-expod-einweg-e-zigarette-20mg\/\" \/>\n<meta property=\"og:site_name\" content=\"ElementVape.de\" \/>\n<meta property=\"article:modified_time\" content=\"2024-09-12T10:36:30+00:00\" \/>\n<meta property=\"og:image\" content=\"https:\/\/www.elementvape.de\/wp-content\/uploads\/2024\/06\/exvape-expod-einweg-e-zigarette-melon-ice-20-mg.jpg\" \/>\n\t<meta property=\"og:image:width\" content=\"1000\" \/>\n\t<meta property=\"og:image:height\" content=\"1000\" \/>\n\t<meta property=\"og:image:type\" content=\"image\/jpeg\" \/>\n<meta name=\"twitter:card\" content=\"summary_large_image\" \/>\n<meta name=\"twitter:label1\" content=\"Est. reading time\" \/>\n\t<meta name=\"twitter:data1\" content=\"3 minutos\" \/>\n<script type=\"application\/ld+json\" class=\"yoast-schema-graph\">{\"@context\":\"https:\/\/schema.org\",\"@graph\":[{\"@type\":\"WebPage\",\"@id\":\"https:\/\/www.elementvape.de\/nl\/produkt\/exvape-expod-einweg-e-zigarette-20mg\/\",\"url\":\"https:\/\/www.elementvape.de\/nl\/produkt\/exvape-expod-einweg-e-zigarette-20mg\/\",\"name\":\"EXVAPE EXPOD Einweg-E-Zigarette 20mg | ElementVape.de\",\"isPartOf\":{\"@id\":\"https:\/\/www.elementvape.de\/#website\"},\"primaryImageOfPage\":{\"@id\":\"https:\/\/www.elementvape.de\/nl\/produkt\/exvape-expod-einweg-e-zigarette-20mg\/#primaryimage\"},\"image\":{\"@id\":\"https:\/\/www.elementvape.de\/nl\/produkt\/exvape-expod-einweg-e-zigarette-20mg\/#primaryimage\"},\"thumbnailUrl\":\"https:\/\/www.elementvape.de\/wp-content\/uploads\/2024\/06\/exvape-expod-einweg-e-zigarette-melon-ice-20-mg.jpg\",\"datePublished\":\"2024-06-04T09:51:07+00:00\",\"dateModified\":\"2024-09-12T10:36:30+00:00\",\"description\":\"Wir bieten EXVAPE EXPOD Einweg-E-Zigarette 20mg , Elementvape.de akzeptieren Gro\u00df-und Einzelhandel Bestellungen.\",\"breadcrumb\":{\"@id\":\"https:\/\/www.elementvape.de\/nl\/produkt\/exvape-expod-einweg-e-zigarette-20mg\/#breadcrumb\"},\"inLanguage\":\"es\",\"potentialAction\":[{\"@type\":\"ReadAction\",\"target\":[\"https:\/\/www.elementvape.de\/nl\/produkt\/exvape-expod-einweg-e-zigarette-20mg\/\"]}]},{\"@type\":\"ImageObject\",\"inLanguage\":\"es\",\"@id\":\"https:\/\/www.elementvape.de\/nl\/produkt\/exvape-expod-einweg-e-zigarette-20mg\/#primaryimage\",\"url\":\"https:\/\/www.elementvape.de\/wp-content\/uploads\/2024\/06\/exvape-expod-einweg-e-zigarette-melon-ice-20-mg.jpg\",\"contentUrl\":\"https:\/\/www.elementvape.de\/wp-content\/uploads\/2024\/06\/exvape-expod-einweg-e-zigarette-melon-ice-20-mg.jpg\",\"width\":1000,\"height\":1000,\"caption\":\"exvape-expod-einweg-e-zigarette-melon-ice-20-mg\"},{\"@type\":\"BreadcrumbList\",\"@id\":\"https:\/\/www.elementvape.de\/nl\/produkt\/exvape-expod-einweg-e-zigarette-20mg\/#breadcrumb\",\"itemListElement\":[{\"@type\":\"ListItem\",\"position\":1,\"name\":\"Home\",\"item\":\"https:\/\/www.elementvape.de\/\"},{\"@type\":\"ListItem\",\"position\":2,\"name\":\"Shop\",\"item\":\"https:\/\/www.elementvape.de\/shop\/\"},{\"@type\":\"ListItem\",\"position\":3,\"name\":\"EXVAPE EXPOD Einweg-E-Zigarette 20mg\"}]},{\"@type\":\"WebSite\",\"@id\":\"https:\/\/www.elementvape.de\/#website\",\"url\":\"https:\/\/www.elementvape.de\/\",\"name\":\"ElementVape.de\",\"description\":\"\",\"publisher\":{\"@id\":\"https:\/\/www.elementvape.de\/#organization\"},\"potentialAction\":[{\"@type\":\"SearchAction\",\"target\":{\"@type\":\"EntryPoint\",\"urlTemplate\":\"https:\/\/www.elementvape.de\/?s={search_term_string}\"},\"query-input\":\"required name=search_term_string\"}],\"inLanguage\":\"es\"},{\"@type\":\"Organization\",\"@id\":\"https:\/\/www.elementvape.de\/#organization\",\"name\":\"ElementVape.DE\",\"url\":\"https:\/\/www.elementvape.de\/\",\"logo\":{\"@type\":\"ImageObject\",\"inLanguage\":\"es\",\"@id\":\"https:\/\/www.elementvape.de\/#\/schema\/logo\/image\/\",\"url\":\"https:\/\/www.elementvape.de\/wp-content\/uploads\/2024\/09\/cropped-1elementvape-3.png\",\"contentUrl\":\"https:\/\/www.elementvape.de\/wp-content\/uploads\/2024\/09\/cropped-1elementvape-3.png\",\"width\":285,\"height\":228,\"caption\":\"ElementVape.DE\"},\"image\":{\"@id\":\"https:\/\/www.elementvape.de\/#\/schema\/logo\/image\/\"}}]}<\/script>\n<!-- \/ Yoast SEO plugin. -->","yoast_head_json":{"title":"EXVAPE EXPOD Einweg-E-Zigarette 20mg | ElementVape.de","description":"Wir bieten EXVAPE EXPOD Einweg-E-Zigarette 20mg , Elementvape.de akzeptieren Gro\u00df-und Einzelhandel Bestellungen.","robots":{"index":"index","follow":"follow","max-snippet":"max-snippet:-1","max-image-preview":"max-image-preview:large","max-video-preview":"max-video-preview:-1"},"canonical":"https:\/\/www.elementvape.de\/es\/produkt\/exvape-expod-einweg-e-zigarette-20mg\/","og_locale":"es_ES","og_type":"article","og_title":"EXVAPE EXPOD Einweg-E-Zigarette 20mg | ElementVape.de","og_description":"Wir bieten EXVAPE EXPOD Einweg-E-Zigarette 20mg , Elementvape.de akzeptieren Gro\u00df-und Einzelhandel Bestellungen.","og_url":"https:\/\/www.elementvape.de\/es\/produkt\/exvape-expod-einweg-e-zigarette-20mg\/","og_site_name":"ElementVape.de","article_modified_time":"2024-09-12T10:36:30+00:00","og_image":[{"width":1000,"height":1000,"url":"https:\/\/www.elementvape.de\/wp-content\/uploads\/2024\/06\/exvape-expod-einweg-e-zigarette-melon-ice-20-mg.jpg","type":"image\/jpeg"}],"twitter_card":"summary_large_image","twitter_misc":{"Est. reading time":"3 minutos"},"schema":{"@context":"https:\/\/schema.org","@graph":[{"@type":"WebPage","@id":"https:\/\/www.elementvape.de\/nl\/produkt\/exvape-expod-einweg-e-zigarette-20mg\/","url":"https:\/\/www.elementvape.de\/nl\/produkt\/exvape-expod-einweg-e-zigarette-20mg\/","name":"EXVAPE EXPOD Einweg-E-Zigarette 20mg | ElementVape.de","isPartOf":{"@id":"https:\/\/www.elementvape.de\/#website"},"primaryImageOfPage":{"@id":"https:\/\/www.elementvape.de\/nl\/produkt\/exvape-expod-einweg-e-zigarette-20mg\/#primaryimage"},"image":{"@id":"https:\/\/www.elementvape.de\/nl\/produkt\/exvape-expod-einweg-e-zigarette-20mg\/#primaryimage"},"thumbnailUrl":"https:\/\/www.elementvape.de\/wp-content\/uploads\/2024\/06\/exvape-expod-einweg-e-zigarette-melon-ice-20-mg.jpg","datePublished":"2024-06-04T09:51:07+00:00","dateModified":"2024-09-12T10:36:30+00:00","description":"Wir bieten EXVAPE EXPOD Einweg-E-Zigarette 20mg , Elementvape.de akzeptieren Gro\u00df-und Einzelhandel Bestellungen.","breadcrumb":{"@id":"https:\/\/www.elementvape.de\/nl\/produkt\/exvape-expod-einweg-e-zigarette-20mg\/#breadcrumb"},"inLanguage":"es","potentialAction":[{"@type":"ReadAction","target":["https:\/\/www.elementvape.de\/nl\/produkt\/exvape-expod-einweg-e-zigarette-20mg\/"]}]},{"@type":"ImageObject","inLanguage":"es","@id":"https:\/\/www.elementvape.de\/nl\/produkt\/exvape-expod-einweg-e-zigarette-20mg\/#primaryimage","url":"https:\/\/www.elementvape.de\/wp-content\/uploads\/2024\/06\/exvape-expod-einweg-e-zigarette-melon-ice-20-mg.jpg","contentUrl":"https:\/\/www.elementvape.de\/wp-content\/uploads\/2024\/06\/exvape-expod-einweg-e-zigarette-melon-ice-20-mg.jpg","width":1000,"height":1000,"caption":"exvape-expod-einweg-e-zigarette-melon-ice-20-mg"},{"@type":"BreadcrumbList","@id":"https:\/\/www.elementvape.de\/nl\/produkt\/exvape-expod-einweg-e-zigarette-20mg\/#breadcrumb","itemListElement":[{"@type":"ListItem","position":1,"name":"Home","item":"https:\/\/www.elementvape.de\/"},{"@type":"ListItem","position":2,"name":"Shop","item":"https:\/\/www.elementvape.de\/shop\/"},{"@type":"ListItem","position":3,"name":"EXVAPE EXPOD Einweg-E-Zigarette 20mg"}]},{"@type":"WebSite","@id":"https:\/\/www.elementvape.de\/#website","url":"https:\/\/www.elementvape.de\/","name":"ElementVape.de","description":"","publisher":{"@id":"https:\/\/www.elementvape.de\/#organization"},"potentialAction":[{"@type":"SearchAction","target":{"@type":"EntryPoint","urlTemplate":"https:\/\/www.elementvape.de\/?s={search_term_string}"},"query-input":"required name=search_term_string"}],"inLanguage":"es"},{"@type":"Organization","@id":"https:\/\/www.elementvape.de\/#organization","name":"ElementVape.DE","url":"https:\/\/www.elementvape.de\/","logo":{"@type":"ImageObject","inLanguage":"es","@id":"https:\/\/www.elementvape.de\/#\/schema\/logo\/image\/","url":"https:\/\/www.elementvape.de\/wp-content\/uploads\/2024\/09\/cropped-1elementvape-3.png","contentUrl":"https:\/\/www.elementvape.de\/wp-content\/uploads\/2024\/09\/cropped-1elementvape-3.png","width":285,"height":228,"caption":"ElementVape.DE"},"image":{"@id":"https:\/\/www.elementvape.de\/#\/schema\/logo\/image\/"}}]}},"_links":{"self":[{"href":"https:\/\/www.elementvape.de\/es\/wp-json\/wp\/v2\/product\/11542"}],"collection":[{"href":"https:\/\/www.elementvape.de\/es\/wp-json\/wp\/v2\/product"}],"about":[{"href":"https:\/\/www.elementvape.de\/es\/wp-json\/wp\/v2\/types\/product"}],"wp:featuredmedia":[{"embeddable":true,"href":"https:\/\/www.elementvape.de\/es\/wp-json\/wp\/v2\/media\/11543"}],"wp:attachment":[{"href":"https:\/\/www.elementvape.de\/es\/wp-json\/wp\/v2\/media?parent=11542"}],"wp:term":[{"taxonomy":"product_cat","embeddable":true,"href":"https:\/\/www.elementvape.de\/es\/wp-json\/wp\/v2\/product_cat?post=11542"},{"taxonomy":"product_tag","embeddable":true,"href":"https:\/\/www.elementvape.de\/es\/wp-json\/wp\/v2\/product_tag?post=11542"}],"curies":[{"name":"wp","href":"https:\/\/api.w.org\/{rel}","templated":true}]}}