{"id":11360,"date":"2024-05-31T10:16:21","date_gmt":"2024-05-31T10:16:21","guid":{"rendered":"https:\/\/www.elementvape.de\/?post_type=product&#038;p=11360"},"modified":"2024-09-12T10:36:36","modified_gmt":"2024-09-12T10:36:36","slug":"ske-crystal-bar-einweg-vape-e-zigarette","status":"publish","type":"product","link":"https:\/\/www.elementvape.de\/es\/produkt\/ske-crystal-bar-einweg-vape-e-zigarette\/","title":{"rendered":"SKE CRYSTAL BAR CIGARRILLO ELECTR\u00d3NICO DESHESABLE"},"content":{"rendered":"<h2>SKE Crystal Wand \u2013 Cigarrillo electr\u00f3nico desechable 20 mg\/ml<\/h2>\n<p>SKE Crystal Bar es un cigarrillo electr\u00f3nico desechable con un dise\u00f1o elegante y sencillo. Con Crystal Vape, obtiene una experiencia de sabor \u00fanica y m\u00faltiples posibilidades. Ya sea afrutado, dulce o helado, en los SKE Crystal Wands hay para todos los gustos. La varita de cristal tiene una apariencia cristalina y una bater\u00eda integrada de 500 mAh, que dura para 600 caladas. No necesita cargar ni rellenar, simplemente abra el paquete y comience a fumar. Ideal para llevar o como dispositivo de repuesto.<\/p>\n<p>Tecnolog\u00eda de bobina de malla<br \/>\nCada sabor tiene, gracias a la tecnolog\u00eda de bobina de malla, un aroma rico y aut\u00e9ntico. El rendimiento de este cigarrillo electr\u00f3nico supera ampliamente a otras marcas. Si valora el sabor puro, no puede dejar de probar este cigarrillo electr\u00f3nico.<\/p>\n<p>La varita de cristal SKE contiene 2 ml de l\u00edquido de sal de nicotina con una concentraci\u00f3n de 20 mg. Nivel \u00f3ptimo de nicotina, tambi\u00e9n para principiantes.<\/p>\n<h3>Sabor de Crystal Vape Bar:<\/h3>\n<p>Helado de pl\u00e1tano: Refrescante y dulce, combinado con la cremosidad del helado, ofrece una experiencia de sabor irresistible.<br \/>\nHelado de frutos rojos: Bayas del bosque frescas y fr\u00edas que se combinan en un aroma afrutado y refrescante que estimula los sentidos.<br \/>\nAr\u00e1ndano-Mora: Combina la dulzura y acidez de los ar\u00e1ndanos con la acidez de las moras para una explosi\u00f3n de sabor armoniosa.<br \/>\nAzul hielo: La frescura fr\u00eda se encuentra con el azul misterioso y deja una sensaci\u00f3n chispeante en la punta de la lengua.<br \/>\nFusi\u00f3n Azul: Una mezcla emocionante de diferentes frutas azules para una experiencia de sabor emocionante.<br \/>\nLimonada Blue Razz: Limonada especiada que se combina con ar\u00e1ndanos dulces y \u00e1cidos para un sabor refrescante y nuevo.<br \/>\nHelado de cereza: Dulzura fr\u00eda con un toque de cerezas maduras para un disfrute helado y frutal.<br \/>\nHelado de cola: Sabor cl\u00e1sico a cola combinado con una textura helada para una bebida refrescante y burbujeante.<br \/>\nMentol fresco: Claro y puro, como una brisa helada, estimula los sentidos y refresca la mente.<br \/>\nMojito: Una mezcla burbujeante de menta, lima y ron que captura la esencia del c\u00f3ctel cl\u00e1sico.<br \/>\nMiel-Lim\u00f3n: La dulzura de la miel se combina con la frescura del lim\u00f3n para un aroma armonioso y relajante.<br \/>\nKiwi Fruta de la Pasi\u00f3n Guayaba: Un c\u00f3ctel tropical de frutas con kiwi, fruta de la pasi\u00f3n y guayaba para una experiencia de sabor ex\u00f3tica y jugosa.<br \/>\nLim\u00f3n y Lima: La combinaci\u00f3n perfecta de lim\u00f3n picante y lima arom\u00e1tica que ofrece una experiencia refrescante y c\u00edtrica.<br \/>\nLim\u00f3n Durazno Fruta de la Pasi\u00f3n: Una deliciosa mezcla de lim\u00f3n, durazno y fruta de la pasi\u00f3n que aporta una dulzura frutal.<br \/>\nHelado de Mango: Mango jugoso combinado con un sabor fresco que ofrece una experiencia tropical que deleitar\u00e1 su paladar.<br \/>\nMentol: La brisa refrescante del mentol fr\u00edo puede revitalizar y limpiar la mente.<br \/>\nLimonada Rosa: Limonada dulce y afrutada con un toque de bayas rojas, un delicioso placer de verano.<br \/>\nManzana \u00c1cida y Ar\u00e1ndano: La combinaci\u00f3n de manzana verde \u00e1cida y ar\u00e1ndano dulce crea una experiencia de sabor refrescante y rica.<br \/>\nAr\u00e1ndano Amargo: El ar\u00e1ndano amargo ofrece una experiencia de sabor intensa que desaf\u00eda a sus papilas gustativas.<br \/>\nEstallido de Fresa: Jugosos estallidos de fresa que alegran su paladar con su sabor dulce y frutal.<br \/>\nHelado de Fresa: Helado cremoso de fresa que evoca d\u00edas c\u00e1lidos de verano y deleita su paladar con su sabor dulce.<br \/>\nSangre de Tigre: Una audaz combinaci\u00f3n de frutas ex\u00f3ticas y sabores intensos para una experiencia de sabor salvaje y emocionante.<br \/>\nTabaco: El sabor \u00e1cido y ahumado del tabaco despierta en conocedores y entusiastas una sensaci\u00f3n nost\u00e1lgica.<br \/>\nHelado de Sand\u00eda: Refrescante sand\u00eda combinada con hielo para ofrecer una experiencia de sabor veraniega y refrescante.<br \/>\nGomita de Sand\u00eda y Fresa: Una deliciosa mezcla de sand\u00eda jugosa y fresas dulces, envuelta en un suave sabor a chicle.<\/p>\n<h3>Detalles:<\/h3>\n<p>Cigarrillo electr\u00f3nico desechable SKE Crystal \u2013 cigarrillo electr\u00f3nico con bobina de red<br \/>\nSKE Crystal Bar es un cigarrillo electr\u00f3nico desechable con un dise\u00f1o elegante y sencillo. Para una experiencia de fumar agradable, dispone de varias opciones de sabores.<br \/>\nEl Crystal Vape de SKE cuenta con una bater\u00eda integrada de 500 mAh, que dura para 600 caladas. No necesita cargar ni rellenar, simplemente abra el paquete y comience a fumar.<\/p>\n<p>M\u00e1s de 30 sabores diferentes est\u00e1n disponibles en la Crystal Vape. Cada variedad tiene un sabor intenso y aut\u00e9ntico gracias a la tecnolog\u00eda de bobina de malla.<\/p>\n<p>Cada SKE Crystal Vape Bar contiene 2ml de l\u00edquido de sal de nicotina con una concentraci\u00f3n de 20mg. La sal de nicotina proporciona un golpe de nicotina suave y satisfactorio sin irritaci\u00f3n en la garganta.<\/p>\n<p>Solo tienes que sacarla del embalaje y tirar del boquilla. La LED en la parte inferior se enciende cuando vaporizas. Cuando la LED deja de iluminarse o el sabor disminuye, la SKE Crystal Bar est\u00e1 vac\u00eda y puede desecharse.<\/p>","protected":false},"excerpt":{"rendered":"<p>SKE Crystal Wand \u2013 Elektronische Einwegzigarette 20 mg\/ml SKE Crystal Bar ist eine elektronische Einwegzigarette mit elegantem und schlichtem Design. Mit Crystal Vape erhalten Sie ein einzigartiges Geschmackserlebnis und vielf\u00e4ltige M\u00f6glichkeiten. Ob fruchtig, s\u00fc\u00df oder eisig, bei den SKE Crystal Wands ist f\u00fcr jeden etwas dabei. Der Kristallstab verf\u00fcgt \u00fcber eine kristallklare Optik und einen [&hellip;]<\/p>","protected":false},"featured_media":11382,"template":"","meta":{"inline_featured_image":false},"product_cat":[78,754,745,742,748,744,755,738,751],"product_tag":[679],"tiered_pricing_type":"fixed","tiered_pricing_fixed_rules":[],"tiered_pricing_percentage_rules":[],"tiered_pricing_minimum":1,"_administrator_tiered_pricing_type":"fixed","_administrator_tiered_pricing_fixed_rules":[],"_editor_tiered_pricing_type":"fixed","_editor_tiered_pricing_fixed_rules":[],"_author_tiered_pricing_type":"fixed","_author_tiered_pricing_fixed_rules":[],"_contributor_tiered_pricing_type":"fixed","_contributor_tiered_pricing_fixed_rules":[],"_subscriber_tiered_pricing_type":"fixed","_subscriber_tiered_pricing_fixed_rules":[],"_customer_tiered_pricing_type":"fixed","_customer_tiered_pricing_fixed_rules":[],"_shop_manager_tiered_pricing_type":"fixed","_shop_manager_tiered_pricing_fixed_rules":[],"_wpseo_manager_tiered_pricing_type":"fixed","_wpseo_manager_tiered_pricing_fixed_rules":[],"_wpseo_editor_tiered_pricing_type":"fixed","_wpseo_editor_tiered_pricing_fixed_rules":[],"_wholesale_customer_tiered_pricing_type":"fixed","_wholesale_customer_tiered_pricing_fixed_rules":[],"_marketer_tiered_pricing_type":"fixed","_marketer_tiered_pricing_fixed_rules":[],"_sales_manager_tiered_pricing_type":"fixed","_sales_manager_tiered_pricing_fixed_rules":[],"_sales_rep_tiered_pricing_type":"fixed","_sales_rep_tiered_pricing_fixed_rules":[],"yoast_head":"<!-- This site is optimized with the Yoast SEO plugin v23.3 - https:\/\/yoast.com\/wordpress\/plugins\/seo\/ -->\n<title>SKE CRYSTAL BAR EINWEG VAPE E-ZIGARETTE | ElementVape.de<\/title>\n<meta name=\"description\" content=\"Wir bieten SKE CRYSTAL BAR EINWEG VAPE E-ZIGARETTE , Elementvape.de akzeptieren Gro\u00df-und Einzelhandel Bestellungen.\" \/>\n<meta name=\"robots\" content=\"index, follow, max-snippet:-1, max-image-preview:large, max-video-preview:-1\" \/>\n<link rel=\"canonical\" href=\"https:\/\/www.elementvape.de\/es\/produkt\/ske-crystal-bar-einweg-vape-e-zigarette\/\" \/>\n<meta property=\"og:locale\" content=\"es_ES\" \/>\n<meta property=\"og:type\" content=\"article\" \/>\n<meta property=\"og:title\" content=\"SKE CRYSTAL BAR EINWEG VAPE E-ZIGARETTE | ElementVape.de\" \/>\n<meta property=\"og:description\" content=\"Wir bieten SKE CRYSTAL BAR EINWEG VAPE E-ZIGARETTE , Elementvape.de akzeptieren Gro\u00df-und Einzelhandel Bestellungen.\" \/>\n<meta property=\"og:url\" content=\"https:\/\/www.elementvape.de\/es\/produkt\/ske-crystal-bar-einweg-vape-e-zigarette\/\" \/>\n<meta property=\"og:site_name\" content=\"ElementVape.de\" \/>\n<meta property=\"article:modified_time\" content=\"2024-09-12T10:36:36+00:00\" \/>\n<meta property=\"og:image\" content=\"https:\/\/www.elementvape.de\/wp-content\/uploads\/2024\/05\/SKE-CRYSTAL-BAR-.jpg\" \/>\n\t<meta property=\"og:image:width\" content=\"1120\" \/>\n\t<meta property=\"og:image:height\" content=\"1120\" \/>\n\t<meta property=\"og:image:type\" content=\"image\/jpeg\" \/>\n<meta name=\"twitter:card\" content=\"summary_large_image\" \/>\n<meta name=\"twitter:label1\" content=\"Est. reading time\" \/>\n\t<meta name=\"twitter:data1\" content=\"4 minutos\" \/>\n<script type=\"application\/ld+json\" class=\"yoast-schema-graph\">{\"@context\":\"https:\/\/schema.org\",\"@graph\":[{\"@type\":\"WebPage\",\"@id\":\"https:\/\/www.elementvape.de\/produkt\/ske-crystal-bar-einweg-vape-e-zigarette\/\",\"url\":\"https:\/\/www.elementvape.de\/produkt\/ske-crystal-bar-einweg-vape-e-zigarette\/\",\"name\":\"SKE CRYSTAL BAR EINWEG VAPE E-ZIGARETTE | ElementVape.de\",\"isPartOf\":{\"@id\":\"https:\/\/www.elementvape.de\/#website\"},\"primaryImageOfPage\":{\"@id\":\"https:\/\/www.elementvape.de\/produkt\/ske-crystal-bar-einweg-vape-e-zigarette\/#primaryimage\"},\"image\":{\"@id\":\"https:\/\/www.elementvape.de\/produkt\/ske-crystal-bar-einweg-vape-e-zigarette\/#primaryimage\"},\"thumbnailUrl\":\"https:\/\/www.elementvape.de\/wp-content\/uploads\/2024\/05\/SKE-CRYSTAL-BAR-.jpg\",\"datePublished\":\"2024-05-31T10:16:21+00:00\",\"dateModified\":\"2024-09-12T10:36:36+00:00\",\"description\":\"Wir bieten SKE CRYSTAL BAR EINWEG VAPE E-ZIGARETTE , Elementvape.de akzeptieren Gro\u00df-und Einzelhandel Bestellungen.\",\"breadcrumb\":{\"@id\":\"https:\/\/www.elementvape.de\/produkt\/ske-crystal-bar-einweg-vape-e-zigarette\/#breadcrumb\"},\"inLanguage\":\"es\",\"potentialAction\":[{\"@type\":\"ReadAction\",\"target\":[\"https:\/\/www.elementvape.de\/produkt\/ske-crystal-bar-einweg-vape-e-zigarette\/\"]}]},{\"@type\":\"ImageObject\",\"inLanguage\":\"es\",\"@id\":\"https:\/\/www.elementvape.de\/produkt\/ske-crystal-bar-einweg-vape-e-zigarette\/#primaryimage\",\"url\":\"https:\/\/www.elementvape.de\/wp-content\/uploads\/2024\/05\/SKE-CRYSTAL-BAR-.jpg\",\"contentUrl\":\"https:\/\/www.elementvape.de\/wp-content\/uploads\/2024\/05\/SKE-CRYSTAL-BAR-.jpg\",\"width\":1120,\"height\":1120,\"caption\":\"SKE CRYSTAL BAR\"},{\"@type\":\"BreadcrumbList\",\"@id\":\"https:\/\/www.elementvape.de\/produkt\/ske-crystal-bar-einweg-vape-e-zigarette\/#breadcrumb\",\"itemListElement\":[{\"@type\":\"ListItem\",\"position\":1,\"name\":\"Home\",\"item\":\"https:\/\/www.elementvape.de\/\"},{\"@type\":\"ListItem\",\"position\":2,\"name\":\"Shop\",\"item\":\"https:\/\/www.elementvape.de\/shop\/\"},{\"@type\":\"ListItem\",\"position\":3,\"name\":\"SKE CRYSTAL BAR EINWEG VAPE E-ZIGARETTE\"}]},{\"@type\":\"WebSite\",\"@id\":\"https:\/\/www.elementvape.de\/#website\",\"url\":\"https:\/\/www.elementvape.de\/\",\"name\":\"ElementVape.de\",\"description\":\"\",\"publisher\":{\"@id\":\"https:\/\/www.elementvape.de\/#organization\"},\"potentialAction\":[{\"@type\":\"SearchAction\",\"target\":{\"@type\":\"EntryPoint\",\"urlTemplate\":\"https:\/\/www.elementvape.de\/?s={search_term_string}\"},\"query-input\":\"required name=search_term_string\"}],\"inLanguage\":\"es\"},{\"@type\":\"Organization\",\"@id\":\"https:\/\/www.elementvape.de\/#organization\",\"name\":\"ElementVape.DE\",\"url\":\"https:\/\/www.elementvape.de\/\",\"logo\":{\"@type\":\"ImageObject\",\"inLanguage\":\"es\",\"@id\":\"https:\/\/www.elementvape.de\/#\/schema\/logo\/image\/\",\"url\":\"https:\/\/www.elementvape.de\/wp-content\/uploads\/2024\/09\/cropped-1elementvape-3.png\",\"contentUrl\":\"https:\/\/www.elementvape.de\/wp-content\/uploads\/2024\/09\/cropped-1elementvape-3.png\",\"width\":285,\"height\":228,\"caption\":\"ElementVape.DE\"},\"image\":{\"@id\":\"https:\/\/www.elementvape.de\/#\/schema\/logo\/image\/\"}}]}<\/script>\n<!-- \/ Yoast SEO plugin. -->","yoast_head_json":{"title":"SKE CRYSTAL BAR EINWEG VAPE E-ZIGARETTE | ElementVape.de","description":"Wir bieten SKE CRYSTAL BAR EINWEG VAPE E-ZIGARETTE , Elementvape.de akzeptieren Gro\u00df-und Einzelhandel Bestellungen.","robots":{"index":"index","follow":"follow","max-snippet":"max-snippet:-1","max-image-preview":"max-image-preview:large","max-video-preview":"max-video-preview:-1"},"canonical":"https:\/\/www.elementvape.de\/es\/produkt\/ske-crystal-bar-einweg-vape-e-zigarette\/","og_locale":"es_ES","og_type":"article","og_title":"SKE CRYSTAL BAR EINWEG VAPE E-ZIGARETTE | ElementVape.de","og_description":"Wir bieten SKE CRYSTAL BAR EINWEG VAPE E-ZIGARETTE , Elementvape.de akzeptieren Gro\u00df-und Einzelhandel Bestellungen.","og_url":"https:\/\/www.elementvape.de\/es\/produkt\/ske-crystal-bar-einweg-vape-e-zigarette\/","og_site_name":"ElementVape.de","article_modified_time":"2024-09-12T10:36:36+00:00","og_image":[{"width":1120,"height":1120,"url":"https:\/\/www.elementvape.de\/wp-content\/uploads\/2024\/05\/SKE-CRYSTAL-BAR-.jpg","type":"image\/jpeg"}],"twitter_card":"summary_large_image","twitter_misc":{"Est. reading time":"4 minutos"},"schema":{"@context":"https:\/\/schema.org","@graph":[{"@type":"WebPage","@id":"https:\/\/www.elementvape.de\/produkt\/ske-crystal-bar-einweg-vape-e-zigarette\/","url":"https:\/\/www.elementvape.de\/produkt\/ske-crystal-bar-einweg-vape-e-zigarette\/","name":"SKE CRYSTAL BAR EINWEG VAPE E-ZIGARETTE | ElementVape.de","isPartOf":{"@id":"https:\/\/www.elementvape.de\/#website"},"primaryImageOfPage":{"@id":"https:\/\/www.elementvape.de\/produkt\/ske-crystal-bar-einweg-vape-e-zigarette\/#primaryimage"},"image":{"@id":"https:\/\/www.elementvape.de\/produkt\/ske-crystal-bar-einweg-vape-e-zigarette\/#primaryimage"},"thumbnailUrl":"https:\/\/www.elementvape.de\/wp-content\/uploads\/2024\/05\/SKE-CRYSTAL-BAR-.jpg","datePublished":"2024-05-31T10:16:21+00:00","dateModified":"2024-09-12T10:36:36+00:00","description":"Wir bieten SKE CRYSTAL BAR EINWEG VAPE E-ZIGARETTE , Elementvape.de akzeptieren Gro\u00df-und Einzelhandel Bestellungen.","breadcrumb":{"@id":"https:\/\/www.elementvape.de\/produkt\/ske-crystal-bar-einweg-vape-e-zigarette\/#breadcrumb"},"inLanguage":"es","potentialAction":[{"@type":"ReadAction","target":["https:\/\/www.elementvape.de\/produkt\/ske-crystal-bar-einweg-vape-e-zigarette\/"]}]},{"@type":"ImageObject","inLanguage":"es","@id":"https:\/\/www.elementvape.de\/produkt\/ske-crystal-bar-einweg-vape-e-zigarette\/#primaryimage","url":"https:\/\/www.elementvape.de\/wp-content\/uploads\/2024\/05\/SKE-CRYSTAL-BAR-.jpg","contentUrl":"https:\/\/www.elementvape.de\/wp-content\/uploads\/2024\/05\/SKE-CRYSTAL-BAR-.jpg","width":1120,"height":1120,"caption":"SKE CRYSTAL BAR"},{"@type":"BreadcrumbList","@id":"https:\/\/www.elementvape.de\/produkt\/ske-crystal-bar-einweg-vape-e-zigarette\/#breadcrumb","itemListElement":[{"@type":"ListItem","position":1,"name":"Home","item":"https:\/\/www.elementvape.de\/"},{"@type":"ListItem","position":2,"name":"Shop","item":"https:\/\/www.elementvape.de\/shop\/"},{"@type":"ListItem","position":3,"name":"SKE CRYSTAL BAR EINWEG VAPE E-ZIGARETTE"}]},{"@type":"WebSite","@id":"https:\/\/www.elementvape.de\/#website","url":"https:\/\/www.elementvape.de\/","name":"ElementVape.de","description":"","publisher":{"@id":"https:\/\/www.elementvape.de\/#organization"},"potentialAction":[{"@type":"SearchAction","target":{"@type":"EntryPoint","urlTemplate":"https:\/\/www.elementvape.de\/?s={search_term_string}"},"query-input":"required name=search_term_string"}],"inLanguage":"es"},{"@type":"Organization","@id":"https:\/\/www.elementvape.de\/#organization","name":"ElementVape.DE","url":"https:\/\/www.elementvape.de\/","logo":{"@type":"ImageObject","inLanguage":"es","@id":"https:\/\/www.elementvape.de\/#\/schema\/logo\/image\/","url":"https:\/\/www.elementvape.de\/wp-content\/uploads\/2024\/09\/cropped-1elementvape-3.png","contentUrl":"https:\/\/www.elementvape.de\/wp-content\/uploads\/2024\/09\/cropped-1elementvape-3.png","width":285,"height":228,"caption":"ElementVape.DE"},"image":{"@id":"https:\/\/www.elementvape.de\/#\/schema\/logo\/image\/"}}]}},"_links":{"self":[{"href":"https:\/\/www.elementvape.de\/es\/wp-json\/wp\/v2\/product\/11360"}],"collection":[{"href":"https:\/\/www.elementvape.de\/es\/wp-json\/wp\/v2\/product"}],"about":[{"href":"https:\/\/www.elementvape.de\/es\/wp-json\/wp\/v2\/types\/product"}],"wp:featuredmedia":[{"embeddable":true,"href":"https:\/\/www.elementvape.de\/es\/wp-json\/wp\/v2\/media\/11382"}],"wp:attachment":[{"href":"https:\/\/www.elementvape.de\/es\/wp-json\/wp\/v2\/media?parent=11360"}],"wp:term":[{"taxonomy":"product_cat","embeddable":true,"href":"https:\/\/www.elementvape.de\/es\/wp-json\/wp\/v2\/product_cat?post=11360"},{"taxonomy":"product_tag","embeddable":true,"href":"https:\/\/www.elementvape.de\/es\/wp-json\/wp\/v2\/product_tag?post=11360"}],"curies":[{"name":"wp","href":"https:\/\/api.w.org\/{rel}","templated":true}]}}