{"id":11159,"date":"2024-05-30T09:48:52","date_gmt":"2024-05-30T09:48:52","guid":{"rendered":"https:\/\/www.elementvape.de\/?post_type=product&#038;p=11159"},"modified":"2024-09-12T10:36:40","modified_gmt":"2024-09-12T10:36:40","slug":"ivg-bar-einweg-vape-600-puffs","status":"publish","type":"product","link":"https:\/\/www.elementvape.de\/es\/produkt\/ivg-bar-einweg-vape-600-puffs\/","title":{"rendered":"Vape desechable IVG Bar 600 caladas"},"content":{"rendered":"<h2>Cigarrillo Electr\u00f3nico Desechable IVG BAR:<\/h2>\n<p>La IVG Bar es un cigarrillo electr\u00f3nico muy f\u00e1cil de usar: el l\u00edquido y la bater\u00eda ya est\u00e1n incluidos en la IVG Bar. Esto significa que los vaporizadores pueden comenzar a usarlo de inmediato, sin tener que cargar la bater\u00eda o rellenar el l\u00edquido. Por lo tanto, los Vape Pens o Vape Sticks como la IVG Bar tambi\u00e9n se conocen como <strong><a href=\"https:\/\/www.elementvape.de\/es\/c\/einweg-zigarette\/\">Cigarrillos electr\u00f3nicos desechables<\/a><\/strong> o cigarrillos electr\u00f3nicos desechables.<\/p>\n<h3>Sabor:<\/h3>\n<p>Hielo de Aloe Uva: Aloe Vera en combinaci\u00f3n con uvas frescas y un sabor a hielo congelado..<\/p>\n<p>Hielo de limonada de frutos del bosque: Una combinaci\u00f3n refrescante de bayas dulces y una limonada fresca.<\/p>\n<p>Hielo de frambuesa azul: Frambuesa y mora azules refrescantes y dulces, con un peque\u00f1o toque \u00e1cido.<\/p>\n<p>Hielo de granizado azul: El sabor nost\u00e1lgico del granizado azul con un final refrescante.<\/p>\n<p>Mora y frambuesa \u00e1cida: La combinaci\u00f3n refrescante, frutal y ligeramente \u00e1cida, donde la mora se encuentra con la frambuesa<\/p>\n<p>Mora y granada: Disfruta de la combinaci\u00f3n frutal de moras jugosas y dulce granada. El IVG Bar en sabor Mora y Granada ofrece una experiencia de vapeo intensa y refrescante que deleitar\u00e1 tus sentidos.<\/p>\n<p>Mango ex\u00f3tico: Disfruta del sabor ex\u00f3tico de mango jugoso que cautivar\u00e1 tus sentidos. El IVG Bar en sabor Mango Ex\u00f3tico ofrece una experiencia de vapeo intensa y tropical.<\/p>\n<p>Manzana Fuji y mel\u00f3n: Disfruta del sabor refrescante de jugosas manzanas Fuji, combinadas con mel\u00f3n dulce. El IVG Bar en sabor Manzana Fuji y Mel\u00f3n ofrece una experiencia frutal y deliciosa que deleitar\u00e1 tus sentidos.<\/p>\n<p>Kiwi, fruta de la pasi\u00f3n y guayaba: Disfruta de la mezcla ex\u00f3tica de kiwi jugoso, fruta de la pasi\u00f3n y guayaba tropical. El IVG Bar en sabor Kiwi, Fruta de la Pasi\u00f3n y Guayaba ofrece una experiencia de vapeo frutal e intensa que encantar\u00e1 tus sentidos.<\/p>\n<p>Mango y lychee: Disfruta de la combinaci\u00f3n refrescante de mango dulce y lychee jugoso. <strong><a href=\"https:\/\/www.elementvape.de\/es\/product-brand\/ivg-bar\/\">Barra IVG<\/a><\/strong> en sabor Mango y Lychee ofrece una experiencia de vapeo frutal y ex\u00f3tica que deleitar\u00e1 tus sentidos.<\/p>\n<p>Fruta de la pasi\u00f3n: Disfruta del sabor intenso de la fruta de la pasi\u00f3n. El IVG Bar en sabor Fruta de la Pasi\u00f3n ofrece una experiencia de vapeo frutal y tropical que encantar\u00e1 tus sentidos.<\/p>\n<p>Anillos de durazno: Experimenta el sabor dulce de los anillos de durazno en tu cigarrillo electr\u00f3nico. El IVG Bar en sabor Anillos de Durazno ofrece una experiencia de vapeo frutal y refrescante que deleitar\u00e1 tu paladar.<\/p>\n<p>Limonada rosa: Disfruta del sabor refrescante de limonada rosa en tu cigarrillo electr\u00f3nico. El IVG Bar en sabor Limonada Rosa ofrece una experiencia de vapeo frutal y burbujeante que encantar\u00e1 tus sentidos.<\/p>\n<p>Menta polar: Disfruta de la frescura refrescante de Menta Polar en tu cigarrillo electr\u00f3nico. El IVG Bar en sabor Menta Polar ofrece un aroma intenso a menta que proporciona una experiencia de vapeo agradable y refrescante.<\/p>\n<p>Limonada de frambuesa: Disfruta de la combinaci\u00f3n chispeante de frambuesas dulces y limonada refrescante. El IVG Bar en sabor Limonada de Frambuesa te ofrece un vapor frutal y refrescante que revitalizar\u00e1 tus sentidos.<\/p>\n<p>Arco\u00edris: Descubre la experiencia de sabor colorida de Arco\u00edris en tu cigarrillo electr\u00f3nico. El IVG Bar en sabor Arco\u00edris ofrece una variedad de aromas frutales que armonizan y te brindan un placer de vapeo \u00fanico.<\/p>\n<p>Guayaba rub\u00ed con hielo: Disfruta del sabor refrescante de guayaba jugosa con un toque de mentol helado. El IVG Bar en sabor Guayaba Rub\u00ed con Hielo ofrece una experiencia tropical y a la vez refrescante que cautivar\u00e1 tus sentidos.<\/p>\n<p>Fresa y sand\u00eda: Disfruta de la dulce y refrescante combinaci\u00f3n de fresas jugosas y sand\u00eda. El IVG Bar en sabor Fresa y Sand\u00eda ofrece una experiencia frutal y veraniega que revitalizar\u00e1 tus sentidos.<\/p>\n<p>Vainilla, natillas y tabaco: Disfruta de la armon\u00eda entre cremosa vainilla, dulce natilla de huevo y especiado tabaco. El IVG Bar en sabor Vainilla, Natillas y Tabaco ofrece una experiencia de vapeo elegante y equilibrada que mimar\u00e1 tus papilas gustativas.<\/p>\n<p>Sand\u00eda: Disfruta del sabor jugoso de sand\u00eda madura, perfectamente complementado con una agradable frescura. El IVG Bar en sabor Sand\u00eda ofrece una experiencia de vapeo refrescante y frutal que revitalizar\u00e1 tus sentidos.<\/p>\n<h3>Una nota:<\/h3>\n<p>La IVG Bar ahora est\u00e1 equipada con una protecci\u00f3n infantil: los modelos con esta funci\u00f3n se reconocen por la marca \u00ab3 Short Pull (Unlock) Lock\u00bb en el embalaje.<\/p>\n<p>Para abrir o cerrar la IVG Bar con protecci\u00f3n infantil, tire del boquilla tres veces r\u00e1pidamente en menos de dos segundos.<\/p>\n<p>IVG Bar facilita la transici\u00f3n a los cigarrillos electr\u00f3nicos<br \/>\nLos fumadores que deseen cambiar a los cigarrillos electr\u00f3nicos pueden comenzar de inmediato con la IVG Bar: el dep\u00f3sito est\u00e1 prellenado con 2 ml de l\u00edquido de sal de nicotina.<\/p>\n<p>La IVG Bar tiene suficiente volumen de l\u00edquido y bater\u00edas para generar hasta 600 vapores deliciosos. Pero, en general, 2 ml de l\u00edquido son suficientes en un uso normal para lograr el objetivo de reducir significativamente el n\u00famero de clics. Esto significa que los pods y otros <strong><a href=\"https:\/\/www.elementvape.de\/es\/\">cigarros electr\u00f3nicos<\/a><\/strong>, que el vaporizador puede rellenar con su propio l\u00edquido, son mucho m\u00e1s econ\u00f3micos.<\/p>\n<p>Nicotina en los sticks IVG<br \/>\nEl contenido de nicotina l\u00edquida en la IVG Bar es de 20 mg por mililitro de l\u00edquido. El contenido de nicotina en el l\u00edquido satisface el deseo de los fumadores habituales.<\/p>\n<p>La IVG Bar utiliza l\u00edquidos llamados sales de nicotina: los l\u00edquidos con sales de nicotina se caracterizan por no irritar demasiado la garganta y, por lo tanto, resultan especialmente agradables.<\/p>\n<p>Tecnolog\u00eda de flujo de aire mixto \u00fanica<br \/>\nLa IVG Bar utiliza la tecnolog\u00eda h\u00edbrida de flujo de aire para garantizar la mejor experiencia de fumar.<\/p>\n<h3>Normas de seguridad:<\/h3>\n<p>Solo para uso por adultos en la edad legal m\u00ednima para fumar.<br \/>\nNo recomendado para mujeres embarazadas o en per\u00edodo de lactancia.<br \/>\nMantener fuera del alcance de ni\u00f1os y mascotas.<br \/>\nEn caso de contacto con ojos o piel, enjuagar cuidadosamente con agua y consultar a un m\u00e9dico de inmediato.<br \/>\nLavar bien las manos despu\u00e9s de usar.<br \/>\nTenga en cuenta: Este producto est\u00e1 destinado a usuarios adultos de cigarrillos electr\u00f3nicos.<\/p>","protected":false},"excerpt":{"rendered":"<p>Einweg-Elektrozigarette IVG BAR: Die IVG Bar ist eine sehr einfach zu verwendende E-Zigarette: Fl\u00fcssigkeit und Batterie sind bereits in der IVG Bar enthalten. Dies bedeutet, dass Dampfer sofort mit der Nutzung beginnen k\u00f6nnen, ohne den Akku aufladen oder Fl\u00fcssigkeit nachf\u00fcllen zu m\u00fcssen. Daher werden Vape Pens oder Vape Sticks wie IVG Bar auch als Einweg-E-Zigaretten [&hellip;]<\/p>","protected":false},"featured_media":11160,"template":"","meta":{"inline_featured_image":false},"product_cat":[78,754,745,742,748,744,755,738,751],"product_tag":[679],"tiered_pricing_type":"fixed","tiered_pricing_fixed_rules":[],"tiered_pricing_percentage_rules":[],"tiered_pricing_minimum":1,"_administrator_tiered_pricing_type":"fixed","_administrator_tiered_pricing_fixed_rules":[],"_editor_tiered_pricing_type":"fixed","_editor_tiered_pricing_fixed_rules":[],"_author_tiered_pricing_type":"fixed","_author_tiered_pricing_fixed_rules":[],"_contributor_tiered_pricing_type":"fixed","_contributor_tiered_pricing_fixed_rules":[],"_subscriber_tiered_pricing_type":"fixed","_subscriber_tiered_pricing_fixed_rules":[],"_customer_tiered_pricing_type":"fixed","_customer_tiered_pricing_fixed_rules":[],"_shop_manager_tiered_pricing_type":"fixed","_shop_manager_tiered_pricing_fixed_rules":[],"_wpseo_manager_tiered_pricing_type":"fixed","_wpseo_manager_tiered_pricing_fixed_rules":[],"_wpseo_editor_tiered_pricing_type":"fixed","_wpseo_editor_tiered_pricing_fixed_rules":[],"_wholesale_customer_tiered_pricing_type":"fixed","_wholesale_customer_tiered_pricing_fixed_rules":[],"_marketer_tiered_pricing_type":"fixed","_marketer_tiered_pricing_fixed_rules":[],"_sales_manager_tiered_pricing_type":"fixed","_sales_manager_tiered_pricing_fixed_rules":[],"_sales_rep_tiered_pricing_type":"fixed","_sales_rep_tiered_pricing_fixed_rules":[],"yoast_head":"<!-- This site is optimized with the Yoast SEO plugin v23.3 - https:\/\/yoast.com\/wordpress\/plugins\/seo\/ -->\n<title>IVG Bar Einweg Vape 600 Puffs | ElementVape.de<\/title>\n<meta name=\"description\" content=\"Wir bieten IVG Bar Einweg Vape 600 Puffs , Elementvape.de akzeptieren Gro\u00df-und Einzelhandel Bestellungen.\" \/>\n<meta name=\"robots\" content=\"index, follow, max-snippet:-1, max-image-preview:large, max-video-preview:-1\" \/>\n<link rel=\"canonical\" href=\"https:\/\/www.elementvape.de\/es\/produkt\/ivg-bar-einweg-vape-600-puffs\/\" \/>\n<meta property=\"og:locale\" content=\"es_ES\" \/>\n<meta property=\"og:type\" content=\"article\" \/>\n<meta property=\"og:title\" content=\"IVG Bar Einweg Vape 600 Puffs | ElementVape.de\" \/>\n<meta property=\"og:description\" content=\"Wir bieten IVG Bar Einweg Vape 600 Puffs , Elementvape.de akzeptieren Gro\u00df-und Einzelhandel Bestellungen.\" \/>\n<meta property=\"og:url\" content=\"https:\/\/www.elementvape.de\/es\/produkt\/ivg-bar-einweg-vape-600-puffs\/\" \/>\n<meta property=\"og:site_name\" content=\"ElementVape.de\" \/>\n<meta property=\"article:modified_time\" content=\"2024-09-12T10:36:40+00:00\" \/>\n<meta property=\"og:image\" content=\"https:\/\/www.elementvape.de\/wp-content\/uploads\/2024\/05\/IVG_BAR_Strawberry_watermeelon_einweg_ezigarette.webp\" \/>\n\t<meta property=\"og:image:width\" content=\"800\" \/>\n\t<meta property=\"og:image:height\" content=\"800\" \/>\n\t<meta property=\"og:image:type\" content=\"image\/webp\" \/>\n<meta name=\"twitter:card\" content=\"summary_large_image\" \/>\n<meta name=\"twitter:label1\" content=\"Est. reading time\" \/>\n\t<meta name=\"twitter:data1\" content=\"6 minutos\" \/>\n<script type=\"application\/ld+json\" class=\"yoast-schema-graph\">{\"@context\":\"https:\/\/schema.org\",\"@graph\":[{\"@type\":\"WebPage\",\"@id\":\"https:\/\/www.elementvape.de\/produkt\/ivg-bar-einweg-vape-600-puffs\/\",\"url\":\"https:\/\/www.elementvape.de\/produkt\/ivg-bar-einweg-vape-600-puffs\/\",\"name\":\"IVG Bar Einweg Vape 600 Puffs | ElementVape.de\",\"isPartOf\":{\"@id\":\"https:\/\/www.elementvape.de\/#website\"},\"primaryImageOfPage\":{\"@id\":\"https:\/\/www.elementvape.de\/produkt\/ivg-bar-einweg-vape-600-puffs\/#primaryimage\"},\"image\":{\"@id\":\"https:\/\/www.elementvape.de\/produkt\/ivg-bar-einweg-vape-600-puffs\/#primaryimage\"},\"thumbnailUrl\":\"https:\/\/www.elementvape.de\/wp-content\/uploads\/2024\/05\/IVG_BAR_Strawberry_watermeelon_einweg_ezigarette.webp\",\"datePublished\":\"2024-05-30T09:48:52+00:00\",\"dateModified\":\"2024-09-12T10:36:40+00:00\",\"description\":\"Wir bieten IVG Bar Einweg Vape 600 Puffs , Elementvape.de akzeptieren Gro\u00df-und Einzelhandel Bestellungen.\",\"breadcrumb\":{\"@id\":\"https:\/\/www.elementvape.de\/produkt\/ivg-bar-einweg-vape-600-puffs\/#breadcrumb\"},\"inLanguage\":\"es\",\"potentialAction\":[{\"@type\":\"ReadAction\",\"target\":[\"https:\/\/www.elementvape.de\/produkt\/ivg-bar-einweg-vape-600-puffs\/\"]}]},{\"@type\":\"ImageObject\",\"inLanguage\":\"es\",\"@id\":\"https:\/\/www.elementvape.de\/produkt\/ivg-bar-einweg-vape-600-puffs\/#primaryimage\",\"url\":\"https:\/\/www.elementvape.de\/wp-content\/uploads\/2024\/05\/IVG_BAR_Strawberry_watermeelon_einweg_ezigarette.webp\",\"contentUrl\":\"https:\/\/www.elementvape.de\/wp-content\/uploads\/2024\/05\/IVG_BAR_Strawberry_watermeelon_einweg_ezigarette.webp\",\"width\":800,\"height\":800,\"caption\":\"IVG_BAR_Strawberry_watermeelon_einweg_ezigarette\"},{\"@type\":\"BreadcrumbList\",\"@id\":\"https:\/\/www.elementvape.de\/produkt\/ivg-bar-einweg-vape-600-puffs\/#breadcrumb\",\"itemListElement\":[{\"@type\":\"ListItem\",\"position\":1,\"name\":\"Home\",\"item\":\"https:\/\/www.elementvape.de\/\"},{\"@type\":\"ListItem\",\"position\":2,\"name\":\"Shop\",\"item\":\"https:\/\/www.elementvape.de\/shop\/\"},{\"@type\":\"ListItem\",\"position\":3,\"name\":\"IVG Bar Einweg Vape 600 Puffs\"}]},{\"@type\":\"WebSite\",\"@id\":\"https:\/\/www.elementvape.de\/#website\",\"url\":\"https:\/\/www.elementvape.de\/\",\"name\":\"ElementVape.de\",\"description\":\"\",\"publisher\":{\"@id\":\"https:\/\/www.elementvape.de\/#organization\"},\"potentialAction\":[{\"@type\":\"SearchAction\",\"target\":{\"@type\":\"EntryPoint\",\"urlTemplate\":\"https:\/\/www.elementvape.de\/?s={search_term_string}\"},\"query-input\":\"required name=search_term_string\"}],\"inLanguage\":\"es\"},{\"@type\":\"Organization\",\"@id\":\"https:\/\/www.elementvape.de\/#organization\",\"name\":\"ElementVape.DE\",\"url\":\"https:\/\/www.elementvape.de\/\",\"logo\":{\"@type\":\"ImageObject\",\"inLanguage\":\"es\",\"@id\":\"https:\/\/www.elementvape.de\/#\/schema\/logo\/image\/\",\"url\":\"https:\/\/www.elementvape.de\/wp-content\/uploads\/2024\/09\/cropped-1elementvape-3.png\",\"contentUrl\":\"https:\/\/www.elementvape.de\/wp-content\/uploads\/2024\/09\/cropped-1elementvape-3.png\",\"width\":285,\"height\":228,\"caption\":\"ElementVape.DE\"},\"image\":{\"@id\":\"https:\/\/www.elementvape.de\/#\/schema\/logo\/image\/\"}}]}<\/script>\n<!-- \/ Yoast SEO plugin. -->","yoast_head_json":{"title":"IVG Bar Einweg Vape 600 Puffs | ElementVape.de","description":"Wir bieten IVG Bar Einweg Vape 600 Puffs , Elementvape.de akzeptieren Gro\u00df-und Einzelhandel Bestellungen.","robots":{"index":"index","follow":"follow","max-snippet":"max-snippet:-1","max-image-preview":"max-image-preview:large","max-video-preview":"max-video-preview:-1"},"canonical":"https:\/\/www.elementvape.de\/es\/produkt\/ivg-bar-einweg-vape-600-puffs\/","og_locale":"es_ES","og_type":"article","og_title":"IVG Bar Einweg Vape 600 Puffs | ElementVape.de","og_description":"Wir bieten IVG Bar Einweg Vape 600 Puffs , Elementvape.de akzeptieren Gro\u00df-und Einzelhandel Bestellungen.","og_url":"https:\/\/www.elementvape.de\/es\/produkt\/ivg-bar-einweg-vape-600-puffs\/","og_site_name":"ElementVape.de","article_modified_time":"2024-09-12T10:36:40+00:00","og_image":[{"width":800,"height":800,"url":"https:\/\/www.elementvape.de\/wp-content\/uploads\/2024\/05\/IVG_BAR_Strawberry_watermeelon_einweg_ezigarette.webp","type":"image\/webp"}],"twitter_card":"summary_large_image","twitter_misc":{"Est. reading time":"6 minutos"},"schema":{"@context":"https:\/\/schema.org","@graph":[{"@type":"WebPage","@id":"https:\/\/www.elementvape.de\/produkt\/ivg-bar-einweg-vape-600-puffs\/","url":"https:\/\/www.elementvape.de\/produkt\/ivg-bar-einweg-vape-600-puffs\/","name":"IVG Bar Einweg Vape 600 Puffs | ElementVape.de","isPartOf":{"@id":"https:\/\/www.elementvape.de\/#website"},"primaryImageOfPage":{"@id":"https:\/\/www.elementvape.de\/produkt\/ivg-bar-einweg-vape-600-puffs\/#primaryimage"},"image":{"@id":"https:\/\/www.elementvape.de\/produkt\/ivg-bar-einweg-vape-600-puffs\/#primaryimage"},"thumbnailUrl":"https:\/\/www.elementvape.de\/wp-content\/uploads\/2024\/05\/IVG_BAR_Strawberry_watermeelon_einweg_ezigarette.webp","datePublished":"2024-05-30T09:48:52+00:00","dateModified":"2024-09-12T10:36:40+00:00","description":"Wir bieten IVG Bar Einweg Vape 600 Puffs , Elementvape.de akzeptieren Gro\u00df-und Einzelhandel Bestellungen.","breadcrumb":{"@id":"https:\/\/www.elementvape.de\/produkt\/ivg-bar-einweg-vape-600-puffs\/#breadcrumb"},"inLanguage":"es","potentialAction":[{"@type":"ReadAction","target":["https:\/\/www.elementvape.de\/produkt\/ivg-bar-einweg-vape-600-puffs\/"]}]},{"@type":"ImageObject","inLanguage":"es","@id":"https:\/\/www.elementvape.de\/produkt\/ivg-bar-einweg-vape-600-puffs\/#primaryimage","url":"https:\/\/www.elementvape.de\/wp-content\/uploads\/2024\/05\/IVG_BAR_Strawberry_watermeelon_einweg_ezigarette.webp","contentUrl":"https:\/\/www.elementvape.de\/wp-content\/uploads\/2024\/05\/IVG_BAR_Strawberry_watermeelon_einweg_ezigarette.webp","width":800,"height":800,"caption":"IVG_BAR_Strawberry_watermeelon_einweg_ezigarette"},{"@type":"BreadcrumbList","@id":"https:\/\/www.elementvape.de\/produkt\/ivg-bar-einweg-vape-600-puffs\/#breadcrumb","itemListElement":[{"@type":"ListItem","position":1,"name":"Home","item":"https:\/\/www.elementvape.de\/"},{"@type":"ListItem","position":2,"name":"Shop","item":"https:\/\/www.elementvape.de\/shop\/"},{"@type":"ListItem","position":3,"name":"IVG Bar Einweg Vape 600 Puffs"}]},{"@type":"WebSite","@id":"https:\/\/www.elementvape.de\/#website","url":"https:\/\/www.elementvape.de\/","name":"ElementVape.de","description":"","publisher":{"@id":"https:\/\/www.elementvape.de\/#organization"},"potentialAction":[{"@type":"SearchAction","target":{"@type":"EntryPoint","urlTemplate":"https:\/\/www.elementvape.de\/?s={search_term_string}"},"query-input":"required name=search_term_string"}],"inLanguage":"es"},{"@type":"Organization","@id":"https:\/\/www.elementvape.de\/#organization","name":"ElementVape.DE","url":"https:\/\/www.elementvape.de\/","logo":{"@type":"ImageObject","inLanguage":"es","@id":"https:\/\/www.elementvape.de\/#\/schema\/logo\/image\/","url":"https:\/\/www.elementvape.de\/wp-content\/uploads\/2024\/09\/cropped-1elementvape-3.png","contentUrl":"https:\/\/www.elementvape.de\/wp-content\/uploads\/2024\/09\/cropped-1elementvape-3.png","width":285,"height":228,"caption":"ElementVape.DE"},"image":{"@id":"https:\/\/www.elementvape.de\/#\/schema\/logo\/image\/"}}]}},"_links":{"self":[{"href":"https:\/\/www.elementvape.de\/es\/wp-json\/wp\/v2\/product\/11159"}],"collection":[{"href":"https:\/\/www.elementvape.de\/es\/wp-json\/wp\/v2\/product"}],"about":[{"href":"https:\/\/www.elementvape.de\/es\/wp-json\/wp\/v2\/types\/product"}],"wp:featuredmedia":[{"embeddable":true,"href":"https:\/\/www.elementvape.de\/es\/wp-json\/wp\/v2\/media\/11160"}],"wp:attachment":[{"href":"https:\/\/www.elementvape.de\/es\/wp-json\/wp\/v2\/media?parent=11159"}],"wp:term":[{"taxonomy":"product_cat","embeddable":true,"href":"https:\/\/www.elementvape.de\/es\/wp-json\/wp\/v2\/product_cat?post=11159"},{"taxonomy":"product_tag","embeddable":true,"href":"https:\/\/www.elementvape.de\/es\/wp-json\/wp\/v2\/product_tag?post=11159"}],"curies":[{"name":"wp","href":"https:\/\/api.w.org\/{rel}","templated":true}]}}