{"id":10720,"date":"2024-05-27T05:50:24","date_gmt":"2024-05-27T05:50:24","guid":{"rendered":"https:\/\/www.elementvape.de\/?post_type=product&#038;p=10720"},"modified":"2024-09-12T10:31:39","modified_gmt":"2024-09-12T10:31:39","slug":"elf-bar-xc5000-einweg-vape-5000-zuege-650mah","status":"publish","type":"product","link":"https:\/\/www.elementvape.de\/es\/produkt\/elf-bar-xc5000-einweg-vape-5000-zuege-650mah\/","title":{"rendered":"Elf Bar XC5000 Vape desechable 5000 caladas 650mAh"},"content":{"rendered":"<p>Descripci\u00f3n<br \/>\nExperimente el vapeador desechable Elf Bar XC5000 con 5000 caladas de alta calidad con 5 % de nicotina por peso. Este dispositivo cuenta con una f\u00f3rmula de sal de nicotina con una capacidad de 13,5 ml y una bater\u00eda de 650 mAh con tecnolog\u00eda de carga Type-C.<\/p>\n<p>Par\u00e1metros:<br \/>\nCaladas: 5000<br \/>\nNicotina: 5 % (50 mg)<br \/>\nTipo de nicotina: Sal de Nicotina<br \/>\nCapacidad: 13,5 ml<br \/>\nCapacidad de la bater\u00eda: 650 mAh (carga Type-C)<br \/>\nResistencia: Bobina de malla<\/p>\n<p>Sabores:<br \/>\nArco\u00edris<br \/>\nFresa de maldito<br \/>\nMenta fresca<br \/>\nFujiyama Lush<br \/>\nDurazno de maldito<br \/>\nFruta del drag\u00f3n de maldito<br \/>\nBlue Razz de maldito<br \/>\nCaramelo de fresa y Razz<br \/>\nPi\u00f1a de maldito<br \/>\nBurbuja de baya<br \/>\nGomita Blanca<br \/>\nCaramelo de sand\u00eda<br \/>\nSundance<br \/>\nMango de fresa, fruta del drag\u00f3n y durazno<br \/>\nCereza helada de Razz de fresa<br \/>\nManzana Roja<br \/>\nDrop de pl\u00e1tano<br \/>\nPomo de fresa azul<br \/>\nDurazno mango<br \/>\nBurbujas de naranja<br \/>\nFrutas Mixtas<br \/>\nMango Hielo<br \/>\nManzana y durazno congelados<br \/>\nDe maldito fab<br \/>\nManzana y fresa congeladas<br \/>\nRefresco de ar\u00e1ndano<br \/>\nBola de Algod\u00f3n<br \/>\nPom de Ar\u00e1ndano Azul<br \/>\nTripple Manzana Hielo Lush<br \/>\nSidra de Manzana<br \/>\nAmor de Caramelo<\/p>\n<p>Lista de empaque:<br \/>\n1 x Vapeador desechable Elf Bar XC5000 5000 caladas<\/p>","protected":false},"excerpt":{"rendered":"<p>Beschreibung Erleben Sie den Elf Bar XC5000 Einweg-Vape mit 5000 hochwertigen Z\u00fcgen mit 5 % Nikotin nach Gewicht. Dieses Ger\u00e4t verf\u00fcgt \u00fcber eine Nic Salt-Formel mit 13,5 ml Fassungsverm\u00f6gen und einen 650 mAh-Akku mit Type-C-Aufladetechnologie. Parameter: Z\u00fcge: 5000 Nikotin: 5 % (50 mg) Nikotintyp: Nic Salt Kapazit\u00e4t: 13,5 ml Akkukapazit\u00e4t: 650 mAh (Type-C-Aufladung) Widerstand: Mesh [&hellip;]<\/p>","protected":false},"featured_media":10721,"template":"","meta":{"inline_featured_image":false},"product_cat":[78,750,737,736,749],"product_tag":[678],"tiered_pricing_type":"fixed","tiered_pricing_fixed_rules":[],"tiered_pricing_percentage_rules":[],"tiered_pricing_minimum":1,"_administrator_tiered_pricing_type":"fixed","_administrator_tiered_pricing_fixed_rules":[],"_editor_tiered_pricing_type":"fixed","_editor_tiered_pricing_fixed_rules":[],"_author_tiered_pricing_type":"fixed","_author_tiered_pricing_fixed_rules":[],"_contributor_tiered_pricing_type":"fixed","_contributor_tiered_pricing_fixed_rules":[],"_subscriber_tiered_pricing_type":"fixed","_subscriber_tiered_pricing_fixed_rules":[],"_customer_tiered_pricing_type":"fixed","_customer_tiered_pricing_fixed_rules":[],"_shop_manager_tiered_pricing_type":"fixed","_shop_manager_tiered_pricing_fixed_rules":[],"_wpseo_manager_tiered_pricing_type":"fixed","_wpseo_manager_tiered_pricing_fixed_rules":[],"_wpseo_editor_tiered_pricing_type":"fixed","_wpseo_editor_tiered_pricing_fixed_rules":[],"_wholesale_customer_tiered_pricing_type":"fixed","_wholesale_customer_tiered_pricing_fixed_rules":[],"_marketer_tiered_pricing_type":"fixed","_marketer_tiered_pricing_fixed_rules":[],"_sales_manager_tiered_pricing_type":"fixed","_sales_manager_tiered_pricing_fixed_rules":[],"_sales_rep_tiered_pricing_type":"fixed","_sales_rep_tiered_pricing_fixed_rules":[],"yoast_head":"<!-- This site is optimized with the Yoast SEO plugin v23.3 - https:\/\/yoast.com\/wordpress\/plugins\/seo\/ -->\n<title>Elf Bar XC5000 Einweg-Vape 5000 Z\u00fcge 650mAh | ElementVape.de<\/title>\n<meta name=\"description\" content=\"Wir bieten Elf Bar XC5000 Einweg-Vape 5000 Z\u00fcge 650mAh , Elementvape.de akzeptieren Gro\u00df-und Einzelhandel Bestellungen.\" \/>\n<meta name=\"robots\" content=\"index, follow, max-snippet:-1, max-image-preview:large, max-video-preview:-1\" \/>\n<link rel=\"canonical\" href=\"https:\/\/www.elementvape.de\/es\/produkt\/elf-bar-xc5000-einweg-vape-5000-zuege-650mah\/\" \/>\n<meta property=\"og:locale\" content=\"es_ES\" \/>\n<meta property=\"og:type\" content=\"article\" \/>\n<meta property=\"og:title\" content=\"Elf Bar XC5000 Einweg-Vape 5000 Z\u00fcge 650mAh | ElementVape.de\" \/>\n<meta property=\"og:description\" content=\"Wir bieten Elf Bar XC5000 Einweg-Vape 5000 Z\u00fcge 650mAh , Elementvape.de akzeptieren Gro\u00df-und Einzelhandel Bestellungen.\" \/>\n<meta property=\"og:url\" content=\"https:\/\/www.elementvape.de\/es\/produkt\/elf-bar-xc5000-einweg-vape-5000-zuege-650mah\/\" \/>\n<meta property=\"og:site_name\" content=\"ElementVape.de\" \/>\n<meta property=\"article:modified_time\" content=\"2024-09-12T10:31:39+00:00\" \/>\n<meta property=\"og:image\" content=\"https:\/\/www.elementvape.de\/wp-content\/uploads\/2024\/05\/Elf-Bar-XC5000-Disposable-Vape-9.jpg\" \/>\n\t<meta property=\"og:image:width\" content=\"800\" \/>\n\t<meta property=\"og:image:height\" content=\"800\" \/>\n\t<meta property=\"og:image:type\" content=\"image\/jpeg\" \/>\n<meta name=\"twitter:card\" content=\"summary_large_image\" \/>\n<meta name=\"twitter:label1\" content=\"Est. reading time\" \/>\n\t<meta name=\"twitter:data1\" content=\"1 minuto\" \/>\n<script type=\"application\/ld+json\" class=\"yoast-schema-graph\">{\"@context\":\"https:\/\/schema.org\",\"@graph\":[{\"@type\":\"WebPage\",\"@id\":\"https:\/\/www.elementvape.de\/produkt\/elf-bar-xc5000-einweg-vape-5000-zuege-650mah\/\",\"url\":\"https:\/\/www.elementvape.de\/produkt\/elf-bar-xc5000-einweg-vape-5000-zuege-650mah\/\",\"name\":\"Elf Bar XC5000 Einweg-Vape 5000 Z\u00fcge 650mAh | ElementVape.de\",\"isPartOf\":{\"@id\":\"https:\/\/www.elementvape.de\/#website\"},\"primaryImageOfPage\":{\"@id\":\"https:\/\/www.elementvape.de\/produkt\/elf-bar-xc5000-einweg-vape-5000-zuege-650mah\/#primaryimage\"},\"image\":{\"@id\":\"https:\/\/www.elementvape.de\/produkt\/elf-bar-xc5000-einweg-vape-5000-zuege-650mah\/#primaryimage\"},\"thumbnailUrl\":\"https:\/\/www.elementvape.de\/wp-content\/uploads\/2024\/05\/Elf-Bar-XC5000-Disposable-Vape-9.jpg\",\"datePublished\":\"2024-05-27T05:50:24+00:00\",\"dateModified\":\"2024-09-12T10:31:39+00:00\",\"description\":\"Wir bieten Elf Bar XC5000 Einweg-Vape 5000 Z\u00fcge 650mAh , Elementvape.de akzeptieren Gro\u00df-und Einzelhandel Bestellungen.\",\"breadcrumb\":{\"@id\":\"https:\/\/www.elementvape.de\/produkt\/elf-bar-xc5000-einweg-vape-5000-zuege-650mah\/#breadcrumb\"},\"inLanguage\":\"es\",\"potentialAction\":[{\"@type\":\"ReadAction\",\"target\":[\"https:\/\/www.elementvape.de\/produkt\/elf-bar-xc5000-einweg-vape-5000-zuege-650mah\/\"]}]},{\"@type\":\"ImageObject\",\"inLanguage\":\"es\",\"@id\":\"https:\/\/www.elementvape.de\/produkt\/elf-bar-xc5000-einweg-vape-5000-zuege-650mah\/#primaryimage\",\"url\":\"https:\/\/www.elementvape.de\/wp-content\/uploads\/2024\/05\/Elf-Bar-XC5000-Disposable-Vape-9.jpg\",\"contentUrl\":\"https:\/\/www.elementvape.de\/wp-content\/uploads\/2024\/05\/Elf-Bar-XC5000-Disposable-Vape-9.jpg\",\"width\":800,\"height\":800,\"caption\":\"Elf-Bar-XC5000-Disposable-Vape-9\"},{\"@type\":\"BreadcrumbList\",\"@id\":\"https:\/\/www.elementvape.de\/produkt\/elf-bar-xc5000-einweg-vape-5000-zuege-650mah\/#breadcrumb\",\"itemListElement\":[{\"@type\":\"ListItem\",\"position\":1,\"name\":\"Home\",\"item\":\"https:\/\/www.elementvape.de\/\"},{\"@type\":\"ListItem\",\"position\":2,\"name\":\"Shop\",\"item\":\"https:\/\/www.elementvape.de\/shop\/\"},{\"@type\":\"ListItem\",\"position\":3,\"name\":\"Elf Bar XC5000 Einweg-Vape 5000 Z\u00fcge 650mAh\"}]},{\"@type\":\"WebSite\",\"@id\":\"https:\/\/www.elementvape.de\/#website\",\"url\":\"https:\/\/www.elementvape.de\/\",\"name\":\"ElementVape.de\",\"description\":\"\",\"publisher\":{\"@id\":\"https:\/\/www.elementvape.de\/#organization\"},\"potentialAction\":[{\"@type\":\"SearchAction\",\"target\":{\"@type\":\"EntryPoint\",\"urlTemplate\":\"https:\/\/www.elementvape.de\/?s={search_term_string}\"},\"query-input\":\"required name=search_term_string\"}],\"inLanguage\":\"es\"},{\"@type\":\"Organization\",\"@id\":\"https:\/\/www.elementvape.de\/#organization\",\"name\":\"ElementVape.DE\",\"url\":\"https:\/\/www.elementvape.de\/\",\"logo\":{\"@type\":\"ImageObject\",\"inLanguage\":\"es\",\"@id\":\"https:\/\/www.elementvape.de\/#\/schema\/logo\/image\/\",\"url\":\"https:\/\/www.elementvape.de\/wp-content\/uploads\/2024\/09\/cropped-1elementvape-3.png\",\"contentUrl\":\"https:\/\/www.elementvape.de\/wp-content\/uploads\/2024\/09\/cropped-1elementvape-3.png\",\"width\":285,\"height\":228,\"caption\":\"ElementVape.DE\"},\"image\":{\"@id\":\"https:\/\/www.elementvape.de\/#\/schema\/logo\/image\/\"}}]}<\/script>\n<!-- \/ Yoast SEO plugin. -->","yoast_head_json":{"title":"Elf Bar XC5000 Einweg-Vape 5000 Z\u00fcge 650mAh | ElementVape.de","description":"Wir bieten Elf Bar XC5000 Einweg-Vape 5000 Z\u00fcge 650mAh , Elementvape.de akzeptieren Gro\u00df-und Einzelhandel Bestellungen.","robots":{"index":"index","follow":"follow","max-snippet":"max-snippet:-1","max-image-preview":"max-image-preview:large","max-video-preview":"max-video-preview:-1"},"canonical":"https:\/\/www.elementvape.de\/es\/produkt\/elf-bar-xc5000-einweg-vape-5000-zuege-650mah\/","og_locale":"es_ES","og_type":"article","og_title":"Elf Bar XC5000 Einweg-Vape 5000 Z\u00fcge 650mAh | ElementVape.de","og_description":"Wir bieten Elf Bar XC5000 Einweg-Vape 5000 Z\u00fcge 650mAh , Elementvape.de akzeptieren Gro\u00df-und Einzelhandel Bestellungen.","og_url":"https:\/\/www.elementvape.de\/es\/produkt\/elf-bar-xc5000-einweg-vape-5000-zuege-650mah\/","og_site_name":"ElementVape.de","article_modified_time":"2024-09-12T10:31:39+00:00","og_image":[{"width":800,"height":800,"url":"https:\/\/www.elementvape.de\/wp-content\/uploads\/2024\/05\/Elf-Bar-XC5000-Disposable-Vape-9.jpg","type":"image\/jpeg"}],"twitter_card":"summary_large_image","twitter_misc":{"Est. reading time":"1 minuto"},"schema":{"@context":"https:\/\/schema.org","@graph":[{"@type":"WebPage","@id":"https:\/\/www.elementvape.de\/produkt\/elf-bar-xc5000-einweg-vape-5000-zuege-650mah\/","url":"https:\/\/www.elementvape.de\/produkt\/elf-bar-xc5000-einweg-vape-5000-zuege-650mah\/","name":"Elf Bar XC5000 Einweg-Vape 5000 Z\u00fcge 650mAh | ElementVape.de","isPartOf":{"@id":"https:\/\/www.elementvape.de\/#website"},"primaryImageOfPage":{"@id":"https:\/\/www.elementvape.de\/produkt\/elf-bar-xc5000-einweg-vape-5000-zuege-650mah\/#primaryimage"},"image":{"@id":"https:\/\/www.elementvape.de\/produkt\/elf-bar-xc5000-einweg-vape-5000-zuege-650mah\/#primaryimage"},"thumbnailUrl":"https:\/\/www.elementvape.de\/wp-content\/uploads\/2024\/05\/Elf-Bar-XC5000-Disposable-Vape-9.jpg","datePublished":"2024-05-27T05:50:24+00:00","dateModified":"2024-09-12T10:31:39+00:00","description":"Wir bieten Elf Bar XC5000 Einweg-Vape 5000 Z\u00fcge 650mAh , Elementvape.de akzeptieren Gro\u00df-und Einzelhandel Bestellungen.","breadcrumb":{"@id":"https:\/\/www.elementvape.de\/produkt\/elf-bar-xc5000-einweg-vape-5000-zuege-650mah\/#breadcrumb"},"inLanguage":"es","potentialAction":[{"@type":"ReadAction","target":["https:\/\/www.elementvape.de\/produkt\/elf-bar-xc5000-einweg-vape-5000-zuege-650mah\/"]}]},{"@type":"ImageObject","inLanguage":"es","@id":"https:\/\/www.elementvape.de\/produkt\/elf-bar-xc5000-einweg-vape-5000-zuege-650mah\/#primaryimage","url":"https:\/\/www.elementvape.de\/wp-content\/uploads\/2024\/05\/Elf-Bar-XC5000-Disposable-Vape-9.jpg","contentUrl":"https:\/\/www.elementvape.de\/wp-content\/uploads\/2024\/05\/Elf-Bar-XC5000-Disposable-Vape-9.jpg","width":800,"height":800,"caption":"Elf-Bar-XC5000-Disposable-Vape-9"},{"@type":"BreadcrumbList","@id":"https:\/\/www.elementvape.de\/produkt\/elf-bar-xc5000-einweg-vape-5000-zuege-650mah\/#breadcrumb","itemListElement":[{"@type":"ListItem","position":1,"name":"Home","item":"https:\/\/www.elementvape.de\/"},{"@type":"ListItem","position":2,"name":"Shop","item":"https:\/\/www.elementvape.de\/shop\/"},{"@type":"ListItem","position":3,"name":"Elf Bar XC5000 Einweg-Vape 5000 Z\u00fcge 650mAh"}]},{"@type":"WebSite","@id":"https:\/\/www.elementvape.de\/#website","url":"https:\/\/www.elementvape.de\/","name":"ElementVape.de","description":"","publisher":{"@id":"https:\/\/www.elementvape.de\/#organization"},"potentialAction":[{"@type":"SearchAction","target":{"@type":"EntryPoint","urlTemplate":"https:\/\/www.elementvape.de\/?s={search_term_string}"},"query-input":"required name=search_term_string"}],"inLanguage":"es"},{"@type":"Organization","@id":"https:\/\/www.elementvape.de\/#organization","name":"ElementVape.DE","url":"https:\/\/www.elementvape.de\/","logo":{"@type":"ImageObject","inLanguage":"es","@id":"https:\/\/www.elementvape.de\/#\/schema\/logo\/image\/","url":"https:\/\/www.elementvape.de\/wp-content\/uploads\/2024\/09\/cropped-1elementvape-3.png","contentUrl":"https:\/\/www.elementvape.de\/wp-content\/uploads\/2024\/09\/cropped-1elementvape-3.png","width":285,"height":228,"caption":"ElementVape.DE"},"image":{"@id":"https:\/\/www.elementvape.de\/#\/schema\/logo\/image\/"}}]}},"_links":{"self":[{"href":"https:\/\/www.elementvape.de\/es\/wp-json\/wp\/v2\/product\/10720"}],"collection":[{"href":"https:\/\/www.elementvape.de\/es\/wp-json\/wp\/v2\/product"}],"about":[{"href":"https:\/\/www.elementvape.de\/es\/wp-json\/wp\/v2\/types\/product"}],"wp:featuredmedia":[{"embeddable":true,"href":"https:\/\/www.elementvape.de\/es\/wp-json\/wp\/v2\/media\/10721"}],"wp:attachment":[{"href":"https:\/\/www.elementvape.de\/es\/wp-json\/wp\/v2\/media?parent=10720"}],"wp:term":[{"taxonomy":"product_cat","embeddable":true,"href":"https:\/\/www.elementvape.de\/es\/wp-json\/wp\/v2\/product_cat?post=10720"},{"taxonomy":"product_tag","embeddable":true,"href":"https:\/\/www.elementvape.de\/es\/wp-json\/wp\/v2\/product_tag?post=10720"}],"curies":[{"name":"wp","href":"https:\/\/api.w.org\/{rel}","templated":true}]}}