{"id":10701,"date":"2024-05-27T02:50:21","date_gmt":"2024-05-27T02:50:21","guid":{"rendered":"https:\/\/www.elementvape.de\/?post_type=product&#038;p=10701"},"modified":"2024-09-12T10:31:40","modified_gmt":"2024-09-12T10:31:40","slug":"elf-bar-t600-einweg-vape-550-mah-600-zuege","status":"publish","type":"product","link":"https:\/\/www.elementvape.de\/es\/produkt\/elf-bar-t600-einweg-vape-550-mah-600-zuege\/","title":{"rendered":"Elf Bar T600 Vape desechable 550 mAh 600 caladas"},"content":{"rendered":"<div class=\"card__header\">\n<h2 class=\"card__title heading h3\"><span>Descripci\u00f3n<\/span><\/h2>\n<\/div>\n<div class=\"card__section\">\n<div class=\"rte text--pull\">\n<p><span>Venta al por mayor\u00a0<\/span><a title=\"Barra de elfos\" href=\"https:\/\/www.elementvape.de\/es\/product-brand\/elfbar\/\"><span>Elf Bar<\/span><\/a><span>\u00a0La colecci\u00f3n de Puff-Bar desechable T600 incluye 12 sabores fant\u00e1sticos. Elige entre sand\u00eda lim\u00f3n, fresa kiwi, durazno mango guayaba, durazno jugoso, helado de fresa y mucho m\u00e1s. Cada barra de cigarrillo electr\u00f3nico desechable est\u00e1 prellenada con 2 ml de l\u00edquido de nicotina sal de primera calidad de 20 mg, alimentada por una bater\u00eda de 550 mAh que genera aproximadamente 600 caladas activadas.<\/span><\/p>\n<p><span>Compra vapes desechables Elf Bar T600 a los mejores precios al por mayor.<\/span><\/p>\n<h2>Sabores<\/h2>\n<ul>\n<li><strong><span>Leche de pl\u00e1tano<\/span><\/strong>\u00a0<span>\u00a0\u2013 La leche de pl\u00e1tano es un batido suave y cremoso hecho con pl\u00e1tanos dulces!<\/span><\/li>\n<li><strong><span>Limonada Blue Razz<\/span><\/strong>\u00a0<span>\u00a0\u2013 Una limonada espumosa con una maravillosa combinaci\u00f3n de ar\u00e1ndanos azules le da un sabor tentador.<\/span><\/li>\n<li><strong><span>Durazno jugoso<\/span><\/strong>\u00a0<span>\u00a0\u2013 Durazno jugoso es una deliciosa mezcla de los mejores duraznos.<\/span><\/li>\n<li><strong><span>Kiwi-pasi\u00f3n guayaba<\/span><\/strong>\u00a0<span>\u00a0\u2013 Guayabas frescas, maracuy\u00e1s dulces y kiwis en una mezcla ex\u00f3tica!<\/span><\/li>\n<li><strong><span>Mango<\/span><\/strong>\u00a0<span>\u00a0\u2013 Mango es perfecto para los amantes del mango, ya que tiene la dulzura natural de los mangos.<\/span><\/li>\n<li><strong><span>Mango durazno sand\u00eda<\/span><\/strong>\u00a0<span>\u00a0\u2013 La mezcla de mango durazno sand\u00eda es una deliciosa combinaci\u00f3n de mangos dulces, duraznos jugosos y sand\u00edas jugosas.<\/span><\/li>\n<li><strong><span>Durazno-Mango-Guayaba<\/span><\/strong>\u00a0<span>\u00a0\u2013 Durazno-Mango-Guayaba es una mezcla tropical de dulces duraznos, jugosos mangos y ex\u00f3ticas guayabas, que proporciona una experiencia de vapeo fant\u00e1stica!<\/span><\/li>\n<li><strong><span>Pi\u00f1a-Durazno-Mango<\/span><\/strong>\u00a0<span>\u00a0\u2013 Jugosos mangos se mezclan con dulces duraznos y deliciosa pi\u00f1a para lograr un sabor maravilloso.<\/span><\/li>\n<li><strong><span>Tarta de queso con fresa<\/span><\/strong>\u00a0<span>\u00a0\u2013 Para un postre cl\u00e1sico, se cubre una tarta de queso cremosa con un relleno dulce de fresa.<\/span><\/li>\n<li><strong><span>Helado de fresa<\/span><\/strong>\u00a0<span>\u00a0\u2013 Jugosas fresas se mezclan en un helado cremoso y refrescante con un sabor delicioso.<\/span><\/li>\n<li><strong><span>Fresa-Kiwi<\/span><\/strong>\u00a0<span>\u00a0\u2013 Dulces fresas y ex\u00f3ticos kiwis crean una combinaci\u00f3n deliciosa!<\/span><\/li>\n<li><strong><span>Sand\u00eda-Lim\u00f3n<\/span><\/strong>\u00a0<span>\u00a0\u2013 \u00a1Una explosi\u00f3n de sabor se produce cuando se mezcla una dulce sand\u00eda con limones \u00e1cidos!<\/span><\/li>\n<\/ul>\n<h2>Caracter\u00edsticas<\/h2>\n<ul>\n<li><span>Dise\u00f1o \u00fanico \u2013 Punta de filtro estilo cigarrillo<\/span><\/li>\n<li><span>Activaci\u00f3n al inhalar<\/span><\/li>\n<li><span>Vapeo MTL<\/span><\/li>\n<li><span>Delgado, compacto y cabe perfectamente en el bolsillo<\/span><\/li>\n<\/ul>\n<h2><span>Especificaciones<\/span><\/h2>\n<ul>\n<li><span>Bater\u00eda: bater\u00eda incorporada de 550 mAh<\/span><\/li>\n<li><span>Capacidad del pod: 2 ml de l\u00edquido prellenado<\/span><\/li>\n<li><span>Tiradas: \u2265600 tiradas<\/span><\/li>\n<li><span>Contenido de nicotina: Nic Salt 2%<\/span><\/li>\n<\/ul>\n<h2><span>Contenido del paquete<\/span><\/h2>\n<ul>\n<li><span>1 x Elf Bar T600 Vape desechable<\/span><\/li>\n<\/ul>\n<\/div>\n<\/div>","protected":false},"excerpt":{"rendered":"<p>Beschreibung Gro\u00dfhandel Die\u00a0Elf Bar\u00a0T600 Einweg-Vape-Puff-Bar-Kollektion enth\u00e4lt 12 fantastische Geschmacksrichtungen. W\u00e4hlen Sie zwischen Wassermelone-Zitrone, Erdbeer-Kiwi, Pfirsich-Mango-Guave, saftigem Pfirsich, Erdbeereis und vielem mehr. Jeder Einweg-E-Zigarettenriegel ist mit 2 ml erstklassiger 20 mg Nikotinsalz-E-Fl\u00fcssigkeit vorgef\u00fcllt, die von einer 550-mAh-Batterie angetrieben wird, die ungef\u00e4hr 600 zugaktivierte Z\u00fcge erzeugt. Kaufen Sie Elf Bar T600 Einweg-Vapes zu den besten Gro\u00dfhandelspreisen. Geschmacksrichtungen [&hellip;]<\/p>","protected":false},"featured_media":10702,"template":"","meta":{"inline_featured_image":false},"product_cat":[78,750,737,736,749],"product_tag":[679],"tiered_pricing_type":"fixed","tiered_pricing_fixed_rules":[],"tiered_pricing_percentage_rules":[],"tiered_pricing_minimum":1,"_administrator_tiered_pricing_type":"fixed","_administrator_tiered_pricing_fixed_rules":[],"_editor_tiered_pricing_type":"fixed","_editor_tiered_pricing_fixed_rules":[],"_author_tiered_pricing_type":"fixed","_author_tiered_pricing_fixed_rules":[],"_contributor_tiered_pricing_type":"fixed","_contributor_tiered_pricing_fixed_rules":[],"_subscriber_tiered_pricing_type":"fixed","_subscriber_tiered_pricing_fixed_rules":[],"_customer_tiered_pricing_type":"fixed","_customer_tiered_pricing_fixed_rules":[],"_shop_manager_tiered_pricing_type":"fixed","_shop_manager_tiered_pricing_fixed_rules":[],"_wpseo_manager_tiered_pricing_type":"fixed","_wpseo_manager_tiered_pricing_fixed_rules":[],"_wpseo_editor_tiered_pricing_type":"fixed","_wpseo_editor_tiered_pricing_fixed_rules":[],"_wholesale_customer_tiered_pricing_type":"fixed","_wholesale_customer_tiered_pricing_fixed_rules":[],"_marketer_tiered_pricing_type":"fixed","_marketer_tiered_pricing_fixed_rules":[],"_sales_manager_tiered_pricing_type":"fixed","_sales_manager_tiered_pricing_fixed_rules":[],"_sales_rep_tiered_pricing_type":"fixed","_sales_rep_tiered_pricing_fixed_rules":[],"yoast_head":"<!-- This site is optimized with the Yoast SEO plugin v23.3 - https:\/\/yoast.com\/wordpress\/plugins\/seo\/ -->\n<title>Elf Bar T600 Einweg-Vape 550 mAh 600 Z\u00fcge | ElementVape.de<\/title>\n<meta name=\"description\" content=\"Wir bieten Elf Bar T600 Einweg-Vape 550 mAh 600 Z\u00fcge , Elementvape.de akzeptieren Gro\u00df-und Einzelhandel Bestellungen.\" \/>\n<meta name=\"robots\" content=\"index, follow, max-snippet:-1, max-image-preview:large, max-video-preview:-1\" \/>\n<link rel=\"canonical\" href=\"https:\/\/www.elementvape.de\/es\/produkt\/elf-bar-t600-einweg-vape-550-mah-600-zuege\/\" \/>\n<meta property=\"og:locale\" content=\"es_ES\" \/>\n<meta property=\"og:type\" content=\"article\" \/>\n<meta property=\"og:title\" content=\"Elf Bar T600 Einweg-Vape 550 mAh 600 Z\u00fcge | ElementVape.de\" \/>\n<meta property=\"og:description\" content=\"Wir bieten Elf Bar T600 Einweg-Vape 550 mAh 600 Z\u00fcge , Elementvape.de akzeptieren Gro\u00df-und Einzelhandel Bestellungen.\" \/>\n<meta property=\"og:url\" content=\"https:\/\/www.elementvape.de\/es\/produkt\/elf-bar-t600-einweg-vape-550-mah-600-zuege\/\" \/>\n<meta property=\"og:site_name\" content=\"ElementVape.de\" \/>\n<meta property=\"article:modified_time\" content=\"2024-09-12T10:31:40+00:00\" \/>\n<meta property=\"og:image\" content=\"https:\/\/www.elementvape.de\/wp-content\/uploads\/2024\/05\/Elf-Bar-T600-Disposable-Vape-600-Puffs-928695.webp\" \/>\n\t<meta property=\"og:image:width\" content=\"800\" \/>\n\t<meta property=\"og:image:height\" content=\"800\" \/>\n\t<meta property=\"og:image:type\" content=\"image\/webp\" \/>\n<meta name=\"twitter:card\" content=\"summary_large_image\" \/>\n<meta name=\"twitter:label1\" content=\"Est. reading time\" \/>\n\t<meta name=\"twitter:data1\" content=\"2 minutos\" \/>\n<script type=\"application\/ld+json\" class=\"yoast-schema-graph\">{\"@context\":\"https:\/\/schema.org\",\"@graph\":[{\"@type\":\"WebPage\",\"@id\":\"https:\/\/www.elementvape.de\/produkt\/elf-bar-t600-einweg-vape-550-mah-600-zuege\/\",\"url\":\"https:\/\/www.elementvape.de\/produkt\/elf-bar-t600-einweg-vape-550-mah-600-zuege\/\",\"name\":\"Elf Bar T600 Einweg-Vape 550 mAh 600 Z\u00fcge | ElementVape.de\",\"isPartOf\":{\"@id\":\"https:\/\/www.elementvape.de\/#website\"},\"primaryImageOfPage\":{\"@id\":\"https:\/\/www.elementvape.de\/produkt\/elf-bar-t600-einweg-vape-550-mah-600-zuege\/#primaryimage\"},\"image\":{\"@id\":\"https:\/\/www.elementvape.de\/produkt\/elf-bar-t600-einweg-vape-550-mah-600-zuege\/#primaryimage\"},\"thumbnailUrl\":\"https:\/\/www.elementvape.de\/wp-content\/uploads\/2024\/05\/Elf-Bar-T600-Disposable-Vape-600-Puffs-928695.webp\",\"datePublished\":\"2024-05-27T02:50:21+00:00\",\"dateModified\":\"2024-09-12T10:31:40+00:00\",\"description\":\"Wir bieten Elf Bar T600 Einweg-Vape 550 mAh 600 Z\u00fcge , Elementvape.de akzeptieren Gro\u00df-und Einzelhandel Bestellungen.\",\"breadcrumb\":{\"@id\":\"https:\/\/www.elementvape.de\/produkt\/elf-bar-t600-einweg-vape-550-mah-600-zuege\/#breadcrumb\"},\"inLanguage\":\"es\",\"potentialAction\":[{\"@type\":\"ReadAction\",\"target\":[\"https:\/\/www.elementvape.de\/produkt\/elf-bar-t600-einweg-vape-550-mah-600-zuege\/\"]}]},{\"@type\":\"ImageObject\",\"inLanguage\":\"es\",\"@id\":\"https:\/\/www.elementvape.de\/produkt\/elf-bar-t600-einweg-vape-550-mah-600-zuege\/#primaryimage\",\"url\":\"https:\/\/www.elementvape.de\/wp-content\/uploads\/2024\/05\/Elf-Bar-T600-Disposable-Vape-600-Puffs-928695.webp\",\"contentUrl\":\"https:\/\/www.elementvape.de\/wp-content\/uploads\/2024\/05\/Elf-Bar-T600-Disposable-Vape-600-Puffs-928695.webp\",\"width\":800,\"height\":800,\"caption\":\"Elf-Bar-T600-Disposable-Vape-600-Puffs-928695\"},{\"@type\":\"BreadcrumbList\",\"@id\":\"https:\/\/www.elementvape.de\/produkt\/elf-bar-t600-einweg-vape-550-mah-600-zuege\/#breadcrumb\",\"itemListElement\":[{\"@type\":\"ListItem\",\"position\":1,\"name\":\"Home\",\"item\":\"https:\/\/www.elementvape.de\/\"},{\"@type\":\"ListItem\",\"position\":2,\"name\":\"Shop\",\"item\":\"https:\/\/www.elementvape.de\/shop\/\"},{\"@type\":\"ListItem\",\"position\":3,\"name\":\"Elf Bar T600 Einweg-Vape 550 mAh 600 Z\u00fcge\"}]},{\"@type\":\"WebSite\",\"@id\":\"https:\/\/www.elementvape.de\/#website\",\"url\":\"https:\/\/www.elementvape.de\/\",\"name\":\"ElementVape.de\",\"description\":\"\",\"publisher\":{\"@id\":\"https:\/\/www.elementvape.de\/#organization\"},\"potentialAction\":[{\"@type\":\"SearchAction\",\"target\":{\"@type\":\"EntryPoint\",\"urlTemplate\":\"https:\/\/www.elementvape.de\/?s={search_term_string}\"},\"query-input\":\"required name=search_term_string\"}],\"inLanguage\":\"es\"},{\"@type\":\"Organization\",\"@id\":\"https:\/\/www.elementvape.de\/#organization\",\"name\":\"ElementVape.DE\",\"url\":\"https:\/\/www.elementvape.de\/\",\"logo\":{\"@type\":\"ImageObject\",\"inLanguage\":\"es\",\"@id\":\"https:\/\/www.elementvape.de\/#\/schema\/logo\/image\/\",\"url\":\"https:\/\/www.elementvape.de\/wp-content\/uploads\/2024\/09\/cropped-1elementvape-3.png\",\"contentUrl\":\"https:\/\/www.elementvape.de\/wp-content\/uploads\/2024\/09\/cropped-1elementvape-3.png\",\"width\":285,\"height\":228,\"caption\":\"ElementVape.DE\"},\"image\":{\"@id\":\"https:\/\/www.elementvape.de\/#\/schema\/logo\/image\/\"}}]}<\/script>\n<!-- \/ Yoast SEO plugin. -->","yoast_head_json":{"title":"Elf Bar T600 Einweg-Vape 550 mAh 600 Z\u00fcge | ElementVape.de","description":"Wir bieten Elf Bar T600 Einweg-Vape 550 mAh 600 Z\u00fcge , Elementvape.de akzeptieren Gro\u00df-und Einzelhandel Bestellungen.","robots":{"index":"index","follow":"follow","max-snippet":"max-snippet:-1","max-image-preview":"max-image-preview:large","max-video-preview":"max-video-preview:-1"},"canonical":"https:\/\/www.elementvape.de\/es\/produkt\/elf-bar-t600-einweg-vape-550-mah-600-zuege\/","og_locale":"es_ES","og_type":"article","og_title":"Elf Bar T600 Einweg-Vape 550 mAh 600 Z\u00fcge | ElementVape.de","og_description":"Wir bieten Elf Bar T600 Einweg-Vape 550 mAh 600 Z\u00fcge , Elementvape.de akzeptieren Gro\u00df-und Einzelhandel Bestellungen.","og_url":"https:\/\/www.elementvape.de\/es\/produkt\/elf-bar-t600-einweg-vape-550-mah-600-zuege\/","og_site_name":"ElementVape.de","article_modified_time":"2024-09-12T10:31:40+00:00","og_image":[{"width":800,"height":800,"url":"https:\/\/www.elementvape.de\/wp-content\/uploads\/2024\/05\/Elf-Bar-T600-Disposable-Vape-600-Puffs-928695.webp","type":"image\/webp"}],"twitter_card":"summary_large_image","twitter_misc":{"Est. reading time":"2 minutos"},"schema":{"@context":"https:\/\/schema.org","@graph":[{"@type":"WebPage","@id":"https:\/\/www.elementvape.de\/produkt\/elf-bar-t600-einweg-vape-550-mah-600-zuege\/","url":"https:\/\/www.elementvape.de\/produkt\/elf-bar-t600-einweg-vape-550-mah-600-zuege\/","name":"Elf Bar T600 Einweg-Vape 550 mAh 600 Z\u00fcge | ElementVape.de","isPartOf":{"@id":"https:\/\/www.elementvape.de\/#website"},"primaryImageOfPage":{"@id":"https:\/\/www.elementvape.de\/produkt\/elf-bar-t600-einweg-vape-550-mah-600-zuege\/#primaryimage"},"image":{"@id":"https:\/\/www.elementvape.de\/produkt\/elf-bar-t600-einweg-vape-550-mah-600-zuege\/#primaryimage"},"thumbnailUrl":"https:\/\/www.elementvape.de\/wp-content\/uploads\/2024\/05\/Elf-Bar-T600-Disposable-Vape-600-Puffs-928695.webp","datePublished":"2024-05-27T02:50:21+00:00","dateModified":"2024-09-12T10:31:40+00:00","description":"Wir bieten Elf Bar T600 Einweg-Vape 550 mAh 600 Z\u00fcge , Elementvape.de akzeptieren Gro\u00df-und Einzelhandel Bestellungen.","breadcrumb":{"@id":"https:\/\/www.elementvape.de\/produkt\/elf-bar-t600-einweg-vape-550-mah-600-zuege\/#breadcrumb"},"inLanguage":"es","potentialAction":[{"@type":"ReadAction","target":["https:\/\/www.elementvape.de\/produkt\/elf-bar-t600-einweg-vape-550-mah-600-zuege\/"]}]},{"@type":"ImageObject","inLanguage":"es","@id":"https:\/\/www.elementvape.de\/produkt\/elf-bar-t600-einweg-vape-550-mah-600-zuege\/#primaryimage","url":"https:\/\/www.elementvape.de\/wp-content\/uploads\/2024\/05\/Elf-Bar-T600-Disposable-Vape-600-Puffs-928695.webp","contentUrl":"https:\/\/www.elementvape.de\/wp-content\/uploads\/2024\/05\/Elf-Bar-T600-Disposable-Vape-600-Puffs-928695.webp","width":800,"height":800,"caption":"Elf-Bar-T600-Disposable-Vape-600-Puffs-928695"},{"@type":"BreadcrumbList","@id":"https:\/\/www.elementvape.de\/produkt\/elf-bar-t600-einweg-vape-550-mah-600-zuege\/#breadcrumb","itemListElement":[{"@type":"ListItem","position":1,"name":"Home","item":"https:\/\/www.elementvape.de\/"},{"@type":"ListItem","position":2,"name":"Shop","item":"https:\/\/www.elementvape.de\/shop\/"},{"@type":"ListItem","position":3,"name":"Elf Bar T600 Einweg-Vape 550 mAh 600 Z\u00fcge"}]},{"@type":"WebSite","@id":"https:\/\/www.elementvape.de\/#website","url":"https:\/\/www.elementvape.de\/","name":"ElementVape.de","description":"","publisher":{"@id":"https:\/\/www.elementvape.de\/#organization"},"potentialAction":[{"@type":"SearchAction","target":{"@type":"EntryPoint","urlTemplate":"https:\/\/www.elementvape.de\/?s={search_term_string}"},"query-input":"required name=search_term_string"}],"inLanguage":"es"},{"@type":"Organization","@id":"https:\/\/www.elementvape.de\/#organization","name":"ElementVape.DE","url":"https:\/\/www.elementvape.de\/","logo":{"@type":"ImageObject","inLanguage":"es","@id":"https:\/\/www.elementvape.de\/#\/schema\/logo\/image\/","url":"https:\/\/www.elementvape.de\/wp-content\/uploads\/2024\/09\/cropped-1elementvape-3.png","contentUrl":"https:\/\/www.elementvape.de\/wp-content\/uploads\/2024\/09\/cropped-1elementvape-3.png","width":285,"height":228,"caption":"ElementVape.DE"},"image":{"@id":"https:\/\/www.elementvape.de\/#\/schema\/logo\/image\/"}}]}},"_links":{"self":[{"href":"https:\/\/www.elementvape.de\/es\/wp-json\/wp\/v2\/product\/10701"}],"collection":[{"href":"https:\/\/www.elementvape.de\/es\/wp-json\/wp\/v2\/product"}],"about":[{"href":"https:\/\/www.elementvape.de\/es\/wp-json\/wp\/v2\/types\/product"}],"wp:featuredmedia":[{"embeddable":true,"href":"https:\/\/www.elementvape.de\/es\/wp-json\/wp\/v2\/media\/10702"}],"wp:attachment":[{"href":"https:\/\/www.elementvape.de\/es\/wp-json\/wp\/v2\/media?parent=10701"}],"wp:term":[{"taxonomy":"product_cat","embeddable":true,"href":"https:\/\/www.elementvape.de\/es\/wp-json\/wp\/v2\/product_cat?post=10701"},{"taxonomy":"product_tag","embeddable":true,"href":"https:\/\/www.elementvape.de\/es\/wp-json\/wp\/v2\/product_tag?post=10701"}],"curies":[{"name":"wp","href":"https:\/\/api.w.org\/{rel}","templated":true}]}}