{"id":10661,"date":"2024-05-25T08:53:57","date_gmt":"2024-05-25T08:53:57","guid":{"rendered":"https:\/\/www.elementvape.de\/?post_type=product&#038;p=10661"},"modified":"2024-09-12T10:31:42","modified_gmt":"2024-09-12T10:31:42","slug":"elf-bar-2200-einweg-vape-2200-zuege","status":"publish","type":"product","link":"https:\/\/www.elementvape.de\/es\/produkt\/elf-bar-2200-einweg-vape-2200-zuege\/","title":{"rendered":"ELF BAR 2200 Vape desechable 2200 caladas"},"content":{"rendered":"<div class=\"card__header\">\n<h2 class=\"card__title heading h3\"><span>Descripci\u00f3n<\/span><\/h2>\n<\/div>\n<div class=\"card__section\">\n<div class=\"rte text--pull\"><span>El\u00a0<\/span><strong><a title=\"Barra de elfos\" href=\"https:\/\/www.elementvape.de\/es\/product-brand\/elfbar\/\">Elf Bar<\/a><\/strong><span>\u00a0El vape desechable 2200 tiene un tama\u00f1o port\u00e1til y un aspecto colorido. El Elf Bar 2200 Disposable Vape funciona con una bater\u00eda incorporada de 1250 mAh y ofrece aproximadamente 2200 caladas. Adem\u00e1s, el Elf Bar 2200\u00a0<\/span>Vape desechable con<span>\u00a0el gran l\u00edquido prellenado de 6 ml con una concentraci\u00f3n de nicotina de 5 % y la estructura de n\u00facleo de aceite \u00fanica que proporciona un mejor sabor. Y el Elf Bar 2200 tiene un tanque de aceite transparente y visible, para que puedas conocer en cualquier momento la cantidad de aceite de vapor. Simplemente consigue el Elf Bar 2200\u00a0<\/span>Vape desechable<span>\u00a0y disfruta de una vaporizaci\u00f3n relajada y maravillosa.<\/span><\/p>\n<p><span>Par\u00e1metro<\/span><br \/>\n<span>Dimensiones: \u03a619\u00d7108,5 mm<\/span><br \/>\n<span>Capacidad de e-l\u00edquido: 6 ml<\/span><br \/>\n<span>Nicotina: 5 %\/2 % SE<\/span><br \/>\n<span>Capacidad de la bater\u00eda: 1250 mAh<\/span><br \/>\n<span>Resistencia de la bobina: 1,0 Ohm<\/span><br \/>\n<span>Material: Acero inoxidable y PCTG<\/span><br \/>\n<span>Caladas: 2200 caladas<\/span><br \/>\n<span>Cantidad: 1 pieza\/10 piezas (sabores mezclados)<\/span><\/p>\n<p><span>Apariencia atractiva con cuerpo compacto<\/span><br \/>\n<span>C\u00e1psula transparente visible con 6 ml de l\u00edquido precargado<\/span><br \/>\n<span>Interruptor neum\u00e1tico, velocidad de reacci\u00f3n en el rango de milisegundos<\/span><br \/>\n<span>Bater\u00eda incorporada de 1250 mAh con 2200 inhalaciones<\/span><br \/>\n<span>Estructura \u00fanica de separaci\u00f3n del n\u00facleo de aceite para un mejor sabor. El paquete incluye 1 \u00d7 Elf Bar 2200 Vape Desechable<\/span><\/div>\n<\/div>","protected":false},"excerpt":{"rendered":"<p>Beschreibung Der\u00a0Elf Bar\u00a02200 Disposable Vape hat eine tragbare Gr\u00f6\u00dfe und ein farbenfrohes Aussehen. Der Elf Bar 2200 Disposable Vape wird von einem eingebauten 1250-mAh-Akku angetrieben und bietet etwa 2200 Z\u00fcge. Au\u00dferdem bietet der Elf Bar 2200\u00a0Disposable Vape mit\u00a0dem gro\u00dfen 6-ml-Vorf\u00fcllsaft mit 5 % Nikotinsalzst\u00e4rke und der einzigartigen \u00d6lkern-Trennstruktur einen\u00a0besseren Geschmack. Und der Elf Bar 2200 [&hellip;]<\/p>","protected":false},"featured_media":10662,"template":"","meta":{"inline_featured_image":false},"product_cat":[78,750,737,736,749],"product_tag":[678],"tiered_pricing_type":"fixed","tiered_pricing_fixed_rules":[],"tiered_pricing_percentage_rules":[],"tiered_pricing_minimum":1,"_administrator_tiered_pricing_type":"fixed","_administrator_tiered_pricing_fixed_rules":[],"_editor_tiered_pricing_type":"fixed","_editor_tiered_pricing_fixed_rules":[],"_author_tiered_pricing_type":"fixed","_author_tiered_pricing_fixed_rules":[],"_contributor_tiered_pricing_type":"fixed","_contributor_tiered_pricing_fixed_rules":[],"_subscriber_tiered_pricing_type":"fixed","_subscriber_tiered_pricing_fixed_rules":[],"_customer_tiered_pricing_type":"fixed","_customer_tiered_pricing_fixed_rules":[],"_shop_manager_tiered_pricing_type":"fixed","_shop_manager_tiered_pricing_fixed_rules":[],"_wpseo_manager_tiered_pricing_type":"fixed","_wpseo_manager_tiered_pricing_fixed_rules":[],"_wpseo_editor_tiered_pricing_type":"fixed","_wpseo_editor_tiered_pricing_fixed_rules":[],"_wholesale_customer_tiered_pricing_type":"fixed","_wholesale_customer_tiered_pricing_fixed_rules":[],"_marketer_tiered_pricing_type":"fixed","_marketer_tiered_pricing_fixed_rules":[],"_sales_manager_tiered_pricing_type":"fixed","_sales_manager_tiered_pricing_fixed_rules":[],"_sales_rep_tiered_pricing_type":"fixed","_sales_rep_tiered_pricing_fixed_rules":[],"yoast_head":"<!-- This site is optimized with the Yoast SEO plugin v23.3 - https:\/\/yoast.com\/wordpress\/plugins\/seo\/ -->\n<title>ELF BAR 2200 Einweg-Vape 2200 Z\u00fcge | ElementVape.de<\/title>\n<meta name=\"description\" content=\"Wir bieten ELF BAR 2200 Einweg-Vape 2200 Z\u00fcge , Elementvape.de akzeptieren Gro\u00df-und Einzelhandel Bestellungen.\" \/>\n<meta name=\"robots\" content=\"index, follow, max-snippet:-1, max-image-preview:large, max-video-preview:-1\" \/>\n<link rel=\"canonical\" href=\"https:\/\/www.elementvape.de\/es\/produkt\/elf-bar-2200-einweg-vape-2200-zuege\/\" \/>\n<meta property=\"og:locale\" content=\"es_ES\" \/>\n<meta property=\"og:type\" content=\"article\" \/>\n<meta property=\"og:title\" content=\"ELF BAR 2200 Einweg-Vape 2200 Z\u00fcge | ElementVape.de\" \/>\n<meta property=\"og:description\" content=\"Wir bieten ELF BAR 2200 Einweg-Vape 2200 Z\u00fcge , Elementvape.de akzeptieren Gro\u00df-und Einzelhandel Bestellungen.\" \/>\n<meta property=\"og:url\" content=\"https:\/\/www.elementvape.de\/es\/produkt\/elf-bar-2200-einweg-vape-2200-zuege\/\" \/>\n<meta property=\"og:site_name\" content=\"ElementVape.de\" \/>\n<meta property=\"article:modified_time\" content=\"2024-09-12T10:31:42+00:00\" \/>\n<meta property=\"og:image\" content=\"https:\/\/www.elementvape.de\/wp-content\/uploads\/2024\/05\/ELF-BAR-2200-Disposable-Vape-2200-Puffs-2-873104.webp\" \/>\n\t<meta property=\"og:image:width\" content=\"600\" \/>\n\t<meta property=\"og:image:height\" content=\"600\" \/>\n\t<meta property=\"og:image:type\" content=\"image\/webp\" \/>\n<meta name=\"twitter:card\" content=\"summary_large_image\" \/>\n<meta name=\"twitter:label1\" content=\"Est. reading time\" \/>\n\t<meta name=\"twitter:data1\" content=\"2 minutos\" \/>\n<script type=\"application\/ld+json\" class=\"yoast-schema-graph\">{\"@context\":\"https:\/\/schema.org\",\"@graph\":[{\"@type\":\"WebPage\",\"@id\":\"https:\/\/www.elementvape.de\/nl\/produkt\/elf-bar-2200-einweg-vape-2200-zuege\/\",\"url\":\"https:\/\/www.elementvape.de\/nl\/produkt\/elf-bar-2200-einweg-vape-2200-zuege\/\",\"name\":\"ELF BAR 2200 Einweg-Vape 2200 Z\u00fcge | ElementVape.de\",\"isPartOf\":{\"@id\":\"https:\/\/www.elementvape.de\/#website\"},\"primaryImageOfPage\":{\"@id\":\"https:\/\/www.elementvape.de\/nl\/produkt\/elf-bar-2200-einweg-vape-2200-zuege\/#primaryimage\"},\"image\":{\"@id\":\"https:\/\/www.elementvape.de\/nl\/produkt\/elf-bar-2200-einweg-vape-2200-zuege\/#primaryimage\"},\"thumbnailUrl\":\"https:\/\/www.elementvape.de\/wp-content\/uploads\/2024\/05\/ELF-BAR-2200-Disposable-Vape-2200-Puffs-2-873104.webp\",\"datePublished\":\"2024-05-25T08:53:57+00:00\",\"dateModified\":\"2024-09-12T10:31:42+00:00\",\"description\":\"Wir bieten ELF BAR 2200 Einweg-Vape 2200 Z\u00fcge , Elementvape.de akzeptieren Gro\u00df-und Einzelhandel Bestellungen.\",\"breadcrumb\":{\"@id\":\"https:\/\/www.elementvape.de\/nl\/produkt\/elf-bar-2200-einweg-vape-2200-zuege\/#breadcrumb\"},\"inLanguage\":\"es\",\"potentialAction\":[{\"@type\":\"ReadAction\",\"target\":[\"https:\/\/www.elementvape.de\/nl\/produkt\/elf-bar-2200-einweg-vape-2200-zuege\/\"]}]},{\"@type\":\"ImageObject\",\"inLanguage\":\"es\",\"@id\":\"https:\/\/www.elementvape.de\/nl\/produkt\/elf-bar-2200-einweg-vape-2200-zuege\/#primaryimage\",\"url\":\"https:\/\/www.elementvape.de\/wp-content\/uploads\/2024\/05\/ELF-BAR-2200-Disposable-Vape-2200-Puffs-2-873104.webp\",\"contentUrl\":\"https:\/\/www.elementvape.de\/wp-content\/uploads\/2024\/05\/ELF-BAR-2200-Disposable-Vape-2200-Puffs-2-873104.webp\",\"width\":600,\"height\":600,\"caption\":\"ELF-BAR-2200-Disposable-Vape-2200-Puffs-2-873104\"},{\"@type\":\"BreadcrumbList\",\"@id\":\"https:\/\/www.elementvape.de\/nl\/produkt\/elf-bar-2200-einweg-vape-2200-zuege\/#breadcrumb\",\"itemListElement\":[{\"@type\":\"ListItem\",\"position\":1,\"name\":\"Home\",\"item\":\"https:\/\/www.elementvape.de\/\"},{\"@type\":\"ListItem\",\"position\":2,\"name\":\"Shop\",\"item\":\"https:\/\/www.elementvape.de\/shop\/\"},{\"@type\":\"ListItem\",\"position\":3,\"name\":\"ELF BAR 2200 Einweg-Vape 2200 Z\u00fcge\"}]},{\"@type\":\"WebSite\",\"@id\":\"https:\/\/www.elementvape.de\/#website\",\"url\":\"https:\/\/www.elementvape.de\/\",\"name\":\"ElementVape.de\",\"description\":\"\",\"publisher\":{\"@id\":\"https:\/\/www.elementvape.de\/#organization\"},\"potentialAction\":[{\"@type\":\"SearchAction\",\"target\":{\"@type\":\"EntryPoint\",\"urlTemplate\":\"https:\/\/www.elementvape.de\/?s={search_term_string}\"},\"query-input\":\"required name=search_term_string\"}],\"inLanguage\":\"es\"},{\"@type\":\"Organization\",\"@id\":\"https:\/\/www.elementvape.de\/#organization\",\"name\":\"ElementVape.DE\",\"url\":\"https:\/\/www.elementvape.de\/\",\"logo\":{\"@type\":\"ImageObject\",\"inLanguage\":\"es\",\"@id\":\"https:\/\/www.elementvape.de\/#\/schema\/logo\/image\/\",\"url\":\"https:\/\/www.elementvape.de\/wp-content\/uploads\/2024\/09\/cropped-1elementvape-3.png\",\"contentUrl\":\"https:\/\/www.elementvape.de\/wp-content\/uploads\/2024\/09\/cropped-1elementvape-3.png\",\"width\":285,\"height\":228,\"caption\":\"ElementVape.DE\"},\"image\":{\"@id\":\"https:\/\/www.elementvape.de\/#\/schema\/logo\/image\/\"}}]}<\/script>\n<!-- \/ Yoast SEO plugin. -->","yoast_head_json":{"title":"ELF BAR 2200 Einweg-Vape 2200 Z\u00fcge | ElementVape.de","description":"Wir bieten ELF BAR 2200 Einweg-Vape 2200 Z\u00fcge , Elementvape.de akzeptieren Gro\u00df-und Einzelhandel Bestellungen.","robots":{"index":"index","follow":"follow","max-snippet":"max-snippet:-1","max-image-preview":"max-image-preview:large","max-video-preview":"max-video-preview:-1"},"canonical":"https:\/\/www.elementvape.de\/es\/produkt\/elf-bar-2200-einweg-vape-2200-zuege\/","og_locale":"es_ES","og_type":"article","og_title":"ELF BAR 2200 Einweg-Vape 2200 Z\u00fcge | ElementVape.de","og_description":"Wir bieten ELF BAR 2200 Einweg-Vape 2200 Z\u00fcge , Elementvape.de akzeptieren Gro\u00df-und Einzelhandel Bestellungen.","og_url":"https:\/\/www.elementvape.de\/es\/produkt\/elf-bar-2200-einweg-vape-2200-zuege\/","og_site_name":"ElementVape.de","article_modified_time":"2024-09-12T10:31:42+00:00","og_image":[{"width":600,"height":600,"url":"https:\/\/www.elementvape.de\/wp-content\/uploads\/2024\/05\/ELF-BAR-2200-Disposable-Vape-2200-Puffs-2-873104.webp","type":"image\/webp"}],"twitter_card":"summary_large_image","twitter_misc":{"Est. reading time":"2 minutos"},"schema":{"@context":"https:\/\/schema.org","@graph":[{"@type":"WebPage","@id":"https:\/\/www.elementvape.de\/nl\/produkt\/elf-bar-2200-einweg-vape-2200-zuege\/","url":"https:\/\/www.elementvape.de\/nl\/produkt\/elf-bar-2200-einweg-vape-2200-zuege\/","name":"ELF BAR 2200 Einweg-Vape 2200 Z\u00fcge | ElementVape.de","isPartOf":{"@id":"https:\/\/www.elementvape.de\/#website"},"primaryImageOfPage":{"@id":"https:\/\/www.elementvape.de\/nl\/produkt\/elf-bar-2200-einweg-vape-2200-zuege\/#primaryimage"},"image":{"@id":"https:\/\/www.elementvape.de\/nl\/produkt\/elf-bar-2200-einweg-vape-2200-zuege\/#primaryimage"},"thumbnailUrl":"https:\/\/www.elementvape.de\/wp-content\/uploads\/2024\/05\/ELF-BAR-2200-Disposable-Vape-2200-Puffs-2-873104.webp","datePublished":"2024-05-25T08:53:57+00:00","dateModified":"2024-09-12T10:31:42+00:00","description":"Wir bieten ELF BAR 2200 Einweg-Vape 2200 Z\u00fcge , Elementvape.de akzeptieren Gro\u00df-und Einzelhandel Bestellungen.","breadcrumb":{"@id":"https:\/\/www.elementvape.de\/nl\/produkt\/elf-bar-2200-einweg-vape-2200-zuege\/#breadcrumb"},"inLanguage":"es","potentialAction":[{"@type":"ReadAction","target":["https:\/\/www.elementvape.de\/nl\/produkt\/elf-bar-2200-einweg-vape-2200-zuege\/"]}]},{"@type":"ImageObject","inLanguage":"es","@id":"https:\/\/www.elementvape.de\/nl\/produkt\/elf-bar-2200-einweg-vape-2200-zuege\/#primaryimage","url":"https:\/\/www.elementvape.de\/wp-content\/uploads\/2024\/05\/ELF-BAR-2200-Disposable-Vape-2200-Puffs-2-873104.webp","contentUrl":"https:\/\/www.elementvape.de\/wp-content\/uploads\/2024\/05\/ELF-BAR-2200-Disposable-Vape-2200-Puffs-2-873104.webp","width":600,"height":600,"caption":"ELF-BAR-2200-Disposable-Vape-2200-Puffs-2-873104"},{"@type":"BreadcrumbList","@id":"https:\/\/www.elementvape.de\/nl\/produkt\/elf-bar-2200-einweg-vape-2200-zuege\/#breadcrumb","itemListElement":[{"@type":"ListItem","position":1,"name":"Home","item":"https:\/\/www.elementvape.de\/"},{"@type":"ListItem","position":2,"name":"Shop","item":"https:\/\/www.elementvape.de\/shop\/"},{"@type":"ListItem","position":3,"name":"ELF BAR 2200 Einweg-Vape 2200 Z\u00fcge"}]},{"@type":"WebSite","@id":"https:\/\/www.elementvape.de\/#website","url":"https:\/\/www.elementvape.de\/","name":"ElementVape.de","description":"","publisher":{"@id":"https:\/\/www.elementvape.de\/#organization"},"potentialAction":[{"@type":"SearchAction","target":{"@type":"EntryPoint","urlTemplate":"https:\/\/www.elementvape.de\/?s={search_term_string}"},"query-input":"required name=search_term_string"}],"inLanguage":"es"},{"@type":"Organization","@id":"https:\/\/www.elementvape.de\/#organization","name":"ElementVape.DE","url":"https:\/\/www.elementvape.de\/","logo":{"@type":"ImageObject","inLanguage":"es","@id":"https:\/\/www.elementvape.de\/#\/schema\/logo\/image\/","url":"https:\/\/www.elementvape.de\/wp-content\/uploads\/2024\/09\/cropped-1elementvape-3.png","contentUrl":"https:\/\/www.elementvape.de\/wp-content\/uploads\/2024\/09\/cropped-1elementvape-3.png","width":285,"height":228,"caption":"ElementVape.DE"},"image":{"@id":"https:\/\/www.elementvape.de\/#\/schema\/logo\/image\/"}}]}},"_links":{"self":[{"href":"https:\/\/www.elementvape.de\/es\/wp-json\/wp\/v2\/product\/10661"}],"collection":[{"href":"https:\/\/www.elementvape.de\/es\/wp-json\/wp\/v2\/product"}],"about":[{"href":"https:\/\/www.elementvape.de\/es\/wp-json\/wp\/v2\/types\/product"}],"wp:featuredmedia":[{"embeddable":true,"href":"https:\/\/www.elementvape.de\/es\/wp-json\/wp\/v2\/media\/10662"}],"wp:attachment":[{"href":"https:\/\/www.elementvape.de\/es\/wp-json\/wp\/v2\/media?parent=10661"}],"wp:term":[{"taxonomy":"product_cat","embeddable":true,"href":"https:\/\/www.elementvape.de\/es\/wp-json\/wp\/v2\/product_cat?post=10661"},{"taxonomy":"product_tag","embeddable":true,"href":"https:\/\/www.elementvape.de\/es\/wp-json\/wp\/v2\/product_tag?post=10661"}],"curies":[{"name":"wp","href":"https:\/\/api.w.org\/{rel}","templated":true}]}}