{"id":10400,"date":"2024-05-08T08:31:27","date_gmt":"2024-05-08T08:31:27","guid":{"rendered":"https:\/\/www.elementvape.de\/?post_type=product&#038;p=10400"},"modified":"2024-09-12T10:31:46","modified_gmt":"2024-09-12T10:31:46","slug":"elf-bar-elfa-pods-2-ml","status":"publish","type":"product","link":"https:\/\/www.elementvape.de\/es\/produkt\/elf-bar-elfa-pods-2-ml\/","title":{"rendered":"Pods ELF BAR ELFA \u2013 2 ml"},"content":{"rendered":"<h2>ELFA-Cartuchos de ELF BAR: Contiene 20 mg de nicotina<\/h2>\n<p>Los Pods Elfa son pods l\u00edquidos prellenados (c\u00e1psulas) de la marca Elf Bar, que contienen 2 ml de l\u00edquido Elfbar en diferentes sabores, en paquetes de 2 pods. En los Pods Elfa se utilizan bobinas de malla. Esto garantiza un aroma intenso y un vapor de sabor suave.<\/p>\n<p>\u2713 Bobina de malla<br \/>\n\u2713 F\u00e1cil de instalar<br \/>\n\u2713 No es necesario cambiar la bobina<br \/>\n\u2713 Sabor intenso hasta el \u00faltimo bocado<\/p>\n<h2>\u00bfQu\u00e9 tipos de ELF BAR ELFA Pod existen?<\/h2>\n<h3>Estas son las variedades de ELFA Pod:<\/h3>\n<p>Limonada Blue Razz: Refrescante limonada con frambuesas azules y lim\u00f3n picante.<br \/>\nLimonada Rosa: Limonada rosa con fresas, frambuesas y lim\u00f3n.<br \/>\nFrutas tropicales: Una mezcla de frutas tropicales de mango, pi\u00f1a, papaya y kiwi.<br \/>\nBayas mixtas: Una mezcla de ar\u00e1ndanos, moras, fresas y frambuesas.<br \/>\nManzana durazno: Una combinaci\u00f3n cl\u00e1sica de manzanas jugosas y duraznos frescos.<br \/>\nPl\u00e1tano: Rodajas de pl\u00e1tano congeladas con textura cremosa.<br \/>\nAr\u00e1ndanos: Un pu\u00f1ado de ar\u00e1ndanos frescos.<br \/>\nMalvavisco de ar\u00e1ndano: Dulce malvavisco con sabor a ar\u00e1ndano y un toque de frescura.<br \/>\nAr\u00e1ndano Frambuesa \u00c1cida: Una mezcla afrutada de ar\u00e1ndanos y frambuesas con ligera acidez y sabor refrescante.<br \/>\nLimonada Blue Razz: Refrescante limonada con frambuesas azules y lim\u00f3n picante.<br \/>\nCaramelos de cereza: Dulces y jugosos caramelos de cereza.<br \/>\nCola: Sabor cl\u00e1sico a cola con un regusto refrescante.<br \/>\nAr\u00e1ndano Uva: Una combinaci\u00f3n afrutada de ar\u00e1ndanos y uvas, dulce y \u00e1cida.<br \/>\nElfergy (Elfstorm): Bebida energ\u00e9tica muy fr\u00eda.<br \/>\nUvas: El sabor puro de uvas maduras con un aroma dulce y afrutado.<br \/>\nKiwi-Pasi\u00f3n: Una mezcla tropical de kiwi y fruta de la pasi\u00f3n.<br \/>\nMango: Mango maduro con aroma dulce y cremoso.<br \/>\nHelado de fresa: Helado cremoso de fresa, ligeramente fr\u00edo.<br \/>\nDurazno jugoso: El sabor jugoso de duraznos con un aroma dulce y afrutado.<br \/>\nFresa-Kiwi: La dulzura de las fresas y la fruta del kiwi.<br \/>\nSand\u00eda: Sand\u00eda jugosa con un toque de frescura.<\/p>\n<p>Hemos probado exhaustivamente los Pods Elfa de Elf Bar Elfa y hemos llegado a la conclusi\u00f3n: Hasta 2024 no habr\u00e1 en esta categor\u00eda de productos (Pods prellenados) un producto mejor de Elf Bar o de otra marca por el precio de estos Pods. Econ\u00f3micos, de alta calidad y con una gran variedad de Pods prellenados, no encontrar\u00e1s otra marca con Pods prellenados. Con los Pods Elfa, Elf Bar ha creado un producto realmente bueno.<\/p>","protected":false},"excerpt":{"rendered":"<p>ELFA-Kartuschen von ELF BAR: Enth\u00e4lt 20 mg Nikotin Elfa Pods sind vorgef\u00fcllte fl\u00fcssige Pods (Kapseln) der Marke Elf Bar, die 2 ml Elfbar-Fl\u00fcssigkeit in verschiedenen Geschmacksrichtungen enthalten, in Packungen mit 2 Pods. In Elfa Pods werden Netzspulen verwendet. Dies sorgt f\u00fcr ein reichhaltiges Aroma und einen mild aromatischen Dampf. \u2713 Mesh-Spule \u2713 Einfach zu installieren [&hellip;]<\/p>","protected":false},"featured_media":10401,"template":"","meta":{"inline_featured_image":false},"product_cat":[15,78,750,737,736,749,76],"product_tag":[],"tiered_pricing_type":"fixed","tiered_pricing_fixed_rules":[],"tiered_pricing_percentage_rules":[],"tiered_pricing_minimum":1,"_administrator_tiered_pricing_type":"fixed","_administrator_tiered_pricing_fixed_rules":[],"_editor_tiered_pricing_type":"fixed","_editor_tiered_pricing_fixed_rules":[],"_author_tiered_pricing_type":"fixed","_author_tiered_pricing_fixed_rules":[],"_contributor_tiered_pricing_type":"fixed","_contributor_tiered_pricing_fixed_rules":[],"_subscriber_tiered_pricing_type":"fixed","_subscriber_tiered_pricing_fixed_rules":[],"_customer_tiered_pricing_type":"fixed","_customer_tiered_pricing_fixed_rules":[],"_shop_manager_tiered_pricing_type":"fixed","_shop_manager_tiered_pricing_fixed_rules":[],"_wpseo_manager_tiered_pricing_type":"fixed","_wpseo_manager_tiered_pricing_fixed_rules":[],"_wpseo_editor_tiered_pricing_type":"fixed","_wpseo_editor_tiered_pricing_fixed_rules":[],"_wholesale_customer_tiered_pricing_type":"fixed","_wholesale_customer_tiered_pricing_fixed_rules":[],"_marketer_tiered_pricing_type":"fixed","_marketer_tiered_pricing_fixed_rules":[],"_sales_manager_tiered_pricing_type":"fixed","_sales_manager_tiered_pricing_fixed_rules":[],"_sales_rep_tiered_pricing_type":"fixed","_sales_rep_tiered_pricing_fixed_rules":[],"yoast_head":"<!-- This site is optimized with the Yoast SEO plugin v23.3 - https:\/\/yoast.com\/wordpress\/plugins\/seo\/ -->\n<title>ELF BAR ELFA Pods - 2 ml | ElementVape.de<\/title>\n<meta name=\"description\" content=\"Wir bieten ELF BAR ELFA Pods - 2 ml , Elementvape.de akzeptieren Gro\u00df-und Einzelhandel Bestellungen.\" \/>\n<meta name=\"robots\" content=\"index, follow, max-snippet:-1, max-image-preview:large, max-video-preview:-1\" \/>\n<link rel=\"canonical\" href=\"https:\/\/www.elementvape.de\/es\/produkt\/elf-bar-elfa-pods-2-ml\/\" \/>\n<meta property=\"og:locale\" content=\"es_ES\" \/>\n<meta property=\"og:type\" content=\"article\" \/>\n<meta property=\"og:title\" content=\"ELF BAR ELFA Pods - 2 ml | ElementVape.de\" \/>\n<meta property=\"og:description\" content=\"Wir bieten ELF BAR ELFA Pods - 2 ml , Elementvape.de akzeptieren Gro\u00df-und Einzelhandel Bestellungen.\" \/>\n<meta property=\"og:url\" content=\"https:\/\/www.elementvape.de\/es\/produkt\/elf-bar-elfa-pods-2-ml\/\" \/>\n<meta property=\"og:site_name\" content=\"ElementVape.de\" \/>\n<meta property=\"article:modified_time\" content=\"2024-09-12T10:31:46+00:00\" \/>\n<meta property=\"og:image\" content=\"https:\/\/www.elementvape.de\/wp-content\/uploads\/2024\/05\/Elf-Bar-Elfa-Pod.webp\" \/>\n\t<meta property=\"og:image:width\" content=\"800\" \/>\n\t<meta property=\"og:image:height\" content=\"800\" \/>\n\t<meta property=\"og:image:type\" content=\"image\/webp\" \/>\n<meta name=\"twitter:card\" content=\"summary_large_image\" \/>\n<meta name=\"twitter:label1\" content=\"Est. reading time\" \/>\n\t<meta name=\"twitter:data1\" content=\"3 minutos\" \/>\n<script type=\"application\/ld+json\" class=\"yoast-schema-graph\">{\"@context\":\"https:\/\/schema.org\",\"@graph\":[{\"@type\":\"WebPage\",\"@id\":\"https:\/\/www.elementvape.de\/produkt\/elf-bar-elfa-pods-2-ml\/\",\"url\":\"https:\/\/www.elementvape.de\/produkt\/elf-bar-elfa-pods-2-ml\/\",\"name\":\"ELF BAR ELFA Pods - 2 ml | ElementVape.de\",\"isPartOf\":{\"@id\":\"https:\/\/www.elementvape.de\/#website\"},\"primaryImageOfPage\":{\"@id\":\"https:\/\/www.elementvape.de\/produkt\/elf-bar-elfa-pods-2-ml\/#primaryimage\"},\"image\":{\"@id\":\"https:\/\/www.elementvape.de\/produkt\/elf-bar-elfa-pods-2-ml\/#primaryimage\"},\"thumbnailUrl\":\"https:\/\/www.elementvape.de\/wp-content\/uploads\/2024\/05\/Elf-Bar-Elfa-Pod.webp\",\"datePublished\":\"2024-05-08T08:31:27+00:00\",\"dateModified\":\"2024-09-12T10:31:46+00:00\",\"description\":\"Wir bieten ELF BAR ELFA Pods - 2 ml , Elementvape.de akzeptieren Gro\u00df-und Einzelhandel Bestellungen.\",\"breadcrumb\":{\"@id\":\"https:\/\/www.elementvape.de\/produkt\/elf-bar-elfa-pods-2-ml\/#breadcrumb\"},\"inLanguage\":\"es\",\"potentialAction\":[{\"@type\":\"ReadAction\",\"target\":[\"https:\/\/www.elementvape.de\/produkt\/elf-bar-elfa-pods-2-ml\/\"]}]},{\"@type\":\"ImageObject\",\"inLanguage\":\"es\",\"@id\":\"https:\/\/www.elementvape.de\/produkt\/elf-bar-elfa-pods-2-ml\/#primaryimage\",\"url\":\"https:\/\/www.elementvape.de\/wp-content\/uploads\/2024\/05\/Elf-Bar-Elfa-Pod.webp\",\"contentUrl\":\"https:\/\/www.elementvape.de\/wp-content\/uploads\/2024\/05\/Elf-Bar-Elfa-Pod.webp\",\"width\":800,\"height\":800,\"caption\":\"Elf-Bar-Elfa-Pod\"},{\"@type\":\"BreadcrumbList\",\"@id\":\"https:\/\/www.elementvape.de\/produkt\/elf-bar-elfa-pods-2-ml\/#breadcrumb\",\"itemListElement\":[{\"@type\":\"ListItem\",\"position\":1,\"name\":\"Home\",\"item\":\"https:\/\/www.elementvape.de\/\"},{\"@type\":\"ListItem\",\"position\":2,\"name\":\"Shop\",\"item\":\"https:\/\/www.elementvape.de\/shop\/\"},{\"@type\":\"ListItem\",\"position\":3,\"name\":\"ELF BAR ELFA Pods &#8211; 2 ml\"}]},{\"@type\":\"WebSite\",\"@id\":\"https:\/\/www.elementvape.de\/#website\",\"url\":\"https:\/\/www.elementvape.de\/\",\"name\":\"ElementVape.de\",\"description\":\"\",\"publisher\":{\"@id\":\"https:\/\/www.elementvape.de\/#organization\"},\"potentialAction\":[{\"@type\":\"SearchAction\",\"target\":{\"@type\":\"EntryPoint\",\"urlTemplate\":\"https:\/\/www.elementvape.de\/?s={search_term_string}\"},\"query-input\":\"required name=search_term_string\"}],\"inLanguage\":\"es\"},{\"@type\":\"Organization\",\"@id\":\"https:\/\/www.elementvape.de\/#organization\",\"name\":\"ElementVape.DE\",\"url\":\"https:\/\/www.elementvape.de\/\",\"logo\":{\"@type\":\"ImageObject\",\"inLanguage\":\"es\",\"@id\":\"https:\/\/www.elementvape.de\/#\/schema\/logo\/image\/\",\"url\":\"https:\/\/www.elementvape.de\/wp-content\/uploads\/2024\/09\/cropped-1elementvape-3.png\",\"contentUrl\":\"https:\/\/www.elementvape.de\/wp-content\/uploads\/2024\/09\/cropped-1elementvape-3.png\",\"width\":285,\"height\":228,\"caption\":\"ElementVape.DE\"},\"image\":{\"@id\":\"https:\/\/www.elementvape.de\/#\/schema\/logo\/image\/\"}}]}<\/script>\n<!-- \/ Yoast SEO plugin. -->","yoast_head_json":{"title":"ELF BAR ELFA Pods - 2 ml | ElementVape.de","description":"Wir bieten ELF BAR ELFA Pods - 2 ml , Elementvape.de akzeptieren Gro\u00df-und Einzelhandel Bestellungen.","robots":{"index":"index","follow":"follow","max-snippet":"max-snippet:-1","max-image-preview":"max-image-preview:large","max-video-preview":"max-video-preview:-1"},"canonical":"https:\/\/www.elementvape.de\/es\/produkt\/elf-bar-elfa-pods-2-ml\/","og_locale":"es_ES","og_type":"article","og_title":"ELF BAR ELFA Pods - 2 ml | ElementVape.de","og_description":"Wir bieten ELF BAR ELFA Pods - 2 ml , Elementvape.de akzeptieren Gro\u00df-und Einzelhandel Bestellungen.","og_url":"https:\/\/www.elementvape.de\/es\/produkt\/elf-bar-elfa-pods-2-ml\/","og_site_name":"ElementVape.de","article_modified_time":"2024-09-12T10:31:46+00:00","og_image":[{"width":800,"height":800,"url":"https:\/\/www.elementvape.de\/wp-content\/uploads\/2024\/05\/Elf-Bar-Elfa-Pod.webp","type":"image\/webp"}],"twitter_card":"summary_large_image","twitter_misc":{"Est. reading time":"3 minutos"},"schema":{"@context":"https:\/\/schema.org","@graph":[{"@type":"WebPage","@id":"https:\/\/www.elementvape.de\/produkt\/elf-bar-elfa-pods-2-ml\/","url":"https:\/\/www.elementvape.de\/produkt\/elf-bar-elfa-pods-2-ml\/","name":"ELF BAR ELFA Pods - 2 ml | ElementVape.de","isPartOf":{"@id":"https:\/\/www.elementvape.de\/#website"},"primaryImageOfPage":{"@id":"https:\/\/www.elementvape.de\/produkt\/elf-bar-elfa-pods-2-ml\/#primaryimage"},"image":{"@id":"https:\/\/www.elementvape.de\/produkt\/elf-bar-elfa-pods-2-ml\/#primaryimage"},"thumbnailUrl":"https:\/\/www.elementvape.de\/wp-content\/uploads\/2024\/05\/Elf-Bar-Elfa-Pod.webp","datePublished":"2024-05-08T08:31:27+00:00","dateModified":"2024-09-12T10:31:46+00:00","description":"Wir bieten ELF BAR ELFA Pods - 2 ml , Elementvape.de akzeptieren Gro\u00df-und Einzelhandel Bestellungen.","breadcrumb":{"@id":"https:\/\/www.elementvape.de\/produkt\/elf-bar-elfa-pods-2-ml\/#breadcrumb"},"inLanguage":"es","potentialAction":[{"@type":"ReadAction","target":["https:\/\/www.elementvape.de\/produkt\/elf-bar-elfa-pods-2-ml\/"]}]},{"@type":"ImageObject","inLanguage":"es","@id":"https:\/\/www.elementvape.de\/produkt\/elf-bar-elfa-pods-2-ml\/#primaryimage","url":"https:\/\/www.elementvape.de\/wp-content\/uploads\/2024\/05\/Elf-Bar-Elfa-Pod.webp","contentUrl":"https:\/\/www.elementvape.de\/wp-content\/uploads\/2024\/05\/Elf-Bar-Elfa-Pod.webp","width":800,"height":800,"caption":"Elf-Bar-Elfa-Pod"},{"@type":"BreadcrumbList","@id":"https:\/\/www.elementvape.de\/produkt\/elf-bar-elfa-pods-2-ml\/#breadcrumb","itemListElement":[{"@type":"ListItem","position":1,"name":"Home","item":"https:\/\/www.elementvape.de\/"},{"@type":"ListItem","position":2,"name":"Shop","item":"https:\/\/www.elementvape.de\/shop\/"},{"@type":"ListItem","position":3,"name":"ELF BAR ELFA Pods &#8211; 2 ml"}]},{"@type":"WebSite","@id":"https:\/\/www.elementvape.de\/#website","url":"https:\/\/www.elementvape.de\/","name":"ElementVape.de","description":"","publisher":{"@id":"https:\/\/www.elementvape.de\/#organization"},"potentialAction":[{"@type":"SearchAction","target":{"@type":"EntryPoint","urlTemplate":"https:\/\/www.elementvape.de\/?s={search_term_string}"},"query-input":"required name=search_term_string"}],"inLanguage":"es"},{"@type":"Organization","@id":"https:\/\/www.elementvape.de\/#organization","name":"ElementVape.DE","url":"https:\/\/www.elementvape.de\/","logo":{"@type":"ImageObject","inLanguage":"es","@id":"https:\/\/www.elementvape.de\/#\/schema\/logo\/image\/","url":"https:\/\/www.elementvape.de\/wp-content\/uploads\/2024\/09\/cropped-1elementvape-3.png","contentUrl":"https:\/\/www.elementvape.de\/wp-content\/uploads\/2024\/09\/cropped-1elementvape-3.png","width":285,"height":228,"caption":"ElementVape.DE"},"image":{"@id":"https:\/\/www.elementvape.de\/#\/schema\/logo\/image\/"}}]}},"_links":{"self":[{"href":"https:\/\/www.elementvape.de\/es\/wp-json\/wp\/v2\/product\/10400"}],"collection":[{"href":"https:\/\/www.elementvape.de\/es\/wp-json\/wp\/v2\/product"}],"about":[{"href":"https:\/\/www.elementvape.de\/es\/wp-json\/wp\/v2\/types\/product"}],"wp:featuredmedia":[{"embeddable":true,"href":"https:\/\/www.elementvape.de\/es\/wp-json\/wp\/v2\/media\/10401"}],"wp:attachment":[{"href":"https:\/\/www.elementvape.de\/es\/wp-json\/wp\/v2\/media?parent=10400"}],"wp:term":[{"taxonomy":"product_cat","embeddable":true,"href":"https:\/\/www.elementvape.de\/es\/wp-json\/wp\/v2\/product_cat?post=10400"},{"taxonomy":"product_tag","embeddable":true,"href":"https:\/\/www.elementvape.de\/es\/wp-json\/wp\/v2\/product_tag?post=10400"}],"curies":[{"name":"wp","href":"https:\/\/api.w.org\/{rel}","templated":true}]}}