{"id":10363,"date":"2024-05-07T09:37:52","date_gmt":"2024-05-07T09:37:52","guid":{"rendered":"https:\/\/www.elementvape.de\/?post_type=product&#038;p=10363"},"modified":"2024-09-12T10:31:47","modified_gmt":"2024-09-12T10:31:47","slug":"randm-tornado-10000-einweg-vape-10000-zuege","status":"publish","type":"product","link":"https:\/\/www.elementvape.de\/es\/produkt\/randm-tornado-10000-einweg-vape-10000-zuege\/","title":{"rendered":"RandM Tornado 10000 Vape desechable 10000 golpes"},"content":{"rendered":"<h2>El precio de este producto corresponde al precio de un solo cigarrillo electr\u00f3nico<\/h2>\n<p>describir<br \/>\nelementvape es uno de los mayores mayoristas de cigarrillos electr\u00f3nicos del mundo. Compra en l\u00ednea al por mayor el RandM Tornado 10000 Vape en Myvapesite.<\/p>\n<p>El RandM Tornado 10000 es un dispositivo de cigarrillo electr\u00f3nico desechable con control de flujo de aire y recargable. Contiene 20 ml de e-l\u00edquido con sal de nicotina 0\/2\/3\/5 %, que alcanza para 10.000 caladas. Tiene 24 sabores disponibles. Con el control de flujo de aire, puedes elegir la posici\u00f3n que mejor se adapte a ti, y un puerto tipo C recargable en la parte inferior del dispositivo asegura que siempre obtendr\u00e1s la \u00faltima gota de l\u00edquido.<\/p>\n<p>Caracter\u00edsticas del equipo desechable RandM Tornado 10000:<br \/>\nSal de nicotina 2%.<br \/>\n20 ml de e-l\u00edquido.<br \/>\n10.000 caladas por dispositivo.<br \/>\n6 luces RGB de colores<br \/>\nbater\u00eda recargable<br \/>\nNo recargable<br \/>\nBater\u00eda integrada de 850 mAh.<br \/>\nDisponible en 24 sabores.<br \/>\n10 unidades en caja de presentaci\u00f3n.<br \/>\n200 unidades por caja.<\/p>\n<p>Sabores disponibles:<br \/>\n1. Frambuesa-Fresa<br \/>\n2. Cereza con ar\u00e1ndanos<br \/>\n3. Helado de ar\u00e1ndanos<br \/>\n4. Frutas del bosque mixtas<br \/>\n5. Gominolas<br \/>\n6. Donuts de fresa<br \/>\n7. Fresa y sand\u00eda<br \/>\n8. Helado de uva<br \/>\n9. Mentol<br \/>\n10. Disfrute tropical<br \/>\n11. Limonada de sand\u00eda<br \/>\n12. Raz azul<br \/>\n13. Dr. Vimtor<br \/>\n14. Sangre de tigre<br \/>\n15. Bolos<br \/>\n16. Mango-Pasi\u00f3n<br \/>\n17. Fresa-Kiwi<br \/>\n18. Helado de frambuesa durazno<br \/>\n19. \u00c1cido de ar\u00e1ndano azul y frambuesa<br \/>\n20. Helado de manzana roja<br \/>\n21. C\u00f3ctel de naranja y lim\u00f3n<br \/>\n22. Kiwi-Fruta del drag\u00f3n<br \/>\n23. Helado de cereza<br \/>\n24. Helado de sand\u00eda<\/p>\n<p>Detalles del producto<br \/>\n1 x RandM Tornado 10000 vaporizador desechable 10000 conexiones<\/p>","protected":false},"excerpt":{"rendered":"<p>Der Preis dieses Produkts entspricht dem Preis einer einzelnen E-Zigarette beschreiben elementvape ist einer der gr\u00f6\u00dften E-Zigaretten-Gro\u00dfh\u00e4ndler der Welt. Kaufen Sie RandM Tornado 10000 Vape im Gro\u00dfhandel online auf Myvapesite. Der RandM Tornado 10000 ist ein Einweg-E-Zigarettenger\u00e4t mit Luftstromkontrolle und wiederaufladbar. Enth\u00e4lt 20 ml 0\/2\/3\/5 % Nikotinsalz-E-Liquid, das f\u00fcr 10.000 Z\u00fcge reicht. Es stehen Ihnen [&hellip;]<\/p>","protected":false},"featured_media":10379,"template":"","meta":{"inline_featured_image":false},"product_cat":[15,78,750,737,736,749],"product_tag":[672],"tiered_pricing_type":"fixed","tiered_pricing_fixed_rules":[],"tiered_pricing_percentage_rules":[],"tiered_pricing_minimum":1,"_administrator_tiered_pricing_type":"fixed","_administrator_tiered_pricing_fixed_rules":[],"_editor_tiered_pricing_type":"fixed","_editor_tiered_pricing_fixed_rules":[],"_author_tiered_pricing_type":"fixed","_author_tiered_pricing_fixed_rules":[],"_contributor_tiered_pricing_type":"fixed","_contributor_tiered_pricing_fixed_rules":[],"_subscriber_tiered_pricing_type":"fixed","_subscriber_tiered_pricing_fixed_rules":[],"_customer_tiered_pricing_type":"fixed","_customer_tiered_pricing_fixed_rules":[],"_shop_manager_tiered_pricing_type":"fixed","_shop_manager_tiered_pricing_fixed_rules":[],"_wpseo_manager_tiered_pricing_type":"fixed","_wpseo_manager_tiered_pricing_fixed_rules":[],"_wpseo_editor_tiered_pricing_type":"fixed","_wpseo_editor_tiered_pricing_fixed_rules":[],"_wholesale_customer_tiered_pricing_type":"fixed","_wholesale_customer_tiered_pricing_fixed_rules":[],"_marketer_tiered_pricing_type":"fixed","_marketer_tiered_pricing_fixed_rules":[],"_sales_manager_tiered_pricing_type":"fixed","_sales_manager_tiered_pricing_fixed_rules":[],"_sales_rep_tiered_pricing_type":"fixed","_sales_rep_tiered_pricing_fixed_rules":[],"yoast_head":"<!-- This site is optimized with the Yoast SEO plugin v23.3 - https:\/\/yoast.com\/wordpress\/plugins\/seo\/ -->\n<title>RandM Tornado 10000 Einweg-Vape 10000 Z\u00fcge | ElementVape.de<\/title>\n<meta name=\"description\" content=\"Wir bieten RandM Tornado 10000 Einweg-Vape 10000 Z\u00fcge , Elementvape.de akzeptieren Gro\u00df-und Einzelhandel Bestellungen.\" \/>\n<meta name=\"robots\" content=\"index, follow, max-snippet:-1, max-image-preview:large, max-video-preview:-1\" \/>\n<link rel=\"canonical\" href=\"https:\/\/www.elementvape.de\/es\/produkt\/randm-tornado-10000-einweg-vape-10000-zuege\/\" \/>\n<meta property=\"og:locale\" content=\"es_ES\" \/>\n<meta property=\"og:type\" content=\"article\" \/>\n<meta property=\"og:title\" content=\"RandM Tornado 10000 Einweg-Vape 10000 Z\u00fcge | ElementVape.de\" \/>\n<meta property=\"og:description\" content=\"Wir bieten RandM Tornado 10000 Einweg-Vape 10000 Z\u00fcge , Elementvape.de akzeptieren Gro\u00df-und Einzelhandel Bestellungen.\" \/>\n<meta property=\"og:url\" content=\"https:\/\/www.elementvape.de\/es\/produkt\/randm-tornado-10000-einweg-vape-10000-zuege\/\" \/>\n<meta property=\"og:site_name\" content=\"ElementVape.de\" \/>\n<meta property=\"article:modified_time\" content=\"2024-09-12T10:31:47+00:00\" \/>\n<meta property=\"og:image\" content=\"https:\/\/www.elementvape.de\/wp-content\/uploads\/2024\/05\/RANDMTORNADO10000-2.webp\" \/>\n\t<meta property=\"og:image:width\" content=\"800\" \/>\n\t<meta property=\"og:image:height\" content=\"800\" \/>\n\t<meta property=\"og:image:type\" content=\"image\/webp\" \/>\n<meta name=\"twitter:card\" content=\"summary_large_image\" \/>\n<meta name=\"twitter:label1\" content=\"Est. reading time\" \/>\n\t<meta name=\"twitter:data1\" content=\"2 minutos\" \/>\n<script type=\"application\/ld+json\" class=\"yoast-schema-graph\">{\"@context\":\"https:\/\/schema.org\",\"@graph\":[{\"@type\":\"WebPage\",\"@id\":\"https:\/\/www.elementvape.de\/sk\/produkt\/randm-tornado-10000-einweg-vape-10000-zuege\/\",\"url\":\"https:\/\/www.elementvape.de\/sk\/produkt\/randm-tornado-10000-einweg-vape-10000-zuege\/\",\"name\":\"RandM Tornado 10000 Einweg-Vape 10000 Z\u00fcge | ElementVape.de\",\"isPartOf\":{\"@id\":\"https:\/\/www.elementvape.de\/#website\"},\"primaryImageOfPage\":{\"@id\":\"https:\/\/www.elementvape.de\/sk\/produkt\/randm-tornado-10000-einweg-vape-10000-zuege\/#primaryimage\"},\"image\":{\"@id\":\"https:\/\/www.elementvape.de\/sk\/produkt\/randm-tornado-10000-einweg-vape-10000-zuege\/#primaryimage\"},\"thumbnailUrl\":\"https:\/\/www.elementvape.de\/wp-content\/uploads\/2024\/05\/RANDMTORNADO10000-2.webp\",\"datePublished\":\"2024-05-07T09:37:52+00:00\",\"dateModified\":\"2024-09-12T10:31:47+00:00\",\"description\":\"Wir bieten RandM Tornado 10000 Einweg-Vape 10000 Z\u00fcge , Elementvape.de akzeptieren Gro\u00df-und Einzelhandel Bestellungen.\",\"breadcrumb\":{\"@id\":\"https:\/\/www.elementvape.de\/sk\/produkt\/randm-tornado-10000-einweg-vape-10000-zuege\/#breadcrumb\"},\"inLanguage\":\"es\",\"potentialAction\":[{\"@type\":\"ReadAction\",\"target\":[\"https:\/\/www.elementvape.de\/sk\/produkt\/randm-tornado-10000-einweg-vape-10000-zuege\/\"]}]},{\"@type\":\"ImageObject\",\"inLanguage\":\"es\",\"@id\":\"https:\/\/www.elementvape.de\/sk\/produkt\/randm-tornado-10000-einweg-vape-10000-zuege\/#primaryimage\",\"url\":\"https:\/\/www.elementvape.de\/wp-content\/uploads\/2024\/05\/RANDMTORNADO10000-2.webp\",\"contentUrl\":\"https:\/\/www.elementvape.de\/wp-content\/uploads\/2024\/05\/RANDMTORNADO10000-2.webp\",\"width\":800,\"height\":800},{\"@type\":\"BreadcrumbList\",\"@id\":\"https:\/\/www.elementvape.de\/sk\/produkt\/randm-tornado-10000-einweg-vape-10000-zuege\/#breadcrumb\",\"itemListElement\":[{\"@type\":\"ListItem\",\"position\":1,\"name\":\"Home\",\"item\":\"https:\/\/www.elementvape.de\/\"},{\"@type\":\"ListItem\",\"position\":2,\"name\":\"Shop\",\"item\":\"https:\/\/www.elementvape.de\/shop\/\"},{\"@type\":\"ListItem\",\"position\":3,\"name\":\"RandM Tornado 10000 Einweg-Vape 10000 Z\u00fcge\"}]},{\"@type\":\"WebSite\",\"@id\":\"https:\/\/www.elementvape.de\/#website\",\"url\":\"https:\/\/www.elementvape.de\/\",\"name\":\"ElementVape.de\",\"description\":\"\",\"publisher\":{\"@id\":\"https:\/\/www.elementvape.de\/#organization\"},\"potentialAction\":[{\"@type\":\"SearchAction\",\"target\":{\"@type\":\"EntryPoint\",\"urlTemplate\":\"https:\/\/www.elementvape.de\/?s={search_term_string}\"},\"query-input\":\"required name=search_term_string\"}],\"inLanguage\":\"es\"},{\"@type\":\"Organization\",\"@id\":\"https:\/\/www.elementvape.de\/#organization\",\"name\":\"ElementVape.DE\",\"url\":\"https:\/\/www.elementvape.de\/\",\"logo\":{\"@type\":\"ImageObject\",\"inLanguage\":\"es\",\"@id\":\"https:\/\/www.elementvape.de\/#\/schema\/logo\/image\/\",\"url\":\"https:\/\/www.elementvape.de\/wp-content\/uploads\/2024\/09\/cropped-1elementvape-3.png\",\"contentUrl\":\"https:\/\/www.elementvape.de\/wp-content\/uploads\/2024\/09\/cropped-1elementvape-3.png\",\"width\":285,\"height\":228,\"caption\":\"ElementVape.DE\"},\"image\":{\"@id\":\"https:\/\/www.elementvape.de\/#\/schema\/logo\/image\/\"}}]}<\/script>\n<!-- \/ Yoast SEO plugin. -->","yoast_head_json":{"title":"RandM Tornado 10000 Einweg-Vape 10000 Z\u00fcge | ElementVape.de","description":"Wir bieten RandM Tornado 10000 Einweg-Vape 10000 Z\u00fcge , Elementvape.de akzeptieren Gro\u00df-und Einzelhandel Bestellungen.","robots":{"index":"index","follow":"follow","max-snippet":"max-snippet:-1","max-image-preview":"max-image-preview:large","max-video-preview":"max-video-preview:-1"},"canonical":"https:\/\/www.elementvape.de\/es\/produkt\/randm-tornado-10000-einweg-vape-10000-zuege\/","og_locale":"es_ES","og_type":"article","og_title":"RandM Tornado 10000 Einweg-Vape 10000 Z\u00fcge | ElementVape.de","og_description":"Wir bieten RandM Tornado 10000 Einweg-Vape 10000 Z\u00fcge , Elementvape.de akzeptieren Gro\u00df-und Einzelhandel Bestellungen.","og_url":"https:\/\/www.elementvape.de\/es\/produkt\/randm-tornado-10000-einweg-vape-10000-zuege\/","og_site_name":"ElementVape.de","article_modified_time":"2024-09-12T10:31:47+00:00","og_image":[{"width":800,"height":800,"url":"https:\/\/www.elementvape.de\/wp-content\/uploads\/2024\/05\/RANDMTORNADO10000-2.webp","type":"image\/webp"}],"twitter_card":"summary_large_image","twitter_misc":{"Est. reading time":"2 minutos"},"schema":{"@context":"https:\/\/schema.org","@graph":[{"@type":"WebPage","@id":"https:\/\/www.elementvape.de\/sk\/produkt\/randm-tornado-10000-einweg-vape-10000-zuege\/","url":"https:\/\/www.elementvape.de\/sk\/produkt\/randm-tornado-10000-einweg-vape-10000-zuege\/","name":"RandM Tornado 10000 Einweg-Vape 10000 Z\u00fcge | ElementVape.de","isPartOf":{"@id":"https:\/\/www.elementvape.de\/#website"},"primaryImageOfPage":{"@id":"https:\/\/www.elementvape.de\/sk\/produkt\/randm-tornado-10000-einweg-vape-10000-zuege\/#primaryimage"},"image":{"@id":"https:\/\/www.elementvape.de\/sk\/produkt\/randm-tornado-10000-einweg-vape-10000-zuege\/#primaryimage"},"thumbnailUrl":"https:\/\/www.elementvape.de\/wp-content\/uploads\/2024\/05\/RANDMTORNADO10000-2.webp","datePublished":"2024-05-07T09:37:52+00:00","dateModified":"2024-09-12T10:31:47+00:00","description":"Wir bieten RandM Tornado 10000 Einweg-Vape 10000 Z\u00fcge , Elementvape.de akzeptieren Gro\u00df-und Einzelhandel Bestellungen.","breadcrumb":{"@id":"https:\/\/www.elementvape.de\/sk\/produkt\/randm-tornado-10000-einweg-vape-10000-zuege\/#breadcrumb"},"inLanguage":"es","potentialAction":[{"@type":"ReadAction","target":["https:\/\/www.elementvape.de\/sk\/produkt\/randm-tornado-10000-einweg-vape-10000-zuege\/"]}]},{"@type":"ImageObject","inLanguage":"es","@id":"https:\/\/www.elementvape.de\/sk\/produkt\/randm-tornado-10000-einweg-vape-10000-zuege\/#primaryimage","url":"https:\/\/www.elementvape.de\/wp-content\/uploads\/2024\/05\/RANDMTORNADO10000-2.webp","contentUrl":"https:\/\/www.elementvape.de\/wp-content\/uploads\/2024\/05\/RANDMTORNADO10000-2.webp","width":800,"height":800},{"@type":"BreadcrumbList","@id":"https:\/\/www.elementvape.de\/sk\/produkt\/randm-tornado-10000-einweg-vape-10000-zuege\/#breadcrumb","itemListElement":[{"@type":"ListItem","position":1,"name":"Home","item":"https:\/\/www.elementvape.de\/"},{"@type":"ListItem","position":2,"name":"Shop","item":"https:\/\/www.elementvape.de\/shop\/"},{"@type":"ListItem","position":3,"name":"RandM Tornado 10000 Einweg-Vape 10000 Z\u00fcge"}]},{"@type":"WebSite","@id":"https:\/\/www.elementvape.de\/#website","url":"https:\/\/www.elementvape.de\/","name":"ElementVape.de","description":"","publisher":{"@id":"https:\/\/www.elementvape.de\/#organization"},"potentialAction":[{"@type":"SearchAction","target":{"@type":"EntryPoint","urlTemplate":"https:\/\/www.elementvape.de\/?s={search_term_string}"},"query-input":"required name=search_term_string"}],"inLanguage":"es"},{"@type":"Organization","@id":"https:\/\/www.elementvape.de\/#organization","name":"ElementVape.DE","url":"https:\/\/www.elementvape.de\/","logo":{"@type":"ImageObject","inLanguage":"es","@id":"https:\/\/www.elementvape.de\/#\/schema\/logo\/image\/","url":"https:\/\/www.elementvape.de\/wp-content\/uploads\/2024\/09\/cropped-1elementvape-3.png","contentUrl":"https:\/\/www.elementvape.de\/wp-content\/uploads\/2024\/09\/cropped-1elementvape-3.png","width":285,"height":228,"caption":"ElementVape.DE"},"image":{"@id":"https:\/\/www.elementvape.de\/#\/schema\/logo\/image\/"}}]}},"_links":{"self":[{"href":"https:\/\/www.elementvape.de\/es\/wp-json\/wp\/v2\/product\/10363"}],"collection":[{"href":"https:\/\/www.elementvape.de\/es\/wp-json\/wp\/v2\/product"}],"about":[{"href":"https:\/\/www.elementvape.de\/es\/wp-json\/wp\/v2\/types\/product"}],"wp:featuredmedia":[{"embeddable":true,"href":"https:\/\/www.elementvape.de\/es\/wp-json\/wp\/v2\/media\/10379"}],"wp:attachment":[{"href":"https:\/\/www.elementvape.de\/es\/wp-json\/wp\/v2\/media?parent=10363"}],"wp:term":[{"taxonomy":"product_cat","embeddable":true,"href":"https:\/\/www.elementvape.de\/es\/wp-json\/wp\/v2\/product_cat?post=10363"},{"taxonomy":"product_tag","embeddable":true,"href":"https:\/\/www.elementvape.de\/es\/wp-json\/wp\/v2\/product_tag?post=10363"}],"curies":[{"name":"wp","href":"https:\/\/api.w.org\/{rel}","templated":true}]}}