{"id":4868,"date":"2020-09-28T09:34:53","date_gmt":"2020-09-28T09:34:53","guid":{"rendered":"https:\/\/demo2wpopal.b-cdn.net\/shopic\/?page_id=4868"},"modified":"2025-12-11T03:34:22","modified_gmt":"2025-12-11T03:34:22","slug":"contact","status":"publish","type":"page","link":"https:\/\/www.elementvape.de\/es\/contact\/","title":{"rendered":"Contacto"},"content":{"rendered":"<div data-elementor-type=\"wp-page\" data-elementor-id=\"4868\" class=\"elementor elementor-4868\">\n\t\t\t\t\t\t<div class=\"elementor-section elementor-top-section elementor-element elementor-element-4bfd7b7 elementor-section-stretched elementor-section-boxed elementor-section-height-default elementor-section-height-default\" data-id=\"4bfd7b7\" data-element_type=\"section\" data-settings=\"{&quot;stretch_section&quot;:&quot;section-stretched&quot;}\">\n\t\t\t\t\t\t<div class=\"elementor-container elementor-column-gap-no\">\n\t\t\t\t\t<div class=\"elementor-column elementor-col-100 elementor-top-column elementor-element elementor-element-30d9831\" data-id=\"30d9831\" data-element_type=\"column\">\n\t\t\t<div class=\"elementor-widget-wrap elementor-element-populated\">\n\t\t\t\t\t\t<div class=\"elementor-element elementor-element-96f336d elementor-widget elementor-widget-heading\" data-id=\"96f336d\" data-element_type=\"widget\" data-widget_type=\"heading.default\">\n\t\t\t\t<div class=\"elementor-widget-container\">\n\t\t\t<style>\/*! elementor - v3.21.0 - 26-05-2024 *\/\n.elementor-heading-title{padding:0;margin:0;line-height:1}.elementor-widget-heading .elementor-heading-title[class*=elementor-size-]>a{color:inherit;font-size:inherit;line-height:inherit}.elementor-widget-heading .elementor-heading-title.elementor-size-small{font-size:15px}.elementor-widget-heading .elementor-heading-title.elementor-size-medium{font-size:19px}.elementor-widget-heading .elementor-heading-title.elementor-size-large{font-size:29px}.elementor-widget-heading .elementor-heading-title.elementor-size-xl{font-size:39px}.elementor-widget-heading .elementor-heading-title.elementor-size-xxl{font-size:59px}<\/style><h2 class=\"elementor-heading-title elementor-size-default\">Estamos aqu\u00ed para ayudar<\/h2>\t\t<\/div>\n\t\t\t\t<\/div>\n\t\t\t\t<div class=\"elementor-element elementor-element-1a24295 elementor-widget elementor-widget-text-editor\" data-id=\"1a24295\" data-element_type=\"widget\" data-widget_type=\"text-editor.default\">\n\t\t\t\t<div class=\"elementor-widget-container\">\n\t\t\t<style>\/*! elementor - v3.21.0 - 26-05-2024 *\/\n.elementor-widget-text-editor.elementor-drop-cap-view-stacked .elementor-drop-cap{background-color:#69727d;color:#fff}.elementor-widget-text-editor.elementor-drop-cap-view-framed .elementor-drop-cap{color:#69727d;border:3px solid;background-color:transparent}.elementor-widget-text-editor:not(.elementor-drop-cap-view-default) .elementor-drop-cap{margin-top:8px}.elementor-widget-text-editor:not(.elementor-drop-cap-view-default) .elementor-drop-cap-letter{width:1em;height:1em}.elementor-widget-text-editor .elementor-drop-cap{float:left;text-align:center;line-height:1;font-size:50px}.elementor-widget-text-editor .elementor-drop-cap-letter{display:inline-block}<\/style>\t\t\t\t<p>Para obtener m\u00e1s informaci\u00f3n sobre el tema de vapear, por favor cont\u00e1ctenos por\u00a0<\/p><p>Correo electr\u00f3nico: elementvapede@gmail.com<\/p>\t\t\t\t\t\t<\/div>\n\t\t\t\t<\/div>\n\t\t\t\t\t<\/div>\n\t\t<\/div>\n\t\t\t\t\t<\/div>\n\t\t<\/div>\n\t\t\t\t<div class=\"elementor-section elementor-top-section elementor-element elementor-element-17cf6dc elementor-section-stretched elementor-section-boxed elementor-section-height-default elementor-section-height-default\" data-id=\"17cf6dc\" data-element_type=\"section\" data-settings=\"{&quot;stretch_section&quot;:&quot;section-stretched&quot;}\">\n\t\t\t\t\t\t<div class=\"elementor-container elementor-column-gap-no\">\n\t\t\t\t\t<div class=\"elementor-column elementor-col-50 elementor-top-column elementor-element elementor-element-af37e9c\" data-id=\"af37e9c\" data-element_type=\"column\">\n\t\t\t<div class=\"elementor-widget-wrap elementor-element-populated\">\n\t\t\t\t\t\t<div class=\"elementor-element elementor-element-9927083 elementor-widget elementor-widget-heading\" data-id=\"9927083\" data-element_type=\"widget\" data-widget_type=\"heading.default\">\n\t\t\t\t<div class=\"elementor-widget-container\">\n\t\t\t<h2 class=\"elementor-heading-title elementor-size-default\">cont\u00e1ctanos<\/h2>\t\t<\/div>\n\t\t\t\t<\/div>\n\t\t\t\t<div class=\"elementor-element elementor-element-34fdafb elementor-widget elementor-widget-shopic-contactform\" data-id=\"34fdafb\" data-element_type=\"widget\" data-widget_type=\"shopic-contactform.default\">\n\t\t\t\t<div class=\"elementor-widget-container\">\n\t\t\t\n<div class=\"wpcf7 no-js\" id=\"wpcf7-f6438-o1\" lang=\"en-US\" dir=\"ltr\">\n<div class=\"screen-reader-response\"><p role=\"status\" aria-live=\"polite\" aria-atomic=\"true\"><\/p> <ul><\/ul><\/div>\n<form action=\"\/es\/wp-json\/wp\/v2\/pages\/4868#wpcf7-f6438-o1\" method=\"post\" class=\"wpcf7-form init\" aria-label=\"Formulario de contacto\" novalidate=\"novalidate\" data-status=\"init\" data-trp-original-action=\"\/es\/wp-json\/wp\/v2\/pages\/4868#wpcf7-f6438-o1\">\n<div style=\"display: none;\">\n<input type=\"hidden\" name=\"_wpcf7\" value=\"6438\" \/>\n<input type=\"hidden\" name=\"_wpcf7_version\" value=\"5.9.8\" \/>\n<input type=\"hidden\" name=\"_wpcf7_locale\" value=\"en_US\" \/>\n<input type=\"hidden\" name=\"_wpcf7_unit_tag\" value=\"wpcf7-f6438-o1\" \/>\n<input type=\"hidden\" name=\"_wpcf7_container_post\" value=\"0\" \/>\n<input type=\"hidden\" name=\"_wpcf7_posted_data_hash\" value=\"\" \/>\n<\/div>\n<form>\n\t<div>\n\t\t<p><span class=\"wpcf7-form-control-wrap\" data-name=\"your-name\"><input size=\"40\" maxlength=\"400\" class=\"wpcf7-form-control wpcf7-text wpcf7-validates-as-required\" aria-required=\"true\" aria-invalid=\"false\" placeholder=\"Tu nombre*\" value=\"\" type=\"text\" name=\"your-name\" \/><\/span>\n\t\t<\/p>\n\t<\/div>\n\t<div>\n\t\t<p><span class=\"wpcf7-form-control-wrap\" data-name=\"your-email\"><input size=\"40\" maxlength=\"400\" class=\"wpcf7-form-control wpcf7-email wpcf7-validates-as-required wpcf7-text wpcf7-validates-as-email\" aria-required=\"true\" aria-invalid=\"false\" placeholder=\"Tu correo electr\u00f3nico*\" value=\"\" type=\"email\" name=\"your-email\" \/><\/span>\n\t\t<\/p>\n\t<\/div>\n\t<div>\n\t\t<p><span class=\"wpcf7-form-control-wrap\" data-name=\"textarea\"><textarea cols=\"40\" rows=\"10\" maxlength=\"2000\" class=\"wpcf7-form-control wpcf7-textarea\" aria-invalid=\"false\" placeholder=\"Mensaje\" name=\"textarea\"><\/textarea><\/span>\n\t\t<\/p>\n\t<\/div>\n\t<div>\n\t\t<p><input class=\"wpcf7-form-control wpcf7-submit has-spinner\" type=\"submit\" value=\"enviar mensaje\" \/>\n\t\t<\/p>\n\t<\/div>\n\t<form>\n\t<\/form>\n<\/form><div class=\"wpcf7-response-output\" aria-hidden=\"true\"><\/div>\n<input type=\"hidden\" name=\"trp-form-language\" value=\"es\"\/><\/form>\n<\/div>\n\t\t<\/div>\n\t\t\t\t<\/div>\n\t\t\t\t\t<\/div>\n\t\t<\/div>\n\t\t\t\t<div class=\"elementor-column elementor-col-50 elementor-top-column elementor-element elementor-element-f880ff0\" data-id=\"f880ff0\" data-element_type=\"column\">\n\t\t\t<div class=\"elementor-widget-wrap elementor-element-populated\">\n\t\t\t\t\t\t<div class=\"elementor-element elementor-element-551b4a2 elementor-widget elementor-widget-text-editor\" data-id=\"551b4a2\" data-element_type=\"widget\" data-widget_type=\"text-editor.default\">\n\t\t\t\t<div class=\"elementor-widget-container\">\n\t\t\t\t\t\t\t<p>Bienvenido a mi sitio web de cigarrillos electr\u00f3nicos. Si desea un cigarrillo electr\u00f3nico personalizado o tiene un pedido para uno, con gusto lo fabricaremos para usted.<\/p><p><br \/>Servicio completo OEM<br \/>Ventajas del servicio completo OEM:<br \/>\u00bfDesea comercializar su producto, pero no invertir todo su dinero en la adquisici\u00f3n de maquinaria, personal, etc.? \u00bfQuiere centrarse en ventas y marketing?<\/p><p>Podemos fabricar para usted cigarrillos electr\u00f3nicos de l\u00edquido o batido de 10 ml en diferentes tama\u00f1os (50 en 60 | 100 en 120).<\/p><p>Le ofrecemos la soluci\u00f3n perfecta.<\/p><p>Puede elegir su sabor favorito entre nuestros productos existentes. Por supuesto, lo etiquetamos y fabricamos para usted.<br \/>Junto con usted, desarrollamos productos y sabores completamente nuevos. Luego, completamos esta informaci\u00f3n para que cumpla con las leyes vigentes.<br \/>Todo lo que necesita es una empresa que pueda mezclar sus l\u00edquidos de ingredientes especiales, y podemos hacerlo por usted.<br \/>O si ya tiene su sabor en mente, busca un socio fuerte que no solo se encargue del llenado, sino tambi\u00e9n de la mezcla profesional, y que le asesore perfectamente sobre la situaci\u00f3n legal.<br \/>Con nosotros obtiene el servicio que necesita y desea, y nada m\u00e1s.<\/p><p>Si simplemente quiere saber c\u00f3mo implementamos algo as\u00ed, no dude en contactarnos. Definitivamente no es tan caro como piensa.<\/p><p>Valoramos mucho el servicio y la satisfacci\u00f3n del cliente. Despu\u00e9s de aclarar el primer paso por correo electr\u00f3nico o llamada telef\u00f3nica, concertamos una cita en su lugar y nos encargamos del resto para producir el producto de manera \u00f3ptima y flexible. Para ti.<\/p><p>Elementvape.de ODM soporta:<br \/>\u2665 Personalizaci\u00f3n del sabor<\/p><p>\u2665 Personalizaci\u00f3n de la apariencia<\/p><p>\u2665 Personalizaci\u00f3n de la fabricaci\u00f3n<\/p><p>\u2665 Ajuste de color<\/p><p>\u2665 Ajuste de paquete<\/p><p>\u2665 Ajuste de logotipo<\/p><p>m\u00e1s\u2026\u2026.<\/p><p>Puede consultar en l\u00ednea el servicio de atenci\u00f3n al cliente OEM\/ODM y otros cigarrillos electr\u00f3nicos de un solo uso OEM\/ODM.<\/p><p>\u00a1Responderemos a su correo electr\u00f3nico lo antes posible!<\/p>\t\t\t\t\t\t<\/div>\n\t\t\t\t<\/div>\n\t\t\t\t\t<\/div>\n\t\t<\/div>\n\t\t\t\t\t<\/div>\n\t\t<\/div>\n\t\t\t\t<\/div>","protected":false},"excerpt":{"rendered":"<p>Wir sind hier um zu helfen F\u00fcr weitere Informationen zum Thema Dampfen kontaktieren Sie uns bitte per\u00a0 E-Mail: elementvapede@gmail.com kontaktiere uns Willkommen auf meiner E-Zigaretten-Website. Wenn Sie eine individuelle E-Zigarette w\u00fcnschen oder eine Bestellung f\u00fcr eine individuelle E-Zigarette haben, fertigen wir diese gerne f\u00fcr Sie an. OEM-Full-ServiceVorteile des OEM-Full-Service:Sie m\u00f6chten Ihr Produkt vermarkten, aber nicht [&hellip;]<\/p>","protected":false},"author":1,"featured_media":0,"parent":0,"menu_order":0,"comment_status":"closed","ping_status":"closed","template":"elementor_header_footer","meta":{"inline_featured_image":false,"footnotes":""},"yoast_head":"<!-- This site is optimized with the Yoast SEO plugin v23.3 - https:\/\/yoast.com\/wordpress\/plugins\/seo\/ -->\n<title>Contact-ElementVapede<\/title>\n<meta name=\"description\" content=\"Das ElementVape.de-Team bietet Einblicke in internationale E-Zigarettenpolitik, mehr Vape-Wissen und hilfreiche Tipps. Kanal abonnieren.&quot;\" \/>\n<meta name=\"robots\" content=\"index, follow, max-snippet:-1, max-image-preview:large, max-video-preview:-1\" \/>\n<link rel=\"canonical\" href=\"https:\/\/www.elementvape.de\/es\/contact\/\" \/>\n<meta property=\"og:locale\" content=\"es_ES\" \/>\n<meta property=\"og:type\" content=\"article\" \/>\n<meta property=\"og:title\" content=\"Contact-ElementVapede\" \/>\n<meta property=\"og:description\" content=\"Das ElementVape.de-Team bietet Einblicke in internationale E-Zigarettenpolitik, mehr Vape-Wissen und hilfreiche Tipps. Kanal abonnieren.&quot;\" \/>\n<meta property=\"og:url\" content=\"https:\/\/www.elementvape.de\/es\/contact\/\" \/>\n<meta property=\"og:site_name\" content=\"ElementVape.de\" \/>\n<meta property=\"article:modified_time\" content=\"2025-12-11T03:34:22+00:00\" \/>\n<meta name=\"twitter:card\" content=\"summary_large_image\" \/>\n<meta name=\"twitter:label1\" content=\"Est. reading time\" \/>\n\t<meta name=\"twitter:data1\" content=\"2 minutos\" \/>\n<script type=\"application\/ld+json\" class=\"yoast-schema-graph\">{\"@context\":\"https:\/\/schema.org\",\"@graph\":[{\"@type\":\"WebPage\",\"@id\":\"https:\/\/www.elementvape.de\/contact\/\",\"url\":\"https:\/\/www.elementvape.de\/contact\/\",\"name\":\"Contact-ElementVapede\",\"isPartOf\":{\"@id\":\"https:\/\/www.elementvape.de\/#website\"},\"datePublished\":\"2020-09-28T09:34:53+00:00\",\"dateModified\":\"2025-12-11T03:34:22+00:00\",\"description\":\"Das ElementVape.de-Team bietet Einblicke in internationale E-Zigarettenpolitik, mehr Vape-Wissen und hilfreiche Tipps. Kanal abonnieren.\\\"\",\"breadcrumb\":{\"@id\":\"https:\/\/www.elementvape.de\/contact\/#breadcrumb\"},\"inLanguage\":\"es\",\"potentialAction\":[{\"@type\":\"ReadAction\",\"target\":[\"https:\/\/www.elementvape.de\/contact\/\"]}]},{\"@type\":\"BreadcrumbList\",\"@id\":\"https:\/\/www.elementvape.de\/contact\/#breadcrumb\",\"itemListElement\":[{\"@type\":\"ListItem\",\"position\":1,\"name\":\"Home\",\"item\":\"https:\/\/www.elementvape.de\/\"},{\"@type\":\"ListItem\",\"position\":2,\"name\":\"Contact\"}]},{\"@type\":\"WebSite\",\"@id\":\"https:\/\/www.elementvape.de\/#website\",\"url\":\"https:\/\/www.elementvape.de\/\",\"name\":\"ElementVape.de\",\"description\":\"\",\"publisher\":{\"@id\":\"https:\/\/www.elementvape.de\/#organization\"},\"potentialAction\":[{\"@type\":\"SearchAction\",\"target\":{\"@type\":\"EntryPoint\",\"urlTemplate\":\"https:\/\/www.elementvape.de\/?s={search_term_string}\"},\"query-input\":\"required name=search_term_string\"}],\"inLanguage\":\"es\"},{\"@type\":\"Organization\",\"@id\":\"https:\/\/www.elementvape.de\/#organization\",\"name\":\"ElementVape.DE\",\"url\":\"https:\/\/www.elementvape.de\/\",\"logo\":{\"@type\":\"ImageObject\",\"inLanguage\":\"es\",\"@id\":\"https:\/\/www.elementvape.de\/#\/schema\/logo\/image\/\",\"url\":\"https:\/\/www.elementvape.de\/wp-content\/uploads\/2024\/09\/cropped-1elementvape-3.png\",\"contentUrl\":\"https:\/\/www.elementvape.de\/wp-content\/uploads\/2024\/09\/cropped-1elementvape-3.png\",\"width\":285,\"height\":228,\"caption\":\"ElementVape.DE\"},\"image\":{\"@id\":\"https:\/\/www.elementvape.de\/#\/schema\/logo\/image\/\"}}]}<\/script>\n<!-- \/ Yoast SEO plugin. -->","yoast_head_json":{"title":"Contact-ElementVapede","description":"Das ElementVape.de-Team bietet Einblicke in internationale E-Zigarettenpolitik, mehr Vape-Wissen und hilfreiche Tipps. Kanal abonnieren.\"","robots":{"index":"index","follow":"follow","max-snippet":"max-snippet:-1","max-image-preview":"max-image-preview:large","max-video-preview":"max-video-preview:-1"},"canonical":"https:\/\/www.elementvape.de\/es\/contact\/","og_locale":"es_ES","og_type":"article","og_title":"Contact-ElementVapede","og_description":"Das ElementVape.de-Team bietet Einblicke in internationale E-Zigarettenpolitik, mehr Vape-Wissen und hilfreiche Tipps. Kanal abonnieren.\"","og_url":"https:\/\/www.elementvape.de\/es\/contact\/","og_site_name":"ElementVape.de","article_modified_time":"2025-12-11T03:34:22+00:00","twitter_card":"summary_large_image","twitter_misc":{"Est. reading time":"2 minutos"},"schema":{"@context":"https:\/\/schema.org","@graph":[{"@type":"WebPage","@id":"https:\/\/www.elementvape.de\/contact\/","url":"https:\/\/www.elementvape.de\/contact\/","name":"Contact-ElementVapede","isPartOf":{"@id":"https:\/\/www.elementvape.de\/#website"},"datePublished":"2020-09-28T09:34:53+00:00","dateModified":"2025-12-11T03:34:22+00:00","description":"Das ElementVape.de-Team bietet Einblicke in internationale E-Zigarettenpolitik, mehr Vape-Wissen und hilfreiche Tipps. Kanal abonnieren.\"","breadcrumb":{"@id":"https:\/\/www.elementvape.de\/contact\/#breadcrumb"},"inLanguage":"es","potentialAction":[{"@type":"ReadAction","target":["https:\/\/www.elementvape.de\/contact\/"]}]},{"@type":"BreadcrumbList","@id":"https:\/\/www.elementvape.de\/contact\/#breadcrumb","itemListElement":[{"@type":"ListItem","position":1,"name":"Home","item":"https:\/\/www.elementvape.de\/"},{"@type":"ListItem","position":2,"name":"Contact"}]},{"@type":"WebSite","@id":"https:\/\/www.elementvape.de\/#website","url":"https:\/\/www.elementvape.de\/","name":"ElementVape.de","description":"","publisher":{"@id":"https:\/\/www.elementvape.de\/#organization"},"potentialAction":[{"@type":"SearchAction","target":{"@type":"EntryPoint","urlTemplate":"https:\/\/www.elementvape.de\/?s={search_term_string}"},"query-input":"required name=search_term_string"}],"inLanguage":"es"},{"@type":"Organization","@id":"https:\/\/www.elementvape.de\/#organization","name":"ElementVape.DE","url":"https:\/\/www.elementvape.de\/","logo":{"@type":"ImageObject","inLanguage":"es","@id":"https:\/\/www.elementvape.de\/#\/schema\/logo\/image\/","url":"https:\/\/www.elementvape.de\/wp-content\/uploads\/2024\/09\/cropped-1elementvape-3.png","contentUrl":"https:\/\/www.elementvape.de\/wp-content\/uploads\/2024\/09\/cropped-1elementvape-3.png","width":285,"height":228,"caption":"ElementVape.DE"},"image":{"@id":"https:\/\/www.elementvape.de\/#\/schema\/logo\/image\/"}}]}},"_links":{"self":[{"href":"https:\/\/www.elementvape.de\/es\/wp-json\/wp\/v2\/pages\/4868"}],"collection":[{"href":"https:\/\/www.elementvape.de\/es\/wp-json\/wp\/v2\/pages"}],"about":[{"href":"https:\/\/www.elementvape.de\/es\/wp-json\/wp\/v2\/types\/page"}],"author":[{"embeddable":true,"href":"https:\/\/www.elementvape.de\/es\/wp-json\/wp\/v2\/users\/1"}],"replies":[{"embeddable":true,"href":"https:\/\/www.elementvape.de\/es\/wp-json\/wp\/v2\/comments?post=4868"}],"version-history":[{"count":18,"href":"https:\/\/www.elementvape.de\/es\/wp-json\/wp\/v2\/pages\/4868\/revisions"}],"predecessor-version":[{"id":16678,"href":"https:\/\/www.elementvape.de\/es\/wp-json\/wp\/v2\/pages\/4868\/revisions\/16678"}],"wp:attachment":[{"href":"https:\/\/www.elementvape.de\/es\/wp-json\/wp\/v2\/media?parent=4868"}],"curies":[{"name":"wp","href":"https:\/\/api.w.org\/{rel}","templated":true}]}}