{"id":3,"date":"2024-04-18T07:42:08","date_gmt":"2024-04-18T07:42:08","guid":{"rendered":"http:\/\/elementvape.de\/?page_id=3"},"modified":"2025-12-11T06:57:14","modified_gmt":"2025-12-11T06:57:14","slug":"privacy-policy","status":"publish","type":"page","link":"https:\/\/www.elementvape.de\/es\/privacy-policy\/","title":{"rendered":"Pol\u00edtica de privacidad"},"content":{"rendered":"<p>Esta pol\u00edtica de privacidad explica c\u00f3mo se recopilan, utilizan y comparten sus datos personales cuando usted <strong>Elementvape<\/strong> (en adelante, el \u00abSitio web\u00bb) visita o realiza una compra en \u00e9l.<\/p>\n\n\n\n<h2 class=\"wp-block-heading\">1. Qu\u00e9 datos personales recopilamos<\/h2>\n\n\n\n<p>Cuando visita el Sitio web, recopilamos autom\u00e1ticamente cierta informaci\u00f3n sobre su dispositivo, incluyendo informaci\u00f3n sobre su navegador web, su direcci\u00f3n IP, su zona horaria, as\u00ed como algunas de las cookies instaladas en su dispositivo.<\/p>\n\n\n\n<p>Adem\u00e1s, al navegar por el Sitio web, recopilamos informaci\u00f3n sobre qu\u00e9 p\u00e1ginas o productos espec\u00edficos mira, a trav\u00e9s de qu\u00e9 sitios web o t\u00e9rminos de b\u00fasqueda lleg\u00f3 a nuestro Sitio web y c\u00f3mo interact\u00faa con \u00e9l. Esta informaci\u00f3n recopilada autom\u00e1ticamente la denominamos <strong>\u00abInformaci\u00f3n del dispositivo\u00bb<\/strong>.<\/p>\n\n\n\n<h3 class=\"wp-block-heading\">1.1 Tecnolog\u00edas para la recopilaci\u00f3n de datos<\/h3>\n\n\n\n<p>Recopilamos informaci\u00f3n del dispositivo mediante las siguientes tecnolog\u00edas:<\/p>\n\n\n\n<ul>\n<li><strong>Cookies:<\/strong> Son archivos de datos que se almacenan en su dispositivo o computadora y generalmente contienen un identificador an\u00f3nimo y \u00fanico. Obtenga m\u00e1s informaci\u00f3n sobre las cookies y c\u00f3mo desactivarlas.<\/li>\n\n\n\n<li><strong>Archivos de registro (logs):<\/strong> Estos registran acciones en el Sitio web y recopilan datos como su direcci\u00f3n IP, tipo de navegador, proveedor de servicios de Internet, p\u00e1ginas de referencia y salida, as\u00ed como marcas de fecha y hora.<\/li>\n\n\n\n<li><strong>Balizas web, etiquetas y p\u00edxeles:<\/strong> Son archivos electr\u00f3nicos utilizados para registrar informaci\u00f3n sobre c\u00f3mo navega en el Sitio web.<\/li>\n<\/ul>\n\n\n\n<h3 class=\"wp-block-heading\">1.2 Informaci\u00f3n de pedidos<\/h3>\n\n\n\n<p>Si realiza una compra o intenta realizar una compra a trav\u00e9s del Sitio web, tambi\u00e9n recopilamos cierta informaci\u00f3n de usted. Esto incluye:<\/p>\n\n\n\n<ul>\n<li>Nombre<\/li>\n\n\n\n<li>Direcci\u00f3n de facturaci\u00f3n<\/li>\n\n\n\n<li>Direcci\u00f3n de env\u00edo<\/li>\n\n\n\n<li>Informaci\u00f3n de pago (incluyendo n\u00fameros de tarjetas de cr\u00e9dito)<\/li>\n\n\n\n<li>Direcci\u00f3n de correo electr\u00f3nico<\/li>\n\n\n\n<li>N\u00famero de tel\u00e9fono<\/li>\n<\/ul>\n\n\n\n<p>A estas informaciones las denominamos <strong>\u201eInformaci\u00f3n de pedido\u201c<\/strong>. En la medida en que en esta pol\u00edtica de privacidad hablamos de \u201edatos personales\u201c, nos referimos tanto a informaci\u00f3n de dispositivos como a informaci\u00f3n de pedidos.<\/p>\n\n\n\n<h2 class=\"wp-block-heading\">2. C\u00f3mo usamos sus datos personales<\/h2>\n\n\n\n<p>Usamos la <strong>informaci\u00f3n de pedidos<\/strong> que recopilamos, en general, para realizar los pedidos realizados a trav\u00e9s del sitio web (incluyendo el procesamiento de su informaci\u00f3n de pago, la organizaci\u00f3n del env\u00edo y la provisi\u00f3n de facturas y\/o confirmaciones de pedido).<\/p>\n\n\n\n<p>Adem\u00e1s, usamos esta informaci\u00f3n de pedidos para:<\/p>\n\n\n\n<ul>\n<li>comunicarnos con usted;<\/li>\n\n\n\n<li>verificar nuestros pedidos en busca de riesgos potenciales o fraude; y<\/li>\n\n\n\n<li>enviarle, si coincide con sus preferencias comunicadas, informaci\u00f3n o publicidad sobre nuestros productos o servicios.<\/li>\n<\/ul>\n\n\n\n<p>La <strong>informaci\u00f3n de dispositivos<\/strong> que recopilamos, la usamos para detectar riesgos potenciales y casos de fraude (en particular, su direcci\u00f3n IP) y, en general, para mejorar y optimizar nuestro sitio web (por ejemplo, mediante la creaci\u00f3n de an\u00e1lisis sobre c\u00f3mo navegan e interact\u00faan nuestros clientes en el sitio web, as\u00ed como para evaluar el \u00e9xito de nuestras campa\u00f1as de marketing y publicidad).<\/p>\n\n\n\n<h2 class=\"wp-block-heading\">3. Compartir sus datos personales<\/h2>\n\n\n\n<p>Compartimos sus datos personales con terceros que nos apoyan en el uso de sus datos como se describe arriba.<\/p>\n\n\n\n<ul>\n<li><strong>Proveedores de servicios:<\/strong> Utilizamos proveedores externos para alojamiento, env\u00edo y procesamiento de pagos.<\/li>\n\n\n\n<li><strong>Herramientas de an\u00e1lisis:<\/strong> Utilizamos <strong>Google Analytics<\/strong>, para entender c\u00f3mo utilizan nuestros clientes el sitio web.<\/li>\n<\/ul>\n\n\n\n<p>Finalmente, tambi\u00e9n podemos compartir sus datos personales para cumplir con leyes y regulaciones aplicables, responder a citaciones, \u00f3rdenes de registro u otras solicitudes legales de informaci\u00f3n que recibamos, o para proteger nuestros derechos de otra manera.<\/p>\n\n\n\n<h2 class=\"wp-block-heading\">4. \u00bfC\u00f3mo protegemos sus datos?<\/h2>\n\n\n\n<p>Sus datos personales se almacenan en redes seguras y solo son accesibles a un n\u00famero limitado de personas que disponen de derechos de acceso especiales a dichos sistemas y est\u00e1n obligadas a mantener la confidencialidad.<\/p>\n\n\n\n<p>Adem\u00e1s, toda la informaci\u00f3n sensible o de tarjeta de cr\u00e9dito que usted proporcione se transmite mediante <strong>Tecnolog\u00eda Secure Socket Layer (SSL\/TLS)<\/strong> de forma cifrada.<\/p>\n\n\n\n<p>Implementamos una variedad de medidas de seguridad cuando realiza un pedido, ingresa, transmite o accede a sus datos para garantizar la seguridad de sus datos personales. Todas las transacciones se gestionan a trav\u00e9s de un proveedor de pasarela y no se almacenan ni procesan en nuestros propios servidores.<\/p>\n\n\n\n<h2 class=\"wp-block-heading\">5. Publicidad basada en comportamiento y No rastrear<\/h2>\n\n\n\n<p>Como se describe arriba, utilizamos sus datos personales para enviarle publicidad dirigida o comunicaciones de marketing que creemos que podr\u00edan ser de su inter\u00e9s.<\/p>\n\n\n\n<p><strong>No rastrear (Do Not Track)<\/strong> Tenga en cuenta que no modificamos las pr\u00e1cticas de recopilaci\u00f3n y uso de datos de nuestro sitio web cuando recibimos una se\u00f1al de 'No rastrear' de su navegador.<\/p>\n\n\n\n<h2 class=\"wp-block-heading\">6. Sus derechos (Para residentes de Europa)<\/h2>\n\n\n\n<p>Si reside en Europa, tiene derecho a acceder a los datos personales que hemos almacenado sobre usted y a solicitar la correcci\u00f3n, actualizaci\u00f3n o eliminaci\u00f3n de estos datos. Si desea ejercer este derecho, cont\u00e1ctenos a trav\u00e9s de la informaci\u00f3n de contacto que aparece a continuaci\u00f3n.<\/p>\n\n\n\n<p>Aviso adicional para residentes de Europa: Procesamos sus datos para cumplir con contratos que podamos tener con usted (por ejemplo, si realiza un pedido a trav\u00e9s del sitio web) o para perseguir nuestros intereses comerciales leg\u00edtimos mencionados anteriormente. Adem\u00e1s, tenga en cuenta que sus datos pueden transferirse fuera de Europa, incluyendo a Canad\u00e1 y a Estados Unidos.<\/p>\n\n\n\n<h2 class=\"wp-block-heading\">7. Conservaci\u00f3n de datos<\/h2>\n\n\n\n<p>Si realiza un pedido a trav\u00e9s del sitio web, conservaremos la informaci\u00f3n de su pedido en nuestros registros, a menos que nos solicite que eliminemos esta informaci\u00f3n.<\/p>\n\n\n\n<h2 class=\"wp-block-heading\">8. Menores de edad<\/h2>\n\n\n\n<p>El sitio web no est\u00e1 destinado a personas menores de 18 a\u00f1os. No recopilamos conscientemente datos personales de ni\u00f1os o adolescentes.<\/p>\n\n\n\n<h2 class=\"wp-block-heading\">9. Cambios<\/h2>\n\n\n\n<p>Podemos actualizar esta pol\u00edtica de privacidad ocasionalmente para reflejar cambios en nuestras pr\u00e1cticas u otras razones operativas, legales o regulatorias.<\/p>","protected":false},"excerpt":{"rendered":"<p>Diese Datenschutzerkl\u00e4rung erl\u00e4utert, wie Ihre personenbezogenen Daten erhoben, verwendet und weitergegeben werden, wenn Sie Elementvape (nachfolgend die \u201eWebsite\u201c) besuchen oder dort einen Einkauf t\u00e4tigen. 1. Welche personenbezogenen Daten wir erheben Wenn Sie die Website besuchen, erfassen wir automatisch bestimmte Informationen \u00fcber Ihr Ger\u00e4t, darunter Informationen zu Ihrem Webbrowser, Ihrer IP-Adresse, Ihrer Zeitzone sowie einigen der [&hellip;]<\/p>","protected":false},"author":1,"featured_media":0,"parent":0,"menu_order":0,"comment_status":"closed","ping_status":"open","template":"","meta":{"inline_featured_image":false,"footnotes":""},"yoast_head":"<!-- This site is optimized with the Yoast SEO plugin v23.3 - https:\/\/yoast.com\/wordpress\/plugins\/seo\/ -->\n<title>Datenschutzrichtlinie<\/title>\n<meta name=\"description\" content=\"Unsere Datenschutzrichtlinie erkl\u00e4rt, wie wir Ihre Daten erfassen, nutzen und sch\u00fctzen, wenn Sie unsere Website besuchen oder einkaufen.\" \/>\n<meta name=\"robots\" content=\"index, follow, max-snippet:-1, max-image-preview:large, max-video-preview:-1\" \/>\n<link rel=\"canonical\" href=\"https:\/\/www.elementvape.de\/es\/privacy-policy\/\" \/>\n<meta property=\"og:locale\" content=\"es_ES\" \/>\n<meta property=\"og:type\" content=\"article\" \/>\n<meta property=\"og:title\" content=\"Datenschutzrichtlinie\" \/>\n<meta property=\"og:description\" content=\"Unsere Datenschutzrichtlinie erkl\u00e4rt, wie wir Ihre Daten erfassen, nutzen und sch\u00fctzen, wenn Sie unsere Website besuchen oder einkaufen.\" \/>\n<meta property=\"og:url\" content=\"https:\/\/www.elementvape.de\/es\/privacy-policy\/\" \/>\n<meta property=\"og:site_name\" content=\"ElementVape.de\" \/>\n<meta property=\"article:modified_time\" content=\"2025-12-11T06:57:14+00:00\" \/>\n<meta name=\"twitter:card\" content=\"summary_large_image\" \/>\n<meta name=\"twitter:label1\" content=\"Est. reading time\" \/>\n\t<meta name=\"twitter:data1\" content=\"5 minutos\" \/>\n<script type=\"application\/ld+json\" class=\"yoast-schema-graph\">{\"@context\":\"https:\/\/schema.org\",\"@graph\":[{\"@type\":\"WebPage\",\"@id\":\"https:\/\/www.elementvape.de\/privacy-policy\/\",\"url\":\"https:\/\/www.elementvape.de\/privacy-policy\/\",\"name\":\"Datenschutzrichtlinie\",\"isPartOf\":{\"@id\":\"https:\/\/www.elementvape.de\/#website\"},\"datePublished\":\"2024-04-18T07:42:08+00:00\",\"dateModified\":\"2025-12-11T06:57:14+00:00\",\"description\":\"Unsere Datenschutzrichtlinie erkl\u00e4rt, wie wir Ihre Daten erfassen, nutzen und sch\u00fctzen, wenn Sie unsere Website besuchen oder einkaufen.\",\"breadcrumb\":{\"@id\":\"https:\/\/www.elementvape.de\/privacy-policy\/#breadcrumb\"},\"inLanguage\":\"es\",\"potentialAction\":[{\"@type\":\"ReadAction\",\"target\":[\"https:\/\/www.elementvape.de\/privacy-policy\/\"]}]},{\"@type\":\"BreadcrumbList\",\"@id\":\"https:\/\/www.elementvape.de\/privacy-policy\/#breadcrumb\",\"itemListElement\":[{\"@type\":\"ListItem\",\"position\":1,\"name\":\"Home\",\"item\":\"https:\/\/www.elementvape.de\/\"},{\"@type\":\"ListItem\",\"position\":2,\"name\":\"Datenschutzrichtlinie\"}]},{\"@type\":\"WebSite\",\"@id\":\"https:\/\/www.elementvape.de\/#website\",\"url\":\"https:\/\/www.elementvape.de\/\",\"name\":\"ElementVape.de\",\"description\":\"\",\"publisher\":{\"@id\":\"https:\/\/www.elementvape.de\/#organization\"},\"potentialAction\":[{\"@type\":\"SearchAction\",\"target\":{\"@type\":\"EntryPoint\",\"urlTemplate\":\"https:\/\/www.elementvape.de\/?s={search_term_string}\"},\"query-input\":\"required name=search_term_string\"}],\"inLanguage\":\"es\"},{\"@type\":\"Organization\",\"@id\":\"https:\/\/www.elementvape.de\/#organization\",\"name\":\"ElementVape.DE\",\"url\":\"https:\/\/www.elementvape.de\/\",\"logo\":{\"@type\":\"ImageObject\",\"inLanguage\":\"es\",\"@id\":\"https:\/\/www.elementvape.de\/#\/schema\/logo\/image\/\",\"url\":\"https:\/\/www.elementvape.de\/wp-content\/uploads\/2024\/09\/cropped-1elementvape-3.png\",\"contentUrl\":\"https:\/\/www.elementvape.de\/wp-content\/uploads\/2024\/09\/cropped-1elementvape-3.png\",\"width\":285,\"height\":228,\"caption\":\"ElementVape.DE\"},\"image\":{\"@id\":\"https:\/\/www.elementvape.de\/#\/schema\/logo\/image\/\"}}]}<\/script>\n<!-- \/ Yoast SEO plugin. -->","yoast_head_json":{"title":"Datenschutzrichtlinie","description":"Unsere Datenschutzrichtlinie erkl\u00e4rt, wie wir Ihre Daten erfassen, nutzen und sch\u00fctzen, wenn Sie unsere Website besuchen oder einkaufen.","robots":{"index":"index","follow":"follow","max-snippet":"max-snippet:-1","max-image-preview":"max-image-preview:large","max-video-preview":"max-video-preview:-1"},"canonical":"https:\/\/www.elementvape.de\/es\/privacy-policy\/","og_locale":"es_ES","og_type":"article","og_title":"Datenschutzrichtlinie","og_description":"Unsere Datenschutzrichtlinie erkl\u00e4rt, wie wir Ihre Daten erfassen, nutzen und sch\u00fctzen, wenn Sie unsere Website besuchen oder einkaufen.","og_url":"https:\/\/www.elementvape.de\/es\/privacy-policy\/","og_site_name":"ElementVape.de","article_modified_time":"2025-12-11T06:57:14+00:00","twitter_card":"summary_large_image","twitter_misc":{"Est. reading time":"5 minutos"},"schema":{"@context":"https:\/\/schema.org","@graph":[{"@type":"WebPage","@id":"https:\/\/www.elementvape.de\/privacy-policy\/","url":"https:\/\/www.elementvape.de\/privacy-policy\/","name":"Datenschutzrichtlinie","isPartOf":{"@id":"https:\/\/www.elementvape.de\/#website"},"datePublished":"2024-04-18T07:42:08+00:00","dateModified":"2025-12-11T06:57:14+00:00","description":"Unsere Datenschutzrichtlinie erkl\u00e4rt, wie wir Ihre Daten erfassen, nutzen und sch\u00fctzen, wenn Sie unsere Website besuchen oder einkaufen.","breadcrumb":{"@id":"https:\/\/www.elementvape.de\/privacy-policy\/#breadcrumb"},"inLanguage":"es","potentialAction":[{"@type":"ReadAction","target":["https:\/\/www.elementvape.de\/privacy-policy\/"]}]},{"@type":"BreadcrumbList","@id":"https:\/\/www.elementvape.de\/privacy-policy\/#breadcrumb","itemListElement":[{"@type":"ListItem","position":1,"name":"Home","item":"https:\/\/www.elementvape.de\/"},{"@type":"ListItem","position":2,"name":"Datenschutzrichtlinie"}]},{"@type":"WebSite","@id":"https:\/\/www.elementvape.de\/#website","url":"https:\/\/www.elementvape.de\/","name":"ElementVape.de","description":"","publisher":{"@id":"https:\/\/www.elementvape.de\/#organization"},"potentialAction":[{"@type":"SearchAction","target":{"@type":"EntryPoint","urlTemplate":"https:\/\/www.elementvape.de\/?s={search_term_string}"},"query-input":"required name=search_term_string"}],"inLanguage":"es"},{"@type":"Organization","@id":"https:\/\/www.elementvape.de\/#organization","name":"ElementVape.DE","url":"https:\/\/www.elementvape.de\/","logo":{"@type":"ImageObject","inLanguage":"es","@id":"https:\/\/www.elementvape.de\/#\/schema\/logo\/image\/","url":"https:\/\/www.elementvape.de\/wp-content\/uploads\/2024\/09\/cropped-1elementvape-3.png","contentUrl":"https:\/\/www.elementvape.de\/wp-content\/uploads\/2024\/09\/cropped-1elementvape-3.png","width":285,"height":228,"caption":"ElementVape.DE"},"image":{"@id":"https:\/\/www.elementvape.de\/#\/schema\/logo\/image\/"}}]}},"_links":{"self":[{"href":"https:\/\/www.elementvape.de\/es\/wp-json\/wp\/v2\/pages\/3"}],"collection":[{"href":"https:\/\/www.elementvape.de\/es\/wp-json\/wp\/v2\/pages"}],"about":[{"href":"https:\/\/www.elementvape.de\/es\/wp-json\/wp\/v2\/types\/page"}],"author":[{"embeddable":true,"href":"https:\/\/www.elementvape.de\/es\/wp-json\/wp\/v2\/users\/1"}],"replies":[{"embeddable":true,"href":"https:\/\/www.elementvape.de\/es\/wp-json\/wp\/v2\/comments?post=3"}],"version-history":[{"count":3,"href":"https:\/\/www.elementvape.de\/es\/wp-json\/wp\/v2\/pages\/3\/revisions"}],"predecessor-version":[{"id":16681,"href":"https:\/\/www.elementvape.de\/es\/wp-json\/wp\/v2\/pages\/3\/revisions\/16681"}],"wp:attachment":[{"href":"https:\/\/www.elementvape.de\/es\/wp-json\/wp\/v2\/media?parent=3"}],"curies":[{"name":"wp","href":"https:\/\/api.w.org\/{rel}","templated":true}]}}