{"id":8814,"date":"2024-04-20T08:23:25","date_gmt":"2024-04-20T08:23:25","guid":{"rendered":"https:\/\/www.elementvape.de\/?post_type=product&#038;p=8814"},"modified":"2024-09-12T10:31:51","modified_gmt":"2024-09-12T10:31:51","slug":"vapor-storm-ares-pod-system-vape-12w-nachfuell-starterkit","status":"publish","type":"product","link":"https:\/\/www.elementvape.de\/en\/produkt\/vapor-storm-ares-pod-system-vape-12w-nachfuell-starterkit\/","title":{"rendered":"Vapor Storm Ares Pod System Vape 12W Refillable Starter Kit"},"content":{"rendered":"<p>&nbsp;<\/p>\n<div class=\"product-specs-list-container\">\n<ul class=\"product-specs-list util-clearfix\">\n<li class=\"product-prop line-limit-length\"><span class=\"property-title\">Appearance:\u00a0<\/span><span class=\"property-desc line-limit-length\">Cylindrical Shape<\/span><\/li>\n<li class=\"product-prop line-limit-length\"><span class=\"property-title\">Compatible Battery:\u00a0<\/span><span class=\"property-desc line-limit-length\">No<\/span><\/li>\n<li class=\"product-prop line-limit-length\"><span class=\"property-title\">Monitoring Function of Smoke Count:\u00a0<\/span><span class=\"property-desc line-limit-length\">No<\/span><\/li>\n<li class=\"product-prop line-limit-length\"><span class=\"property-title\">Silicone Case:\u00a0<\/span><span class=\"property-desc line-limit-length\">No<\/span><\/li>\n<li class=\"product-prop line-limit-length\"><span class=\"property-title\">Temperature Control:\u00a0<\/span><span class=\"property-desc line-limit-length\">No<\/span><\/li>\n<li class=\"product-prop line-limit-length\"><span class=\"property-title\">Built-in or External Battery:\u00a0<\/span><span class=\"property-desc line-limit-length\">Built-in<\/span><\/li>\n<li class=\"product-prop line-limit-length\"><span class=\"property-title\">Short Circuit Protection Function:\u00a0<\/span><span class=\"property-desc line-limit-length\">Ja<\/span><\/li>\n<li class=\"product-prop line-limit-length\"><span class=\"property-title\">Overheating Protection Function:\u00a0<\/span><span class=\"property-desc line-limit-length\">Ja<\/span><\/li>\n<li class=\"product-prop line-limit-length\"><span class=\"property-title\">Low Voltage Alarm Function:\u00a0<\/span><span class=\"property-desc line-limit-length\">Ja<\/span><\/li>\n<li class=\"product-prop line-limit-length\"><span class=\"property-title\">Atomizer Identification Function:\u00a0<\/span><span class=\"property-desc line-limit-length\">No<\/span><\/li>\n<li class=\"product-prop line-limit-length\"><span class=\"property-title\">TCR Setting Modes:\u00a0<\/span><span class=\"property-desc line-limit-length\">No<\/span><\/li>\n<li class=\"product-prop line-limit-length\"><span class=\"property-title\">Nominal Capacity:\u00a0<\/span><span class=\"property-desc line-limit-length\">&lt;700 mAh<\/span><\/li>\n<li class=\"product-prop line-limit-length\"><span class=\"property-title\">Silicone Case: No\u00a0<\/span><span class=\"property-desc line-limit-length\">Metal<\/span><\/li>\n<li class=\"product-prop line-limit-length\"><span class=\"property-title\">Temperature Control: No\u00a0<\/span><span class=\"property-desc line-limit-length\">Ares Pod Cartridge<\/span><\/li>\n<li class=\"product-prop line-limit-length\"><span class=\"property-title\">Model Number:\u00a0<\/span><span class=\"property-desc line-limit-length\">Ares Pod Vape<\/span><\/li>\n<li class=\"product-prop line-limit-length\"><span class=\"property-title\">Usb charger:\u00a0<\/span><span class=\"property-desc line-limit-length\">Ja<\/span><\/li>\n<li class=\"product-prop line-limit-length\"><span class=\"property-title\">Firmware upgrade:\u00a0<\/span><span class=\"property-desc line-limit-length\">No<\/span><\/li>\n<li class=\"product-prop line-limit-length\"><span class=\"property-title\">Overheating Protection Function: Yes\u00a0<\/span><span class=\"property-desc line-limit-length\">No<\/span><\/li>\n<li class=\"product-prop line-limit-length\"><span class=\"property-title\">Type:\u00a0<\/span><span class=\"property-desc line-limit-length\">With battery<\/span><\/li>\n<li class=\"product-prop line-limit-length\"><span class=\"property-title\">Brand name:\u00a0<\/span><span class=\"property-desc line-limit-length\">vapor storm<\/span><\/li>\n<li class=\"product-prop line-limit-length\"><span class=\"property-title\">Origin:\u00a0<\/span><span class=\"property-desc line-limit-length\">CN (Origin)<\/span><\/li>\n<li class=\"product-prop line-limit-length\"><span class=\"property-title\">Color:\u00a0<\/span><span class=\"property-desc line-limit-length\">Black, Red, Blue, Golden, Grey<\/span><\/li>\n<li class=\"product-prop line-limit-length\"><span class=\"property-title\">Cartridge Capacity:\u00a0<\/span><span class=\"property-desc line-limit-length\">1.6ml<\/span><\/li>\n<li class=\"product-prop line-limit-length\"><span class=\"property-title\">Battery Capacity:\u00a0<\/span><span class=\"property-desc line-limit-length\">560mah<\/span><\/li>\n<li class=\"product-prop line-limit-length\"><span class=\"property-title\">Maximum Wattage:\u00a0<\/span><span class=\"property-desc line-limit-length\">12W<\/span><\/li>\n<li class=\"product-prop line-limit-length\"><span class=\"property-title\">Pod Size:\u00a0<\/span><span class=\"property-desc line-limit-length\">92x16mm (Length x Diameter)<\/span><\/li>\n<li class=\"product-prop line-limit-length\"><span class=\"property-title\">Net Weight:\u00a0<\/span><span class=\"property-desc line-limit-length\">25g<\/span><\/li>\n<li class=\"product-prop line-limit-length\"><span class=\"property-title\">Coil Resistance:\u00a0<\/span><span class=\"property-desc line-limit-length\">1.2 ohm<\/span><\/li>\n<li class=\"product-prop line-limit-length\"><span class=\"property-title\">Charging time:\u00a0<\/span><span class=\"property-desc line-limit-length\">60-80 minutes<\/span><\/li>\n<li class=\"product-prop line-limit-length\"><span class=\"property-title\">Pod Connect:\u00a0<\/span><span class=\"property-desc line-limit-length\">Magnet attraction<\/span><\/li>\n<\/ul>\n<\/div>\n<div class=\"detailmodule_html\">\n<div class=\"detail-desc-decorate-richtext\">\n<div class=\"detailmodule_text-image\">\n<p id=\"tl_1\" class=\"detail-desc-decorate-title\" style=\"font-family: OpenSans; font-size: 20px; font-weight: 900; line-height: 28px; margin-bottom: 12px;\">Buy more Ares pod cartridges<\/p>\n<div><a class=\"\" href=\"https:\/\/www.aliexpress.com\/item\/4000271191663.html\" target=\"_self\" rel=\"noopener\"><img decoding=\"async\" loading=\"lazy\" class=\"detail-desc-decorate-image\" style=\"margin-bottom: 10px;\" src=\"https:\/\/ae01.alicdn.com\/kf\/Hb1e74d825930418fa0acb47e47e111caQ.jpg\" \/><\/a><\/div>\n<\/div>\n<div class=\"detailmodule_text\">\n<p id=\"tl_2\" class=\"detail-desc-decorate-content\" style=\"font-family: OpenSans; font-size: 14px; font-weight: 300; line-height: 20px; margin-bottom: 12px;\">The new vapor tower is a Pod Vape Pen 12W electronic cigarette 560mAh 1.6 ml Mesh Coil Cartridge refillable pod system starter kit<\/p>\n<\/div>\n<div class=\"detailmodule_text\">\n<p id=\"tl_3\" class=\"detail-desc-decorate-title\" style=\"font-family: OpenSans; font-size: 20px; font-weight: 900; line-height: 28px; margin-bottom: 12px;\">Ares specification:<\/p>\n<p id=\"tl_4\" class=\"detail-desc-decorate-content\" style=\"font-family: OpenSans; font-size: 14px; font-weight: 300; line-height: 20px; margin-bottom: 12px;\">Material: Aluminum alloy + PCTG<br \/>\nCartridge capacity: 1.6 ml<br \/>\nBattery capacity: 560mah<br \/>\nCharging time: 60-80 minutes<br \/>\nCoil resistance: 1.2 Ohm<br \/>\nCoil style: Mesh coil<br \/>\nVoltage range: 3.2V-4.0V<br \/>\nMaximum wattage: 12w<br \/>\nSize: 92x16mm<br \/>\nNet weight: 25g<br \/>\nConnect: Magnet Attraction<\/p>\n<\/div>\n<div class=\"detailmodule_text\">\n<p id=\"tl_5\" class=\"detail-desc-decorate-title\" style=\"font-family: OpenSans; font-size: 20px; font-weight: 900; line-height: 28px; margin-bottom: 12px;\">Ares kit package:<\/p>\n<p id=\"tl_6\" class=\"detail-desc-decorate-content\" style=\"font-family: OpenSans; font-size: 14px; font-weight: 300; line-height: 20px; margin-bottom: 12px;\">1 * ares pod system battery<br \/>\n2 * ares pod Cartridge<br \/>\n1 * Charging cable<br \/>\n1 * User Manual<br \/>\n1 * Lanyard<\/p>\n<\/div>\n<div class=\"detailmodule_text-image\"><img decoding=\"async\" loading=\"lazy\" class=\"detail-desc-decorate-image\" src=\"https:\/\/ae01.alicdn.com\/kf\/H7fdcbef377464b6392a6f94a5da5e6d9E.jpg\" \/><br \/>\n<img decoding=\"async\" loading=\"lazy\" class=\"detail-desc-decorate-image\" src=\"https:\/\/ae01.alicdn.com\/kf\/H2d9a91e3a3e44387af7439a69b335747G.jpg\" \/><br \/>\n<img decoding=\"async\" loading=\"lazy\" class=\"detail-desc-decorate-image\" src=\"https:\/\/ae01.alicdn.com\/kf\/Hc5cc14f480e446b2bcb9407337afd3fbq.jpg\" \/><br \/>\n<img decoding=\"async\" loading=\"lazy\" class=\"detail-desc-decorate-image\" src=\"https:\/\/ae01.alicdn.com\/kf\/H871f69e7904d460eb5d7eee604bd0c4fg.jpg\" \/><br \/>\n<img decoding=\"async\" loading=\"lazy\" class=\"detail-desc-decorate-image\" src=\"https:\/\/ae01.alicdn.com\/kf\/Hcaa08b34e9f342ec8177fa40d56b01b4L.jpg\" \/><br \/>\n<img decoding=\"async\" loading=\"lazy\" class=\"detail-desc-decorate-image\" src=\"https:\/\/ae01.alicdn.com\/kf\/Hdee358b289b94a41a2ed8e6e1f407e67h.jpg\" \/><br \/>\n<img decoding=\"async\" loading=\"lazy\" class=\"detail-desc-decorate-image\" src=\"https:\/\/ae01.alicdn.com\/kf\/H66edfe77ab214f4c837055dc99de0cb8R.jpg\" \/><br \/>\n<img decoding=\"async\" loading=\"lazy\" class=\"detail-desc-decorate-image\" src=\"https:\/\/ae01.alicdn.com\/kf\/Hb9f0dd5c287d40cdb5c466f26618963ad.jpg\" \/><br \/>\n<img decoding=\"async\" loading=\"lazy\" class=\"detail-desc-decorate-image\" src=\"https:\/\/ae01.alicdn.com\/kf\/Ha44259ac64bf4d46a1dbba3ac48014ebe.jpg\" \/><br \/>\n<img decoding=\"async\" loading=\"lazy\" class=\"detail-desc-decorate-image\" src=\"https:\/\/ae01.alicdn.com\/kf\/Hf9bc8b10477442e1a6301b7f764bcbaaL.jpg\" \/><br \/>\n<img decoding=\"async\" loading=\"lazy\" class=\"detail-desc-decorate-image\" src=\"https:\/\/ae01.alicdn.com\/kf\/H68f50602e5ac498dac765b8c1edb6389v.jpg\" \/><\/div>\n<div class=\"detailmodule_text-image\"><\/div>\n<div class=\"detailmodule_text\">\n<p id=\"tl_7\" class=\"detail-desc-decorate-title\" style=\"font-family: OpenSans; font-size: 20px; font-weight: 900; line-height: 28px; margin-bottom: 12px;\">How to fill E-Liquid:<\/p>\n<p id=\"tl_8\" class=\"detail-desc-decorate-content\" style=\"font-family: OpenSans; font-size: 14px; font-weight: 300; line-height: 20px; margin-bottom: 12px;\">1. Remove the pod cartridge.<br \/>\n2. Remove the rubber seal of the cartridge from the side,<br \/>\n3. Fill liquid into the hole and ensure the cartridge is not over-injected.<br \/>\n4. Close the rubber seal<br \/>\n5. Reinstall the pod cartridge onto the battery.<\/p>\n<\/div>\n<div class=\"detailmodule_text\">\n<p id=\"tl_9\" class=\"detail-desc-decorate-title\" style=\"font-family: OpenSans; font-size: 20px; font-weight: 900; line-height: 28px; margin-bottom: 12px;\">Protection features:<\/p>\n<p id=\"tl_10\" class=\"detail-desc-decorate-content\" style=\"font-family: OpenSans; font-size: 14px; font-weight: 300; line-height: 20px; margin-bottom: 12px;\">1. Over puff protection: each inhalation can last a maximum of 6 seconds. If it exceeds 6 seconds, the device stops working and the LED indicator blinks 8 times.<\/p>\n<p>2. Short circuit protection: if the device is short-circuited, it stops working and the red indicator blinks 3 times.<\/p>\n<p>3. Over-discharge protection: when the battery voltage drops below 3.2V, the device stops working and the red indicator blinks 10 times.<\/p>\n<p>4. Low power alarm: when the device is in low power mode, it stops working and blinks the red LED 10 times.<\/p>\n<\/div>\n<p>&nbsp;<\/p>\n<\/div>\n<\/div>","protected":false},"excerpt":{"rendered":"<p>&nbsp; Aussehen:\u00a0Zylindrische Form Kompatibler Akku:\u00a0Kein \u00dcberwachung Funktion Von Rauchen Anzahl:\u00a0Nein Silikon Fall:\u00a0Nein Temperaturregelung:\u00a0Nein Eingebaute Oder Externe Batterie:\u00a0Eingebaute Kurzschlussschutz Funktion:\u00a0Ja \u00dcberhitzungsschutz-funktion:\u00a0Ja Niederspannungsalarmfunktion:\u00a0Ja Zerst\u00e4uber Identifikation Funktion:\u00a0Nein TCR Einstellung Modi:\u00a0Nein Nominale Kapazit\u00e4t:\u00a0&lt;700 mAh Material:\u00a0Metall Compatible Model:\u00a0Ares Pod Cartridge Modellnummer:\u00a0Ares Pod Vape Usb-ladeger\u00e4t:\u00a0Ja Firmware-upgrade:\u00a0Nein Display:\u00a0Nein Art:\u00a0Mit Batterie Markenname:\u00a0vapor storm Ursprung:\u00a0CN (Herkunft) Color:\u00a0Black,Red,Blue,Golden,Grey Cartridge Capacity:\u00a01.6ml Battery Capacity:\u00a0560mah Maximum Wattage:\u00a012W Pod [&hellip;]<\/p>","protected":false},"featured_media":8815,"template":"","meta":{"inline_featured_image":false},"product_cat":[15,78,750,737,736,749,76,81],"product_tag":[],"tiered_pricing_type":"fixed","tiered_pricing_fixed_rules":[],"tiered_pricing_percentage_rules":[],"tiered_pricing_minimum":1,"_administrator_tiered_pricing_type":"fixed","_administrator_tiered_pricing_fixed_rules":[],"_editor_tiered_pricing_type":"fixed","_editor_tiered_pricing_fixed_rules":[],"_author_tiered_pricing_type":"fixed","_author_tiered_pricing_fixed_rules":[],"_contributor_tiered_pricing_type":"fixed","_contributor_tiered_pricing_fixed_rules":[],"_subscriber_tiered_pricing_type":"fixed","_subscriber_tiered_pricing_fixed_rules":[],"_customer_tiered_pricing_type":"fixed","_customer_tiered_pricing_fixed_rules":[],"_shop_manager_tiered_pricing_type":"fixed","_shop_manager_tiered_pricing_fixed_rules":[],"_wpseo_manager_tiered_pricing_type":"fixed","_wpseo_manager_tiered_pricing_fixed_rules":[],"_wpseo_editor_tiered_pricing_type":"fixed","_wpseo_editor_tiered_pricing_fixed_rules":[],"_wholesale_customer_tiered_pricing_type":"fixed","_wholesale_customer_tiered_pricing_fixed_rules":[],"_marketer_tiered_pricing_type":"fixed","_marketer_tiered_pricing_fixed_rules":[],"_sales_manager_tiered_pricing_type":"fixed","_sales_manager_tiered_pricing_fixed_rules":[],"_sales_rep_tiered_pricing_type":"fixed","_sales_rep_tiered_pricing_fixed_rules":[],"yoast_head":"<!-- This site is optimized with the Yoast SEO plugin v23.3 - https:\/\/yoast.com\/wordpress\/plugins\/seo\/ -->\n<title>Vapor Storm Ares Pod System Vape 12W Nachf\u00fcll-Starterkit | ElementVape.de<\/title>\n<meta name=\"description\" content=\"Wir bieten Vapor Storm Ares Pod System Vape 12W Nachf\u00fcll-Starterkit , Elementvape.de akzeptieren Gro\u00df-und Einzelhandel Bestellungen.\" \/>\n<meta name=\"robots\" content=\"index, follow, max-snippet:-1, max-image-preview:large, max-video-preview:-1\" \/>\n<link rel=\"canonical\" href=\"https:\/\/www.elementvape.de\/en\/produkt\/vapor-storm-ares-pod-system-vape-12w-nachfuell-starterkit\/\" \/>\n<meta property=\"og:locale\" content=\"en_US\" \/>\n<meta property=\"og:type\" content=\"article\" \/>\n<meta property=\"og:title\" content=\"Vapor Storm Ares Pod System Vape 12W Nachf\u00fcll-Starterkit | ElementVape.de\" \/>\n<meta property=\"og:description\" content=\"Wir bieten Vapor Storm Ares Pod System Vape 12W Nachf\u00fcll-Starterkit , Elementvape.de akzeptieren Gro\u00df-und Einzelhandel Bestellungen.\" \/>\n<meta property=\"og:url\" content=\"https:\/\/www.elementvape.de\/en\/produkt\/vapor-storm-ares-pod-system-vape-12w-nachfuell-starterkit\/\" \/>\n<meta property=\"og:site_name\" content=\"ElementVape.de\" \/>\n<meta property=\"article:modified_time\" content=\"2024-09-12T10:31:51+00:00\" \/>\n<meta property=\"og:image\" content=\"https:\/\/ae01.alicdn.com\/kf\/H815b47451dc14ee79331ee3fc07e169ax\/Neue-Dampf-Storm-Ares-Pod-System-Vape-12W-Elektronische-Zigarette-560mah-1-6-ml-Mesh-Spule.jpg\" \/>\n\t<meta property=\"og:image:width\" content=\"800\" \/>\n\t<meta property=\"og:image:height\" content=\"800\" \/>\n\t<meta property=\"og:image:type\" content=\"image\/jpeg\" \/>\n<meta name=\"twitter:card\" content=\"summary_large_image\" \/>\n<meta name=\"twitter:label1\" content=\"Est. reading time\" \/>\n\t<meta name=\"twitter:data1\" content=\"5 minutes\" \/>\n<script type=\"application\/ld+json\" class=\"yoast-schema-graph\">{\"@context\":\"https:\/\/schema.org\",\"@graph\":[{\"@type\":\"WebPage\",\"@id\":\"https:\/\/www.elementvape.de\/et\/produkt\/vapor-storm-ares-pod-system-vape-12w-nachfuell-starterkit\/\",\"url\":\"https:\/\/www.elementvape.de\/et\/produkt\/vapor-storm-ares-pod-system-vape-12w-nachfuell-starterkit\/\",\"name\":\"Vapor Storm Ares Pod System Vape 12W Nachf\u00fcll-Starterkit | ElementVape.de\",\"isPartOf\":{\"@id\":\"https:\/\/www.elementvape.de\/#website\"},\"primaryImageOfPage\":{\"@id\":\"https:\/\/www.elementvape.de\/et\/produkt\/vapor-storm-ares-pod-system-vape-12w-nachfuell-starterkit\/#primaryimage\"},\"image\":{\"@id\":\"https:\/\/www.elementvape.de\/et\/produkt\/vapor-storm-ares-pod-system-vape-12w-nachfuell-starterkit\/#primaryimage\"},\"thumbnailUrl\":\"https:\/\/ae01.alicdn.com\/kf\/H815b47451dc14ee79331ee3fc07e169ax\/Neue-Dampf-Storm-Ares-Pod-System-Vape-12W-Elektronische-Zigarette-560mah-1-6-ml-Mesh-Spule.jpg\",\"datePublished\":\"2024-04-20T08:23:25+00:00\",\"dateModified\":\"2024-09-12T10:31:51+00:00\",\"description\":\"Wir bieten Vapor Storm Ares Pod System Vape 12W Nachf\u00fcll-Starterkit , Elementvape.de akzeptieren Gro\u00df-und Einzelhandel Bestellungen.\",\"breadcrumb\":{\"@id\":\"https:\/\/www.elementvape.de\/et\/produkt\/vapor-storm-ares-pod-system-vape-12w-nachfuell-starterkit\/#breadcrumb\"},\"inLanguage\":\"en-US\",\"potentialAction\":[{\"@type\":\"ReadAction\",\"target\":[\"https:\/\/www.elementvape.de\/et\/produkt\/vapor-storm-ares-pod-system-vape-12w-nachfuell-starterkit\/\"]}]},{\"@type\":\"ImageObject\",\"inLanguage\":\"en-US\",\"@id\":\"https:\/\/www.elementvape.de\/et\/produkt\/vapor-storm-ares-pod-system-vape-12w-nachfuell-starterkit\/#primaryimage\",\"url\":\"https:\/\/ae01.alicdn.com\/kf\/H815b47451dc14ee79331ee3fc07e169ax\/Neue-Dampf-Storm-Ares-Pod-System-Vape-12W-Elektronische-Zigarette-560mah-1-6-ml-Mesh-Spule.jpg\",\"contentUrl\":\"https:\/\/ae01.alicdn.com\/kf\/H815b47451dc14ee79331ee3fc07e169ax\/Neue-Dampf-Storm-Ares-Pod-System-Vape-12W-Elektronische-Zigarette-560mah-1-6-ml-Mesh-Spule.jpg\",\"width\":800,\"height\":800},{\"@type\":\"BreadcrumbList\",\"@id\":\"https:\/\/www.elementvape.de\/et\/produkt\/vapor-storm-ares-pod-system-vape-12w-nachfuell-starterkit\/#breadcrumb\",\"itemListElement\":[{\"@type\":\"ListItem\",\"position\":1,\"name\":\"Home\",\"item\":\"https:\/\/www.elementvape.de\/\"},{\"@type\":\"ListItem\",\"position\":2,\"name\":\"Shop\",\"item\":\"https:\/\/www.elementvape.de\/shop\/\"},{\"@type\":\"ListItem\",\"position\":3,\"name\":\"Vapor Storm Ares Pod System Vape 12W Nachf\u00fcll-Starterkit\"}]},{\"@type\":\"WebSite\",\"@id\":\"https:\/\/www.elementvape.de\/#website\",\"url\":\"https:\/\/www.elementvape.de\/\",\"name\":\"ElementVape.de\",\"description\":\"\",\"publisher\":{\"@id\":\"https:\/\/www.elementvape.de\/#organization\"},\"potentialAction\":[{\"@type\":\"SearchAction\",\"target\":{\"@type\":\"EntryPoint\",\"urlTemplate\":\"https:\/\/www.elementvape.de\/?s={search_term_string}\"},\"query-input\":\"required name=search_term_string\"}],\"inLanguage\":\"en-US\"},{\"@type\":\"Organization\",\"@id\":\"https:\/\/www.elementvape.de\/#organization\",\"name\":\"ElementVape.DE\",\"url\":\"https:\/\/www.elementvape.de\/\",\"logo\":{\"@type\":\"ImageObject\",\"inLanguage\":\"en-US\",\"@id\":\"https:\/\/www.elementvape.de\/#\/schema\/logo\/image\/\",\"url\":\"https:\/\/www.elementvape.de\/wp-content\/uploads\/2024\/09\/cropped-1elementvape-3.png\",\"contentUrl\":\"https:\/\/www.elementvape.de\/wp-content\/uploads\/2024\/09\/cropped-1elementvape-3.png\",\"width\":285,\"height\":228,\"caption\":\"ElementVape.DE\"},\"image\":{\"@id\":\"https:\/\/www.elementvape.de\/#\/schema\/logo\/image\/\"}}]}<\/script>\n<!-- \/ Yoast SEO plugin. -->","yoast_head_json":{"title":"Vapor Storm Ares Pod System Vape 12W Nachf\u00fcll-Starterkit | ElementVape.de","description":"Wir bieten Vapor Storm Ares Pod System Vape 12W Nachf\u00fcll-Starterkit , Elementvape.de akzeptieren Gro\u00df-und Einzelhandel Bestellungen.","robots":{"index":"index","follow":"follow","max-snippet":"max-snippet:-1","max-image-preview":"max-image-preview:large","max-video-preview":"max-video-preview:-1"},"canonical":"https:\/\/www.elementvape.de\/en\/produkt\/vapor-storm-ares-pod-system-vape-12w-nachfuell-starterkit\/","og_locale":"en_US","og_type":"article","og_title":"Vapor Storm Ares Pod System Vape 12W Nachf\u00fcll-Starterkit | ElementVape.de","og_description":"Wir bieten Vapor Storm Ares Pod System Vape 12W Nachf\u00fcll-Starterkit , Elementvape.de akzeptieren Gro\u00df-und Einzelhandel Bestellungen.","og_url":"https:\/\/www.elementvape.de\/en\/produkt\/vapor-storm-ares-pod-system-vape-12w-nachfuell-starterkit\/","og_site_name":"ElementVape.de","article_modified_time":"2024-09-12T10:31:51+00:00","og_image":[{"width":800,"height":800,"url":"https:\/\/ae01.alicdn.com\/kf\/H815b47451dc14ee79331ee3fc07e169ax\/Neue-Dampf-Storm-Ares-Pod-System-Vape-12W-Elektronische-Zigarette-560mah-1-6-ml-Mesh-Spule.jpg","type":"image\/jpeg"}],"twitter_card":"summary_large_image","twitter_misc":{"Est. reading time":"5 minutes"},"schema":{"@context":"https:\/\/schema.org","@graph":[{"@type":"WebPage","@id":"https:\/\/www.elementvape.de\/et\/produkt\/vapor-storm-ares-pod-system-vape-12w-nachfuell-starterkit\/","url":"https:\/\/www.elementvape.de\/et\/produkt\/vapor-storm-ares-pod-system-vape-12w-nachfuell-starterkit\/","name":"Vapor Storm Ares Pod System Vape 12W Nachf\u00fcll-Starterkit | ElementVape.de","isPartOf":{"@id":"https:\/\/www.elementvape.de\/#website"},"primaryImageOfPage":{"@id":"https:\/\/www.elementvape.de\/et\/produkt\/vapor-storm-ares-pod-system-vape-12w-nachfuell-starterkit\/#primaryimage"},"image":{"@id":"https:\/\/www.elementvape.de\/et\/produkt\/vapor-storm-ares-pod-system-vape-12w-nachfuell-starterkit\/#primaryimage"},"thumbnailUrl":"https:\/\/ae01.alicdn.com\/kf\/H815b47451dc14ee79331ee3fc07e169ax\/Neue-Dampf-Storm-Ares-Pod-System-Vape-12W-Elektronische-Zigarette-560mah-1-6-ml-Mesh-Spule.jpg","datePublished":"2024-04-20T08:23:25+00:00","dateModified":"2024-09-12T10:31:51+00:00","description":"Wir bieten Vapor Storm Ares Pod System Vape 12W Nachf\u00fcll-Starterkit , Elementvape.de akzeptieren Gro\u00df-und Einzelhandel Bestellungen.","breadcrumb":{"@id":"https:\/\/www.elementvape.de\/et\/produkt\/vapor-storm-ares-pod-system-vape-12w-nachfuell-starterkit\/#breadcrumb"},"inLanguage":"en-US","potentialAction":[{"@type":"ReadAction","target":["https:\/\/www.elementvape.de\/et\/produkt\/vapor-storm-ares-pod-system-vape-12w-nachfuell-starterkit\/"]}]},{"@type":"ImageObject","inLanguage":"en-US","@id":"https:\/\/www.elementvape.de\/et\/produkt\/vapor-storm-ares-pod-system-vape-12w-nachfuell-starterkit\/#primaryimage","url":"https:\/\/ae01.alicdn.com\/kf\/H815b47451dc14ee79331ee3fc07e169ax\/Neue-Dampf-Storm-Ares-Pod-System-Vape-12W-Elektronische-Zigarette-560mah-1-6-ml-Mesh-Spule.jpg","contentUrl":"https:\/\/ae01.alicdn.com\/kf\/H815b47451dc14ee79331ee3fc07e169ax\/Neue-Dampf-Storm-Ares-Pod-System-Vape-12W-Elektronische-Zigarette-560mah-1-6-ml-Mesh-Spule.jpg","width":800,"height":800},{"@type":"BreadcrumbList","@id":"https:\/\/www.elementvape.de\/et\/produkt\/vapor-storm-ares-pod-system-vape-12w-nachfuell-starterkit\/#breadcrumb","itemListElement":[{"@type":"ListItem","position":1,"name":"Home","item":"https:\/\/www.elementvape.de\/"},{"@type":"ListItem","position":2,"name":"Shop","item":"https:\/\/www.elementvape.de\/shop\/"},{"@type":"ListItem","position":3,"name":"Vapor Storm Ares Pod System Vape 12W Nachf\u00fcll-Starterkit"}]},{"@type":"WebSite","@id":"https:\/\/www.elementvape.de\/#website","url":"https:\/\/www.elementvape.de\/","name":"ElementVape.de","description":"","publisher":{"@id":"https:\/\/www.elementvape.de\/#organization"},"potentialAction":[{"@type":"SearchAction","target":{"@type":"EntryPoint","urlTemplate":"https:\/\/www.elementvape.de\/?s={search_term_string}"},"query-input":"required name=search_term_string"}],"inLanguage":"en-US"},{"@type":"Organization","@id":"https:\/\/www.elementvape.de\/#organization","name":"ElementVape.DE","url":"https:\/\/www.elementvape.de\/","logo":{"@type":"ImageObject","inLanguage":"en-US","@id":"https:\/\/www.elementvape.de\/#\/schema\/logo\/image\/","url":"https:\/\/www.elementvape.de\/wp-content\/uploads\/2024\/09\/cropped-1elementvape-3.png","contentUrl":"https:\/\/www.elementvape.de\/wp-content\/uploads\/2024\/09\/cropped-1elementvape-3.png","width":285,"height":228,"caption":"ElementVape.DE"},"image":{"@id":"https:\/\/www.elementvape.de\/#\/schema\/logo\/image\/"}}]}},"_links":{"self":[{"href":"https:\/\/www.elementvape.de\/en\/wp-json\/wp\/v2\/product\/8814"}],"collection":[{"href":"https:\/\/www.elementvape.de\/en\/wp-json\/wp\/v2\/product"}],"about":[{"href":"https:\/\/www.elementvape.de\/en\/wp-json\/wp\/v2\/types\/product"}],"wp:featuredmedia":[{"embeddable":true,"href":"https:\/\/www.elementvape.de\/en\/wp-json\/wp\/v2\/media\/8815"}],"wp:attachment":[{"href":"https:\/\/www.elementvape.de\/en\/wp-json\/wp\/v2\/media?parent=8814"}],"wp:term":[{"taxonomy":"product_cat","embeddable":true,"href":"https:\/\/www.elementvape.de\/en\/wp-json\/wp\/v2\/product_cat?post=8814"},{"taxonomy":"product_tag","embeddable":true,"href":"https:\/\/www.elementvape.de\/en\/wp-json\/wp\/v2\/product_tag?post=8814"}],"curies":[{"name":"wp","href":"https:\/\/api.w.org\/{rel}","templated":true}]}}