{"id":8163,"date":"2024-04-20T07:50:52","date_gmt":"2024-04-20T07:50:52","guid":{"rendered":"https:\/\/www.elementvape.de\/?post_type=product&#038;p=8163"},"modified":"2024-09-12T10:32:04","modified_gmt":"2024-09-12T10:32:04","slug":"coolvape-ultraduennes-mechanisches-modul-18650-batterie-vape","status":"publish","type":"product","link":"https:\/\/www.elementvape.de\/en\/produkt\/coolvape-ultraduennes-mechanisches-modul-18650-batterie-vape\/","title":{"rendered":"Coolvape ultra-thin mechanical module 18650 battery vape"},"content":{"rendered":"<p>&nbsp;<\/p>\n<div class=\"product-specs-list-container\">\n<ul class=\"product-specs-list util-clearfix\">\n<li class=\"product-prop line-limit-length\"><span class=\"property-title\">Monitoring Function of Smoke Count:\u00a0<\/span><span class=\"property-desc line-limit-length\">No<\/span><\/li>\n<li class=\"product-prop line-limit-length\"><span class=\"property-title\">Silicone Case:\u00a0<\/span><span class=\"property-desc line-limit-length\">No<\/span><\/li>\n<li class=\"product-prop line-limit-length\"><span class=\"property-title\">Short Circuit Protection Function:\u00a0<\/span><span class=\"property-desc line-limit-length\">No<\/span><\/li>\n<li class=\"product-prop line-limit-length\"><span class=\"property-title\">Overheating Protection Function:\u00a0<\/span><span class=\"property-desc line-limit-length\">No<\/span><\/li>\n<li class=\"product-prop line-limit-length\"><span class=\"property-title\">Low Voltage Alarm Function:\u00a0<\/span><span class=\"property-desc line-limit-length\">No<\/span><\/li>\n<li class=\"product-prop line-limit-length\"><span class=\"property-title\">Atomizer Identification Function:\u00a0<\/span><span class=\"property-desc line-limit-length\">No<\/span><\/li>\n<li class=\"product-prop line-limit-length\"><span class=\"property-title\">Temperature Control:\u00a0<\/span><span class=\"property-desc line-limit-length\">No<\/span><\/li>\n<li class=\"product-prop line-limit-length\"><span class=\"property-title\">TCR Setting Modes:\u00a0<\/span><span class=\"property-desc line-limit-length\">No<\/span><\/li>\n<li class=\"product-prop line-limit-length\"><span class=\"property-title\">Nominal Capacity:\u00a0<\/span><span class=\"property-desc line-limit-length\">No<\/span><\/li>\n<li class=\"product-prop line-limit-length\"><span class=\"property-title\">Compatible Battery:\u00a0<\/span><span class=\"property-desc line-limit-length\">18650<\/span><\/li>\n<li class=\"product-prop line-limit-length\"><span class=\"property-title\">Silicone Case: No\u00a0<\/span><span class=\"property-desc line-limit-length\">Metal<\/span><\/li>\n<li class=\"product-prop line-limit-length\"><span class=\"property-title\">Temperature Control: No\u00a0<\/span><span class=\"property-desc line-limit-length\">Low Voltage Alarm Function: No<\/span><\/li>\n<li class=\"product-prop line-limit-length\"><span class=\"property-title\">Model Number:\u00a0<\/span><span class=\"property-desc line-limit-length\">Low Voltage Alarm Function: No<\/span><\/li>\n<li class=\"product-prop line-limit-length\"><span class=\"property-title\">Firmware upgrade:\u00a0<\/span><span class=\"property-desc line-limit-length\">No<\/span><\/li>\n<li class=\"product-prop line-limit-length\"><span class=\"property-title\">Usb charger:\u00a0<\/span><span class=\"property-desc line-limit-length\">No<\/span><\/li>\n<li class=\"product-prop line-limit-length\"><span class=\"property-title\">Overheating Protection Function: Yes\u00a0<\/span><span class=\"property-desc line-limit-length\">No<\/span><\/li>\n<li class=\"product-prop line-limit-length\"><span class=\"property-title\">Built-in or External Battery:\u00a0<\/span><span class=\"property-desc line-limit-length\">Ja<\/span><\/li>\n<li class=\"product-prop line-limit-length\"><span class=\"property-title\">Type:\u00a0<\/span><span class=\"property-desc line-limit-length\">Mechanical Mod<\/span><\/li>\n<li class=\"product-prop line-limit-length\"><span class=\"property-title\">Brand name:\u00a0<\/span><span class=\"property-desc line-limit-length\">Short Circuit Protection Function: Yes<\/span><\/li>\n<li class=\"product-prop line-limit-length\"><span class=\"property-title\">Origin:\u00a0<\/span><span class=\"property-desc line-limit-length\">CN (Origin)<\/span><\/li>\n<li class=\"product-prop line-limit-length\"><span class=\"property-title\">Atomizer Identification Function: No\u00a0<\/span><span class=\"property-desc line-limit-length\">Temperature Control: No<\/span><\/li>\n<li class=\"product-prop line-limit-length\"><span class=\"property-title\">thread:\u00a0<\/span><span class=\"property-desc line-limit-length\">510 thread<\/span><\/li>\n<li class=\"product-prop line-limit-length\"><span class=\"property-title\">diameter:\u00a0<\/span><span class=\"property-desc line-limit-length\">25mm<\/span><\/li>\n<li class=\"product-prop line-limit-length\"><span class=\"property-title\">color:\u00a0<\/span><span class=\"property-desc line-limit-length\">TCR Setting Modes: No<\/span><\/li>\n<\/ul>\n<\/div>\n<div class=\"detailmodule_html\">\n<div class=\"detail-desc-decorate-richtext\">\n<div class=\"detailmodule_dynamic\"><\/div>\n<div class=\"detailmodule_text-image\"><a class=\"\" href=\"https:\/\/www.aliexpress.com\/item\/4001352741719.html?spm=a2g0o.productlist.0.0.272a44deDlJWlL&amp;algo_pvid=6543054e-43b1-4c1a-9ea2-15262a433322&amp;algo_expid=6543054e-43b1-4c1a-9ea2-15262a433322-0&amp;btsid=0b86d81616026663248217463eb6ff&amp;ws_ab_test=searchweb0_0,searchweb201602_,searchweb201603_\" target=\"_self\" rel=\"noopener\"><img decoding=\"async\" loading=\"lazy\" class=\"detail-desc-decorate-image\" src=\"https:\/\/ae01.alicdn.com\/kf\/Hef62607fef64458ba375384ea17c8d24s.jpg\" \/><\/a><a class=\"\" href=\"https:\/\/www.aliexpress.com\/item\/1005001312177316.html?spm=a2g0o.productlist.0.0.448c17054DkG36&amp;algo_pvid=5e17b23e-386d-4065-8cd2-0c82776bff2a&amp;algo_expid=5e17b23e-386d-4065-8cd2-0c82776bff2a-0&amp;btsid=0b86d81915994621126772318e9751&amp;ws_ab_test=searchweb0_0,searchweb201602_,searchweb201603_\" target=\"_self\" rel=\"noopener\"><img decoding=\"async\" loading=\"lazy\" class=\"detail-desc-decorate-image\" src=\"https:\/\/ae01.alicdn.com\/kf\/H59d79e23474a4b6db0f0a5ef54e6e3a2T.jpg\" \/><\/a><a class=\"\" href=\"https:\/\/www.aliexpress.com\/item\/4001365821324.html?spm=a2g0o.productlist.0.0.160b6b23aspEDC&amp;algo_pvid=f6ffb044-7385-4a37-8d7c-f1a96deebce7&amp;algo_expid=f6ffb044-7385-4a37-8d7c-f1a96deebce7-0&amp;btsid=0bb47a1a15994732939643164ee5c9&amp;ws_ab_test=searchweb0_0,searchweb201602_,searchweb201603_\" target=\"_self\" rel=\"noopener\"><img decoding=\"async\" loading=\"lazy\" class=\"detail-desc-decorate-image\" src=\"https:\/\/ae01.alicdn.com\/kf\/H294af405488c4f399425348d4ef0ff79c.jpg\" \/><\/a><a class=\"\" href=\"https:\/\/www.aliexpress.com\/item\/1005001352352714.html?spm=a2g0o.productlist.0.0.2c3a5f00wlO1Ij&amp;algo_pvid=082440a2-a9e0-4cbd-b9ed-0de233838df2&amp;algo_expid=082440a2-a9e0-4cbd-b9ed-0de233838df2-0&amp;btsid=0bb47a1a15994733895255083ee5c9&amp;ws_ab_test=searchweb0_0,searchweb201602_,searchweb201603_\" target=\"_self\" rel=\"noopener\"><img decoding=\"async\" loading=\"lazy\" class=\"detail-desc-decorate-image\" src=\"https:\/\/ae01.alicdn.com\/kf\/H9924dd30ac8b4bf8ad624fabd584257bM.jpg\" \/><\/a><a class=\"\" href=\"https:\/\/www.aliexpress.com\/item\/4001318025907.html?spm=2114.12010610.8148356.3.722e1d0c8fx4ZP\" target=\"_self\" rel=\"noopener\"><img decoding=\"async\" loading=\"lazy\" class=\"detail-desc-decorate-image\" src=\"https:\/\/ae01.alicdn.com\/kf\/H44e857cff1e74ec997d9c7cec115c822l.jpg\" \/><\/a><a class=\"\" href=\"https:\/\/www.aliexpress.com\/item\/4001317988303.html?spm=2114.12010610.8148356.5.37891d0ccy54DK\" target=\"_self\" rel=\"noopener\"><img decoding=\"async\" loading=\"lazy\" class=\"detail-desc-decorate-image\" src=\"https:\/\/ae01.alicdn.com\/kf\/H9216c130ba9943d0ab84a766f08f71527.jpg\" \/><\/a><a class=\"\" href=\"https:\/\/www.aliexpress.com\/item\/4001321020891.html?spm=2114.12010610.8148356.13.73e01d0cs2mALW\" target=\"_self\" rel=\"noopener\"><img decoding=\"async\" loading=\"lazy\" class=\"detail-desc-decorate-image\" src=\"https:\/\/ae01.alicdn.com\/kf\/H4237082bcc674dca9295cbfcb2af7de9o.jpg\" \/><\/a><\/div>\n<div class=\"detailmodule_text-image\"><img decoding=\"async\" loading=\"lazy\" class=\"detail-desc-decorate-image\" src=\"https:\/\/ae01.alicdn.com\/kf\/Ha4e53acbd6de4dada7943c8d674545f0m.jpg\" \/><img decoding=\"async\" loading=\"lazy\" class=\"detail-desc-decorate-image\" src=\"https:\/\/ae01.alicdn.com\/kf\/H3f6dccbe16fc478a9102f321dd48a0b2X.jpg\" \/><img decoding=\"async\" loading=\"lazy\" class=\"detail-desc-decorate-image\" src=\"https:\/\/ae01.alicdn.com\/kf\/Hdea2c3c68a154019aec6f9f29a01f3f6C.jpg\" \/><img decoding=\"async\" loading=\"lazy\" class=\"detail-desc-decorate-image\" src=\"https:\/\/ae01.alicdn.com\/kf\/H998588a727484a2d83edda6430e58846p.jpg\" \/><img decoding=\"async\" loading=\"lazy\" class=\"detail-desc-decorate-image\" src=\"https:\/\/ae01.alicdn.com\/kf\/Hf45dff8ee3a04f80b468b1dc966cbcfdj.jpg\" \/><img decoding=\"async\" loading=\"lazy\" class=\"detail-desc-decorate-image\" src=\"https:\/\/ae01.alicdn.com\/kf\/Hb41ada1617dc4630a49b61701d03aada8.jpg\" \/><img decoding=\"async\" loading=\"lazy\" class=\"detail-desc-decorate-image\" src=\"https:\/\/ae01.alicdn.com\/kf\/H71f20f99e2b5424b8824837751b42514B.jpg\" \/><img decoding=\"async\" loading=\"lazy\" class=\"detail-desc-decorate-image\" src=\"https:\/\/ae01.alicdn.com\/kf\/Hc167d693f4e047ffabbad3885adecccd2.jpg\" \/><\/div>\n<div class=\"detailmodule_text-image\">\n<p class=\"detail-desc-decorate-content\" style=\"font-family: OpenSans; font-size: 14px; font-weight: 300; line-height: 20px; margin-bottom: 12px;\">Note:<br \/>\n1. We work hard and smart to meet your requirements. But if you have any problem when receiving the package, please contact us via message or trade manager. We will get back to you within 24 hours and work with you until you are satisfied. Please do not open a dispute before communicating with us.<br \/>\n2. Upon delivery, please check your package before signing. If you find the package to be abnormal, you can refuse to sign and contact us.<\/p>\n<p>Shipping:<br \/>\n1. Orders will be processed within processing days after payment verification. To protect both buyers and sellers, it may take 24 hours for AliExpress to verify the payment.<br \/>\n2. We only ship to the confirmed order address. Your order address must match your delivery address.<br \/>\n3. Free shipping for all items, for some countries, you may need to pay additional shipping costs. The delivery time is 30-45 days. If you need fast delivery, please contact us.<\/p>\n<p>Return Policy:<br \/>\n1. All returned items must be in original condition.<br \/>\n2. The buyer pays for return shipping costs.<\/p>\n<p>Nominal Capacity: None<br \/>\n1. If you are satisfied with our products, we sincerely hope you can leave us positive feedback. Meanwhile, we will leave you positive feedback.<br \/>\n2. Of course, for any reason, if you are not satisfied with our products, please contact us before leaving neutral or negative feedback. We will get back to you within 24 hours and help you resolve the issues.<\/p>\n<\/div>\n<p>&nbsp;<\/p>\n<\/div>\n<\/div>","protected":false},"excerpt":{"rendered":"<p>&nbsp; \u00dcberwachung Funktion Von Rauchen Anzahl:\u00a0Nein Silikon Fall:\u00a0Nein Kurzschlussschutz Funktion:\u00a0Nein \u00dcberhitzungsschutz-funktion:\u00a0Nein Niederspannungsalarmfunktion:\u00a0Nein Zerst\u00e4uber Identifikation Funktion:\u00a0Nein Temperaturregelung:\u00a0Nein TCR Einstellung Modi:\u00a0Nein Nominale Kapazit\u00e4t:\u00a0Kein Kompatibler Akku:\u00a018650 Material:\u00a0Metall Compatible Model:\u00a0Slim piece mod mechanical mods with carnage rda Modellnummer:\u00a0Slim piece mod mechanical mods with carnage rda Firmware-upgrade:\u00a0Nein Usb-ladeger\u00e4t:\u00a0Nein Display:\u00a0Nein Eingebaute Oder Externe Batterie:\u00a0Ja Art:\u00a0Mechanische Mod Markenname:\u00a0WOLF COOLVAPE Ursprung:\u00a0CN (Herkunft) material:\u00a0brass [&hellip;]<\/p>","protected":false},"featured_media":8164,"template":"","meta":{"inline_featured_image":false},"product_cat":[15,78,750,737,736,749,77],"product_tag":[],"tiered_pricing_type":"fixed","tiered_pricing_fixed_rules":[],"tiered_pricing_percentage_rules":[],"tiered_pricing_minimum":1,"_administrator_tiered_pricing_type":"fixed","_administrator_tiered_pricing_fixed_rules":[],"_editor_tiered_pricing_type":"fixed","_editor_tiered_pricing_fixed_rules":[],"_author_tiered_pricing_type":"fixed","_author_tiered_pricing_fixed_rules":[],"_contributor_tiered_pricing_type":"fixed","_contributor_tiered_pricing_fixed_rules":[],"_subscriber_tiered_pricing_type":"fixed","_subscriber_tiered_pricing_fixed_rules":[],"_customer_tiered_pricing_type":"fixed","_customer_tiered_pricing_fixed_rules":[],"_shop_manager_tiered_pricing_type":"fixed","_shop_manager_tiered_pricing_fixed_rules":[],"_wpseo_manager_tiered_pricing_type":"fixed","_wpseo_manager_tiered_pricing_fixed_rules":[],"_wpseo_editor_tiered_pricing_type":"fixed","_wpseo_editor_tiered_pricing_fixed_rules":[],"_wholesale_customer_tiered_pricing_type":"fixed","_wholesale_customer_tiered_pricing_fixed_rules":[],"_marketer_tiered_pricing_type":"fixed","_marketer_tiered_pricing_fixed_rules":[],"_sales_manager_tiered_pricing_type":"fixed","_sales_manager_tiered_pricing_fixed_rules":[],"_sales_rep_tiered_pricing_type":"fixed","_sales_rep_tiered_pricing_fixed_rules":[],"yoast_head":"<!-- This site is optimized with the Yoast SEO plugin v23.3 - https:\/\/yoast.com\/wordpress\/plugins\/seo\/ -->\n<title>Coolvape ultrad\u00fcnnes mechanisches Modul 18650 Batterie-Vape | ElementVape.de<\/title>\n<meta name=\"description\" content=\"Wir bieten Coolvape ultrad\u00fcnnes mechanisches Modul 18650 Batterie-Vape , Elementvape.de akzeptieren Gro\u00df-und Einzelhandel Bestellungen.\" \/>\n<meta name=\"robots\" content=\"index, follow, max-snippet:-1, max-image-preview:large, max-video-preview:-1\" \/>\n<link rel=\"canonical\" href=\"https:\/\/www.elementvape.de\/en\/produkt\/coolvape-ultraduennes-mechanisches-modul-18650-batterie-vape\/\" \/>\n<meta property=\"og:locale\" content=\"en_US\" \/>\n<meta property=\"og:type\" content=\"article\" \/>\n<meta property=\"og:title\" content=\"Coolvape ultrad\u00fcnnes mechanisches Modul 18650 Batterie-Vape | ElementVape.de\" \/>\n<meta property=\"og:description\" content=\"Wir bieten Coolvape ultrad\u00fcnnes mechanisches Modul 18650 Batterie-Vape , Elementvape.de akzeptieren Gro\u00df-und Einzelhandel Bestellungen.\" \/>\n<meta property=\"og:url\" content=\"https:\/\/www.elementvape.de\/en\/produkt\/coolvape-ultraduennes-mechanisches-modul-18650-batterie-vape\/\" \/>\n<meta property=\"og:site_name\" content=\"ElementVape.de\" \/>\n<meta property=\"article:modified_time\" content=\"2024-09-12T10:32:04+00:00\" \/>\n<meta property=\"og:image\" content=\"https:\/\/ae01.alicdn.com\/kf\/Hf74c1ba38e0145f7b46f177cfda71cd3W\/Coolvape-D-nne-st-ck-mod-mechanische-mods-mit-carnage-rda-25mm-durchmesser-messing-material-18650.jpg\" \/>\n\t<meta property=\"og:image:width\" content=\"1000\" \/>\n\t<meta property=\"og:image:height\" content=\"1000\" \/>\n\t<meta property=\"og:image:type\" content=\"image\/jpeg\" \/>\n<meta name=\"twitter:card\" content=\"summary_large_image\" \/>\n<meta name=\"twitter:label1\" content=\"Est. reading time\" \/>\n\t<meta name=\"twitter:data1\" content=\"6 minutes\" \/>\n<script type=\"application\/ld+json\" class=\"yoast-schema-graph\">{\"@context\":\"https:\/\/schema.org\",\"@graph\":[{\"@type\":\"WebPage\",\"@id\":\"https:\/\/www.elementvape.de\/produkt\/coolvape-ultraduennes-mechanisches-modul-18650-batterie-vape\/\",\"url\":\"https:\/\/www.elementvape.de\/produkt\/coolvape-ultraduennes-mechanisches-modul-18650-batterie-vape\/\",\"name\":\"Coolvape ultrad\u00fcnnes mechanisches Modul 18650 Batterie-Vape | ElementVape.de\",\"isPartOf\":{\"@id\":\"https:\/\/www.elementvape.de\/#website\"},\"primaryImageOfPage\":{\"@id\":\"https:\/\/www.elementvape.de\/produkt\/coolvape-ultraduennes-mechanisches-modul-18650-batterie-vape\/#primaryimage\"},\"image\":{\"@id\":\"https:\/\/www.elementvape.de\/produkt\/coolvape-ultraduennes-mechanisches-modul-18650-batterie-vape\/#primaryimage\"},\"thumbnailUrl\":\"https:\/\/ae01.alicdn.com\/kf\/Hf74c1ba38e0145f7b46f177cfda71cd3W\/Coolvape-D-nne-st-ck-mod-mechanische-mods-mit-carnage-rda-25mm-durchmesser-messing-material-18650.jpg\",\"datePublished\":\"2024-04-20T07:50:52+00:00\",\"dateModified\":\"2024-09-12T10:32:04+00:00\",\"description\":\"Wir bieten Coolvape ultrad\u00fcnnes mechanisches Modul 18650 Batterie-Vape , Elementvape.de akzeptieren Gro\u00df-und Einzelhandel Bestellungen.\",\"breadcrumb\":{\"@id\":\"https:\/\/www.elementvape.de\/produkt\/coolvape-ultraduennes-mechanisches-modul-18650-batterie-vape\/#breadcrumb\"},\"inLanguage\":\"en-US\",\"potentialAction\":[{\"@type\":\"ReadAction\",\"target\":[\"https:\/\/www.elementvape.de\/produkt\/coolvape-ultraduennes-mechanisches-modul-18650-batterie-vape\/\"]}]},{\"@type\":\"ImageObject\",\"inLanguage\":\"en-US\",\"@id\":\"https:\/\/www.elementvape.de\/produkt\/coolvape-ultraduennes-mechanisches-modul-18650-batterie-vape\/#primaryimage\",\"url\":\"https:\/\/ae01.alicdn.com\/kf\/Hf74c1ba38e0145f7b46f177cfda71cd3W\/Coolvape-D-nne-st-ck-mod-mechanische-mods-mit-carnage-rda-25mm-durchmesser-messing-material-18650.jpg\",\"contentUrl\":\"https:\/\/ae01.alicdn.com\/kf\/Hf74c1ba38e0145f7b46f177cfda71cd3W\/Coolvape-D-nne-st-ck-mod-mechanische-mods-mit-carnage-rda-25mm-durchmesser-messing-material-18650.jpg\",\"width\":1000,\"height\":1000},{\"@type\":\"BreadcrumbList\",\"@id\":\"https:\/\/www.elementvape.de\/produkt\/coolvape-ultraduennes-mechanisches-modul-18650-batterie-vape\/#breadcrumb\",\"itemListElement\":[{\"@type\":\"ListItem\",\"position\":1,\"name\":\"Home\",\"item\":\"https:\/\/www.elementvape.de\/\"},{\"@type\":\"ListItem\",\"position\":2,\"name\":\"Shop\",\"item\":\"https:\/\/www.elementvape.de\/shop\/\"},{\"@type\":\"ListItem\",\"position\":3,\"name\":\"Coolvape ultrad\u00fcnnes mechanisches Modul 18650 Batterie-Vape\"}]},{\"@type\":\"WebSite\",\"@id\":\"https:\/\/www.elementvape.de\/#website\",\"url\":\"https:\/\/www.elementvape.de\/\",\"name\":\"ElementVape.de\",\"description\":\"\",\"publisher\":{\"@id\":\"https:\/\/www.elementvape.de\/#organization\"},\"potentialAction\":[{\"@type\":\"SearchAction\",\"target\":{\"@type\":\"EntryPoint\",\"urlTemplate\":\"https:\/\/www.elementvape.de\/?s={search_term_string}\"},\"query-input\":\"required name=search_term_string\"}],\"inLanguage\":\"en-US\"},{\"@type\":\"Organization\",\"@id\":\"https:\/\/www.elementvape.de\/#organization\",\"name\":\"ElementVape.DE\",\"url\":\"https:\/\/www.elementvape.de\/\",\"logo\":{\"@type\":\"ImageObject\",\"inLanguage\":\"en-US\",\"@id\":\"https:\/\/www.elementvape.de\/#\/schema\/logo\/image\/\",\"url\":\"https:\/\/www.elementvape.de\/wp-content\/uploads\/2024\/09\/cropped-1elementvape-3.png\",\"contentUrl\":\"https:\/\/www.elementvape.de\/wp-content\/uploads\/2024\/09\/cropped-1elementvape-3.png\",\"width\":285,\"height\":228,\"caption\":\"ElementVape.DE\"},\"image\":{\"@id\":\"https:\/\/www.elementvape.de\/#\/schema\/logo\/image\/\"}}]}<\/script>\n<!-- \/ Yoast SEO plugin. -->","yoast_head_json":{"title":"Coolvape ultrad\u00fcnnes mechanisches Modul 18650 Batterie-Vape | ElementVape.de","description":"Wir bieten Coolvape ultrad\u00fcnnes mechanisches Modul 18650 Batterie-Vape , Elementvape.de akzeptieren Gro\u00df-und Einzelhandel Bestellungen.","robots":{"index":"index","follow":"follow","max-snippet":"max-snippet:-1","max-image-preview":"max-image-preview:large","max-video-preview":"max-video-preview:-1"},"canonical":"https:\/\/www.elementvape.de\/en\/produkt\/coolvape-ultraduennes-mechanisches-modul-18650-batterie-vape\/","og_locale":"en_US","og_type":"article","og_title":"Coolvape ultrad\u00fcnnes mechanisches Modul 18650 Batterie-Vape | ElementVape.de","og_description":"Wir bieten Coolvape ultrad\u00fcnnes mechanisches Modul 18650 Batterie-Vape , Elementvape.de akzeptieren Gro\u00df-und Einzelhandel Bestellungen.","og_url":"https:\/\/www.elementvape.de\/en\/produkt\/coolvape-ultraduennes-mechanisches-modul-18650-batterie-vape\/","og_site_name":"ElementVape.de","article_modified_time":"2024-09-12T10:32:04+00:00","og_image":[{"width":1000,"height":1000,"url":"https:\/\/ae01.alicdn.com\/kf\/Hf74c1ba38e0145f7b46f177cfda71cd3W\/Coolvape-D-nne-st-ck-mod-mechanische-mods-mit-carnage-rda-25mm-durchmesser-messing-material-18650.jpg","type":"image\/jpeg"}],"twitter_card":"summary_large_image","twitter_misc":{"Est. reading time":"6 minutes"},"schema":{"@context":"https:\/\/schema.org","@graph":[{"@type":"WebPage","@id":"https:\/\/www.elementvape.de\/produkt\/coolvape-ultraduennes-mechanisches-modul-18650-batterie-vape\/","url":"https:\/\/www.elementvape.de\/produkt\/coolvape-ultraduennes-mechanisches-modul-18650-batterie-vape\/","name":"Coolvape ultrad\u00fcnnes mechanisches Modul 18650 Batterie-Vape | ElementVape.de","isPartOf":{"@id":"https:\/\/www.elementvape.de\/#website"},"primaryImageOfPage":{"@id":"https:\/\/www.elementvape.de\/produkt\/coolvape-ultraduennes-mechanisches-modul-18650-batterie-vape\/#primaryimage"},"image":{"@id":"https:\/\/www.elementvape.de\/produkt\/coolvape-ultraduennes-mechanisches-modul-18650-batterie-vape\/#primaryimage"},"thumbnailUrl":"https:\/\/ae01.alicdn.com\/kf\/Hf74c1ba38e0145f7b46f177cfda71cd3W\/Coolvape-D-nne-st-ck-mod-mechanische-mods-mit-carnage-rda-25mm-durchmesser-messing-material-18650.jpg","datePublished":"2024-04-20T07:50:52+00:00","dateModified":"2024-09-12T10:32:04+00:00","description":"Wir bieten Coolvape ultrad\u00fcnnes mechanisches Modul 18650 Batterie-Vape , Elementvape.de akzeptieren Gro\u00df-und Einzelhandel Bestellungen.","breadcrumb":{"@id":"https:\/\/www.elementvape.de\/produkt\/coolvape-ultraduennes-mechanisches-modul-18650-batterie-vape\/#breadcrumb"},"inLanguage":"en-US","potentialAction":[{"@type":"ReadAction","target":["https:\/\/www.elementvape.de\/produkt\/coolvape-ultraduennes-mechanisches-modul-18650-batterie-vape\/"]}]},{"@type":"ImageObject","inLanguage":"en-US","@id":"https:\/\/www.elementvape.de\/produkt\/coolvape-ultraduennes-mechanisches-modul-18650-batterie-vape\/#primaryimage","url":"https:\/\/ae01.alicdn.com\/kf\/Hf74c1ba38e0145f7b46f177cfda71cd3W\/Coolvape-D-nne-st-ck-mod-mechanische-mods-mit-carnage-rda-25mm-durchmesser-messing-material-18650.jpg","contentUrl":"https:\/\/ae01.alicdn.com\/kf\/Hf74c1ba38e0145f7b46f177cfda71cd3W\/Coolvape-D-nne-st-ck-mod-mechanische-mods-mit-carnage-rda-25mm-durchmesser-messing-material-18650.jpg","width":1000,"height":1000},{"@type":"BreadcrumbList","@id":"https:\/\/www.elementvape.de\/produkt\/coolvape-ultraduennes-mechanisches-modul-18650-batterie-vape\/#breadcrumb","itemListElement":[{"@type":"ListItem","position":1,"name":"Home","item":"https:\/\/www.elementvape.de\/"},{"@type":"ListItem","position":2,"name":"Shop","item":"https:\/\/www.elementvape.de\/shop\/"},{"@type":"ListItem","position":3,"name":"Coolvape ultrad\u00fcnnes mechanisches Modul 18650 Batterie-Vape"}]},{"@type":"WebSite","@id":"https:\/\/www.elementvape.de\/#website","url":"https:\/\/www.elementvape.de\/","name":"ElementVape.de","description":"","publisher":{"@id":"https:\/\/www.elementvape.de\/#organization"},"potentialAction":[{"@type":"SearchAction","target":{"@type":"EntryPoint","urlTemplate":"https:\/\/www.elementvape.de\/?s={search_term_string}"},"query-input":"required name=search_term_string"}],"inLanguage":"en-US"},{"@type":"Organization","@id":"https:\/\/www.elementvape.de\/#organization","name":"ElementVape.DE","url":"https:\/\/www.elementvape.de\/","logo":{"@type":"ImageObject","inLanguage":"en-US","@id":"https:\/\/www.elementvape.de\/#\/schema\/logo\/image\/","url":"https:\/\/www.elementvape.de\/wp-content\/uploads\/2024\/09\/cropped-1elementvape-3.png","contentUrl":"https:\/\/www.elementvape.de\/wp-content\/uploads\/2024\/09\/cropped-1elementvape-3.png","width":285,"height":228,"caption":"ElementVape.DE"},"image":{"@id":"https:\/\/www.elementvape.de\/#\/schema\/logo\/image\/"}}]}},"_links":{"self":[{"href":"https:\/\/www.elementvape.de\/en\/wp-json\/wp\/v2\/product\/8163"}],"collection":[{"href":"https:\/\/www.elementvape.de\/en\/wp-json\/wp\/v2\/product"}],"about":[{"href":"https:\/\/www.elementvape.de\/en\/wp-json\/wp\/v2\/types\/product"}],"wp:featuredmedia":[{"embeddable":true,"href":"https:\/\/www.elementvape.de\/en\/wp-json\/wp\/v2\/media\/8164"}],"wp:attachment":[{"href":"https:\/\/www.elementvape.de\/en\/wp-json\/wp\/v2\/media?parent=8163"}],"wp:term":[{"taxonomy":"product_cat","embeddable":true,"href":"https:\/\/www.elementvape.de\/en\/wp-json\/wp\/v2\/product_cat?post=8163"},{"taxonomy":"product_tag","embeddable":true,"href":"https:\/\/www.elementvape.de\/en\/wp-json\/wp\/v2\/product_tag?post=8163"}],"curies":[{"name":"wp","href":"https:\/\/api.w.org\/{rel}","templated":true}]}}