{"id":7693,"date":"2024-04-20T07:26:16","date_gmt":"2024-04-20T07:26:16","guid":{"rendered":"https:\/\/www.elementvape.de\/?post_type=product&#038;p=7693"},"modified":"2024-09-12T10:32:16","modified_gmt":"2024-09-12T10:32:16","slug":"runty-x-litty-1-ml-leere-geraetehuelle-280-mah-akku-wiederaufladbar","status":"publish","type":"product","link":"https:\/\/www.elementvape.de\/en\/produkt\/runty-x-litty-1-ml-leere-geraetehuelle-280-mah-akku-wiederaufladbar\/","title":{"rendered":"Runty x litty 1 ml Empty Device Case, 280 mAh Battery, Rechargeable"},"content":{"rendered":"<p>&nbsp;<\/p>\n<div class=\"product-specs-list-container\">\n<ul class=\"product-specs-list util-clearfix\">\n<li class=\"product-prop line-limit-length\"><span class=\"property-title\">Appearance:\u00a0<\/span><span class=\"property-desc line-limit-length\">Box Shape<\/span><\/li>\n<li class=\"product-prop line-limit-length\"><span class=\"property-title\">Compatible Battery:\u00a0<\/span><span class=\"property-desc line-limit-length\">14650<\/span><\/li>\n<li class=\"product-prop line-limit-length\"><span class=\"property-title\">Monitoring Function of Smoke Count:\u00a0<\/span><span class=\"property-desc line-limit-length\">No<\/span><\/li>\n<li class=\"product-prop line-limit-length\"><span class=\"property-title\">Silicone Case:\u00a0<\/span><span class=\"property-desc line-limit-length\">No<\/span><\/li>\n<li class=\"product-prop line-limit-length\"><span class=\"property-title\">Temperature Control:\u00a0<\/span><span class=\"property-desc line-limit-length\">No<\/span><\/li>\n<li class=\"product-prop line-limit-length\"><span class=\"property-title\">Built-in or External Battery:\u00a0<\/span><span class=\"property-desc line-limit-length\">Built-in<\/span><\/li>\n<li class=\"product-prop line-limit-length\"><span class=\"property-title\">Short Circuit Protection Function:\u00a0<\/span><span class=\"property-desc line-limit-length\">Ja<\/span><\/li>\n<li class=\"product-prop line-limit-length\"><span class=\"property-title\">Overheating Protection Function:\u00a0<\/span><span class=\"property-desc line-limit-length\">Ja<\/span><\/li>\n<li class=\"product-prop line-limit-length\"><span class=\"property-title\">Low Voltage Alarm Function:\u00a0<\/span><span class=\"property-desc line-limit-length\">No<\/span><\/li>\n<li class=\"product-prop line-limit-length\"><span class=\"property-title\">Atomizer Identification Function:\u00a0<\/span><span class=\"property-desc line-limit-length\">No<\/span><\/li>\n<li class=\"product-prop line-limit-length\"><span class=\"property-title\">TCR Setting Modes:\u00a0<\/span><span class=\"property-desc line-limit-length\">No<\/span><\/li>\n<li class=\"product-prop line-limit-length\"><span class=\"property-title\">Nominal Capacity:\u00a0<\/span><span class=\"property-desc line-limit-length\">&lt;700 mAh<\/span><\/li>\n<li class=\"product-prop line-limit-length\"><span class=\"property-title\">Silicone Case: No\u00a0<\/span><span class=\"property-desc line-limit-length\">Plastic<\/span><\/li>\n<li class=\"product-prop line-limit-length\"><span class=\"property-title\">Temperature Control: No\u00a0<\/span><span class=\"property-desc line-limit-length\">Short Circuit Protection Function: Yes<\/span><\/li>\n<li class=\"product-prop line-limit-length\"><span class=\"property-title\">Model Number:\u00a0<\/span><span class=\"property-desc line-limit-length\">Runty x Litty Disposable vape pen<\/span><\/li>\n<li class=\"product-prop line-limit-length\"><span class=\"property-title\">Usb charger:\u00a0<\/span><span class=\"property-desc line-limit-length\">Ja<\/span><\/li>\n<li class=\"product-prop line-limit-length\"><span class=\"property-title\">Firmware upgrade:\u00a0<\/span><span class=\"property-desc line-limit-length\">No<\/span><\/li>\n<li class=\"product-prop line-limit-length\"><span class=\"property-title\">Overheating Protection Function: Yes\u00a0<\/span><span class=\"property-desc line-limit-length\">No<\/span><\/li>\n<li class=\"product-prop line-limit-length\"><span class=\"property-title\">Type:\u00a0<\/span><span class=\"property-desc line-limit-length\">disposable<\/span><\/li>\n<li class=\"product-prop line-limit-length\"><span class=\"property-title\">Brand name:\u00a0<\/span><span class=\"property-desc line-limit-length\">SUB TWO<\/span><\/li>\n<li class=\"product-prop line-limit-length\"><span class=\"property-title\">Origin:\u00a0<\/span><span class=\"property-desc line-limit-length\">CN (Origin)<\/span><\/li>\n<li class=\"product-prop line-limit-length\"><span class=\"property-title\">Silicone Case: No\u00a0<\/span><span class=\"property-desc line-limit-length\">280mah<\/span><\/li>\n<li class=\"product-prop line-limit-length\"><span class=\"property-title\">pod capacity:\u00a0<\/span><span class=\"property-desc line-limit-length\">1ml<\/span><\/li>\n<\/ul>\n<\/div>\n<div class=\"detailmodule_html\">\n<div class=\"detail-desc-decorate-richtext\">\n<div>\n<div>\n<strong><span id=\"tl_1\" style=\"font-size: 22px;\">Runty x Litty Vape Pen Runtz 1ml Empty Device Cartridges 280mAh Battery Rechargeable Disposable Vape Pen with Plastic Box Kit<\/span><\/strong><span id=\"tl_2\" style=\"font-size: 20px;\">Item description<br \/>\nCapacity 1. pods: 1.0 ml<br \/>\n2. Battery capacity: 280mah<br \/>\n3. Package: colors sent randomly <\/span><\/p>\n<p>Item display<\/p>\n<p style=\"text-align: left; margin: 0;\"><img decoding=\"async\" loading=\"lazy\" src=\"https:\/\/ae01.alicdn.com\/kf\/S391a67cee1b84e8eaa1618953049fa60B.jpg?width=1000&amp;height=1000&amp;hash=2000\" \/><img decoding=\"async\" loading=\"lazy\" src=\"https:\/\/ae01.alicdn.com\/kf\/S6bff5459e9b6463aa9a8e237a3d959bbx.jpg?width=1000&amp;height=1000&amp;hash=2000\" \/><img decoding=\"async\" loading=\"lazy\" src=\"https:\/\/ae01.alicdn.com\/kf\/S59267d62f0a34fd7907d684c0f458acfZ.jpg?width=1000&amp;height=1000&amp;hash=2000\" \/><img decoding=\"async\" loading=\"lazy\" src=\"https:\/\/ae01.alicdn.com\/kf\/Sf609206948e04e6ba49bfcf8d2e5d758W.jpg?width=1000&amp;height=1000&amp;hash=2000\" \/><img decoding=\"async\" loading=\"lazy\" src=\"https:\/\/ae01.alicdn.com\/kf\/S5b53ff885d52481293c386b10abcf865S.jpg?width=1000&amp;height=1000&amp;hash=2000\" \/><img decoding=\"async\" loading=\"lazy\" src=\"https:\/\/ae01.alicdn.com\/kf\/S106d8a28218443f28bbd451299e89b75x.jpg?width=1000&amp;height=1000&amp;hash=2000\" \/><img decoding=\"async\" loading=\"lazy\" src=\"https:\/\/ae01.alicdn.com\/kf\/S559925d88fa44b5e948eccffb94eb590B.jpg?width=1000&amp;height=1000&amp;hash=2000\" \/><img decoding=\"async\" loading=\"lazy\" src=\"https:\/\/ae01.alicdn.com\/kf\/S71c2b75f587d4635abcc156b051d3d09z.jpg?width=1000&amp;height=1000&amp;hash=2000\" \/><img decoding=\"async\" loading=\"lazy\" src=\"https:\/\/ae01.alicdn.com\/kf\/S686a7b2fd60e4b4fad0975fc7c94e2f7h.jpg?width=1000&amp;height=1000&amp;hash=2000\" \/><img decoding=\"async\" loading=\"lazy\" src=\"https:\/\/ae01.alicdn.com\/kf\/S2ae0d5ad7ccd417499645841e2aa772ac.jpg?width=1000&amp;height=1000&amp;hash=2000\" \/><img decoding=\"async\" loading=\"lazy\" src=\"https:\/\/ae01.alicdn.com\/kf\/S782d1b50a6e149eb95336240165ba0f40.jpg?width=1000&amp;height=1000&amp;hash=2000\" \/><img decoding=\"async\" loading=\"lazy\" src=\"https:\/\/ae01.alicdn.com\/kf\/S2f2b2621d54148239247ed016b771f42l.jpg?width=1000&amp;height=1000&amp;hash=2000\" \/><img decoding=\"async\" loading=\"lazy\" src=\"https:\/\/ae01.alicdn.com\/kf\/S3da662de74dd4d42a1880970933fb6a7C.jpg?width=1000&amp;height=1000&amp;hash=2000\" \/><img decoding=\"async\" loading=\"lazy\" src=\"https:\/\/ae01.alicdn.com\/kf\/S4aae4c3895b54360b31177c2b0b481e5p.jpg?width=1000&amp;height=1000&amp;hash=2000\" \/><\/p>\n<\/div>\n<\/div>\n<\/div>\n<\/div>","protected":false},"excerpt":{"rendered":"<p>&nbsp; Aussehen:\u00a0Box Form Kompatibler Akku:\u00a014650 \u00dcberwachung Funktion Von Rauchen Anzahl:\u00a0Nein Silikon Fall:\u00a0Nein Temperaturregelung:\u00a0Nein Eingebaute Oder Externe Batterie:\u00a0Eingebaute Kurzschlussschutz Funktion:\u00a0Ja \u00dcberhitzungsschutz-funktion:\u00a0Ja Niederspannungsalarmfunktion:\u00a0Nein Zerst\u00e4uber Identifikation Funktion:\u00a0Nein TCR Einstellung Modi:\u00a0Nein Nominale Kapazit\u00e4t:\u00a0&lt;700 mAh Material:\u00a0Plastik Compatible Model:\u00a0thick oil Modellnummer:\u00a0Runty x Litty Disposable vape pen Usb-ladeger\u00e4t:\u00a0Ja Firmware-upgrade:\u00a0Nein Display:\u00a0Nein Art:\u00a0disposable Markenname:\u00a0SUB TWO Ursprung:\u00a0CN (Herkunft) battery capacity:\u00a0280mah pod capacity:\u00a01ml Runty x litty [&hellip;]<\/p>","protected":false},"featured_media":7694,"template":"","meta":{"inline_featured_image":false},"product_cat":[78,750,737,736,749,76],"product_tag":[],"tiered_pricing_type":"fixed","tiered_pricing_fixed_rules":[],"tiered_pricing_percentage_rules":[],"tiered_pricing_minimum":1,"_administrator_tiered_pricing_type":"fixed","_administrator_tiered_pricing_fixed_rules":[],"_editor_tiered_pricing_type":"fixed","_editor_tiered_pricing_fixed_rules":[],"_author_tiered_pricing_type":"fixed","_author_tiered_pricing_fixed_rules":[],"_contributor_tiered_pricing_type":"fixed","_contributor_tiered_pricing_fixed_rules":[],"_subscriber_tiered_pricing_type":"fixed","_subscriber_tiered_pricing_fixed_rules":[],"_customer_tiered_pricing_type":"fixed","_customer_tiered_pricing_fixed_rules":[],"_shop_manager_tiered_pricing_type":"fixed","_shop_manager_tiered_pricing_fixed_rules":[],"_wpseo_manager_tiered_pricing_type":"fixed","_wpseo_manager_tiered_pricing_fixed_rules":[],"_wpseo_editor_tiered_pricing_type":"fixed","_wpseo_editor_tiered_pricing_fixed_rules":[],"_wholesale_customer_tiered_pricing_type":"fixed","_wholesale_customer_tiered_pricing_fixed_rules":[],"_marketer_tiered_pricing_type":"fixed","_marketer_tiered_pricing_fixed_rules":[],"_sales_manager_tiered_pricing_type":"fixed","_sales_manager_tiered_pricing_fixed_rules":[],"_sales_rep_tiered_pricing_type":"fixed","_sales_rep_tiered_pricing_fixed_rules":[],"yoast_head":"<!-- This site is optimized with the Yoast SEO plugin v23.3 - https:\/\/yoast.com\/wordpress\/plugins\/seo\/ -->\n<title>Runty x litty 1 ml leere Ger\u00e4teh\u00fclle, 280 mAh Akku, wiederaufladbar | ElementVape.de<\/title>\n<meta name=\"description\" content=\"Wir bieten Runty x litty 1 ml leere Ger\u00e4teh\u00fclle, 280 mAh Akku, wiederaufladbar , Elementvape.de akzeptieren Gro\u00df-und Einzelhandel Bestellungen.\" \/>\n<meta name=\"robots\" content=\"index, follow, max-snippet:-1, max-image-preview:large, max-video-preview:-1\" \/>\n<link rel=\"canonical\" href=\"https:\/\/www.elementvape.de\/en\/produkt\/runty-x-litty-1-ml-leere-geraetehuelle-280-mah-akku-wiederaufladbar\/\" \/>\n<meta property=\"og:locale\" content=\"en_US\" \/>\n<meta property=\"og:type\" content=\"article\" \/>\n<meta property=\"og:title\" content=\"Runty x litty 1 ml leere Ger\u00e4teh\u00fclle, 280 mAh Akku, wiederaufladbar | ElementVape.de\" \/>\n<meta property=\"og:description\" content=\"Wir bieten Runty x litty 1 ml leere Ger\u00e4teh\u00fclle, 280 mAh Akku, wiederaufladbar , Elementvape.de akzeptieren Gro\u00df-und Einzelhandel Bestellungen.\" \/>\n<meta property=\"og:url\" content=\"https:\/\/www.elementvape.de\/en\/produkt\/runty-x-litty-1-ml-leere-geraetehuelle-280-mah-akku-wiederaufladbar\/\" \/>\n<meta property=\"og:site_name\" content=\"ElementVape.de\" \/>\n<meta property=\"article:modified_time\" content=\"2024-09-12T10:32:16+00:00\" \/>\n<meta property=\"og:image\" content=\"https:\/\/ae01.alicdn.com\/kf\/S482aca4095d44df2a44d2944e28d5f6fw\/5-st-cke-Vape-Pen-Runty-x-litty-1ml-leere-Ger-t-Pods-280mAh-Batterie-wiederauf.jpg\" \/>\n\t<meta property=\"og:image:width\" content=\"800\" \/>\n\t<meta property=\"og:image:height\" content=\"800\" \/>\n\t<meta property=\"og:image:type\" content=\"image\/jpeg\" \/>\n<meta name=\"twitter:card\" content=\"summary_large_image\" \/>\n<meta name=\"twitter:label1\" content=\"Est. reading time\" \/>\n\t<meta name=\"twitter:data1\" content=\"4 minutes\" \/>\n<script type=\"application\/ld+json\" class=\"yoast-schema-graph\">{\"@context\":\"https:\/\/schema.org\",\"@graph\":[{\"@type\":\"WebPage\",\"@id\":\"https:\/\/www.elementvape.de\/it\/produkt\/runty-x-litty-1-ml-leere-geraetehuelle-280-mah-akku-wiederaufladbar\/\",\"url\":\"https:\/\/www.elementvape.de\/it\/produkt\/runty-x-litty-1-ml-leere-geraetehuelle-280-mah-akku-wiederaufladbar\/\",\"name\":\"Runty x litty 1 ml leere Ger\u00e4teh\u00fclle, 280 mAh Akku, wiederaufladbar | ElementVape.de\",\"isPartOf\":{\"@id\":\"https:\/\/www.elementvape.de\/#website\"},\"primaryImageOfPage\":{\"@id\":\"https:\/\/www.elementvape.de\/it\/produkt\/runty-x-litty-1-ml-leere-geraetehuelle-280-mah-akku-wiederaufladbar\/#primaryimage\"},\"image\":{\"@id\":\"https:\/\/www.elementvape.de\/it\/produkt\/runty-x-litty-1-ml-leere-geraetehuelle-280-mah-akku-wiederaufladbar\/#primaryimage\"},\"thumbnailUrl\":\"https:\/\/ae01.alicdn.com\/kf\/S482aca4095d44df2a44d2944e28d5f6fw\/5-st-cke-Vape-Pen-Runty-x-litty-1ml-leere-Ger-t-Pods-280mAh-Batterie-wiederauf.jpg\",\"datePublished\":\"2024-04-20T07:26:16+00:00\",\"dateModified\":\"2024-09-12T10:32:16+00:00\",\"description\":\"Wir bieten Runty x litty 1 ml leere Ger\u00e4teh\u00fclle, 280 mAh Akku, wiederaufladbar , Elementvape.de akzeptieren Gro\u00df-und Einzelhandel Bestellungen.\",\"breadcrumb\":{\"@id\":\"https:\/\/www.elementvape.de\/it\/produkt\/runty-x-litty-1-ml-leere-geraetehuelle-280-mah-akku-wiederaufladbar\/#breadcrumb\"},\"inLanguage\":\"en-US\",\"potentialAction\":[{\"@type\":\"ReadAction\",\"target\":[\"https:\/\/www.elementvape.de\/it\/produkt\/runty-x-litty-1-ml-leere-geraetehuelle-280-mah-akku-wiederaufladbar\/\"]}]},{\"@type\":\"ImageObject\",\"inLanguage\":\"en-US\",\"@id\":\"https:\/\/www.elementvape.de\/it\/produkt\/runty-x-litty-1-ml-leere-geraetehuelle-280-mah-akku-wiederaufladbar\/#primaryimage\",\"url\":\"https:\/\/ae01.alicdn.com\/kf\/S482aca4095d44df2a44d2944e28d5f6fw\/5-st-cke-Vape-Pen-Runty-x-litty-1ml-leere-Ger-t-Pods-280mAh-Batterie-wiederauf.jpg\",\"contentUrl\":\"https:\/\/ae01.alicdn.com\/kf\/S482aca4095d44df2a44d2944e28d5f6fw\/5-st-cke-Vape-Pen-Runty-x-litty-1ml-leere-Ger-t-Pods-280mAh-Batterie-wiederauf.jpg\",\"width\":800,\"height\":800},{\"@type\":\"BreadcrumbList\",\"@id\":\"https:\/\/www.elementvape.de\/it\/produkt\/runty-x-litty-1-ml-leere-geraetehuelle-280-mah-akku-wiederaufladbar\/#breadcrumb\",\"itemListElement\":[{\"@type\":\"ListItem\",\"position\":1,\"name\":\"Home\",\"item\":\"https:\/\/www.elementvape.de\/\"},{\"@type\":\"ListItem\",\"position\":2,\"name\":\"Shop\",\"item\":\"https:\/\/www.elementvape.de\/shop\/\"},{\"@type\":\"ListItem\",\"position\":3,\"name\":\"Runty x litty 1 ml leere Ger\u00e4teh\u00fclle, 280 mAh Akku, wiederaufladbar\"}]},{\"@type\":\"WebSite\",\"@id\":\"https:\/\/www.elementvape.de\/#website\",\"url\":\"https:\/\/www.elementvape.de\/\",\"name\":\"ElementVape.de\",\"description\":\"\",\"publisher\":{\"@id\":\"https:\/\/www.elementvape.de\/#organization\"},\"potentialAction\":[{\"@type\":\"SearchAction\",\"target\":{\"@type\":\"EntryPoint\",\"urlTemplate\":\"https:\/\/www.elementvape.de\/?s={search_term_string}\"},\"query-input\":\"required name=search_term_string\"}],\"inLanguage\":\"en-US\"},{\"@type\":\"Organization\",\"@id\":\"https:\/\/www.elementvape.de\/#organization\",\"name\":\"ElementVape.DE\",\"url\":\"https:\/\/www.elementvape.de\/\",\"logo\":{\"@type\":\"ImageObject\",\"inLanguage\":\"en-US\",\"@id\":\"https:\/\/www.elementvape.de\/#\/schema\/logo\/image\/\",\"url\":\"https:\/\/www.elementvape.de\/wp-content\/uploads\/2024\/09\/cropped-1elementvape-3.png\",\"contentUrl\":\"https:\/\/www.elementvape.de\/wp-content\/uploads\/2024\/09\/cropped-1elementvape-3.png\",\"width\":285,\"height\":228,\"caption\":\"ElementVape.DE\"},\"image\":{\"@id\":\"https:\/\/www.elementvape.de\/#\/schema\/logo\/image\/\"}}]}<\/script>\n<!-- \/ Yoast SEO plugin. -->","yoast_head_json":{"title":"Runty x litty 1 ml leere Ger\u00e4teh\u00fclle, 280 mAh Akku, wiederaufladbar | ElementVape.de","description":"Wir bieten Runty x litty 1 ml leere Ger\u00e4teh\u00fclle, 280 mAh Akku, wiederaufladbar , Elementvape.de akzeptieren Gro\u00df-und Einzelhandel Bestellungen.","robots":{"index":"index","follow":"follow","max-snippet":"max-snippet:-1","max-image-preview":"max-image-preview:large","max-video-preview":"max-video-preview:-1"},"canonical":"https:\/\/www.elementvape.de\/en\/produkt\/runty-x-litty-1-ml-leere-geraetehuelle-280-mah-akku-wiederaufladbar\/","og_locale":"en_US","og_type":"article","og_title":"Runty x litty 1 ml leere Ger\u00e4teh\u00fclle, 280 mAh Akku, wiederaufladbar | ElementVape.de","og_description":"Wir bieten Runty x litty 1 ml leere Ger\u00e4teh\u00fclle, 280 mAh Akku, wiederaufladbar , Elementvape.de akzeptieren Gro\u00df-und Einzelhandel Bestellungen.","og_url":"https:\/\/www.elementvape.de\/en\/produkt\/runty-x-litty-1-ml-leere-geraetehuelle-280-mah-akku-wiederaufladbar\/","og_site_name":"ElementVape.de","article_modified_time":"2024-09-12T10:32:16+00:00","og_image":[{"width":800,"height":800,"url":"https:\/\/ae01.alicdn.com\/kf\/S482aca4095d44df2a44d2944e28d5f6fw\/5-st-cke-Vape-Pen-Runty-x-litty-1ml-leere-Ger-t-Pods-280mAh-Batterie-wiederauf.jpg","type":"image\/jpeg"}],"twitter_card":"summary_large_image","twitter_misc":{"Est. reading time":"4 minutes"},"schema":{"@context":"https:\/\/schema.org","@graph":[{"@type":"WebPage","@id":"https:\/\/www.elementvape.de\/it\/produkt\/runty-x-litty-1-ml-leere-geraetehuelle-280-mah-akku-wiederaufladbar\/","url":"https:\/\/www.elementvape.de\/it\/produkt\/runty-x-litty-1-ml-leere-geraetehuelle-280-mah-akku-wiederaufladbar\/","name":"Runty x litty 1 ml leere Ger\u00e4teh\u00fclle, 280 mAh Akku, wiederaufladbar | ElementVape.de","isPartOf":{"@id":"https:\/\/www.elementvape.de\/#website"},"primaryImageOfPage":{"@id":"https:\/\/www.elementvape.de\/it\/produkt\/runty-x-litty-1-ml-leere-geraetehuelle-280-mah-akku-wiederaufladbar\/#primaryimage"},"image":{"@id":"https:\/\/www.elementvape.de\/it\/produkt\/runty-x-litty-1-ml-leere-geraetehuelle-280-mah-akku-wiederaufladbar\/#primaryimage"},"thumbnailUrl":"https:\/\/ae01.alicdn.com\/kf\/S482aca4095d44df2a44d2944e28d5f6fw\/5-st-cke-Vape-Pen-Runty-x-litty-1ml-leere-Ger-t-Pods-280mAh-Batterie-wiederauf.jpg","datePublished":"2024-04-20T07:26:16+00:00","dateModified":"2024-09-12T10:32:16+00:00","description":"Wir bieten Runty x litty 1 ml leere Ger\u00e4teh\u00fclle, 280 mAh Akku, wiederaufladbar , Elementvape.de akzeptieren Gro\u00df-und Einzelhandel Bestellungen.","breadcrumb":{"@id":"https:\/\/www.elementvape.de\/it\/produkt\/runty-x-litty-1-ml-leere-geraetehuelle-280-mah-akku-wiederaufladbar\/#breadcrumb"},"inLanguage":"en-US","potentialAction":[{"@type":"ReadAction","target":["https:\/\/www.elementvape.de\/it\/produkt\/runty-x-litty-1-ml-leere-geraetehuelle-280-mah-akku-wiederaufladbar\/"]}]},{"@type":"ImageObject","inLanguage":"en-US","@id":"https:\/\/www.elementvape.de\/it\/produkt\/runty-x-litty-1-ml-leere-geraetehuelle-280-mah-akku-wiederaufladbar\/#primaryimage","url":"https:\/\/ae01.alicdn.com\/kf\/S482aca4095d44df2a44d2944e28d5f6fw\/5-st-cke-Vape-Pen-Runty-x-litty-1ml-leere-Ger-t-Pods-280mAh-Batterie-wiederauf.jpg","contentUrl":"https:\/\/ae01.alicdn.com\/kf\/S482aca4095d44df2a44d2944e28d5f6fw\/5-st-cke-Vape-Pen-Runty-x-litty-1ml-leere-Ger-t-Pods-280mAh-Batterie-wiederauf.jpg","width":800,"height":800},{"@type":"BreadcrumbList","@id":"https:\/\/www.elementvape.de\/it\/produkt\/runty-x-litty-1-ml-leere-geraetehuelle-280-mah-akku-wiederaufladbar\/#breadcrumb","itemListElement":[{"@type":"ListItem","position":1,"name":"Home","item":"https:\/\/www.elementvape.de\/"},{"@type":"ListItem","position":2,"name":"Shop","item":"https:\/\/www.elementvape.de\/shop\/"},{"@type":"ListItem","position":3,"name":"Runty x litty 1 ml leere Ger\u00e4teh\u00fclle, 280 mAh Akku, wiederaufladbar"}]},{"@type":"WebSite","@id":"https:\/\/www.elementvape.de\/#website","url":"https:\/\/www.elementvape.de\/","name":"ElementVape.de","description":"","publisher":{"@id":"https:\/\/www.elementvape.de\/#organization"},"potentialAction":[{"@type":"SearchAction","target":{"@type":"EntryPoint","urlTemplate":"https:\/\/www.elementvape.de\/?s={search_term_string}"},"query-input":"required name=search_term_string"}],"inLanguage":"en-US"},{"@type":"Organization","@id":"https:\/\/www.elementvape.de\/#organization","name":"ElementVape.DE","url":"https:\/\/www.elementvape.de\/","logo":{"@type":"ImageObject","inLanguage":"en-US","@id":"https:\/\/www.elementvape.de\/#\/schema\/logo\/image\/","url":"https:\/\/www.elementvape.de\/wp-content\/uploads\/2024\/09\/cropped-1elementvape-3.png","contentUrl":"https:\/\/www.elementvape.de\/wp-content\/uploads\/2024\/09\/cropped-1elementvape-3.png","width":285,"height":228,"caption":"ElementVape.DE"},"image":{"@id":"https:\/\/www.elementvape.de\/#\/schema\/logo\/image\/"}}]}},"_links":{"self":[{"href":"https:\/\/www.elementvape.de\/en\/wp-json\/wp\/v2\/product\/7693"}],"collection":[{"href":"https:\/\/www.elementvape.de\/en\/wp-json\/wp\/v2\/product"}],"about":[{"href":"https:\/\/www.elementvape.de\/en\/wp-json\/wp\/v2\/types\/product"}],"wp:featuredmedia":[{"embeddable":true,"href":"https:\/\/www.elementvape.de\/en\/wp-json\/wp\/v2\/media\/7694"}],"wp:attachment":[{"href":"https:\/\/www.elementvape.de\/en\/wp-json\/wp\/v2\/media?parent=7693"}],"wp:term":[{"taxonomy":"product_cat","embeddable":true,"href":"https:\/\/www.elementvape.de\/en\/wp-json\/wp\/v2\/product_cat?post=7693"},{"taxonomy":"product_tag","embeddable":true,"href":"https:\/\/www.elementvape.de\/en\/wp-json\/wp\/v2\/product_tag?post=7693"}],"curies":[{"name":"wp","href":"https:\/\/api.w.org\/{rel}","templated":true}]}}