{"id":14014,"date":"2024-08-26T07:38:05","date_gmt":"2024-08-26T07:38:05","guid":{"rendered":"https:\/\/www.elementvape.de\/?post_type=product&#038;p=14014"},"modified":"2024-10-15T03:40:46","modified_gmt":"2024-10-15T03:40:46","slug":"hochwertige-zollfreie-e-zigarette-grape-ice-kuehle-traube-fuer-ein-unvergleichliches-dampferlebnis-waspe-20000-puffs-dual-mesh","status":"publish","type":"product","link":"https:\/\/www.elementvape.de\/en\/produkt\/hochwertige-zollfreie-e-zigarette-grape-ice-kuehle-traube-fuer-ein-unvergleichliches-dampferlebnis-waspe-20000-puffs-dual-mesh\/","title":{"rendered":"High-quality duty-free E-Cigarette GRAPE ICE Cool Grape for an unparalleled vaping experience WASPE 20000 PUFFS Dual Mesh"},"content":{"rendered":"<div class=\"flex-shrink-0 flex flex-col relative items-end\">\n<div>\n<div class=\"pt-0\">\n<div class=\"gizmo-bot-avatar flex h-8 w-8 items-center justify-center overflow-hidden rounded-full\">\n<div class=\"relative p-1 rounded-sm flex items-center justify-center bg-token-main-surface-primary text-token-text-primary h-8 w-8\"><\/div>\n<\/div>\n<\/div>\n<\/div>\n<\/div>\n<div class=\"group\/conversation-turn relative flex w-full min-w-0 flex-col agent-turn\">\n<div class=\"flex-col gap-1 md:gap-3\">\n<div class=\"flex max-w-full flex-col flex-grow\">\n<div class=\"min-h-[20px] text-message flex w-full flex-col items-end gap-2 break-words [.text-message+&amp;]:mt-5 overflow-x-auto whitespace-normal\" dir=\"auto\" data-message-author-role=\"assistant\" data-message-id=\"f37b28fe-9386-4ba4-a18f-36b3f8dba9e3\">\n<div class=\"flex w-full flex-col gap-1 empty:hidden first:pt-[3px]\">\n<div class=\"markdown prose w-full break-words dark:prose-invert light\">\n<h3><strong>High-quality duty-free E-cigarette GRAPE ICE \u2013 Cool Grape for an unparalleled vaping experience<\/strong><\/h3>\n<p>Experience the ultimate vaping experience with the duty-free <strong><a href=\"https:\/\/www.elementvape.de\/en\/\" target=\"_blank\" rel=\"noopener\">E-cigarette<\/a><\/strong> GRAPE ICE from WASPE. This premium model combines the intense flavor of ripe grapes with a refreshing cooling effect that invigorates your senses and offers you an incomparable freshness. Each puff provides the perfect balance between the sweet juiciness of grapes and a cool, icy finish that gives you a refreshing feeling. The carefully balanced aroma ensures a refined taste that you can enjoy with every puff.<\/p>\n<p>The Dual-Mesh technology of this E-cigarette ensures that the flavor of the GRAPE ICE liquid is optimally showcased. With a resistance of only 0.8 \u03a9, the Dual-Mesh coil produces dense and flavor-rich vapor clouds that evenly release the fruity grape flavor and the refreshing coolness. Thanks to the generous liquid capacity of 24 ml, you can enjoy the delicious taste for a long time without needing to refill frequently.<\/p>\n<h3><strong>Modern technology for maximum comfort<\/strong><\/h3>\n<p>The GRAPE ICE E-cigarette offers not only outstanding flavor but also advanced technology and user-friendliness. The integrated LCD display shows all important information at a glance, including the current nicotine level. Choose from four nicotine levels \u2013 2 % or 5 % \u2013 to customize your vaping experience according to your preferences.<\/p>\n<p>The powerful 900 mAh battery guarantees reliable and long-lasting use, while the Type-C port allows for quick and easy charging. The compact design of the E-cigarette, measuring 35 x 56 x 120 mm and weighing only 110 g, makes it particularly handy and ideal for daily use and on the go.<\/p>\n<h3><strong>Practical packaging and high-quality craftsmanship<\/strong><\/h3>\n<p>The GRAPE ICE E-cigarette is delivered in practical display boxes of 10 pieces each, which are excellent for retail. This packaging ensures an attractive presentation of the product and facilitates storage and sales. The elegant design and first-class craftsmanship make this E-cigarette an excellent choice for all vapers seeking a luxurious and refreshing vaping experience.<\/p>\n<\/div>\n<\/div>\n<\/div>\n<\/div>\n<\/div>\n<\/div>","protected":false},"excerpt":{"rendered":"<p>Hochwertige zollfreie E-Zigarette GRAPE ICE \u2013 K\u00fchle Traube f\u00fcr ein unvergleichliches Dampferlebnis Erleben Sie das ultimative Dampferlebnis mit der zollfreien E-Zigarette GRAPE ICE von WASPE. Dieses Premium-Modell kombiniert den intensiven Geschmack reifer Trauben mit einem erfrischenden K\u00fchleffekt, der Ihre Sinne belebt und Ihnen eine unvergleichliche Frische bietet. Jeder Zug liefert die perfekte Balance zwischen der [&hellip;]<\/p>","protected":false},"featured_media":14015,"template":"","meta":{"inline_featured_image":false},"product_cat":[15,78,735,746,741,733,744,755,738,751,724],"product_tag":[710,725],"tiered_pricing_type":"fixed","tiered_pricing_fixed_rules":{"110":"8.20","200":"7.29","500":"6.38"},"tiered_pricing_percentage_rules":[],"tiered_pricing_minimum":1,"_administrator_tiered_pricing_type":"fixed","_administrator_tiered_pricing_fixed_rules":[],"_editor_tiered_pricing_type":"fixed","_editor_tiered_pricing_fixed_rules":[],"_author_tiered_pricing_type":"fixed","_author_tiered_pricing_fixed_rules":[],"_contributor_tiered_pricing_type":"fixed","_contributor_tiered_pricing_fixed_rules":[],"_subscriber_tiered_pricing_type":"fixed","_subscriber_tiered_pricing_fixed_rules":[],"_customer_tiered_pricing_type":"fixed","_customer_tiered_pricing_fixed_rules":[],"_shop_manager_tiered_pricing_type":"fixed","_shop_manager_tiered_pricing_fixed_rules":[],"_wpseo_manager_tiered_pricing_type":"fixed","_wpseo_manager_tiered_pricing_fixed_rules":[],"_wpseo_editor_tiered_pricing_type":"fixed","_wpseo_editor_tiered_pricing_fixed_rules":[],"_wholesale_customer_tiered_pricing_type":"fixed","_wholesale_customer_tiered_pricing_fixed_rules":[],"_marketer_tiered_pricing_type":"fixed","_marketer_tiered_pricing_fixed_rules":[],"_sales_manager_tiered_pricing_type":"fixed","_sales_manager_tiered_pricing_fixed_rules":[],"_sales_rep_tiered_pricing_type":"fixed","_sales_rep_tiered_pricing_fixed_rules":[],"yoast_head":"<!-- This site is optimized with the Yoast SEO plugin v23.3 - https:\/\/yoast.com\/wordpress\/plugins\/seo\/ -->\n<title>Hochwertige zollfreie E-Zigarette GRAPE ICE K\u00fchle Traube f\u00fcr ein unvergleichliches Dampferlebnis WASPE 20000 PUFFS Dual Mesh | ElementVape.de<\/title>\n<meta name=\"description\" content=\"Wir bieten Hochwertige zollfreie E-Zigarette GRAPE ICE K\u00fchle Traube f\u00fcr ein unvergleichliches Dampferlebnis WASPE 20000 PUFFS Dual Mesh , Elementvape.de akzeptieren Gro\u00df-und Einzelhandel Bestellungen.\" \/>\n<meta name=\"robots\" content=\"index, follow, max-snippet:-1, max-image-preview:large, max-video-preview:-1\" \/>\n<link rel=\"canonical\" href=\"https:\/\/www.elementvape.de\/en\/produkt\/hochwertige-zollfreie-e-zigarette-grape-ice-kuehle-traube-fuer-ein-unvergleichliches-dampferlebnis-waspe-20000-puffs-dual-mesh\/\" \/>\n<meta property=\"og:locale\" content=\"en_US\" \/>\n<meta property=\"og:type\" content=\"article\" \/>\n<meta property=\"og:title\" content=\"Hochwertige zollfreie E-Zigarette GRAPE ICE K\u00fchle Traube f\u00fcr ein unvergleichliches Dampferlebnis WASPE 20000 PUFFS Dual Mesh | ElementVape.de\" \/>\n<meta property=\"og:description\" content=\"Wir bieten Hochwertige zollfreie E-Zigarette GRAPE ICE K\u00fchle Traube f\u00fcr ein unvergleichliches Dampferlebnis WASPE 20000 PUFFS Dual Mesh , Elementvape.de akzeptieren Gro\u00df-und Einzelhandel Bestellungen.\" \/>\n<meta property=\"og:url\" content=\"https:\/\/www.elementvape.de\/en\/produkt\/hochwertige-zollfreie-e-zigarette-grape-ice-kuehle-traube-fuer-ein-unvergleichliches-dampferlebnis-waspe-20000-puffs-dual-mesh\/\" \/>\n<meta property=\"og:site_name\" content=\"ElementVape.de\" \/>\n<meta property=\"article:modified_time\" content=\"2024-10-15T03:40:46+00:00\" \/>\n<meta property=\"og:image\" content=\"https:\/\/www.elementvape.de\/wp-content\/uploads\/2024\/08\/GRAPE-ICE-2-1024x768.jpg\" \/>\n\t<meta property=\"og:image:width\" content=\"1024\" \/>\n\t<meta property=\"og:image:height\" content=\"768\" \/>\n\t<meta property=\"og:image:type\" content=\"image\/jpeg\" \/>\n<meta name=\"twitter:card\" content=\"summary_large_image\" \/>\n<meta name=\"twitter:label1\" content=\"Est. reading time\" \/>\n\t<meta name=\"twitter:data1\" content=\"3 minutes\" \/>\n<script type=\"application\/ld+json\" class=\"yoast-schema-graph\">{\"@context\":\"https:\/\/schema.org\",\"@graph\":[{\"@type\":\"WebPage\",\"@id\":\"https:\/\/www.elementvape.de\/produkt\/hochwertige-zollfreie-e-zigarette-grape-ice-kuehle-traube-fuer-ein-unvergleichliches-dampferlebnis-waspe-20000-puffs-dual-mesh\/\",\"url\":\"https:\/\/www.elementvape.de\/produkt\/hochwertige-zollfreie-e-zigarette-grape-ice-kuehle-traube-fuer-ein-unvergleichliches-dampferlebnis-waspe-20000-puffs-dual-mesh\/\",\"name\":\"Hochwertige zollfreie E-Zigarette GRAPE ICE K\u00fchle Traube f\u00fcr ein unvergleichliches Dampferlebnis WASPE 20000 PUFFS Dual Mesh | ElementVape.de\",\"isPartOf\":{\"@id\":\"https:\/\/www.elementvape.de\/#website\"},\"primaryImageOfPage\":{\"@id\":\"https:\/\/www.elementvape.de\/produkt\/hochwertige-zollfreie-e-zigarette-grape-ice-kuehle-traube-fuer-ein-unvergleichliches-dampferlebnis-waspe-20000-puffs-dual-mesh\/#primaryimage\"},\"image\":{\"@id\":\"https:\/\/www.elementvape.de\/produkt\/hochwertige-zollfreie-e-zigarette-grape-ice-kuehle-traube-fuer-ein-unvergleichliches-dampferlebnis-waspe-20000-puffs-dual-mesh\/#primaryimage\"},\"thumbnailUrl\":\"https:\/\/www.elementvape.de\/wp-content\/uploads\/2024\/08\/GRAPE-ICE-2.jpg\",\"datePublished\":\"2024-08-26T07:38:05+00:00\",\"dateModified\":\"2024-10-15T03:40:46+00:00\",\"description\":\"Wir bieten Hochwertige zollfreie E-Zigarette GRAPE ICE K\u00fchle Traube f\u00fcr ein unvergleichliches Dampferlebnis WASPE 20000 PUFFS Dual Mesh , Elementvape.de akzeptieren Gro\u00df-und Einzelhandel Bestellungen.\",\"breadcrumb\":{\"@id\":\"https:\/\/www.elementvape.de\/produkt\/hochwertige-zollfreie-e-zigarette-grape-ice-kuehle-traube-fuer-ein-unvergleichliches-dampferlebnis-waspe-20000-puffs-dual-mesh\/#breadcrumb\"},\"inLanguage\":\"en-US\",\"potentialAction\":[{\"@type\":\"ReadAction\",\"target\":[\"https:\/\/www.elementvape.de\/produkt\/hochwertige-zollfreie-e-zigarette-grape-ice-kuehle-traube-fuer-ein-unvergleichliches-dampferlebnis-waspe-20000-puffs-dual-mesh\/\"]}]},{\"@type\":\"ImageObject\",\"inLanguage\":\"en-US\",\"@id\":\"https:\/\/www.elementvape.de\/produkt\/hochwertige-zollfreie-e-zigarette-grape-ice-kuehle-traube-fuer-ein-unvergleichliches-dampferlebnis-waspe-20000-puffs-dual-mesh\/#primaryimage\",\"url\":\"https:\/\/www.elementvape.de\/wp-content\/uploads\/2024\/08\/GRAPE-ICE-2.jpg\",\"contentUrl\":\"https:\/\/www.elementvape.de\/wp-content\/uploads\/2024\/08\/GRAPE-ICE-2.jpg\",\"width\":2500,\"height\":1875,\"caption\":\"GRAPE ICE\"},{\"@type\":\"BreadcrumbList\",\"@id\":\"https:\/\/www.elementvape.de\/produkt\/hochwertige-zollfreie-e-zigarette-grape-ice-kuehle-traube-fuer-ein-unvergleichliches-dampferlebnis-waspe-20000-puffs-dual-mesh\/#breadcrumb\",\"itemListElement\":[{\"@type\":\"ListItem\",\"position\":1,\"name\":\"Home\",\"item\":\"https:\/\/www.elementvape.de\/\"},{\"@type\":\"ListItem\",\"position\":2,\"name\":\"Shop\",\"item\":\"https:\/\/www.elementvape.de\/shop\/\"},{\"@type\":\"ListItem\",\"position\":3,\"name\":\"Hochwertige zollfreie E-Zigarette GRAPE ICE K\u00fchle Traube f\u00fcr ein unvergleichliches Dampferlebnis WASPE 20000 PUFFS Dual Mesh\"}]},{\"@type\":\"WebSite\",\"@id\":\"https:\/\/www.elementvape.de\/#website\",\"url\":\"https:\/\/www.elementvape.de\/\",\"name\":\"ElementVape.de\",\"description\":\"\",\"publisher\":{\"@id\":\"https:\/\/www.elementvape.de\/#organization\"},\"potentialAction\":[{\"@type\":\"SearchAction\",\"target\":{\"@type\":\"EntryPoint\",\"urlTemplate\":\"https:\/\/www.elementvape.de\/?s={search_term_string}\"},\"query-input\":\"required name=search_term_string\"}],\"inLanguage\":\"en-US\"},{\"@type\":\"Organization\",\"@id\":\"https:\/\/www.elementvape.de\/#organization\",\"name\":\"ElementVape.DE\",\"url\":\"https:\/\/www.elementvape.de\/\",\"logo\":{\"@type\":\"ImageObject\",\"inLanguage\":\"en-US\",\"@id\":\"https:\/\/www.elementvape.de\/#\/schema\/logo\/image\/\",\"url\":\"https:\/\/www.elementvape.de\/wp-content\/uploads\/2024\/09\/cropped-1elementvape-3.png\",\"contentUrl\":\"https:\/\/www.elementvape.de\/wp-content\/uploads\/2024\/09\/cropped-1elementvape-3.png\",\"width\":285,\"height\":228,\"caption\":\"ElementVape.DE\"},\"image\":{\"@id\":\"https:\/\/www.elementvape.de\/#\/schema\/logo\/image\/\"}}]}<\/script>\n<!-- \/ Yoast SEO plugin. -->","yoast_head_json":{"title":"Hochwertige zollfreie E-Zigarette GRAPE ICE K\u00fchle Traube f\u00fcr ein unvergleichliches Dampferlebnis WASPE 20000 PUFFS Dual Mesh | ElementVape.de","description":"Wir bieten Hochwertige zollfreie E-Zigarette GRAPE ICE K\u00fchle Traube f\u00fcr ein unvergleichliches Dampferlebnis WASPE 20000 PUFFS Dual Mesh , Elementvape.de akzeptieren Gro\u00df-und Einzelhandel Bestellungen.","robots":{"index":"index","follow":"follow","max-snippet":"max-snippet:-1","max-image-preview":"max-image-preview:large","max-video-preview":"max-video-preview:-1"},"canonical":"https:\/\/www.elementvape.de\/en\/produkt\/hochwertige-zollfreie-e-zigarette-grape-ice-kuehle-traube-fuer-ein-unvergleichliches-dampferlebnis-waspe-20000-puffs-dual-mesh\/","og_locale":"en_US","og_type":"article","og_title":"Hochwertige zollfreie E-Zigarette GRAPE ICE K\u00fchle Traube f\u00fcr ein unvergleichliches Dampferlebnis WASPE 20000 PUFFS Dual Mesh | ElementVape.de","og_description":"Wir bieten Hochwertige zollfreie E-Zigarette GRAPE ICE K\u00fchle Traube f\u00fcr ein unvergleichliches Dampferlebnis WASPE 20000 PUFFS Dual Mesh , Elementvape.de akzeptieren Gro\u00df-und Einzelhandel Bestellungen.","og_url":"https:\/\/www.elementvape.de\/en\/produkt\/hochwertige-zollfreie-e-zigarette-grape-ice-kuehle-traube-fuer-ein-unvergleichliches-dampferlebnis-waspe-20000-puffs-dual-mesh\/","og_site_name":"ElementVape.de","article_modified_time":"2024-10-15T03:40:46+00:00","og_image":[{"width":1024,"height":768,"url":"https:\/\/www.elementvape.de\/wp-content\/uploads\/2024\/08\/GRAPE-ICE-2-1024x768.jpg","type":"image\/jpeg"}],"twitter_card":"summary_large_image","twitter_misc":{"Est. reading time":"3 minutes"},"schema":{"@context":"https:\/\/schema.org","@graph":[{"@type":"WebPage","@id":"https:\/\/www.elementvape.de\/produkt\/hochwertige-zollfreie-e-zigarette-grape-ice-kuehle-traube-fuer-ein-unvergleichliches-dampferlebnis-waspe-20000-puffs-dual-mesh\/","url":"https:\/\/www.elementvape.de\/produkt\/hochwertige-zollfreie-e-zigarette-grape-ice-kuehle-traube-fuer-ein-unvergleichliches-dampferlebnis-waspe-20000-puffs-dual-mesh\/","name":"Hochwertige zollfreie E-Zigarette GRAPE ICE K\u00fchle Traube f\u00fcr ein unvergleichliches Dampferlebnis WASPE 20000 PUFFS Dual Mesh | ElementVape.de","isPartOf":{"@id":"https:\/\/www.elementvape.de\/#website"},"primaryImageOfPage":{"@id":"https:\/\/www.elementvape.de\/produkt\/hochwertige-zollfreie-e-zigarette-grape-ice-kuehle-traube-fuer-ein-unvergleichliches-dampferlebnis-waspe-20000-puffs-dual-mesh\/#primaryimage"},"image":{"@id":"https:\/\/www.elementvape.de\/produkt\/hochwertige-zollfreie-e-zigarette-grape-ice-kuehle-traube-fuer-ein-unvergleichliches-dampferlebnis-waspe-20000-puffs-dual-mesh\/#primaryimage"},"thumbnailUrl":"https:\/\/www.elementvape.de\/wp-content\/uploads\/2024\/08\/GRAPE-ICE-2.jpg","datePublished":"2024-08-26T07:38:05+00:00","dateModified":"2024-10-15T03:40:46+00:00","description":"Wir bieten Hochwertige zollfreie E-Zigarette GRAPE ICE K\u00fchle Traube f\u00fcr ein unvergleichliches Dampferlebnis WASPE 20000 PUFFS Dual Mesh , Elementvape.de akzeptieren Gro\u00df-und Einzelhandel Bestellungen.","breadcrumb":{"@id":"https:\/\/www.elementvape.de\/produkt\/hochwertige-zollfreie-e-zigarette-grape-ice-kuehle-traube-fuer-ein-unvergleichliches-dampferlebnis-waspe-20000-puffs-dual-mesh\/#breadcrumb"},"inLanguage":"en-US","potentialAction":[{"@type":"ReadAction","target":["https:\/\/www.elementvape.de\/produkt\/hochwertige-zollfreie-e-zigarette-grape-ice-kuehle-traube-fuer-ein-unvergleichliches-dampferlebnis-waspe-20000-puffs-dual-mesh\/"]}]},{"@type":"ImageObject","inLanguage":"en-US","@id":"https:\/\/www.elementvape.de\/produkt\/hochwertige-zollfreie-e-zigarette-grape-ice-kuehle-traube-fuer-ein-unvergleichliches-dampferlebnis-waspe-20000-puffs-dual-mesh\/#primaryimage","url":"https:\/\/www.elementvape.de\/wp-content\/uploads\/2024\/08\/GRAPE-ICE-2.jpg","contentUrl":"https:\/\/www.elementvape.de\/wp-content\/uploads\/2024\/08\/GRAPE-ICE-2.jpg","width":2500,"height":1875,"caption":"GRAPE ICE"},{"@type":"BreadcrumbList","@id":"https:\/\/www.elementvape.de\/produkt\/hochwertige-zollfreie-e-zigarette-grape-ice-kuehle-traube-fuer-ein-unvergleichliches-dampferlebnis-waspe-20000-puffs-dual-mesh\/#breadcrumb","itemListElement":[{"@type":"ListItem","position":1,"name":"Home","item":"https:\/\/www.elementvape.de\/"},{"@type":"ListItem","position":2,"name":"Shop","item":"https:\/\/www.elementvape.de\/shop\/"},{"@type":"ListItem","position":3,"name":"Hochwertige zollfreie E-Zigarette GRAPE ICE K\u00fchle Traube f\u00fcr ein unvergleichliches Dampferlebnis WASPE 20000 PUFFS Dual Mesh"}]},{"@type":"WebSite","@id":"https:\/\/www.elementvape.de\/#website","url":"https:\/\/www.elementvape.de\/","name":"ElementVape.de","description":"","publisher":{"@id":"https:\/\/www.elementvape.de\/#organization"},"potentialAction":[{"@type":"SearchAction","target":{"@type":"EntryPoint","urlTemplate":"https:\/\/www.elementvape.de\/?s={search_term_string}"},"query-input":"required name=search_term_string"}],"inLanguage":"en-US"},{"@type":"Organization","@id":"https:\/\/www.elementvape.de\/#organization","name":"ElementVape.DE","url":"https:\/\/www.elementvape.de\/","logo":{"@type":"ImageObject","inLanguage":"en-US","@id":"https:\/\/www.elementvape.de\/#\/schema\/logo\/image\/","url":"https:\/\/www.elementvape.de\/wp-content\/uploads\/2024\/09\/cropped-1elementvape-3.png","contentUrl":"https:\/\/www.elementvape.de\/wp-content\/uploads\/2024\/09\/cropped-1elementvape-3.png","width":285,"height":228,"caption":"ElementVape.DE"},"image":{"@id":"https:\/\/www.elementvape.de\/#\/schema\/logo\/image\/"}}]}},"_links":{"self":[{"href":"https:\/\/www.elementvape.de\/en\/wp-json\/wp\/v2\/product\/14014"}],"collection":[{"href":"https:\/\/www.elementvape.de\/en\/wp-json\/wp\/v2\/product"}],"about":[{"href":"https:\/\/www.elementvape.de\/en\/wp-json\/wp\/v2\/types\/product"}],"wp:featuredmedia":[{"embeddable":true,"href":"https:\/\/www.elementvape.de\/en\/wp-json\/wp\/v2\/media\/14015"}],"wp:attachment":[{"href":"https:\/\/www.elementvape.de\/en\/wp-json\/wp\/v2\/media?parent=14014"}],"wp:term":[{"taxonomy":"product_cat","embeddable":true,"href":"https:\/\/www.elementvape.de\/en\/wp-json\/wp\/v2\/product_cat?post=14014"},{"taxonomy":"product_tag","embeddable":true,"href":"https:\/\/www.elementvape.de\/en\/wp-json\/wp\/v2\/product_tag?post=14014"}],"curies":[{"name":"wp","href":"https:\/\/api.w.org\/{rel}","templated":true}]}}